{"id":221430,"date":"2020-07-01T12:11:26","date_gmt":"2020-07-01T10:11:26","guid":{"rendered":"https:\/\/raspberrypi.dk\/produkt\/officiel-raspberry-pi-naeppaeimistoe\/"},"modified":"2026-04-05T14:47:02","modified_gmt":"2026-04-05T12:47:02","slug":"officiel-raspberry-pi-naeppaeimistoe","status":"publish","type":"product","link":"https:\/\/raspberrypi.dk\/fi\/tuote\/officiel-raspberry-pi-naeppaeimistoe\/","title":{"rendered":"Official Raspberry Pi N\u00e4pp\u00e4imist\u00f6"},"content":{"rendered":"<p><strong>Tekniset tiedot<\/strong><\/p>\n<p>Virallinen Raspberry Pi -n\u00e4pp\u00e4imist\u00f6 ja -keskitin on tavallinen 79-n\u00e4pp\u00e4inen n\u00e4pp\u00e4imist\u00f6 (78 n\u00e4pp\u00e4int\u00e4 Yhdysvalloissa), joka sis\u00e4lt\u00e4\u00e4 kolme ylim\u00e4\u00e4r\u00e4ist\u00e4 USB 2.0 Type A -porttia muiden oheislaitteiden virransy\u00f6tt\u00f6\u00e4 varten.<\/p>\n<ul>\n<li>79 n\u00e4pp\u00e4imen n\u00e4pp\u00e4imist\u00f6 (78 n\u00e4pp\u00e4imen n\u00e4pp\u00e4imist\u00f6 yhdysvaltalaiseen malliin)<\/li>\n<li>Kolme USB 2.0 Type A -porttia muiden oheislaitteiden virransy\u00f6tt\u00f6\u00e4 varten<\/li>\n<li>Automaattinen n\u00e4pp\u00e4imist\u00f6n kielen tunnistus<\/li>\n<li>Mukana USB Type A &#8211; Micro USB Type B -kaapeli yhteensopivaan tietokoneeseen liitt\u00e4mist\u00e4 varten<\/li>\n<li>Ergonominen muotoilu mukavaan k\u00e4ytt\u00f6\u00f6n<\/li>\n<li>Yhteensopiva kaikkien Raspberry Pi -tuotteiden kanssa<\/li>\n<\/ul>\n<p><img decoding=\"async\" class=\"aligncenter size-medium wp-image-114596\" src=\"https:\/\/raspberrypi.dk\/wp-content\/uploads\/2020\/07\/Getting-started-Image-1-500x135-1.jpg\" alt=\"\" width=\"500\" height=\"135\" srcset=\"https:\/\/raspberrypi.dk\/wp-content\/uploads\/2020\/07\/Getting-started-Image-1-500x135-1.jpg 500w, https:\/\/raspberrypi.dk\/wp-content\/uploads\/2020\/07\/Getting-started-Image-1-500x135-1-24x6.jpg 24w, https:\/\/raspberrypi.dk\/wp-content\/uploads\/2020\/07\/Getting-started-Image-1-500x135-1-36x10.jpg 36w, https:\/\/raspberrypi.dk\/wp-content\/uploads\/2020\/07\/Getting-started-Image-1-500x135-1-48x13.jpg 48w, https:\/\/raspberrypi.dk\/wp-content\/uploads\/2020\/07\/Getting-started-Image-1-500x135-1-457x123.jpg 457w\" sizes=\"(max-width: 500px) 100vw, 500px\" \/> <img decoding=\"async\" class=\"aligncenter size-medium wp-image-114598\" src=\"https:\/\/raspberrypi.dk\/wp-content\/uploads\/2020\/07\/Getting-started-Image-2-500x183-1.jpg\" alt=\"\" width=\"500\" height=\"183\" srcset=\"https:\/\/raspberrypi.dk\/wp-content\/uploads\/2020\/07\/Getting-started-Image-2-500x183-1.jpg 500w, https:\/\/raspberrypi.dk\/wp-content\/uploads\/2020\/07\/Getting-started-Image-2-500x183-1-24x9.jpg 24w, https:\/\/raspberrypi.dk\/wp-content\/uploads\/2020\/07\/Getting-started-Image-2-500x183-1-36x13.jpg 36w, https:\/\/raspberrypi.dk\/wp-content\/uploads\/2020\/07\/Getting-started-Image-2-500x183-1-48x18.jpg 48w, https:\/\/raspberrypi.dk\/wp-content\/uploads\/2020\/07\/Getting-started-Image-2-500x183-1-457x167.jpg 457w\" sizes=\"(max-width: 500px) 100vw, 500px\" \/> <img decoding=\"async\" class=\"aligncenter size-medium wp-image-114600\" src=\"https:\/\/raspberrypi.dk\/wp-content\/uploads\/2020\/07\/Getting-started-Image-4-500x591-1-423x500.jpg\" alt=\"\" width=\"423\" height=\"500\" srcset=\"https:\/\/raspberrypi.dk\/wp-content\/uploads\/2020\/07\/Getting-started-Image-4-500x591-1-423x500.jpg 423w, https:\/\/raspberrypi.dk\/wp-content\/uploads\/2020\/07\/Getting-started-Image-4-500x591-1-20x24.jpg 20w, https:\/\/raspberrypi.dk\/wp-content\/uploads\/2020\/07\/Getting-started-Image-4-500x591-1-30x36.jpg 30w, https:\/\/raspberrypi.dk\/wp-content\/uploads\/2020\/07\/Getting-started-Image-4-500x591-1-41x48.jpg 41w, https:\/\/raspberrypi.dk\/wp-content\/uploads\/2020\/07\/Getting-started-Image-4-500x591-1-457x540.jpg 457w, https:\/\/raspberrypi.dk\/wp-content\/uploads\/2020\/07\/Getting-started-Image-4-500x591-1.jpg 500w\" sizes=\"(max-width: 423px) 100vw, 423px\" \/><\/p>\n<p><a href=\"https:\/\/raspberrypi.dk\/wp-content\/uploads\/2020\/07\/Getting-started-with-the-Raspberry-Pi-Keyboard-and-Mouse.pdf\">Download getting started guide<\/a>.<\/p>\n<p>&nbsp;<\/p>\n","protected":false},"excerpt":{"rendered":"<p>Virallinen Raspberry Pi -n\u00e4pp\u00e4imist\u00f6 sis\u00e4lt\u00e4\u00e4 kolme USB-porttia ulkoisten laitteiden liitt\u00e4mist\u00e4 varten. Se on saatavana punaisena\/valkoisena tai mustana\/harmaana. Valitse kieli ja v\u00e4ri alta.<\/p>\n","protected":false},"featured_media":221437,"comment_status":"open","ping_status":"closed","template":"","meta":[],"product_brand":[],"product_cat":[751],"product_tag":[719,718],"class_list":{"0":"post-221430","1":"product","2":"type-product","3":"status-publish","4":"has-post-thumbnail","6":"product_cat-usb-tarvikkeet","7":"product_tag-rpi4-fi","8":"product_tag-rpi5-fi","10":"first","11":"instock","12":"taxable","13":"shipping-taxable","14":"purchasable","15":"product-type-variable","16":"has-default-attributes"},"composite_virtual":false,"composite_layout":"","composite_add_to_cart_form_location":"","composite_editable_in_cart":false,"composite_sold_individually_context":"","composite_shop_price_calc":"","composite_components":[],"composite_scenarios":[],"bundled_by":[],"bundle_stock_status":"instock","bundle_stock_quantity":null,"bundle_virtual":false,"bundle_layout":"","bundle_add_to_cart_form_location":"","bundle_editable_in_cart":false,"bundle_sold_individually_context":"","bundle_item_grouping":"","bundle_min_size":"","bundle_max_size":"","bundle_price":[],"bundled_items":[],"bundle_sell_ids":[],"yoast_head":"<!-- This site is optimized with the Yoast SEO plugin v27.1.1 - https:\/\/yoast.com\/product\/yoast-seo-wordpress\/ -->\n<title>Official Raspberry Pi N\u00e4pp\u00e4imist\u00f6 \u2022 RaspberryPi.dk<\/title>\n<meta name=\"robots\" content=\"index, follow, max-snippet:-1, max-image-preview:large, max-video-preview:-1\" \/>\n<link rel=\"canonical\" href=\"https:\/\/raspberrypi.dk\/fi\/tuote\/officiel-raspberry-pi-naeppaeimistoe\/\" \/>\n<meta property=\"og:locale\" content=\"fi_FI\" \/>\n<meta property=\"og:type\" content=\"article\" \/>\n<meta property=\"og:title\" content=\"Official Raspberry Pi N\u00e4pp\u00e4imist\u00f6 \u2022 RaspberryPi.dk\" \/>\n<meta property=\"og:description\" content=\"Virallinen Raspberry Pi -n\u00e4pp\u00e4imist\u00f6 sis\u00e4lt\u00e4\u00e4 kolme USB-porttia ulkoisten laitteiden liitt\u00e4mist\u00e4 varten. Se on saatavana punaisena\/valkoisena tai mustana\/harmaana. Valitse kieli ja v\u00e4ri alta.\" \/>\n<meta property=\"og:url\" content=\"https:\/\/raspberrypi.dk\/fi\/tuote\/officiel-raspberry-pi-naeppaeimistoe\/\" \/>\n<meta property=\"og:site_name\" content=\"RaspberryPi.dk\" \/>\n<meta property=\"article:publisher\" content=\"https:\/\/facebook.com\/RaspberryPiDanmark\" \/>\n<meta property=\"article:modified_time\" content=\"2026-04-05T12:47:02+00:00\" \/>\n<meta property=\"og:image\" content=\"https:\/\/raspberrypi.dk\/wp-content\/uploads\/2020\/07\/DANISH-RED_WHITE-scaled.jpg\" \/>\n\t<meta property=\"og:image:width\" content=\"2048\" \/>\n\t<meta property=\"og:image:height\" content=\"1365\" \/>\n\t<meta property=\"og:image:type\" content=\"image\/jpeg\" \/>\n<meta name=\"twitter:card\" content=\"summary_large_image\" \/>\n<meta name=\"twitter:site\" content=\"@raspberrypidk\" \/>\n<meta name=\"twitter:label1\" content=\"Arvioitu lukuaika\" \/>\n\t<meta name=\"twitter:data1\" content=\"2 minuuttia\" \/>\n<script type=\"application\/ld+json\" class=\"yoast-schema-graph\">{\"@context\":\"https:\/\/schema.org\",\"@graph\":[{\"@type\":\"WebPage\",\"@id\":\"https:\/\/raspberrypi.dk\/fi\/tuote\/officiel-raspberry-pi-naeppaeimistoe\/\",\"url\":\"https:\/\/raspberrypi.dk\/fi\/tuote\/officiel-raspberry-pi-naeppaeimistoe\/\",\"name\":\"Official Raspberry Pi N\u00e4pp\u00e4imist\u00f6 \u2022 RaspberryPi.dk\",\"isPartOf\":{\"@id\":\"https:\/\/raspberrypi.dk\/fi\/#website\"},\"primaryImageOfPage\":{\"@id\":\"https:\/\/raspberrypi.dk\/fi\/tuote\/officiel-raspberry-pi-naeppaeimistoe\/#primaryimage\"},\"image\":{\"@id\":\"https:\/\/raspberrypi.dk\/fi\/tuote\/officiel-raspberry-pi-naeppaeimistoe\/#primaryimage\"},\"thumbnailUrl\":\"https:\/\/raspberrypi.dk\/wp-content\/uploads\/2020\/07\/DANISH-RED_WHITE-scaled.jpg\",\"datePublished\":\"2020-07-01T10:11:26+00:00\",\"dateModified\":\"2026-04-05T12:47:02+00:00\",\"breadcrumb\":{\"@id\":\"https:\/\/raspberrypi.dk\/fi\/tuote\/officiel-raspberry-pi-naeppaeimistoe\/#breadcrumb\"},\"inLanguage\":\"fi\",\"potentialAction\":[{\"@type\":\"ReadAction\",\"target\":[\"https:\/\/raspberrypi.dk\/fi\/tuote\/officiel-raspberry-pi-naeppaeimistoe\/\"]}]},{\"@type\":\"ImageObject\",\"inLanguage\":\"fi\",\"@id\":\"https:\/\/raspberrypi.dk\/fi\/tuote\/officiel-raspberry-pi-naeppaeimistoe\/#primaryimage\",\"url\":\"https:\/\/raspberrypi.dk\/wp-content\/uploads\/2020\/07\/DANISH-RED_WHITE-scaled.jpg\",\"contentUrl\":\"https:\/\/raspberrypi.dk\/wp-content\/uploads\/2020\/07\/DANISH-RED_WHITE-scaled.jpg\",\"width\":2048,\"height\":1365,\"caption\":\"raspberry pi -n\u00e4pp\u00e4imist\u00f6 - tanska - punainen\/valkoinen\"},{\"@type\":\"BreadcrumbList\",\"@id\":\"https:\/\/raspberrypi.dk\/fi\/tuote\/officiel-raspberry-pi-naeppaeimistoe\/#breadcrumb\",\"itemListElement\":[{\"@type\":\"ListItem\",\"position\":1,\"name\":\"Hjem\",\"item\":\"https:\/\/raspberrypi.dk\/fi\/raspberry-pi-verkkokauppa\/\"},{\"@type\":\"ListItem\",\"position\":2,\"name\":\"Shop\",\"item\":\"https:\/\/raspberrypi.dk\/fi\/shop-2\/\"},{\"@type\":\"ListItem\",\"position\":3,\"name\":\"Official Raspberry Pi N\u00e4pp\u00e4imist\u00f6\"}]},{\"@type\":\"WebSite\",\"@id\":\"https:\/\/raspberrypi.dk\/fi\/#website\",\"url\":\"https:\/\/raspberrypi.dk\/fi\/\",\"name\":\"RaspberryPi.dk\",\"description\":\"Danmarks f\u00f8rende Raspberry Pi side!\",\"publisher\":{\"@id\":\"https:\/\/raspberrypi.dk\/fi\/#organization\"},\"potentialAction\":[{\"@type\":\"SearchAction\",\"target\":{\"@type\":\"EntryPoint\",\"urlTemplate\":\"https:\/\/raspberrypi.dk\/fi\/?s={search_term_string}\"},\"query-input\":{\"@type\":\"PropertyValueSpecification\",\"valueRequired\":true,\"valueName\":\"search_term_string\"}}],\"inLanguage\":\"fi\"},{\"@type\":\"Organization\",\"@id\":\"https:\/\/raspberrypi.dk\/fi\/#organization\",\"name\":\"RaspberryPi.dk\",\"url\":\"https:\/\/raspberrypi.dk\/fi\/\",\"logo\":{\"@type\":\"ImageObject\",\"inLanguage\":\"fi\",\"@id\":\"https:\/\/raspberrypi.dk\/fi\/#\/schema\/logo\/image\/\",\"url\":\"https:\/\/raspberrypi.dk\/wp-content\/uploads\/2017\/05\/RaspberryPidk_logo-2.png\",\"contentUrl\":\"https:\/\/raspberrypi.dk\/wp-content\/uploads\/2017\/05\/RaspberryPidk_logo-2.png\",\"width\":470,\"height\":110,\"caption\":\"RaspberryPi.dk\"},\"image\":{\"@id\":\"https:\/\/raspberrypi.dk\/fi\/#\/schema\/logo\/image\/\"},\"sameAs\":[\"https:\/\/facebook.com\/RaspberryPiDanmark\",\"https:\/\/x.com\/raspberrypidk\",\"https:\/\/instagram.com\/raspberrypi.dk\"]}]}<\/script>\n<!-- \/ Yoast SEO plugin. -->","yoast_head_json":{"title":"Official Raspberry Pi N\u00e4pp\u00e4imist\u00f6 \u2022 RaspberryPi.dk","robots":{"index":"index","follow":"follow","max-snippet":"max-snippet:-1","max-image-preview":"max-image-preview:large","max-video-preview":"max-video-preview:-1"},"canonical":"https:\/\/raspberrypi.dk\/fi\/tuote\/officiel-raspberry-pi-naeppaeimistoe\/","og_locale":"fi_FI","og_type":"article","og_title":"Official Raspberry Pi N\u00e4pp\u00e4imist\u00f6 \u2022 RaspberryPi.dk","og_description":"Virallinen Raspberry Pi -n\u00e4pp\u00e4imist\u00f6 sis\u00e4lt\u00e4\u00e4 kolme USB-porttia ulkoisten laitteiden liitt\u00e4mist\u00e4 varten. Se on saatavana punaisena\/valkoisena tai mustana\/harmaana. Valitse kieli ja v\u00e4ri alta.","og_url":"https:\/\/raspberrypi.dk\/fi\/tuote\/officiel-raspberry-pi-naeppaeimistoe\/","og_site_name":"RaspberryPi.dk","article_publisher":"https:\/\/facebook.com\/RaspberryPiDanmark","article_modified_time":"2026-04-05T12:47:02+00:00","og_image":[{"width":2048,"height":1365,"url":"https:\/\/raspberrypi.dk\/wp-content\/uploads\/2020\/07\/DANISH-RED_WHITE-scaled.jpg","type":"image\/jpeg"}],"twitter_card":"summary_large_image","twitter_site":"@raspberrypidk","twitter_misc":{"Arvioitu lukuaika":"2 minuuttia"},"schema":{"@context":"https:\/\/schema.org","@graph":[{"@type":"WebPage","@id":"https:\/\/raspberrypi.dk\/fi\/tuote\/officiel-raspberry-pi-naeppaeimistoe\/","url":"https:\/\/raspberrypi.dk\/fi\/tuote\/officiel-raspberry-pi-naeppaeimistoe\/","name":"Official Raspberry Pi N\u00e4pp\u00e4imist\u00f6 \u2022 RaspberryPi.dk","isPartOf":{"@id":"https:\/\/raspberrypi.dk\/fi\/#website"},"primaryImageOfPage":{"@id":"https:\/\/raspberrypi.dk\/fi\/tuote\/officiel-raspberry-pi-naeppaeimistoe\/#primaryimage"},"image":{"@id":"https:\/\/raspberrypi.dk\/fi\/tuote\/officiel-raspberry-pi-naeppaeimistoe\/#primaryimage"},"thumbnailUrl":"https:\/\/raspberrypi.dk\/wp-content\/uploads\/2020\/07\/DANISH-RED_WHITE-scaled.jpg","datePublished":"2020-07-01T10:11:26+00:00","dateModified":"2026-04-05T12:47:02+00:00","breadcrumb":{"@id":"https:\/\/raspberrypi.dk\/fi\/tuote\/officiel-raspberry-pi-naeppaeimistoe\/#breadcrumb"},"inLanguage":"fi","potentialAction":[{"@type":"ReadAction","target":["https:\/\/raspberrypi.dk\/fi\/tuote\/officiel-raspberry-pi-naeppaeimistoe\/"]}]},{"@type":"ImageObject","inLanguage":"fi","@id":"https:\/\/raspberrypi.dk\/fi\/tuote\/officiel-raspberry-pi-naeppaeimistoe\/#primaryimage","url":"https:\/\/raspberrypi.dk\/wp-content\/uploads\/2020\/07\/DANISH-RED_WHITE-scaled.jpg","contentUrl":"https:\/\/raspberrypi.dk\/wp-content\/uploads\/2020\/07\/DANISH-RED_WHITE-scaled.jpg","width":2048,"height":1365,"caption":"raspberry pi -n\u00e4pp\u00e4imist\u00f6 - tanska - punainen\/valkoinen"},{"@type":"BreadcrumbList","@id":"https:\/\/raspberrypi.dk\/fi\/tuote\/officiel-raspberry-pi-naeppaeimistoe\/#breadcrumb","itemListElement":[{"@type":"ListItem","position":1,"name":"Hjem","item":"https:\/\/raspberrypi.dk\/fi\/raspberry-pi-verkkokauppa\/"},{"@type":"ListItem","position":2,"name":"Shop","item":"https:\/\/raspberrypi.dk\/fi\/shop-2\/"},{"@type":"ListItem","position":3,"name":"Official Raspberry Pi N\u00e4pp\u00e4imist\u00f6"}]},{"@type":"WebSite","@id":"https:\/\/raspberrypi.dk\/fi\/#website","url":"https:\/\/raspberrypi.dk\/fi\/","name":"RaspberryPi.dk","description":"Danmarks f\u00f8rende Raspberry Pi side!","publisher":{"@id":"https:\/\/raspberrypi.dk\/fi\/#organization"},"potentialAction":[{"@type":"SearchAction","target":{"@type":"EntryPoint","urlTemplate":"https:\/\/raspberrypi.dk\/fi\/?s={search_term_string}"},"query-input":{"@type":"PropertyValueSpecification","valueRequired":true,"valueName":"search_term_string"}}],"inLanguage":"fi"},{"@type":"Organization","@id":"https:\/\/raspberrypi.dk\/fi\/#organization","name":"RaspberryPi.dk","url":"https:\/\/raspberrypi.dk\/fi\/","logo":{"@type":"ImageObject","inLanguage":"fi","@id":"https:\/\/raspberrypi.dk\/fi\/#\/schema\/logo\/image\/","url":"https:\/\/raspberrypi.dk\/wp-content\/uploads\/2017\/05\/RaspberryPidk_logo-2.png","contentUrl":"https:\/\/raspberrypi.dk\/wp-content\/uploads\/2017\/05\/RaspberryPidk_logo-2.png","width":470,"height":110,"caption":"RaspberryPi.dk"},"image":{"@id":"https:\/\/raspberrypi.dk\/fi\/#\/schema\/logo\/image\/"},"sameAs":["https:\/\/facebook.com\/RaspberryPiDanmark","https:\/\/x.com\/raspberrypidk","https:\/\/instagram.com\/raspberrypi.dk"]}]}},"_links":{"self":[{"href":"https:\/\/raspberrypi.dk\/fi\/wp-json\/wp\/v2\/product\/221430","targetHints":{"allow":["GET"]}}],"collection":[{"href":"https:\/\/raspberrypi.dk\/fi\/wp-json\/wp\/v2\/product"}],"about":[{"href":"https:\/\/raspberrypi.dk\/fi\/wp-json\/wp\/v2\/types\/product"}],"replies":[{"embeddable":true,"href":"https:\/\/raspberrypi.dk\/fi\/wp-json\/wp\/v2\/comments?post=221430"}],"wp:featuredmedia":[{"embeddable":true,"href":"https:\/\/raspberrypi.dk\/fi\/wp-json\/wp\/v2\/media\/221437"}],"wp:attachment":[{"href":"https:\/\/raspberrypi.dk\/fi\/wp-json\/wp\/v2\/media?parent=221430"}],"wp:term":[{"taxonomy":"product_brand","embeddable":true,"href":"https:\/\/raspberrypi.dk\/fi\/wp-json\/wp\/v2\/product_brand?post=221430"},{"taxonomy":"product_cat","embeddable":true,"href":"https:\/\/raspberrypi.dk\/fi\/wp-json\/wp\/v2\/product_cat?post=221430"},{"taxonomy":"product_tag","embeddable":true,"href":"https:\/\/raspberrypi.dk\/fi\/wp-json\/wp\/v2\/product_tag?post=221430"}],"curies":[{"name":"wp","href":"https:\/\/api.w.org\/{rel}","templated":true}]}}