{"id":221568,"date":"2020-06-24T13:59:07","date_gmt":"2020-06-24T11:59:07","guid":{"rendered":"https:\/\/raspberrypi.dk\/produkt\/16gb-micro-sd-class-a1-simplyprintillae\/"},"modified":"2024-04-09T19:28:09","modified_gmt":"2024-04-09T17:28:09","slug":"16gb-micro-sd-class-a1-simplyprintillae","status":"publish","type":"product","link":"https:\/\/raspberrypi.dk\/fi\/tuote\/16gb-micro-sd-class-a1-simplyprintillae\/","title":{"rendered":"16GB Micro SD &#8211; Class A1 &#8211; SimplyPrintill\u00e4"},"content":{"rendered":"<div id=\"tab-description\" class=\"tab-content\">\n<h3>SimplyPrint tekee 3D-tulostuksestasi paljon helpompaa&#8230;<\/h3>\n<div>\n<p><strong>Tulosta verkossa &#8211; miss\u00e4 tahansa<\/strong><br \/>\nHallitse ja seuraa kaikkia 3D-tulostimiasi tietokoneellasi, puhelimellasi tai tabletillasi \u2013 miss\u00e4 p\u00e4in maailmaa tahansa<\/p>\n<p><strong>Napaj\u00e4rjestelm\u00e4<\/strong><br \/>\nSimplyPrint on suunniteltu pit\u00e4m\u00e4\u00e4n kirjaa kaikista 3D-tulostimistasi. Olipa sinulla 1, 2 tai 1000!<\/p>\n<p><strong>Sis\u00e4\u00e4nrakennettu leikkuri ja asetukset<\/strong><br \/>\nSimplyPrint\u00a0on koonnut KAIKEN yhteen paikkaan. Viipaloi tulostuspaikasta! Sinun ei tarvitse en\u00e4\u00e4 pelleill\u00e4 pienten SD-korttien kanssa<\/p>\n<p><strong>Aloittelijoille ja asiantuntijoille<\/strong><br \/>\nOlitpa t\u00e4ysin uusi 3D-tulostuksen parissa tai asiantuntija, alusta kattaa tarpeesi. Tarjolla on riitt\u00e4v\u00e4sti ominaisuuksia asiantuntijoille ja apua aloittelijoille, joten et puutu mist\u00e4\u00e4n.<\/p>\n<\/div>\n<\/div>\n","protected":false},"excerpt":{"rendered":"<p>T\u00e4m\u00e4 Raspberry Pi:lle tarkoitettu <strong>Micro SD -kortti<\/strong> on <strong>16 GB<\/strong> luokan A1 Micro SD -kortti, johon on esiasennettu <strong>SimplyPrint 3D-tulostimille.<\/strong> Valmis k\u00e4ynnistym\u00e4\u00e4n!<\/p>\n<p>Mukana Micro SD-SD -sovitin.<\/p>\n","protected":false},"featured_media":221569,"comment_status":"open","ping_status":"closed","template":"","meta":[],"product_brand":[],"product_cat":[734],"product_tag":[],"class_list":{"0":"post-221568","1":"product","2":"type-product","3":"status-publish","4":"has-post-thumbnail","6":"product_cat-sd-kortit-ja-sovittimet","8":"first","9":"outofstock","10":"taxable","11":"shipping-taxable","12":"purchasable","13":"product-type-simple"},"composite_virtual":false,"composite_layout":"","composite_add_to_cart_form_location":"","composite_editable_in_cart":false,"composite_sold_individually_context":"","composite_shop_price_calc":"","composite_components":[],"composite_scenarios":[],"bundled_by":["221453"],"bundle_stock_status":"outofstock","bundle_stock_quantity":0,"bundle_virtual":false,"bundle_layout":"","bundle_add_to_cart_form_location":"","bundle_editable_in_cart":false,"bundle_sold_individually_context":"","bundle_item_grouping":"","bundle_min_size":"","bundle_max_size":"","bundle_price":[],"bundled_items":[],"bundle_sell_ids":[],"yoast_head":"<!-- This site is optimized with the Yoast SEO plugin v27.1.1 - https:\/\/yoast.com\/product\/yoast-seo-wordpress\/ -->\n<title>16GB Micro SD - Class A1 - SimplyPrintill\u00e4 \u2022 RaspberryPi.dk<\/title>\n<meta name=\"robots\" content=\"index, follow, max-snippet:-1, max-image-preview:large, max-video-preview:-1\" \/>\n<link rel=\"canonical\" href=\"https:\/\/raspberrypi.dk\/fi\/tuote\/16gb-micro-sd-class-a1-simplyprintillae\/\" \/>\n<meta property=\"og:locale\" content=\"fi_FI\" \/>\n<meta property=\"og:type\" content=\"article\" \/>\n<meta property=\"og:title\" content=\"16GB Micro SD - Class A1 - SimplyPrintill\u00e4 \u2022 RaspberryPi.dk\" \/>\n<meta property=\"og:description\" content=\"T\u00e4m\u00e4 Raspberry Pi:lle tarkoitettu Micro SD -kortti on 16 GB luokan A1 Micro SD -kortti, johon on esiasennettu SimplyPrint 3D-tulostimille. Valmis k\u00e4ynnistym\u00e4\u00e4n!  Mukana Micro SD-SD -sovitin.\" \/>\n<meta property=\"og:url\" content=\"https:\/\/raspberrypi.dk\/fi\/tuote\/16gb-micro-sd-class-a1-simplyprintillae\/\" \/>\n<meta property=\"og:site_name\" content=\"RaspberryPi.dk\" \/>\n<meta property=\"article:publisher\" content=\"https:\/\/facebook.com\/RaspberryPiDanmark\" \/>\n<meta property=\"article:modified_time\" content=\"2024-04-09T17:28:09+00:00\" \/>\n<meta property=\"og:image\" content=\"https:\/\/raspberrypi.dk\/wp-content\/uploads\/2020\/06\/105692432_291622888837523_2811268909010577461_n.png\" \/>\n\t<meta property=\"og:image:width\" content=\"1024\" \/>\n\t<meta property=\"og:image:height\" content=\"1024\" \/>\n\t<meta property=\"og:image:type\" content=\"image\/png\" \/>\n<meta name=\"twitter:card\" content=\"summary_large_image\" \/>\n<meta name=\"twitter:site\" content=\"@raspberrypidk\" \/>\n<meta name=\"twitter:label1\" content=\"Arvioitu lukuaika\" \/>\n\t<meta name=\"twitter:data1\" content=\"1 minuutti\" \/>\n<script type=\"application\/ld+json\" class=\"yoast-schema-graph\">{\"@context\":\"https:\/\/schema.org\",\"@graph\":[{\"@type\":\"WebPage\",\"@id\":\"https:\/\/raspberrypi.dk\/fi\/tuote\/16gb-micro-sd-class-a1-simplyprintillae\/\",\"url\":\"https:\/\/raspberrypi.dk\/fi\/tuote\/16gb-micro-sd-class-a1-simplyprintillae\/\",\"name\":\"16GB Micro SD - Class A1 - SimplyPrintill\u00e4 \u2022 RaspberryPi.dk\",\"isPartOf\":{\"@id\":\"https:\/\/raspberrypi.dk\/fi\/#website\"},\"primaryImageOfPage\":{\"@id\":\"https:\/\/raspberrypi.dk\/fi\/tuote\/16gb-micro-sd-class-a1-simplyprintillae\/#primaryimage\"},\"image\":{\"@id\":\"https:\/\/raspberrypi.dk\/fi\/tuote\/16gb-micro-sd-class-a1-simplyprintillae\/#primaryimage\"},\"thumbnailUrl\":\"https:\/\/raspberrypi.dk\/wp-content\/uploads\/2020\/06\/105692432_291622888837523_2811268909010577461_n.png\",\"datePublished\":\"2020-06-24T11:59:07+00:00\",\"dateModified\":\"2024-04-09T17:28:09+00:00\",\"breadcrumb\":{\"@id\":\"https:\/\/raspberrypi.dk\/fi\/tuote\/16gb-micro-sd-class-a1-simplyprintillae\/#breadcrumb\"},\"inLanguage\":\"fi\",\"potentialAction\":[{\"@type\":\"ReadAction\",\"target\":[\"https:\/\/raspberrypi.dk\/fi\/tuote\/16gb-micro-sd-class-a1-simplyprintillae\/\"]}]},{\"@type\":\"ImageObject\",\"inLanguage\":\"fi\",\"@id\":\"https:\/\/raspberrypi.dk\/fi\/tuote\/16gb-micro-sd-class-a1-simplyprintillae\/#primaryimage\",\"url\":\"https:\/\/raspberrypi.dk\/wp-content\/uploads\/2020\/06\/105692432_291622888837523_2811268909010577461_n.png\",\"contentUrl\":\"https:\/\/raspberrypi.dk\/wp-content\/uploads\/2020\/06\/105692432_291622888837523_2811268909010577461_n.png\",\"width\":1024,\"height\":1024},{\"@type\":\"BreadcrumbList\",\"@id\":\"https:\/\/raspberrypi.dk\/fi\/tuote\/16gb-micro-sd-class-a1-simplyprintillae\/#breadcrumb\",\"itemListElement\":[{\"@type\":\"ListItem\",\"position\":1,\"name\":\"Hjem\",\"item\":\"https:\/\/raspberrypi.dk\/fi\/raspberry-pi-verkkokauppa\/\"},{\"@type\":\"ListItem\",\"position\":2,\"name\":\"Shop\",\"item\":\"https:\/\/raspberrypi.dk\/fi\/shop-2\/\"},{\"@type\":\"ListItem\",\"position\":3,\"name\":\"16GB Micro SD &#8211; Class A1 &#8211; SimplyPrintill\u00e4\"}]},{\"@type\":\"WebSite\",\"@id\":\"https:\/\/raspberrypi.dk\/fi\/#website\",\"url\":\"https:\/\/raspberrypi.dk\/fi\/\",\"name\":\"RaspberryPi.dk\",\"description\":\"Danmarks f\u00f8rende Raspberry Pi side!\",\"publisher\":{\"@id\":\"https:\/\/raspberrypi.dk\/fi\/#organization\"},\"potentialAction\":[{\"@type\":\"SearchAction\",\"target\":{\"@type\":\"EntryPoint\",\"urlTemplate\":\"https:\/\/raspberrypi.dk\/fi\/?s={search_term_string}\"},\"query-input\":{\"@type\":\"PropertyValueSpecification\",\"valueRequired\":true,\"valueName\":\"search_term_string\"}}],\"inLanguage\":\"fi\"},{\"@type\":\"Organization\",\"@id\":\"https:\/\/raspberrypi.dk\/fi\/#organization\",\"name\":\"RaspberryPi.dk\",\"url\":\"https:\/\/raspberrypi.dk\/fi\/\",\"logo\":{\"@type\":\"ImageObject\",\"inLanguage\":\"fi\",\"@id\":\"https:\/\/raspberrypi.dk\/fi\/#\/schema\/logo\/image\/\",\"url\":\"https:\/\/raspberrypi.dk\/wp-content\/uploads\/2017\/05\/RaspberryPidk_logo-2.png\",\"contentUrl\":\"https:\/\/raspberrypi.dk\/wp-content\/uploads\/2017\/05\/RaspberryPidk_logo-2.png\",\"width\":470,\"height\":110,\"caption\":\"RaspberryPi.dk\"},\"image\":{\"@id\":\"https:\/\/raspberrypi.dk\/fi\/#\/schema\/logo\/image\/\"},\"sameAs\":[\"https:\/\/facebook.com\/RaspberryPiDanmark\",\"https:\/\/x.com\/raspberrypidk\",\"https:\/\/instagram.com\/raspberrypi.dk\"]}]}<\/script>\n<!-- \/ Yoast SEO plugin. -->","yoast_head_json":{"title":"16GB Micro SD - Class A1 - SimplyPrintill\u00e4 \u2022 RaspberryPi.dk","robots":{"index":"index","follow":"follow","max-snippet":"max-snippet:-1","max-image-preview":"max-image-preview:large","max-video-preview":"max-video-preview:-1"},"canonical":"https:\/\/raspberrypi.dk\/fi\/tuote\/16gb-micro-sd-class-a1-simplyprintillae\/","og_locale":"fi_FI","og_type":"article","og_title":"16GB Micro SD - Class A1 - SimplyPrintill\u00e4 \u2022 RaspberryPi.dk","og_description":"T\u00e4m\u00e4 Raspberry Pi:lle tarkoitettu Micro SD -kortti on 16 GB luokan A1 Micro SD -kortti, johon on esiasennettu SimplyPrint 3D-tulostimille. Valmis k\u00e4ynnistym\u00e4\u00e4n!  Mukana Micro SD-SD -sovitin.","og_url":"https:\/\/raspberrypi.dk\/fi\/tuote\/16gb-micro-sd-class-a1-simplyprintillae\/","og_site_name":"RaspberryPi.dk","article_publisher":"https:\/\/facebook.com\/RaspberryPiDanmark","article_modified_time":"2024-04-09T17:28:09+00:00","og_image":[{"width":1024,"height":1024,"url":"https:\/\/raspberrypi.dk\/wp-content\/uploads\/2020\/06\/105692432_291622888837523_2811268909010577461_n.png","type":"image\/png"}],"twitter_card":"summary_large_image","twitter_site":"@raspberrypidk","twitter_misc":{"Arvioitu lukuaika":"1 minuutti"},"schema":{"@context":"https:\/\/schema.org","@graph":[{"@type":"WebPage","@id":"https:\/\/raspberrypi.dk\/fi\/tuote\/16gb-micro-sd-class-a1-simplyprintillae\/","url":"https:\/\/raspberrypi.dk\/fi\/tuote\/16gb-micro-sd-class-a1-simplyprintillae\/","name":"16GB Micro SD - Class A1 - SimplyPrintill\u00e4 \u2022 RaspberryPi.dk","isPartOf":{"@id":"https:\/\/raspberrypi.dk\/fi\/#website"},"primaryImageOfPage":{"@id":"https:\/\/raspberrypi.dk\/fi\/tuote\/16gb-micro-sd-class-a1-simplyprintillae\/#primaryimage"},"image":{"@id":"https:\/\/raspberrypi.dk\/fi\/tuote\/16gb-micro-sd-class-a1-simplyprintillae\/#primaryimage"},"thumbnailUrl":"https:\/\/raspberrypi.dk\/wp-content\/uploads\/2020\/06\/105692432_291622888837523_2811268909010577461_n.png","datePublished":"2020-06-24T11:59:07+00:00","dateModified":"2024-04-09T17:28:09+00:00","breadcrumb":{"@id":"https:\/\/raspberrypi.dk\/fi\/tuote\/16gb-micro-sd-class-a1-simplyprintillae\/#breadcrumb"},"inLanguage":"fi","potentialAction":[{"@type":"ReadAction","target":["https:\/\/raspberrypi.dk\/fi\/tuote\/16gb-micro-sd-class-a1-simplyprintillae\/"]}]},{"@type":"ImageObject","inLanguage":"fi","@id":"https:\/\/raspberrypi.dk\/fi\/tuote\/16gb-micro-sd-class-a1-simplyprintillae\/#primaryimage","url":"https:\/\/raspberrypi.dk\/wp-content\/uploads\/2020\/06\/105692432_291622888837523_2811268909010577461_n.png","contentUrl":"https:\/\/raspberrypi.dk\/wp-content\/uploads\/2020\/06\/105692432_291622888837523_2811268909010577461_n.png","width":1024,"height":1024},{"@type":"BreadcrumbList","@id":"https:\/\/raspberrypi.dk\/fi\/tuote\/16gb-micro-sd-class-a1-simplyprintillae\/#breadcrumb","itemListElement":[{"@type":"ListItem","position":1,"name":"Hjem","item":"https:\/\/raspberrypi.dk\/fi\/raspberry-pi-verkkokauppa\/"},{"@type":"ListItem","position":2,"name":"Shop","item":"https:\/\/raspberrypi.dk\/fi\/shop-2\/"},{"@type":"ListItem","position":3,"name":"16GB Micro SD &#8211; Class A1 &#8211; SimplyPrintill\u00e4"}]},{"@type":"WebSite","@id":"https:\/\/raspberrypi.dk\/fi\/#website","url":"https:\/\/raspberrypi.dk\/fi\/","name":"RaspberryPi.dk","description":"Danmarks f\u00f8rende Raspberry Pi side!","publisher":{"@id":"https:\/\/raspberrypi.dk\/fi\/#organization"},"potentialAction":[{"@type":"SearchAction","target":{"@type":"EntryPoint","urlTemplate":"https:\/\/raspberrypi.dk\/fi\/?s={search_term_string}"},"query-input":{"@type":"PropertyValueSpecification","valueRequired":true,"valueName":"search_term_string"}}],"inLanguage":"fi"},{"@type":"Organization","@id":"https:\/\/raspberrypi.dk\/fi\/#organization","name":"RaspberryPi.dk","url":"https:\/\/raspberrypi.dk\/fi\/","logo":{"@type":"ImageObject","inLanguage":"fi","@id":"https:\/\/raspberrypi.dk\/fi\/#\/schema\/logo\/image\/","url":"https:\/\/raspberrypi.dk\/wp-content\/uploads\/2017\/05\/RaspberryPidk_logo-2.png","contentUrl":"https:\/\/raspberrypi.dk\/wp-content\/uploads\/2017\/05\/RaspberryPidk_logo-2.png","width":470,"height":110,"caption":"RaspberryPi.dk"},"image":{"@id":"https:\/\/raspberrypi.dk\/fi\/#\/schema\/logo\/image\/"},"sameAs":["https:\/\/facebook.com\/RaspberryPiDanmark","https:\/\/x.com\/raspberrypidk","https:\/\/instagram.com\/raspberrypi.dk"]}]}},"_links":{"self":[{"href":"https:\/\/raspberrypi.dk\/fi\/wp-json\/wp\/v2\/product\/221568","targetHints":{"allow":["GET"]}}],"collection":[{"href":"https:\/\/raspberrypi.dk\/fi\/wp-json\/wp\/v2\/product"}],"about":[{"href":"https:\/\/raspberrypi.dk\/fi\/wp-json\/wp\/v2\/types\/product"}],"replies":[{"embeddable":true,"href":"https:\/\/raspberrypi.dk\/fi\/wp-json\/wp\/v2\/comments?post=221568"}],"wp:featuredmedia":[{"embeddable":true,"href":"https:\/\/raspberrypi.dk\/fi\/wp-json\/wp\/v2\/media\/221569"}],"wp:attachment":[{"href":"https:\/\/raspberrypi.dk\/fi\/wp-json\/wp\/v2\/media?parent=221568"}],"wp:term":[{"taxonomy":"product_brand","embeddable":true,"href":"https:\/\/raspberrypi.dk\/fi\/wp-json\/wp\/v2\/product_brand?post=221568"},{"taxonomy":"product_cat","embeddable":true,"href":"https:\/\/raspberrypi.dk\/fi\/wp-json\/wp\/v2\/product_cat?post=221568"},{"taxonomy":"product_tag","embeddable":true,"href":"https:\/\/raspberrypi.dk\/fi\/wp-json\/wp\/v2\/product_tag?post=221568"}],"curies":[{"name":"wp","href":"https:\/\/api.w.org\/{rel}","templated":true}]}}