{"id":221573,"date":"2020-05-27T12:36:16","date_gmt":"2020-05-27T10:36:16","guid":{"rendered":"https:\/\/raspberrypi.dk\/produkt\/flirc-raspberry-pi-zero-heatsink-case\/"},"modified":"2025-12-30T18:34:28","modified_gmt":"2025-12-30T17:34:28","slug":"flirc-raspberry-pi-zero-heatsink-case","status":"publish","type":"product","link":"https:\/\/raspberrypi.dk\/fi\/tuote\/flirc-raspberry-pi-zero-heatsink-case\/","title":{"rendered":"Flirc Raspberry Pi Zero Heatsink Case"},"content":{"rendered":"<p><strong>Ominaisuudet:<\/strong><\/p>\n<ul>\n<li>Tukee Raspberry Pi Zeroa, Zero W:t\u00e4 ja Zero WH:ta<\/li>\n<li>Sis\u00e4\u00e4nrakennettu j\u00e4\u00e4hdytyselementti \u2013 koko alumiinikotelo toimii j\u00e4\u00e4hdytyselementtin\u00e4<\/li>\n<li>Helppo kokoaminen: Aseta l\u00e4mp\u00f6tyyny Pi:n p\u00e4\u00e4lle, aseta Pi koteloon ja ruuvaa kotelon pohja kiinni!<\/li>\n<\/ul>\n<p>Myydyin Raspberry Pi -kotelon kumppani. T\u00e4m\u00e4 on kannettava, passiivisesti j\u00e4\u00e4hdytetty Raspberry Pi Zero -kotelo, joka vastaa sisarensa (pi 4 -kotelo) estetiikkaa.<\/p>\n<p><strong>ULTRAKANNETTAVA<\/strong><br \/>\nKaikki, mik\u00e4 tekee alkuper\u00e4isest\u00e4 pi 4 -kotelosta herkullisen, kutistettu ja lis\u00e4tty hyvi\u00e4 elementtej\u00e4, tekee t\u00e4st\u00e4 minitietokoneesta jokap\u00e4iv\u00e4isen kannettavan. SD-kortti on kotelossa, jotta se ei p\u00e4\u00e4se luiskahtamaan tai varastamaan. Kotelo on erotettava ennen SD-kortin poistamista. Mukana tulee my\u00f6s kaulanauha, joten voit heitt\u00e4\u00e4 sen avaimenper\u00e4\u00e4n tai k\u00e4ytt\u00e4\u00e4 korvakoruina \ud83d\ude42<\/p>\n<p><strong>ERITT\u00c4IN SAAVATTU<\/strong><br \/>\nVaihda yl\u00e4osa, jotta p\u00e4\u00e4set vapaasti k\u00e4siksi GPIO-nastoihin. Poista vain yl\u00e4osa ja paina mukana tuleva toinen toppi. Asenna suosikkilautasi \u00e4l\u00e4k\u00e4 ole huolissasi l\u00e4mm\u00f6st\u00e4. J\u00e4\u00e4hdytyselementti on sis\u00e4\u00e4nrakennettu metalliin ja sen tehokkuus on h\u00e4mm\u00e4stytt\u00e4v\u00e4 riippumatta siit\u00e4, mit\u00e4 yl\u00e4osaa k\u00e4yt\u00e4t.<\/p>\n","protected":false},"excerpt":{"rendered":"<p><strong>Flirc Raspberry Pi Zero case <\/strong>Sen lis\u00e4ksi, ett\u00e4 siin\u00e4 on sis\u00e4\u00e4nrakennettu passiivinen j\u00e4\u00e4hdytys Pi j\u00e4\u00e4hdytyselementin muodossa, se on my\u00f6s todella mukava! Se on valmistettu kauniista alumiinista kahden mustan pehme\u00e4n kuoren v\u00e4liss\u00e4, jotka tuntuvat hyv\u00e4lt\u00e4 k\u00e4siss\u00e4si.<\/p>\n<p>Kotelo, joka on liian kaunis piilotettavaksi.<\/p>\n","protected":false},"featured_media":221576,"comment_status":"open","ping_status":"closed","template":"","meta":[],"product_brand":[],"product_cat":[750,736],"product_tag":[],"class_list":{"0":"post-221573","1":"product","2":"type-product","3":"status-publish","4":"has-post-thumbnail","6":"product_cat-raspberry-pi-zero-ja-tarvikkeet","7":"product_cat-raspberry-pi-kotelo","9":"first","10":"outofstock","11":"taxable","12":"shipping-taxable","13":"purchasable","14":"product-type-simple"},"composite_virtual":false,"composite_layout":"","composite_add_to_cart_form_location":"","composite_editable_in_cart":false,"composite_sold_individually_context":"","composite_shop_price_calc":"","composite_components":[],"composite_scenarios":[],"bundled_by":[],"bundle_stock_status":"outofstock","bundle_stock_quantity":0,"bundle_virtual":false,"bundle_layout":"","bundle_add_to_cart_form_location":"","bundle_editable_in_cart":false,"bundle_sold_individually_context":"","bundle_item_grouping":"","bundle_min_size":"","bundle_max_size":"","bundle_price":[],"bundled_items":[],"bundle_sell_ids":[],"yoast_head":"<!-- This site is optimized with the Yoast SEO plugin v27.1.1 - https:\/\/yoast.com\/product\/yoast-seo-wordpress\/ -->\n<title>Flirc Raspberry Pi Zero Heatsink Case \u2022 RaspberryPi.dk<\/title>\n<meta name=\"robots\" content=\"index, follow, max-snippet:-1, max-image-preview:large, max-video-preview:-1\" \/>\n<link rel=\"canonical\" href=\"https:\/\/raspberrypi.dk\/fi\/tuote\/flirc-raspberry-pi-zero-heatsink-case\/\" \/>\n<meta property=\"og:locale\" content=\"fi_FI\" \/>\n<meta property=\"og:type\" content=\"article\" \/>\n<meta property=\"og:title\" content=\"Flirc Raspberry Pi Zero Heatsink Case \u2022 RaspberryPi.dk\" \/>\n<meta property=\"og:description\" content=\"Flirc Raspberry Pi Zero case Sen lis\u00e4ksi, ett\u00e4 siin\u00e4 on sis\u00e4\u00e4nrakennettu passiivinen j\u00e4\u00e4hdytys Pi j\u00e4\u00e4hdytyselementin muodossa, se on my\u00f6s todella mukava! Se on valmistettu kauniista alumiinista kahden mustan pehme\u00e4n kuoren v\u00e4liss\u00e4, jotka tuntuvat hyv\u00e4lt\u00e4 k\u00e4siss\u00e4si.  Kotelo, joka on liian kaunis piilotettavaksi.\" \/>\n<meta property=\"og:url\" content=\"https:\/\/raspberrypi.dk\/fi\/tuote\/flirc-raspberry-pi-zero-heatsink-case\/\" \/>\n<meta property=\"og:site_name\" content=\"RaspberryPi.dk\" \/>\n<meta property=\"article:publisher\" content=\"https:\/\/facebook.com\/RaspberryPiDanmark\" \/>\n<meta property=\"article:modified_time\" content=\"2025-12-30T17:34:28+00:00\" \/>\n<meta property=\"og:image\" content=\"https:\/\/raspberrypi.dk\/wp-content\/uploads\/2020\/05\/flirc-raspberry-pi-zero-case-3.jpg\" \/>\n\t<meta property=\"og:image:width\" content=\"546\" \/>\n\t<meta property=\"og:image:height\" content=\"408\" \/>\n\t<meta property=\"og:image:type\" content=\"image\/jpeg\" \/>\n<meta name=\"twitter:card\" content=\"summary_large_image\" \/>\n<meta name=\"twitter:site\" content=\"@raspberrypidk\" \/>\n<meta name=\"twitter:label1\" content=\"Arvioitu lukuaika\" \/>\n\t<meta name=\"twitter:data1\" content=\"1 minuutti\" \/>\n<script type=\"application\/ld+json\" class=\"yoast-schema-graph\">{\"@context\":\"https:\/\/schema.org\",\"@graph\":[{\"@type\":\"WebPage\",\"@id\":\"https:\/\/raspberrypi.dk\/fi\/tuote\/flirc-raspberry-pi-zero-heatsink-case\/\",\"url\":\"https:\/\/raspberrypi.dk\/fi\/tuote\/flirc-raspberry-pi-zero-heatsink-case\/\",\"name\":\"Flirc Raspberry Pi Zero Heatsink Case \u2022 RaspberryPi.dk\",\"isPartOf\":{\"@id\":\"https:\/\/raspberrypi.dk\/fi\/#website\"},\"primaryImageOfPage\":{\"@id\":\"https:\/\/raspberrypi.dk\/fi\/tuote\/flirc-raspberry-pi-zero-heatsink-case\/#primaryimage\"},\"image\":{\"@id\":\"https:\/\/raspberrypi.dk\/fi\/tuote\/flirc-raspberry-pi-zero-heatsink-case\/#primaryimage\"},\"thumbnailUrl\":\"https:\/\/raspberrypi.dk\/wp-content\/uploads\/2020\/05\/flirc-raspberry-pi-zero-case-3.jpg\",\"datePublished\":\"2020-05-27T10:36:16+00:00\",\"dateModified\":\"2025-12-30T17:34:28+00:00\",\"breadcrumb\":{\"@id\":\"https:\/\/raspberrypi.dk\/fi\/tuote\/flirc-raspberry-pi-zero-heatsink-case\/#breadcrumb\"},\"inLanguage\":\"fi\",\"potentialAction\":[{\"@type\":\"ReadAction\",\"target\":[\"https:\/\/raspberrypi.dk\/fi\/tuote\/flirc-raspberry-pi-zero-heatsink-case\/\"]}]},{\"@type\":\"ImageObject\",\"inLanguage\":\"fi\",\"@id\":\"https:\/\/raspberrypi.dk\/fi\/tuote\/flirc-raspberry-pi-zero-heatsink-case\/#primaryimage\",\"url\":\"https:\/\/raspberrypi.dk\/wp-content\/uploads\/2020\/05\/flirc-raspberry-pi-zero-case-3.jpg\",\"contentUrl\":\"https:\/\/raspberrypi.dk\/wp-content\/uploads\/2020\/05\/flirc-raspberry-pi-zero-case-3.jpg\",\"width\":546,\"height\":408,\"caption\":\"flirc raspberry pi zero case\"},{\"@type\":\"BreadcrumbList\",\"@id\":\"https:\/\/raspberrypi.dk\/fi\/tuote\/flirc-raspberry-pi-zero-heatsink-case\/#breadcrumb\",\"itemListElement\":[{\"@type\":\"ListItem\",\"position\":1,\"name\":\"Hjem\",\"item\":\"https:\/\/raspberrypi.dk\/fi\/raspberry-pi-verkkokauppa\/\"},{\"@type\":\"ListItem\",\"position\":2,\"name\":\"Shop\",\"item\":\"https:\/\/raspberrypi.dk\/fi\/shop-2\/\"},{\"@type\":\"ListItem\",\"position\":3,\"name\":\"Flirc Raspberry Pi Zero Heatsink Case\"}]},{\"@type\":\"WebSite\",\"@id\":\"https:\/\/raspberrypi.dk\/fi\/#website\",\"url\":\"https:\/\/raspberrypi.dk\/fi\/\",\"name\":\"RaspberryPi.dk\",\"description\":\"Danmarks f\u00f8rende Raspberry Pi side!\",\"publisher\":{\"@id\":\"https:\/\/raspberrypi.dk\/fi\/#organization\"},\"potentialAction\":[{\"@type\":\"SearchAction\",\"target\":{\"@type\":\"EntryPoint\",\"urlTemplate\":\"https:\/\/raspberrypi.dk\/fi\/?s={search_term_string}\"},\"query-input\":{\"@type\":\"PropertyValueSpecification\",\"valueRequired\":true,\"valueName\":\"search_term_string\"}}],\"inLanguage\":\"fi\"},{\"@type\":\"Organization\",\"@id\":\"https:\/\/raspberrypi.dk\/fi\/#organization\",\"name\":\"RaspberryPi.dk\",\"url\":\"https:\/\/raspberrypi.dk\/fi\/\",\"logo\":{\"@type\":\"ImageObject\",\"inLanguage\":\"fi\",\"@id\":\"https:\/\/raspberrypi.dk\/fi\/#\/schema\/logo\/image\/\",\"url\":\"https:\/\/raspberrypi.dk\/wp-content\/uploads\/2017\/05\/RaspberryPidk_logo-2.png\",\"contentUrl\":\"https:\/\/raspberrypi.dk\/wp-content\/uploads\/2017\/05\/RaspberryPidk_logo-2.png\",\"width\":470,\"height\":110,\"caption\":\"RaspberryPi.dk\"},\"image\":{\"@id\":\"https:\/\/raspberrypi.dk\/fi\/#\/schema\/logo\/image\/\"},\"sameAs\":[\"https:\/\/facebook.com\/RaspberryPiDanmark\",\"https:\/\/x.com\/raspberrypidk\",\"https:\/\/instagram.com\/raspberrypi.dk\"]}]}<\/script>\n<!-- \/ Yoast SEO plugin. -->","yoast_head_json":{"title":"Flirc Raspberry Pi Zero Heatsink Case \u2022 RaspberryPi.dk","robots":{"index":"index","follow":"follow","max-snippet":"max-snippet:-1","max-image-preview":"max-image-preview:large","max-video-preview":"max-video-preview:-1"},"canonical":"https:\/\/raspberrypi.dk\/fi\/tuote\/flirc-raspberry-pi-zero-heatsink-case\/","og_locale":"fi_FI","og_type":"article","og_title":"Flirc Raspberry Pi Zero Heatsink Case \u2022 RaspberryPi.dk","og_description":"Flirc Raspberry Pi Zero case Sen lis\u00e4ksi, ett\u00e4 siin\u00e4 on sis\u00e4\u00e4nrakennettu passiivinen j\u00e4\u00e4hdytys Pi j\u00e4\u00e4hdytyselementin muodossa, se on my\u00f6s todella mukava! Se on valmistettu kauniista alumiinista kahden mustan pehme\u00e4n kuoren v\u00e4liss\u00e4, jotka tuntuvat hyv\u00e4lt\u00e4 k\u00e4siss\u00e4si.  Kotelo, joka on liian kaunis piilotettavaksi.","og_url":"https:\/\/raspberrypi.dk\/fi\/tuote\/flirc-raspberry-pi-zero-heatsink-case\/","og_site_name":"RaspberryPi.dk","article_publisher":"https:\/\/facebook.com\/RaspberryPiDanmark","article_modified_time":"2025-12-30T17:34:28+00:00","og_image":[{"width":546,"height":408,"url":"https:\/\/raspberrypi.dk\/wp-content\/uploads\/2020\/05\/flirc-raspberry-pi-zero-case-3.jpg","type":"image\/jpeg"}],"twitter_card":"summary_large_image","twitter_site":"@raspberrypidk","twitter_misc":{"Arvioitu lukuaika":"1 minuutti"},"schema":{"@context":"https:\/\/schema.org","@graph":[{"@type":"WebPage","@id":"https:\/\/raspberrypi.dk\/fi\/tuote\/flirc-raspberry-pi-zero-heatsink-case\/","url":"https:\/\/raspberrypi.dk\/fi\/tuote\/flirc-raspberry-pi-zero-heatsink-case\/","name":"Flirc Raspberry Pi Zero Heatsink Case \u2022 RaspberryPi.dk","isPartOf":{"@id":"https:\/\/raspberrypi.dk\/fi\/#website"},"primaryImageOfPage":{"@id":"https:\/\/raspberrypi.dk\/fi\/tuote\/flirc-raspberry-pi-zero-heatsink-case\/#primaryimage"},"image":{"@id":"https:\/\/raspberrypi.dk\/fi\/tuote\/flirc-raspberry-pi-zero-heatsink-case\/#primaryimage"},"thumbnailUrl":"https:\/\/raspberrypi.dk\/wp-content\/uploads\/2020\/05\/flirc-raspberry-pi-zero-case-3.jpg","datePublished":"2020-05-27T10:36:16+00:00","dateModified":"2025-12-30T17:34:28+00:00","breadcrumb":{"@id":"https:\/\/raspberrypi.dk\/fi\/tuote\/flirc-raspberry-pi-zero-heatsink-case\/#breadcrumb"},"inLanguage":"fi","potentialAction":[{"@type":"ReadAction","target":["https:\/\/raspberrypi.dk\/fi\/tuote\/flirc-raspberry-pi-zero-heatsink-case\/"]}]},{"@type":"ImageObject","inLanguage":"fi","@id":"https:\/\/raspberrypi.dk\/fi\/tuote\/flirc-raspberry-pi-zero-heatsink-case\/#primaryimage","url":"https:\/\/raspberrypi.dk\/wp-content\/uploads\/2020\/05\/flirc-raspberry-pi-zero-case-3.jpg","contentUrl":"https:\/\/raspberrypi.dk\/wp-content\/uploads\/2020\/05\/flirc-raspberry-pi-zero-case-3.jpg","width":546,"height":408,"caption":"flirc raspberry pi zero case"},{"@type":"BreadcrumbList","@id":"https:\/\/raspberrypi.dk\/fi\/tuote\/flirc-raspberry-pi-zero-heatsink-case\/#breadcrumb","itemListElement":[{"@type":"ListItem","position":1,"name":"Hjem","item":"https:\/\/raspberrypi.dk\/fi\/raspberry-pi-verkkokauppa\/"},{"@type":"ListItem","position":2,"name":"Shop","item":"https:\/\/raspberrypi.dk\/fi\/shop-2\/"},{"@type":"ListItem","position":3,"name":"Flirc Raspberry Pi Zero Heatsink Case"}]},{"@type":"WebSite","@id":"https:\/\/raspberrypi.dk\/fi\/#website","url":"https:\/\/raspberrypi.dk\/fi\/","name":"RaspberryPi.dk","description":"Danmarks f\u00f8rende Raspberry Pi side!","publisher":{"@id":"https:\/\/raspberrypi.dk\/fi\/#organization"},"potentialAction":[{"@type":"SearchAction","target":{"@type":"EntryPoint","urlTemplate":"https:\/\/raspberrypi.dk\/fi\/?s={search_term_string}"},"query-input":{"@type":"PropertyValueSpecification","valueRequired":true,"valueName":"search_term_string"}}],"inLanguage":"fi"},{"@type":"Organization","@id":"https:\/\/raspberrypi.dk\/fi\/#organization","name":"RaspberryPi.dk","url":"https:\/\/raspberrypi.dk\/fi\/","logo":{"@type":"ImageObject","inLanguage":"fi","@id":"https:\/\/raspberrypi.dk\/fi\/#\/schema\/logo\/image\/","url":"https:\/\/raspberrypi.dk\/wp-content\/uploads\/2017\/05\/RaspberryPidk_logo-2.png","contentUrl":"https:\/\/raspberrypi.dk\/wp-content\/uploads\/2017\/05\/RaspberryPidk_logo-2.png","width":470,"height":110,"caption":"RaspberryPi.dk"},"image":{"@id":"https:\/\/raspberrypi.dk\/fi\/#\/schema\/logo\/image\/"},"sameAs":["https:\/\/facebook.com\/RaspberryPiDanmark","https:\/\/x.com\/raspberrypidk","https:\/\/instagram.com\/raspberrypi.dk"]}]}},"_links":{"self":[{"href":"https:\/\/raspberrypi.dk\/fi\/wp-json\/wp\/v2\/product\/221573","targetHints":{"allow":["GET"]}}],"collection":[{"href":"https:\/\/raspberrypi.dk\/fi\/wp-json\/wp\/v2\/product"}],"about":[{"href":"https:\/\/raspberrypi.dk\/fi\/wp-json\/wp\/v2\/types\/product"}],"replies":[{"embeddable":true,"href":"https:\/\/raspberrypi.dk\/fi\/wp-json\/wp\/v2\/comments?post=221573"}],"wp:featuredmedia":[{"embeddable":true,"href":"https:\/\/raspberrypi.dk\/fi\/wp-json\/wp\/v2\/media\/221576"}],"wp:attachment":[{"href":"https:\/\/raspberrypi.dk\/fi\/wp-json\/wp\/v2\/media?parent=221573"}],"wp:term":[{"taxonomy":"product_brand","embeddable":true,"href":"https:\/\/raspberrypi.dk\/fi\/wp-json\/wp\/v2\/product_brand?post=221573"},{"taxonomy":"product_cat","embeddable":true,"href":"https:\/\/raspberrypi.dk\/fi\/wp-json\/wp\/v2\/product_cat?post=221573"},{"taxonomy":"product_tag","embeddable":true,"href":"https:\/\/raspberrypi.dk\/fi\/wp-json\/wp\/v2\/product_tag?post=221573"}],"curies":[{"name":"wp","href":"https:\/\/api.w.org\/{rel}","templated":true}]}}