{"id":221605,"date":"2020-05-15T13:44:02","date_gmt":"2020-05-15T11:44:02","guid":{"rendered":"https:\/\/raspberrypi.dk\/produkt\/raspberry-pi-4-model-b-starter-kit\/"},"modified":"2025-06-13T01:56:34","modified_gmt":"2025-06-12T23:56:34","slug":"raspberry-pi-4-model-b-starter-kit","status":"publish","type":"product","link":"https:\/\/raspberrypi.dk\/fi\/tuote\/raspberry-pi-4-model-b-starter-kit\/","title":{"rendered":"Raspberry Pi 4 Model B Starter Kit"},"content":{"rendered":"<hr \/>\n<p><strong>Suosituin aloituspakettimme.<\/strong> Pakkaus sis\u00e4lt\u00e4\u00e4 Raspberry Pi 4 Model B, Micro SD -kortin, virtal\u00e4hteen ja kotelon. Lis\u00e4ksi voit tarvittaessa lis\u00e4t\u00e4 Micro HDMI:n HDMI-kaapeliin, Ethernet-kaapeliin, j\u00e4\u00e4hdytyselementtiin, n\u00e4pp\u00e4imist\u00f6\u00f6n ja\/tai hiireen. Olet siis nopeasti k\u00e4ytt\u00f6valmis Raspberry Pi 4 Starter Kitin avulla todella edulliseen hintaan.<\/p>\n<p>RaspberryPi.dk Pi 4 Model B Starter Kit sis\u00e4lt\u00e4\u00e4 siis Raspberry Pi 4 Model B laadukkaine lis\u00e4varusteineen ja mahdollisuuksien mukaan my\u00f6s viralliset Raspberry Pi -tuotteet. Voit siis olla varma, ett\u00e4 saat asennuksen, joka toimii hyvin. My\u00f6s SD-korttimme ovat korkealaatuisia.<\/p>\n","protected":false},"excerpt":{"rendered":"<p>Aloitussarjamme sis\u00e4lt\u00e4\u00e4 tarvittavat tuotteet Raspberry Pi:n k\u00e4yt\u00f6n aloittamiseen. Vaihtoehdot alla.<\/p>\n<p>Tarvitseeko yrityksesi suuremman m\u00e4\u00e4r\u00e4n aloituspaketteja tai apua Raspberry Pi hardware\/software?<a href=\"https:\/\/raspberrypi.dk\/fi\/b2b-myynti\/\"> Ota meihin yhteytt\u00e4 t\u00e4st\u00e4.<\/a><\/p>\n","protected":false},"featured_media":221606,"comment_status":"open","ping_status":"closed","template":"","meta":[],"product_brand":[],"product_cat":[735],"product_tag":[719],"class_list":{"0":"post-221605","1":"product","2":"type-product","3":"status-publish","4":"has-post-thumbnail","6":"product_cat-aloituspaketit-ja-sarjat","7":"product_tag-rpi4-fi","9":"first","10":"instock","11":"taxable","12":"shipping-taxable","13":"purchasable","14":"product-type-composite"},"composite_virtual":false,"composite_layout":"single","composite_add_to_cart_form_location":"default","composite_editable_in_cart":false,"composite_sold_individually_context":"product","composite_shop_price_calc":"min_max","composite_components":[{"id":"1590496137","title":"Raspberry Pi 4 Model B","description":"","query_type":"product_ids","query_ids":[220814,221586,361620,221585,221581],"default_option_id":221585,"thumbnail_id":"","thumbnail_src":"","quantity_min":1,"quantity_max":1,"priced_individually":true,"shipped_individually":false,"optional":false,"discount":"","options_style":"dropdowns","pagination_style":"classic","display_prices":"relative","show_sorting_options":false,"show_filtering_options":false,"attribute_filter_ids":[],"select_action":"view","product_title_visible":false,"product_descr_visible":false,"product_price_visible":false,"product_thumb_visible":true,"subtotal_visible_product":false,"subtotal_visible_cart":false,"subtotal_visible_orders":false},{"id":"1589550243","title":"Micro SD Kort","description":"","query_type":"product_ids","query_ids":[232643,221935,232647,221780,238619,221979,342827,219744],"default_option_id":232647,"thumbnail_id":"","thumbnail_src":"","quantity_min":1,"quantity_max":1,"priced_individually":true,"shipped_individually":false,"optional":false,"discount":"","options_style":"dropdowns","pagination_style":"classic","display_prices":"relative","show_sorting_options":false,"show_filtering_options":false,"attribute_filter_ids":[],"select_action":"view","product_title_visible":false,"product_descr_visible":false,"product_price_visible":false,"product_thumb_visible":true,"subtotal_visible_product":false,"subtotal_visible_cart":false,"subtotal_visible_orders":false},{"id":"1589551415","title":"Virtal\u00e4hde","description":"","query_type":"product_ids","query_ids":[221948,222035,220942],"default_option_id":222035,"thumbnail_id":"","thumbnail_src":"","quantity_min":1,"quantity_max":1,"priced_individually":true,"shipped_individually":false,"optional":false,"discount":"","options_style":"dropdowns","pagination_style":"classic","display_prices":"relative","show_sorting_options":false,"show_filtering_options":false,"attribute_filter_ids":[],"select_action":"view","product_title_visible":false,"product_descr_visible":false,"product_price_visible":false,"product_thumb_visible":true,"subtotal_visible_product":false,"subtotal_visible_cart":false,"subtotal_visible_orders":false},{"id":"1589550589","title":"Case","description":"","query_type":"product_ids","query_ids":[222026,221939,221883,221700,221782,220735,220745,221615,220179,221596,221661,221875,221871,221822,221284],"default_option_id":221939,"thumbnail_id":"","thumbnail_src":"","quantity_min":1,"quantity_max":1,"priced_individually":true,"shipped_individually":false,"optional":false,"discount":"","options_style":"dropdowns","pagination_style":"classic","display_prices":"relative","show_sorting_options":false,"show_filtering_options":false,"attribute_filter_ids":[],"select_action":"view","product_title_visible":false,"product_descr_visible":false,"product_price_visible":false,"product_thumb_visible":true,"subtotal_visible_product":false,"subtotal_visible_cart":false,"subtotal_visible_orders":false},{"id":"1602500505","title":"J\u00e4\u00e4hdytys","description":"","query_type":"product_ids","query_ids":[222160,221879,219874,221385,220729],"default_option_id":"","thumbnail_id":"","thumbnail_src":"","quantity_min":1,"quantity_max":1,"priced_individually":true,"shipped_individually":false,"optional":true,"discount":"","options_style":"dropdowns","pagination_style":"classic","display_prices":"relative","show_sorting_options":false,"show_filtering_options":false,"attribute_filter_ids":[],"select_action":"view","product_title_visible":false,"product_descr_visible":false,"product_price_visible":false,"product_thumb_visible":true,"subtotal_visible_product":false,"subtotal_visible_cart":false,"subtotal_visible_orders":false},{"id":"1590496769","title":"Micro HDMI","description":"","query_type":"product_ids","query_ids":[221650,222024,221654,221656,221652],"default_option_id":"","thumbnail_id":"","thumbnail_src":"","quantity_min":1,"quantity_max":1,"priced_individually":true,"shipped_individually":false,"optional":true,"discount":"","options_style":"dropdowns","pagination_style":"classic","display_prices":"relative","show_sorting_options":false,"show_filtering_options":false,"attribute_filter_ids":[],"select_action":"view","product_title_visible":false,"product_descr_visible":false,"product_price_visible":false,"product_thumb_visible":true,"subtotal_visible_product":false,"subtotal_visible_cart":false,"subtotal_visible_orders":false},{"id":"1590497350","title":"Ethernet Kabel","description":"","query_type":"product_ids","query_ids":[221689,222040],"default_option_id":"","thumbnail_id":"","thumbnail_src":"","quantity_min":1,"quantity_max":1,"priced_individually":true,"shipped_individually":false,"optional":true,"discount":"","options_style":"dropdowns","pagination_style":"classic","display_prices":"relative","show_sorting_options":false,"show_filtering_options":false,"attribute_filter_ids":[],"select_action":"view","product_title_visible":false,"product_descr_visible":false,"product_price_visible":false,"product_thumb_visible":true,"subtotal_visible_product":false,"subtotal_visible_cart":false,"subtotal_visible_orders":false},{"id":"1602500506","title":"N\u00e4pp\u00e4imist\u00f6","description":"","query_type":"product_ids","query_ids":[221430,221995],"default_option_id":"","thumbnail_id":"","thumbnail_src":"","quantity_min":1,"quantity_max":1,"priced_individually":true,"shipped_individually":false,"optional":true,"discount":"","options_style":"dropdowns","pagination_style":"classic","display_prices":"relative","show_sorting_options":false,"show_filtering_options":false,"attribute_filter_ids":[],"select_action":"view","product_title_visible":false,"product_descr_visible":false,"product_price_visible":false,"product_thumb_visible":true,"subtotal_visible_product":false,"subtotal_visible_cart":false,"subtotal_visible_orders":false},{"id":"1602500693","title":"Menn\u00e4","description":"","query_type":"product_ids","query_ids":[221410],"default_option_id":"","thumbnail_id":"","thumbnail_src":"","quantity_min":1,"quantity_max":1,"priced_individually":true,"shipped_individually":false,"optional":true,"discount":"","options_style":"dropdowns","pagination_style":"classic","display_prices":"relative","show_sorting_options":false,"show_filtering_options":false,"attribute_filter_ids":[],"select_action":"view","product_title_visible":false,"product_descr_visible":false,"product_price_visible":false,"product_thumb_visible":true,"subtotal_visible_product":false,"subtotal_visible_cart":false,"subtotal_visible_orders":false}],"composite_scenarios":[{"id":"1622458126","name":"Skjul officiel bl\u00e6ser\/heatsink hvis ikke officiel case","description":"","configuration":[{"component_id":"1589550589","options_modifier":"not-in","component_options":[]}],"actions":[{"action_id":"compat_group","is_active":false},{"action_id":"conditional_components","is_active":false,"hidden_components":[]},{"action_id":"conditional_options","is_active":true,"hidden_options":[{"component_id":"1602500505","component_options":[221385],"options_modifier":"in"}]}],"enabled":true},{"id":"1622458265","name":"Skjul k\u00f8ling hvis case allerede har k\u00f8ling","description":"","configuration":[{"component_id":"1589550589","options_modifier":"in","component_options":[]}],"actions":[{"action_id":"compat_group","is_active":false},{"action_id":"conditional_components","is_active":true,"hidden_components":["1602500505"]},{"action_id":"conditional_options","is_active":false,"hidden_options":[]}],"enabled":true},{"id":"1622458489","name":"Skjul power hat bl\u00e6ser hvis andre cases","description":"","configuration":[{"component_id":"1589550589","options_modifier":"not-in","component_options":[]}],"actions":[{"action_id":"compat_group","is_active":false},{"action_id":"conditional_components","is_active":false,"hidden_components":[]},{"action_id":"conditional_options","is_active":true,"hidden_options":[{"component_id":"1602500505","component_options":[133826],"options_modifier":"in"}]}],"enabled":true},{"id":"1622458491","name":"Skjul micro HDMI hvis argon one v2 valgt","description":"","configuration":[{"component_id":"1589550589","options_modifier":"in","component_options":[]}],"actions":[{"action_id":"compat_group","is_active":false},{"action_id":"conditional_components","is_active":true,"hidden_components":["1590496769"]},{"action_id":"conditional_options","is_active":false,"hidden_options":[]}],"enabled":true},{"id":"1634140826","name":"Skjul highpi bl\u00e6ser hvis andre cases","description":"","configuration":[{"component_id":"1589550589","options_modifier":"not-in","component_options":[]}],"actions":[{"action_id":"compat_group","is_active":false},{"action_id":"conditional_components","is_active":false,"hidden_components":[]},{"action_id":"conditional_options","is_active":true,"hidden_options":[{"component_id":"1602500505","component_options":[220729],"options_modifier":"in"}]}],"enabled":true},{"id":"1651150710","name":"vis kun cases til poe+ hat n\u00e5r poe+ hat valgt","description":"","configuration":[{"component_id":"1589551415","options_modifier":"in","component_options":[]}],"actions":[{"action_id":"compat_group","is_active":false},{"action_id":"conditional_components","is_active":false,"hidden_components":[]},{"action_id":"conditional_options","is_active":true,"hidden_options":[{"component_id":"1589550589","component_options":[221782,220735,220745,220179,221596],"options_modifier":"not-in"}]}],"enabled":true}],"bundled_by":[],"bundle_stock_status":"instock","bundle_stock_quantity":null,"bundle_virtual":false,"bundle_layout":"","bundle_add_to_cart_form_location":"","bundle_editable_in_cart":false,"bundle_sold_individually_context":"","bundle_item_grouping":"","bundle_min_size":"","bundle_max_size":"","bundle_price":[],"bundled_items":[],"bundle_sell_ids":[],"yoast_head":"<!-- This site is optimized with the Yoast SEO plugin v27.1.1 - https:\/\/yoast.com\/product\/yoast-seo-wordpress\/ -->\n<title>Raspberry Pi 4 Model B Starter Kit \u2022 RaspberryPi.dk<\/title>\n<meta name=\"robots\" content=\"index, follow, max-snippet:-1, max-image-preview:large, max-video-preview:-1\" \/>\n<link rel=\"canonical\" href=\"https:\/\/raspberrypi.dk\/fi\/tuote\/raspberry-pi-4-model-b-starter-kit\/\" \/>\n<meta property=\"og:locale\" content=\"fi_FI\" \/>\n<meta property=\"og:type\" content=\"article\" \/>\n<meta property=\"og:title\" content=\"Raspberry Pi 4 Model B Starter Kit \u2022 RaspberryPi.dk\" \/>\n<meta property=\"og:description\" content=\"Aloitussarjamme sis\u00e4lt\u00e4\u00e4 tarvittavat tuotteet Raspberry Pi:n k\u00e4yt\u00f6n aloittamiseen. Vaihtoehdot alla.  Tarvitseeko yrityksesi suuremman m\u00e4\u00e4r\u00e4n aloituspaketteja tai apua Raspberry Pi hardware\/software? Ota meihin yhteytt\u00e4 t\u00e4st\u00e4.\" \/>\n<meta property=\"og:url\" content=\"https:\/\/raspberrypi.dk\/fi\/tuote\/raspberry-pi-4-model-b-starter-kit\/\" \/>\n<meta property=\"og:site_name\" content=\"RaspberryPi.dk\" \/>\n<meta property=\"article:publisher\" content=\"https:\/\/facebook.com\/RaspberryPiDanmark\" \/>\n<meta property=\"article:modified_time\" content=\"2025-06-12T23:56:34+00:00\" \/>\n<meta property=\"og:image\" content=\"https:\/\/raspberrypi.dk\/wp-content\/uploads\/2020\/05\/raspberry-pi-4-model-b-starter-kit.jpg\" \/>\n\t<meta property=\"og:image:width\" content=\"1024\" \/>\n\t<meta property=\"og:image:height\" content=\"1024\" \/>\n\t<meta property=\"og:image:type\" content=\"image\/jpeg\" \/>\n<meta name=\"twitter:card\" content=\"summary_large_image\" \/>\n<meta name=\"twitter:site\" content=\"@raspberrypidk\" \/>\n<meta name=\"twitter:label1\" content=\"Arvioitu lukuaika\" \/>\n\t<meta name=\"twitter:data1\" content=\"1 minuutti\" \/>\n<script type=\"application\/ld+json\" class=\"yoast-schema-graph\">{\"@context\":\"https:\/\/schema.org\",\"@graph\":[{\"@type\":\"WebPage\",\"@id\":\"https:\/\/raspberrypi.dk\/fi\/tuote\/raspberry-pi-4-model-b-starter-kit\/\",\"url\":\"https:\/\/raspberrypi.dk\/fi\/tuote\/raspberry-pi-4-model-b-starter-kit\/\",\"name\":\"Raspberry Pi 4 Model B Starter Kit \u2022 RaspberryPi.dk\",\"isPartOf\":{\"@id\":\"https:\/\/raspberrypi.dk\/fi\/#website\"},\"primaryImageOfPage\":{\"@id\":\"https:\/\/raspberrypi.dk\/fi\/tuote\/raspberry-pi-4-model-b-starter-kit\/#primaryimage\"},\"image\":{\"@id\":\"https:\/\/raspberrypi.dk\/fi\/tuote\/raspberry-pi-4-model-b-starter-kit\/#primaryimage\"},\"thumbnailUrl\":\"https:\/\/raspberrypi.dk\/wp-content\/uploads\/2020\/05\/raspberry-pi-4-model-b-starter-kit.jpg\",\"datePublished\":\"2020-05-15T11:44:02+00:00\",\"dateModified\":\"2025-06-12T23:56:34+00:00\",\"breadcrumb\":{\"@id\":\"https:\/\/raspberrypi.dk\/fi\/tuote\/raspberry-pi-4-model-b-starter-kit\/#breadcrumb\"},\"inLanguage\":\"fi\",\"potentialAction\":[{\"@type\":\"ReadAction\",\"target\":[\"https:\/\/raspberrypi.dk\/fi\/tuote\/raspberry-pi-4-model-b-starter-kit\/\"]}]},{\"@type\":\"ImageObject\",\"inLanguage\":\"fi\",\"@id\":\"https:\/\/raspberrypi.dk\/fi\/tuote\/raspberry-pi-4-model-b-starter-kit\/#primaryimage\",\"url\":\"https:\/\/raspberrypi.dk\/wp-content\/uploads\/2020\/05\/raspberry-pi-4-model-b-starter-kit.jpg\",\"contentUrl\":\"https:\/\/raspberrypi.dk\/wp-content\/uploads\/2020\/05\/raspberry-pi-4-model-b-starter-kit.jpg\",\"width\":1024,\"height\":1024,\"caption\":\"raspberry pi 4 starter kit\"},{\"@type\":\"BreadcrumbList\",\"@id\":\"https:\/\/raspberrypi.dk\/fi\/tuote\/raspberry-pi-4-model-b-starter-kit\/#breadcrumb\",\"itemListElement\":[{\"@type\":\"ListItem\",\"position\":1,\"name\":\"Hjem\",\"item\":\"https:\/\/raspberrypi.dk\/fi\/raspberry-pi-verkkokauppa\/\"},{\"@type\":\"ListItem\",\"position\":2,\"name\":\"Shop\",\"item\":\"https:\/\/raspberrypi.dk\/fi\/shop-2\/\"},{\"@type\":\"ListItem\",\"position\":3,\"name\":\"Raspberry Pi 4 Model B Starter Kit\"}]},{\"@type\":\"WebSite\",\"@id\":\"https:\/\/raspberrypi.dk\/fi\/#website\",\"url\":\"https:\/\/raspberrypi.dk\/fi\/\",\"name\":\"RaspberryPi.dk\",\"description\":\"Danmarks f\u00f8rende Raspberry Pi side!\",\"publisher\":{\"@id\":\"https:\/\/raspberrypi.dk\/fi\/#organization\"},\"potentialAction\":[{\"@type\":\"SearchAction\",\"target\":{\"@type\":\"EntryPoint\",\"urlTemplate\":\"https:\/\/raspberrypi.dk\/fi\/?s={search_term_string}\"},\"query-input\":{\"@type\":\"PropertyValueSpecification\",\"valueRequired\":true,\"valueName\":\"search_term_string\"}}],\"inLanguage\":\"fi\"},{\"@type\":\"Organization\",\"@id\":\"https:\/\/raspberrypi.dk\/fi\/#organization\",\"name\":\"RaspberryPi.dk\",\"url\":\"https:\/\/raspberrypi.dk\/fi\/\",\"logo\":{\"@type\":\"ImageObject\",\"inLanguage\":\"fi\",\"@id\":\"https:\/\/raspberrypi.dk\/fi\/#\/schema\/logo\/image\/\",\"url\":\"https:\/\/raspberrypi.dk\/wp-content\/uploads\/2017\/05\/RaspberryPidk_logo-2.png\",\"contentUrl\":\"https:\/\/raspberrypi.dk\/wp-content\/uploads\/2017\/05\/RaspberryPidk_logo-2.png\",\"width\":470,\"height\":110,\"caption\":\"RaspberryPi.dk\"},\"image\":{\"@id\":\"https:\/\/raspberrypi.dk\/fi\/#\/schema\/logo\/image\/\"},\"sameAs\":[\"https:\/\/facebook.com\/RaspberryPiDanmark\",\"https:\/\/x.com\/raspberrypidk\",\"https:\/\/instagram.com\/raspberrypi.dk\"]}]}<\/script>\n<!-- \/ Yoast SEO plugin. -->","yoast_head_json":{"title":"Raspberry Pi 4 Model B Starter Kit \u2022 RaspberryPi.dk","robots":{"index":"index","follow":"follow","max-snippet":"max-snippet:-1","max-image-preview":"max-image-preview:large","max-video-preview":"max-video-preview:-1"},"canonical":"https:\/\/raspberrypi.dk\/fi\/tuote\/raspberry-pi-4-model-b-starter-kit\/","og_locale":"fi_FI","og_type":"article","og_title":"Raspberry Pi 4 Model B Starter Kit \u2022 RaspberryPi.dk","og_description":"Aloitussarjamme sis\u00e4lt\u00e4\u00e4 tarvittavat tuotteet Raspberry Pi:n k\u00e4yt\u00f6n aloittamiseen. Vaihtoehdot alla.  Tarvitseeko yrityksesi suuremman m\u00e4\u00e4r\u00e4n aloituspaketteja tai apua Raspberry Pi hardware\/software? Ota meihin yhteytt\u00e4 t\u00e4st\u00e4.","og_url":"https:\/\/raspberrypi.dk\/fi\/tuote\/raspberry-pi-4-model-b-starter-kit\/","og_site_name":"RaspberryPi.dk","article_publisher":"https:\/\/facebook.com\/RaspberryPiDanmark","article_modified_time":"2025-06-12T23:56:34+00:00","og_image":[{"width":1024,"height":1024,"url":"https:\/\/raspberrypi.dk\/wp-content\/uploads\/2020\/05\/raspberry-pi-4-model-b-starter-kit.jpg","type":"image\/jpeg"}],"twitter_card":"summary_large_image","twitter_site":"@raspberrypidk","twitter_misc":{"Arvioitu lukuaika":"1 minuutti"},"schema":{"@context":"https:\/\/schema.org","@graph":[{"@type":"WebPage","@id":"https:\/\/raspberrypi.dk\/fi\/tuote\/raspberry-pi-4-model-b-starter-kit\/","url":"https:\/\/raspberrypi.dk\/fi\/tuote\/raspberry-pi-4-model-b-starter-kit\/","name":"Raspberry Pi 4 Model B Starter Kit \u2022 RaspberryPi.dk","isPartOf":{"@id":"https:\/\/raspberrypi.dk\/fi\/#website"},"primaryImageOfPage":{"@id":"https:\/\/raspberrypi.dk\/fi\/tuote\/raspberry-pi-4-model-b-starter-kit\/#primaryimage"},"image":{"@id":"https:\/\/raspberrypi.dk\/fi\/tuote\/raspberry-pi-4-model-b-starter-kit\/#primaryimage"},"thumbnailUrl":"https:\/\/raspberrypi.dk\/wp-content\/uploads\/2020\/05\/raspberry-pi-4-model-b-starter-kit.jpg","datePublished":"2020-05-15T11:44:02+00:00","dateModified":"2025-06-12T23:56:34+00:00","breadcrumb":{"@id":"https:\/\/raspberrypi.dk\/fi\/tuote\/raspberry-pi-4-model-b-starter-kit\/#breadcrumb"},"inLanguage":"fi","potentialAction":[{"@type":"ReadAction","target":["https:\/\/raspberrypi.dk\/fi\/tuote\/raspberry-pi-4-model-b-starter-kit\/"]}]},{"@type":"ImageObject","inLanguage":"fi","@id":"https:\/\/raspberrypi.dk\/fi\/tuote\/raspberry-pi-4-model-b-starter-kit\/#primaryimage","url":"https:\/\/raspberrypi.dk\/wp-content\/uploads\/2020\/05\/raspberry-pi-4-model-b-starter-kit.jpg","contentUrl":"https:\/\/raspberrypi.dk\/wp-content\/uploads\/2020\/05\/raspberry-pi-4-model-b-starter-kit.jpg","width":1024,"height":1024,"caption":"raspberry pi 4 starter kit"},{"@type":"BreadcrumbList","@id":"https:\/\/raspberrypi.dk\/fi\/tuote\/raspberry-pi-4-model-b-starter-kit\/#breadcrumb","itemListElement":[{"@type":"ListItem","position":1,"name":"Hjem","item":"https:\/\/raspberrypi.dk\/fi\/raspberry-pi-verkkokauppa\/"},{"@type":"ListItem","position":2,"name":"Shop","item":"https:\/\/raspberrypi.dk\/fi\/shop-2\/"},{"@type":"ListItem","position":3,"name":"Raspberry Pi 4 Model B Starter Kit"}]},{"@type":"WebSite","@id":"https:\/\/raspberrypi.dk\/fi\/#website","url":"https:\/\/raspberrypi.dk\/fi\/","name":"RaspberryPi.dk","description":"Danmarks f\u00f8rende Raspberry Pi side!","publisher":{"@id":"https:\/\/raspberrypi.dk\/fi\/#organization"},"potentialAction":[{"@type":"SearchAction","target":{"@type":"EntryPoint","urlTemplate":"https:\/\/raspberrypi.dk\/fi\/?s={search_term_string}"},"query-input":{"@type":"PropertyValueSpecification","valueRequired":true,"valueName":"search_term_string"}}],"inLanguage":"fi"},{"@type":"Organization","@id":"https:\/\/raspberrypi.dk\/fi\/#organization","name":"RaspberryPi.dk","url":"https:\/\/raspberrypi.dk\/fi\/","logo":{"@type":"ImageObject","inLanguage":"fi","@id":"https:\/\/raspberrypi.dk\/fi\/#\/schema\/logo\/image\/","url":"https:\/\/raspberrypi.dk\/wp-content\/uploads\/2017\/05\/RaspberryPidk_logo-2.png","contentUrl":"https:\/\/raspberrypi.dk\/wp-content\/uploads\/2017\/05\/RaspberryPidk_logo-2.png","width":470,"height":110,"caption":"RaspberryPi.dk"},"image":{"@id":"https:\/\/raspberrypi.dk\/fi\/#\/schema\/logo\/image\/"},"sameAs":["https:\/\/facebook.com\/RaspberryPiDanmark","https:\/\/x.com\/raspberrypidk","https:\/\/instagram.com\/raspberrypi.dk"]}]}},"_links":{"self":[{"href":"https:\/\/raspberrypi.dk\/fi\/wp-json\/wp\/v2\/product\/221605","targetHints":{"allow":["GET"]}}],"collection":[{"href":"https:\/\/raspberrypi.dk\/fi\/wp-json\/wp\/v2\/product"}],"about":[{"href":"https:\/\/raspberrypi.dk\/fi\/wp-json\/wp\/v2\/types\/product"}],"replies":[{"embeddable":true,"href":"https:\/\/raspberrypi.dk\/fi\/wp-json\/wp\/v2\/comments?post=221605"}],"wp:featuredmedia":[{"embeddable":true,"href":"https:\/\/raspberrypi.dk\/fi\/wp-json\/wp\/v2\/media\/221606"}],"wp:attachment":[{"href":"https:\/\/raspberrypi.dk\/fi\/wp-json\/wp\/v2\/media?parent=221605"}],"wp:term":[{"taxonomy":"product_brand","embeddable":true,"href":"https:\/\/raspberrypi.dk\/fi\/wp-json\/wp\/v2\/product_brand?post=221605"},{"taxonomy":"product_cat","embeddable":true,"href":"https:\/\/raspberrypi.dk\/fi\/wp-json\/wp\/v2\/product_cat?post=221605"},{"taxonomy":"product_tag","embeddable":true,"href":"https:\/\/raspberrypi.dk\/fi\/wp-json\/wp\/v2\/product_tag?post=221605"}],"curies":[{"name":"wp","href":"https:\/\/api.w.org\/{rel}","templated":true}]}}