{"id":221636,"date":"2020-04-30T09:00:46","date_gmt":"2020-04-30T07:00:46","guid":{"rendered":"https:\/\/raspberrypi.dk\/produkt\/raspberry-pi-high-quality-camera-c-cs-mount\/"},"modified":"2026-01-10T19:53:42","modified_gmt":"2026-01-10T18:53:42","slug":"raspberry-pi-high-quality-camera-c-cs-mount","status":"publish","type":"product","link":"https:\/\/raspberrypi.dk\/fi\/tuote\/raspberry-pi-high-quality-camera-c-cs-mount\/","title":{"rendered":"Raspberry Pi High Quality Camera &#8211; C\/CS Mount"},"content":{"rendered":"<section class=\"c-product-slice t-product-slice\">\n<div class=\"o-container\">\n<div class=\"c-product-slice__content c-product-slice__content--text\">\n<p><strong>HUOMIO!<\/strong> Raspberry Pi HQ -kamera vaatii objektiivin. Katso <a href=\"https:\/\/raspberrypi.dk\/fi\/myymala\/kategoria\/camera\/\">Raspberry Pi HQ -objektiivimme t\u00e4\u00e4lt\u00e4.<\/a><\/p>\n<p>Raspberry Pi HQ Camera tarjoaa vaihtoehdon Raspberry Pi Camera Board v2:lle teollisuus- ja kuluttajasovelluksiin, esimerkiksi turvakameroihin, jotka vaativat korkeaa laatua ja\/tai integrointia erikoisoptiikkaan. Se on yhteensopiva kaikkien Raspberry Pi -tietokoneiden kanssa Raspberry Pi 1 Model B:st\u00e4 alkaen uusimmalla ohjelmistojulkaisulla.<\/p>\n<p>Pakkaus sis\u00e4lt\u00e4\u00e4 levyn, jossa on Sony IMX477 -anturi, FPC-kaapelin Raspberry Pi -tietokoneeseen liitt\u00e4mist\u00e4 varten, harjatusta alumiinista objektiivin pidikkeen integroidulla jalustakiinnikkeell\u00e4 ja tarkennuksen s\u00e4\u00e4t\u00f6renkaalla sek\u00e4 C-CS-kiinnityssovittimen.<\/p>\n<h2 class=\"c-type-display c-product-slice__heading\">Specifications<\/h2>\n<div class=\"c-wysiwyg c-product-slice__content\">\n<ul>\n<li>Sony IMX477R stacked, back-illuminated sensor, 12.3 megapixels, 7.9 mm sensor diagonal, 1.55 \u03bcm \u00d7 1.55 \u03bcm pixel size<\/li>\n<li>Output: RAW12\/10\/8, COMP8<\/li>\n<li>Back focus length of lens: 2.6mm\u201311.8mm (M12 Mount variant), 12.5mm\u201322.4mm (CS Mount variant)<\/li>\n<li>Lens sensor format: 1\/2.3\u201d (7.9mm) or larger<\/li>\n<li>IR cut filter:\u00a0Integrated<\/li>\n<li>Ribbon cable length: 200 mm<\/li>\n<li>Tripod mount: 1\/4\u201d-20<\/li>\n<\/ul>\n<\/div>\n<\/div>\n<\/div>\n<\/section>\n<section class=\"c-product-slice t-product-slice\">\n<div class=\"o-container\">\n<div class=\"c-product-slice__content c-product-slice__content--text\">\n<h2 class=\"c-type-display c-product-slice__heading\">Cable compatibility<\/h2>\n<div class=\"c-wysiwyg c-product-slice__content\">\n<p>All models of Raspberry Pi Zero require a Raspberry Pi Zero camera cable to connect to the Raspberry Pi High Quality Camera; the standard cable supplied with the camera is not compatible with the smaller Raspberry Pi Zero camera connector. Suitable cables are available at low cost from many Raspberry Pi Approved Resellers, and are supplied with the\u00a0<a href=\"https:\/\/www.raspberrypi.com\/products\/raspberry-pi-zero-case\/\" target=\"_blank\" rel=\"noopener noreferrer\">Raspberry Pi Zero Case<\/a>.<\/p>\n<\/div>\n<\/div>\n<\/div>\n<\/section>\n<section class=\"c-product-slice t-product-slice\">\n<div class=\"o-container\">\n<div class=\"c-product-slice__content c-product-slice__content--text\">\n<h2 class=\"c-type-display c-product-slice__heading\">High Quality Camera CS Mount: fitting CS- and C-mount lenses<\/h2>\n<div class=\"c-wysiwyg c-product-slice__content\">\n<p>The High Quality Camera CS Mount variant is designed to accept CS-mount lenses and, with the supplied adapter, C-mount lenses. The CGL 6 mm CS-mount and 16 mm C-mount lenses are examples of third-party products that are compatible with the High Quality Camera; see step-by-step instructions for fitting these\u00a0<a href=\"https:\/\/datasheets.raspberrypi.com\/hq-camera\/cs-mount-lens-guide.pdf\" target=\"_blank\" rel=\"noopener noreferrer\">CS-mount<\/a>\u00a0and\u00a0<a href=\"https:\/\/datasheets.raspberrypi.com\/hq-camera\/c-mount-lens-guide.pdf\" target=\"_blank\" rel=\"noopener noreferrer\">C-mount<\/a>\u00a0lenses.<\/p>\n<p class=\"block-img\"><img decoding=\"async\" src=\"https:\/\/images.prismic.io\/rpf-products\/4f9d3f75-0df4-4303-96c0-72d749e64569_200217+HQ+Cam+Diagram+Compliance-01.png?auto=compress,format\" \/><\/p>\n<\/div>\n<\/div>\n<\/div>\n<\/section>\n<section class=\"c-product-slice t-product-slice\">\n<div class=\"o-container\">\n<div class=\"c-product-slice__content c-product-slice__content--documents\">\n<h2 class=\"c-type-display c-product-slice__heading\">Documents<\/h2>\n<div class=\"c-wysiwyg\">\n<ul>\n<li><a href=\"https:\/\/datasheets.raspberrypi.com\/hq-camera\/hq-camera-product-brief.pdf\">Raspberry Pi High Quality Camera product brief<\/a><\/li>\n<li><a href=\"https:\/\/datasheets.raspberrypi.com\/hq-camera\/hq-camera-cs-mechanical-drawing.pdf\">Raspberry Pi High Quality Camera CS Mount mechanical drawing<\/a><\/li>\n<li><a href=\"https:\/\/datasheets.raspberrypi.com\/hq-camera\/hq-camera-m12-mechanical-drawing.pdf\">Raspberry Pi High Quality Camera M12 Mount mechanical drawing<\/a><\/li>\n<li><a href=\"https:\/\/datasheets.raspberrypi.com\/hq-camera\/c-mount-lens-guide.pdf\">Example fitting instructions for a typical C-mount lens<\/a><\/li>\n<li><a href=\"https:\/\/datasheets.raspberrypi.com\/hq-camera\/cs-mount-lens-guide.pdf\">Example fitting instructions for a typical CS-mount lens<\/a><\/li>\n<li><a href=\"https:\/\/www.raspberrypi.com\/documentation\/accessories\/camera.html\">Raspberry Pi High Quality Camera documentation<\/a><\/li>\n<\/ul>\n<\/div>\n<\/div>\n<\/div>\n<\/section>\n<section class=\"c-product-slice t-product-slice\">\n<div class=\"o-container\">\n<div class=\"c-product-slice__content c-product-slice__content--text\">\n<h2 class=\"c-type-display c-product-slice__heading\">Compliance<\/h2>\n<div class=\"c-wysiwyg c-product-slice__content\">\n<p>The Raspberry Pi High Quality Camera has undergone extensive compliance testing and meets a number of regional and international standards.<\/p>\n<p>View and download\u00a0<strong><a href=\"https:\/\/pip.raspberrypi.com\/\" target=\"_blank\" rel=\"noopener noreferrer\">relevant certificates and conformity documents<\/a>.<\/strong><\/p>\n<\/div>\n<\/div>\n<\/div>\n<\/section>\n","protected":false},"excerpt":{"rendered":"<p>Raspberry Pi High Quality (HQ) -kamera tarjoaa korkean resoluution ja herkkyyden sek\u00e4 mahdollisuuden eri objektiiveihin, joissa on sek\u00e4 C- ett\u00e4 CS-kiinnitys.<\/p>\n<p>Vaatii <a href=\"https:\/\/raspberrypi.dk\/fi\/tuote\/raspberry-pi-kamerakaapeli\/\">t\u00e4m\u00e4n kaapelin<\/a>, kun sit\u00e4 k\u00e4ytet\u00e4\u00e4n Raspberry Pi 5:n kanssa.<\/p>\n","protected":false},"featured_media":221644,"comment_status":"open","ping_status":"closed","template":"","meta":[],"product_brand":[],"product_cat":[737],"product_tag":[719,718],"class_list":{"0":"post-221636","1":"product","2":"type-product","3":"status-publish","4":"has-post-thumbnail","6":"product_cat-camera","7":"product_tag-rpi4-fi","8":"product_tag-rpi5-fi","10":"first","11":"instock","12":"taxable","13":"shipping-taxable","14":"purchasable","15":"product-type-simple"},"composite_virtual":false,"composite_layout":"","composite_add_to_cart_form_location":"","composite_editable_in_cart":false,"composite_sold_individually_context":"","composite_shop_price_calc":"","composite_components":[],"composite_scenarios":[],"bundled_by":[],"bundle_stock_status":"instock","bundle_stock_quantity":70,"bundle_virtual":false,"bundle_layout":"","bundle_add_to_cart_form_location":"","bundle_editable_in_cart":false,"bundle_sold_individually_context":"","bundle_item_grouping":"","bundle_min_size":"","bundle_max_size":"","bundle_price":[],"bundled_items":[],"bundle_sell_ids":[221624,221631,218662],"yoast_head":"<!-- This site is optimized with the Yoast SEO plugin v27.1.1 - https:\/\/yoast.com\/product\/yoast-seo-wordpress\/ -->\n<title>Raspberry Pi High Quality Camera - C\/CS Mount \u2022 RaspberryPi.dk<\/title>\n<meta name=\"robots\" content=\"index, follow, max-snippet:-1, max-image-preview:large, max-video-preview:-1\" \/>\n<link rel=\"canonical\" href=\"https:\/\/raspberrypi.dk\/fi\/tuote\/raspberry-pi-high-quality-camera-c-cs-mount\/\" \/>\n<meta property=\"og:locale\" content=\"fi_FI\" \/>\n<meta property=\"og:type\" content=\"article\" \/>\n<meta property=\"og:title\" content=\"Raspberry Pi High Quality Camera - C\/CS Mount \u2022 RaspberryPi.dk\" \/>\n<meta property=\"og:description\" content=\"Raspberry Pi High Quality (HQ) -kamera tarjoaa korkean resoluution ja herkkyyden sek\u00e4 mahdollisuuden eri objektiiveihin, joissa on sek\u00e4 C- ett\u00e4 CS-kiinnitys.  Vaatii t\u00e4m\u00e4n kaapelin, kun sit\u00e4 k\u00e4ytet\u00e4\u00e4n Raspberry Pi 5:n kanssa.\" \/>\n<meta property=\"og:url\" content=\"https:\/\/raspberrypi.dk\/fi\/tuote\/raspberry-pi-high-quality-camera-c-cs-mount\/\" \/>\n<meta property=\"og:site_name\" content=\"RaspberryPi.dk\" \/>\n<meta property=\"article:publisher\" content=\"https:\/\/facebook.com\/RaspberryPiDanmark\" \/>\n<meta property=\"article:modified_time\" content=\"2026-01-10T18:53:42+00:00\" \/>\n<meta property=\"og:image\" content=\"https:\/\/raspberrypi.dk\/wp-content\/uploads\/2020\/04\/raspberry-pi-hq-camera-CAM-HERO-ALT-2.jpg\" \/>\n\t<meta property=\"og:image:width\" content=\"1600\" \/>\n\t<meta property=\"og:image:height\" content=\"1200\" \/>\n\t<meta property=\"og:image:type\" content=\"image\/jpeg\" \/>\n<meta name=\"twitter:card\" content=\"summary_large_image\" \/>\n<meta name=\"twitter:site\" content=\"@raspberrypidk\" \/>\n<meta name=\"twitter:label1\" content=\"Arvioitu lukuaika\" \/>\n\t<meta name=\"twitter:data1\" content=\"3 minuuttia\" \/>\n<script type=\"application\/ld+json\" class=\"yoast-schema-graph\">{\"@context\":\"https:\/\/schema.org\",\"@graph\":[{\"@type\":\"WebPage\",\"@id\":\"https:\/\/raspberrypi.dk\/fi\/tuote\/raspberry-pi-high-quality-camera-c-cs-mount\/\",\"url\":\"https:\/\/raspberrypi.dk\/fi\/tuote\/raspberry-pi-high-quality-camera-c-cs-mount\/\",\"name\":\"Raspberry Pi High Quality Camera - C\/CS Mount \u2022 RaspberryPi.dk\",\"isPartOf\":{\"@id\":\"https:\/\/raspberrypi.dk\/fi\/#website\"},\"primaryImageOfPage\":{\"@id\":\"https:\/\/raspberrypi.dk\/fi\/tuote\/raspberry-pi-high-quality-camera-c-cs-mount\/#primaryimage\"},\"image\":{\"@id\":\"https:\/\/raspberrypi.dk\/fi\/tuote\/raspberry-pi-high-quality-camera-c-cs-mount\/#primaryimage\"},\"thumbnailUrl\":\"https:\/\/raspberrypi.dk\/wp-content\/uploads\/2020\/04\/raspberry-pi-hq-camera-CAM-HERO-ALT-2.jpg\",\"datePublished\":\"2020-04-30T07:00:46+00:00\",\"dateModified\":\"2026-01-10T18:53:42+00:00\",\"breadcrumb\":{\"@id\":\"https:\/\/raspberrypi.dk\/fi\/tuote\/raspberry-pi-high-quality-camera-c-cs-mount\/#breadcrumb\"},\"inLanguage\":\"fi\",\"potentialAction\":[{\"@type\":\"ReadAction\",\"target\":[\"https:\/\/raspberrypi.dk\/fi\/tuote\/raspberry-pi-high-quality-camera-c-cs-mount\/\"]}]},{\"@type\":\"ImageObject\",\"inLanguage\":\"fi\",\"@id\":\"https:\/\/raspberrypi.dk\/fi\/tuote\/raspberry-pi-high-quality-camera-c-cs-mount\/#primaryimage\",\"url\":\"https:\/\/raspberrypi.dk\/wp-content\/uploads\/2020\/04\/raspberry-pi-hq-camera-CAM-HERO-ALT-2.jpg\",\"contentUrl\":\"https:\/\/raspberrypi.dk\/wp-content\/uploads\/2020\/04\/raspberry-pi-hq-camera-CAM-HERO-ALT-2.jpg\",\"width\":1600,\"height\":1200,\"caption\":\"raspberry pi high quality camera\"},{\"@type\":\"BreadcrumbList\",\"@id\":\"https:\/\/raspberrypi.dk\/fi\/tuote\/raspberry-pi-high-quality-camera-c-cs-mount\/#breadcrumb\",\"itemListElement\":[{\"@type\":\"ListItem\",\"position\":1,\"name\":\"Hjem\",\"item\":\"https:\/\/raspberrypi.dk\/fi\/raspberry-pi-verkkokauppa\/\"},{\"@type\":\"ListItem\",\"position\":2,\"name\":\"Shop\",\"item\":\"https:\/\/raspberrypi.dk\/fi\/shop-2\/\"},{\"@type\":\"ListItem\",\"position\":3,\"name\":\"Raspberry Pi High Quality Camera &#8211; C\/CS Mount\"}]},{\"@type\":\"WebSite\",\"@id\":\"https:\/\/raspberrypi.dk\/fi\/#website\",\"url\":\"https:\/\/raspberrypi.dk\/fi\/\",\"name\":\"RaspberryPi.dk\",\"description\":\"Danmarks f\u00f8rende Raspberry Pi side!\",\"publisher\":{\"@id\":\"https:\/\/raspberrypi.dk\/fi\/#organization\"},\"potentialAction\":[{\"@type\":\"SearchAction\",\"target\":{\"@type\":\"EntryPoint\",\"urlTemplate\":\"https:\/\/raspberrypi.dk\/fi\/?s={search_term_string}\"},\"query-input\":{\"@type\":\"PropertyValueSpecification\",\"valueRequired\":true,\"valueName\":\"search_term_string\"}}],\"inLanguage\":\"fi\"},{\"@type\":\"Organization\",\"@id\":\"https:\/\/raspberrypi.dk\/fi\/#organization\",\"name\":\"RaspberryPi.dk\",\"url\":\"https:\/\/raspberrypi.dk\/fi\/\",\"logo\":{\"@type\":\"ImageObject\",\"inLanguage\":\"fi\",\"@id\":\"https:\/\/raspberrypi.dk\/fi\/#\/schema\/logo\/image\/\",\"url\":\"https:\/\/raspberrypi.dk\/wp-content\/uploads\/2017\/05\/RaspberryPidk_logo-2.png\",\"contentUrl\":\"https:\/\/raspberrypi.dk\/wp-content\/uploads\/2017\/05\/RaspberryPidk_logo-2.png\",\"width\":470,\"height\":110,\"caption\":\"RaspberryPi.dk\"},\"image\":{\"@id\":\"https:\/\/raspberrypi.dk\/fi\/#\/schema\/logo\/image\/\"},\"sameAs\":[\"https:\/\/facebook.com\/RaspberryPiDanmark\",\"https:\/\/x.com\/raspberrypidk\",\"https:\/\/instagram.com\/raspberrypi.dk\"]}]}<\/script>\n<!-- \/ Yoast SEO plugin. -->","yoast_head_json":{"title":"Raspberry Pi High Quality Camera - C\/CS Mount \u2022 RaspberryPi.dk","robots":{"index":"index","follow":"follow","max-snippet":"max-snippet:-1","max-image-preview":"max-image-preview:large","max-video-preview":"max-video-preview:-1"},"canonical":"https:\/\/raspberrypi.dk\/fi\/tuote\/raspberry-pi-high-quality-camera-c-cs-mount\/","og_locale":"fi_FI","og_type":"article","og_title":"Raspberry Pi High Quality Camera - C\/CS Mount \u2022 RaspberryPi.dk","og_description":"Raspberry Pi High Quality (HQ) -kamera tarjoaa korkean resoluution ja herkkyyden sek\u00e4 mahdollisuuden eri objektiiveihin, joissa on sek\u00e4 C- ett\u00e4 CS-kiinnitys.  Vaatii t\u00e4m\u00e4n kaapelin, kun sit\u00e4 k\u00e4ytet\u00e4\u00e4n Raspberry Pi 5:n kanssa.","og_url":"https:\/\/raspberrypi.dk\/fi\/tuote\/raspberry-pi-high-quality-camera-c-cs-mount\/","og_site_name":"RaspberryPi.dk","article_publisher":"https:\/\/facebook.com\/RaspberryPiDanmark","article_modified_time":"2026-01-10T18:53:42+00:00","og_image":[{"width":1600,"height":1200,"url":"https:\/\/raspberrypi.dk\/wp-content\/uploads\/2020\/04\/raspberry-pi-hq-camera-CAM-HERO-ALT-2.jpg","type":"image\/jpeg"}],"twitter_card":"summary_large_image","twitter_site":"@raspberrypidk","twitter_misc":{"Arvioitu lukuaika":"3 minuuttia"},"schema":{"@context":"https:\/\/schema.org","@graph":[{"@type":"WebPage","@id":"https:\/\/raspberrypi.dk\/fi\/tuote\/raspberry-pi-high-quality-camera-c-cs-mount\/","url":"https:\/\/raspberrypi.dk\/fi\/tuote\/raspberry-pi-high-quality-camera-c-cs-mount\/","name":"Raspberry Pi High Quality Camera - C\/CS Mount \u2022 RaspberryPi.dk","isPartOf":{"@id":"https:\/\/raspberrypi.dk\/fi\/#website"},"primaryImageOfPage":{"@id":"https:\/\/raspberrypi.dk\/fi\/tuote\/raspberry-pi-high-quality-camera-c-cs-mount\/#primaryimage"},"image":{"@id":"https:\/\/raspberrypi.dk\/fi\/tuote\/raspberry-pi-high-quality-camera-c-cs-mount\/#primaryimage"},"thumbnailUrl":"https:\/\/raspberrypi.dk\/wp-content\/uploads\/2020\/04\/raspberry-pi-hq-camera-CAM-HERO-ALT-2.jpg","datePublished":"2020-04-30T07:00:46+00:00","dateModified":"2026-01-10T18:53:42+00:00","breadcrumb":{"@id":"https:\/\/raspberrypi.dk\/fi\/tuote\/raspberry-pi-high-quality-camera-c-cs-mount\/#breadcrumb"},"inLanguage":"fi","potentialAction":[{"@type":"ReadAction","target":["https:\/\/raspberrypi.dk\/fi\/tuote\/raspberry-pi-high-quality-camera-c-cs-mount\/"]}]},{"@type":"ImageObject","inLanguage":"fi","@id":"https:\/\/raspberrypi.dk\/fi\/tuote\/raspberry-pi-high-quality-camera-c-cs-mount\/#primaryimage","url":"https:\/\/raspberrypi.dk\/wp-content\/uploads\/2020\/04\/raspberry-pi-hq-camera-CAM-HERO-ALT-2.jpg","contentUrl":"https:\/\/raspberrypi.dk\/wp-content\/uploads\/2020\/04\/raspberry-pi-hq-camera-CAM-HERO-ALT-2.jpg","width":1600,"height":1200,"caption":"raspberry pi high quality camera"},{"@type":"BreadcrumbList","@id":"https:\/\/raspberrypi.dk\/fi\/tuote\/raspberry-pi-high-quality-camera-c-cs-mount\/#breadcrumb","itemListElement":[{"@type":"ListItem","position":1,"name":"Hjem","item":"https:\/\/raspberrypi.dk\/fi\/raspberry-pi-verkkokauppa\/"},{"@type":"ListItem","position":2,"name":"Shop","item":"https:\/\/raspberrypi.dk\/fi\/shop-2\/"},{"@type":"ListItem","position":3,"name":"Raspberry Pi High Quality Camera &#8211; C\/CS Mount"}]},{"@type":"WebSite","@id":"https:\/\/raspberrypi.dk\/fi\/#website","url":"https:\/\/raspberrypi.dk\/fi\/","name":"RaspberryPi.dk","description":"Danmarks f\u00f8rende Raspberry Pi side!","publisher":{"@id":"https:\/\/raspberrypi.dk\/fi\/#organization"},"potentialAction":[{"@type":"SearchAction","target":{"@type":"EntryPoint","urlTemplate":"https:\/\/raspberrypi.dk\/fi\/?s={search_term_string}"},"query-input":{"@type":"PropertyValueSpecification","valueRequired":true,"valueName":"search_term_string"}}],"inLanguage":"fi"},{"@type":"Organization","@id":"https:\/\/raspberrypi.dk\/fi\/#organization","name":"RaspberryPi.dk","url":"https:\/\/raspberrypi.dk\/fi\/","logo":{"@type":"ImageObject","inLanguage":"fi","@id":"https:\/\/raspberrypi.dk\/fi\/#\/schema\/logo\/image\/","url":"https:\/\/raspberrypi.dk\/wp-content\/uploads\/2017\/05\/RaspberryPidk_logo-2.png","contentUrl":"https:\/\/raspberrypi.dk\/wp-content\/uploads\/2017\/05\/RaspberryPidk_logo-2.png","width":470,"height":110,"caption":"RaspberryPi.dk"},"image":{"@id":"https:\/\/raspberrypi.dk\/fi\/#\/schema\/logo\/image\/"},"sameAs":["https:\/\/facebook.com\/RaspberryPiDanmark","https:\/\/x.com\/raspberrypidk","https:\/\/instagram.com\/raspberrypi.dk"]}]}},"_links":{"self":[{"href":"https:\/\/raspberrypi.dk\/fi\/wp-json\/wp\/v2\/product\/221636","targetHints":{"allow":["GET"]}}],"collection":[{"href":"https:\/\/raspberrypi.dk\/fi\/wp-json\/wp\/v2\/product"}],"about":[{"href":"https:\/\/raspberrypi.dk\/fi\/wp-json\/wp\/v2\/types\/product"}],"replies":[{"embeddable":true,"href":"https:\/\/raspberrypi.dk\/fi\/wp-json\/wp\/v2\/comments?post=221636"}],"wp:featuredmedia":[{"embeddable":true,"href":"https:\/\/raspberrypi.dk\/fi\/wp-json\/wp\/v2\/media\/221644"}],"wp:attachment":[{"href":"https:\/\/raspberrypi.dk\/fi\/wp-json\/wp\/v2\/media?parent=221636"}],"wp:term":[{"taxonomy":"product_brand","embeddable":true,"href":"https:\/\/raspberrypi.dk\/fi\/wp-json\/wp\/v2\/product_brand?post=221636"},{"taxonomy":"product_cat","embeddable":true,"href":"https:\/\/raspberrypi.dk\/fi\/wp-json\/wp\/v2\/product_cat?post=221636"},{"taxonomy":"product_tag","embeddable":true,"href":"https:\/\/raspberrypi.dk\/fi\/wp-json\/wp\/v2\/product_tag?post=221636"}],"curies":[{"name":"wp","href":"https:\/\/api.w.org\/{rel}","templated":true}]}}