{"id":221700,"date":"2019-09-25T15:45:45","date_gmt":"2019-09-25T13:45:45","guid":{"rendered":"https:\/\/raspberrypi.dk\/produkt\/armor-aluminium-heatsink-case-raspberry-pi-4lle\/"},"modified":"2025-12-17T14:50:53","modified_gmt":"2025-12-17T13:50:53","slug":"armor-aluminium-heatsink-case-raspberry-pi-4lle","status":"publish","type":"product","link":"https:\/\/raspberrypi.dk\/fi\/tuote\/armor-aluminium-heatsink-case-raspberry-pi-4lle\/","title":{"rendered":"Armor Aluminium Heatsink Case Raspberry Pi 4:lle"},"content":{"rendered":"<p>&nbsp;<\/p>\n<p>Sen mukana tulee l\u00e4mp\u00f6tyyny, joka tarjoaa l\u00e4mp\u00f6kontaktin CPU ja yl\u00e4kotelon v\u00e4lille, sek\u00e4 k\u00e4tev\u00e4 kuusiokoloavain ja sarja kuusiopultteja kotelon kiinnitt\u00e4miseksi.<\/p>\n<p>Koe pidempi ja tehokkaampi Raspberry Pi 4 -k\u00e4ytt\u00f6 t\u00e4m\u00e4n kotelon kanssa ja nauti vaivattomasta asennuksesta, passiivisesta j\u00e4\u00e4hdytyksest\u00e4 ja hiljaisesta toiminnasta.<\/p>\n<p><strong>Ominaisuudet:<\/strong><\/p>\n<ul>\n<li>J\u00e4\u00e4hdytysrivat<\/li>\n<li>L\u00e4mp\u00f6tyyny<\/li>\n<li>Helppo asennus<\/li>\n<li>Hiljainen toiminta<\/li>\n<li>T\u00e4ydellinen yhteensopivuus Raspberry Pi 4:n kanssa<\/li>\n<li>Kaikkiin portteihin, nastoihin ja liittimiin p\u00e4\u00e4sy<\/li>\n<li>Mukana kuusiopultit ja kuusiokoloavain<\/li>\n<\/ul>\n<p><strong>Huomaa<\/strong>!<\/p>\n<ul>\n<li>T\u00e4m\u00e4 kotelo pit\u00e4\u00e4 Raspberry Pi viile\u00e4n\u00e4 imem\u00e4ll\u00e4 l\u00e4mm\u00f6n koteloon. Ole varovainen &#8211; <strong>kotelo kuumenee.<\/strong><\/li>\n<li>Koska kotelo on s\u00e4hk\u00f6\u00e4 johtava, varmista, ett\u00e4<strong> Raspberry Pi on sammutettu ennen kuin asennat sen koteloon.<\/strong> \u00c4l\u00e4 my\u00f6sk\u00e4\u00e4n oikosulje osia koteloon.<\/li>\n<\/ul>\n<p>&nbsp;<\/p>\n","protected":false},"excerpt":{"rendered":"<div class=\"woocommerce-product-details__short-description\">\n<p>Miksi k\u00e4ytt\u00e4\u00e4 yht\u00e4 heatsink ja tapaus milloin voit k\u00e4ytt\u00e4\u00e4 j\u00e4\u00e4hdytyselementtikoteloa?! T\u00e4m\u00e4 tyylik\u00e4s, eloksoitu alumiinikotelo Raspberry Pi 4:lle antaa sinulle 10-15 \u00b0C passiivisen j\u00e4\u00e4hdytyksen t\u00e4ydell\u00e4 prosessorikuormalla.<\/p>\n<\/div>\n","protected":false},"featured_media":221701,"comment_status":"open","ping_status":"closed","template":"","meta":[],"product_brand":[],"product_cat":[736],"product_tag":[719],"class_list":{"0":"post-221700","1":"product","2":"type-product","3":"status-publish","4":"has-post-thumbnail","6":"product_cat-raspberry-pi-kotelo","7":"product_tag-rpi4-fi","9":"first","10":"outofstock","11":"taxable","12":"shipping-taxable","13":"purchasable","14":"product-type-simple"},"composite_virtual":false,"composite_layout":"","composite_add_to_cart_form_location":"","composite_editable_in_cart":false,"composite_sold_individually_context":"","composite_shop_price_calc":"","composite_components":[],"composite_scenarios":[],"bundled_by":[],"bundle_stock_status":"outofstock","bundle_stock_quantity":0,"bundle_virtual":false,"bundle_layout":"","bundle_add_to_cart_form_location":"","bundle_editable_in_cart":false,"bundle_sold_individually_context":"","bundle_item_grouping":"","bundle_min_size":"","bundle_max_size":"","bundle_price":[],"bundled_items":[],"bundle_sell_ids":[],"yoast_head":"<!-- This site is optimized with the Yoast SEO plugin v27.1.1 - https:\/\/yoast.com\/product\/yoast-seo-wordpress\/ -->\n<title>Armor Aluminium Heatsink Case Raspberry Pi 4:lle \u2022 RaspberryPi.dk<\/title>\n<meta name=\"robots\" content=\"index, follow, max-snippet:-1, max-image-preview:large, max-video-preview:-1\" \/>\n<link rel=\"canonical\" href=\"https:\/\/raspberrypi.dk\/fi\/tuote\/armor-aluminium-heatsink-case-raspberry-pi-4lle\/\" \/>\n<meta property=\"og:locale\" content=\"fi_FI\" \/>\n<meta property=\"og:type\" content=\"article\" \/>\n<meta property=\"og:title\" content=\"Armor Aluminium Heatsink Case Raspberry Pi 4:lle \u2022 RaspberryPi.dk\" \/>\n<meta property=\"og:description\" content=\"Miksi k\u00e4ytt\u00e4\u00e4 yht\u00e4 heatsink ja tapaus milloin voit k\u00e4ytt\u00e4\u00e4 j\u00e4\u00e4hdytyselementtikoteloa?! T\u00e4m\u00e4 tyylik\u00e4s, eloksoitu alumiinikotelo Raspberry Pi 4:lle antaa sinulle 10-15 \u00b0C passiivisen j\u00e4\u00e4hdytyksen t\u00e4ydell\u00e4 prosessorikuormalla.\" \/>\n<meta property=\"og:url\" content=\"https:\/\/raspberrypi.dk\/fi\/tuote\/armor-aluminium-heatsink-case-raspberry-pi-4lle\/\" \/>\n<meta property=\"og:site_name\" content=\"RaspberryPi.dk\" \/>\n<meta property=\"article:publisher\" content=\"https:\/\/facebook.com\/RaspberryPiDanmark\" \/>\n<meta property=\"article:modified_time\" content=\"2025-12-17T13:50:53+00:00\" \/>\n<meta property=\"og:image\" content=\"https:\/\/raspberrypi.dk\/wp-content\/uploads\/2019\/09\/pi-4-armor-case-aluminium-heatsink.jpg\" \/>\n\t<meta property=\"og:image:width\" content=\"1000\" \/>\n\t<meta property=\"og:image:height\" content=\"1000\" \/>\n\t<meta property=\"og:image:type\" content=\"image\/jpeg\" \/>\n<meta name=\"twitter:card\" content=\"summary_large_image\" \/>\n<meta name=\"twitter:site\" content=\"@raspberrypidk\" \/>\n<meta name=\"twitter:label1\" content=\"Arvioitu lukuaika\" \/>\n\t<meta name=\"twitter:data1\" content=\"1 minuutti\" \/>\n<script type=\"application\/ld+json\" class=\"yoast-schema-graph\">{\"@context\":\"https:\/\/schema.org\",\"@graph\":[{\"@type\":\"WebPage\",\"@id\":\"https:\/\/raspberrypi.dk\/fi\/tuote\/armor-aluminium-heatsink-case-raspberry-pi-4lle\/\",\"url\":\"https:\/\/raspberrypi.dk\/fi\/tuote\/armor-aluminium-heatsink-case-raspberry-pi-4lle\/\",\"name\":\"Armor Aluminium Heatsink Case Raspberry Pi 4:lle \u2022 RaspberryPi.dk\",\"isPartOf\":{\"@id\":\"https:\/\/raspberrypi.dk\/fi\/#website\"},\"primaryImageOfPage\":{\"@id\":\"https:\/\/raspberrypi.dk\/fi\/tuote\/armor-aluminium-heatsink-case-raspberry-pi-4lle\/#primaryimage\"},\"image\":{\"@id\":\"https:\/\/raspberrypi.dk\/fi\/tuote\/armor-aluminium-heatsink-case-raspberry-pi-4lle\/#primaryimage\"},\"thumbnailUrl\":\"https:\/\/raspberrypi.dk\/wp-content\/uploads\/2019\/09\/pi-4-armor-case-aluminium-heatsink.jpg\",\"datePublished\":\"2019-09-25T13:45:45+00:00\",\"dateModified\":\"2025-12-17T13:50:53+00:00\",\"breadcrumb\":{\"@id\":\"https:\/\/raspberrypi.dk\/fi\/tuote\/armor-aluminium-heatsink-case-raspberry-pi-4lle\/#breadcrumb\"},\"inLanguage\":\"fi\",\"potentialAction\":[{\"@type\":\"ReadAction\",\"target\":[\"https:\/\/raspberrypi.dk\/fi\/tuote\/armor-aluminium-heatsink-case-raspberry-pi-4lle\/\"]}]},{\"@type\":\"ImageObject\",\"inLanguage\":\"fi\",\"@id\":\"https:\/\/raspberrypi.dk\/fi\/tuote\/armor-aluminium-heatsink-case-raspberry-pi-4lle\/#primaryimage\",\"url\":\"https:\/\/raspberrypi.dk\/wp-content\/uploads\/2019\/09\/pi-4-armor-case-aluminium-heatsink.jpg\",\"contentUrl\":\"https:\/\/raspberrypi.dk\/wp-content\/uploads\/2019\/09\/pi-4-armor-case-aluminium-heatsink.jpg\",\"width\":1000,\"height\":1000,\"caption\":\"pi 4 armor aluminium heatsink case\"},{\"@type\":\"BreadcrumbList\",\"@id\":\"https:\/\/raspberrypi.dk\/fi\/tuote\/armor-aluminium-heatsink-case-raspberry-pi-4lle\/#breadcrumb\",\"itemListElement\":[{\"@type\":\"ListItem\",\"position\":1,\"name\":\"Hjem\",\"item\":\"https:\/\/raspberrypi.dk\/fi\/raspberry-pi-verkkokauppa\/\"},{\"@type\":\"ListItem\",\"position\":2,\"name\":\"Shop\",\"item\":\"https:\/\/raspberrypi.dk\/fi\/shop-2\/\"},{\"@type\":\"ListItem\",\"position\":3,\"name\":\"Armor Aluminium Heatsink Case Raspberry Pi 4:lle\"}]},{\"@type\":\"WebSite\",\"@id\":\"https:\/\/raspberrypi.dk\/fi\/#website\",\"url\":\"https:\/\/raspberrypi.dk\/fi\/\",\"name\":\"RaspberryPi.dk\",\"description\":\"Danmarks f\u00f8rende Raspberry Pi side!\",\"publisher\":{\"@id\":\"https:\/\/raspberrypi.dk\/fi\/#organization\"},\"potentialAction\":[{\"@type\":\"SearchAction\",\"target\":{\"@type\":\"EntryPoint\",\"urlTemplate\":\"https:\/\/raspberrypi.dk\/fi\/?s={search_term_string}\"},\"query-input\":{\"@type\":\"PropertyValueSpecification\",\"valueRequired\":true,\"valueName\":\"search_term_string\"}}],\"inLanguage\":\"fi\"},{\"@type\":\"Organization\",\"@id\":\"https:\/\/raspberrypi.dk\/fi\/#organization\",\"name\":\"RaspberryPi.dk\",\"url\":\"https:\/\/raspberrypi.dk\/fi\/\",\"logo\":{\"@type\":\"ImageObject\",\"inLanguage\":\"fi\",\"@id\":\"https:\/\/raspberrypi.dk\/fi\/#\/schema\/logo\/image\/\",\"url\":\"https:\/\/raspberrypi.dk\/wp-content\/uploads\/2017\/05\/RaspberryPidk_logo-2.png\",\"contentUrl\":\"https:\/\/raspberrypi.dk\/wp-content\/uploads\/2017\/05\/RaspberryPidk_logo-2.png\",\"width\":470,\"height\":110,\"caption\":\"RaspberryPi.dk\"},\"image\":{\"@id\":\"https:\/\/raspberrypi.dk\/fi\/#\/schema\/logo\/image\/\"},\"sameAs\":[\"https:\/\/facebook.com\/RaspberryPiDanmark\",\"https:\/\/x.com\/raspberrypidk\",\"https:\/\/instagram.com\/raspberrypi.dk\"]}]}<\/script>\n<!-- \/ Yoast SEO plugin. -->","yoast_head_json":{"title":"Armor Aluminium Heatsink Case Raspberry Pi 4:lle \u2022 RaspberryPi.dk","robots":{"index":"index","follow":"follow","max-snippet":"max-snippet:-1","max-image-preview":"max-image-preview:large","max-video-preview":"max-video-preview:-1"},"canonical":"https:\/\/raspberrypi.dk\/fi\/tuote\/armor-aluminium-heatsink-case-raspberry-pi-4lle\/","og_locale":"fi_FI","og_type":"article","og_title":"Armor Aluminium Heatsink Case Raspberry Pi 4:lle \u2022 RaspberryPi.dk","og_description":"Miksi k\u00e4ytt\u00e4\u00e4 yht\u00e4 heatsink ja tapaus milloin voit k\u00e4ytt\u00e4\u00e4 j\u00e4\u00e4hdytyselementtikoteloa?! T\u00e4m\u00e4 tyylik\u00e4s, eloksoitu alumiinikotelo Raspberry Pi 4:lle antaa sinulle 10-15 \u00b0C passiivisen j\u00e4\u00e4hdytyksen t\u00e4ydell\u00e4 prosessorikuormalla.","og_url":"https:\/\/raspberrypi.dk\/fi\/tuote\/armor-aluminium-heatsink-case-raspberry-pi-4lle\/","og_site_name":"RaspberryPi.dk","article_publisher":"https:\/\/facebook.com\/RaspberryPiDanmark","article_modified_time":"2025-12-17T13:50:53+00:00","og_image":[{"width":1000,"height":1000,"url":"https:\/\/raspberrypi.dk\/wp-content\/uploads\/2019\/09\/pi-4-armor-case-aluminium-heatsink.jpg","type":"image\/jpeg"}],"twitter_card":"summary_large_image","twitter_site":"@raspberrypidk","twitter_misc":{"Arvioitu lukuaika":"1 minuutti"},"schema":{"@context":"https:\/\/schema.org","@graph":[{"@type":"WebPage","@id":"https:\/\/raspberrypi.dk\/fi\/tuote\/armor-aluminium-heatsink-case-raspberry-pi-4lle\/","url":"https:\/\/raspberrypi.dk\/fi\/tuote\/armor-aluminium-heatsink-case-raspberry-pi-4lle\/","name":"Armor Aluminium Heatsink Case Raspberry Pi 4:lle \u2022 RaspberryPi.dk","isPartOf":{"@id":"https:\/\/raspberrypi.dk\/fi\/#website"},"primaryImageOfPage":{"@id":"https:\/\/raspberrypi.dk\/fi\/tuote\/armor-aluminium-heatsink-case-raspberry-pi-4lle\/#primaryimage"},"image":{"@id":"https:\/\/raspberrypi.dk\/fi\/tuote\/armor-aluminium-heatsink-case-raspberry-pi-4lle\/#primaryimage"},"thumbnailUrl":"https:\/\/raspberrypi.dk\/wp-content\/uploads\/2019\/09\/pi-4-armor-case-aluminium-heatsink.jpg","datePublished":"2019-09-25T13:45:45+00:00","dateModified":"2025-12-17T13:50:53+00:00","breadcrumb":{"@id":"https:\/\/raspberrypi.dk\/fi\/tuote\/armor-aluminium-heatsink-case-raspberry-pi-4lle\/#breadcrumb"},"inLanguage":"fi","potentialAction":[{"@type":"ReadAction","target":["https:\/\/raspberrypi.dk\/fi\/tuote\/armor-aluminium-heatsink-case-raspberry-pi-4lle\/"]}]},{"@type":"ImageObject","inLanguage":"fi","@id":"https:\/\/raspberrypi.dk\/fi\/tuote\/armor-aluminium-heatsink-case-raspberry-pi-4lle\/#primaryimage","url":"https:\/\/raspberrypi.dk\/wp-content\/uploads\/2019\/09\/pi-4-armor-case-aluminium-heatsink.jpg","contentUrl":"https:\/\/raspberrypi.dk\/wp-content\/uploads\/2019\/09\/pi-4-armor-case-aluminium-heatsink.jpg","width":1000,"height":1000,"caption":"pi 4 armor aluminium heatsink case"},{"@type":"BreadcrumbList","@id":"https:\/\/raspberrypi.dk\/fi\/tuote\/armor-aluminium-heatsink-case-raspberry-pi-4lle\/#breadcrumb","itemListElement":[{"@type":"ListItem","position":1,"name":"Hjem","item":"https:\/\/raspberrypi.dk\/fi\/raspberry-pi-verkkokauppa\/"},{"@type":"ListItem","position":2,"name":"Shop","item":"https:\/\/raspberrypi.dk\/fi\/shop-2\/"},{"@type":"ListItem","position":3,"name":"Armor Aluminium Heatsink Case Raspberry Pi 4:lle"}]},{"@type":"WebSite","@id":"https:\/\/raspberrypi.dk\/fi\/#website","url":"https:\/\/raspberrypi.dk\/fi\/","name":"RaspberryPi.dk","description":"Danmarks f\u00f8rende Raspberry Pi side!","publisher":{"@id":"https:\/\/raspberrypi.dk\/fi\/#organization"},"potentialAction":[{"@type":"SearchAction","target":{"@type":"EntryPoint","urlTemplate":"https:\/\/raspberrypi.dk\/fi\/?s={search_term_string}"},"query-input":{"@type":"PropertyValueSpecification","valueRequired":true,"valueName":"search_term_string"}}],"inLanguage":"fi"},{"@type":"Organization","@id":"https:\/\/raspberrypi.dk\/fi\/#organization","name":"RaspberryPi.dk","url":"https:\/\/raspberrypi.dk\/fi\/","logo":{"@type":"ImageObject","inLanguage":"fi","@id":"https:\/\/raspberrypi.dk\/fi\/#\/schema\/logo\/image\/","url":"https:\/\/raspberrypi.dk\/wp-content\/uploads\/2017\/05\/RaspberryPidk_logo-2.png","contentUrl":"https:\/\/raspberrypi.dk\/wp-content\/uploads\/2017\/05\/RaspberryPidk_logo-2.png","width":470,"height":110,"caption":"RaspberryPi.dk"},"image":{"@id":"https:\/\/raspberrypi.dk\/fi\/#\/schema\/logo\/image\/"},"sameAs":["https:\/\/facebook.com\/RaspberryPiDanmark","https:\/\/x.com\/raspberrypidk","https:\/\/instagram.com\/raspberrypi.dk"]}]}},"_links":{"self":[{"href":"https:\/\/raspberrypi.dk\/fi\/wp-json\/wp\/v2\/product\/221700","targetHints":{"allow":["GET"]}}],"collection":[{"href":"https:\/\/raspberrypi.dk\/fi\/wp-json\/wp\/v2\/product"}],"about":[{"href":"https:\/\/raspberrypi.dk\/fi\/wp-json\/wp\/v2\/types\/product"}],"replies":[{"embeddable":true,"href":"https:\/\/raspberrypi.dk\/fi\/wp-json\/wp\/v2\/comments?post=221700"}],"wp:featuredmedia":[{"embeddable":true,"href":"https:\/\/raspberrypi.dk\/fi\/wp-json\/wp\/v2\/media\/221701"}],"wp:attachment":[{"href":"https:\/\/raspberrypi.dk\/fi\/wp-json\/wp\/v2\/media?parent=221700"}],"wp:term":[{"taxonomy":"product_brand","embeddable":true,"href":"https:\/\/raspberrypi.dk\/fi\/wp-json\/wp\/v2\/product_brand?post=221700"},{"taxonomy":"product_cat","embeddable":true,"href":"https:\/\/raspberrypi.dk\/fi\/wp-json\/wp\/v2\/product_cat?post=221700"},{"taxonomy":"product_tag","embeddable":true,"href":"https:\/\/raspberrypi.dk\/fi\/wp-json\/wp\/v2\/product_tag?post=221700"}],"curies":[{"name":"wp","href":"https:\/\/api.w.org\/{rel}","templated":true}]}}