{"id":221704,"date":"2019-09-23T10:23:14","date_gmt":"2019-09-23T08:23:14","guid":{"rendered":"https:\/\/raspberrypi.dk\/produkt\/camjam-edukit-3-robotics-raspberry-pi-robot-kit\/"},"modified":"2024-04-12T09:50:15","modified_gmt":"2024-04-12T07:50:15","slug":"camjam-edukit-3-robotics-raspberry-pi-robot-kit","status":"publish","type":"product","link":"https:\/\/raspberrypi.dk\/fi\/tuote\/camjam-edukit-3-robotics-raspberry-pi-robot-kit\/","title":{"rendered":"CamJam EduKit #3 Robotics &#8211; Raspberry Pi Robot Kit"},"content":{"rendered":"<div class=\"product-tabbed-content\">\n<div class=\"tab-switch__content\" data-content=\"desc\">\n<div class=\"product-description rte\">\n<p>Sinun tarvitsee vain lis\u00e4t\u00e4 oma runko, Raspberry Pi (mik\u00e4 tahansa malli) ja akut! Tee sitten oma moottoroitu rattasi noudattamalla ty\u00f6arkkeja. Lis\u00e4\u00e4 mukana toimitetut anturit ja havaitset pian esineit\u00e4 robottisi edess\u00e4 ja seuraat linjoja.<\/p>\n<p><strong>Worksheets<\/strong> voidaan ladata GitHubista. On olemassa kaksi versiota:<\/p>\n<ul>\n<li><a href=\"https:\/\/github.com\/CamJam-EduKit\/EduKit3\/tree\/master\/CamJam%20Edukit%203%20-%20GPIO%20Zero\" target=\"_blank\" rel=\"noopener noreferrer\">GPIO Zero<\/a> (suositus)<\/li>\n<li><a href=\"https:\/\/github.com\/CamJam-EduKit\/EduKit3\/tree\/master\/CamJam%20Edukit%203%20-%20RPi.GPIO\" target=\"_blank\" rel=\"noopener noreferrer\">RPi.GPIO<\/a> (teknisempi)<\/li>\n<\/ul>\n<p><strong>Seuraavat komponentit sis\u00e4ltyv\u00e4t pakkaukseen:<\/strong><\/p>\n<ul>\n<li>R\u00e4\u00e4t\u00e4l\u00f6ity, valmiiksi juotettu moottorin ohjauskortti (ruuviliittimill\u00e4)<\/li>\n<li>Kaksi tasavirtamoottoria (johtimia valmiiksi juotetuilla)<\/li>\n<li>Kaksi mukautettua punaista py\u00f6r\u00e4\u00e4 (jotka kulkevat erityisen nopeasti&#8230; koska ne ovat punaisia!)<\/li>\n<li>Pallopy\u00f6r\u00e4 (k\u00e4ytet\u00e4\u00e4n robotin &#8221;kolmannena py\u00f6r\u00e4n\u00e4&#8221;)<\/li>\n<li>Pieni leip\u00e4lauta (piirej\u00e4si varten)<\/li>\n<li>Kaksi kappaletta vahvaa 3M pehmustettua kaksipuolista teippi\u00e4<\/li>\n<li>Paristokotelo 4 AA-paristolle (paristot eiv\u00e4t sis\u00e4lly)<\/li>\n<li>Ultra\u00e4\u00e4niet\u00e4isyysanturi (tunnistaaksesi esineit\u00e4 robotin edess\u00e4)<\/li>\n<li>Viivaseuraaja-anturi (mustien viivojen havaitsemiseen ja seuraamiseen)<\/li>\n<li>Vastukset ja hyppykaapelit t\u00e4ydent\u00e4m\u00e4\u00e4n piirej\u00e4si<\/li>\n<\/ul>\n<p><strong>Sinun on lis\u00e4tt\u00e4v\u00e4:<\/strong><\/p>\n<ul>\n<li>Raspberry Pi (mik\u00e4 tahansa versio, mukaan lukien Pi Zero) SD-kortti ja virtal\u00e4hde.<\/li>\n<li>N\u00e4pp\u00e4imist\u00f6 ja hiiri. (Pi Zero saattaa vaatia USB-keskittimen ja\/tai sovittimen)<\/li>\n<li>Alusta &#8211; mit\u00e4 tahansa &#8211; k\u00e4yt\u00e4 mielikuvitustasi!<\/li>\n<li>4 x AA paristot moottoreille.<\/li>\n<\/ul>\n<p>Onko sinulla 3D-tulostin? Daniel Bull on eritt\u00e4in yst\u00e4v\u00e4llisesti suunnitellut upean alustan, saatavana osoitteessa <a href=\"http:\/\/www.thingiverse.com\/thing:1113796\">Thingiverse<\/a>.<\/p>\n<p><a href=\"http:\/\/www.thingiverse.com\/thing:1113796\"><img decoding=\"async\" src=\"https:\/\/cdn.shopify.com\/s\/files\/1\/0176\/3274\/files\/edukit_chassis_large.jpg?1169622518771133179\" alt=\"\" \/><\/a><\/p>\n<p>Alex Eames Raspi.TV sai k\u00e4siins\u00e4 prototyypin, t\u00e4ss\u00e4 on h\u00e4nen videonsa.<\/p>\n<div class=\"video-wrapper\">Ja t\u00e4ss\u00e4 on purkuvideo Average Man vs Raspberry Pi -sarjasta!<\/div>\n<p>&nbsp;<\/p>\n<div class=\"video-wrapper\">Ja toinen arvostelu TheRaspberryPiGuylta.<\/div>\n<p>&nbsp;<\/p>\n<div class=\"video-wrapper\"><\/div>\n<\/div>\n<\/div>\n<\/div>\n","protected":false},"excerpt":{"rendered":"<p>CamJam EduKit #3 on Raspberry Pi -sarja, joka keskittyy robotiikkaan ja sis\u00e4lt\u00e4\u00e4 (melkein) kaiken, mit\u00e4 tarvitset oman Raspberry Pi -k\u00e4ytt\u00f6isen robotin luomiseen.<\/p>\n","protected":false},"featured_media":221707,"comment_status":"open","ping_status":"closed","template":"","meta":[],"product_brand":[],"product_cat":[735,732],"product_tag":[719,718],"class_list":{"0":"post-221704","1":"product","2":"type-product","3":"status-publish","4":"has-post-thumbnail","6":"product_cat-aloituspaketit-ja-sarjat","7":"product_cat-hats-gpio","8":"product_tag-rpi4-fi","9":"product_tag-rpi5-fi","11":"first","12":"instock","13":"taxable","14":"shipping-taxable","15":"purchasable","16":"product-type-simple"},"composite_virtual":false,"composite_layout":"","composite_add_to_cart_form_location":"","composite_editable_in_cart":false,"composite_sold_individually_context":"","composite_shop_price_calc":"","composite_components":[],"composite_scenarios":[],"bundled_by":[],"bundle_stock_status":"instock","bundle_stock_quantity":7,"bundle_virtual":false,"bundle_layout":"","bundle_add_to_cart_form_location":"","bundle_editable_in_cart":false,"bundle_sold_individually_context":"","bundle_item_grouping":"","bundle_min_size":"","bundle_max_size":"","bundle_price":[],"bundled_items":[],"bundle_sell_ids":[],"yoast_head":"<!-- This site is optimized with the Yoast SEO plugin v27.1.1 - https:\/\/yoast.com\/product\/yoast-seo-wordpress\/ -->\n<title>CamJam EduKit #3 Robotics - Raspberry Pi Robot Kit \u2022 RaspberryPi.dk<\/title>\n<meta name=\"robots\" content=\"index, follow, max-snippet:-1, max-image-preview:large, max-video-preview:-1\" \/>\n<link rel=\"canonical\" href=\"https:\/\/raspberrypi.dk\/fi\/tuote\/camjam-edukit-3-robotics-raspberry-pi-robot-kit\/\" \/>\n<meta property=\"og:locale\" content=\"fi_FI\" \/>\n<meta property=\"og:type\" content=\"article\" \/>\n<meta property=\"og:title\" content=\"CamJam EduKit #3 Robotics - Raspberry Pi Robot Kit \u2022 RaspberryPi.dk\" \/>\n<meta property=\"og:description\" content=\"CamJam EduKit #3 on Raspberry Pi -sarja, joka keskittyy robotiikkaan ja sis\u00e4lt\u00e4\u00e4 (melkein) kaiken, mit\u00e4 tarvitset oman Raspberry Pi -k\u00e4ytt\u00f6isen robotin luomiseen.\" \/>\n<meta property=\"og:url\" content=\"https:\/\/raspberrypi.dk\/fi\/tuote\/camjam-edukit-3-robotics-raspberry-pi-robot-kit\/\" \/>\n<meta property=\"og:site_name\" content=\"RaspberryPi.dk\" \/>\n<meta property=\"article:publisher\" content=\"https:\/\/facebook.com\/RaspberryPiDanmark\" \/>\n<meta property=\"article:modified_time\" content=\"2024-04-12T07:50:15+00:00\" \/>\n<meta property=\"og:image\" content=\"https:\/\/raspberrypi.dk\/wp-content\/uploads\/2019\/09\/camjam-edukit-3-robotics.jpg\" \/>\n\t<meta property=\"og:image:width\" content=\"1000\" \/>\n\t<meta property=\"og:image:height\" content=\"1000\" \/>\n\t<meta property=\"og:image:type\" content=\"image\/jpeg\" \/>\n<meta name=\"twitter:card\" content=\"summary_large_image\" \/>\n<meta name=\"twitter:site\" content=\"@raspberrypidk\" \/>\n<meta name=\"twitter:label1\" content=\"Arvioitu lukuaika\" \/>\n\t<meta name=\"twitter:data1\" content=\"2 minuuttia\" \/>\n<script type=\"application\/ld+json\" class=\"yoast-schema-graph\">{\"@context\":\"https:\/\/schema.org\",\"@graph\":[{\"@type\":\"WebPage\",\"@id\":\"https:\/\/raspberrypi.dk\/fi\/tuote\/camjam-edukit-3-robotics-raspberry-pi-robot-kit\/\",\"url\":\"https:\/\/raspberrypi.dk\/fi\/tuote\/camjam-edukit-3-robotics-raspberry-pi-robot-kit\/\",\"name\":\"CamJam EduKit #3 Robotics - Raspberry Pi Robot Kit \u2022 RaspberryPi.dk\",\"isPartOf\":{\"@id\":\"https:\/\/raspberrypi.dk\/fi\/#website\"},\"primaryImageOfPage\":{\"@id\":\"https:\/\/raspberrypi.dk\/fi\/tuote\/camjam-edukit-3-robotics-raspberry-pi-robot-kit\/#primaryimage\"},\"image\":{\"@id\":\"https:\/\/raspberrypi.dk\/fi\/tuote\/camjam-edukit-3-robotics-raspberry-pi-robot-kit\/#primaryimage\"},\"thumbnailUrl\":\"https:\/\/raspberrypi.dk\/wp-content\/uploads\/2019\/09\/camjam-edukit-3-robotics.jpg\",\"datePublished\":\"2019-09-23T08:23:14+00:00\",\"dateModified\":\"2024-04-12T07:50:15+00:00\",\"breadcrumb\":{\"@id\":\"https:\/\/raspberrypi.dk\/fi\/tuote\/camjam-edukit-3-robotics-raspberry-pi-robot-kit\/#breadcrumb\"},\"inLanguage\":\"fi\",\"potentialAction\":[{\"@type\":\"ReadAction\",\"target\":[\"https:\/\/raspberrypi.dk\/fi\/tuote\/camjam-edukit-3-robotics-raspberry-pi-robot-kit\/\"]}]},{\"@type\":\"ImageObject\",\"inLanguage\":\"fi\",\"@id\":\"https:\/\/raspberrypi.dk\/fi\/tuote\/camjam-edukit-3-robotics-raspberry-pi-robot-kit\/#primaryimage\",\"url\":\"https:\/\/raspberrypi.dk\/wp-content\/uploads\/2019\/09\/camjam-edukit-3-robotics.jpg\",\"contentUrl\":\"https:\/\/raspberrypi.dk\/wp-content\/uploads\/2019\/09\/camjam-edukit-3-robotics.jpg\",\"width\":1000,\"height\":1000,\"caption\":\"camjam edukit 3 robotics - raspberry pi robot kit\"},{\"@type\":\"BreadcrumbList\",\"@id\":\"https:\/\/raspberrypi.dk\/fi\/tuote\/camjam-edukit-3-robotics-raspberry-pi-robot-kit\/#breadcrumb\",\"itemListElement\":[{\"@type\":\"ListItem\",\"position\":1,\"name\":\"Hjem\",\"item\":\"https:\/\/raspberrypi.dk\/fi\/raspberry-pi-verkkokauppa\/\"},{\"@type\":\"ListItem\",\"position\":2,\"name\":\"Shop\",\"item\":\"https:\/\/raspberrypi.dk\/fi\/shop-2\/\"},{\"@type\":\"ListItem\",\"position\":3,\"name\":\"CamJam EduKit #3 Robotics &#8211; Raspberry Pi Robot Kit\"}]},{\"@type\":\"WebSite\",\"@id\":\"https:\/\/raspberrypi.dk\/fi\/#website\",\"url\":\"https:\/\/raspberrypi.dk\/fi\/\",\"name\":\"RaspberryPi.dk\",\"description\":\"Danmarks f\u00f8rende Raspberry Pi side!\",\"publisher\":{\"@id\":\"https:\/\/raspberrypi.dk\/fi\/#organization\"},\"potentialAction\":[{\"@type\":\"SearchAction\",\"target\":{\"@type\":\"EntryPoint\",\"urlTemplate\":\"https:\/\/raspberrypi.dk\/fi\/?s={search_term_string}\"},\"query-input\":{\"@type\":\"PropertyValueSpecification\",\"valueRequired\":true,\"valueName\":\"search_term_string\"}}],\"inLanguage\":\"fi\"},{\"@type\":\"Organization\",\"@id\":\"https:\/\/raspberrypi.dk\/fi\/#organization\",\"name\":\"RaspberryPi.dk\",\"url\":\"https:\/\/raspberrypi.dk\/fi\/\",\"logo\":{\"@type\":\"ImageObject\",\"inLanguage\":\"fi\",\"@id\":\"https:\/\/raspberrypi.dk\/fi\/#\/schema\/logo\/image\/\",\"url\":\"https:\/\/raspberrypi.dk\/wp-content\/uploads\/2017\/05\/RaspberryPidk_logo-2.png\",\"contentUrl\":\"https:\/\/raspberrypi.dk\/wp-content\/uploads\/2017\/05\/RaspberryPidk_logo-2.png\",\"width\":470,\"height\":110,\"caption\":\"RaspberryPi.dk\"},\"image\":{\"@id\":\"https:\/\/raspberrypi.dk\/fi\/#\/schema\/logo\/image\/\"},\"sameAs\":[\"https:\/\/facebook.com\/RaspberryPiDanmark\",\"https:\/\/x.com\/raspberrypidk\",\"https:\/\/instagram.com\/raspberrypi.dk\"]}]}<\/script>\n<!-- \/ Yoast SEO plugin. -->","yoast_head_json":{"title":"CamJam EduKit #3 Robotics - Raspberry Pi Robot Kit \u2022 RaspberryPi.dk","robots":{"index":"index","follow":"follow","max-snippet":"max-snippet:-1","max-image-preview":"max-image-preview:large","max-video-preview":"max-video-preview:-1"},"canonical":"https:\/\/raspberrypi.dk\/fi\/tuote\/camjam-edukit-3-robotics-raspberry-pi-robot-kit\/","og_locale":"fi_FI","og_type":"article","og_title":"CamJam EduKit #3 Robotics - Raspberry Pi Robot Kit \u2022 RaspberryPi.dk","og_description":"CamJam EduKit #3 on Raspberry Pi -sarja, joka keskittyy robotiikkaan ja sis\u00e4lt\u00e4\u00e4 (melkein) kaiken, mit\u00e4 tarvitset oman Raspberry Pi -k\u00e4ytt\u00f6isen robotin luomiseen.","og_url":"https:\/\/raspberrypi.dk\/fi\/tuote\/camjam-edukit-3-robotics-raspberry-pi-robot-kit\/","og_site_name":"RaspberryPi.dk","article_publisher":"https:\/\/facebook.com\/RaspberryPiDanmark","article_modified_time":"2024-04-12T07:50:15+00:00","og_image":[{"width":1000,"height":1000,"url":"https:\/\/raspberrypi.dk\/wp-content\/uploads\/2019\/09\/camjam-edukit-3-robotics.jpg","type":"image\/jpeg"}],"twitter_card":"summary_large_image","twitter_site":"@raspberrypidk","twitter_misc":{"Arvioitu lukuaika":"2 minuuttia"},"schema":{"@context":"https:\/\/schema.org","@graph":[{"@type":"WebPage","@id":"https:\/\/raspberrypi.dk\/fi\/tuote\/camjam-edukit-3-robotics-raspberry-pi-robot-kit\/","url":"https:\/\/raspberrypi.dk\/fi\/tuote\/camjam-edukit-3-robotics-raspberry-pi-robot-kit\/","name":"CamJam EduKit #3 Robotics - Raspberry Pi Robot Kit \u2022 RaspberryPi.dk","isPartOf":{"@id":"https:\/\/raspberrypi.dk\/fi\/#website"},"primaryImageOfPage":{"@id":"https:\/\/raspberrypi.dk\/fi\/tuote\/camjam-edukit-3-robotics-raspberry-pi-robot-kit\/#primaryimage"},"image":{"@id":"https:\/\/raspberrypi.dk\/fi\/tuote\/camjam-edukit-3-robotics-raspberry-pi-robot-kit\/#primaryimage"},"thumbnailUrl":"https:\/\/raspberrypi.dk\/wp-content\/uploads\/2019\/09\/camjam-edukit-3-robotics.jpg","datePublished":"2019-09-23T08:23:14+00:00","dateModified":"2024-04-12T07:50:15+00:00","breadcrumb":{"@id":"https:\/\/raspberrypi.dk\/fi\/tuote\/camjam-edukit-3-robotics-raspberry-pi-robot-kit\/#breadcrumb"},"inLanguage":"fi","potentialAction":[{"@type":"ReadAction","target":["https:\/\/raspberrypi.dk\/fi\/tuote\/camjam-edukit-3-robotics-raspberry-pi-robot-kit\/"]}]},{"@type":"ImageObject","inLanguage":"fi","@id":"https:\/\/raspberrypi.dk\/fi\/tuote\/camjam-edukit-3-robotics-raspberry-pi-robot-kit\/#primaryimage","url":"https:\/\/raspberrypi.dk\/wp-content\/uploads\/2019\/09\/camjam-edukit-3-robotics.jpg","contentUrl":"https:\/\/raspberrypi.dk\/wp-content\/uploads\/2019\/09\/camjam-edukit-3-robotics.jpg","width":1000,"height":1000,"caption":"camjam edukit 3 robotics - raspberry pi robot kit"},{"@type":"BreadcrumbList","@id":"https:\/\/raspberrypi.dk\/fi\/tuote\/camjam-edukit-3-robotics-raspberry-pi-robot-kit\/#breadcrumb","itemListElement":[{"@type":"ListItem","position":1,"name":"Hjem","item":"https:\/\/raspberrypi.dk\/fi\/raspberry-pi-verkkokauppa\/"},{"@type":"ListItem","position":2,"name":"Shop","item":"https:\/\/raspberrypi.dk\/fi\/shop-2\/"},{"@type":"ListItem","position":3,"name":"CamJam EduKit #3 Robotics &#8211; Raspberry Pi Robot Kit"}]},{"@type":"WebSite","@id":"https:\/\/raspberrypi.dk\/fi\/#website","url":"https:\/\/raspberrypi.dk\/fi\/","name":"RaspberryPi.dk","description":"Danmarks f\u00f8rende Raspberry Pi side!","publisher":{"@id":"https:\/\/raspberrypi.dk\/fi\/#organization"},"potentialAction":[{"@type":"SearchAction","target":{"@type":"EntryPoint","urlTemplate":"https:\/\/raspberrypi.dk\/fi\/?s={search_term_string}"},"query-input":{"@type":"PropertyValueSpecification","valueRequired":true,"valueName":"search_term_string"}}],"inLanguage":"fi"},{"@type":"Organization","@id":"https:\/\/raspberrypi.dk\/fi\/#organization","name":"RaspberryPi.dk","url":"https:\/\/raspberrypi.dk\/fi\/","logo":{"@type":"ImageObject","inLanguage":"fi","@id":"https:\/\/raspberrypi.dk\/fi\/#\/schema\/logo\/image\/","url":"https:\/\/raspberrypi.dk\/wp-content\/uploads\/2017\/05\/RaspberryPidk_logo-2.png","contentUrl":"https:\/\/raspberrypi.dk\/wp-content\/uploads\/2017\/05\/RaspberryPidk_logo-2.png","width":470,"height":110,"caption":"RaspberryPi.dk"},"image":{"@id":"https:\/\/raspberrypi.dk\/fi\/#\/schema\/logo\/image\/"},"sameAs":["https:\/\/facebook.com\/RaspberryPiDanmark","https:\/\/x.com\/raspberrypidk","https:\/\/instagram.com\/raspberrypi.dk"]}]}},"_links":{"self":[{"href":"https:\/\/raspberrypi.dk\/fi\/wp-json\/wp\/v2\/product\/221704","targetHints":{"allow":["GET"]}}],"collection":[{"href":"https:\/\/raspberrypi.dk\/fi\/wp-json\/wp\/v2\/product"}],"about":[{"href":"https:\/\/raspberrypi.dk\/fi\/wp-json\/wp\/v2\/types\/product"}],"replies":[{"embeddable":true,"href":"https:\/\/raspberrypi.dk\/fi\/wp-json\/wp\/v2\/comments?post=221704"}],"wp:featuredmedia":[{"embeddable":true,"href":"https:\/\/raspberrypi.dk\/fi\/wp-json\/wp\/v2\/media\/221707"}],"wp:attachment":[{"href":"https:\/\/raspberrypi.dk\/fi\/wp-json\/wp\/v2\/media?parent=221704"}],"wp:term":[{"taxonomy":"product_brand","embeddable":true,"href":"https:\/\/raspberrypi.dk\/fi\/wp-json\/wp\/v2\/product_brand?post=221704"},{"taxonomy":"product_cat","embeddable":true,"href":"https:\/\/raspberrypi.dk\/fi\/wp-json\/wp\/v2\/product_cat?post=221704"},{"taxonomy":"product_tag","embeddable":true,"href":"https:\/\/raspberrypi.dk\/fi\/wp-json\/wp\/v2\/product_tag?post=221704"}],"curies":[{"name":"wp","href":"https:\/\/api.w.org\/{rel}","templated":true}]}}