{"id":221708,"date":"2019-09-20T09:59:25","date_gmt":"2019-09-20T07:59:25","guid":{"rendered":"https:\/\/raspberrypi.dk\/produkt\/zero4u-usb-hub-4-portti-pi-zero-v1-3-og-w\/"},"modified":"2025-10-27T00:01:49","modified_gmt":"2025-10-26T23:01:49","slug":"zero4u-usb-hub-4-portti-pi-zero-v1-3-og-w","status":"publish","type":"product","link":"https:\/\/raspberrypi.dk\/fi\/tuote\/zero4u-usb-hub-4-portti-pi-zero-v1-3-og-w\/","title":{"rendered":"Zero4U &#8211; USB Hub 4-Portti Pi Zero (v1.3 og W)"},"content":{"rendered":"<p><strong>Sis\u00e4llys:<\/strong><\/p>\n<ul>\n<li>4-porttinen USB 2.0 -keskitinlevy x 1<\/li>\n<li>Muovinen v\u00e4like x 4<\/li>\n<li>M2,5 muoviruuvi x 4<\/li>\n<li>M2,5 muovimutteri x 4<\/li>\n<li>Ferriittirengas x 1 (est\u00e4\u00e4 wifin aiheuttaman ep\u00e4vakauden uudessa Zero W:ss\u00e4)<\/li>\n<\/ul>\n<p><a href=\"https:\/\/raspberrypi.dk\/wp-content\/uploads\/2017\/04\/Zero4U_UserManual.pdf\">Lataa k\u00e4sikirja<\/a><\/p>\n<p>Takana olevat 4 pogo-nastaa yhdist\u00e4v\u00e4t Raspberry Pi Zeron PP1-, PP6-, PP22- ja PP23-testityynyt, joten juottamista ei tarvita.<\/p>\n<p>Zero4U USB-keskitin ottaa virran suoraan Raspberry Pi Zerosta, joten sinun ei tarvitse antaa virtaa USB-keskittimelle erikseen. Voit kuitenkin halutessasi k\u00e4ytt\u00e4\u00e4 aluksella olevaa JST XH2.54 -liitint\u00e4 vaihtoehtoisena virransy\u00f6tt\u00f6porttina.<\/p>\n<p>Sininen LED toimii virran merkkin\u00e4 ja syttyy, kun virta kytket\u00e4\u00e4n.<\/p>\n<p>Jokaisessa USB-portissa on oma valkoinen LED tapahtuman ilmaisimena ja erillinen elektrolyyttikondensaattori, joka stabiloi l\u00e4ht\u00f6j\u00e4nnitteen.<\/p>\n<p>Jos k\u00e4yt\u00e4t t\u00e4t\u00e4 USB-keskitint\u00e4 muuntyyppisten tietokoneiden kanssa, voit liitt\u00e4\u00e4 sis\u00e4isen mini-USB-portin USB-porttiin USB-kaapelilla (ei sis\u00e4lly toimitukseen).<\/p>\n","protected":false},"excerpt":{"rendered":"<div>\n<p><span id=\"result_box\" class=\"\" lang=\"da\"><span class=\"\"><strong>UUGear Zero4U Raspberry Pi Zero v1.3 ja W o<\/strong>n 4-porttinen USB-keskitin Raspberry Pi Zero v1.3:lle ja W:lle, ja se voidaan asentaa suoraan Raspberry Pi Zeroon. Asennus suoraan, ei juottamista. Lis\u00e4ostoja, jos sellaisia \u200b\u200bon kotelo,<a href=\"https:\/\/raspberrypi.dk\/fi\/tuote\/kotelo-zero4u-usb-hub\/\"> jossa on tilaa Pi Zero ja Zero4U<\/a><\/span><\/span><\/p>\n<\/div>\n","protected":false},"featured_media":221709,"comment_status":"open","ping_status":"closed","template":"","meta":[],"product_brand":[],"product_cat":[750,732,751],"product_tag":[],"class_list":{"0":"post-221708","1":"product","2":"type-product","3":"status-publish","4":"has-post-thumbnail","6":"product_cat-raspberry-pi-zero-ja-tarvikkeet","7":"product_cat-hats-gpio","8":"product_cat-usb-tarvikkeet","10":"first","11":"outofstock","12":"taxable","13":"shipping-taxable","14":"purchasable","15":"product-type-simple"},"composite_virtual":false,"composite_layout":"","composite_add_to_cart_form_location":"","composite_editable_in_cart":false,"composite_sold_individually_context":"","composite_shop_price_calc":"","composite_components":[],"composite_scenarios":[],"bundled_by":[],"bundle_stock_status":"outofstock","bundle_stock_quantity":0,"bundle_virtual":false,"bundle_layout":"","bundle_add_to_cart_form_location":"","bundle_editable_in_cart":false,"bundle_sold_individually_context":"","bundle_item_grouping":"","bundle_min_size":"","bundle_max_size":"","bundle_price":[],"bundled_items":[],"bundle_sell_ids":[],"yoast_head":"<!-- This site is optimized with the Yoast SEO plugin v27.1.1 - https:\/\/yoast.com\/product\/yoast-seo-wordpress\/ -->\n<title>Zero4U - USB Hub 4-Portti Pi Zero (v1.3 og W) \u2022 RaspberryPi.dk<\/title>\n<meta name=\"robots\" content=\"index, follow, max-snippet:-1, max-image-preview:large, max-video-preview:-1\" \/>\n<link rel=\"canonical\" href=\"https:\/\/raspberrypi.dk\/fi\/tuote\/zero4u-usb-hub-4-portti-pi-zero-v1-3-og-w\/\" \/>\n<meta property=\"og:locale\" content=\"fi_FI\" \/>\n<meta property=\"og:type\" content=\"article\" \/>\n<meta property=\"og:title\" content=\"Zero4U - USB Hub 4-Portti Pi Zero (v1.3 og W) \u2022 RaspberryPi.dk\" \/>\n<meta property=\"og:description\" content=\"UUGear Zero4U Raspberry Pi Zero v1.3 ja W on 4-porttinen USB-keskitin Raspberry Pi Zero v1.3:lle ja W:lle, ja se voidaan asentaa suoraan Raspberry Pi Zeroon. Asennus suoraan, ei juottamista. Lis\u00e4ostoja, jos sellaisia \u200b\u200bon kotelo, jossa on tilaa Pi Zero ja Zero4U\" \/>\n<meta property=\"og:url\" content=\"https:\/\/raspberrypi.dk\/fi\/tuote\/zero4u-usb-hub-4-portti-pi-zero-v1-3-og-w\/\" \/>\n<meta property=\"og:site_name\" content=\"RaspberryPi.dk\" \/>\n<meta property=\"article:publisher\" content=\"https:\/\/facebook.com\/RaspberryPiDanmark\" \/>\n<meta property=\"article:modified_time\" content=\"2025-10-26T23:01:49+00:00\" \/>\n<meta property=\"og:image\" content=\"https:\/\/raspberrypi.dk\/wp-content\/uploads\/2017\/04\/zero4u-usb-hub-4-port-raspberry-pi-zero.png\" \/>\n\t<meta property=\"og:image:width\" content=\"500\" \/>\n\t<meta property=\"og:image:height\" content=\"500\" \/>\n\t<meta property=\"og:image:type\" content=\"image\/png\" \/>\n<meta name=\"twitter:card\" content=\"summary_large_image\" \/>\n<meta name=\"twitter:site\" content=\"@raspberrypidk\" \/>\n<meta name=\"twitter:label1\" content=\"Arvioitu lukuaika\" \/>\n\t<meta name=\"twitter:data1\" content=\"1 minuutti\" \/>\n<script type=\"application\/ld+json\" class=\"yoast-schema-graph\">{\"@context\":\"https:\/\/schema.org\",\"@graph\":[{\"@type\":\"WebPage\",\"@id\":\"https:\/\/raspberrypi.dk\/fi\/tuote\/zero4u-usb-hub-4-portti-pi-zero-v1-3-og-w\/\",\"url\":\"https:\/\/raspberrypi.dk\/fi\/tuote\/zero4u-usb-hub-4-portti-pi-zero-v1-3-og-w\/\",\"name\":\"Zero4U - USB Hub 4-Portti Pi Zero (v1.3 og W) \u2022 RaspberryPi.dk\",\"isPartOf\":{\"@id\":\"https:\/\/raspberrypi.dk\/fi\/#website\"},\"primaryImageOfPage\":{\"@id\":\"https:\/\/raspberrypi.dk\/fi\/tuote\/zero4u-usb-hub-4-portti-pi-zero-v1-3-og-w\/#primaryimage\"},\"image\":{\"@id\":\"https:\/\/raspberrypi.dk\/fi\/tuote\/zero4u-usb-hub-4-portti-pi-zero-v1-3-og-w\/#primaryimage\"},\"thumbnailUrl\":\"https:\/\/raspberrypi.dk\/wp-content\/uploads\/2017\/04\/zero4u-usb-hub-4-port-raspberry-pi-zero.png\",\"datePublished\":\"2019-09-20T07:59:25+00:00\",\"dateModified\":\"2025-10-26T23:01:49+00:00\",\"breadcrumb\":{\"@id\":\"https:\/\/raspberrypi.dk\/fi\/tuote\/zero4u-usb-hub-4-portti-pi-zero-v1-3-og-w\/#breadcrumb\"},\"inLanguage\":\"fi\",\"potentialAction\":[{\"@type\":\"ReadAction\",\"target\":[\"https:\/\/raspberrypi.dk\/fi\/tuote\/zero4u-usb-hub-4-portti-pi-zero-v1-3-og-w\/\"]}]},{\"@type\":\"ImageObject\",\"inLanguage\":\"fi\",\"@id\":\"https:\/\/raspberrypi.dk\/fi\/tuote\/zero4u-usb-hub-4-portti-pi-zero-v1-3-og-w\/#primaryimage\",\"url\":\"https:\/\/raspberrypi.dk\/wp-content\/uploads\/2017\/04\/zero4u-usb-hub-4-port-raspberry-pi-zero.png\",\"contentUrl\":\"https:\/\/raspberrypi.dk\/wp-content\/uploads\/2017\/04\/zero4u-usb-hub-4-port-raspberry-pi-zero.png\",\"width\":500,\"height\":500},{\"@type\":\"BreadcrumbList\",\"@id\":\"https:\/\/raspberrypi.dk\/fi\/tuote\/zero4u-usb-hub-4-portti-pi-zero-v1-3-og-w\/#breadcrumb\",\"itemListElement\":[{\"@type\":\"ListItem\",\"position\":1,\"name\":\"Hjem\",\"item\":\"https:\/\/raspberrypi.dk\/fi\/raspberry-pi-verkkokauppa\/\"},{\"@type\":\"ListItem\",\"position\":2,\"name\":\"Shop\",\"item\":\"https:\/\/raspberrypi.dk\/fi\/shop-2\/\"},{\"@type\":\"ListItem\",\"position\":3,\"name\":\"Zero4U &#8211; USB Hub 4-Portti Pi Zero (v1.3 og W)\"}]},{\"@type\":\"WebSite\",\"@id\":\"https:\/\/raspberrypi.dk\/fi\/#website\",\"url\":\"https:\/\/raspberrypi.dk\/fi\/\",\"name\":\"RaspberryPi.dk\",\"description\":\"Danmarks f\u00f8rende Raspberry Pi side!\",\"publisher\":{\"@id\":\"https:\/\/raspberrypi.dk\/fi\/#organization\"},\"potentialAction\":[{\"@type\":\"SearchAction\",\"target\":{\"@type\":\"EntryPoint\",\"urlTemplate\":\"https:\/\/raspberrypi.dk\/fi\/?s={search_term_string}\"},\"query-input\":{\"@type\":\"PropertyValueSpecification\",\"valueRequired\":true,\"valueName\":\"search_term_string\"}}],\"inLanguage\":\"fi\"},{\"@type\":\"Organization\",\"@id\":\"https:\/\/raspberrypi.dk\/fi\/#organization\",\"name\":\"RaspberryPi.dk\",\"url\":\"https:\/\/raspberrypi.dk\/fi\/\",\"logo\":{\"@type\":\"ImageObject\",\"inLanguage\":\"fi\",\"@id\":\"https:\/\/raspberrypi.dk\/fi\/#\/schema\/logo\/image\/\",\"url\":\"https:\/\/raspberrypi.dk\/wp-content\/uploads\/2017\/05\/RaspberryPidk_logo-2.png\",\"contentUrl\":\"https:\/\/raspberrypi.dk\/wp-content\/uploads\/2017\/05\/RaspberryPidk_logo-2.png\",\"width\":470,\"height\":110,\"caption\":\"RaspberryPi.dk\"},\"image\":{\"@id\":\"https:\/\/raspberrypi.dk\/fi\/#\/schema\/logo\/image\/\"},\"sameAs\":[\"https:\/\/facebook.com\/RaspberryPiDanmark\",\"https:\/\/x.com\/raspberrypidk\",\"https:\/\/instagram.com\/raspberrypi.dk\"]}]}<\/script>\n<!-- \/ Yoast SEO plugin. -->","yoast_head_json":{"title":"Zero4U - USB Hub 4-Portti Pi Zero (v1.3 og W) \u2022 RaspberryPi.dk","robots":{"index":"index","follow":"follow","max-snippet":"max-snippet:-1","max-image-preview":"max-image-preview:large","max-video-preview":"max-video-preview:-1"},"canonical":"https:\/\/raspberrypi.dk\/fi\/tuote\/zero4u-usb-hub-4-portti-pi-zero-v1-3-og-w\/","og_locale":"fi_FI","og_type":"article","og_title":"Zero4U - USB Hub 4-Portti Pi Zero (v1.3 og W) \u2022 RaspberryPi.dk","og_description":"UUGear Zero4U Raspberry Pi Zero v1.3 ja W on 4-porttinen USB-keskitin Raspberry Pi Zero v1.3:lle ja W:lle, ja se voidaan asentaa suoraan Raspberry Pi Zeroon. Asennus suoraan, ei juottamista. Lis\u00e4ostoja, jos sellaisia \u200b\u200bon kotelo, jossa on tilaa Pi Zero ja Zero4U","og_url":"https:\/\/raspberrypi.dk\/fi\/tuote\/zero4u-usb-hub-4-portti-pi-zero-v1-3-og-w\/","og_site_name":"RaspberryPi.dk","article_publisher":"https:\/\/facebook.com\/RaspberryPiDanmark","article_modified_time":"2025-10-26T23:01:49+00:00","og_image":[{"width":500,"height":500,"url":"https:\/\/raspberrypi.dk\/wp-content\/uploads\/2017\/04\/zero4u-usb-hub-4-port-raspberry-pi-zero.png","type":"image\/png"}],"twitter_card":"summary_large_image","twitter_site":"@raspberrypidk","twitter_misc":{"Arvioitu lukuaika":"1 minuutti"},"schema":{"@context":"https:\/\/schema.org","@graph":[{"@type":"WebPage","@id":"https:\/\/raspberrypi.dk\/fi\/tuote\/zero4u-usb-hub-4-portti-pi-zero-v1-3-og-w\/","url":"https:\/\/raspberrypi.dk\/fi\/tuote\/zero4u-usb-hub-4-portti-pi-zero-v1-3-og-w\/","name":"Zero4U - USB Hub 4-Portti Pi Zero (v1.3 og W) \u2022 RaspberryPi.dk","isPartOf":{"@id":"https:\/\/raspberrypi.dk\/fi\/#website"},"primaryImageOfPage":{"@id":"https:\/\/raspberrypi.dk\/fi\/tuote\/zero4u-usb-hub-4-portti-pi-zero-v1-3-og-w\/#primaryimage"},"image":{"@id":"https:\/\/raspberrypi.dk\/fi\/tuote\/zero4u-usb-hub-4-portti-pi-zero-v1-3-og-w\/#primaryimage"},"thumbnailUrl":"https:\/\/raspberrypi.dk\/wp-content\/uploads\/2017\/04\/zero4u-usb-hub-4-port-raspberry-pi-zero.png","datePublished":"2019-09-20T07:59:25+00:00","dateModified":"2025-10-26T23:01:49+00:00","breadcrumb":{"@id":"https:\/\/raspberrypi.dk\/fi\/tuote\/zero4u-usb-hub-4-portti-pi-zero-v1-3-og-w\/#breadcrumb"},"inLanguage":"fi","potentialAction":[{"@type":"ReadAction","target":["https:\/\/raspberrypi.dk\/fi\/tuote\/zero4u-usb-hub-4-portti-pi-zero-v1-3-og-w\/"]}]},{"@type":"ImageObject","inLanguage":"fi","@id":"https:\/\/raspberrypi.dk\/fi\/tuote\/zero4u-usb-hub-4-portti-pi-zero-v1-3-og-w\/#primaryimage","url":"https:\/\/raspberrypi.dk\/wp-content\/uploads\/2017\/04\/zero4u-usb-hub-4-port-raspberry-pi-zero.png","contentUrl":"https:\/\/raspberrypi.dk\/wp-content\/uploads\/2017\/04\/zero4u-usb-hub-4-port-raspberry-pi-zero.png","width":500,"height":500},{"@type":"BreadcrumbList","@id":"https:\/\/raspberrypi.dk\/fi\/tuote\/zero4u-usb-hub-4-portti-pi-zero-v1-3-og-w\/#breadcrumb","itemListElement":[{"@type":"ListItem","position":1,"name":"Hjem","item":"https:\/\/raspberrypi.dk\/fi\/raspberry-pi-verkkokauppa\/"},{"@type":"ListItem","position":2,"name":"Shop","item":"https:\/\/raspberrypi.dk\/fi\/shop-2\/"},{"@type":"ListItem","position":3,"name":"Zero4U &#8211; USB Hub 4-Portti Pi Zero (v1.3 og W)"}]},{"@type":"WebSite","@id":"https:\/\/raspberrypi.dk\/fi\/#website","url":"https:\/\/raspberrypi.dk\/fi\/","name":"RaspberryPi.dk","description":"Danmarks f\u00f8rende Raspberry Pi side!","publisher":{"@id":"https:\/\/raspberrypi.dk\/fi\/#organization"},"potentialAction":[{"@type":"SearchAction","target":{"@type":"EntryPoint","urlTemplate":"https:\/\/raspberrypi.dk\/fi\/?s={search_term_string}"},"query-input":{"@type":"PropertyValueSpecification","valueRequired":true,"valueName":"search_term_string"}}],"inLanguage":"fi"},{"@type":"Organization","@id":"https:\/\/raspberrypi.dk\/fi\/#organization","name":"RaspberryPi.dk","url":"https:\/\/raspberrypi.dk\/fi\/","logo":{"@type":"ImageObject","inLanguage":"fi","@id":"https:\/\/raspberrypi.dk\/fi\/#\/schema\/logo\/image\/","url":"https:\/\/raspberrypi.dk\/wp-content\/uploads\/2017\/05\/RaspberryPidk_logo-2.png","contentUrl":"https:\/\/raspberrypi.dk\/wp-content\/uploads\/2017\/05\/RaspberryPidk_logo-2.png","width":470,"height":110,"caption":"RaspberryPi.dk"},"image":{"@id":"https:\/\/raspberrypi.dk\/fi\/#\/schema\/logo\/image\/"},"sameAs":["https:\/\/facebook.com\/RaspberryPiDanmark","https:\/\/x.com\/raspberrypidk","https:\/\/instagram.com\/raspberrypi.dk"]}]}},"_links":{"self":[{"href":"https:\/\/raspberrypi.dk\/fi\/wp-json\/wp\/v2\/product\/221708","targetHints":{"allow":["GET"]}}],"collection":[{"href":"https:\/\/raspberrypi.dk\/fi\/wp-json\/wp\/v2\/product"}],"about":[{"href":"https:\/\/raspberrypi.dk\/fi\/wp-json\/wp\/v2\/types\/product"}],"replies":[{"embeddable":true,"href":"https:\/\/raspberrypi.dk\/fi\/wp-json\/wp\/v2\/comments?post=221708"}],"wp:featuredmedia":[{"embeddable":true,"href":"https:\/\/raspberrypi.dk\/fi\/wp-json\/wp\/v2\/media\/221709"}],"wp:attachment":[{"href":"https:\/\/raspberrypi.dk\/fi\/wp-json\/wp\/v2\/media?parent=221708"}],"wp:term":[{"taxonomy":"product_brand","embeddable":true,"href":"https:\/\/raspberrypi.dk\/fi\/wp-json\/wp\/v2\/product_brand?post=221708"},{"taxonomy":"product_cat","embeddable":true,"href":"https:\/\/raspberrypi.dk\/fi\/wp-json\/wp\/v2\/product_cat?post=221708"},{"taxonomy":"product_tag","embeddable":true,"href":"https:\/\/raspberrypi.dk\/fi\/wp-json\/wp\/v2\/product_tag?post=221708"}],"curies":[{"name":"wp","href":"https:\/\/api.w.org\/{rel}","templated":true}]}}