{"id":221713,"date":"2019-09-19T11:13:30","date_gmt":"2019-09-19T09:13:30","guid":{"rendered":"https:\/\/raspberrypi.dk\/produkt\/smartipi-touch-2-case-raspberry-pi-7-touchscreen-display\/"},"modified":"2024-04-24T09:50:09","modified_gmt":"2024-04-24T07:50:09","slug":"smartipi-touch-2-case-raspberry-pi-7-touchscreen-display","status":"publish","type":"product","link":"https:\/\/raspberrypi.dk\/fi\/tuote\/smartipi-touch-2-case-raspberry-pi-7-touchscreen-display\/","title":{"rendered":"SmartiPi Touch 2 &#8211; Case Raspberry Pi 7&#8243; Touchscreen Display"},"content":{"rendered":"<p>HUOMIO! Yhteensopiva Pi 4:n kanssa.<\/p>\n<p>N\u00e4ytt\u00f6 kiinnitet\u00e4\u00e4n koteloon nelj\u00e4ll\u00e4 ruuvilla. Raspberry Pi B+, 2B, 3B, 3A+, 3B+ tai 4 suljetaan sitten kotelon takana olevaan tilaan. Yksinkertainen &#8221;ovi&#8221; peitt\u00e4\u00e4 Pi:n, kun se on huoneessa. N\u00e4yt\u00f6n mukana tullut kaapeli liitet\u00e4\u00e4n Raspberry Pi DSI -porttiin. Jalustassa on nivel, jonka avulla voit s\u00e4\u00e4t\u00e4\u00e4 n\u00e4yt\u00f6n kulmaa.<\/p>\n<p>SmartiPi Touch 2 on kotelo viralliselle Raspberry Pi -n\u00e4yt\u00f6lle, Raspberry Pi- ja Raspberry Pi -kameralle. Uusia ominaisuuksia ovat integroitu kamerateline, kolme vaihdettavaa vaihtoehtoa etulevylle ja tuulettimelle.<\/p>\n<p><strong>Ominaisuudet:<\/strong><\/p>\n<ul>\n<li>S\u00e4\u00e4dett\u00e4v\u00e4 kulma<\/li>\n<li>Rakennuspalikkayhteensopiva etulevy kamerarei\u00e4ll\u00e4<\/li>\n<li>Sile\u00e4 etulevy kamerarei\u00e4ll\u00e4<\/li>\n<li>Sile\u00e4 etulevy<\/li>\n<li>Ovi tuulettimella<\/li>\n<li>Ovi GPIO-p\u00e4\u00e4syll\u00e4<\/li>\n<li>USB-C-jakaja (k\u00e4ytett\u00e4v\u00e4ksi Pi 4:n kanssa)<\/li>\n<li>Micro USB -jakaja (k\u00e4ytett\u00e4v\u00e4ksi Pi 2:n ja 3:n kanssa)<\/li>\n<li>Kompaktit kiinnikkeet<\/li>\n<li>75mm VESA-kiinnitys<\/li>\n<li>P\u00e4\u00e4sy HDMI- ja audioporttiin<\/li>\n<li>Yhteensopiva Raspberry Pi B+, 2B, 3B, 3A+, 3B+ ja 4 kanssa<\/li>\n<li>Yhteensopiva Raspberry Pi Camera V1 ja V2 kanssa<\/li>\n<li>Yhteensopiva virallisen Raspberry Pi -n\u00e4yt\u00f6n kanssa<\/li>\n<\/ul>\n<p><strong>HUOMIO! Raspberry Pi, kamera tai n\u00e4ytt\u00f6 eiv\u00e4t sis\u00e4lly.<\/strong><\/p>\n<p>Kaikki alla n\u00e4kyv\u00e4t sis\u00e4ltyv\u00e4t:<\/p>\n<p>&nbsp;<\/p>\n<p>&nbsp;<\/p>\n<p class=\"ewd-ulb-lightbox\"><img decoding=\"async\" src=\"https:\/\/cdn.shopify.com\/s\/files\/1\/0793\/8029\/files\/kit_includes_with_text_600x600.jpg?v=1567351059\" alt=\"\" \/><\/p>\n<p>S\u00e4\u00e4d\u00e4 kulma helposti:<\/p>\n<p class=\"ewd-ulb-lightbox\"><img decoding=\"async\" src=\"https:\/\/cdn.shopify.com\/s\/files\/1\/0793\/8029\/products\/adjust_angle_480x480.jpg?v=1567456900\" alt=\"\" \/><\/p>\n<p>Mukana toimitetut nauhakaapelit on kiinnitetty viralliseen Pi-n\u00e4ytt\u00f6\u00f6n ja viralliseen Pi-kameraan. Kameraan kiinnitetty pidempi kaapeli on reititetty n\u00e4yt\u00f6n ohjauskortin alle.<\/p>\n<div class=\"ewd-ulb-lightbox\"><img decoding=\"async\" src=\"https:\/\/cdn.shopify.com\/s\/files\/1\/0793\/8029\/files\/assemble_cable_480x480.jpg?v=1567444776\" alt=\"\" \/><\/div>\n<p>Displayet yhdess\u00e4 kameran ja kaapelien kanssa ker\u00e4t\u00e4\u00e4n koteloon alla olevan kuvan mukaisesti.<\/p>\n<p class=\"ewd-ulb-lightbox\"><img decoding=\"async\" src=\"https:\/\/cdn.shopify.com\/s\/files\/1\/0793\/8029\/files\/assembly_camera_480x480.jpg?v=1567444852\" alt=\"\" \/><\/p>\n<p>Mukana on rakennuspalikkayhteensopiva etuosa kamerarei\u00e4ll\u00e4, sile\u00e4 etuosa kamerarei\u00e4ll\u00e4 ja kiinte\u00e4 sile\u00e4 etuosa. Ne voidaan asentaa mukana tulleilla\u00a0hardware.<\/p>\n<p>&nbsp;<\/p>\n<p class=\"ewd-ulb-lightbox\"><img decoding=\"async\" src=\"https:\/\/cdn.shopify.com\/s\/files\/1\/0793\/8029\/products\/3_covers_480x480.jpg?v=1567350169\" alt=\"\" \/><\/p>\n<p class=\"ewd-ulb-lightbox\"><img decoding=\"async\" src=\"https:\/\/cdn.shopify.com\/s\/files\/1\/0793\/8029\/files\/3_faceplates_480x480.jpg?v=1567528718\" alt=\"\" \/><\/p>\n<p class=\"ewd-ulb-lightbox\"><img decoding=\"async\" src=\"https:\/\/cdn.shopify.com\/s\/files\/1\/0793\/8029\/files\/lego_man_480x480.jpg?v=1567530123\" alt=\"\" \/><\/p>\n<p class=\"ewd-ulb-lightbox\">Raspberry Pi -kamera kootaan takaosaan mukana toimitetuilla ruuveilla.<\/p>\n<p class=\"ewd-ulb-lightbox\"><img decoding=\"async\" src=\"https:\/\/cdn.shopify.com\/s\/files\/1\/0793\/8029\/files\/screw_in_camera_480x480.jpg?v=1567351446\" alt=\"\" \/><\/p>\n<p>Raspberry Pi kootaan sitten taakse ja nauhakaapelit asennetaan kuvan mukaisesti. Tuuletin voidaan liitt\u00e4\u00e4 5v GPIO-nastan (7500 RPM) tai 3,3v GPIO-nastaan \u200b\u200b(4800 RPM)<\/p>\n<p>Tuuletin on tavallinen 30x30mm tuuletin ja se voidaan helposti vaihtaa toiseen helposti saatavilla olevaan 30x30mm tuulettimeen.<\/p>\n<p class=\"ewd-ulb-lightbox\"><img decoding=\"async\" src=\"https:\/\/cdn.shopify.com\/s\/files\/1\/0793\/8029\/files\/assemble_fan_480x480.jpg?v=1567448670\" alt=\"\" \/><\/p>\n<p class=\"ewd-ulb-lightbox\"><img decoding=\"async\" src=\"https:\/\/cdn.shopify.com\/s\/files\/1\/0793\/8029\/files\/assemble_pi_480x480.jpg?v=1567444920\" alt=\"\" \/><\/p>\n<p>Sarjaan kuuluu kaksi erilaista takaoviversiota. Yhdess\u00e4 ovessa on aukko, joka voidaan poistaa GPIO-nastat paljastamiseksi. Toinen ovi mahdollistaa tuulettimen asennuksen. Yksik\u00e4\u00e4n ovi ei toimi HAT-boards.<\/p>\n<p class=\"ewd-ulb-lightbox\"><img decoding=\"async\" src=\"https:\/\/cdn.shopify.com\/s\/files\/1\/0793\/8029\/files\/back_view_fan_door_480x480.jpg?v=1567444321\" alt=\"\" \/><\/p>\n<p>&nbsp;<\/p>\n<p class=\"ewd-ulb-lightbox\"><img decoding=\"async\" src=\"https:\/\/cdn.shopify.com\/s\/files\/1\/0793\/8029\/files\/back_view_standard_door_480x480.jpg?v=1567444339\" alt=\"\" \/><img decoding=\"async\" src=\"https:\/\/cdn.shopify.com\/s\/files\/1\/0793\/8029\/files\/cut_door_240x240.jpg?v=1567444626\" alt=\"\" \/><\/p>\n<p>HAT-levyjen k\u00e4ytt\u00f6\u00e4 varten ovi on irrotettava. Tavalliset HAT-suojat voidaan sitten ruuvata Pi-kiinnityspultteihin. Valinnaisen takakannen lis\u00e4varusteen voi ostaa erikseen peitt\u00e4m\u00e4\u00e4n HAT-levyn.<\/p>\n<p class=\"ewd-ulb-lightbox\"><img decoding=\"async\" src=\"https:\/\/cdn.shopify.com\/s\/files\/1\/0793\/8029\/files\/pi_mounting_studs_94daf92a-82c0-4b00-a9a8-d6af0e042ef1_480x480.jpg?v=1567453044\" alt=\"\" \/><\/p>\n<p>&nbsp;<\/p>\n<p class=\"ewd-ulb-lightbox\"><img decoding=\"async\" src=\"https:\/\/cdn.shopify.com\/s\/files\/1\/0793\/8029\/files\/hat_assembled_480x480.jpg?v=1567445196\" alt=\"\" \/><\/p>\n<p>Molemmat ovet toimivat Raspberry Pi -versioiden 2, 3 ja 4 kanssa. HDMI ja \u00e4\u00e4nil\u00e4ht\u00f6 ovat saatavilla.<\/p>\n<p class=\"ewd-ulb-lightbox\"><img decoding=\"async\" src=\"https:\/\/cdn.shopify.com\/s\/files\/1\/0793\/8029\/files\/door_detail_480x480.jpg?v=1567445277\" alt=\"\" \/><\/p>\n<p>Sarja sis\u00e4lt\u00e4\u00e4 kaksi jakokaapelia: toisen k\u00e4ytett\u00e4v\u00e4ksi Raspberry Pi 2\/3:n ja n\u00e4yt\u00f6n kanssa ja toisen Raspberry Pi 4:n ja n\u00e4yt\u00f6n kanssa.<\/p>\n<p class=\"ewd-ulb-lightbox\"><img decoding=\"async\" src=\"https:\/\/cdn.shopify.com\/s\/files\/1\/0793\/8029\/files\/cables_480x480.jpg?v=1567446070\" alt=\"\" \/><\/p>\n<p class=\"ewd-ulb-lightbox\">Nelj\u00e4n m4-kierteisen sis\u00e4osan avulla voit asentaa kotelon 75 mm:n VESA-kiinnikkeell\u00e4. N\u00e4it\u00e4 k\u00e4ytet\u00e4\u00e4n my\u00f6s valinnaisen takakannen kiinnitt\u00e4miseen.<br \/>\n<img decoding=\"async\" src=\"https:\/\/cdn.shopify.com\/s\/files\/1\/0793\/8029\/files\/vesa_mounts_480x480.jpg?v=1567530546\" alt=\"\" \/><\/p>\n<p>Mukana on my\u00f6s pieni\u00e4 kiinnikkeit\u00e4, joita voidaan k\u00e4ytt\u00e4\u00e4 kotelon kiinnitt\u00e4miseen erilaisille pinnoille. N\u00e4it\u00e4 voidaan k\u00e4ytt\u00e4\u00e4 jalustan sijasta.<\/p>\n<p class=\"ewd-ulb-lightbox\"><img decoding=\"async\" src=\"https:\/\/cdn.shopify.com\/s\/files\/1\/0793\/8029\/files\/small_mounts_480x480.jpg?v=1567446316\" alt=\"\" \/><\/p>\n<p>Takaosan tarvikkeet (eiv\u00e4t sis\u00e4lly) voi ostaa erikseen.<\/p>\n<p class=\"ewd-ulb-lightbox\"><img decoding=\"async\" src=\"https:\/\/cdn.shopify.com\/s\/files\/1\/0793\/8029\/files\/back_cover_assemble_480x480.jpg?v=1567548961\" alt=\"\" \/><\/p>\n<p class=\"ewd-ulb-lightbox\"><img decoding=\"async\" src=\"https:\/\/cdn.shopify.com\/s\/files\/1\/0793\/8029\/files\/small_cover_480x480.jpg?v=1567446385\" alt=\"\" \/><\/p>\n","protected":false},"excerpt":{"rendered":"<p><strong>SmartiPi Touch 2 Kaappi officiel Raspberry Pi 7&#8243; Touchscreen Display.<\/strong><\/p>\n<p>Suunniteltu sijoittamaan Raspberry Pi 7&#8243; kosketusn\u00e4ytt\u00f6 yhdess\u00e4 <strong>Raspberry Pi<\/strong> ja mahdollisesti kameran kanssa.<\/p>\n<p>SmartiPi Touch 2 on eritt\u00e4in siisti kotelo viralliselle Raspberry Pi -kosketusn\u00e4yt\u00f6lle. Kameran toiminnallisuus, sein\u00e4kiinnitys ja HAT-yhteensopiva!<\/p>\n","protected":false},"featured_media":221725,"comment_status":"open","ping_status":"closed","template":"","meta":[],"product_brand":[],"product_cat":[728,736],"product_tag":[719],"class_list":{"0":"post-221713","1":"product","2":"type-product","3":"status-publish","4":"has-post-thumbnail","6":"product_cat-raspberry-pi-naytot","7":"product_cat-raspberry-pi-kotelo","8":"product_tag-rpi4-fi","10":"first","11":"outofstock","12":"taxable","13":"shipping-taxable","14":"purchasable","15":"product-type-simple"},"composite_virtual":false,"composite_layout":"","composite_add_to_cart_form_location":"","composite_editable_in_cart":false,"composite_sold_individually_context":"","composite_shop_price_calc":"","composite_components":[],"composite_scenarios":[],"bundled_by":["221997"],"bundle_stock_status":"outofstock","bundle_stock_quantity":0,"bundle_virtual":false,"bundle_layout":"","bundle_add_to_cart_form_location":"","bundle_editable_in_cart":false,"bundle_sold_individually_context":"","bundle_item_grouping":"","bundle_min_size":"","bundle_max_size":"","bundle_price":[],"bundled_items":[],"bundle_sell_ids":[],"yoast_head":"<!-- This site is optimized with the Yoast SEO plugin v27.1.1 - https:\/\/yoast.com\/product\/yoast-seo-wordpress\/ -->\n<title>SmartiPi Touch 2 - Case Raspberry Pi 7&quot; Touchscreen Display \u2022 RaspberryPi.dk<\/title>\n<meta name=\"robots\" content=\"index, follow, max-snippet:-1, max-image-preview:large, max-video-preview:-1\" \/>\n<link rel=\"canonical\" href=\"https:\/\/raspberrypi.dk\/fi\/tuote\/smartipi-touch-2-case-raspberry-pi-7-touchscreen-display\/\" \/>\n<meta property=\"og:locale\" content=\"fi_FI\" \/>\n<meta property=\"og:type\" content=\"article\" \/>\n<meta property=\"og:title\" content=\"SmartiPi Touch 2 - Case Raspberry Pi 7&quot; Touchscreen Display \u2022 RaspberryPi.dk\" \/>\n<meta property=\"og:description\" content=\"SmartiPi Touch 2 Kaappi officiel Raspberry Pi 7&quot; Touchscreen Display.  Suunniteltu sijoittamaan Raspberry Pi 7&quot; kosketusn\u00e4ytt\u00f6 yhdess\u00e4 Raspberry Pi ja mahdollisesti kameran kanssa.  SmartiPi Touch 2 on eritt\u00e4in siisti kotelo viralliselle Raspberry Pi -kosketusn\u00e4yt\u00f6lle. Kameran toiminnallisuus, sein\u00e4kiinnitys ja HAT-yhteensopiva!\" \/>\n<meta property=\"og:url\" content=\"https:\/\/raspberrypi.dk\/fi\/tuote\/smartipi-touch-2-case-raspberry-pi-7-touchscreen-display\/\" \/>\n<meta property=\"og:site_name\" content=\"RaspberryPi.dk\" \/>\n<meta property=\"article:publisher\" content=\"https:\/\/facebook.com\/RaspberryPiDanmark\" \/>\n<meta property=\"article:modified_time\" content=\"2024-04-24T07:50:09+00:00\" \/>\n<meta property=\"og:image\" content=\"https:\/\/raspberrypi.dk\/wp-content\/uploads\/2019\/09\/smartipi-touch-2-case-beauty_shot_plain_front.jpg\" \/>\n\t<meta property=\"og:image:width\" content=\"2048\" \/>\n\t<meta property=\"og:image:height\" content=\"1596\" \/>\n\t<meta property=\"og:image:type\" content=\"image\/jpeg\" \/>\n<meta name=\"twitter:card\" content=\"summary_large_image\" \/>\n<meta name=\"twitter:site\" content=\"@raspberrypidk\" \/>\n<meta name=\"twitter:label1\" content=\"Arvioitu lukuaika\" \/>\n\t<meta name=\"twitter:data1\" content=\"7 minuuttia\" \/>\n<script type=\"application\/ld+json\" class=\"yoast-schema-graph\">{\"@context\":\"https:\/\/schema.org\",\"@graph\":[{\"@type\":\"WebPage\",\"@id\":\"https:\/\/raspberrypi.dk\/fi\/tuote\/smartipi-touch-2-case-raspberry-pi-7-touchscreen-display\/\",\"url\":\"https:\/\/raspberrypi.dk\/fi\/tuote\/smartipi-touch-2-case-raspberry-pi-7-touchscreen-display\/\",\"name\":\"SmartiPi Touch 2 - Case Raspberry Pi 7\\\" Touchscreen Display \u2022 RaspberryPi.dk\",\"isPartOf\":{\"@id\":\"https:\/\/raspberrypi.dk\/fi\/#website\"},\"primaryImageOfPage\":{\"@id\":\"https:\/\/raspberrypi.dk\/fi\/tuote\/smartipi-touch-2-case-raspberry-pi-7-touchscreen-display\/#primaryimage\"},\"image\":{\"@id\":\"https:\/\/raspberrypi.dk\/fi\/tuote\/smartipi-touch-2-case-raspberry-pi-7-touchscreen-display\/#primaryimage\"},\"thumbnailUrl\":\"https:\/\/raspberrypi.dk\/wp-content\/uploads\/2019\/09\/smartipi-touch-2-case-beauty_shot_plain_front.jpg\",\"datePublished\":\"2019-09-19T09:13:30+00:00\",\"dateModified\":\"2024-04-24T07:50:09+00:00\",\"breadcrumb\":{\"@id\":\"https:\/\/raspberrypi.dk\/fi\/tuote\/smartipi-touch-2-case-raspberry-pi-7-touchscreen-display\/#breadcrumb\"},\"inLanguage\":\"fi\",\"potentialAction\":[{\"@type\":\"ReadAction\",\"target\":[\"https:\/\/raspberrypi.dk\/fi\/tuote\/smartipi-touch-2-case-raspberry-pi-7-touchscreen-display\/\"]}]},{\"@type\":\"ImageObject\",\"inLanguage\":\"fi\",\"@id\":\"https:\/\/raspberrypi.dk\/fi\/tuote\/smartipi-touch-2-case-raspberry-pi-7-touchscreen-display\/#primaryimage\",\"url\":\"https:\/\/raspberrypi.dk\/wp-content\/uploads\/2019\/09\/smartipi-touch-2-case-beauty_shot_plain_front.jpg\",\"contentUrl\":\"https:\/\/raspberrypi.dk\/wp-content\/uploads\/2019\/09\/smartipi-touch-2-case-beauty_shot_plain_front.jpg\",\"width\":2048,\"height\":1596,\"caption\":\"smartipi touch 2 case for raspberry pi 4 and display\"},{\"@type\":\"BreadcrumbList\",\"@id\":\"https:\/\/raspberrypi.dk\/fi\/tuote\/smartipi-touch-2-case-raspberry-pi-7-touchscreen-display\/#breadcrumb\",\"itemListElement\":[{\"@type\":\"ListItem\",\"position\":1,\"name\":\"Hjem\",\"item\":\"https:\/\/raspberrypi.dk\/fi\/raspberry-pi-verkkokauppa\/\"},{\"@type\":\"ListItem\",\"position\":2,\"name\":\"Shop\",\"item\":\"https:\/\/raspberrypi.dk\/fi\/shop-2\/\"},{\"@type\":\"ListItem\",\"position\":3,\"name\":\"SmartiPi Touch 2 &#8211; Case Raspberry Pi 7&#8243; Touchscreen Display\"}]},{\"@type\":\"WebSite\",\"@id\":\"https:\/\/raspberrypi.dk\/fi\/#website\",\"url\":\"https:\/\/raspberrypi.dk\/fi\/\",\"name\":\"RaspberryPi.dk\",\"description\":\"Danmarks f\u00f8rende Raspberry Pi side!\",\"publisher\":{\"@id\":\"https:\/\/raspberrypi.dk\/fi\/#organization\"},\"potentialAction\":[{\"@type\":\"SearchAction\",\"target\":{\"@type\":\"EntryPoint\",\"urlTemplate\":\"https:\/\/raspberrypi.dk\/fi\/?s={search_term_string}\"},\"query-input\":{\"@type\":\"PropertyValueSpecification\",\"valueRequired\":true,\"valueName\":\"search_term_string\"}}],\"inLanguage\":\"fi\"},{\"@type\":\"Organization\",\"@id\":\"https:\/\/raspberrypi.dk\/fi\/#organization\",\"name\":\"RaspberryPi.dk\",\"url\":\"https:\/\/raspberrypi.dk\/fi\/\",\"logo\":{\"@type\":\"ImageObject\",\"inLanguage\":\"fi\",\"@id\":\"https:\/\/raspberrypi.dk\/fi\/#\/schema\/logo\/image\/\",\"url\":\"https:\/\/raspberrypi.dk\/wp-content\/uploads\/2017\/05\/RaspberryPidk_logo-2.png\",\"contentUrl\":\"https:\/\/raspberrypi.dk\/wp-content\/uploads\/2017\/05\/RaspberryPidk_logo-2.png\",\"width\":470,\"height\":110,\"caption\":\"RaspberryPi.dk\"},\"image\":{\"@id\":\"https:\/\/raspberrypi.dk\/fi\/#\/schema\/logo\/image\/\"},\"sameAs\":[\"https:\/\/facebook.com\/RaspberryPiDanmark\",\"https:\/\/x.com\/raspberrypidk\",\"https:\/\/instagram.com\/raspberrypi.dk\"]}]}<\/script>\n<!-- \/ Yoast SEO plugin. -->","yoast_head_json":{"title":"SmartiPi Touch 2 - Case Raspberry Pi 7\" Touchscreen Display \u2022 RaspberryPi.dk","robots":{"index":"index","follow":"follow","max-snippet":"max-snippet:-1","max-image-preview":"max-image-preview:large","max-video-preview":"max-video-preview:-1"},"canonical":"https:\/\/raspberrypi.dk\/fi\/tuote\/smartipi-touch-2-case-raspberry-pi-7-touchscreen-display\/","og_locale":"fi_FI","og_type":"article","og_title":"SmartiPi Touch 2 - Case Raspberry Pi 7\" Touchscreen Display \u2022 RaspberryPi.dk","og_description":"SmartiPi Touch 2 Kaappi officiel Raspberry Pi 7\" Touchscreen Display.  Suunniteltu sijoittamaan Raspberry Pi 7\" kosketusn\u00e4ytt\u00f6 yhdess\u00e4 Raspberry Pi ja mahdollisesti kameran kanssa.  SmartiPi Touch 2 on eritt\u00e4in siisti kotelo viralliselle Raspberry Pi -kosketusn\u00e4yt\u00f6lle. Kameran toiminnallisuus, sein\u00e4kiinnitys ja HAT-yhteensopiva!","og_url":"https:\/\/raspberrypi.dk\/fi\/tuote\/smartipi-touch-2-case-raspberry-pi-7-touchscreen-display\/","og_site_name":"RaspberryPi.dk","article_publisher":"https:\/\/facebook.com\/RaspberryPiDanmark","article_modified_time":"2024-04-24T07:50:09+00:00","og_image":[{"width":2048,"height":1596,"url":"https:\/\/raspberrypi.dk\/wp-content\/uploads\/2019\/09\/smartipi-touch-2-case-beauty_shot_plain_front.jpg","type":"image\/jpeg"}],"twitter_card":"summary_large_image","twitter_site":"@raspberrypidk","twitter_misc":{"Arvioitu lukuaika":"7 minuuttia"},"schema":{"@context":"https:\/\/schema.org","@graph":[{"@type":"WebPage","@id":"https:\/\/raspberrypi.dk\/fi\/tuote\/smartipi-touch-2-case-raspberry-pi-7-touchscreen-display\/","url":"https:\/\/raspberrypi.dk\/fi\/tuote\/smartipi-touch-2-case-raspberry-pi-7-touchscreen-display\/","name":"SmartiPi Touch 2 - Case Raspberry Pi 7\" Touchscreen Display \u2022 RaspberryPi.dk","isPartOf":{"@id":"https:\/\/raspberrypi.dk\/fi\/#website"},"primaryImageOfPage":{"@id":"https:\/\/raspberrypi.dk\/fi\/tuote\/smartipi-touch-2-case-raspberry-pi-7-touchscreen-display\/#primaryimage"},"image":{"@id":"https:\/\/raspberrypi.dk\/fi\/tuote\/smartipi-touch-2-case-raspberry-pi-7-touchscreen-display\/#primaryimage"},"thumbnailUrl":"https:\/\/raspberrypi.dk\/wp-content\/uploads\/2019\/09\/smartipi-touch-2-case-beauty_shot_plain_front.jpg","datePublished":"2019-09-19T09:13:30+00:00","dateModified":"2024-04-24T07:50:09+00:00","breadcrumb":{"@id":"https:\/\/raspberrypi.dk\/fi\/tuote\/smartipi-touch-2-case-raspberry-pi-7-touchscreen-display\/#breadcrumb"},"inLanguage":"fi","potentialAction":[{"@type":"ReadAction","target":["https:\/\/raspberrypi.dk\/fi\/tuote\/smartipi-touch-2-case-raspberry-pi-7-touchscreen-display\/"]}]},{"@type":"ImageObject","inLanguage":"fi","@id":"https:\/\/raspberrypi.dk\/fi\/tuote\/smartipi-touch-2-case-raspberry-pi-7-touchscreen-display\/#primaryimage","url":"https:\/\/raspberrypi.dk\/wp-content\/uploads\/2019\/09\/smartipi-touch-2-case-beauty_shot_plain_front.jpg","contentUrl":"https:\/\/raspberrypi.dk\/wp-content\/uploads\/2019\/09\/smartipi-touch-2-case-beauty_shot_plain_front.jpg","width":2048,"height":1596,"caption":"smartipi touch 2 case for raspberry pi 4 and display"},{"@type":"BreadcrumbList","@id":"https:\/\/raspberrypi.dk\/fi\/tuote\/smartipi-touch-2-case-raspberry-pi-7-touchscreen-display\/#breadcrumb","itemListElement":[{"@type":"ListItem","position":1,"name":"Hjem","item":"https:\/\/raspberrypi.dk\/fi\/raspberry-pi-verkkokauppa\/"},{"@type":"ListItem","position":2,"name":"Shop","item":"https:\/\/raspberrypi.dk\/fi\/shop-2\/"},{"@type":"ListItem","position":3,"name":"SmartiPi Touch 2 &#8211; Case Raspberry Pi 7&#8243; Touchscreen Display"}]},{"@type":"WebSite","@id":"https:\/\/raspberrypi.dk\/fi\/#website","url":"https:\/\/raspberrypi.dk\/fi\/","name":"RaspberryPi.dk","description":"Danmarks f\u00f8rende Raspberry Pi side!","publisher":{"@id":"https:\/\/raspberrypi.dk\/fi\/#organization"},"potentialAction":[{"@type":"SearchAction","target":{"@type":"EntryPoint","urlTemplate":"https:\/\/raspberrypi.dk\/fi\/?s={search_term_string}"},"query-input":{"@type":"PropertyValueSpecification","valueRequired":true,"valueName":"search_term_string"}}],"inLanguage":"fi"},{"@type":"Organization","@id":"https:\/\/raspberrypi.dk\/fi\/#organization","name":"RaspberryPi.dk","url":"https:\/\/raspberrypi.dk\/fi\/","logo":{"@type":"ImageObject","inLanguage":"fi","@id":"https:\/\/raspberrypi.dk\/fi\/#\/schema\/logo\/image\/","url":"https:\/\/raspberrypi.dk\/wp-content\/uploads\/2017\/05\/RaspberryPidk_logo-2.png","contentUrl":"https:\/\/raspberrypi.dk\/wp-content\/uploads\/2017\/05\/RaspberryPidk_logo-2.png","width":470,"height":110,"caption":"RaspberryPi.dk"},"image":{"@id":"https:\/\/raspberrypi.dk\/fi\/#\/schema\/logo\/image\/"},"sameAs":["https:\/\/facebook.com\/RaspberryPiDanmark","https:\/\/x.com\/raspberrypidk","https:\/\/instagram.com\/raspberrypi.dk"]}]}},"_links":{"self":[{"href":"https:\/\/raspberrypi.dk\/fi\/wp-json\/wp\/v2\/product\/221713","targetHints":{"allow":["GET"]}}],"collection":[{"href":"https:\/\/raspberrypi.dk\/fi\/wp-json\/wp\/v2\/product"}],"about":[{"href":"https:\/\/raspberrypi.dk\/fi\/wp-json\/wp\/v2\/types\/product"}],"replies":[{"embeddable":true,"href":"https:\/\/raspberrypi.dk\/fi\/wp-json\/wp\/v2\/comments?post=221713"}],"wp:featuredmedia":[{"embeddable":true,"href":"https:\/\/raspberrypi.dk\/fi\/wp-json\/wp\/v2\/media\/221725"}],"wp:attachment":[{"href":"https:\/\/raspberrypi.dk\/fi\/wp-json\/wp\/v2\/media?parent=221713"}],"wp:term":[{"taxonomy":"product_brand","embeddable":true,"href":"https:\/\/raspberrypi.dk\/fi\/wp-json\/wp\/v2\/product_brand?post=221713"},{"taxonomy":"product_cat","embeddable":true,"href":"https:\/\/raspberrypi.dk\/fi\/wp-json\/wp\/v2\/product_cat?post=221713"},{"taxonomy":"product_tag","embeddable":true,"href":"https:\/\/raspberrypi.dk\/fi\/wp-json\/wp\/v2\/product_tag?post=221713"}],"curies":[{"name":"wp","href":"https:\/\/api.w.org\/{rel}","templated":true}]}}