{"id":221729,"date":"2019-09-14T16:26:43","date_gmt":"2019-09-14T14:26:43","guid":{"rendered":"https:\/\/raspberrypi.dk\/produkt\/micro-usb-otg-usb-sovitinkaapeli\/"},"modified":"2026-02-03T14:06:04","modified_gmt":"2026-02-03T13:06:04","slug":"micro-usb-otg-usb-sovitinkaapeli","status":"publish","type":"product","link":"https:\/\/raspberrypi.dk\/fi\/tuote\/micro-usb-otg-usb-sovitinkaapeli\/","title":{"rendered":"Micro USB OTG &#8211; USB-sovitinkaapeli"},"content":{"rendered":"<p><strong>Ominaisuudet<\/strong>:<\/p>\n<ul>\n<li>Micro USB B (uros) &#8211; USB A (naaras)<\/li>\n<li>OTG On-The-Go -is\u00e4nt\u00e4kaapeli<\/li>\n<li>CE- ja ROHS-yhteensopiva<\/li>\n<li>Raspberry Pi Zero ja Zero W<\/li>\n<\/ul>\n","protected":false},"excerpt":{"rendered":"<p>T\u00e4m\u00e4 <strong>Micro USB OTG<\/strong> &#8211; <strong>USB-sovitin<\/strong> muuntaa <strong>Pi Zero<\/strong>&#8211; tai <strong>Pi Zero W<\/strong> -laitteen Micro USB B -portin t\u00e4ysikokoiseksi USB A -portiksi, jotta voit liitt\u00e4\u00e4 hiiren, n\u00e4pp\u00e4imist\u00f6n tai muun. Se on OTG (on-the-go) -is\u00e4nt\u00e4kaapeli, mik\u00e4 tarkoittaa, ett\u00e4 Zero tai Zero W voi toimia is\u00e4nt\u00e4laitteena (is\u00e4nt\u00e4laitteena) tai asiakaslaitteena (orjalaitteena). Kaapeli tulee valkoisena.<\/p>\n<p><strong>Varastossa:<\/strong> Toimitusaika 1-3 arkip\u00e4iv\u00e4\u00e4.<\/p>\n","protected":false},"featured_media":221730,"comment_status":"open","ping_status":"closed","template":"","meta":[],"product_brand":[],"product_cat":[750,739],"product_tag":[],"class_list":{"0":"post-221729","1":"product","2":"type-product","3":"status-publish","4":"has-post-thumbnail","6":"product_cat-raspberry-pi-zero-ja-tarvikkeet","7":"product_cat-kaapelit-ja-sovittimet","9":"first","10":"instock","11":"taxable","12":"shipping-taxable","13":"purchasable","14":"product-type-simple"},"composite_virtual":false,"composite_layout":"","composite_add_to_cart_form_location":"","composite_editable_in_cart":false,"composite_sold_individually_context":"","composite_shop_price_calc":"","composite_components":[],"composite_scenarios":[],"bundled_by":[],"bundle_stock_status":"instock","bundle_stock_quantity":237,"bundle_virtual":false,"bundle_layout":"","bundle_add_to_cart_form_location":"","bundle_editable_in_cart":false,"bundle_sold_individually_context":"","bundle_item_grouping":"","bundle_min_size":"","bundle_max_size":"","bundle_price":[],"bundled_items":[],"bundle_sell_ids":[],"yoast_head":"<!-- This site is optimized with the Yoast SEO plugin v27.1.1 - https:\/\/yoast.com\/product\/yoast-seo-wordpress\/ -->\n<title>Micro USB OTG - USB-sovitinkaapeli \u2022 RaspberryPi.dk<\/title>\n<meta name=\"robots\" content=\"index, follow, max-snippet:-1, max-image-preview:large, max-video-preview:-1\" \/>\n<link rel=\"canonical\" href=\"https:\/\/raspberrypi.dk\/fi\/tuote\/micro-usb-otg-usb-sovitinkaapeli\/\" \/>\n<meta property=\"og:locale\" content=\"fi_FI\" \/>\n<meta property=\"og:type\" content=\"article\" \/>\n<meta property=\"og:title\" content=\"Micro USB OTG - USB-sovitinkaapeli \u2022 RaspberryPi.dk\" \/>\n<meta property=\"og:description\" content=\"T\u00e4m\u00e4 Micro USB OTG - USB-sovitin muuntaa Pi Zero- tai Pi Zero W -laitteen Micro USB B -portin t\u00e4ysikokoiseksi USB A -portiksi, jotta voit liitt\u00e4\u00e4 hiiren, n\u00e4pp\u00e4imist\u00f6n tai muun. Se on OTG (on-the-go) -is\u00e4nt\u00e4kaapeli, mik\u00e4 tarkoittaa, ett\u00e4 Zero tai Zero W voi toimia is\u00e4nt\u00e4laitteena (is\u00e4nt\u00e4laitteena) tai asiakaslaitteena (orjalaitteena). Kaapeli tulee valkoisena.  Varastossa: Toimitusaika 1-3 arkip\u00e4iv\u00e4\u00e4.\" \/>\n<meta property=\"og:url\" content=\"https:\/\/raspberrypi.dk\/fi\/tuote\/micro-usb-otg-usb-sovitinkaapeli\/\" \/>\n<meta property=\"og:site_name\" content=\"RaspberryPi.dk\" \/>\n<meta property=\"article:publisher\" content=\"https:\/\/facebook.com\/RaspberryPiDanmark\" \/>\n<meta property=\"article:modified_time\" content=\"2026-02-03T13:06:04+00:00\" \/>\n<meta property=\"og:image\" content=\"https:\/\/raspberrypi.dk\/wp-content\/uploads\/2017\/03\/mikro-usb-til-usb-otg-adapter.png\" \/>\n\t<meta property=\"og:image:width\" content=\"500\" \/>\n\t<meta property=\"og:image:height\" content=\"500\" \/>\n\t<meta property=\"og:image:type\" content=\"image\/png\" \/>\n<meta name=\"twitter:card\" content=\"summary_large_image\" \/>\n<meta name=\"twitter:site\" content=\"@raspberrypidk\" \/>\n<meta name=\"twitter:label1\" content=\"Arvioitu lukuaika\" \/>\n\t<meta name=\"twitter:data1\" content=\"1 minuutti\" \/>\n<script type=\"application\/ld+json\" class=\"yoast-schema-graph\">{\"@context\":\"https:\/\/schema.org\",\"@graph\":[{\"@type\":\"WebPage\",\"@id\":\"https:\/\/raspberrypi.dk\/fi\/tuote\/micro-usb-otg-usb-sovitinkaapeli\/\",\"url\":\"https:\/\/raspberrypi.dk\/fi\/tuote\/micro-usb-otg-usb-sovitinkaapeli\/\",\"name\":\"Micro USB OTG - USB-sovitinkaapeli \u2022 RaspberryPi.dk\",\"isPartOf\":{\"@id\":\"https:\/\/raspberrypi.dk\/fi\/#website\"},\"primaryImageOfPage\":{\"@id\":\"https:\/\/raspberrypi.dk\/fi\/tuote\/micro-usb-otg-usb-sovitinkaapeli\/#primaryimage\"},\"image\":{\"@id\":\"https:\/\/raspberrypi.dk\/fi\/tuote\/micro-usb-otg-usb-sovitinkaapeli\/#primaryimage\"},\"thumbnailUrl\":\"https:\/\/raspberrypi.dk\/wp-content\/uploads\/2017\/03\/mikro-usb-til-usb-otg-adapter.png\",\"datePublished\":\"2019-09-14T14:26:43+00:00\",\"dateModified\":\"2026-02-03T13:06:04+00:00\",\"breadcrumb\":{\"@id\":\"https:\/\/raspberrypi.dk\/fi\/tuote\/micro-usb-otg-usb-sovitinkaapeli\/#breadcrumb\"},\"inLanguage\":\"fi\",\"potentialAction\":[{\"@type\":\"ReadAction\",\"target\":[\"https:\/\/raspberrypi.dk\/fi\/tuote\/micro-usb-otg-usb-sovitinkaapeli\/\"]}]},{\"@type\":\"ImageObject\",\"inLanguage\":\"fi\",\"@id\":\"https:\/\/raspberrypi.dk\/fi\/tuote\/micro-usb-otg-usb-sovitinkaapeli\/#primaryimage\",\"url\":\"https:\/\/raspberrypi.dk\/wp-content\/uploads\/2017\/03\/mikro-usb-til-usb-otg-adapter.png\",\"contentUrl\":\"https:\/\/raspberrypi.dk\/wp-content\/uploads\/2017\/03\/mikro-usb-til-usb-otg-adapter.png\",\"width\":500,\"height\":500,\"caption\":\"micro usb to usb otg kaapeli pi nolla\"},{\"@type\":\"BreadcrumbList\",\"@id\":\"https:\/\/raspberrypi.dk\/fi\/tuote\/micro-usb-otg-usb-sovitinkaapeli\/#breadcrumb\",\"itemListElement\":[{\"@type\":\"ListItem\",\"position\":1,\"name\":\"Hjem\",\"item\":\"https:\/\/raspberrypi.dk\/fi\/raspberry-pi-verkkokauppa\/\"},{\"@type\":\"ListItem\",\"position\":2,\"name\":\"Shop\",\"item\":\"https:\/\/raspberrypi.dk\/fi\/shop-2\/\"},{\"@type\":\"ListItem\",\"position\":3,\"name\":\"Micro USB OTG &#8211; USB-sovitinkaapeli\"}]},{\"@type\":\"WebSite\",\"@id\":\"https:\/\/raspberrypi.dk\/fi\/#website\",\"url\":\"https:\/\/raspberrypi.dk\/fi\/\",\"name\":\"RaspberryPi.dk\",\"description\":\"Danmarks f\u00f8rende Raspberry Pi side!\",\"publisher\":{\"@id\":\"https:\/\/raspberrypi.dk\/fi\/#organization\"},\"potentialAction\":[{\"@type\":\"SearchAction\",\"target\":{\"@type\":\"EntryPoint\",\"urlTemplate\":\"https:\/\/raspberrypi.dk\/fi\/?s={search_term_string}\"},\"query-input\":{\"@type\":\"PropertyValueSpecification\",\"valueRequired\":true,\"valueName\":\"search_term_string\"}}],\"inLanguage\":\"fi\"},{\"@type\":\"Organization\",\"@id\":\"https:\/\/raspberrypi.dk\/fi\/#organization\",\"name\":\"RaspberryPi.dk\",\"url\":\"https:\/\/raspberrypi.dk\/fi\/\",\"logo\":{\"@type\":\"ImageObject\",\"inLanguage\":\"fi\",\"@id\":\"https:\/\/raspberrypi.dk\/fi\/#\/schema\/logo\/image\/\",\"url\":\"https:\/\/raspberrypi.dk\/wp-content\/uploads\/2017\/05\/RaspberryPidk_logo-2.png\",\"contentUrl\":\"https:\/\/raspberrypi.dk\/wp-content\/uploads\/2017\/05\/RaspberryPidk_logo-2.png\",\"width\":470,\"height\":110,\"caption\":\"RaspberryPi.dk\"},\"image\":{\"@id\":\"https:\/\/raspberrypi.dk\/fi\/#\/schema\/logo\/image\/\"},\"sameAs\":[\"https:\/\/facebook.com\/RaspberryPiDanmark\",\"https:\/\/x.com\/raspberrypidk\",\"https:\/\/instagram.com\/raspberrypi.dk\"]}]}<\/script>\n<!-- \/ Yoast SEO plugin. -->","yoast_head_json":{"title":"Micro USB OTG - USB-sovitinkaapeli \u2022 RaspberryPi.dk","robots":{"index":"index","follow":"follow","max-snippet":"max-snippet:-1","max-image-preview":"max-image-preview:large","max-video-preview":"max-video-preview:-1"},"canonical":"https:\/\/raspberrypi.dk\/fi\/tuote\/micro-usb-otg-usb-sovitinkaapeli\/","og_locale":"fi_FI","og_type":"article","og_title":"Micro USB OTG - USB-sovitinkaapeli \u2022 RaspberryPi.dk","og_description":"T\u00e4m\u00e4 Micro USB OTG - USB-sovitin muuntaa Pi Zero- tai Pi Zero W -laitteen Micro USB B -portin t\u00e4ysikokoiseksi USB A -portiksi, jotta voit liitt\u00e4\u00e4 hiiren, n\u00e4pp\u00e4imist\u00f6n tai muun. Se on OTG (on-the-go) -is\u00e4nt\u00e4kaapeli, mik\u00e4 tarkoittaa, ett\u00e4 Zero tai Zero W voi toimia is\u00e4nt\u00e4laitteena (is\u00e4nt\u00e4laitteena) tai asiakaslaitteena (orjalaitteena). Kaapeli tulee valkoisena.  Varastossa: Toimitusaika 1-3 arkip\u00e4iv\u00e4\u00e4.","og_url":"https:\/\/raspberrypi.dk\/fi\/tuote\/micro-usb-otg-usb-sovitinkaapeli\/","og_site_name":"RaspberryPi.dk","article_publisher":"https:\/\/facebook.com\/RaspberryPiDanmark","article_modified_time":"2026-02-03T13:06:04+00:00","og_image":[{"width":500,"height":500,"url":"https:\/\/raspberrypi.dk\/wp-content\/uploads\/2017\/03\/mikro-usb-til-usb-otg-adapter.png","type":"image\/png"}],"twitter_card":"summary_large_image","twitter_site":"@raspberrypidk","twitter_misc":{"Arvioitu lukuaika":"1 minuutti"},"schema":{"@context":"https:\/\/schema.org","@graph":[{"@type":"WebPage","@id":"https:\/\/raspberrypi.dk\/fi\/tuote\/micro-usb-otg-usb-sovitinkaapeli\/","url":"https:\/\/raspberrypi.dk\/fi\/tuote\/micro-usb-otg-usb-sovitinkaapeli\/","name":"Micro USB OTG - USB-sovitinkaapeli \u2022 RaspberryPi.dk","isPartOf":{"@id":"https:\/\/raspberrypi.dk\/fi\/#website"},"primaryImageOfPage":{"@id":"https:\/\/raspberrypi.dk\/fi\/tuote\/micro-usb-otg-usb-sovitinkaapeli\/#primaryimage"},"image":{"@id":"https:\/\/raspberrypi.dk\/fi\/tuote\/micro-usb-otg-usb-sovitinkaapeli\/#primaryimage"},"thumbnailUrl":"https:\/\/raspberrypi.dk\/wp-content\/uploads\/2017\/03\/mikro-usb-til-usb-otg-adapter.png","datePublished":"2019-09-14T14:26:43+00:00","dateModified":"2026-02-03T13:06:04+00:00","breadcrumb":{"@id":"https:\/\/raspberrypi.dk\/fi\/tuote\/micro-usb-otg-usb-sovitinkaapeli\/#breadcrumb"},"inLanguage":"fi","potentialAction":[{"@type":"ReadAction","target":["https:\/\/raspberrypi.dk\/fi\/tuote\/micro-usb-otg-usb-sovitinkaapeli\/"]}]},{"@type":"ImageObject","inLanguage":"fi","@id":"https:\/\/raspberrypi.dk\/fi\/tuote\/micro-usb-otg-usb-sovitinkaapeli\/#primaryimage","url":"https:\/\/raspberrypi.dk\/wp-content\/uploads\/2017\/03\/mikro-usb-til-usb-otg-adapter.png","contentUrl":"https:\/\/raspberrypi.dk\/wp-content\/uploads\/2017\/03\/mikro-usb-til-usb-otg-adapter.png","width":500,"height":500,"caption":"micro usb to usb otg kaapeli pi nolla"},{"@type":"BreadcrumbList","@id":"https:\/\/raspberrypi.dk\/fi\/tuote\/micro-usb-otg-usb-sovitinkaapeli\/#breadcrumb","itemListElement":[{"@type":"ListItem","position":1,"name":"Hjem","item":"https:\/\/raspberrypi.dk\/fi\/raspberry-pi-verkkokauppa\/"},{"@type":"ListItem","position":2,"name":"Shop","item":"https:\/\/raspberrypi.dk\/fi\/shop-2\/"},{"@type":"ListItem","position":3,"name":"Micro USB OTG &#8211; USB-sovitinkaapeli"}]},{"@type":"WebSite","@id":"https:\/\/raspberrypi.dk\/fi\/#website","url":"https:\/\/raspberrypi.dk\/fi\/","name":"RaspberryPi.dk","description":"Danmarks f\u00f8rende Raspberry Pi side!","publisher":{"@id":"https:\/\/raspberrypi.dk\/fi\/#organization"},"potentialAction":[{"@type":"SearchAction","target":{"@type":"EntryPoint","urlTemplate":"https:\/\/raspberrypi.dk\/fi\/?s={search_term_string}"},"query-input":{"@type":"PropertyValueSpecification","valueRequired":true,"valueName":"search_term_string"}}],"inLanguage":"fi"},{"@type":"Organization","@id":"https:\/\/raspberrypi.dk\/fi\/#organization","name":"RaspberryPi.dk","url":"https:\/\/raspberrypi.dk\/fi\/","logo":{"@type":"ImageObject","inLanguage":"fi","@id":"https:\/\/raspberrypi.dk\/fi\/#\/schema\/logo\/image\/","url":"https:\/\/raspberrypi.dk\/wp-content\/uploads\/2017\/05\/RaspberryPidk_logo-2.png","contentUrl":"https:\/\/raspberrypi.dk\/wp-content\/uploads\/2017\/05\/RaspberryPidk_logo-2.png","width":470,"height":110,"caption":"RaspberryPi.dk"},"image":{"@id":"https:\/\/raspberrypi.dk\/fi\/#\/schema\/logo\/image\/"},"sameAs":["https:\/\/facebook.com\/RaspberryPiDanmark","https:\/\/x.com\/raspberrypidk","https:\/\/instagram.com\/raspberrypi.dk"]}]}},"_links":{"self":[{"href":"https:\/\/raspberrypi.dk\/fi\/wp-json\/wp\/v2\/product\/221729","targetHints":{"allow":["GET"]}}],"collection":[{"href":"https:\/\/raspberrypi.dk\/fi\/wp-json\/wp\/v2\/product"}],"about":[{"href":"https:\/\/raspberrypi.dk\/fi\/wp-json\/wp\/v2\/types\/product"}],"replies":[{"embeddable":true,"href":"https:\/\/raspberrypi.dk\/fi\/wp-json\/wp\/v2\/comments?post=221729"}],"wp:featuredmedia":[{"embeddable":true,"href":"https:\/\/raspberrypi.dk\/fi\/wp-json\/wp\/v2\/media\/221730"}],"wp:attachment":[{"href":"https:\/\/raspberrypi.dk\/fi\/wp-json\/wp\/v2\/media?parent=221729"}],"wp:term":[{"taxonomy":"product_brand","embeddable":true,"href":"https:\/\/raspberrypi.dk\/fi\/wp-json\/wp\/v2\/product_brand?post=221729"},{"taxonomy":"product_cat","embeddable":true,"href":"https:\/\/raspberrypi.dk\/fi\/wp-json\/wp\/v2\/product_cat?post=221729"},{"taxonomy":"product_tag","embeddable":true,"href":"https:\/\/raspberrypi.dk\/fi\/wp-json\/wp\/v2\/product_tag?post=221729"}],"curies":[{"name":"wp","href":"https:\/\/api.w.org\/{rel}","templated":true}]}}