{"id":221733,"date":"2019-09-10T15:10:49","date_gmt":"2019-09-10T13:10:49","guid":{"rendered":"https:\/\/raspberrypi.dk\/produkt\/raspberry-pi-3-model-b\/"},"modified":"2025-11-25T12:45:32","modified_gmt":"2025-11-25T11:45:32","slug":"raspberry-pi-3-model-b","status":"publish","type":"product","link":"https:\/\/raspberrypi.dk\/fi\/tuote\/raspberry-pi-3-model-b\/","title":{"rendered":"Raspberry Pi 3 Model B"},"content":{"rendered":"<p><strong>Tekniset tiedot:<\/strong><\/p>\n<p>Broadcom BCM2837 64-bittinen ARMv8 QUAD Core 64-bittinen prosessori (1,2 GHz)<br \/>\n1 Gt RAM-muistia<br \/>\nBCM43143 Wi-Fi aluksella<br \/>\nBluetooth Low Energy (BLE) mukana<br \/>\n40pin GPIO<br \/>\n4 x USB2-porttia<br \/>\n4-napainen stereol\u00e4ht\u00f6 ja komposiittivideoportti<br \/>\nHDMI<br \/>\nCSI-kameraportti (<a href=\"http:\/\/raspberrypi.dk\/fi\/toute\/produkt\/raspberry-pi-camera-board\/\">Raspberry Pi -kameralle<\/a>)<br \/>\nDSI-n\u00e4ytt\u00f6portti (<a title=\"Raspberry Pi 7\u2033 Touchscreen Display\" href=\"http:\/\/raspberrypi.dk\/produkt\/raspberry-pi-7-touchscreen-display\/\">Raspberry Pi touch screen displa<\/a>y)<br \/>\nMicroSD-portti k\u00e4ytt\u00f6j\u00e4rjestelm\u00e4n lataamiseen ja tietojen tallentamiseen<br \/>\nP\u00e4ivitetty Micro USB -virtal\u00e4hde (tukee nyt jopa 2,5 A)<\/p>\n<p><strong>Raspberry Pi 3 Model B -p\u00e4ivitykset:<\/strong><\/p>\n<p>Uuden sukupolven QUAD Core Broadcom BCM2837 64-bittinen ARMv8 -prosessori<br \/>\nProsessorin nopeus on kasvanut 900 MHz:st\u00e4 Raspberry Pi 2:ssa 1,2 GHz:iin <strong>Raspberry pi 3 Model B<\/strong><br \/>\nBCM43143 Wi-Fi aluksella<br \/>\nBluetooth Low Energy (BLE) mukana<br \/>\nP\u00e4ivitetty virtal\u00e4hde jopa 2,5 A (voi nyt antaa virtaa vaativammillekin laitteille USB-porttien kautta)<\/p>\n<p>Voit lukea paljon lis\u00e4\u00e4 Raspberry Pi 3:sta, sen takana olevasta perustasta, projekteista tietokoneen kanssa t\u00e4lt\u00e4 sivulta uutisartikkelien ja eritt\u00e4in aktiivisen foorumin muodossa.<\/p>\n","protected":false},"excerpt":{"rendered":"<p>Pi 2:een verrattuna Raspberry Pi 3 Model B:ss\u00e4 on uudempi prosessori, ARMv8-prosessori, jonka nopeus on 1,2 GHz 900 MHz:n sijaan. Lis\u00e4ksi se sis\u00e4lt\u00e4\u00e4 nyt <strong>WiFi<\/strong>&#8211; ja Bluetooth-sirut (BLE). T\u00e4ysin taaksep\u00e4in yhteensopiva nykyisen Pi 2:n kanssa.<\/p>\n<p>Tarvitseeko yrityksesi suuremman m\u00e4\u00e4r\u00e4n Raspberry Pi 3:a tai apua Raspberry Pi -laitteiston\/-ohjelmiston kanssa? <a href=\"https:\/\/raspberrypi.dk\/fi\/b2b-myynti\/\">Ota meihin yhteytt\u00e4 t\u00e4st\u00e4.<\/a><\/p>\n[wpb-pcf-button]\n","protected":false},"featured_media":221734,"comment_status":"open","ping_status":"closed","template":"","meta":[],"product_brand":[],"product_cat":[738],"product_tag":[],"class_list":{"0":"post-221733","1":"product","2":"type-product","3":"status-publish","4":"has-post-thumbnail","6":"product_cat-raspberry-pi","8":"first","9":"instock","10":"taxable","11":"shipping-taxable","12":"purchasable","13":"product-type-simple"},"composite_virtual":false,"composite_layout":"","composite_add_to_cart_form_location":"","composite_editable_in_cart":false,"composite_sold_individually_context":"","composite_shop_price_calc":"","composite_components":[],"composite_scenarios":[],"bundled_by":[],"bundle_stock_status":"instock","bundle_stock_quantity":97,"bundle_virtual":false,"bundle_layout":"","bundle_add_to_cart_form_location":"","bundle_editable_in_cart":false,"bundle_sold_individually_context":"","bundle_item_grouping":"","bundle_min_size":"","bundle_max_size":"","bundle_price":[],"bundled_items":[],"bundle_sell_ids":[222156,220721],"yoast_head":"<!-- This site is optimized with the Yoast SEO plugin v27.1.1 - https:\/\/yoast.com\/product\/yoast-seo-wordpress\/ -->\n<title>Raspberry Pi 3 Model B, 1GB Ram \u2022 RaspberryPi.dk<\/title>\n<meta name=\"description\" content=\"Osta Raspberry Pi 3 Model B edullisesti RaspberryPi.dk:st\u00e4, virallisesta tanskalaisesta Raspberry Pi -verkkokaupasta. Nyt vahvemmalla prosessorilla ja integroidulla WiFill\u00e4 ja Bluetoothilla.\" \/>\n<meta name=\"robots\" content=\"index, follow, max-snippet:-1, max-image-preview:large, max-video-preview:-1\" \/>\n<link rel=\"canonical\" href=\"https:\/\/raspberrypi.dk\/fi\/tuote\/raspberry-pi-3-model-b\/\" \/>\n<meta property=\"og:locale\" content=\"fi_FI\" \/>\n<meta property=\"og:type\" content=\"article\" \/>\n<meta property=\"og:title\" content=\"Raspberry Pi 3 Model B, 1GB Ram \u2022 RaspberryPi.dk\" \/>\n<meta property=\"og:description\" content=\"Osta Raspberry Pi 3 Model B edullisesti RaspberryPi.dk:st\u00e4, virallisesta tanskalaisesta Raspberry Pi -verkkokaupasta. Nyt vahvemmalla prosessorilla ja integroidulla WiFill\u00e4 ja Bluetoothilla.\" \/>\n<meta property=\"og:url\" content=\"https:\/\/raspberrypi.dk\/fi\/tuote\/raspberry-pi-3-model-b\/\" \/>\n<meta property=\"og:site_name\" content=\"RaspberryPi.dk\" \/>\n<meta property=\"article:publisher\" content=\"https:\/\/facebook.com\/RaspberryPiDanmark\" \/>\n<meta property=\"article:modified_time\" content=\"2025-11-25T11:45:32+00:00\" \/>\n<meta property=\"og:image\" content=\"https:\/\/raspberrypi.dk\/wp-content\/uploads\/2016\/02\/Raspberry-Pi-3.jpg\" \/>\n\t<meta property=\"og:image:width\" content=\"1024\" \/>\n\t<meta property=\"og:image:height\" content=\"683\" \/>\n\t<meta property=\"og:image:type\" content=\"image\/jpeg\" \/>\n<meta name=\"twitter:card\" content=\"summary_large_image\" \/>\n<meta name=\"twitter:site\" content=\"@raspberrypidk\" \/>\n<meta name=\"twitter:label1\" content=\"Arvioitu lukuaika\" \/>\n\t<meta name=\"twitter:data1\" content=\"1 minuutti\" \/>\n<script type=\"application\/ld+json\" class=\"yoast-schema-graph\">{\"@context\":\"https:\/\/schema.org\",\"@graph\":[{\"@type\":\"WebPage\",\"@id\":\"https:\/\/raspberrypi.dk\/fi\/tuote\/raspberry-pi-3-model-b\/\",\"url\":\"https:\/\/raspberrypi.dk\/fi\/tuote\/raspberry-pi-3-model-b\/\",\"name\":\"Raspberry Pi 3 Model B, 1GB Ram \u2022 RaspberryPi.dk\",\"isPartOf\":{\"@id\":\"https:\/\/raspberrypi.dk\/fi\/#website\"},\"primaryImageOfPage\":{\"@id\":\"https:\/\/raspberrypi.dk\/fi\/tuote\/raspberry-pi-3-model-b\/#primaryimage\"},\"image\":{\"@id\":\"https:\/\/raspberrypi.dk\/fi\/tuote\/raspberry-pi-3-model-b\/#primaryimage\"},\"thumbnailUrl\":\"https:\/\/raspberrypi.dk\/wp-content\/uploads\/2016\/02\/Raspberry-Pi-3.jpg\",\"datePublished\":\"2019-09-10T13:10:49+00:00\",\"dateModified\":\"2025-11-25T11:45:32+00:00\",\"description\":\"Osta Raspberry Pi 3 Model B edullisesti RaspberryPi.dk:st\u00e4, virallisesta tanskalaisesta Raspberry Pi -verkkokaupasta. Nyt vahvemmalla prosessorilla ja integroidulla WiFill\u00e4 ja Bluetoothilla.\",\"breadcrumb\":{\"@id\":\"https:\/\/raspberrypi.dk\/fi\/tuote\/raspberry-pi-3-model-b\/#breadcrumb\"},\"inLanguage\":\"fi\",\"potentialAction\":[{\"@type\":\"ReadAction\",\"target\":[\"https:\/\/raspberrypi.dk\/fi\/tuote\/raspberry-pi-3-model-b\/\"]}]},{\"@type\":\"ImageObject\",\"inLanguage\":\"fi\",\"@id\":\"https:\/\/raspberrypi.dk\/fi\/tuote\/raspberry-pi-3-model-b\/#primaryimage\",\"url\":\"https:\/\/raspberrypi.dk\/wp-content\/uploads\/2016\/02\/Raspberry-Pi-3.jpg\",\"contentUrl\":\"https:\/\/raspberrypi.dk\/wp-content\/uploads\/2016\/02\/Raspberry-Pi-3.jpg\",\"width\":1024,\"height\":683,\"caption\":\"raspberry pi 3 model b\"},{\"@type\":\"BreadcrumbList\",\"@id\":\"https:\/\/raspberrypi.dk\/fi\/tuote\/raspberry-pi-3-model-b\/#breadcrumb\",\"itemListElement\":[{\"@type\":\"ListItem\",\"position\":1,\"name\":\"Hjem\",\"item\":\"https:\/\/raspberrypi.dk\/fi\/raspberry-pi-verkkokauppa\/\"},{\"@type\":\"ListItem\",\"position\":2,\"name\":\"Shop\",\"item\":\"https:\/\/raspberrypi.dk\/fi\/shop-2\/\"},{\"@type\":\"ListItem\",\"position\":3,\"name\":\"Raspberry Pi 3 Model B\"}]},{\"@type\":\"WebSite\",\"@id\":\"https:\/\/raspberrypi.dk\/fi\/#website\",\"url\":\"https:\/\/raspberrypi.dk\/fi\/\",\"name\":\"RaspberryPi.dk\",\"description\":\"Danmarks f\u00f8rende Raspberry Pi side!\",\"publisher\":{\"@id\":\"https:\/\/raspberrypi.dk\/fi\/#organization\"},\"potentialAction\":[{\"@type\":\"SearchAction\",\"target\":{\"@type\":\"EntryPoint\",\"urlTemplate\":\"https:\/\/raspberrypi.dk\/fi\/?s={search_term_string}\"},\"query-input\":{\"@type\":\"PropertyValueSpecification\",\"valueRequired\":true,\"valueName\":\"search_term_string\"}}],\"inLanguage\":\"fi\"},{\"@type\":\"Organization\",\"@id\":\"https:\/\/raspberrypi.dk\/fi\/#organization\",\"name\":\"RaspberryPi.dk\",\"url\":\"https:\/\/raspberrypi.dk\/fi\/\",\"logo\":{\"@type\":\"ImageObject\",\"inLanguage\":\"fi\",\"@id\":\"https:\/\/raspberrypi.dk\/fi\/#\/schema\/logo\/image\/\",\"url\":\"https:\/\/raspberrypi.dk\/wp-content\/uploads\/2017\/05\/RaspberryPidk_logo-2.png\",\"contentUrl\":\"https:\/\/raspberrypi.dk\/wp-content\/uploads\/2017\/05\/RaspberryPidk_logo-2.png\",\"width\":470,\"height\":110,\"caption\":\"RaspberryPi.dk\"},\"image\":{\"@id\":\"https:\/\/raspberrypi.dk\/fi\/#\/schema\/logo\/image\/\"},\"sameAs\":[\"https:\/\/facebook.com\/RaspberryPiDanmark\",\"https:\/\/x.com\/raspberrypidk\",\"https:\/\/instagram.com\/raspberrypi.dk\"]}]}<\/script>\n<!-- \/ Yoast SEO plugin. -->","yoast_head_json":{"title":"Raspberry Pi 3 Model B, 1GB Ram \u2022 RaspberryPi.dk","description":"Osta Raspberry Pi 3 Model B edullisesti RaspberryPi.dk:st\u00e4, virallisesta tanskalaisesta Raspberry Pi -verkkokaupasta. Nyt vahvemmalla prosessorilla ja integroidulla WiFill\u00e4 ja Bluetoothilla.","robots":{"index":"index","follow":"follow","max-snippet":"max-snippet:-1","max-image-preview":"max-image-preview:large","max-video-preview":"max-video-preview:-1"},"canonical":"https:\/\/raspberrypi.dk\/fi\/tuote\/raspberry-pi-3-model-b\/","og_locale":"fi_FI","og_type":"article","og_title":"Raspberry Pi 3 Model B, 1GB Ram \u2022 RaspberryPi.dk","og_description":"Osta Raspberry Pi 3 Model B edullisesti RaspberryPi.dk:st\u00e4, virallisesta tanskalaisesta Raspberry Pi -verkkokaupasta. Nyt vahvemmalla prosessorilla ja integroidulla WiFill\u00e4 ja Bluetoothilla.","og_url":"https:\/\/raspberrypi.dk\/fi\/tuote\/raspberry-pi-3-model-b\/","og_site_name":"RaspberryPi.dk","article_publisher":"https:\/\/facebook.com\/RaspberryPiDanmark","article_modified_time":"2025-11-25T11:45:32+00:00","og_image":[{"width":1024,"height":683,"url":"https:\/\/raspberrypi.dk\/wp-content\/uploads\/2016\/02\/Raspberry-Pi-3.jpg","type":"image\/jpeg"}],"twitter_card":"summary_large_image","twitter_site":"@raspberrypidk","twitter_misc":{"Arvioitu lukuaika":"1 minuutti"},"schema":{"@context":"https:\/\/schema.org","@graph":[{"@type":"WebPage","@id":"https:\/\/raspberrypi.dk\/fi\/tuote\/raspberry-pi-3-model-b\/","url":"https:\/\/raspberrypi.dk\/fi\/tuote\/raspberry-pi-3-model-b\/","name":"Raspberry Pi 3 Model B, 1GB Ram \u2022 RaspberryPi.dk","isPartOf":{"@id":"https:\/\/raspberrypi.dk\/fi\/#website"},"primaryImageOfPage":{"@id":"https:\/\/raspberrypi.dk\/fi\/tuote\/raspberry-pi-3-model-b\/#primaryimage"},"image":{"@id":"https:\/\/raspberrypi.dk\/fi\/tuote\/raspberry-pi-3-model-b\/#primaryimage"},"thumbnailUrl":"https:\/\/raspberrypi.dk\/wp-content\/uploads\/2016\/02\/Raspberry-Pi-3.jpg","datePublished":"2019-09-10T13:10:49+00:00","dateModified":"2025-11-25T11:45:32+00:00","description":"Osta Raspberry Pi 3 Model B edullisesti RaspberryPi.dk:st\u00e4, virallisesta tanskalaisesta Raspberry Pi -verkkokaupasta. Nyt vahvemmalla prosessorilla ja integroidulla WiFill\u00e4 ja Bluetoothilla.","breadcrumb":{"@id":"https:\/\/raspberrypi.dk\/fi\/tuote\/raspberry-pi-3-model-b\/#breadcrumb"},"inLanguage":"fi","potentialAction":[{"@type":"ReadAction","target":["https:\/\/raspberrypi.dk\/fi\/tuote\/raspberry-pi-3-model-b\/"]}]},{"@type":"ImageObject","inLanguage":"fi","@id":"https:\/\/raspberrypi.dk\/fi\/tuote\/raspberry-pi-3-model-b\/#primaryimage","url":"https:\/\/raspberrypi.dk\/wp-content\/uploads\/2016\/02\/Raspberry-Pi-3.jpg","contentUrl":"https:\/\/raspberrypi.dk\/wp-content\/uploads\/2016\/02\/Raspberry-Pi-3.jpg","width":1024,"height":683,"caption":"raspberry pi 3 model b"},{"@type":"BreadcrumbList","@id":"https:\/\/raspberrypi.dk\/fi\/tuote\/raspberry-pi-3-model-b\/#breadcrumb","itemListElement":[{"@type":"ListItem","position":1,"name":"Hjem","item":"https:\/\/raspberrypi.dk\/fi\/raspberry-pi-verkkokauppa\/"},{"@type":"ListItem","position":2,"name":"Shop","item":"https:\/\/raspberrypi.dk\/fi\/shop-2\/"},{"@type":"ListItem","position":3,"name":"Raspberry Pi 3 Model B"}]},{"@type":"WebSite","@id":"https:\/\/raspberrypi.dk\/fi\/#website","url":"https:\/\/raspberrypi.dk\/fi\/","name":"RaspberryPi.dk","description":"Danmarks f\u00f8rende Raspberry Pi side!","publisher":{"@id":"https:\/\/raspberrypi.dk\/fi\/#organization"},"potentialAction":[{"@type":"SearchAction","target":{"@type":"EntryPoint","urlTemplate":"https:\/\/raspberrypi.dk\/fi\/?s={search_term_string}"},"query-input":{"@type":"PropertyValueSpecification","valueRequired":true,"valueName":"search_term_string"}}],"inLanguage":"fi"},{"@type":"Organization","@id":"https:\/\/raspberrypi.dk\/fi\/#organization","name":"RaspberryPi.dk","url":"https:\/\/raspberrypi.dk\/fi\/","logo":{"@type":"ImageObject","inLanguage":"fi","@id":"https:\/\/raspberrypi.dk\/fi\/#\/schema\/logo\/image\/","url":"https:\/\/raspberrypi.dk\/wp-content\/uploads\/2017\/05\/RaspberryPidk_logo-2.png","contentUrl":"https:\/\/raspberrypi.dk\/wp-content\/uploads\/2017\/05\/RaspberryPidk_logo-2.png","width":470,"height":110,"caption":"RaspberryPi.dk"},"image":{"@id":"https:\/\/raspberrypi.dk\/fi\/#\/schema\/logo\/image\/"},"sameAs":["https:\/\/facebook.com\/RaspberryPiDanmark","https:\/\/x.com\/raspberrypidk","https:\/\/instagram.com\/raspberrypi.dk"]}]}},"_links":{"self":[{"href":"https:\/\/raspberrypi.dk\/fi\/wp-json\/wp\/v2\/product\/221733","targetHints":{"allow":["GET"]}}],"collection":[{"href":"https:\/\/raspberrypi.dk\/fi\/wp-json\/wp\/v2\/product"}],"about":[{"href":"https:\/\/raspberrypi.dk\/fi\/wp-json\/wp\/v2\/types\/product"}],"replies":[{"embeddable":true,"href":"https:\/\/raspberrypi.dk\/fi\/wp-json\/wp\/v2\/comments?post=221733"}],"wp:featuredmedia":[{"embeddable":true,"href":"https:\/\/raspberrypi.dk\/fi\/wp-json\/wp\/v2\/media\/221734"}],"wp:attachment":[{"href":"https:\/\/raspberrypi.dk\/fi\/wp-json\/wp\/v2\/media?parent=221733"}],"wp:term":[{"taxonomy":"product_brand","embeddable":true,"href":"https:\/\/raspberrypi.dk\/fi\/wp-json\/wp\/v2\/product_brand?post=221733"},{"taxonomy":"product_cat","embeddable":true,"href":"https:\/\/raspberrypi.dk\/fi\/wp-json\/wp\/v2\/product_cat?post=221733"},{"taxonomy":"product_tag","embeddable":true,"href":"https:\/\/raspberrypi.dk\/fi\/wp-json\/wp\/v2\/product_tag?post=221733"}],"curies":[{"name":"wp","href":"https:\/\/api.w.org\/{rel}","templated":true}]}}