{"id":221745,"date":"2019-09-09T09:28:25","date_gmt":"2019-09-09T07:28:25","guid":{"rendered":"https:\/\/raspberrypi.dk\/produkt\/micro-usb-otg-usb-sovittimen-vaelilevylle\/"},"modified":"2024-06-04T14:00:48","modified_gmt":"2024-06-04T12:00:48","slug":"micro-usb-otg-usb-sovittimen-vaelilevylle","status":"publish","type":"product","link":"https:\/\/raspberrypi.dk\/fi\/tuote\/micro-usb-otg-usb-sovittimen-vaelilevylle\/","title":{"rendered":"Micro USB OTG USB-sovittimen v\u00e4lilevylle"},"content":{"rendered":"<p>T\u00e4m\u00e4 superpieni ja supers\u00f6p\u00f6 Micro-B-USB OTG (On-The-Go) -sovitin on eritt\u00e4in hyv\u00e4, jos haluat v\u00e4ltt\u00e4\u00e4 lis\u00e4\u00e4 kaapeleita Raspberry Pi -projektissasi. Se on noin 15,5 mm pitk\u00e4, 11,3 mm leve\u00e4 ja 2 mm korkea. Se on t\u00e4ydellinen ja helppo tapa muuntaa USB A:lla varustettu laite tai kaapeli USB Microksi k\u00e4ytett\u00e4v\u00e4ksi OTG-laitteiden, kuten Raspberry Pi Zero (W) kanssa.<\/p>\n<p><strong>HUOMAUTUS:<\/strong> Liit\u00e4 USB-laite ensin ja varmista, ett\u00e4 nelj\u00e4 kosketinta ovat USB-liittimen sis\u00e4ll\u00e4 olevia koskettimia kohti! Emme ota vastuuta laitteista, jotka ovat vaurioituneet v\u00e4\u00e4r\u00e4n k\u00e4yt\u00f6n vuoksi! Tuotetta <strong>EI<\/strong> voi liitt\u00e4\u00e4 mihink\u00e4\u00e4n USB Female -porttiin (esimerkiksi Pi 3:n tai tavallisen PC:n USB-portteihin). Tuote on tarkoitettu k\u00e4ytett\u00e4v\u00e4ksi vain USB Han -tuotteiden, kuten langallisen n\u00e4pp\u00e4imist\u00f6n, USB WiFi -sovittimen jne. kanssa.<\/p>\n","protected":false},"excerpt":{"rendered":"<p>Haluatko liitt\u00e4\u00e4 tavallisia USB-tuotteita Raspberry Pi Zero- tai Zero W -laitteeseesi, mutta samalla v\u00e4ltt\u00e4\u00e4 ylim\u00e4\u00e4r\u00e4isi\u00e4 kaapeleita? T\u00e4m\u00e4 on oikea tuote sinulle!<\/p>\n","protected":false},"featured_media":221746,"comment_status":"open","ping_status":"closed","template":"","meta":[],"product_brand":[],"product_cat":[750,739],"product_tag":[],"class_list":{"0":"post-221745","1":"product","2":"type-product","3":"status-publish","4":"has-post-thumbnail","6":"product_cat-raspberry-pi-zero-ja-tarvikkeet","7":"product_cat-kaapelit-ja-sovittimet","9":"first","10":"outofstock","11":"taxable","12":"shipping-taxable","13":"purchasable","14":"product-type-simple"},"composite_virtual":false,"composite_layout":"","composite_add_to_cart_form_location":"","composite_editable_in_cart":false,"composite_sold_individually_context":"","composite_shop_price_calc":"","composite_components":[],"composite_scenarios":[],"bundled_by":[],"bundle_stock_status":"outofstock","bundle_stock_quantity":0,"bundle_virtual":false,"bundle_layout":"","bundle_add_to_cart_form_location":"","bundle_editable_in_cart":false,"bundle_sold_individually_context":"","bundle_item_grouping":"","bundle_min_size":"","bundle_max_size":"","bundle_price":[],"bundled_items":[],"bundle_sell_ids":[],"yoast_head":"<!-- This site is optimized with the Yoast SEO plugin v27.1.1 - https:\/\/yoast.com\/product\/yoast-seo-wordpress\/ -->\n<title>Micro USB OTG USB-sovittimen v\u00e4lilevylle \u2022 RaspberryPi.dk<\/title>\n<meta name=\"robots\" content=\"index, follow, max-snippet:-1, max-image-preview:large, max-video-preview:-1\" \/>\n<link rel=\"canonical\" href=\"https:\/\/raspberrypi.dk\/fi\/tuote\/micro-usb-otg-usb-sovittimen-vaelilevylle\/\" \/>\n<meta property=\"og:locale\" content=\"fi_FI\" \/>\n<meta property=\"og:type\" content=\"article\" \/>\n<meta property=\"og:title\" content=\"Micro USB OTG USB-sovittimen v\u00e4lilevylle \u2022 RaspberryPi.dk\" \/>\n<meta property=\"og:description\" content=\"Haluatko liitt\u00e4\u00e4 tavallisia USB-tuotteita Raspberry Pi Zero- tai Zero W -laitteeseesi, mutta samalla v\u00e4ltt\u00e4\u00e4 ylim\u00e4\u00e4r\u00e4isi\u00e4 kaapeleita? T\u00e4m\u00e4 on oikea tuote sinulle!\" \/>\n<meta property=\"og:url\" content=\"https:\/\/raspberrypi.dk\/fi\/tuote\/micro-usb-otg-usb-sovittimen-vaelilevylle\/\" \/>\n<meta property=\"og:site_name\" content=\"RaspberryPi.dk\" \/>\n<meta property=\"article:publisher\" content=\"https:\/\/facebook.com\/RaspberryPiDanmark\" \/>\n<meta property=\"article:modified_time\" content=\"2024-06-04T12:00:48+00:00\" \/>\n<meta property=\"og:image\" content=\"https:\/\/raspberrypi.dk\/wp-content\/uploads\/2017\/04\/usb-til-micro-usb-otg-shim-pi-zero.png\" \/>\n\t<meta property=\"og:image:width\" content=\"500\" \/>\n\t<meta property=\"og:image:height\" content=\"500\" \/>\n\t<meta property=\"og:image:type\" content=\"image\/png\" \/>\n<meta name=\"twitter:card\" content=\"summary_large_image\" \/>\n<meta name=\"twitter:site\" content=\"@raspberrypidk\" \/>\n<meta name=\"twitter:label1\" content=\"Arvioitu lukuaika\" \/>\n\t<meta name=\"twitter:data1\" content=\"1 minuutti\" \/>\n<script type=\"application\/ld+json\" class=\"yoast-schema-graph\">{\"@context\":\"https:\/\/schema.org\",\"@graph\":[{\"@type\":\"WebPage\",\"@id\":\"https:\/\/raspberrypi.dk\/fi\/tuote\/micro-usb-otg-usb-sovittimen-vaelilevylle\/\",\"url\":\"https:\/\/raspberrypi.dk\/fi\/tuote\/micro-usb-otg-usb-sovittimen-vaelilevylle\/\",\"name\":\"Micro USB OTG USB-sovittimen v\u00e4lilevylle \u2022 RaspberryPi.dk\",\"isPartOf\":{\"@id\":\"https:\/\/raspberrypi.dk\/fi\/#website\"},\"primaryImageOfPage\":{\"@id\":\"https:\/\/raspberrypi.dk\/fi\/tuote\/micro-usb-otg-usb-sovittimen-vaelilevylle\/#primaryimage\"},\"image\":{\"@id\":\"https:\/\/raspberrypi.dk\/fi\/tuote\/micro-usb-otg-usb-sovittimen-vaelilevylle\/#primaryimage\"},\"thumbnailUrl\":\"https:\/\/raspberrypi.dk\/wp-content\/uploads\/2017\/04\/usb-til-micro-usb-otg-shim-pi-zero.png\",\"datePublished\":\"2019-09-09T07:28:25+00:00\",\"dateModified\":\"2024-06-04T12:00:48+00:00\",\"breadcrumb\":{\"@id\":\"https:\/\/raspberrypi.dk\/fi\/tuote\/micro-usb-otg-usb-sovittimen-vaelilevylle\/#breadcrumb\"},\"inLanguage\":\"fi\",\"potentialAction\":[{\"@type\":\"ReadAction\",\"target\":[\"https:\/\/raspberrypi.dk\/fi\/tuote\/micro-usb-otg-usb-sovittimen-vaelilevylle\/\"]}]},{\"@type\":\"ImageObject\",\"inLanguage\":\"fi\",\"@id\":\"https:\/\/raspberrypi.dk\/fi\/tuote\/micro-usb-otg-usb-sovittimen-vaelilevylle\/#primaryimage\",\"url\":\"https:\/\/raspberrypi.dk\/wp-content\/uploads\/2017\/04\/usb-til-micro-usb-otg-shim-pi-zero.png\",\"contentUrl\":\"https:\/\/raspberrypi.dk\/wp-content\/uploads\/2017\/04\/usb-til-micro-usb-otg-shim-pi-zero.png\",\"width\":500,\"height\":500,\"caption\":\"usb - micro usb -otg\"},{\"@type\":\"BreadcrumbList\",\"@id\":\"https:\/\/raspberrypi.dk\/fi\/tuote\/micro-usb-otg-usb-sovittimen-vaelilevylle\/#breadcrumb\",\"itemListElement\":[{\"@type\":\"ListItem\",\"position\":1,\"name\":\"Hjem\",\"item\":\"https:\/\/raspberrypi.dk\/fi\/raspberry-pi-verkkokauppa\/\"},{\"@type\":\"ListItem\",\"position\":2,\"name\":\"Shop\",\"item\":\"https:\/\/raspberrypi.dk\/fi\/shop-2\/\"},{\"@type\":\"ListItem\",\"position\":3,\"name\":\"Micro USB OTG USB-sovittimen v\u00e4lilevylle\"}]},{\"@type\":\"WebSite\",\"@id\":\"https:\/\/raspberrypi.dk\/fi\/#website\",\"url\":\"https:\/\/raspberrypi.dk\/fi\/\",\"name\":\"RaspberryPi.dk\",\"description\":\"Danmarks f\u00f8rende Raspberry Pi side!\",\"publisher\":{\"@id\":\"https:\/\/raspberrypi.dk\/fi\/#organization\"},\"potentialAction\":[{\"@type\":\"SearchAction\",\"target\":{\"@type\":\"EntryPoint\",\"urlTemplate\":\"https:\/\/raspberrypi.dk\/fi\/?s={search_term_string}\"},\"query-input\":{\"@type\":\"PropertyValueSpecification\",\"valueRequired\":true,\"valueName\":\"search_term_string\"}}],\"inLanguage\":\"fi\"},{\"@type\":\"Organization\",\"@id\":\"https:\/\/raspberrypi.dk\/fi\/#organization\",\"name\":\"RaspberryPi.dk\",\"url\":\"https:\/\/raspberrypi.dk\/fi\/\",\"logo\":{\"@type\":\"ImageObject\",\"inLanguage\":\"fi\",\"@id\":\"https:\/\/raspberrypi.dk\/fi\/#\/schema\/logo\/image\/\",\"url\":\"https:\/\/raspberrypi.dk\/wp-content\/uploads\/2017\/05\/RaspberryPidk_logo-2.png\",\"contentUrl\":\"https:\/\/raspberrypi.dk\/wp-content\/uploads\/2017\/05\/RaspberryPidk_logo-2.png\",\"width\":470,\"height\":110,\"caption\":\"RaspberryPi.dk\"},\"image\":{\"@id\":\"https:\/\/raspberrypi.dk\/fi\/#\/schema\/logo\/image\/\"},\"sameAs\":[\"https:\/\/facebook.com\/RaspberryPiDanmark\",\"https:\/\/x.com\/raspberrypidk\",\"https:\/\/instagram.com\/raspberrypi.dk\"]}]}<\/script>\n<!-- \/ Yoast SEO plugin. -->","yoast_head_json":{"title":"Micro USB OTG USB-sovittimen v\u00e4lilevylle \u2022 RaspberryPi.dk","robots":{"index":"index","follow":"follow","max-snippet":"max-snippet:-1","max-image-preview":"max-image-preview:large","max-video-preview":"max-video-preview:-1"},"canonical":"https:\/\/raspberrypi.dk\/fi\/tuote\/micro-usb-otg-usb-sovittimen-vaelilevylle\/","og_locale":"fi_FI","og_type":"article","og_title":"Micro USB OTG USB-sovittimen v\u00e4lilevylle \u2022 RaspberryPi.dk","og_description":"Haluatko liitt\u00e4\u00e4 tavallisia USB-tuotteita Raspberry Pi Zero- tai Zero W -laitteeseesi, mutta samalla v\u00e4ltt\u00e4\u00e4 ylim\u00e4\u00e4r\u00e4isi\u00e4 kaapeleita? T\u00e4m\u00e4 on oikea tuote sinulle!","og_url":"https:\/\/raspberrypi.dk\/fi\/tuote\/micro-usb-otg-usb-sovittimen-vaelilevylle\/","og_site_name":"RaspberryPi.dk","article_publisher":"https:\/\/facebook.com\/RaspberryPiDanmark","article_modified_time":"2024-06-04T12:00:48+00:00","og_image":[{"width":500,"height":500,"url":"https:\/\/raspberrypi.dk\/wp-content\/uploads\/2017\/04\/usb-til-micro-usb-otg-shim-pi-zero.png","type":"image\/png"}],"twitter_card":"summary_large_image","twitter_site":"@raspberrypidk","twitter_misc":{"Arvioitu lukuaika":"1 minuutti"},"schema":{"@context":"https:\/\/schema.org","@graph":[{"@type":"WebPage","@id":"https:\/\/raspberrypi.dk\/fi\/tuote\/micro-usb-otg-usb-sovittimen-vaelilevylle\/","url":"https:\/\/raspberrypi.dk\/fi\/tuote\/micro-usb-otg-usb-sovittimen-vaelilevylle\/","name":"Micro USB OTG USB-sovittimen v\u00e4lilevylle \u2022 RaspberryPi.dk","isPartOf":{"@id":"https:\/\/raspberrypi.dk\/fi\/#website"},"primaryImageOfPage":{"@id":"https:\/\/raspberrypi.dk\/fi\/tuote\/micro-usb-otg-usb-sovittimen-vaelilevylle\/#primaryimage"},"image":{"@id":"https:\/\/raspberrypi.dk\/fi\/tuote\/micro-usb-otg-usb-sovittimen-vaelilevylle\/#primaryimage"},"thumbnailUrl":"https:\/\/raspberrypi.dk\/wp-content\/uploads\/2017\/04\/usb-til-micro-usb-otg-shim-pi-zero.png","datePublished":"2019-09-09T07:28:25+00:00","dateModified":"2024-06-04T12:00:48+00:00","breadcrumb":{"@id":"https:\/\/raspberrypi.dk\/fi\/tuote\/micro-usb-otg-usb-sovittimen-vaelilevylle\/#breadcrumb"},"inLanguage":"fi","potentialAction":[{"@type":"ReadAction","target":["https:\/\/raspberrypi.dk\/fi\/tuote\/micro-usb-otg-usb-sovittimen-vaelilevylle\/"]}]},{"@type":"ImageObject","inLanguage":"fi","@id":"https:\/\/raspberrypi.dk\/fi\/tuote\/micro-usb-otg-usb-sovittimen-vaelilevylle\/#primaryimage","url":"https:\/\/raspberrypi.dk\/wp-content\/uploads\/2017\/04\/usb-til-micro-usb-otg-shim-pi-zero.png","contentUrl":"https:\/\/raspberrypi.dk\/wp-content\/uploads\/2017\/04\/usb-til-micro-usb-otg-shim-pi-zero.png","width":500,"height":500,"caption":"usb - micro usb -otg"},{"@type":"BreadcrumbList","@id":"https:\/\/raspberrypi.dk\/fi\/tuote\/micro-usb-otg-usb-sovittimen-vaelilevylle\/#breadcrumb","itemListElement":[{"@type":"ListItem","position":1,"name":"Hjem","item":"https:\/\/raspberrypi.dk\/fi\/raspberry-pi-verkkokauppa\/"},{"@type":"ListItem","position":2,"name":"Shop","item":"https:\/\/raspberrypi.dk\/fi\/shop-2\/"},{"@type":"ListItem","position":3,"name":"Micro USB OTG USB-sovittimen v\u00e4lilevylle"}]},{"@type":"WebSite","@id":"https:\/\/raspberrypi.dk\/fi\/#website","url":"https:\/\/raspberrypi.dk\/fi\/","name":"RaspberryPi.dk","description":"Danmarks f\u00f8rende Raspberry Pi side!","publisher":{"@id":"https:\/\/raspberrypi.dk\/fi\/#organization"},"potentialAction":[{"@type":"SearchAction","target":{"@type":"EntryPoint","urlTemplate":"https:\/\/raspberrypi.dk\/fi\/?s={search_term_string}"},"query-input":{"@type":"PropertyValueSpecification","valueRequired":true,"valueName":"search_term_string"}}],"inLanguage":"fi"},{"@type":"Organization","@id":"https:\/\/raspberrypi.dk\/fi\/#organization","name":"RaspberryPi.dk","url":"https:\/\/raspberrypi.dk\/fi\/","logo":{"@type":"ImageObject","inLanguage":"fi","@id":"https:\/\/raspberrypi.dk\/fi\/#\/schema\/logo\/image\/","url":"https:\/\/raspberrypi.dk\/wp-content\/uploads\/2017\/05\/RaspberryPidk_logo-2.png","contentUrl":"https:\/\/raspberrypi.dk\/wp-content\/uploads\/2017\/05\/RaspberryPidk_logo-2.png","width":470,"height":110,"caption":"RaspberryPi.dk"},"image":{"@id":"https:\/\/raspberrypi.dk\/fi\/#\/schema\/logo\/image\/"},"sameAs":["https:\/\/facebook.com\/RaspberryPiDanmark","https:\/\/x.com\/raspberrypidk","https:\/\/instagram.com\/raspberrypi.dk"]}]}},"_links":{"self":[{"href":"https:\/\/raspberrypi.dk\/fi\/wp-json\/wp\/v2\/product\/221745","targetHints":{"allow":["GET"]}}],"collection":[{"href":"https:\/\/raspberrypi.dk\/fi\/wp-json\/wp\/v2\/product"}],"about":[{"href":"https:\/\/raspberrypi.dk\/fi\/wp-json\/wp\/v2\/types\/product"}],"replies":[{"embeddable":true,"href":"https:\/\/raspberrypi.dk\/fi\/wp-json\/wp\/v2\/comments?post=221745"}],"wp:featuredmedia":[{"embeddable":true,"href":"https:\/\/raspberrypi.dk\/fi\/wp-json\/wp\/v2\/media\/221746"}],"wp:attachment":[{"href":"https:\/\/raspberrypi.dk\/fi\/wp-json\/wp\/v2\/media?parent=221745"}],"wp:term":[{"taxonomy":"product_brand","embeddable":true,"href":"https:\/\/raspberrypi.dk\/fi\/wp-json\/wp\/v2\/product_brand?post=221745"},{"taxonomy":"product_cat","embeddable":true,"href":"https:\/\/raspberrypi.dk\/fi\/wp-json\/wp\/v2\/product_cat?post=221745"},{"taxonomy":"product_tag","embeddable":true,"href":"https:\/\/raspberrypi.dk\/fi\/wp-json\/wp\/v2\/product_tag?post=221745"}],"curies":[{"name":"wp","href":"https:\/\/api.w.org\/{rel}","templated":true}]}}