{"id":221748,"date":"2019-08-28T09:42:40","date_gmt":"2019-08-28T07:42:40","guid":{"rendered":"https:\/\/raspberrypi.dk\/produkt\/touch-hyperpixel-4-display\/"},"modified":"2025-06-10T19:47:03","modified_gmt":"2025-06-10T17:47:03","slug":"touch-hyperpixel-4-display","status":"publish","type":"product","link":"https:\/\/raspberrypi.dk\/fi\/tuote\/touch-hyperpixel-4-display\/","title":{"rendered":"Touch &#8211; HyperPixel 4&#8243; Display"},"content":{"rendered":"<p>T\u00e4m\u00e4 on uusin versio HyperPixel <strong>WITH<\/strong> touchista.<\/p>\n<p>T\u00e4ss\u00e4 HyperPixelin uudessa versiossa on kaunis IPS-n\u00e4ytt\u00f6, jossa on laajat katselukulmat, mittatilausty\u00f6n\u00e4 valmistettu kansilasi (kosketusversiossa) ja vaihtoehtoinen I2C-liit\u00e4nt\u00e4 on vedetty ulos kokeneille k\u00e4ytt\u00e4jille.<\/p>\n<p>Se on saatavana kosketusn\u00e4ytt\u00f6- ja ei-kosketusversiona valintasi mukaan.<\/p>\n<p>Huomaa, ett\u00e4 t\u00e4m\u00e4n sivun n\u00e4yt\u00f6n kuvia ei ole Photoshoppattu. Se on Raspbian-ty\u00f6p\u00f6yt\u00e4, jossa on HyperPixel-taustakuva!<\/p>\n<p><strong>Toiminnot<\/strong><\/p>\n<ul>\n<li>Nopea DPI-liit\u00e4nt\u00e4<\/li>\n<li>4&#8243; IPS-n\u00e4ytt\u00f6 (laajakulma, 160\u00b0) (86,4&#215;51,8 mm)<\/li>\n<li>800 x 480 pikseli\u00e4 (~ 235 PPI)<\/li>\n<li>18-bittinen v\u00e4ri (262 144 v\u00e4ri\u00e4)<\/li>\n<li>60 FPS kuvataajuus<\/li>\n<li>Kontrastisuhde: 500:1<\/li>\n<li>Kapasitiivinen kosketus<\/li>\n<li>Mukana 40-nastainen naarasotsikko korkeuden lis\u00e4\u00e4miseksi<\/li>\n<li>k\u00e4ytett\u00e4v\u00e4ksi Pi B+, 2, 3, 3B+ kanssa<\/li>\n<li>Yhteensopiva Raspberry Pi 4, 3B+, 3, 2, B+, A+, Zero ja Zero W kanssa<\/li>\n<li>Yksirivinen asennusohjelma<\/li>\n<\/ul>\n<p>HyperPixel 4.0 k\u00e4ytt\u00e4\u00e4 nopeaa DPI-liit\u00e4nt\u00e4\u00e4, joten se voi vaihtaa viisi kertaa enemm\u00e4n pikselitietoja kuin tavallinen SPI-liit\u00e4nt\u00e4, jota muut pienet Pi-n\u00e4yt\u00f6t k\u00e4ytt\u00e4v\u00e4t. Sen kehysnopeus on 60 FPS ja resoluutio noin 235 pikseli\u00e4 tuumalla (800 x 480) 4&#8243; n\u00e4yt\u00f6ss\u00e4. N\u00e4ytt\u00f6 voi n\u00e4ytt\u00e4\u00e4 18-bittisi\u00e4 v\u00e4rej\u00e4 (262 144 v\u00e4ri\u00e4).<\/p>\n<p>Siin\u00e4 on kapasitiivinen kosketusn\u00e4ytt\u00f6, joka on herkempi ja reagoivampi kosketukseen kuin resistiivinen kosketusn\u00e4ytt\u00f6, ja se voi koskettaa useita!<\/p>\n<p>Kaikki toimitetaan t\u00e4ysin koottuna, eik\u00e4 juottamista tarvita! N\u00e4ytt\u00f6 asettuu tukevasti HyperPixel PCB:lle ja liitet\u00e4\u00e4n pienell\u00e4 uppoasennetulla FPC-kaapelilla. Laita vain HyperPixel Pi-laitteeseesi ja suorita asennusohjelma, niin saat kaiken valmiiksi!<\/p>\n<p><strong>Huomautus!<\/strong> Kun asennat HyperPixelin Pi-laitteeseen, \u00e4l\u00e4 kosketa n\u00e4yt\u00f6n pintaa! Pid\u00e4 levy\u00e4 reunoista ja kallista sit\u00e4 niin, ett\u00e4 se sopii pidennetyn otsikon (tai GPIO-otsakkeen) kanssa.<\/p>\n<p>Se toimii mink\u00e4 tahansa Pi:n 40-nastaisen version kanssa, mukaan lukien Pi Zero ja Pi Zero W. Jos k\u00e4yt\u00e4t sit\u00e4 suuremman Pi:n kanssa, kuten B+, 2 tai 3, k\u00e4yt\u00e4 mukana tulevaa ylim\u00e4\u00e4r\u00e4ist\u00e4 40-nastaista otsikkoa lis\u00e4t\u00e4ksesi se haluttuun korkeuteen. Jos k\u00e4yt\u00e4t Zero tai Zero W, liit\u00e4 se suoraan GPIO:han.<\/p>\n<p>Mukana olevan standoff-sarjan avulla voit kiinnitt\u00e4\u00e4 HyperPixel 4.0:n turvallisesti Pi:hen. Ruuvaa ne vain HyperPixel 4.0 PCB:n alapuolelle ja kiinnit\u00e4 sitten ruuveilla Pi:n kiinnitysreikien l\u00e4pi.<\/p>\n<p><strong>Ohjelmisto<\/strong><\/p>\n<p>Yksirivinen asennusohjelma on k\u00e4\u00e4nnetty m\u00e4\u00e4ritt\u00e4m\u00e4\u00e4n Pi oikein HyperPixelille ja mahdollistamaan kosketuksen. Huomaa, ett\u00e4 tarvitset toisen n\u00e4yt\u00f6n, n\u00e4pp\u00e4imist\u00f6n ja hiiren ohjelmiston asentamiseen tai voit tehd\u00e4 sen SSH:n kautta.<\/p>\n<p>Avaa p\u00e4\u00e4te ja kirjoita: curl \u00a0 \u00a0 \u00a0 \u00a0 \u00a0 \u00a0 \u00a0 https:\/\/get.pimoroni.com\/hyperpixel4 | bash<\/p>\n<p>suorittaaksesi asennusohjelman ja m\u00e4\u00e4ritt\u00e4\u00e4ksesi HyperPixel 4.0:n.<\/p>\n<p><span title=\"Find the GitHub repository here: https:\/\/github.com\/pimoroni\/hyperpixel \">Etsi GitHub repository t\u00e4ss\u00e4:\u00a0<a href=\"https:\/\/github.com\/pimoroni\/hyperpixel4\">https:\/\/github.com\/pimoroni\/hyperpixel4<\/a><\/span><\/p>\n<p><strong>Mitat<\/strong>: 58,5x97x12mm (LxKxS, syvyys sis\u00e4lt\u00e4\u00e4 otsikon ja n\u00e4yt\u00f6n).<\/p>\n","protected":false},"excerpt":{"rendered":"<p>Korkearesoluutioinen, nopea <strong>4&#8243; TFT-n\u00e4ytt\u00f6 kosketuksella<\/strong> Raspberry Pi -laitteellesi.<\/p>\n<p><strong>HyperPixel<\/strong> on t\u00e4ydellinen tapa saada pieni n\u00e4ytt\u00f6 Pi:llesi ilman paljon kaapeleita. Suunnittele oma graafinen k\u00e4ytt\u00f6liittym\u00e4si hallinnoimaan projektejasi tai n\u00e4ytt\u00e4m\u00e4\u00e4n tietojasi tai muuta Pi:st\u00e4si pieni mediakeskus.<\/p>\n","protected":false},"featured_media":221749,"comment_status":"open","ping_status":"closed","template":"","meta":[],"product_brand":[],"product_cat":[728],"product_tag":[719,718],"class_list":{"0":"post-221748","1":"product","2":"type-product","3":"status-publish","4":"has-post-thumbnail","6":"product_cat-raspberry-pi-naytot","7":"product_tag-rpi4-fi","8":"product_tag-rpi5-fi","10":"first","11":"instock","12":"taxable","13":"shipping-taxable","14":"purchasable","15":"product-type-simple"},"composite_virtual":false,"composite_layout":"","composite_add_to_cart_form_location":"","composite_editable_in_cart":false,"composite_sold_individually_context":"","composite_shop_price_calc":"","composite_components":[],"composite_scenarios":[],"bundled_by":[],"bundle_stock_status":"instock","bundle_stock_quantity":7,"bundle_virtual":false,"bundle_layout":"","bundle_add_to_cart_form_location":"","bundle_editable_in_cart":false,"bundle_sold_individually_context":"","bundle_item_grouping":"","bundle_min_size":"","bundle_max_size":"","bundle_price":[],"bundled_items":[],"bundle_sell_ids":[],"yoast_head":"<!-- This site is optimized with the Yoast SEO plugin v27.1.1 - https:\/\/yoast.com\/product\/yoast-seo-wordpress\/ -->\n<title>Touch - HyperPixel 4&quot; Display \u2022 RaspberryPi.dk<\/title>\n<meta name=\"robots\" content=\"index, follow, max-snippet:-1, max-image-preview:large, max-video-preview:-1\" \/>\n<link rel=\"canonical\" href=\"https:\/\/raspberrypi.dk\/fi\/tuote\/touch-hyperpixel-4-display\/\" \/>\n<meta property=\"og:locale\" content=\"fi_FI\" \/>\n<meta property=\"og:type\" content=\"article\" \/>\n<meta property=\"og:title\" content=\"Touch - HyperPixel 4&quot; Display \u2022 RaspberryPi.dk\" \/>\n<meta property=\"og:description\" content=\"Korkearesoluutioinen, nopea 4&quot; TFT-n\u00e4ytt\u00f6 kosketuksella Raspberry Pi -laitteellesi.  HyperPixel on t\u00e4ydellinen tapa saada pieni n\u00e4ytt\u00f6 Pi:llesi ilman paljon kaapeleita. Suunnittele oma graafinen k\u00e4ytt\u00f6liittym\u00e4si hallinnoimaan projektejasi tai n\u00e4ytt\u00e4m\u00e4\u00e4n tietojasi tai muuta Pi:st\u00e4si pieni mediakeskus.\" \/>\n<meta property=\"og:url\" content=\"https:\/\/raspberrypi.dk\/fi\/tuote\/touch-hyperpixel-4-display\/\" \/>\n<meta property=\"og:site_name\" content=\"RaspberryPi.dk\" \/>\n<meta property=\"article:publisher\" content=\"https:\/\/facebook.com\/RaspberryPiDanmark\" \/>\n<meta property=\"article:modified_time\" content=\"2025-06-10T17:47:03+00:00\" \/>\n<meta property=\"og:image\" content=\"https:\/\/raspberrypi.dk\/wp-content\/uploads\/2017\/09\/hyperpixel-4-touch-1.jpeg\" \/>\n\t<meta property=\"og:image:width\" content=\"1024\" \/>\n\t<meta property=\"og:image:height\" content=\"1024\" \/>\n\t<meta property=\"og:image:type\" content=\"image\/jpeg\" \/>\n<meta name=\"twitter:card\" content=\"summary_large_image\" \/>\n<meta name=\"twitter:site\" content=\"@raspberrypidk\" \/>\n<meta name=\"twitter:label1\" content=\"Arvioitu lukuaika\" \/>\n\t<meta name=\"twitter:data1\" content=\"3 minuuttia\" \/>\n<script type=\"application\/ld+json\" class=\"yoast-schema-graph\">{\"@context\":\"https:\/\/schema.org\",\"@graph\":[{\"@type\":\"WebPage\",\"@id\":\"https:\/\/raspberrypi.dk\/fi\/tuote\/touch-hyperpixel-4-display\/\",\"url\":\"https:\/\/raspberrypi.dk\/fi\/tuote\/touch-hyperpixel-4-display\/\",\"name\":\"Touch - HyperPixel 4\\\" Display \u2022 RaspberryPi.dk\",\"isPartOf\":{\"@id\":\"https:\/\/raspberrypi.dk\/fi\/#website\"},\"primaryImageOfPage\":{\"@id\":\"https:\/\/raspberrypi.dk\/fi\/tuote\/touch-hyperpixel-4-display\/#primaryimage\"},\"image\":{\"@id\":\"https:\/\/raspberrypi.dk\/fi\/tuote\/touch-hyperpixel-4-display\/#primaryimage\"},\"thumbnailUrl\":\"https:\/\/raspberrypi.dk\/wp-content\/uploads\/2017\/09\/hyperpixel-4-touch-1.jpeg\",\"datePublished\":\"2019-08-28T07:42:40+00:00\",\"dateModified\":\"2025-06-10T17:47:03+00:00\",\"breadcrumb\":{\"@id\":\"https:\/\/raspberrypi.dk\/fi\/tuote\/touch-hyperpixel-4-display\/#breadcrumb\"},\"inLanguage\":\"fi\",\"potentialAction\":[{\"@type\":\"ReadAction\",\"target\":[\"https:\/\/raspberrypi.dk\/fi\/tuote\/touch-hyperpixel-4-display\/\"]}]},{\"@type\":\"ImageObject\",\"inLanguage\":\"fi\",\"@id\":\"https:\/\/raspberrypi.dk\/fi\/tuote\/touch-hyperpixel-4-display\/#primaryimage\",\"url\":\"https:\/\/raspberrypi.dk\/wp-content\/uploads\/2017\/09\/hyperpixel-4-touch-1.jpeg\",\"contentUrl\":\"https:\/\/raspberrypi.dk\/wp-content\/uploads\/2017\/09\/hyperpixel-4-touch-1.jpeg\",\"width\":1024,\"height\":1024,\"caption\":\"hyperpixel 4 touchscreen display raspberry pi\"},{\"@type\":\"BreadcrumbList\",\"@id\":\"https:\/\/raspberrypi.dk\/fi\/tuote\/touch-hyperpixel-4-display\/#breadcrumb\",\"itemListElement\":[{\"@type\":\"ListItem\",\"position\":1,\"name\":\"Hjem\",\"item\":\"https:\/\/raspberrypi.dk\/fi\/raspberry-pi-verkkokauppa\/\"},{\"@type\":\"ListItem\",\"position\":2,\"name\":\"Shop\",\"item\":\"https:\/\/raspberrypi.dk\/fi\/shop-2\/\"},{\"@type\":\"ListItem\",\"position\":3,\"name\":\"Touch &#8211; HyperPixel 4&#8243; Display\"}]},{\"@type\":\"WebSite\",\"@id\":\"https:\/\/raspberrypi.dk\/fi\/#website\",\"url\":\"https:\/\/raspberrypi.dk\/fi\/\",\"name\":\"RaspberryPi.dk\",\"description\":\"Danmarks f\u00f8rende Raspberry Pi side!\",\"publisher\":{\"@id\":\"https:\/\/raspberrypi.dk\/fi\/#organization\"},\"potentialAction\":[{\"@type\":\"SearchAction\",\"target\":{\"@type\":\"EntryPoint\",\"urlTemplate\":\"https:\/\/raspberrypi.dk\/fi\/?s={search_term_string}\"},\"query-input\":{\"@type\":\"PropertyValueSpecification\",\"valueRequired\":true,\"valueName\":\"search_term_string\"}}],\"inLanguage\":\"fi\"},{\"@type\":\"Organization\",\"@id\":\"https:\/\/raspberrypi.dk\/fi\/#organization\",\"name\":\"RaspberryPi.dk\",\"url\":\"https:\/\/raspberrypi.dk\/fi\/\",\"logo\":{\"@type\":\"ImageObject\",\"inLanguage\":\"fi\",\"@id\":\"https:\/\/raspberrypi.dk\/fi\/#\/schema\/logo\/image\/\",\"url\":\"https:\/\/raspberrypi.dk\/wp-content\/uploads\/2017\/05\/RaspberryPidk_logo-2.png\",\"contentUrl\":\"https:\/\/raspberrypi.dk\/wp-content\/uploads\/2017\/05\/RaspberryPidk_logo-2.png\",\"width\":470,\"height\":110,\"caption\":\"RaspberryPi.dk\"},\"image\":{\"@id\":\"https:\/\/raspberrypi.dk\/fi\/#\/schema\/logo\/image\/\"},\"sameAs\":[\"https:\/\/facebook.com\/RaspberryPiDanmark\",\"https:\/\/x.com\/raspberrypidk\",\"https:\/\/instagram.com\/raspberrypi.dk\"]}]}<\/script>\n<!-- \/ Yoast SEO plugin. -->","yoast_head_json":{"title":"Touch - HyperPixel 4\" Display \u2022 RaspberryPi.dk","robots":{"index":"index","follow":"follow","max-snippet":"max-snippet:-1","max-image-preview":"max-image-preview:large","max-video-preview":"max-video-preview:-1"},"canonical":"https:\/\/raspberrypi.dk\/fi\/tuote\/touch-hyperpixel-4-display\/","og_locale":"fi_FI","og_type":"article","og_title":"Touch - HyperPixel 4\" Display \u2022 RaspberryPi.dk","og_description":"Korkearesoluutioinen, nopea 4\" TFT-n\u00e4ytt\u00f6 kosketuksella Raspberry Pi -laitteellesi.  HyperPixel on t\u00e4ydellinen tapa saada pieni n\u00e4ytt\u00f6 Pi:llesi ilman paljon kaapeleita. Suunnittele oma graafinen k\u00e4ytt\u00f6liittym\u00e4si hallinnoimaan projektejasi tai n\u00e4ytt\u00e4m\u00e4\u00e4n tietojasi tai muuta Pi:st\u00e4si pieni mediakeskus.","og_url":"https:\/\/raspberrypi.dk\/fi\/tuote\/touch-hyperpixel-4-display\/","og_site_name":"RaspberryPi.dk","article_publisher":"https:\/\/facebook.com\/RaspberryPiDanmark","article_modified_time":"2025-06-10T17:47:03+00:00","og_image":[{"width":1024,"height":1024,"url":"https:\/\/raspberrypi.dk\/wp-content\/uploads\/2017\/09\/hyperpixel-4-touch-1.jpeg","type":"image\/jpeg"}],"twitter_card":"summary_large_image","twitter_site":"@raspberrypidk","twitter_misc":{"Arvioitu lukuaika":"3 minuuttia"},"schema":{"@context":"https:\/\/schema.org","@graph":[{"@type":"WebPage","@id":"https:\/\/raspberrypi.dk\/fi\/tuote\/touch-hyperpixel-4-display\/","url":"https:\/\/raspberrypi.dk\/fi\/tuote\/touch-hyperpixel-4-display\/","name":"Touch - HyperPixel 4\" Display \u2022 RaspberryPi.dk","isPartOf":{"@id":"https:\/\/raspberrypi.dk\/fi\/#website"},"primaryImageOfPage":{"@id":"https:\/\/raspberrypi.dk\/fi\/tuote\/touch-hyperpixel-4-display\/#primaryimage"},"image":{"@id":"https:\/\/raspberrypi.dk\/fi\/tuote\/touch-hyperpixel-4-display\/#primaryimage"},"thumbnailUrl":"https:\/\/raspberrypi.dk\/wp-content\/uploads\/2017\/09\/hyperpixel-4-touch-1.jpeg","datePublished":"2019-08-28T07:42:40+00:00","dateModified":"2025-06-10T17:47:03+00:00","breadcrumb":{"@id":"https:\/\/raspberrypi.dk\/fi\/tuote\/touch-hyperpixel-4-display\/#breadcrumb"},"inLanguage":"fi","potentialAction":[{"@type":"ReadAction","target":["https:\/\/raspberrypi.dk\/fi\/tuote\/touch-hyperpixel-4-display\/"]}]},{"@type":"ImageObject","inLanguage":"fi","@id":"https:\/\/raspberrypi.dk\/fi\/tuote\/touch-hyperpixel-4-display\/#primaryimage","url":"https:\/\/raspberrypi.dk\/wp-content\/uploads\/2017\/09\/hyperpixel-4-touch-1.jpeg","contentUrl":"https:\/\/raspberrypi.dk\/wp-content\/uploads\/2017\/09\/hyperpixel-4-touch-1.jpeg","width":1024,"height":1024,"caption":"hyperpixel 4 touchscreen display raspberry pi"},{"@type":"BreadcrumbList","@id":"https:\/\/raspberrypi.dk\/fi\/tuote\/touch-hyperpixel-4-display\/#breadcrumb","itemListElement":[{"@type":"ListItem","position":1,"name":"Hjem","item":"https:\/\/raspberrypi.dk\/fi\/raspberry-pi-verkkokauppa\/"},{"@type":"ListItem","position":2,"name":"Shop","item":"https:\/\/raspberrypi.dk\/fi\/shop-2\/"},{"@type":"ListItem","position":3,"name":"Touch &#8211; HyperPixel 4&#8243; Display"}]},{"@type":"WebSite","@id":"https:\/\/raspberrypi.dk\/fi\/#website","url":"https:\/\/raspberrypi.dk\/fi\/","name":"RaspberryPi.dk","description":"Danmarks f\u00f8rende Raspberry Pi side!","publisher":{"@id":"https:\/\/raspberrypi.dk\/fi\/#organization"},"potentialAction":[{"@type":"SearchAction","target":{"@type":"EntryPoint","urlTemplate":"https:\/\/raspberrypi.dk\/fi\/?s={search_term_string}"},"query-input":{"@type":"PropertyValueSpecification","valueRequired":true,"valueName":"search_term_string"}}],"inLanguage":"fi"},{"@type":"Organization","@id":"https:\/\/raspberrypi.dk\/fi\/#organization","name":"RaspberryPi.dk","url":"https:\/\/raspberrypi.dk\/fi\/","logo":{"@type":"ImageObject","inLanguage":"fi","@id":"https:\/\/raspberrypi.dk\/fi\/#\/schema\/logo\/image\/","url":"https:\/\/raspberrypi.dk\/wp-content\/uploads\/2017\/05\/RaspberryPidk_logo-2.png","contentUrl":"https:\/\/raspberrypi.dk\/wp-content\/uploads\/2017\/05\/RaspberryPidk_logo-2.png","width":470,"height":110,"caption":"RaspberryPi.dk"},"image":{"@id":"https:\/\/raspberrypi.dk\/fi\/#\/schema\/logo\/image\/"},"sameAs":["https:\/\/facebook.com\/RaspberryPiDanmark","https:\/\/x.com\/raspberrypidk","https:\/\/instagram.com\/raspberrypi.dk"]}]}},"_links":{"self":[{"href":"https:\/\/raspberrypi.dk\/fi\/wp-json\/wp\/v2\/product\/221748","targetHints":{"allow":["GET"]}}],"collection":[{"href":"https:\/\/raspberrypi.dk\/fi\/wp-json\/wp\/v2\/product"}],"about":[{"href":"https:\/\/raspberrypi.dk\/fi\/wp-json\/wp\/v2\/types\/product"}],"replies":[{"embeddable":true,"href":"https:\/\/raspberrypi.dk\/fi\/wp-json\/wp\/v2\/comments?post=221748"}],"wp:featuredmedia":[{"embeddable":true,"href":"https:\/\/raspberrypi.dk\/fi\/wp-json\/wp\/v2\/media\/221749"}],"wp:attachment":[{"href":"https:\/\/raspberrypi.dk\/fi\/wp-json\/wp\/v2\/media?parent=221748"}],"wp:term":[{"taxonomy":"product_brand","embeddable":true,"href":"https:\/\/raspberrypi.dk\/fi\/wp-json\/wp\/v2\/product_brand?post=221748"},{"taxonomy":"product_cat","embeddable":true,"href":"https:\/\/raspberrypi.dk\/fi\/wp-json\/wp\/v2\/product_cat?post=221748"},{"taxonomy":"product_tag","embeddable":true,"href":"https:\/\/raspberrypi.dk\/fi\/wp-json\/wp\/v2\/product_tag?post=221748"}],"curies":[{"name":"wp","href":"https:\/\/api.w.org\/{rel}","templated":true}]}}