{"id":221782,"date":"2019-08-10T16:25:17","date_gmt":"2019-08-10T14:25:17","guid":{"rendered":"https:\/\/raspberrypi.dk\/produkt\/highpi-pro-case-raspberry-pi-4-model-blle\/"},"modified":"2025-06-07T17:50:06","modified_gmt":"2025-06-07T15:50:06","slug":"highpi-pro-case-raspberry-pi-4-model-blle","status":"publish","type":"product","link":"https:\/\/raspberrypi.dk\/fi\/tuote\/highpi-pro-case-raspberry-pi-4-model-blle\/","title":{"rendered":"HighPi Pro Case Raspberry Pi 4 Model B:lle"},"content":{"rendered":"<h3>WHAT FITS INSIDE (CLOSED LID VERSION FOR PI 4)<\/h3>\n<p>The generous internal volume provides plenty of room for the add-ons you love. Specifically;<\/p>\n<ul>\n<li>Raspberry Pi 4 board<\/li>\n<li>HighPi Pro 5V Cooling Fan<\/li>\n<li>Heatsinks, including oversized ones<\/li>\n<li>HATs that only require GPIO connections with heights up to 30.5mm above the Pi PCB, such as PoE or UPS HATs<br \/>\n<img decoding=\"async\" class=\"__mce_add_custom__\" title=\"gf-poe-crop.jpg\" src=\"https:\/\/cdn11.bigcommerce.com\/s-gugbviibgq\/product_images\/uploaded_images\/gf-poe-crop.jpg\" alt=\"gf-poe-crop.jpg\" width=\"150\" \/>\u00a0<img decoding=\"async\" class=\"__mce_add_custom__\" title=\"gf-ups-crop.jpg\" src=\"https:\/\/cdn11.bigcommerce.com\/s-gugbviibgq\/product_images\/uploaded_images\/gf-ups-crop.jpg\" alt=\"gf-ups-crop.jpg\" width=\"150\" \/><\/li>\n<\/ul>\n<h3>FEATURES<\/h3>\n<ul>\n<li>Industry-leading ease of use, rapid tool-free assembly and disassembly<\/li>\n<li>Large internal volume for HATs, break-out boards, or heat sinks<\/li>\n<li>Self-adhesive rubber feet included, set of 4<\/li>\n<li>GPIO ribbon cable port<\/li>\n<li>Multiple lid options and universal lid cutout to fit most HATs<\/li>\n<li>Optional\/Available Active Cooling: quiet high quality 30mm fan, powerful cooling with and without HATs, software controlled<\/li>\n<li>Secure microSD card cover: removable from inside case with tool<\/li>\n<li>VESA mount support: an optional mounting plate provides VESA or wall-mounting<\/li>\n<li>Customizable: Molding-configurable output ports: available in multiple options, customizable for 1000+<\/li>\n<li>Top of case can have printed logo for your branding<\/li>\n<\/ul>\n<h3>SPECIFICATIONS<\/h3>\n<ul>\n<li>Made in Canada with Lustran 433 ABS Plastic<\/li>\n<li>External dimensions: 106.5 x 67 x 41.45mm<\/li>\n<li>Internal volume for breakout boards: 85 x 56 x 30.5mm<\/li>\n<li><a href=\"https:\/\/hipi.io\/wp-content\/uploads\/2021\/06\/HighPi-Pro-Case-Dimensions.pdf\">Dimensional Drawing, including Universal Port<\/a><\/li>\n<li><a href=\"https:\/\/www.hipi.io\/wp-content\/uploads\/2021\/08\/TDS-433.pdf\">Lustran 433 Material Sheet<\/a><\/li>\n<li><a href=\"https:\/\/www.hipi.io\/wp-content\/uploads\/2021\/08\/e187317.pdf\">Lustran 433 Certification Sheet<\/a><\/li>\n<li><a href=\"https:\/\/www.hipi.io\/wp-content\/uploads\/2021\/08\/ISO-9001-2015-FM-612138.pdf\">HighPi Pro ISO Certification Sheet<\/a><\/li>\n<\/ul>\n<h3>ASSEMBLY INSTRUCTIONS<\/h3>\n<p><iframe title=\"HighPi Pro Case for Raspberry Pi - Assembly\" width=\"980\" height=\"551\" src=\"https:\/\/www.youtube.com\/embed\/W_YDR4lnh5E?feature=oembed\" frameborder=\"0\" allow=\"accelerometer; autoplay; clipboard-write; encrypted-media; gyroscope; picture-in-picture; web-share\" allowfullscreen><\/iframe><\/p>\n","protected":false},"excerpt":{"rendered":"<p>HighPi Pro -kotelo Raspberry Pi:lle on alkuper\u00e4isen HighPi-kotelon kehitysty\u00f6. S\u00e4ilytet\u00e4\u00e4n kaikkien rakastamat ominaisuudet (helppo koota, puhdas ulkoasu) ja lis\u00e4t\u00e4\u00e4n kolme upeaa uutta ominaisuutta: aktiivinen j\u00e4\u00e4hdytys valinnaisella tuulettimella, irrotettava microSD-kortin kansi ja liukuva kansi, johon mahtuu melkein mik\u00e4 tahansa HAT .<\/p>\n<p>Useissa koteloversioissa on joko suljettu kansi, kansi yleiskaapeliportilla tai kansi, jossa on HAT-kohtaiset kaapeliportit.<\/p>\n","protected":false},"featured_media":218335,"comment_status":"open","ping_status":"closed","template":"","meta":[],"product_brand":[],"product_cat":[736],"product_tag":[719],"class_list":{"0":"post-221782","1":"product","2":"type-product","3":"status-publish","4":"has-post-thumbnail","6":"product_cat-raspberry-pi-kotelo","7":"product_tag-rpi4-fi","9":"first","10":"outofstock","11":"taxable","12":"shipping-taxable","13":"purchasable","14":"product-type-simple"},"composite_virtual":false,"composite_layout":"","composite_add_to_cart_form_location":"","composite_editable_in_cart":false,"composite_sold_individually_context":"","composite_shop_price_calc":"","composite_components":[],"composite_scenarios":[],"bundled_by":[],"bundle_stock_status":"outofstock","bundle_stock_quantity":0,"bundle_virtual":false,"bundle_layout":"","bundle_add_to_cart_form_location":"","bundle_editable_in_cart":false,"bundle_sold_individually_context":"","bundle_item_grouping":"","bundle_min_size":"","bundle_max_size":"","bundle_price":[],"bundled_items":[],"bundle_sell_ids":[220729],"yoast_head":"<!-- This site is optimized with the Yoast SEO plugin v27.1.1 - https:\/\/yoast.com\/product\/yoast-seo-wordpress\/ -->\n<title>HighPi Pro Case Raspberry Pi 4 Model B:lle \u2022 RaspberryPi.dk<\/title>\n<meta name=\"robots\" content=\"index, follow, max-snippet:-1, max-image-preview:large, max-video-preview:-1\" \/>\n<link rel=\"canonical\" href=\"https:\/\/raspberrypi.dk\/fi\/tuote\/highpi-pro-case-raspberry-pi-4-model-blle\/\" \/>\n<meta property=\"og:locale\" content=\"fi_FI\" \/>\n<meta property=\"og:type\" content=\"article\" \/>\n<meta property=\"og:title\" content=\"HighPi Pro Case Raspberry Pi 4 Model B:lle \u2022 RaspberryPi.dk\" \/>\n<meta property=\"og:description\" content=\"HighPi Pro -kotelo Raspberry Pi:lle on alkuper\u00e4isen HighPi-kotelon kehitysty\u00f6. S\u00e4ilytet\u00e4\u00e4n kaikkien rakastamat ominaisuudet (helppo koota, puhdas ulkoasu) ja lis\u00e4t\u00e4\u00e4n kolme upeaa uutta ominaisuutta: aktiivinen j\u00e4\u00e4hdytys valinnaisella tuulettimella, irrotettava microSD-kortin kansi ja liukuva kansi, johon mahtuu melkein mik\u00e4 tahansa HAT .  Useissa koteloversioissa on joko suljettu kansi, kansi yleiskaapeliportilla tai kansi, jossa on HAT-kohtaiset kaapeliportit.\" \/>\n<meta property=\"og:url\" content=\"https:\/\/raspberrypi.dk\/fi\/tuote\/highpi-pro-case-raspberry-pi-4-model-blle\/\" \/>\n<meta property=\"og:site_name\" content=\"RaspberryPi.dk\" \/>\n<meta property=\"article:publisher\" content=\"https:\/\/facebook.com\/RaspberryPiDanmark\" \/>\n<meta property=\"article:modified_time\" content=\"2025-06-07T15:50:06+00:00\" \/>\n<meta property=\"og:image\" content=\"https:\/\/raspberrypi.dk\/wp-content\/uploads\/2019\/08\/9060_1__70490.1628022653.gif\" \/>\n\t<meta property=\"og:image:width\" content=\"1280\" \/>\n\t<meta property=\"og:image:height\" content=\"1280\" \/>\n\t<meta property=\"og:image:type\" content=\"image\/gif\" \/>\n<meta name=\"twitter:card\" content=\"summary_large_image\" \/>\n<meta name=\"twitter:site\" content=\"@raspberrypidk\" \/>\n<meta name=\"twitter:label1\" content=\"Arvioitu lukuaika\" \/>\n\t<meta name=\"twitter:data1\" content=\"2 minuuttia\" \/>\n<script type=\"application\/ld+json\" class=\"yoast-schema-graph\">{\"@context\":\"https:\/\/schema.org\",\"@graph\":[{\"@type\":\"WebPage\",\"@id\":\"https:\/\/raspberrypi.dk\/fi\/tuote\/highpi-pro-case-raspberry-pi-4-model-blle\/\",\"url\":\"https:\/\/raspberrypi.dk\/fi\/tuote\/highpi-pro-case-raspberry-pi-4-model-blle\/\",\"name\":\"HighPi Pro Case Raspberry Pi 4 Model B:lle \u2022 RaspberryPi.dk\",\"isPartOf\":{\"@id\":\"https:\/\/raspberrypi.dk\/fi\/#website\"},\"primaryImageOfPage\":{\"@id\":\"https:\/\/raspberrypi.dk\/fi\/tuote\/highpi-pro-case-raspberry-pi-4-model-blle\/#primaryimage\"},\"image\":{\"@id\":\"https:\/\/raspberrypi.dk\/fi\/tuote\/highpi-pro-case-raspberry-pi-4-model-blle\/#primaryimage\"},\"thumbnailUrl\":\"https:\/\/raspberrypi.dk\/wp-content\/uploads\/2019\/08\/9060_1__70490.1628022653.gif\",\"datePublished\":\"2019-08-10T14:25:17+00:00\",\"dateModified\":\"2025-06-07T15:50:06+00:00\",\"breadcrumb\":{\"@id\":\"https:\/\/raspberrypi.dk\/fi\/tuote\/highpi-pro-case-raspberry-pi-4-model-blle\/#breadcrumb\"},\"inLanguage\":\"fi\",\"potentialAction\":[{\"@type\":\"ReadAction\",\"target\":[\"https:\/\/raspberrypi.dk\/fi\/tuote\/highpi-pro-case-raspberry-pi-4-model-blle\/\"]}]},{\"@type\":\"ImageObject\",\"inLanguage\":\"fi\",\"@id\":\"https:\/\/raspberrypi.dk\/fi\/tuote\/highpi-pro-case-raspberry-pi-4-model-blle\/#primaryimage\",\"url\":\"https:\/\/raspberrypi.dk\/wp-content\/uploads\/2019\/08\/9060_1__70490.1628022653.gif\",\"contentUrl\":\"https:\/\/raspberrypi.dk\/wp-content\/uploads\/2019\/08\/9060_1__70490.1628022653.gif\",\"width\":1280,\"height\":1280,\"caption\":\"highpi pro case pi 4\"},{\"@type\":\"BreadcrumbList\",\"@id\":\"https:\/\/raspberrypi.dk\/fi\/tuote\/highpi-pro-case-raspberry-pi-4-model-blle\/#breadcrumb\",\"itemListElement\":[{\"@type\":\"ListItem\",\"position\":1,\"name\":\"Hjem\",\"item\":\"https:\/\/raspberrypi.dk\/fi\/raspberry-pi-verkkokauppa\/\"},{\"@type\":\"ListItem\",\"position\":2,\"name\":\"Shop\",\"item\":\"https:\/\/raspberrypi.dk\/fi\/shop-2\/\"},{\"@type\":\"ListItem\",\"position\":3,\"name\":\"HighPi Pro Case Raspberry Pi 4 Model B:lle\"}]},{\"@type\":\"WebSite\",\"@id\":\"https:\/\/raspberrypi.dk\/fi\/#website\",\"url\":\"https:\/\/raspberrypi.dk\/fi\/\",\"name\":\"RaspberryPi.dk\",\"description\":\"Danmarks f\u00f8rende Raspberry Pi side!\",\"publisher\":{\"@id\":\"https:\/\/raspberrypi.dk\/fi\/#organization\"},\"potentialAction\":[{\"@type\":\"SearchAction\",\"target\":{\"@type\":\"EntryPoint\",\"urlTemplate\":\"https:\/\/raspberrypi.dk\/fi\/?s={search_term_string}\"},\"query-input\":{\"@type\":\"PropertyValueSpecification\",\"valueRequired\":true,\"valueName\":\"search_term_string\"}}],\"inLanguage\":\"fi\"},{\"@type\":\"Organization\",\"@id\":\"https:\/\/raspberrypi.dk\/fi\/#organization\",\"name\":\"RaspberryPi.dk\",\"url\":\"https:\/\/raspberrypi.dk\/fi\/\",\"logo\":{\"@type\":\"ImageObject\",\"inLanguage\":\"fi\",\"@id\":\"https:\/\/raspberrypi.dk\/fi\/#\/schema\/logo\/image\/\",\"url\":\"https:\/\/raspberrypi.dk\/wp-content\/uploads\/2017\/05\/RaspberryPidk_logo-2.png\",\"contentUrl\":\"https:\/\/raspberrypi.dk\/wp-content\/uploads\/2017\/05\/RaspberryPidk_logo-2.png\",\"width\":470,\"height\":110,\"caption\":\"RaspberryPi.dk\"},\"image\":{\"@id\":\"https:\/\/raspberrypi.dk\/fi\/#\/schema\/logo\/image\/\"},\"sameAs\":[\"https:\/\/facebook.com\/RaspberryPiDanmark\",\"https:\/\/x.com\/raspberrypidk\",\"https:\/\/instagram.com\/raspberrypi.dk\"]}]}<\/script>\n<!-- \/ Yoast SEO plugin. -->","yoast_head_json":{"title":"HighPi Pro Case Raspberry Pi 4 Model B:lle \u2022 RaspberryPi.dk","robots":{"index":"index","follow":"follow","max-snippet":"max-snippet:-1","max-image-preview":"max-image-preview:large","max-video-preview":"max-video-preview:-1"},"canonical":"https:\/\/raspberrypi.dk\/fi\/tuote\/highpi-pro-case-raspberry-pi-4-model-blle\/","og_locale":"fi_FI","og_type":"article","og_title":"HighPi Pro Case Raspberry Pi 4 Model B:lle \u2022 RaspberryPi.dk","og_description":"HighPi Pro -kotelo Raspberry Pi:lle on alkuper\u00e4isen HighPi-kotelon kehitysty\u00f6. S\u00e4ilytet\u00e4\u00e4n kaikkien rakastamat ominaisuudet (helppo koota, puhdas ulkoasu) ja lis\u00e4t\u00e4\u00e4n kolme upeaa uutta ominaisuutta: aktiivinen j\u00e4\u00e4hdytys valinnaisella tuulettimella, irrotettava microSD-kortin kansi ja liukuva kansi, johon mahtuu melkein mik\u00e4 tahansa HAT .  Useissa koteloversioissa on joko suljettu kansi, kansi yleiskaapeliportilla tai kansi, jossa on HAT-kohtaiset kaapeliportit.","og_url":"https:\/\/raspberrypi.dk\/fi\/tuote\/highpi-pro-case-raspberry-pi-4-model-blle\/","og_site_name":"RaspberryPi.dk","article_publisher":"https:\/\/facebook.com\/RaspberryPiDanmark","article_modified_time":"2025-06-07T15:50:06+00:00","og_image":[{"width":1280,"height":1280,"url":"https:\/\/raspberrypi.dk\/wp-content\/uploads\/2019\/08\/9060_1__70490.1628022653.gif","type":"image\/gif"}],"twitter_card":"summary_large_image","twitter_site":"@raspberrypidk","twitter_misc":{"Arvioitu lukuaika":"2 minuuttia"},"schema":{"@context":"https:\/\/schema.org","@graph":[{"@type":"WebPage","@id":"https:\/\/raspberrypi.dk\/fi\/tuote\/highpi-pro-case-raspberry-pi-4-model-blle\/","url":"https:\/\/raspberrypi.dk\/fi\/tuote\/highpi-pro-case-raspberry-pi-4-model-blle\/","name":"HighPi Pro Case Raspberry Pi 4 Model B:lle \u2022 RaspberryPi.dk","isPartOf":{"@id":"https:\/\/raspberrypi.dk\/fi\/#website"},"primaryImageOfPage":{"@id":"https:\/\/raspberrypi.dk\/fi\/tuote\/highpi-pro-case-raspberry-pi-4-model-blle\/#primaryimage"},"image":{"@id":"https:\/\/raspberrypi.dk\/fi\/tuote\/highpi-pro-case-raspberry-pi-4-model-blle\/#primaryimage"},"thumbnailUrl":"https:\/\/raspberrypi.dk\/wp-content\/uploads\/2019\/08\/9060_1__70490.1628022653.gif","datePublished":"2019-08-10T14:25:17+00:00","dateModified":"2025-06-07T15:50:06+00:00","breadcrumb":{"@id":"https:\/\/raspberrypi.dk\/fi\/tuote\/highpi-pro-case-raspberry-pi-4-model-blle\/#breadcrumb"},"inLanguage":"fi","potentialAction":[{"@type":"ReadAction","target":["https:\/\/raspberrypi.dk\/fi\/tuote\/highpi-pro-case-raspberry-pi-4-model-blle\/"]}]},{"@type":"ImageObject","inLanguage":"fi","@id":"https:\/\/raspberrypi.dk\/fi\/tuote\/highpi-pro-case-raspberry-pi-4-model-blle\/#primaryimage","url":"https:\/\/raspberrypi.dk\/wp-content\/uploads\/2019\/08\/9060_1__70490.1628022653.gif","contentUrl":"https:\/\/raspberrypi.dk\/wp-content\/uploads\/2019\/08\/9060_1__70490.1628022653.gif","width":1280,"height":1280,"caption":"highpi pro case pi 4"},{"@type":"BreadcrumbList","@id":"https:\/\/raspberrypi.dk\/fi\/tuote\/highpi-pro-case-raspberry-pi-4-model-blle\/#breadcrumb","itemListElement":[{"@type":"ListItem","position":1,"name":"Hjem","item":"https:\/\/raspberrypi.dk\/fi\/raspberry-pi-verkkokauppa\/"},{"@type":"ListItem","position":2,"name":"Shop","item":"https:\/\/raspberrypi.dk\/fi\/shop-2\/"},{"@type":"ListItem","position":3,"name":"HighPi Pro Case Raspberry Pi 4 Model B:lle"}]},{"@type":"WebSite","@id":"https:\/\/raspberrypi.dk\/fi\/#website","url":"https:\/\/raspberrypi.dk\/fi\/","name":"RaspberryPi.dk","description":"Danmarks f\u00f8rende Raspberry Pi side!","publisher":{"@id":"https:\/\/raspberrypi.dk\/fi\/#organization"},"potentialAction":[{"@type":"SearchAction","target":{"@type":"EntryPoint","urlTemplate":"https:\/\/raspberrypi.dk\/fi\/?s={search_term_string}"},"query-input":{"@type":"PropertyValueSpecification","valueRequired":true,"valueName":"search_term_string"}}],"inLanguage":"fi"},{"@type":"Organization","@id":"https:\/\/raspberrypi.dk\/fi\/#organization","name":"RaspberryPi.dk","url":"https:\/\/raspberrypi.dk\/fi\/","logo":{"@type":"ImageObject","inLanguage":"fi","@id":"https:\/\/raspberrypi.dk\/fi\/#\/schema\/logo\/image\/","url":"https:\/\/raspberrypi.dk\/wp-content\/uploads\/2017\/05\/RaspberryPidk_logo-2.png","contentUrl":"https:\/\/raspberrypi.dk\/wp-content\/uploads\/2017\/05\/RaspberryPidk_logo-2.png","width":470,"height":110,"caption":"RaspberryPi.dk"},"image":{"@id":"https:\/\/raspberrypi.dk\/fi\/#\/schema\/logo\/image\/"},"sameAs":["https:\/\/facebook.com\/RaspberryPiDanmark","https:\/\/x.com\/raspberrypidk","https:\/\/instagram.com\/raspberrypi.dk"]}]}},"_links":{"self":[{"href":"https:\/\/raspberrypi.dk\/fi\/wp-json\/wp\/v2\/product\/221782","targetHints":{"allow":["GET"]}}],"collection":[{"href":"https:\/\/raspberrypi.dk\/fi\/wp-json\/wp\/v2\/product"}],"about":[{"href":"https:\/\/raspberrypi.dk\/fi\/wp-json\/wp\/v2\/types\/product"}],"replies":[{"embeddable":true,"href":"https:\/\/raspberrypi.dk\/fi\/wp-json\/wp\/v2\/comments?post=221782"}],"wp:featuredmedia":[{"embeddable":true,"href":"https:\/\/raspberrypi.dk\/fi\/wp-json\/wp\/v2\/media\/218335"}],"wp:attachment":[{"href":"https:\/\/raspberrypi.dk\/fi\/wp-json\/wp\/v2\/media?parent=221782"}],"wp:term":[{"taxonomy":"product_brand","embeddable":true,"href":"https:\/\/raspberrypi.dk\/fi\/wp-json\/wp\/v2\/product_brand?post=221782"},{"taxonomy":"product_cat","embeddable":true,"href":"https:\/\/raspberrypi.dk\/fi\/wp-json\/wp\/v2\/product_cat?post=221782"},{"taxonomy":"product_tag","embeddable":true,"href":"https:\/\/raspberrypi.dk\/fi\/wp-json\/wp\/v2\/product_tag?post=221782"}],"curies":[{"name":"wp","href":"https:\/\/api.w.org\/{rel}","templated":true}]}}