{"id":221803,"date":"2019-08-07T18:47:44","date_gmt":"2019-08-07T16:47:44","guid":{"rendered":"https:\/\/raspberrypi.dk\/produkt\/otrum-digital-signage-player-kit\/"},"modified":"2025-01-20T09:20:38","modified_gmt":"2025-01-20T08:20:38","slug":"otrum-digital-signage-player-kit","status":"publish","type":"product","link":"https:\/\/raspberrypi.dk\/fi\/tuote\/otrum-digital-signage-player-kit\/","title":{"rendered":"Otrum Digital Signage Player Kit"},"content":{"rendered":"<p>T\u00e4ll\u00e4 setill\u00e4 olet valmis k\u00e4ytt\u00e4m\u00e4\u00e4n Otrumin Digital Signage -ratkaisua. Otrum Digital Signage Player -soittimemme koostuu Flirc hienosta alumiinikotelosta, jossa on my\u00f6s passiivinen j\u00e4\u00e4hdytys Raspberry Pi:lle. Lis\u00e4ksi SD-kortilla on Otrumin ohjelmisto, joten tarvitset vain lisenssin ja olet valmis. SD-kortti on asennettu Raspberry Pi -koteloon ja Pi on asennettu Flirc-koteloon.<\/p>\n<p><strong>Otrum Digital Signage Player sis\u00e4lt\u00e4\u00e4:<\/strong><\/p>\n<ul>\n<li>Raspberry Pi 4 Model B &#8211; 4 Gt<\/li>\n<li>Flirc Raspberry Pi 4 -j\u00e4\u00e4hdytyselementtikotelo<\/li>\n<li>Esiasennettu 16 Gt:n Class 10 Micro SD -kortti \u2013 Otrumin<\/li>\n<li>Digital Signage -ohjelmisto<\/li>\n<li>Virallinen Raspberry Pi USB-C -virtal\u00e4hde &#8211; EU &#8211; 5V 3A &#8211; musta<\/li>\n<li>1 m Micro HDMI &#8211; HDMI-kaapeli &#8211; musta<\/li>\n<\/ul>\n<p><strong>Otrum Digital Signage<\/strong><\/p>\n<p>Otrumin Raspberry Pi -k\u00e4ytt\u00f6iset digitaaliset kylttiratkaisut tarjoavat sinulle tehokkaan viestint\u00e4ty\u00f6kalun! Nyt asennettu yli 600 paikkaan Euroopassa, L\u00e4hi-id\u00e4ss\u00e4, Afrikassa ja Aasiassa. Digitaaliset kyltit on tehty yksinkertaiseksi Otrum Digital Signage Playerilla! Ohjelmisto alkaen 25 \u20ac per pelaaja per kuukausi.<\/p>\n<p>Jokainen Otrum Digital Signage Player on valmiiksi ladattu Otrumin Digital Signage -ohjelmistolla!<\/p>\n<p>Yhdist\u00e4 Raspberry Pis Otrum Cloudiin ottamalla yhteytt\u00e4 Otrumiin osoitteessa <a href=\"mailto:signage@otrum.com\">signage@otrum.com<\/a> tai <a href=\"https:\/\/otrumsignage.com\/\">saadaksesi t\u00e4ydelliset asennusohjeet vierailemalla Otrumilla t\u00e4\u00e4ll\u00e4!<\/a><\/p>\n<p><strong>Huomaa: Jokainen Otrum Digital Signage Player vaatii Otrumin ohjelmiston tilauksen alkaen 25EUR\/kk.<\/strong><\/p>\n<p><strong>Tarjoa ylivertainen tiepalvelu konferenssin osallistujille kokouksen yleiskatsausn\u00e4yt\u00f6ill\u00e4 ja digitaalisilla ovikylteill\u00e4. Pid\u00e4 markkinointiviestisi ajan tasalla kampanjoiden ja tuotekampanjoiden avulla ja hallitse kaikkia n\u00e4ytt\u00f6j\u00e4si ja sis\u00e4lt\u00f6\u00e4si yksinkertaisen verkkoselaimen kautta.<\/strong><\/p>\n<ul>\n<li>Jaa oikea viesti oikeaan aikaan.<\/li>\n<li>K\u00e4yt\u00e4 omaa tuotemerkki\u00e4si.<\/li>\n<li>Vaihtoehdot lentojen saapumiseen\/l\u00e4ht\u00f6\u00f6n, s\u00e4\u00e4- ja Outlook-integraatioon.<\/li>\n<li>Hanki tuloja myynninedist\u00e4miskampanjoiden avulla.<\/li>\n<li>ROI eliminoi tulostuskustannukset.<\/li>\n<li>Ymp\u00e4rist\u00f6yst\u00e4v\u00e4llinen, v\u00e4hent\u00e4\u00e4 paperin kulutusta.<\/li>\n<\/ul>\n<p><strong>Otrum Digital Signage Playerissa on seuraavat toiminnot:<\/strong><\/p>\n<ul>\n<li style=\"list-style-type: none\">\n<ul>\n<li>P\u00e4\u00e4sy CMS:\u00e4\u00e4n, 24\/7\/365\n<ul>\n<li>Lataa, hallinnoi ja ajoita valokuvia, teksti\u00e4 ja videoita verkossa miss\u00e4 tahansa.<\/li>\n<\/ul>\n<\/li>\n<li>Rajoittamattomat kirjautumiset\n<ul>\n<li>Kutsu kollegoita, tavarantoimittajia tai ulkoisia kumppaneita julkaisemaan sis\u00e4lt\u00f6\u00e4 n\u00e4yt\u00f6ill\u00e4si.<\/li>\n<\/ul>\n<\/li>\n<li>Rajoittamaton s\u00e4ilytystila\n<ul>\n<li>Pilvipohjaisen tallennusratkaisun ansiosta sinulla on rajattomasti tallennustilaa videoille ja valokuville.<\/li>\n<\/ul>\n<\/li>\n<li>Suojattu yhteys ja is\u00e4nn\u00f6inti\n<ul>\n<li>Eritt\u00e4in turvallinen ja vakaa palvelu.<br \/>\nkoulutus<\/li>\n<li>V\u00e4himm\u00e4iskoulutus vaaditaan. Saatavilla on asennusopas, k\u00e4ytt\u00f6opas ja online-opetusohjelmat.<\/li>\n<\/ul>\n<\/li>\n<li>Tuki\n<ul>\n<li>Ammattimainen online-tuki mukana kaikkialla Euroopassa, L\u00e4hi-id\u00e4ss\u00e4, Afrikassa ja Aasiassa.<\/li>\n<\/ul>\n<\/li>\n<\/ul>\n<\/li>\n<li>Palvelimen yll\u00e4pito\n<ul>\n<li style=\"list-style-type: none\">\n<ul>\n<li>Hallitaan taustapalvelimia, palvelua, redundanssia ja s\u00e4\u00e4nn\u00f6llisi\u00e4 varmuuskopioita.<\/li>\n<\/ul>\n<\/li>\n<\/ul>\n<\/li>\n<li>Kaikki tulevat ohjelmistop\u00e4ivitykset\n<ul>\n<li>Saat kaikki tulevat ohjelmistop\u00e4ivitykset asennettuna automaattisesti.<\/li>\n<\/ul>\n<\/li>\n<\/ul>\n","protected":false},"excerpt":{"rendered":"<p>Paketti sis\u00e4lt\u00e4\u00e4 alla olevat tuotteet. Koottu ja k\u00e4ytt\u00f6valmis Otrumin Digital Signage -j\u00e4rjestelm\u00e4.<\/p>\n<p><strong>SD-kortti voidaan flash-muistia muilla ohjelmistoilla ilman ongelmia.<\/strong><\/p>\n","protected":false},"featured_media":218351,"comment_status":"open","ping_status":"closed","template":"","meta":[],"product_brand":[],"product_cat":[735],"product_tag":[],"class_list":{"0":"post-221803","1":"product","2":"type-product","3":"status-publish","4":"has-post-thumbnail","6":"product_cat-aloituspaketit-ja-sarjat","8":"first","9":"instock","10":"sale","11":"taxable","12":"shipping-taxable","13":"purchasable","14":"product-type-bundle"},"composite_virtual":false,"composite_layout":"","composite_add_to_cart_form_location":"","composite_editable_in_cart":false,"composite_sold_individually_context":"","composite_shop_price_calc":"","composite_components":[],"composite_scenarios":[],"bundled_by":[],"bundle_stock_status":"instock","bundle_stock_quantity":25,"bundle_virtual":false,"bundle_layout":"default","bundle_add_to_cart_form_location":"default","bundle_editable_in_cart":false,"bundle_sold_individually_context":"product","bundle_item_grouping":"parent","bundle_min_size":"","bundle_max_size":"","bundle_price":{"price":{"min":{"incl_tax":"106.91","excl_tax":"85.528"},"max":{"incl_tax":"106.91","excl_tax":"85.528"}},"regular_price":{"min":{"incl_tax":"110.92","excl_tax":"88.736"},"max":{"incl_tax":"110.92","excl_tax":"88.736"}}},"bundled_items":[{"bundled_item_id":1129,"product_id":220625,"menu_order":0,"quantity_min":1,"quantity_max":1,"quantity_default":1,"priced_individually":false,"shipped_individually":false,"override_title":false,"title":"Otrum Player &#8211; 4 GB","override_description":false,"description":"Otrum Player &#8211; 4 GB","optional":false,"hide_thumbnail":false,"discount":"","override_variations":false,"allowed_variations":[""],"override_default_variation_attributes":false,"default_variation_attributes":[],"single_product_visibility":"visible","cart_visibility":"visible","order_visibility":"visible","single_product_price_visibility":"visible","cart_price_visibility":"visible","order_price_visibility":"visible","stock_status":"in_stock"},{"bundled_item_id":1130,"product_id":221654,"menu_order":1,"quantity_min":1,"quantity_max":1,"quantity_default":1,"priced_individually":false,"shipped_individually":false,"override_title":false,"title":"Official Raspberry Pi Micro HDMI Kabel &#8211; 1m &#8211; Musta","override_description":false,"description":"Official Raspberry Pi Micro HDMI Kabel &#8211; 1m &#8211; Musta","optional":false,"hide_thumbnail":false,"discount":"","override_variations":false,"allowed_variations":[""],"override_default_variation_attributes":false,"default_variation_attributes":[],"single_product_visibility":"visible","cart_visibility":"visible","order_visibility":"visible","single_product_price_visibility":"visible","cart_price_visibility":"visible","order_price_visibility":"visible","stock_status":"in_stock"},{"bundled_item_id":1191,"product_id":221948,"menu_order":1,"quantity_min":1,"quantity_max":1,"quantity_default":1,"priced_individually":false,"shipped_individually":false,"override_title":false,"title":"Official Raspberry Pi 15W USB-C Virtal\u00e4hde \u2013 EU \u2013 5V 3A &#8211; Valkoinen","override_description":false,"description":"Official Raspberry Pi 15W USB-C Virtal\u00e4hde \u2013 EU \u2013 5V 3A &#8211; Valkoinen","optional":false,"hide_thumbnail":false,"discount":"","override_variations":false,"allowed_variations":[""],"override_default_variation_attributes":false,"default_variation_attributes":[],"single_product_visibility":"visible","cart_visibility":"visible","order_visibility":"visible","single_product_price_visibility":"visible","cart_price_visibility":"visible","order_price_visibility":"visible","stock_status":"in_stock"}],"bundle_sell_ids":[],"yoast_head":"<!-- This site is optimized with the Yoast SEO plugin v27.1.1 - https:\/\/yoast.com\/product\/yoast-seo-wordpress\/ -->\n<title>Otrum Digital Signage Player Kit \u2022 RaspberryPi.dk<\/title>\n<meta name=\"robots\" content=\"index, follow, max-snippet:-1, max-image-preview:large, max-video-preview:-1\" \/>\n<link rel=\"canonical\" href=\"https:\/\/raspberrypi.dk\/fi\/tuote\/otrum-digital-signage-player-kit\/\" \/>\n<meta property=\"og:locale\" content=\"fi_FI\" \/>\n<meta property=\"og:type\" content=\"article\" \/>\n<meta property=\"og:title\" content=\"Otrum Digital Signage Player Kit \u2022 RaspberryPi.dk\" \/>\n<meta property=\"og:description\" content=\"Paketti sis\u00e4lt\u00e4\u00e4 alla olevat tuotteet. Koottu ja k\u00e4ytt\u00f6valmis Otrumin Digital Signage -j\u00e4rjestelm\u00e4.  SD-kortti voidaan flash-muistia muilla ohjelmistoilla ilman ongelmia.\" \/>\n<meta property=\"og:url\" content=\"https:\/\/raspberrypi.dk\/fi\/tuote\/otrum-digital-signage-player-kit\/\" \/>\n<meta property=\"og:site_name\" content=\"RaspberryPi.dk\" \/>\n<meta property=\"article:publisher\" content=\"https:\/\/facebook.com\/RaspberryPiDanmark\" \/>\n<meta property=\"article:modified_time\" content=\"2025-01-20T08:20:38+00:00\" \/>\n<meta property=\"og:image\" content=\"https:\/\/raspberrypi.dk\/wp-content\/uploads\/2019\/08\/otrum-digital-signage-afspiller.jpg\" \/>\n\t<meta property=\"og:image:width\" content=\"1024\" \/>\n\t<meta property=\"og:image:height\" content=\"772\" \/>\n\t<meta property=\"og:image:type\" content=\"image\/jpeg\" \/>\n<meta name=\"twitter:card\" content=\"summary_large_image\" \/>\n<meta name=\"twitter:site\" content=\"@raspberrypidk\" \/>\n<meta name=\"twitter:label1\" content=\"Arvioitu lukuaika\" \/>\n\t<meta name=\"twitter:data1\" content=\"2 minuuttia\" \/>\n<script type=\"application\/ld+json\" class=\"yoast-schema-graph\">{\"@context\":\"https:\/\/schema.org\",\"@graph\":[{\"@type\":\"WebPage\",\"@id\":\"https:\/\/raspberrypi.dk\/fi\/tuote\/otrum-digital-signage-player-kit\/\",\"url\":\"https:\/\/raspberrypi.dk\/fi\/tuote\/otrum-digital-signage-player-kit\/\",\"name\":\"Otrum Digital Signage Player Kit \u2022 RaspberryPi.dk\",\"isPartOf\":{\"@id\":\"https:\/\/raspberrypi.dk\/fi\/#website\"},\"primaryImageOfPage\":{\"@id\":\"https:\/\/raspberrypi.dk\/fi\/tuote\/otrum-digital-signage-player-kit\/#primaryimage\"},\"image\":{\"@id\":\"https:\/\/raspberrypi.dk\/fi\/tuote\/otrum-digital-signage-player-kit\/#primaryimage\"},\"thumbnailUrl\":\"https:\/\/raspberrypi.dk\/wp-content\/uploads\/2019\/08\/otrum-digital-signage-afspiller.jpg\",\"datePublished\":\"2019-08-07T16:47:44+00:00\",\"dateModified\":\"2025-01-20T08:20:38+00:00\",\"breadcrumb\":{\"@id\":\"https:\/\/raspberrypi.dk\/fi\/tuote\/otrum-digital-signage-player-kit\/#breadcrumb\"},\"inLanguage\":\"fi\",\"potentialAction\":[{\"@type\":\"ReadAction\",\"target\":[\"https:\/\/raspberrypi.dk\/fi\/tuote\/otrum-digital-signage-player-kit\/\"]}]},{\"@type\":\"ImageObject\",\"inLanguage\":\"fi\",\"@id\":\"https:\/\/raspberrypi.dk\/fi\/tuote\/otrum-digital-signage-player-kit\/#primaryimage\",\"url\":\"https:\/\/raspberrypi.dk\/wp-content\/uploads\/2019\/08\/otrum-digital-signage-afspiller.jpg\",\"contentUrl\":\"https:\/\/raspberrypi.dk\/wp-content\/uploads\/2019\/08\/otrum-digital-signage-afspiller.jpg\",\"width\":1024,\"height\":772,\"caption\":\"otrum digital signage afspiller\"},{\"@type\":\"BreadcrumbList\",\"@id\":\"https:\/\/raspberrypi.dk\/fi\/tuote\/otrum-digital-signage-player-kit\/#breadcrumb\",\"itemListElement\":[{\"@type\":\"ListItem\",\"position\":1,\"name\":\"Hjem\",\"item\":\"https:\/\/raspberrypi.dk\/fi\/raspberry-pi-verkkokauppa\/\"},{\"@type\":\"ListItem\",\"position\":2,\"name\":\"Shop\",\"item\":\"https:\/\/raspberrypi.dk\/fi\/shop-2\/\"},{\"@type\":\"ListItem\",\"position\":3,\"name\":\"Otrum Digital Signage Player Kit\"}]},{\"@type\":\"WebSite\",\"@id\":\"https:\/\/raspberrypi.dk\/fi\/#website\",\"url\":\"https:\/\/raspberrypi.dk\/fi\/\",\"name\":\"RaspberryPi.dk\",\"description\":\"Danmarks f\u00f8rende Raspberry Pi side!\",\"publisher\":{\"@id\":\"https:\/\/raspberrypi.dk\/fi\/#organization\"},\"potentialAction\":[{\"@type\":\"SearchAction\",\"target\":{\"@type\":\"EntryPoint\",\"urlTemplate\":\"https:\/\/raspberrypi.dk\/fi\/?s={search_term_string}\"},\"query-input\":{\"@type\":\"PropertyValueSpecification\",\"valueRequired\":true,\"valueName\":\"search_term_string\"}}],\"inLanguage\":\"fi\"},{\"@type\":\"Organization\",\"@id\":\"https:\/\/raspberrypi.dk\/fi\/#organization\",\"name\":\"RaspberryPi.dk\",\"url\":\"https:\/\/raspberrypi.dk\/fi\/\",\"logo\":{\"@type\":\"ImageObject\",\"inLanguage\":\"fi\",\"@id\":\"https:\/\/raspberrypi.dk\/fi\/#\/schema\/logo\/image\/\",\"url\":\"https:\/\/raspberrypi.dk\/wp-content\/uploads\/2017\/05\/RaspberryPidk_logo-2.png\",\"contentUrl\":\"https:\/\/raspberrypi.dk\/wp-content\/uploads\/2017\/05\/RaspberryPidk_logo-2.png\",\"width\":470,\"height\":110,\"caption\":\"RaspberryPi.dk\"},\"image\":{\"@id\":\"https:\/\/raspberrypi.dk\/fi\/#\/schema\/logo\/image\/\"},\"sameAs\":[\"https:\/\/facebook.com\/RaspberryPiDanmark\",\"https:\/\/x.com\/raspberrypidk\",\"https:\/\/instagram.com\/raspberrypi.dk\"]}]}<\/script>\n<!-- \/ Yoast SEO plugin. -->","yoast_head_json":{"title":"Otrum Digital Signage Player Kit \u2022 RaspberryPi.dk","robots":{"index":"index","follow":"follow","max-snippet":"max-snippet:-1","max-image-preview":"max-image-preview:large","max-video-preview":"max-video-preview:-1"},"canonical":"https:\/\/raspberrypi.dk\/fi\/tuote\/otrum-digital-signage-player-kit\/","og_locale":"fi_FI","og_type":"article","og_title":"Otrum Digital Signage Player Kit \u2022 RaspberryPi.dk","og_description":"Paketti sis\u00e4lt\u00e4\u00e4 alla olevat tuotteet. Koottu ja k\u00e4ytt\u00f6valmis Otrumin Digital Signage -j\u00e4rjestelm\u00e4.  SD-kortti voidaan flash-muistia muilla ohjelmistoilla ilman ongelmia.","og_url":"https:\/\/raspberrypi.dk\/fi\/tuote\/otrum-digital-signage-player-kit\/","og_site_name":"RaspberryPi.dk","article_publisher":"https:\/\/facebook.com\/RaspberryPiDanmark","article_modified_time":"2025-01-20T08:20:38+00:00","og_image":[{"width":1024,"height":772,"url":"https:\/\/raspberrypi.dk\/wp-content\/uploads\/2019\/08\/otrum-digital-signage-afspiller.jpg","type":"image\/jpeg"}],"twitter_card":"summary_large_image","twitter_site":"@raspberrypidk","twitter_misc":{"Arvioitu lukuaika":"2 minuuttia"},"schema":{"@context":"https:\/\/schema.org","@graph":[{"@type":"WebPage","@id":"https:\/\/raspberrypi.dk\/fi\/tuote\/otrum-digital-signage-player-kit\/","url":"https:\/\/raspberrypi.dk\/fi\/tuote\/otrum-digital-signage-player-kit\/","name":"Otrum Digital Signage Player Kit \u2022 RaspberryPi.dk","isPartOf":{"@id":"https:\/\/raspberrypi.dk\/fi\/#website"},"primaryImageOfPage":{"@id":"https:\/\/raspberrypi.dk\/fi\/tuote\/otrum-digital-signage-player-kit\/#primaryimage"},"image":{"@id":"https:\/\/raspberrypi.dk\/fi\/tuote\/otrum-digital-signage-player-kit\/#primaryimage"},"thumbnailUrl":"https:\/\/raspberrypi.dk\/wp-content\/uploads\/2019\/08\/otrum-digital-signage-afspiller.jpg","datePublished":"2019-08-07T16:47:44+00:00","dateModified":"2025-01-20T08:20:38+00:00","breadcrumb":{"@id":"https:\/\/raspberrypi.dk\/fi\/tuote\/otrum-digital-signage-player-kit\/#breadcrumb"},"inLanguage":"fi","potentialAction":[{"@type":"ReadAction","target":["https:\/\/raspberrypi.dk\/fi\/tuote\/otrum-digital-signage-player-kit\/"]}]},{"@type":"ImageObject","inLanguage":"fi","@id":"https:\/\/raspberrypi.dk\/fi\/tuote\/otrum-digital-signage-player-kit\/#primaryimage","url":"https:\/\/raspberrypi.dk\/wp-content\/uploads\/2019\/08\/otrum-digital-signage-afspiller.jpg","contentUrl":"https:\/\/raspberrypi.dk\/wp-content\/uploads\/2019\/08\/otrum-digital-signage-afspiller.jpg","width":1024,"height":772,"caption":"otrum digital signage afspiller"},{"@type":"BreadcrumbList","@id":"https:\/\/raspberrypi.dk\/fi\/tuote\/otrum-digital-signage-player-kit\/#breadcrumb","itemListElement":[{"@type":"ListItem","position":1,"name":"Hjem","item":"https:\/\/raspberrypi.dk\/fi\/raspberry-pi-verkkokauppa\/"},{"@type":"ListItem","position":2,"name":"Shop","item":"https:\/\/raspberrypi.dk\/fi\/shop-2\/"},{"@type":"ListItem","position":3,"name":"Otrum Digital Signage Player Kit"}]},{"@type":"WebSite","@id":"https:\/\/raspberrypi.dk\/fi\/#website","url":"https:\/\/raspberrypi.dk\/fi\/","name":"RaspberryPi.dk","description":"Danmarks f\u00f8rende Raspberry Pi side!","publisher":{"@id":"https:\/\/raspberrypi.dk\/fi\/#organization"},"potentialAction":[{"@type":"SearchAction","target":{"@type":"EntryPoint","urlTemplate":"https:\/\/raspberrypi.dk\/fi\/?s={search_term_string}"},"query-input":{"@type":"PropertyValueSpecification","valueRequired":true,"valueName":"search_term_string"}}],"inLanguage":"fi"},{"@type":"Organization","@id":"https:\/\/raspberrypi.dk\/fi\/#organization","name":"RaspberryPi.dk","url":"https:\/\/raspberrypi.dk\/fi\/","logo":{"@type":"ImageObject","inLanguage":"fi","@id":"https:\/\/raspberrypi.dk\/fi\/#\/schema\/logo\/image\/","url":"https:\/\/raspberrypi.dk\/wp-content\/uploads\/2017\/05\/RaspberryPidk_logo-2.png","contentUrl":"https:\/\/raspberrypi.dk\/wp-content\/uploads\/2017\/05\/RaspberryPidk_logo-2.png","width":470,"height":110,"caption":"RaspberryPi.dk"},"image":{"@id":"https:\/\/raspberrypi.dk\/fi\/#\/schema\/logo\/image\/"},"sameAs":["https:\/\/facebook.com\/RaspberryPiDanmark","https:\/\/x.com\/raspberrypidk","https:\/\/instagram.com\/raspberrypi.dk"]}]}},"_links":{"self":[{"href":"https:\/\/raspberrypi.dk\/fi\/wp-json\/wp\/v2\/product\/221803","targetHints":{"allow":["GET"]}}],"collection":[{"href":"https:\/\/raspberrypi.dk\/fi\/wp-json\/wp\/v2\/product"}],"about":[{"href":"https:\/\/raspberrypi.dk\/fi\/wp-json\/wp\/v2\/types\/product"}],"replies":[{"embeddable":true,"href":"https:\/\/raspberrypi.dk\/fi\/wp-json\/wp\/v2\/comments?post=221803"}],"wp:featuredmedia":[{"embeddable":true,"href":"https:\/\/raspberrypi.dk\/fi\/wp-json\/wp\/v2\/media\/218351"}],"wp:attachment":[{"href":"https:\/\/raspberrypi.dk\/fi\/wp-json\/wp\/v2\/media?parent=221803"}],"wp:term":[{"taxonomy":"product_brand","embeddable":true,"href":"https:\/\/raspberrypi.dk\/fi\/wp-json\/wp\/v2\/product_brand?post=221803"},{"taxonomy":"product_cat","embeddable":true,"href":"https:\/\/raspberrypi.dk\/fi\/wp-json\/wp\/v2\/product_cat?post=221803"},{"taxonomy":"product_tag","embeddable":true,"href":"https:\/\/raspberrypi.dk\/fi\/wp-json\/wp\/v2\/product_tag?post=221803"}],"curies":[{"name":"wp","href":"https:\/\/api.w.org\/{rel}","templated":true}]}}