{"id":221804,"date":"2019-08-07T18:27:32","date_gmt":"2019-08-07T16:27:32","guid":{"rendered":"https:\/\/raspberrypi.dk\/produkt\/16gb-micro-sd-class-a1-otrums-digital-signage\/"},"modified":"2024-04-13T14:18:26","modified_gmt":"2024-04-13T12:18:26","slug":"16gb-micro-sd-class-a1-otrums-digital-signage","status":"publish","type":"product","link":"https:\/\/raspberrypi.dk\/fi\/tuote\/16gb-micro-sd-class-a1-otrums-digital-signage\/","title":{"rendered":"16GB Micro SD &#8211; Class A1 &#8211; Otrum&#8217;s Digital Signage"},"content":{"rendered":"<div id=\"tab-description\" class=\"tab-content\">\n<p>Otrum\u2019s Raspberry Pi powered digital signage solutions provide you with a powerful communication tool! Now installed in over 600 locations in Europe, the Middle East, Africa and Asia, digital signage is made simple with the Otrum Digital Signage Player! Starting at 25\u20ac per player per month,<\/p>\n<p>This SD-card is pre-loaded with Otrum&#8217;s Digital Signage software!<\/p>\n<p>To connect your Raspberry Pi\u2019s to the Otrum Cloud, just let Otrum know by contacting\u00a0<strong><a href=\"https:\/\/otrumsignage.com\/\">signage@otrum.com<\/a><\/strong> or for <strong><a href=\"https:\/\/otrumsignage.com\/\" target=\"_blank\" rel=\"noopener noreferrer\">full set up instructions visit Otrum here<\/a><\/strong>!<\/p>\n<p><strong>Please Note. Each\u00a0Otrum Digital Signage Player\u00a0requires a\u00a0subscription to Otrum&#8217;s software, which starts at 25EUR\/month.<\/strong><\/p>\n<p><span id=\"result_box\" class=\"\" lang=\"da\"><span title=\"The SanDisk 4GB Raspian Lite Pre-Loaded Micro SD Card Features: \u00a0\u00a0\u00a0\u00a0\"><strong>Specs:<\/strong><\/span><\/span><\/p>\n<ul>\n<li><strong><span id=\"result_box\" class=\"\" lang=\"da\"><span title=\"Pre-Loaded with Raspian Lite\">Pr\u00e6installeret med Otrum&#8217;s Digital Signage Software til Pi 3 B+ og tidligere<\/span><\/span><\/strong><\/li>\n<li><span id=\"result_box\" class=\"\" lang=\"da\"><span title=\"Capacity : 4GB \u00a0\u00a0\u00a0\u00a0\">Kapacitet: 16GB<\/span><\/span><\/li>\n<li><span id=\"result_box\" class=\"\" lang=\"da\"><span title=\"Operating Voltage : 2.7 ~ 3.6V \u00a0\u00a0\u00a0\u00a0\">Class: A1<\/span><\/span><\/li>\n<\/ul>\n<p><strong><em>Huomaa. T\u00e4m\u00e4 Micro SD -kortti toimitetaan Micro SD &#8211; SD -sovittimen mukana.<\/em><\/strong><\/p>\n<\/div>\n","protected":false},"excerpt":{"rendered":"<p>T\u00e4m\u00e4 Raspberry Pi:lle tarkoitettu <strong>Micro SD -kortti<\/strong> on <strong>16 GB:n<\/strong> luokan A1 Micro SD -kortti, johon on esiasennettu <strong>Otrumin Digital Signage -ohjelmisto.<\/strong> Valmis k\u00e4ynnistym\u00e4\u00e4n!<\/p>\n<p>Mukana Micro SD-SD -sovitin.<\/p>\n","protected":false},"featured_media":221805,"comment_status":"open","ping_status":"closed","template":"","meta":[],"product_brand":[],"product_cat":[734],"product_tag":[],"class_list":{"0":"post-221804","1":"product","2":"type-product","3":"status-publish","4":"has-post-thumbnail","6":"product_cat-sd-kortit-ja-sovittimet","8":"first","9":"outofstock","10":"taxable","11":"shipping-taxable","12":"purchasable","13":"product-type-simple"},"composite_virtual":false,"composite_layout":"","composite_add_to_cart_form_location":"","composite_editable_in_cart":false,"composite_sold_individually_context":"","composite_shop_price_calc":"","composite_components":[],"composite_scenarios":[],"bundled_by":[],"bundle_stock_status":"outofstock","bundle_stock_quantity":0,"bundle_virtual":false,"bundle_layout":"","bundle_add_to_cart_form_location":"","bundle_editable_in_cart":false,"bundle_sold_individually_context":"","bundle_item_grouping":"","bundle_min_size":"","bundle_max_size":"","bundle_price":[],"bundled_items":[],"bundle_sell_ids":[],"yoast_head":"<!-- This site is optimized with the Yoast SEO plugin v27.1.1 - https:\/\/yoast.com\/product\/yoast-seo-wordpress\/ -->\n<title>16GB Micro SD - Class A1 - Otrum&#039;s Digital Signage \u2022 RaspberryPi.dk<\/title>\n<meta name=\"robots\" content=\"index, follow, max-snippet:-1, max-image-preview:large, max-video-preview:-1\" \/>\n<link rel=\"canonical\" href=\"https:\/\/raspberrypi.dk\/fi\/tuote\/16gb-micro-sd-class-a1-otrums-digital-signage\/\" \/>\n<meta property=\"og:locale\" content=\"fi_FI\" \/>\n<meta property=\"og:type\" content=\"article\" \/>\n<meta property=\"og:title\" content=\"16GB Micro SD - Class A1 - Otrum&#039;s Digital Signage \u2022 RaspberryPi.dk\" \/>\n<meta property=\"og:description\" content=\"T\u00e4m\u00e4 Raspberry Pi:lle tarkoitettu Micro SD -kortti on 16 GB:n luokan A1 Micro SD -kortti, johon on esiasennettu Otrumin Digital Signage -ohjelmisto. Valmis k\u00e4ynnistym\u00e4\u00e4n!  Mukana Micro SD-SD -sovitin.\" \/>\n<meta property=\"og:url\" content=\"https:\/\/raspberrypi.dk\/fi\/tuote\/16gb-micro-sd-class-a1-otrums-digital-signage\/\" \/>\n<meta property=\"og:site_name\" content=\"RaspberryPi.dk\" \/>\n<meta property=\"article:publisher\" content=\"https:\/\/facebook.com\/RaspberryPiDanmark\" \/>\n<meta property=\"article:modified_time\" content=\"2024-04-13T12:18:26+00:00\" \/>\n<meta property=\"og:image\" content=\"https:\/\/raspberrypi.dk\/wp-content\/uploads\/2019\/08\/16-GB-micro-SD-raspberry-pi-otrum.jpg\" \/>\n\t<meta property=\"og:image:width\" content=\"1024\" \/>\n\t<meta property=\"og:image:height\" content=\"1024\" \/>\n\t<meta property=\"og:image:type\" content=\"image\/jpeg\" \/>\n<meta name=\"twitter:card\" content=\"summary_large_image\" \/>\n<meta name=\"twitter:site\" content=\"@raspberrypidk\" \/>\n<meta name=\"twitter:label1\" content=\"Arvioitu lukuaika\" \/>\n\t<meta name=\"twitter:data1\" content=\"1 minuutti\" \/>\n<script type=\"application\/ld+json\" class=\"yoast-schema-graph\">{\"@context\":\"https:\/\/schema.org\",\"@graph\":[{\"@type\":\"WebPage\",\"@id\":\"https:\/\/raspberrypi.dk\/fi\/tuote\/16gb-micro-sd-class-a1-otrums-digital-signage\/\",\"url\":\"https:\/\/raspberrypi.dk\/fi\/tuote\/16gb-micro-sd-class-a1-otrums-digital-signage\/\",\"name\":\"16GB Micro SD - Class A1 - Otrum's Digital Signage \u2022 RaspberryPi.dk\",\"isPartOf\":{\"@id\":\"https:\/\/raspberrypi.dk\/fi\/#website\"},\"primaryImageOfPage\":{\"@id\":\"https:\/\/raspberrypi.dk\/fi\/tuote\/16gb-micro-sd-class-a1-otrums-digital-signage\/#primaryimage\"},\"image\":{\"@id\":\"https:\/\/raspberrypi.dk\/fi\/tuote\/16gb-micro-sd-class-a1-otrums-digital-signage\/#primaryimage\"},\"thumbnailUrl\":\"https:\/\/raspberrypi.dk\/wp-content\/uploads\/2019\/08\/16-GB-micro-SD-raspberry-pi-otrum.jpg\",\"datePublished\":\"2019-08-07T16:27:32+00:00\",\"dateModified\":\"2024-04-13T12:18:26+00:00\",\"breadcrumb\":{\"@id\":\"https:\/\/raspberrypi.dk\/fi\/tuote\/16gb-micro-sd-class-a1-otrums-digital-signage\/#breadcrumb\"},\"inLanguage\":\"fi\",\"potentialAction\":[{\"@type\":\"ReadAction\",\"target\":[\"https:\/\/raspberrypi.dk\/fi\/tuote\/16gb-micro-sd-class-a1-otrums-digital-signage\/\"]}]},{\"@type\":\"ImageObject\",\"inLanguage\":\"fi\",\"@id\":\"https:\/\/raspberrypi.dk\/fi\/tuote\/16gb-micro-sd-class-a1-otrums-digital-signage\/#primaryimage\",\"url\":\"https:\/\/raspberrypi.dk\/wp-content\/uploads\/2019\/08\/16-GB-micro-SD-raspberry-pi-otrum.jpg\",\"contentUrl\":\"https:\/\/raspberrypi.dk\/wp-content\/uploads\/2019\/08\/16-GB-micro-SD-raspberry-pi-otrum.jpg\",\"width\":1024,\"height\":1024},{\"@type\":\"BreadcrumbList\",\"@id\":\"https:\/\/raspberrypi.dk\/fi\/tuote\/16gb-micro-sd-class-a1-otrums-digital-signage\/#breadcrumb\",\"itemListElement\":[{\"@type\":\"ListItem\",\"position\":1,\"name\":\"Hjem\",\"item\":\"https:\/\/raspberrypi.dk\/fi\/raspberry-pi-verkkokauppa\/\"},{\"@type\":\"ListItem\",\"position\":2,\"name\":\"Shop\",\"item\":\"https:\/\/raspberrypi.dk\/fi\/shop-2\/\"},{\"@type\":\"ListItem\",\"position\":3,\"name\":\"16GB Micro SD &#8211; Class A1 &#8211; Otrum&#8217;s Digital Signage\"}]},{\"@type\":\"WebSite\",\"@id\":\"https:\/\/raspberrypi.dk\/fi\/#website\",\"url\":\"https:\/\/raspberrypi.dk\/fi\/\",\"name\":\"RaspberryPi.dk\",\"description\":\"Danmarks f\u00f8rende Raspberry Pi side!\",\"publisher\":{\"@id\":\"https:\/\/raspberrypi.dk\/fi\/#organization\"},\"potentialAction\":[{\"@type\":\"SearchAction\",\"target\":{\"@type\":\"EntryPoint\",\"urlTemplate\":\"https:\/\/raspberrypi.dk\/fi\/?s={search_term_string}\"},\"query-input\":{\"@type\":\"PropertyValueSpecification\",\"valueRequired\":true,\"valueName\":\"search_term_string\"}}],\"inLanguage\":\"fi\"},{\"@type\":\"Organization\",\"@id\":\"https:\/\/raspberrypi.dk\/fi\/#organization\",\"name\":\"RaspberryPi.dk\",\"url\":\"https:\/\/raspberrypi.dk\/fi\/\",\"logo\":{\"@type\":\"ImageObject\",\"inLanguage\":\"fi\",\"@id\":\"https:\/\/raspberrypi.dk\/fi\/#\/schema\/logo\/image\/\",\"url\":\"https:\/\/raspberrypi.dk\/wp-content\/uploads\/2017\/05\/RaspberryPidk_logo-2.png\",\"contentUrl\":\"https:\/\/raspberrypi.dk\/wp-content\/uploads\/2017\/05\/RaspberryPidk_logo-2.png\",\"width\":470,\"height\":110,\"caption\":\"RaspberryPi.dk\"},\"image\":{\"@id\":\"https:\/\/raspberrypi.dk\/fi\/#\/schema\/logo\/image\/\"},\"sameAs\":[\"https:\/\/facebook.com\/RaspberryPiDanmark\",\"https:\/\/x.com\/raspberrypidk\",\"https:\/\/instagram.com\/raspberrypi.dk\"]}]}<\/script>\n<!-- \/ Yoast SEO plugin. -->","yoast_head_json":{"title":"16GB Micro SD - Class A1 - Otrum's Digital Signage \u2022 RaspberryPi.dk","robots":{"index":"index","follow":"follow","max-snippet":"max-snippet:-1","max-image-preview":"max-image-preview:large","max-video-preview":"max-video-preview:-1"},"canonical":"https:\/\/raspberrypi.dk\/fi\/tuote\/16gb-micro-sd-class-a1-otrums-digital-signage\/","og_locale":"fi_FI","og_type":"article","og_title":"16GB Micro SD - Class A1 - Otrum's Digital Signage \u2022 RaspberryPi.dk","og_description":"T\u00e4m\u00e4 Raspberry Pi:lle tarkoitettu Micro SD -kortti on 16 GB:n luokan A1 Micro SD -kortti, johon on esiasennettu Otrumin Digital Signage -ohjelmisto. Valmis k\u00e4ynnistym\u00e4\u00e4n!  Mukana Micro SD-SD -sovitin.","og_url":"https:\/\/raspberrypi.dk\/fi\/tuote\/16gb-micro-sd-class-a1-otrums-digital-signage\/","og_site_name":"RaspberryPi.dk","article_publisher":"https:\/\/facebook.com\/RaspberryPiDanmark","article_modified_time":"2024-04-13T12:18:26+00:00","og_image":[{"width":1024,"height":1024,"url":"https:\/\/raspberrypi.dk\/wp-content\/uploads\/2019\/08\/16-GB-micro-SD-raspberry-pi-otrum.jpg","type":"image\/jpeg"}],"twitter_card":"summary_large_image","twitter_site":"@raspberrypidk","twitter_misc":{"Arvioitu lukuaika":"1 minuutti"},"schema":{"@context":"https:\/\/schema.org","@graph":[{"@type":"WebPage","@id":"https:\/\/raspberrypi.dk\/fi\/tuote\/16gb-micro-sd-class-a1-otrums-digital-signage\/","url":"https:\/\/raspberrypi.dk\/fi\/tuote\/16gb-micro-sd-class-a1-otrums-digital-signage\/","name":"16GB Micro SD - Class A1 - Otrum's Digital Signage \u2022 RaspberryPi.dk","isPartOf":{"@id":"https:\/\/raspberrypi.dk\/fi\/#website"},"primaryImageOfPage":{"@id":"https:\/\/raspberrypi.dk\/fi\/tuote\/16gb-micro-sd-class-a1-otrums-digital-signage\/#primaryimage"},"image":{"@id":"https:\/\/raspberrypi.dk\/fi\/tuote\/16gb-micro-sd-class-a1-otrums-digital-signage\/#primaryimage"},"thumbnailUrl":"https:\/\/raspberrypi.dk\/wp-content\/uploads\/2019\/08\/16-GB-micro-SD-raspberry-pi-otrum.jpg","datePublished":"2019-08-07T16:27:32+00:00","dateModified":"2024-04-13T12:18:26+00:00","breadcrumb":{"@id":"https:\/\/raspberrypi.dk\/fi\/tuote\/16gb-micro-sd-class-a1-otrums-digital-signage\/#breadcrumb"},"inLanguage":"fi","potentialAction":[{"@type":"ReadAction","target":["https:\/\/raspberrypi.dk\/fi\/tuote\/16gb-micro-sd-class-a1-otrums-digital-signage\/"]}]},{"@type":"ImageObject","inLanguage":"fi","@id":"https:\/\/raspberrypi.dk\/fi\/tuote\/16gb-micro-sd-class-a1-otrums-digital-signage\/#primaryimage","url":"https:\/\/raspberrypi.dk\/wp-content\/uploads\/2019\/08\/16-GB-micro-SD-raspberry-pi-otrum.jpg","contentUrl":"https:\/\/raspberrypi.dk\/wp-content\/uploads\/2019\/08\/16-GB-micro-SD-raspberry-pi-otrum.jpg","width":1024,"height":1024},{"@type":"BreadcrumbList","@id":"https:\/\/raspberrypi.dk\/fi\/tuote\/16gb-micro-sd-class-a1-otrums-digital-signage\/#breadcrumb","itemListElement":[{"@type":"ListItem","position":1,"name":"Hjem","item":"https:\/\/raspberrypi.dk\/fi\/raspberry-pi-verkkokauppa\/"},{"@type":"ListItem","position":2,"name":"Shop","item":"https:\/\/raspberrypi.dk\/fi\/shop-2\/"},{"@type":"ListItem","position":3,"name":"16GB Micro SD &#8211; Class A1 &#8211; Otrum&#8217;s Digital Signage"}]},{"@type":"WebSite","@id":"https:\/\/raspberrypi.dk\/fi\/#website","url":"https:\/\/raspberrypi.dk\/fi\/","name":"RaspberryPi.dk","description":"Danmarks f\u00f8rende Raspberry Pi side!","publisher":{"@id":"https:\/\/raspberrypi.dk\/fi\/#organization"},"potentialAction":[{"@type":"SearchAction","target":{"@type":"EntryPoint","urlTemplate":"https:\/\/raspberrypi.dk\/fi\/?s={search_term_string}"},"query-input":{"@type":"PropertyValueSpecification","valueRequired":true,"valueName":"search_term_string"}}],"inLanguage":"fi"},{"@type":"Organization","@id":"https:\/\/raspberrypi.dk\/fi\/#organization","name":"RaspberryPi.dk","url":"https:\/\/raspberrypi.dk\/fi\/","logo":{"@type":"ImageObject","inLanguage":"fi","@id":"https:\/\/raspberrypi.dk\/fi\/#\/schema\/logo\/image\/","url":"https:\/\/raspberrypi.dk\/wp-content\/uploads\/2017\/05\/RaspberryPidk_logo-2.png","contentUrl":"https:\/\/raspberrypi.dk\/wp-content\/uploads\/2017\/05\/RaspberryPidk_logo-2.png","width":470,"height":110,"caption":"RaspberryPi.dk"},"image":{"@id":"https:\/\/raspberrypi.dk\/fi\/#\/schema\/logo\/image\/"},"sameAs":["https:\/\/facebook.com\/RaspberryPiDanmark","https:\/\/x.com\/raspberrypidk","https:\/\/instagram.com\/raspberrypi.dk"]}]}},"_links":{"self":[{"href":"https:\/\/raspberrypi.dk\/fi\/wp-json\/wp\/v2\/product\/221804","targetHints":{"allow":["GET"]}}],"collection":[{"href":"https:\/\/raspberrypi.dk\/fi\/wp-json\/wp\/v2\/product"}],"about":[{"href":"https:\/\/raspberrypi.dk\/fi\/wp-json\/wp\/v2\/types\/product"}],"replies":[{"embeddable":true,"href":"https:\/\/raspberrypi.dk\/fi\/wp-json\/wp\/v2\/comments?post=221804"}],"wp:featuredmedia":[{"embeddable":true,"href":"https:\/\/raspberrypi.dk\/fi\/wp-json\/wp\/v2\/media\/221805"}],"wp:attachment":[{"href":"https:\/\/raspberrypi.dk\/fi\/wp-json\/wp\/v2\/media?parent=221804"}],"wp:term":[{"taxonomy":"product_brand","embeddable":true,"href":"https:\/\/raspberrypi.dk\/fi\/wp-json\/wp\/v2\/product_brand?post=221804"},{"taxonomy":"product_cat","embeddable":true,"href":"https:\/\/raspberrypi.dk\/fi\/wp-json\/wp\/v2\/product_cat?post=221804"},{"taxonomy":"product_tag","embeddable":true,"href":"https:\/\/raspberrypi.dk\/fi\/wp-json\/wp\/v2\/product_tag?post=221804"}],"curies":[{"name":"wp","href":"https:\/\/api.w.org\/{rel}","templated":true}]}}