{"id":221806,"date":"2019-08-06T15:37:37","date_gmt":"2019-08-06T13:37:37","guid":{"rendered":"https:\/\/raspberrypi.dk\/produkt\/hifiberry-dac-standard-rca\/"},"modified":"2024-04-13T14:19:56","modified_gmt":"2024-04-13T12:19:56","slug":"hifiberry-dac-standard-rca","status":"publish","type":"product","link":"https:\/\/raspberrypi.dk\/fi\/tuote\/hifiberry-dac-standard-rca\/","title":{"rendered":"HiFiBerry DAC+ Standardi \u2013 RCA"},"content":{"rendered":"<p><strong>Toiminnot<\/strong><\/p>\n<ul>\n<li>Suoraan Raspberry Pi -virtal\u00e4hteest\u00e4 &#8211; ei ylim\u00e4\u00e4r\u00e4ist\u00e4 virtal\u00e4hdett\u00e4<\/li>\n<li>Eritt\u00e4in hiljainen j\u00e4nnitteens\u00e4\u00e4din optimaaliseen \u00e4\u00e4nentoistoon<\/li>\n<li>Erillinen 192 kHz \/ 24 bit korkealaatuinen Burr-Brown DAC optimaaliseen \u00e4\u00e4nenlaatuun<\/li>\n<li>Laitteiston \u00e4\u00e4nenvoimakkuuden s\u00e4\u00e4t\u00f6 &#8211; voit ohjata \u00e4\u00e4nenvoimakkuutta &#8221;alsamixer&#8221; -sovelluksella tai mill\u00e4 tahansa ohjelmalla, joka tukee ALSA mikserin s\u00e4\u00e4timi\u00e4<\/li>\n<li>Toimitetaan valmiina sarjana, joka kootaan alle minuutissa &#8211; kytke se vain Raspberry Pi:hen (ei vaadi juottamista)<\/li>\n<li>Yhteensopiva kaikkien Raspberry Pi:iden kanssa 40-nastaisella liittimell\u00e4 (HAT-standardi)<\/li>\n<li>Integroitu EEPROM automaattista konfigurointia varten<\/li>\n<li>Mukana kaikki sen asentamiseen tarvittavat komponentit &#8211; v\u00e4likkeet sis\u00e4ltyv\u00e4t levyn oston yhteydess\u00e4<\/li>\n<\/ul>\n","protected":false},"excerpt":{"rendered":"<div>\n<p id=\"result_box\" class=\"\" lang=\"da\"><strong>HiFiBerry DAC+ med RCA output<\/strong>. T\u00e4m\u00e4 \u00e4\u00e4nikortti tarjoaa korkean resoluution digitaali-analogiamuuntimen. Se voidaan kytke\u00e4 suoraan Raspberry Pi -laitteeseen, se ei vaadi juottamista. Varustettu 192kHz \/ 24bit Burr-Brown digitaali-analogimuuntimella, joka tarjoaa huippuluokan \u00e4\u00e4nenlaadun. Lis\u00e4ostoja, <a href=\"https:\/\/raspberrypi.dk\/fi\/tuote\/highpi-pro-case-raspberry-pi-4-model-blle\/\">jos sellaisia \u200b\u200bon sopiva tapaus.<\/a><\/p>\n<\/div>\n","protected":false},"featured_media":221807,"comment_status":"open","ping_status":"closed","template":"","meta":[],"product_brand":[],"product_cat":[732],"product_tag":[719,718],"class_list":{"0":"post-221806","1":"product","2":"type-product","3":"status-publish","4":"has-post-thumbnail","6":"product_cat-hats-gpio","7":"product_tag-rpi4-fi","8":"product_tag-rpi5-fi","9":"pa_model-dac-fi","11":"first","12":"instock","13":"taxable","14":"shipping-taxable","15":"purchasable","16":"product-type-simple"},"composite_virtual":false,"composite_layout":"","composite_add_to_cart_form_location":"","composite_editable_in_cart":false,"composite_sold_individually_context":"","composite_shop_price_calc":"","composite_components":[],"composite_scenarios":[],"bundled_by":[],"bundle_stock_status":"instock","bundle_stock_quantity":14,"bundle_virtual":false,"bundle_layout":"","bundle_add_to_cart_form_location":"","bundle_editable_in_cart":false,"bundle_sold_individually_context":"","bundle_item_grouping":"","bundle_min_size":"","bundle_max_size":"","bundle_price":[],"bundled_items":[],"bundle_sell_ids":[220735],"yoast_head":"<!-- This site is optimized with the Yoast SEO plugin v27.1.1 - https:\/\/yoast.com\/product\/yoast-seo-wordpress\/ -->\n<title>HiFiBerry DAC+ Standardi \u2013 RCA \u2022 RaspberryPi.dk<\/title>\n<meta name=\"robots\" content=\"index, follow, max-snippet:-1, max-image-preview:large, max-video-preview:-1\" \/>\n<link rel=\"canonical\" href=\"https:\/\/raspberrypi.dk\/fi\/tuote\/hifiberry-dac-standard-rca\/\" \/>\n<meta property=\"og:locale\" content=\"fi_FI\" \/>\n<meta property=\"og:type\" content=\"article\" \/>\n<meta property=\"og:title\" content=\"HiFiBerry DAC+ Standardi \u2013 RCA \u2022 RaspberryPi.dk\" \/>\n<meta property=\"og:description\" content=\"HiFiBerry DAC+ med RCA output. T\u00e4m\u00e4 \u00e4\u00e4nikortti tarjoaa korkean resoluution digitaali-analogiamuuntimen. Se voidaan kytke\u00e4 suoraan Raspberry Pi -laitteeseen, se ei vaadi juottamista. Varustettu 192kHz \/ 24bit Burr-Brown digitaali-analogimuuntimella, joka tarjoaa huippuluokan \u00e4\u00e4nenlaadun. Lis\u00e4ostoja, jos sellaisia \u200b\u200bon sopiva tapaus.\" \/>\n<meta property=\"og:url\" content=\"https:\/\/raspberrypi.dk\/fi\/tuote\/hifiberry-dac-standard-rca\/\" \/>\n<meta property=\"og:site_name\" content=\"RaspberryPi.dk\" \/>\n<meta property=\"article:publisher\" content=\"https:\/\/facebook.com\/RaspberryPiDanmark\" \/>\n<meta property=\"article:modified_time\" content=\"2024-04-13T12:19:56+00:00\" \/>\n<meta property=\"og:image\" content=\"https:\/\/raspberrypi.dk\/wp-content\/uploads\/2017\/03\/hifiberry-dac-standard-rca.png\" \/>\n\t<meta property=\"og:image:width\" content=\"500\" \/>\n\t<meta property=\"og:image:height\" content=\"500\" \/>\n\t<meta property=\"og:image:type\" content=\"image\/png\" \/>\n<meta name=\"twitter:card\" content=\"summary_large_image\" \/>\n<meta name=\"twitter:site\" content=\"@raspberrypidk\" \/>\n<meta name=\"twitter:label1\" content=\"Arvioitu lukuaika\" \/>\n\t<meta name=\"twitter:data1\" content=\"1 minuutti\" \/>\n<script type=\"application\/ld+json\" class=\"yoast-schema-graph\">{\"@context\":\"https:\/\/schema.org\",\"@graph\":[{\"@type\":\"WebPage\",\"@id\":\"https:\/\/raspberrypi.dk\/fi\/tuote\/hifiberry-dac-standard-rca\/\",\"url\":\"https:\/\/raspberrypi.dk\/fi\/tuote\/hifiberry-dac-standard-rca\/\",\"name\":\"HiFiBerry DAC+ Standardi \u2013 RCA \u2022 RaspberryPi.dk\",\"isPartOf\":{\"@id\":\"https:\/\/raspberrypi.dk\/fi\/#website\"},\"primaryImageOfPage\":{\"@id\":\"https:\/\/raspberrypi.dk\/fi\/tuote\/hifiberry-dac-standard-rca\/#primaryimage\"},\"image\":{\"@id\":\"https:\/\/raspberrypi.dk\/fi\/tuote\/hifiberry-dac-standard-rca\/#primaryimage\"},\"thumbnailUrl\":\"https:\/\/raspberrypi.dk\/wp-content\/uploads\/2017\/03\/hifiberry-dac-standard-rca.png\",\"datePublished\":\"2019-08-06T13:37:37+00:00\",\"dateModified\":\"2024-04-13T12:19:56+00:00\",\"breadcrumb\":{\"@id\":\"https:\/\/raspberrypi.dk\/fi\/tuote\/hifiberry-dac-standard-rca\/#breadcrumb\"},\"inLanguage\":\"fi\",\"potentialAction\":[{\"@type\":\"ReadAction\",\"target\":[\"https:\/\/raspberrypi.dk\/fi\/tuote\/hifiberry-dac-standard-rca\/\"]}]},{\"@type\":\"ImageObject\",\"inLanguage\":\"fi\",\"@id\":\"https:\/\/raspberrypi.dk\/fi\/tuote\/hifiberry-dac-standard-rca\/#primaryimage\",\"url\":\"https:\/\/raspberrypi.dk\/wp-content\/uploads\/2017\/03\/hifiberry-dac-standard-rca.png\",\"contentUrl\":\"https:\/\/raspberrypi.dk\/wp-content\/uploads\/2017\/03\/hifiberry-dac-standard-rca.png\",\"width\":500,\"height\":500,\"caption\":\"hifiberry dac+ standard rca \u00e4\u00e4nikortti\"},{\"@type\":\"BreadcrumbList\",\"@id\":\"https:\/\/raspberrypi.dk\/fi\/tuote\/hifiberry-dac-standard-rca\/#breadcrumb\",\"itemListElement\":[{\"@type\":\"ListItem\",\"position\":1,\"name\":\"Hjem\",\"item\":\"https:\/\/raspberrypi.dk\/fi\/raspberry-pi-verkkokauppa\/\"},{\"@type\":\"ListItem\",\"position\":2,\"name\":\"Shop\",\"item\":\"https:\/\/raspberrypi.dk\/fi\/shop-2\/\"},{\"@type\":\"ListItem\",\"position\":3,\"name\":\"HiFiBerry DAC+ Standardi \u2013 RCA\"}]},{\"@type\":\"WebSite\",\"@id\":\"https:\/\/raspberrypi.dk\/fi\/#website\",\"url\":\"https:\/\/raspberrypi.dk\/fi\/\",\"name\":\"RaspberryPi.dk\",\"description\":\"Danmarks f\u00f8rende Raspberry Pi side!\",\"publisher\":{\"@id\":\"https:\/\/raspberrypi.dk\/fi\/#organization\"},\"potentialAction\":[{\"@type\":\"SearchAction\",\"target\":{\"@type\":\"EntryPoint\",\"urlTemplate\":\"https:\/\/raspberrypi.dk\/fi\/?s={search_term_string}\"},\"query-input\":{\"@type\":\"PropertyValueSpecification\",\"valueRequired\":true,\"valueName\":\"search_term_string\"}}],\"inLanguage\":\"fi\"},{\"@type\":\"Organization\",\"@id\":\"https:\/\/raspberrypi.dk\/fi\/#organization\",\"name\":\"RaspberryPi.dk\",\"url\":\"https:\/\/raspberrypi.dk\/fi\/\",\"logo\":{\"@type\":\"ImageObject\",\"inLanguage\":\"fi\",\"@id\":\"https:\/\/raspberrypi.dk\/fi\/#\/schema\/logo\/image\/\",\"url\":\"https:\/\/raspberrypi.dk\/wp-content\/uploads\/2017\/05\/RaspberryPidk_logo-2.png\",\"contentUrl\":\"https:\/\/raspberrypi.dk\/wp-content\/uploads\/2017\/05\/RaspberryPidk_logo-2.png\",\"width\":470,\"height\":110,\"caption\":\"RaspberryPi.dk\"},\"image\":{\"@id\":\"https:\/\/raspberrypi.dk\/fi\/#\/schema\/logo\/image\/\"},\"sameAs\":[\"https:\/\/facebook.com\/RaspberryPiDanmark\",\"https:\/\/x.com\/raspberrypidk\",\"https:\/\/instagram.com\/raspberrypi.dk\"]}]}<\/script>\n<!-- \/ Yoast SEO plugin. -->","yoast_head_json":{"title":"HiFiBerry DAC+ Standardi \u2013 RCA \u2022 RaspberryPi.dk","robots":{"index":"index","follow":"follow","max-snippet":"max-snippet:-1","max-image-preview":"max-image-preview:large","max-video-preview":"max-video-preview:-1"},"canonical":"https:\/\/raspberrypi.dk\/fi\/tuote\/hifiberry-dac-standard-rca\/","og_locale":"fi_FI","og_type":"article","og_title":"HiFiBerry DAC+ Standardi \u2013 RCA \u2022 RaspberryPi.dk","og_description":"HiFiBerry DAC+ med RCA output. T\u00e4m\u00e4 \u00e4\u00e4nikortti tarjoaa korkean resoluution digitaali-analogiamuuntimen. Se voidaan kytke\u00e4 suoraan Raspberry Pi -laitteeseen, se ei vaadi juottamista. Varustettu 192kHz \/ 24bit Burr-Brown digitaali-analogimuuntimella, joka tarjoaa huippuluokan \u00e4\u00e4nenlaadun. Lis\u00e4ostoja, jos sellaisia \u200b\u200bon sopiva tapaus.","og_url":"https:\/\/raspberrypi.dk\/fi\/tuote\/hifiberry-dac-standard-rca\/","og_site_name":"RaspberryPi.dk","article_publisher":"https:\/\/facebook.com\/RaspberryPiDanmark","article_modified_time":"2024-04-13T12:19:56+00:00","og_image":[{"width":500,"height":500,"url":"https:\/\/raspberrypi.dk\/wp-content\/uploads\/2017\/03\/hifiberry-dac-standard-rca.png","type":"image\/png"}],"twitter_card":"summary_large_image","twitter_site":"@raspberrypidk","twitter_misc":{"Arvioitu lukuaika":"1 minuutti"},"schema":{"@context":"https:\/\/schema.org","@graph":[{"@type":"WebPage","@id":"https:\/\/raspberrypi.dk\/fi\/tuote\/hifiberry-dac-standard-rca\/","url":"https:\/\/raspberrypi.dk\/fi\/tuote\/hifiberry-dac-standard-rca\/","name":"HiFiBerry DAC+ Standardi \u2013 RCA \u2022 RaspberryPi.dk","isPartOf":{"@id":"https:\/\/raspberrypi.dk\/fi\/#website"},"primaryImageOfPage":{"@id":"https:\/\/raspberrypi.dk\/fi\/tuote\/hifiberry-dac-standard-rca\/#primaryimage"},"image":{"@id":"https:\/\/raspberrypi.dk\/fi\/tuote\/hifiberry-dac-standard-rca\/#primaryimage"},"thumbnailUrl":"https:\/\/raspberrypi.dk\/wp-content\/uploads\/2017\/03\/hifiberry-dac-standard-rca.png","datePublished":"2019-08-06T13:37:37+00:00","dateModified":"2024-04-13T12:19:56+00:00","breadcrumb":{"@id":"https:\/\/raspberrypi.dk\/fi\/tuote\/hifiberry-dac-standard-rca\/#breadcrumb"},"inLanguage":"fi","potentialAction":[{"@type":"ReadAction","target":["https:\/\/raspberrypi.dk\/fi\/tuote\/hifiberry-dac-standard-rca\/"]}]},{"@type":"ImageObject","inLanguage":"fi","@id":"https:\/\/raspberrypi.dk\/fi\/tuote\/hifiberry-dac-standard-rca\/#primaryimage","url":"https:\/\/raspberrypi.dk\/wp-content\/uploads\/2017\/03\/hifiberry-dac-standard-rca.png","contentUrl":"https:\/\/raspberrypi.dk\/wp-content\/uploads\/2017\/03\/hifiberry-dac-standard-rca.png","width":500,"height":500,"caption":"hifiberry dac+ standard rca \u00e4\u00e4nikortti"},{"@type":"BreadcrumbList","@id":"https:\/\/raspberrypi.dk\/fi\/tuote\/hifiberry-dac-standard-rca\/#breadcrumb","itemListElement":[{"@type":"ListItem","position":1,"name":"Hjem","item":"https:\/\/raspberrypi.dk\/fi\/raspberry-pi-verkkokauppa\/"},{"@type":"ListItem","position":2,"name":"Shop","item":"https:\/\/raspberrypi.dk\/fi\/shop-2\/"},{"@type":"ListItem","position":3,"name":"HiFiBerry DAC+ Standardi \u2013 RCA"}]},{"@type":"WebSite","@id":"https:\/\/raspberrypi.dk\/fi\/#website","url":"https:\/\/raspberrypi.dk\/fi\/","name":"RaspberryPi.dk","description":"Danmarks f\u00f8rende Raspberry Pi side!","publisher":{"@id":"https:\/\/raspberrypi.dk\/fi\/#organization"},"potentialAction":[{"@type":"SearchAction","target":{"@type":"EntryPoint","urlTemplate":"https:\/\/raspberrypi.dk\/fi\/?s={search_term_string}"},"query-input":{"@type":"PropertyValueSpecification","valueRequired":true,"valueName":"search_term_string"}}],"inLanguage":"fi"},{"@type":"Organization","@id":"https:\/\/raspberrypi.dk\/fi\/#organization","name":"RaspberryPi.dk","url":"https:\/\/raspberrypi.dk\/fi\/","logo":{"@type":"ImageObject","inLanguage":"fi","@id":"https:\/\/raspberrypi.dk\/fi\/#\/schema\/logo\/image\/","url":"https:\/\/raspberrypi.dk\/wp-content\/uploads\/2017\/05\/RaspberryPidk_logo-2.png","contentUrl":"https:\/\/raspberrypi.dk\/wp-content\/uploads\/2017\/05\/RaspberryPidk_logo-2.png","width":470,"height":110,"caption":"RaspberryPi.dk"},"image":{"@id":"https:\/\/raspberrypi.dk\/fi\/#\/schema\/logo\/image\/"},"sameAs":["https:\/\/facebook.com\/RaspberryPiDanmark","https:\/\/x.com\/raspberrypidk","https:\/\/instagram.com\/raspberrypi.dk"]}]}},"_links":{"self":[{"href":"https:\/\/raspberrypi.dk\/fi\/wp-json\/wp\/v2\/product\/221806","targetHints":{"allow":["GET"]}}],"collection":[{"href":"https:\/\/raspberrypi.dk\/fi\/wp-json\/wp\/v2\/product"}],"about":[{"href":"https:\/\/raspberrypi.dk\/fi\/wp-json\/wp\/v2\/types\/product"}],"replies":[{"embeddable":true,"href":"https:\/\/raspberrypi.dk\/fi\/wp-json\/wp\/v2\/comments?post=221806"}],"wp:featuredmedia":[{"embeddable":true,"href":"https:\/\/raspberrypi.dk\/fi\/wp-json\/wp\/v2\/media\/221807"}],"wp:attachment":[{"href":"https:\/\/raspberrypi.dk\/fi\/wp-json\/wp\/v2\/media?parent=221806"}],"wp:term":[{"taxonomy":"product_brand","embeddable":true,"href":"https:\/\/raspberrypi.dk\/fi\/wp-json\/wp\/v2\/product_brand?post=221806"},{"taxonomy":"product_cat","embeddable":true,"href":"https:\/\/raspberrypi.dk\/fi\/wp-json\/wp\/v2\/product_cat?post=221806"},{"taxonomy":"product_tag","embeddable":true,"href":"https:\/\/raspberrypi.dk\/fi\/wp-json\/wp\/v2\/product_tag?post=221806"}],"curies":[{"name":"wp","href":"https:\/\/api.w.org\/{rel}","templated":true}]}}