{"id":221809,"date":"2019-08-06T15:30:06","date_gmt":"2019-08-06T13:30:06","guid":{"rendered":"https:\/\/raspberrypi.dk\/produkt\/2-stk-aaa-paristot-alkaline-15v-11ah\/"},"modified":"2024-04-13T14:21:11","modified_gmt":"2024-04-13T12:21:11","slug":"2-stk-aaa-paristot-alkaline-15v-11ah","status":"publish","type":"product","link":"https:\/\/raspberrypi.dk\/fi\/tuote\/2-stk-aaa-paristot-alkaline-15v-11ah\/","title":{"rendered":"2 stk. AAA-paristot &#8211; Alkaline &#8211; 1,5V &#8211; 1,1Ah"},"content":{"rendered":"<p><strong>Tekniset tiedot:<\/strong><\/p>\n<ul>\n<li>Pro-Elec Ultra Alkaline<\/li>\n<li>Ei ladattava, elohopea- ja kadmiumiton<\/li>\n<li>5 vuoden s\u00e4ilyvyys<\/li>\n<li>1,5V<\/li>\n<li>1,1 Ah<\/li>\n<li>Paino: 12g<\/li>\n<li>Korostettu positiivinen ja tasainen negatiivinen<\/li>\n<\/ul>\n<p><strong>Sis\u00e4lt\u00e4\u00e4:<\/strong><\/p>\n<ul>\n<li>2 kpl. AAA paristot<\/li>\n<\/ul>\n","protected":false},"excerpt":{"rendered":"<p><strong>2 stk. AAA Alkaline <\/strong>paristot. Tarjoaa pitk\u00e4kestoista, luotettavaa tehoa monenlaisiin sovelluksiin.<\/p>\n<p>T\u00e4m\u00e4 tuote sis\u00e4ltyy meid\u00e4n\u00a0<a href=\"https:\/\/raspberrypi.dk\/produkt\/bbc-microbit-starter-kit\/\">micro:bit starter kit<\/a>.<\/p>\n","protected":false},"featured_media":221810,"comment_status":"open","ping_status":"closed","template":"","meta":[],"product_brand":[],"product_cat":[732,731],"product_tag":[],"class_list":{"0":"post-221809","1":"product","2":"type-product","3":"status-publish","4":"has-post-thumbnail","6":"product_cat-hats-gpio","7":"product_cat-raspberry-pi-virtalaehteet","9":"first","10":"instock","11":"sale","12":"taxable","13":"shipping-taxable","14":"purchasable","15":"product-type-simple"},"composite_virtual":false,"composite_layout":"","composite_add_to_cart_form_location":"","composite_editable_in_cart":false,"composite_sold_individually_context":"","composite_shop_price_calc":"","composite_components":[],"composite_scenarios":[],"bundled_by":["220670"],"bundle_stock_status":"instock","bundle_stock_quantity":17,"bundle_virtual":false,"bundle_layout":"","bundle_add_to_cart_form_location":"","bundle_editable_in_cart":false,"bundle_sold_individually_context":"","bundle_item_grouping":"","bundle_min_size":"","bundle_max_size":"","bundle_price":[],"bundled_items":[],"bundle_sell_ids":[],"yoast_head":"<!-- This site is optimized with the Yoast SEO plugin v27.1.1 - https:\/\/yoast.com\/product\/yoast-seo-wordpress\/ -->\n<title>2 stk. AAA-paristot - Alkaline - 1,5V - 1,1Ah \u2022 RaspberryPi.dk<\/title>\n<meta name=\"robots\" content=\"index, follow, max-snippet:-1, max-image-preview:large, max-video-preview:-1\" \/>\n<link rel=\"canonical\" href=\"https:\/\/raspberrypi.dk\/fi\/tuote\/2-stk-aaa-paristot-alkaline-15v-11ah\/\" \/>\n<meta property=\"og:locale\" content=\"fi_FI\" \/>\n<meta property=\"og:type\" content=\"article\" \/>\n<meta property=\"og:title\" content=\"2 stk. AAA-paristot - Alkaline - 1,5V - 1,1Ah \u2022 RaspberryPi.dk\" \/>\n<meta property=\"og:description\" content=\"2 stk. AAA Alkaline paristot. Tarjoaa pitk\u00e4kestoista, luotettavaa tehoa monenlaisiin sovelluksiin.  T\u00e4m\u00e4 tuote sis\u00e4ltyy meid\u00e4n\u00a0micro:bit starter kit.\" \/>\n<meta property=\"og:url\" content=\"https:\/\/raspberrypi.dk\/fi\/tuote\/2-stk-aaa-paristot-alkaline-15v-11ah\/\" \/>\n<meta property=\"og:site_name\" content=\"RaspberryPi.dk\" \/>\n<meta property=\"article:publisher\" content=\"https:\/\/facebook.com\/RaspberryPiDanmark\" \/>\n<meta property=\"article:modified_time\" content=\"2024-04-13T12:21:11+00:00\" \/>\n<meta property=\"og:image\" content=\"https:\/\/raspberrypi.dk\/wp-content\/uploads\/2018\/10\/aaa-batteri-microbit.png\" \/>\n\t<meta property=\"og:image:width\" content=\"496\" \/>\n\t<meta property=\"og:image:height\" content=\"482\" \/>\n\t<meta property=\"og:image:type\" content=\"image\/png\" \/>\n<meta name=\"twitter:card\" content=\"summary_large_image\" \/>\n<meta name=\"twitter:site\" content=\"@raspberrypidk\" \/>\n<meta name=\"twitter:label1\" content=\"Arvioitu lukuaika\" \/>\n\t<meta name=\"twitter:data1\" content=\"1 minuutti\" \/>\n<script type=\"application\/ld+json\" class=\"yoast-schema-graph\">{\"@context\":\"https:\/\/schema.org\",\"@graph\":[{\"@type\":\"WebPage\",\"@id\":\"https:\/\/raspberrypi.dk\/fi\/tuote\/2-stk-aaa-paristot-alkaline-15v-11ah\/\",\"url\":\"https:\/\/raspberrypi.dk\/fi\/tuote\/2-stk-aaa-paristot-alkaline-15v-11ah\/\",\"name\":\"2 stk. AAA-paristot - Alkaline - 1,5V - 1,1Ah \u2022 RaspberryPi.dk\",\"isPartOf\":{\"@id\":\"https:\/\/raspberrypi.dk\/fi\/#website\"},\"primaryImageOfPage\":{\"@id\":\"https:\/\/raspberrypi.dk\/fi\/tuote\/2-stk-aaa-paristot-alkaline-15v-11ah\/#primaryimage\"},\"image\":{\"@id\":\"https:\/\/raspberrypi.dk\/fi\/tuote\/2-stk-aaa-paristot-alkaline-15v-11ah\/#primaryimage\"},\"thumbnailUrl\":\"https:\/\/raspberrypi.dk\/wp-content\/uploads\/2018\/10\/aaa-batteri-microbit.png\",\"datePublished\":\"2019-08-06T13:30:06+00:00\",\"dateModified\":\"2024-04-13T12:21:11+00:00\",\"breadcrumb\":{\"@id\":\"https:\/\/raspberrypi.dk\/fi\/tuote\/2-stk-aaa-paristot-alkaline-15v-11ah\/#breadcrumb\"},\"inLanguage\":\"fi\",\"potentialAction\":[{\"@type\":\"ReadAction\",\"target\":[\"https:\/\/raspberrypi.dk\/fi\/tuote\/2-stk-aaa-paristot-alkaline-15v-11ah\/\"]}]},{\"@type\":\"ImageObject\",\"inLanguage\":\"fi\",\"@id\":\"https:\/\/raspberrypi.dk\/fi\/tuote\/2-stk-aaa-paristot-alkaline-15v-11ah\/#primaryimage\",\"url\":\"https:\/\/raspberrypi.dk\/wp-content\/uploads\/2018\/10\/aaa-batteri-microbit.png\",\"contentUrl\":\"https:\/\/raspberrypi.dk\/wp-content\/uploads\/2018\/10\/aaa-batteri-microbit.png\",\"width\":496,\"height\":482},{\"@type\":\"BreadcrumbList\",\"@id\":\"https:\/\/raspberrypi.dk\/fi\/tuote\/2-stk-aaa-paristot-alkaline-15v-11ah\/#breadcrumb\",\"itemListElement\":[{\"@type\":\"ListItem\",\"position\":1,\"name\":\"Hjem\",\"item\":\"https:\/\/raspberrypi.dk\/fi\/raspberry-pi-verkkokauppa\/\"},{\"@type\":\"ListItem\",\"position\":2,\"name\":\"Shop\",\"item\":\"https:\/\/raspberrypi.dk\/fi\/shop-2\/\"},{\"@type\":\"ListItem\",\"position\":3,\"name\":\"2 stk. AAA-paristot &#8211; Alkaline &#8211; 1,5V &#8211; 1,1Ah\"}]},{\"@type\":\"WebSite\",\"@id\":\"https:\/\/raspberrypi.dk\/fi\/#website\",\"url\":\"https:\/\/raspberrypi.dk\/fi\/\",\"name\":\"RaspberryPi.dk\",\"description\":\"Danmarks f\u00f8rende Raspberry Pi side!\",\"publisher\":{\"@id\":\"https:\/\/raspberrypi.dk\/fi\/#organization\"},\"potentialAction\":[{\"@type\":\"SearchAction\",\"target\":{\"@type\":\"EntryPoint\",\"urlTemplate\":\"https:\/\/raspberrypi.dk\/fi\/?s={search_term_string}\"},\"query-input\":{\"@type\":\"PropertyValueSpecification\",\"valueRequired\":true,\"valueName\":\"search_term_string\"}}],\"inLanguage\":\"fi\"},{\"@type\":\"Organization\",\"@id\":\"https:\/\/raspberrypi.dk\/fi\/#organization\",\"name\":\"RaspberryPi.dk\",\"url\":\"https:\/\/raspberrypi.dk\/fi\/\",\"logo\":{\"@type\":\"ImageObject\",\"inLanguage\":\"fi\",\"@id\":\"https:\/\/raspberrypi.dk\/fi\/#\/schema\/logo\/image\/\",\"url\":\"https:\/\/raspberrypi.dk\/wp-content\/uploads\/2017\/05\/RaspberryPidk_logo-2.png\",\"contentUrl\":\"https:\/\/raspberrypi.dk\/wp-content\/uploads\/2017\/05\/RaspberryPidk_logo-2.png\",\"width\":470,\"height\":110,\"caption\":\"RaspberryPi.dk\"},\"image\":{\"@id\":\"https:\/\/raspberrypi.dk\/fi\/#\/schema\/logo\/image\/\"},\"sameAs\":[\"https:\/\/facebook.com\/RaspberryPiDanmark\",\"https:\/\/x.com\/raspberrypidk\",\"https:\/\/instagram.com\/raspberrypi.dk\"]}]}<\/script>\n<!-- \/ Yoast SEO plugin. -->","yoast_head_json":{"title":"2 stk. AAA-paristot - Alkaline - 1,5V - 1,1Ah \u2022 RaspberryPi.dk","robots":{"index":"index","follow":"follow","max-snippet":"max-snippet:-1","max-image-preview":"max-image-preview:large","max-video-preview":"max-video-preview:-1"},"canonical":"https:\/\/raspberrypi.dk\/fi\/tuote\/2-stk-aaa-paristot-alkaline-15v-11ah\/","og_locale":"fi_FI","og_type":"article","og_title":"2 stk. AAA-paristot - Alkaline - 1,5V - 1,1Ah \u2022 RaspberryPi.dk","og_description":"2 stk. AAA Alkaline paristot. Tarjoaa pitk\u00e4kestoista, luotettavaa tehoa monenlaisiin sovelluksiin.  T\u00e4m\u00e4 tuote sis\u00e4ltyy meid\u00e4n\u00a0micro:bit starter kit.","og_url":"https:\/\/raspberrypi.dk\/fi\/tuote\/2-stk-aaa-paristot-alkaline-15v-11ah\/","og_site_name":"RaspberryPi.dk","article_publisher":"https:\/\/facebook.com\/RaspberryPiDanmark","article_modified_time":"2024-04-13T12:21:11+00:00","og_image":[{"width":496,"height":482,"url":"https:\/\/raspberrypi.dk\/wp-content\/uploads\/2018\/10\/aaa-batteri-microbit.png","type":"image\/png"}],"twitter_card":"summary_large_image","twitter_site":"@raspberrypidk","twitter_misc":{"Arvioitu lukuaika":"1 minuutti"},"schema":{"@context":"https:\/\/schema.org","@graph":[{"@type":"WebPage","@id":"https:\/\/raspberrypi.dk\/fi\/tuote\/2-stk-aaa-paristot-alkaline-15v-11ah\/","url":"https:\/\/raspberrypi.dk\/fi\/tuote\/2-stk-aaa-paristot-alkaline-15v-11ah\/","name":"2 stk. AAA-paristot - Alkaline - 1,5V - 1,1Ah \u2022 RaspberryPi.dk","isPartOf":{"@id":"https:\/\/raspberrypi.dk\/fi\/#website"},"primaryImageOfPage":{"@id":"https:\/\/raspberrypi.dk\/fi\/tuote\/2-stk-aaa-paristot-alkaline-15v-11ah\/#primaryimage"},"image":{"@id":"https:\/\/raspberrypi.dk\/fi\/tuote\/2-stk-aaa-paristot-alkaline-15v-11ah\/#primaryimage"},"thumbnailUrl":"https:\/\/raspberrypi.dk\/wp-content\/uploads\/2018\/10\/aaa-batteri-microbit.png","datePublished":"2019-08-06T13:30:06+00:00","dateModified":"2024-04-13T12:21:11+00:00","breadcrumb":{"@id":"https:\/\/raspberrypi.dk\/fi\/tuote\/2-stk-aaa-paristot-alkaline-15v-11ah\/#breadcrumb"},"inLanguage":"fi","potentialAction":[{"@type":"ReadAction","target":["https:\/\/raspberrypi.dk\/fi\/tuote\/2-stk-aaa-paristot-alkaline-15v-11ah\/"]}]},{"@type":"ImageObject","inLanguage":"fi","@id":"https:\/\/raspberrypi.dk\/fi\/tuote\/2-stk-aaa-paristot-alkaline-15v-11ah\/#primaryimage","url":"https:\/\/raspberrypi.dk\/wp-content\/uploads\/2018\/10\/aaa-batteri-microbit.png","contentUrl":"https:\/\/raspberrypi.dk\/wp-content\/uploads\/2018\/10\/aaa-batteri-microbit.png","width":496,"height":482},{"@type":"BreadcrumbList","@id":"https:\/\/raspberrypi.dk\/fi\/tuote\/2-stk-aaa-paristot-alkaline-15v-11ah\/#breadcrumb","itemListElement":[{"@type":"ListItem","position":1,"name":"Hjem","item":"https:\/\/raspberrypi.dk\/fi\/raspberry-pi-verkkokauppa\/"},{"@type":"ListItem","position":2,"name":"Shop","item":"https:\/\/raspberrypi.dk\/fi\/shop-2\/"},{"@type":"ListItem","position":3,"name":"2 stk. AAA-paristot &#8211; Alkaline &#8211; 1,5V &#8211; 1,1Ah"}]},{"@type":"WebSite","@id":"https:\/\/raspberrypi.dk\/fi\/#website","url":"https:\/\/raspberrypi.dk\/fi\/","name":"RaspberryPi.dk","description":"Danmarks f\u00f8rende Raspberry Pi side!","publisher":{"@id":"https:\/\/raspberrypi.dk\/fi\/#organization"},"potentialAction":[{"@type":"SearchAction","target":{"@type":"EntryPoint","urlTemplate":"https:\/\/raspberrypi.dk\/fi\/?s={search_term_string}"},"query-input":{"@type":"PropertyValueSpecification","valueRequired":true,"valueName":"search_term_string"}}],"inLanguage":"fi"},{"@type":"Organization","@id":"https:\/\/raspberrypi.dk\/fi\/#organization","name":"RaspberryPi.dk","url":"https:\/\/raspberrypi.dk\/fi\/","logo":{"@type":"ImageObject","inLanguage":"fi","@id":"https:\/\/raspberrypi.dk\/fi\/#\/schema\/logo\/image\/","url":"https:\/\/raspberrypi.dk\/wp-content\/uploads\/2017\/05\/RaspberryPidk_logo-2.png","contentUrl":"https:\/\/raspberrypi.dk\/wp-content\/uploads\/2017\/05\/RaspberryPidk_logo-2.png","width":470,"height":110,"caption":"RaspberryPi.dk"},"image":{"@id":"https:\/\/raspberrypi.dk\/fi\/#\/schema\/logo\/image\/"},"sameAs":["https:\/\/facebook.com\/RaspberryPiDanmark","https:\/\/x.com\/raspberrypidk","https:\/\/instagram.com\/raspberrypi.dk"]}]}},"_links":{"self":[{"href":"https:\/\/raspberrypi.dk\/fi\/wp-json\/wp\/v2\/product\/221809","targetHints":{"allow":["GET"]}}],"collection":[{"href":"https:\/\/raspberrypi.dk\/fi\/wp-json\/wp\/v2\/product"}],"about":[{"href":"https:\/\/raspberrypi.dk\/fi\/wp-json\/wp\/v2\/types\/product"}],"replies":[{"embeddable":true,"href":"https:\/\/raspberrypi.dk\/fi\/wp-json\/wp\/v2\/comments?post=221809"}],"wp:featuredmedia":[{"embeddable":true,"href":"https:\/\/raspberrypi.dk\/fi\/wp-json\/wp\/v2\/media\/221810"}],"wp:attachment":[{"href":"https:\/\/raspberrypi.dk\/fi\/wp-json\/wp\/v2\/media?parent=221809"}],"wp:term":[{"taxonomy":"product_brand","embeddable":true,"href":"https:\/\/raspberrypi.dk\/fi\/wp-json\/wp\/v2\/product_brand?post=221809"},{"taxonomy":"product_cat","embeddable":true,"href":"https:\/\/raspberrypi.dk\/fi\/wp-json\/wp\/v2\/product_cat?post=221809"},{"taxonomy":"product_tag","embeddable":true,"href":"https:\/\/raspberrypi.dk\/fi\/wp-json\/wp\/v2\/product_tag?post=221809"}],"curies":[{"name":"wp","href":"https:\/\/api.w.org\/{rel}","templated":true}]}}