{"id":221811,"date":"2019-08-03T14:58:53","date_gmt":"2019-08-03T12:58:53","guid":{"rendered":"https:\/\/raspberrypi.dk\/produkt\/2-kanals-eristetty-rs485-hat-raspberry-pille\/"},"modified":"2024-04-13T14:22:27","modified_gmt":"2024-04-13T12:22:27","slug":"2-kanals-eristetty-rs485-hat-raspberry-pille","status":"publish","type":"product","link":"https:\/\/raspberrypi.dk\/fi\/tuote\/2-kanals-eristetty-rs485-hat-raspberry-pille\/","title":{"rendered":"2-Kanals Eristetty RS485 HAT Raspberry Pi:lle"},"content":{"rendered":"<h2>Overview<\/h2>\n<p>This is a 2-channel isolated RS485 expansion HAT designed for Raspberry Pi, adopts the SC16IS752+SP3485 solution, with embedded protection circuits such as power supply isolation, ADI magnetical isolation, and TVS diode, etc.<\/p>\n<p>It is easy to control the 2-channel RS485 for auto transceiving via SPI interface. Due to its fast communication, stability, reliability, and safety,\u00a0it is an ideal choice for fields like industrial automation.<\/p>\n<h2>Features<\/h2>\n<ul>\n<li>Standard Raspberry Pi 40PIN GPIO extension header, supports Raspberry Pi series boards<\/li>\n<li>Adopts SC16IS752+SP3485 dual chip combination, converts SPI to RS485, data rate up to 921600bps<\/li>\n<li>Allows transceiving data manually or automatically, configured by DIP switch<\/li>\n<li>Onboard TVS (Transient Voltage Suppressor), effectively suppress surge voltage and transient spike voltage in the circuit, lightningproof &amp; anti-electrostatic<\/li>\n<li>Onboard auto-recovery fuse and protection diodes, ensures the current\/voltage stable outputs, provides over-current\/over-voltage proof, improves shock resistance<\/li>\n<li>Onboard LEDs for indicating the power and transceiver status<\/li>\n<li>Breakout SPI control pins, for connecting with host control boards like Arduino<\/li>\n<li>Comes with development resources and manual (examples in C and Python)<\/li>\n<\/ul>\n<h2>Specifications<\/h2>\n<ul>\n<li>UART expansion chip: SC16IS752<\/li>\n<li>RS485 transceiver: SP3485<\/li>\n<li>Communication interface: SPI<\/li>\n<li>Data rate: 300 ~ 921600 bps<\/li>\n<li>Operating voltage: 3.3V \/ 5V<\/li>\n<li>Dimensions: 65mm \u00d7 56.5mm<\/li>\n<li>Mounting hole size: 3.0mm<\/li>\n<\/ul>\n<h2>What&#8217;s on Board<\/h2>\n<p><img decoding=\"async\" src=\"https:\/\/www.waveshare.com\/img\/devkit\/accBoard\/2-CH-RS485-HAT\/2-CH-RS485-HAT-intro.jpg\" alt=\"2-CH RS485 HAT on board resource\" \/><\/p>\n<ol>\n<li><strong>SC16IS752 UART expansion chip<\/strong><\/li>\n<li><strong>ADUM1412 digital isolator<\/strong><\/li>\n<li><strong>PC817 optocoupler<\/strong><\/li>\n<li><strong>SP3485 RS485 transceiver<\/strong><\/li>\n<li><strong>B0505LS power supply isolation module<\/strong><\/li>\n<li><strong>RT9193-33 power chip<\/strong><\/li>\n<li><strong>SMAJ12CA transient suppress diode array<\/strong><\/li>\n<li><strong>Auto-recovery fuse<\/strong><\/li>\n<li><strong>Status indicator<\/strong><br \/>\nPWR: power indicator<br \/>\nRXD\/TXD: UART transceiving indicator<\/li>\n<li><strong>Raspberry Pi GPIO connector:<\/strong>\u00a0for connecting Raspberry Pi<\/li>\n<li><strong>RS485 terminal<\/strong><\/li>\n<li><strong>MCU control header:<\/strong>\u00a0for connecting host control boards like Arduino<\/li>\n<li><strong>120\u03a9 terminal resistor switch<\/strong><\/li>\n<li><strong>Interrupt pin switch<\/strong><\/li>\n<li><strong>Operating mode selection<\/strong><br \/>\nHalf-auto: A=0, B=1<br \/>\nFull-auto: A=1, B=0<\/li>\n<\/ol>\n<h2>Example<\/h2>\n<p><img decoding=\"async\" src=\"https:\/\/www.waveshare.com\/img\/devkit\/accBoard\/2-CH-RS485-HAT\/2-CH-RS485-HAT-5_800.jpg\" \/><\/p>\n<h2>Pinouts<\/h2>\n<table class=\"tabSty-1\">\n<tbody>\n<tr>\n<th>PIN<\/th>\n<th>RASPBERRY PI (BCM)<\/th>\n<th>DESCRIPTION<\/th>\n<\/tr>\n<tr>\n<td>VCC<\/td>\n<td>5V<\/td>\n<td>3.3V\/5V power supply<\/td>\n<\/tr>\n<tr>\n<td>GND<\/td>\n<td>GND<\/td>\n<td>Ground<\/td>\n<\/tr>\n<tr>\n<td>SCK<\/td>\n<td>P21 (SPI1 SCLK)<\/td>\n<td>SPI clock input<\/td>\n<\/tr>\n<tr>\n<td>MOSI<\/td>\n<td>P20 (SPI1 MOSI)<\/td>\n<td>SPI data input<\/td>\n<\/tr>\n<tr>\n<td>MISO<\/td>\n<td>P19 (SPI1 MISO)<\/td>\n<td>SPI data output<\/td>\n<\/tr>\n<tr>\n<td>CS<\/td>\n<td>P18 (SPI1 CS)<\/td>\n<td>SPI chip select<\/td>\n<\/tr>\n<tr>\n<td>IRQ<\/td>\n<td>P24<\/td>\n<td>Interrupt output<\/td>\n<\/tr>\n<tr>\n<td>EN1<\/td>\n<td>P27<\/td>\n<td>Channel 1 TX\/RX enable: high for TX, low for RX<\/td>\n<\/tr>\n<tr>\n<td>EN2<\/td>\n<td>P22<\/td>\n<td>Channel 2 TX\/RX enable: high for TX, low for RX<\/td>\n<\/tr>\n<\/tbody>\n<\/table>\n<h2>Dimension<\/h2>\n<p><img decoding=\"async\" src=\"https:\/\/www.waveshare.com\/img\/devkit\/accBoard\/2-CH-RS485-HAT\/2-CH-RS485-HAT-size.jpg\" \/><\/p>\n<h2>Development Resources<\/h2>\n<p><strong>Wiki :\u00a0<\/strong><a href=\"http:\/\/www.waveshare.com\/wiki\/2-CH_RS485_HAT\" target=\"_blank\" rel=\"noopener\">www.waveshare.com\/wiki\/2-CH_RS485_HAT<\/a><\/p>\n","protected":false},"excerpt":{"rendered":"<p>2-kanals eristetty RS485 HAT Raspberry Pi:lle, SC16IS752+SP3485 ratkaisu, jossa on useita sis\u00e4\u00e4nrakennettuja suojapiirej\u00e4.<\/p>\n","protected":false},"featured_media":218369,"comment_status":"open","ping_status":"closed","template":"","meta":[],"product_brand":[],"product_cat":[729,732],"product_tag":[719,718],"class_list":{"0":"post-221811","1":"product","2":"type-product","3":"status-publish","4":"has-post-thumbnail","6":"product_cat-teollinen-raspberry-pi-fi","7":"product_cat-hats-gpio","8":"product_tag-rpi4-fi","9":"product_tag-rpi5-fi","11":"first","12":"outofstock","13":"taxable","14":"shipping-taxable","15":"purchasable","16":"product-type-simple"},"composite_virtual":false,"composite_layout":"","composite_add_to_cart_form_location":"","composite_editable_in_cart":false,"composite_sold_individually_context":"","composite_shop_price_calc":"","composite_components":[],"composite_scenarios":[],"bundled_by":[],"bundle_stock_status":"outofstock","bundle_stock_quantity":0,"bundle_virtual":false,"bundle_layout":"","bundle_add_to_cart_form_location":"","bundle_editable_in_cart":false,"bundle_sold_individually_context":"","bundle_item_grouping":"","bundle_min_size":"","bundle_max_size":"","bundle_price":[],"bundled_items":[],"bundle_sell_ids":[],"yoast_head":"<!-- This site is optimized with the Yoast SEO plugin v27.1.1 - https:\/\/yoast.com\/product\/yoast-seo-wordpress\/ -->\n<title>2-Kanals Eristetty RS485 HAT Raspberry Pi:lle \u2022 RaspberryPi.dk<\/title>\n<meta name=\"robots\" content=\"index, follow, max-snippet:-1, max-image-preview:large, max-video-preview:-1\" \/>\n<link rel=\"canonical\" href=\"https:\/\/raspberrypi.dk\/fi\/tuote\/2-kanals-eristetty-rs485-hat-raspberry-pille\/\" \/>\n<meta property=\"og:locale\" content=\"fi_FI\" \/>\n<meta property=\"og:type\" content=\"article\" \/>\n<meta property=\"og:title\" content=\"2-Kanals Eristetty RS485 HAT Raspberry Pi:lle \u2022 RaspberryPi.dk\" \/>\n<meta property=\"og:description\" content=\"2-kanals eristetty RS485 HAT Raspberry Pi:lle, SC16IS752+SP3485 ratkaisu, jossa on useita sis\u00e4\u00e4nrakennettuja suojapiirej\u00e4.\" \/>\n<meta property=\"og:url\" content=\"https:\/\/raspberrypi.dk\/fi\/tuote\/2-kanals-eristetty-rs485-hat-raspberry-pille\/\" \/>\n<meta property=\"og:site_name\" content=\"RaspberryPi.dk\" \/>\n<meta property=\"article:publisher\" content=\"https:\/\/facebook.com\/RaspberryPiDanmark\" \/>\n<meta property=\"article:modified_time\" content=\"2024-04-13T12:22:27+00:00\" \/>\n<meta property=\"og:image\" content=\"https:\/\/raspberrypi.dk\/wp-content\/uploads\/2019\/08\/rs485-hat-raspberry-pi.jpg\" \/>\n\t<meta property=\"og:image:width\" content=\"750\" \/>\n\t<meta property=\"og:image:height\" content=\"681\" \/>\n\t<meta property=\"og:image:type\" content=\"image\/jpeg\" \/>\n<meta name=\"twitter:card\" content=\"summary_large_image\" \/>\n<meta name=\"twitter:site\" content=\"@raspberrypidk\" \/>\n<meta name=\"twitter:label1\" content=\"Arvioitu lukuaika\" \/>\n\t<meta name=\"twitter:data1\" content=\"3 minuuttia\" \/>\n<script type=\"application\/ld+json\" class=\"yoast-schema-graph\">{\"@context\":\"https:\/\/schema.org\",\"@graph\":[{\"@type\":\"WebPage\",\"@id\":\"https:\/\/raspberrypi.dk\/fi\/tuote\/2-kanals-eristetty-rs485-hat-raspberry-pille\/\",\"url\":\"https:\/\/raspberrypi.dk\/fi\/tuote\/2-kanals-eristetty-rs485-hat-raspberry-pille\/\",\"name\":\"2-Kanals Eristetty RS485 HAT Raspberry Pi:lle \u2022 RaspberryPi.dk\",\"isPartOf\":{\"@id\":\"https:\/\/raspberrypi.dk\/fi\/#website\"},\"primaryImageOfPage\":{\"@id\":\"https:\/\/raspberrypi.dk\/fi\/tuote\/2-kanals-eristetty-rs485-hat-raspberry-pille\/#primaryimage\"},\"image\":{\"@id\":\"https:\/\/raspberrypi.dk\/fi\/tuote\/2-kanals-eristetty-rs485-hat-raspberry-pille\/#primaryimage\"},\"thumbnailUrl\":\"https:\/\/raspberrypi.dk\/wp-content\/uploads\/2019\/08\/rs485-hat-raspberry-pi.jpg\",\"datePublished\":\"2019-08-03T12:58:53+00:00\",\"dateModified\":\"2024-04-13T12:22:27+00:00\",\"breadcrumb\":{\"@id\":\"https:\/\/raspberrypi.dk\/fi\/tuote\/2-kanals-eristetty-rs485-hat-raspberry-pille\/#breadcrumb\"},\"inLanguage\":\"fi\",\"potentialAction\":[{\"@type\":\"ReadAction\",\"target\":[\"https:\/\/raspberrypi.dk\/fi\/tuote\/2-kanals-eristetty-rs485-hat-raspberry-pille\/\"]}]},{\"@type\":\"ImageObject\",\"inLanguage\":\"fi\",\"@id\":\"https:\/\/raspberrypi.dk\/fi\/tuote\/2-kanals-eristetty-rs485-hat-raspberry-pille\/#primaryimage\",\"url\":\"https:\/\/raspberrypi.dk\/wp-content\/uploads\/2019\/08\/rs485-hat-raspberry-pi.jpg\",\"contentUrl\":\"https:\/\/raspberrypi.dk\/wp-content\/uploads\/2019\/08\/rs485-hat-raspberry-pi.jpg\",\"width\":750,\"height\":681,\"caption\":\"rs485 hat raspberry pi\"},{\"@type\":\"BreadcrumbList\",\"@id\":\"https:\/\/raspberrypi.dk\/fi\/tuote\/2-kanals-eristetty-rs485-hat-raspberry-pille\/#breadcrumb\",\"itemListElement\":[{\"@type\":\"ListItem\",\"position\":1,\"name\":\"Hjem\",\"item\":\"https:\/\/raspberrypi.dk\/fi\/raspberry-pi-verkkokauppa\/\"},{\"@type\":\"ListItem\",\"position\":2,\"name\":\"Shop\",\"item\":\"https:\/\/raspberrypi.dk\/fi\/shop-2\/\"},{\"@type\":\"ListItem\",\"position\":3,\"name\":\"2-Kanals Eristetty RS485 HAT Raspberry Pi:lle\"}]},{\"@type\":\"WebSite\",\"@id\":\"https:\/\/raspberrypi.dk\/fi\/#website\",\"url\":\"https:\/\/raspberrypi.dk\/fi\/\",\"name\":\"RaspberryPi.dk\",\"description\":\"Danmarks f\u00f8rende Raspberry Pi side!\",\"publisher\":{\"@id\":\"https:\/\/raspberrypi.dk\/fi\/#organization\"},\"potentialAction\":[{\"@type\":\"SearchAction\",\"target\":{\"@type\":\"EntryPoint\",\"urlTemplate\":\"https:\/\/raspberrypi.dk\/fi\/?s={search_term_string}\"},\"query-input\":{\"@type\":\"PropertyValueSpecification\",\"valueRequired\":true,\"valueName\":\"search_term_string\"}}],\"inLanguage\":\"fi\"},{\"@type\":\"Organization\",\"@id\":\"https:\/\/raspberrypi.dk\/fi\/#organization\",\"name\":\"RaspberryPi.dk\",\"url\":\"https:\/\/raspberrypi.dk\/fi\/\",\"logo\":{\"@type\":\"ImageObject\",\"inLanguage\":\"fi\",\"@id\":\"https:\/\/raspberrypi.dk\/fi\/#\/schema\/logo\/image\/\",\"url\":\"https:\/\/raspberrypi.dk\/wp-content\/uploads\/2017\/05\/RaspberryPidk_logo-2.png\",\"contentUrl\":\"https:\/\/raspberrypi.dk\/wp-content\/uploads\/2017\/05\/RaspberryPidk_logo-2.png\",\"width\":470,\"height\":110,\"caption\":\"RaspberryPi.dk\"},\"image\":{\"@id\":\"https:\/\/raspberrypi.dk\/fi\/#\/schema\/logo\/image\/\"},\"sameAs\":[\"https:\/\/facebook.com\/RaspberryPiDanmark\",\"https:\/\/x.com\/raspberrypidk\",\"https:\/\/instagram.com\/raspberrypi.dk\"]}]}<\/script>\n<!-- \/ Yoast SEO plugin. -->","yoast_head_json":{"title":"2-Kanals Eristetty RS485 HAT Raspberry Pi:lle \u2022 RaspberryPi.dk","robots":{"index":"index","follow":"follow","max-snippet":"max-snippet:-1","max-image-preview":"max-image-preview:large","max-video-preview":"max-video-preview:-1"},"canonical":"https:\/\/raspberrypi.dk\/fi\/tuote\/2-kanals-eristetty-rs485-hat-raspberry-pille\/","og_locale":"fi_FI","og_type":"article","og_title":"2-Kanals Eristetty RS485 HAT Raspberry Pi:lle \u2022 RaspberryPi.dk","og_description":"2-kanals eristetty RS485 HAT Raspberry Pi:lle, SC16IS752+SP3485 ratkaisu, jossa on useita sis\u00e4\u00e4nrakennettuja suojapiirej\u00e4.","og_url":"https:\/\/raspberrypi.dk\/fi\/tuote\/2-kanals-eristetty-rs485-hat-raspberry-pille\/","og_site_name":"RaspberryPi.dk","article_publisher":"https:\/\/facebook.com\/RaspberryPiDanmark","article_modified_time":"2024-04-13T12:22:27+00:00","og_image":[{"width":750,"height":681,"url":"https:\/\/raspberrypi.dk\/wp-content\/uploads\/2019\/08\/rs485-hat-raspberry-pi.jpg","type":"image\/jpeg"}],"twitter_card":"summary_large_image","twitter_site":"@raspberrypidk","twitter_misc":{"Arvioitu lukuaika":"3 minuuttia"},"schema":{"@context":"https:\/\/schema.org","@graph":[{"@type":"WebPage","@id":"https:\/\/raspberrypi.dk\/fi\/tuote\/2-kanals-eristetty-rs485-hat-raspberry-pille\/","url":"https:\/\/raspberrypi.dk\/fi\/tuote\/2-kanals-eristetty-rs485-hat-raspberry-pille\/","name":"2-Kanals Eristetty RS485 HAT Raspberry Pi:lle \u2022 RaspberryPi.dk","isPartOf":{"@id":"https:\/\/raspberrypi.dk\/fi\/#website"},"primaryImageOfPage":{"@id":"https:\/\/raspberrypi.dk\/fi\/tuote\/2-kanals-eristetty-rs485-hat-raspberry-pille\/#primaryimage"},"image":{"@id":"https:\/\/raspberrypi.dk\/fi\/tuote\/2-kanals-eristetty-rs485-hat-raspberry-pille\/#primaryimage"},"thumbnailUrl":"https:\/\/raspberrypi.dk\/wp-content\/uploads\/2019\/08\/rs485-hat-raspberry-pi.jpg","datePublished":"2019-08-03T12:58:53+00:00","dateModified":"2024-04-13T12:22:27+00:00","breadcrumb":{"@id":"https:\/\/raspberrypi.dk\/fi\/tuote\/2-kanals-eristetty-rs485-hat-raspberry-pille\/#breadcrumb"},"inLanguage":"fi","potentialAction":[{"@type":"ReadAction","target":["https:\/\/raspberrypi.dk\/fi\/tuote\/2-kanals-eristetty-rs485-hat-raspberry-pille\/"]}]},{"@type":"ImageObject","inLanguage":"fi","@id":"https:\/\/raspberrypi.dk\/fi\/tuote\/2-kanals-eristetty-rs485-hat-raspberry-pille\/#primaryimage","url":"https:\/\/raspberrypi.dk\/wp-content\/uploads\/2019\/08\/rs485-hat-raspberry-pi.jpg","contentUrl":"https:\/\/raspberrypi.dk\/wp-content\/uploads\/2019\/08\/rs485-hat-raspberry-pi.jpg","width":750,"height":681,"caption":"rs485 hat raspberry pi"},{"@type":"BreadcrumbList","@id":"https:\/\/raspberrypi.dk\/fi\/tuote\/2-kanals-eristetty-rs485-hat-raspberry-pille\/#breadcrumb","itemListElement":[{"@type":"ListItem","position":1,"name":"Hjem","item":"https:\/\/raspberrypi.dk\/fi\/raspberry-pi-verkkokauppa\/"},{"@type":"ListItem","position":2,"name":"Shop","item":"https:\/\/raspberrypi.dk\/fi\/shop-2\/"},{"@type":"ListItem","position":3,"name":"2-Kanals Eristetty RS485 HAT Raspberry Pi:lle"}]},{"@type":"WebSite","@id":"https:\/\/raspberrypi.dk\/fi\/#website","url":"https:\/\/raspberrypi.dk\/fi\/","name":"RaspberryPi.dk","description":"Danmarks f\u00f8rende Raspberry Pi side!","publisher":{"@id":"https:\/\/raspberrypi.dk\/fi\/#organization"},"potentialAction":[{"@type":"SearchAction","target":{"@type":"EntryPoint","urlTemplate":"https:\/\/raspberrypi.dk\/fi\/?s={search_term_string}"},"query-input":{"@type":"PropertyValueSpecification","valueRequired":true,"valueName":"search_term_string"}}],"inLanguage":"fi"},{"@type":"Organization","@id":"https:\/\/raspberrypi.dk\/fi\/#organization","name":"RaspberryPi.dk","url":"https:\/\/raspberrypi.dk\/fi\/","logo":{"@type":"ImageObject","inLanguage":"fi","@id":"https:\/\/raspberrypi.dk\/fi\/#\/schema\/logo\/image\/","url":"https:\/\/raspberrypi.dk\/wp-content\/uploads\/2017\/05\/RaspberryPidk_logo-2.png","contentUrl":"https:\/\/raspberrypi.dk\/wp-content\/uploads\/2017\/05\/RaspberryPidk_logo-2.png","width":470,"height":110,"caption":"RaspberryPi.dk"},"image":{"@id":"https:\/\/raspberrypi.dk\/fi\/#\/schema\/logo\/image\/"},"sameAs":["https:\/\/facebook.com\/RaspberryPiDanmark","https:\/\/x.com\/raspberrypidk","https:\/\/instagram.com\/raspberrypi.dk"]}]}},"_links":{"self":[{"href":"https:\/\/raspberrypi.dk\/fi\/wp-json\/wp\/v2\/product\/221811","targetHints":{"allow":["GET"]}}],"collection":[{"href":"https:\/\/raspberrypi.dk\/fi\/wp-json\/wp\/v2\/product"}],"about":[{"href":"https:\/\/raspberrypi.dk\/fi\/wp-json\/wp\/v2\/types\/product"}],"replies":[{"embeddable":true,"href":"https:\/\/raspberrypi.dk\/fi\/wp-json\/wp\/v2\/comments?post=221811"}],"wp:featuredmedia":[{"embeddable":true,"href":"https:\/\/raspberrypi.dk\/fi\/wp-json\/wp\/v2\/media\/218369"}],"wp:attachment":[{"href":"https:\/\/raspberrypi.dk\/fi\/wp-json\/wp\/v2\/media?parent=221811"}],"wp:term":[{"taxonomy":"product_brand","embeddable":true,"href":"https:\/\/raspberrypi.dk\/fi\/wp-json\/wp\/v2\/product_brand?post=221811"},{"taxonomy":"product_cat","embeddable":true,"href":"https:\/\/raspberrypi.dk\/fi\/wp-json\/wp\/v2\/product_cat?post=221811"},{"taxonomy":"product_tag","embeddable":true,"href":"https:\/\/raspberrypi.dk\/fi\/wp-json\/wp\/v2\/product_tag?post=221811"}],"curies":[{"name":"wp","href":"https:\/\/api.w.org\/{rel}","templated":true}]}}