{"id":221820,"date":"2019-08-02T11:48:17","date_gmt":"2019-08-02T09:48:17","guid":{"rendered":"https:\/\/raspberrypi.dk\/produkt\/raspberry-pi-camera-mount\/"},"modified":"2026-03-27T09:03:59","modified_gmt":"2026-03-27T08:03:59","slug":"raspberry-pi-camera-mount","status":"publish","type":"product","link":"https:\/\/raspberrypi.dk\/fi\/tuote\/raspberry-pi-camera-mount\/","title":{"rendered":"Raspberry Pi Camera Mount"},"content":{"rendered":"","protected":false},"excerpt":{"rendered":"<p>Tyylik\u00e4s, pieni ja s\u00e4\u00e4dett\u00e4v\u00e4 pidike\/teline <a href=\"http:\/\/raspberrypi.dk\/fi\/toute\/produkt\/raspberry-pi-camera-board\/\">Raspberry Pi -kamerallesi.<\/a><\/p>\n<p>&#8211; Tarjoaa nelj\u00e4 erilaista kulmaa<br \/>\n&#8211; Nelj\u00e4 ruuvia kameran kiinnitt\u00e4miseksi<br \/>\n&#8211; Valmistettu mattamustasta akryylist\u00e4<br \/>\n&#8211; 6,35 mm (1\/4 tuuman) reik\u00e4 jalustan kiinnityst\u00e4 varten<\/p>\n","protected":false},"featured_media":221821,"comment_status":"open","ping_status":"closed","template":"","meta":[],"product_brand":[],"product_cat":[737],"product_tag":[],"class_list":{"0":"post-221820","1":"product","2":"type-product","3":"status-publish","4":"has-post-thumbnail","6":"product_cat-camera","8":"first","9":"instock","10":"taxable","11":"shipping-taxable","12":"purchasable","13":"product-type-simple"},"composite_virtual":false,"composite_layout":"","composite_add_to_cart_form_location":"","composite_editable_in_cart":false,"composite_sold_individually_context":"","composite_shop_price_calc":"","composite_components":[],"composite_scenarios":[],"bundled_by":[],"bundle_stock_status":"instock","bundle_stock_quantity":70,"bundle_virtual":false,"bundle_layout":"","bundle_add_to_cart_form_location":"","bundle_editable_in_cart":false,"bundle_sold_individually_context":"","bundle_item_grouping":"","bundle_min_size":"","bundle_max_size":"","bundle_price":[],"bundled_items":[],"bundle_sell_ids":[],"yoast_head":"<!-- This site is optimized with the Yoast SEO plugin v27.1.1 - https:\/\/yoast.com\/product\/yoast-seo-wordpress\/ -->\n<title>Raspberry Pi Camera Mount \u2022 RaspberryPi.dk<\/title>\n<meta name=\"robots\" content=\"index, follow, max-snippet:-1, max-image-preview:large, max-video-preview:-1\" \/>\n<link rel=\"canonical\" href=\"https:\/\/raspberrypi.dk\/fi\/tuote\/raspberry-pi-camera-mount\/\" \/>\n<meta property=\"og:locale\" content=\"fi_FI\" \/>\n<meta property=\"og:type\" content=\"article\" \/>\n<meta property=\"og:title\" content=\"Raspberry Pi Camera Mount \u2022 RaspberryPi.dk\" \/>\n<meta property=\"og:description\" content=\"Tyylik\u00e4s, pieni ja s\u00e4\u00e4dett\u00e4v\u00e4 pidike\/teline Raspberry Pi -kamerallesi.  - Tarjoaa nelj\u00e4 erilaista kulmaa - Nelj\u00e4 ruuvia kameran kiinnitt\u00e4miseksi - Valmistettu mattamustasta akryylist\u00e4 - 6,35 mm (1\/4 tuuman) reik\u00e4 jalustan kiinnityst\u00e4 varten\" \/>\n<meta property=\"og:url\" content=\"https:\/\/raspberrypi.dk\/fi\/tuote\/raspberry-pi-camera-mount\/\" \/>\n<meta property=\"og:site_name\" content=\"RaspberryPi.dk\" \/>\n<meta property=\"article:publisher\" content=\"https:\/\/facebook.com\/RaspberryPiDanmark\" \/>\n<meta property=\"article:modified_time\" content=\"2026-03-27T08:03:59+00:00\" \/>\n<meta property=\"og:image\" content=\"https:\/\/raspberrypi.dk\/wp-content\/uploads\/2013\/07\/raspberry-pi-camera-mount-holder.png\" \/>\n\t<meta property=\"og:image:width\" content=\"500\" \/>\n\t<meta property=\"og:image:height\" content=\"500\" \/>\n\t<meta property=\"og:image:type\" content=\"image\/png\" \/>\n<meta name=\"twitter:card\" content=\"summary_large_image\" \/>\n<meta name=\"twitter:site\" content=\"@raspberrypidk\" \/>\n<meta name=\"twitter:label1\" content=\"Arvioitu lukuaika\" \/>\n\t<meta name=\"twitter:data1\" content=\"1 minuutti\" \/>\n<script type=\"application\/ld+json\" class=\"yoast-schema-graph\">{\"@context\":\"https:\/\/schema.org\",\"@graph\":[{\"@type\":\"WebPage\",\"@id\":\"https:\/\/raspberrypi.dk\/fi\/tuote\/raspberry-pi-camera-mount\/\",\"url\":\"https:\/\/raspberrypi.dk\/fi\/tuote\/raspberry-pi-camera-mount\/\",\"name\":\"Raspberry Pi Camera Mount \u2022 RaspberryPi.dk\",\"isPartOf\":{\"@id\":\"https:\/\/raspberrypi.dk\/fi\/#website\"},\"primaryImageOfPage\":{\"@id\":\"https:\/\/raspberrypi.dk\/fi\/tuote\/raspberry-pi-camera-mount\/#primaryimage\"},\"image\":{\"@id\":\"https:\/\/raspberrypi.dk\/fi\/tuote\/raspberry-pi-camera-mount\/#primaryimage\"},\"thumbnailUrl\":\"https:\/\/raspberrypi.dk\/wp-content\/uploads\/2013\/07\/raspberry-pi-camera-mount-holder.png\",\"datePublished\":\"2019-08-02T09:48:17+00:00\",\"dateModified\":\"2026-03-27T08:03:59+00:00\",\"breadcrumb\":{\"@id\":\"https:\/\/raspberrypi.dk\/fi\/tuote\/raspberry-pi-camera-mount\/#breadcrumb\"},\"inLanguage\":\"fi\",\"potentialAction\":[{\"@type\":\"ReadAction\",\"target\":[\"https:\/\/raspberrypi.dk\/fi\/tuote\/raspberry-pi-camera-mount\/\"]}]},{\"@type\":\"ImageObject\",\"inLanguage\":\"fi\",\"@id\":\"https:\/\/raspberrypi.dk\/fi\/tuote\/raspberry-pi-camera-mount\/#primaryimage\",\"url\":\"https:\/\/raspberrypi.dk\/wp-content\/uploads\/2013\/07\/raspberry-pi-camera-mount-holder.png\",\"contentUrl\":\"https:\/\/raspberrypi.dk\/wp-content\/uploads\/2013\/07\/raspberry-pi-camera-mount-holder.png\",\"width\":500,\"height\":500,\"caption\":\"holder\/mount til raspberry pi camera board\"},{\"@type\":\"BreadcrumbList\",\"@id\":\"https:\/\/raspberrypi.dk\/fi\/tuote\/raspberry-pi-camera-mount\/#breadcrumb\",\"itemListElement\":[{\"@type\":\"ListItem\",\"position\":1,\"name\":\"Hjem\",\"item\":\"https:\/\/raspberrypi.dk\/fi\/raspberry-pi-verkkokauppa\/\"},{\"@type\":\"ListItem\",\"position\":2,\"name\":\"Shop\",\"item\":\"https:\/\/raspberrypi.dk\/fi\/shop-2\/\"},{\"@type\":\"ListItem\",\"position\":3,\"name\":\"Raspberry Pi Camera Mount\"}]},{\"@type\":\"WebSite\",\"@id\":\"https:\/\/raspberrypi.dk\/fi\/#website\",\"url\":\"https:\/\/raspberrypi.dk\/fi\/\",\"name\":\"RaspberryPi.dk\",\"description\":\"Danmarks f\u00f8rende Raspberry Pi side!\",\"publisher\":{\"@id\":\"https:\/\/raspberrypi.dk\/fi\/#organization\"},\"potentialAction\":[{\"@type\":\"SearchAction\",\"target\":{\"@type\":\"EntryPoint\",\"urlTemplate\":\"https:\/\/raspberrypi.dk\/fi\/?s={search_term_string}\"},\"query-input\":{\"@type\":\"PropertyValueSpecification\",\"valueRequired\":true,\"valueName\":\"search_term_string\"}}],\"inLanguage\":\"fi\"},{\"@type\":\"Organization\",\"@id\":\"https:\/\/raspberrypi.dk\/fi\/#organization\",\"name\":\"RaspberryPi.dk\",\"url\":\"https:\/\/raspberrypi.dk\/fi\/\",\"logo\":{\"@type\":\"ImageObject\",\"inLanguage\":\"fi\",\"@id\":\"https:\/\/raspberrypi.dk\/fi\/#\/schema\/logo\/image\/\",\"url\":\"https:\/\/raspberrypi.dk\/wp-content\/uploads\/2017\/05\/RaspberryPidk_logo-2.png\",\"contentUrl\":\"https:\/\/raspberrypi.dk\/wp-content\/uploads\/2017\/05\/RaspberryPidk_logo-2.png\",\"width\":470,\"height\":110,\"caption\":\"RaspberryPi.dk\"},\"image\":{\"@id\":\"https:\/\/raspberrypi.dk\/fi\/#\/schema\/logo\/image\/\"},\"sameAs\":[\"https:\/\/facebook.com\/RaspberryPiDanmark\",\"https:\/\/x.com\/raspberrypidk\",\"https:\/\/instagram.com\/raspberrypi.dk\"]}]}<\/script>\n<!-- \/ Yoast SEO plugin. -->","yoast_head_json":{"title":"Raspberry Pi Camera Mount \u2022 RaspberryPi.dk","robots":{"index":"index","follow":"follow","max-snippet":"max-snippet:-1","max-image-preview":"max-image-preview:large","max-video-preview":"max-video-preview:-1"},"canonical":"https:\/\/raspberrypi.dk\/fi\/tuote\/raspberry-pi-camera-mount\/","og_locale":"fi_FI","og_type":"article","og_title":"Raspberry Pi Camera Mount \u2022 RaspberryPi.dk","og_description":"Tyylik\u00e4s, pieni ja s\u00e4\u00e4dett\u00e4v\u00e4 pidike\/teline Raspberry Pi -kamerallesi.  - Tarjoaa nelj\u00e4 erilaista kulmaa - Nelj\u00e4 ruuvia kameran kiinnitt\u00e4miseksi - Valmistettu mattamustasta akryylist\u00e4 - 6,35 mm (1\/4 tuuman) reik\u00e4 jalustan kiinnityst\u00e4 varten","og_url":"https:\/\/raspberrypi.dk\/fi\/tuote\/raspberry-pi-camera-mount\/","og_site_name":"RaspberryPi.dk","article_publisher":"https:\/\/facebook.com\/RaspberryPiDanmark","article_modified_time":"2026-03-27T08:03:59+00:00","og_image":[{"width":500,"height":500,"url":"https:\/\/raspberrypi.dk\/wp-content\/uploads\/2013\/07\/raspberry-pi-camera-mount-holder.png","type":"image\/png"}],"twitter_card":"summary_large_image","twitter_site":"@raspberrypidk","twitter_misc":{"Arvioitu lukuaika":"1 minuutti"},"schema":{"@context":"https:\/\/schema.org","@graph":[{"@type":"WebPage","@id":"https:\/\/raspberrypi.dk\/fi\/tuote\/raspberry-pi-camera-mount\/","url":"https:\/\/raspberrypi.dk\/fi\/tuote\/raspberry-pi-camera-mount\/","name":"Raspberry Pi Camera Mount \u2022 RaspberryPi.dk","isPartOf":{"@id":"https:\/\/raspberrypi.dk\/fi\/#website"},"primaryImageOfPage":{"@id":"https:\/\/raspberrypi.dk\/fi\/tuote\/raspberry-pi-camera-mount\/#primaryimage"},"image":{"@id":"https:\/\/raspberrypi.dk\/fi\/tuote\/raspberry-pi-camera-mount\/#primaryimage"},"thumbnailUrl":"https:\/\/raspberrypi.dk\/wp-content\/uploads\/2013\/07\/raspberry-pi-camera-mount-holder.png","datePublished":"2019-08-02T09:48:17+00:00","dateModified":"2026-03-27T08:03:59+00:00","breadcrumb":{"@id":"https:\/\/raspberrypi.dk\/fi\/tuote\/raspberry-pi-camera-mount\/#breadcrumb"},"inLanguage":"fi","potentialAction":[{"@type":"ReadAction","target":["https:\/\/raspberrypi.dk\/fi\/tuote\/raspberry-pi-camera-mount\/"]}]},{"@type":"ImageObject","inLanguage":"fi","@id":"https:\/\/raspberrypi.dk\/fi\/tuote\/raspberry-pi-camera-mount\/#primaryimage","url":"https:\/\/raspberrypi.dk\/wp-content\/uploads\/2013\/07\/raspberry-pi-camera-mount-holder.png","contentUrl":"https:\/\/raspberrypi.dk\/wp-content\/uploads\/2013\/07\/raspberry-pi-camera-mount-holder.png","width":500,"height":500,"caption":"holder\/mount til raspberry pi camera board"},{"@type":"BreadcrumbList","@id":"https:\/\/raspberrypi.dk\/fi\/tuote\/raspberry-pi-camera-mount\/#breadcrumb","itemListElement":[{"@type":"ListItem","position":1,"name":"Hjem","item":"https:\/\/raspberrypi.dk\/fi\/raspberry-pi-verkkokauppa\/"},{"@type":"ListItem","position":2,"name":"Shop","item":"https:\/\/raspberrypi.dk\/fi\/shop-2\/"},{"@type":"ListItem","position":3,"name":"Raspberry Pi Camera Mount"}]},{"@type":"WebSite","@id":"https:\/\/raspberrypi.dk\/fi\/#website","url":"https:\/\/raspberrypi.dk\/fi\/","name":"RaspberryPi.dk","description":"Danmarks f\u00f8rende Raspberry Pi side!","publisher":{"@id":"https:\/\/raspberrypi.dk\/fi\/#organization"},"potentialAction":[{"@type":"SearchAction","target":{"@type":"EntryPoint","urlTemplate":"https:\/\/raspberrypi.dk\/fi\/?s={search_term_string}"},"query-input":{"@type":"PropertyValueSpecification","valueRequired":true,"valueName":"search_term_string"}}],"inLanguage":"fi"},{"@type":"Organization","@id":"https:\/\/raspberrypi.dk\/fi\/#organization","name":"RaspberryPi.dk","url":"https:\/\/raspberrypi.dk\/fi\/","logo":{"@type":"ImageObject","inLanguage":"fi","@id":"https:\/\/raspberrypi.dk\/fi\/#\/schema\/logo\/image\/","url":"https:\/\/raspberrypi.dk\/wp-content\/uploads\/2017\/05\/RaspberryPidk_logo-2.png","contentUrl":"https:\/\/raspberrypi.dk\/wp-content\/uploads\/2017\/05\/RaspberryPidk_logo-2.png","width":470,"height":110,"caption":"RaspberryPi.dk"},"image":{"@id":"https:\/\/raspberrypi.dk\/fi\/#\/schema\/logo\/image\/"},"sameAs":["https:\/\/facebook.com\/RaspberryPiDanmark","https:\/\/x.com\/raspberrypidk","https:\/\/instagram.com\/raspberrypi.dk"]}]}},"_links":{"self":[{"href":"https:\/\/raspberrypi.dk\/fi\/wp-json\/wp\/v2\/product\/221820","targetHints":{"allow":["GET"]}}],"collection":[{"href":"https:\/\/raspberrypi.dk\/fi\/wp-json\/wp\/v2\/product"}],"about":[{"href":"https:\/\/raspberrypi.dk\/fi\/wp-json\/wp\/v2\/types\/product"}],"replies":[{"embeddable":true,"href":"https:\/\/raspberrypi.dk\/fi\/wp-json\/wp\/v2\/comments?post=221820"}],"wp:featuredmedia":[{"embeddable":true,"href":"https:\/\/raspberrypi.dk\/fi\/wp-json\/wp\/v2\/media\/221821"}],"wp:attachment":[{"href":"https:\/\/raspberrypi.dk\/fi\/wp-json\/wp\/v2\/media?parent=221820"}],"wp:term":[{"taxonomy":"product_brand","embeddable":true,"href":"https:\/\/raspberrypi.dk\/fi\/wp-json\/wp\/v2\/product_brand?post=221820"},{"taxonomy":"product_cat","embeddable":true,"href":"https:\/\/raspberrypi.dk\/fi\/wp-json\/wp\/v2\/product_cat?post=221820"},{"taxonomy":"product_tag","embeddable":true,"href":"https:\/\/raspberrypi.dk\/fi\/wp-json\/wp\/v2\/product_tag?post=221820"}],"curies":[{"name":"wp","href":"https:\/\/api.w.org\/{rel}","templated":true}]}}