{"id":221891,"date":"2019-07-08T14:29:31","date_gmt":"2019-07-08T12:29:31","guid":{"rendered":"https:\/\/raspberrypi.dk\/produkt\/usb-til-ttl-rs232-debug-kaapeli-raspberry-pille\/"},"modified":"2025-06-02T20:25:08","modified_gmt":"2025-06-02T18:25:08","slug":"usb-til-ttl-rs232-debug-kaapeli-raspberry-pille","status":"publish","type":"product","link":"https:\/\/raspberrypi.dk\/fi\/tuote\/usb-til-ttl-rs232-debug-kaapeli-raspberry-pille\/","title":{"rendered":"USB for TTL-RS232 Debug Kaapeli Raspberry Pi:lle"},"content":{"rendered":"<p>TTL-232R-RPi-Kaapeli tarjoaa asynkronisen USB-sarjatiedonsiirron ja tukee tiedonsiirtonopeuksia 300 bit\/s &#8211; 3 Mbit\/s 3,3 V TTL-tasolla. Siru huolehtii kaikista USB-signaali- ja protokollavaatimuksista, jotta voidaan luoda parempi virheenkorjaus- ja kehitysymp\u00e4rist\u00f6.<\/p>\n<p><strong>Tekniset tiedot<\/strong><\/p>\n<ul>\n<li>TTL-232R-RPi debug cable offers a USB to TTL serial interface for Raspberry Pi<\/li>\n<li>On-board FT232RQ<\/li>\n<li>Direct connection with a microcontroller UART or via I\/O pins<\/li>\n<li>UART interface supports 7 or 8 data bits, 1 or 2 stop bits and even\/odd\/mark\/space\/no parity<\/li>\n<li>Transmission rates of 300 baud to 3 Mbaud at 3.3 V TTL level<\/li>\n<li>Internal EEPROM with writeable area<\/li>\n<li>5 V secure TTL inputs<\/li>\n<li>Support for FT232R FTDI chip ID function, for improved security<\/li>\n<li>3x outputs provide TXD, RXD and GND<\/li>\n<li>Low USB bandwidth utilisation<\/li>\n<li>UHCI\/OHCI\/EHCI host controller compatible<\/li>\n<li>USB 2.0 Full Speed-compatible<\/li>\n<li>-40\u00b0C to +85\u00b0C operating temperature range<\/li>\n<li>The cable length is 1.0 m<\/li>\n<\/ul>\n","protected":false},"excerpt":{"rendered":"<p>T\u00e4t\u00e4 kaapelia voidaan k\u00e4ytt\u00e4\u00e4 Raspberry Pi -laitteen virheenkorjaukseen, jos et esimerkiksi saa sit\u00e4 verkkosi kautta. Raspberry Pi:ss\u00e4 on kytkett\u00e4v\u00e4 sarjaliit\u00e4nt\u00e4 p\u00e4\u00e4lle, ja sitten Raspberry Pi:n ja USB:n kolme liitint\u00e4 liitet\u00e4\u00e4n ulkoiseen tietokoneeseen, josta voi keskustella sarjassa Raspberry Pi kanssa.<\/p>\n","protected":false},"featured_media":221892,"comment_status":"open","ping_status":"closed","template":"","meta":[],"product_brand":[],"product_cat":[732,751,739],"product_tag":[719,718],"class_list":{"0":"post-221891","1":"product","2":"type-product","3":"status-publish","4":"has-post-thumbnail","6":"product_cat-hats-gpio","7":"product_cat-usb-tarvikkeet","8":"product_cat-kaapelit-ja-sovittimet","9":"product_tag-rpi4-fi","10":"product_tag-rpi5-fi","12":"first","13":"outofstock","14":"taxable","15":"shipping-taxable","16":"purchasable","17":"product-type-simple"},"composite_virtual":false,"composite_layout":"","composite_add_to_cart_form_location":"","composite_editable_in_cart":false,"composite_sold_individually_context":"","composite_shop_price_calc":"","composite_components":[],"composite_scenarios":[],"bundled_by":[],"bundle_stock_status":"outofstock","bundle_stock_quantity":0,"bundle_virtual":false,"bundle_layout":"","bundle_add_to_cart_form_location":"","bundle_editable_in_cart":false,"bundle_sold_individually_context":"","bundle_item_grouping":"","bundle_min_size":"","bundle_max_size":"","bundle_price":[],"bundled_items":[],"bundle_sell_ids":[],"yoast_head":"<!-- This site is optimized with the Yoast SEO plugin v27.1.1 - https:\/\/yoast.com\/product\/yoast-seo-wordpress\/ -->\n<title>USB for TTL-RS232 Debug Kaapeli Raspberry Pi:lle \u2022 RaspberryPi.dk<\/title>\n<meta name=\"robots\" content=\"index, follow, max-snippet:-1, max-image-preview:large, max-video-preview:-1\" \/>\n<link rel=\"canonical\" href=\"https:\/\/raspberrypi.dk\/fi\/tuote\/usb-til-ttl-rs232-debug-kaapeli-raspberry-pille\/\" \/>\n<meta property=\"og:locale\" content=\"fi_FI\" \/>\n<meta property=\"og:type\" content=\"article\" \/>\n<meta property=\"og:title\" content=\"USB for TTL-RS232 Debug Kaapeli Raspberry Pi:lle \u2022 RaspberryPi.dk\" \/>\n<meta property=\"og:description\" content=\"T\u00e4t\u00e4 kaapelia voidaan k\u00e4ytt\u00e4\u00e4 Raspberry Pi -laitteen virheenkorjaukseen, jos et esimerkiksi saa sit\u00e4 verkkosi kautta. Raspberry Pi:ss\u00e4 on kytkett\u00e4v\u00e4 sarjaliit\u00e4nt\u00e4 p\u00e4\u00e4lle, ja sitten Raspberry Pi:n ja USB:n kolme liitint\u00e4 liitet\u00e4\u00e4n ulkoiseen tietokoneeseen, josta voi keskustella sarjassa Raspberry Pi kanssa.\" \/>\n<meta property=\"og:url\" content=\"https:\/\/raspberrypi.dk\/fi\/tuote\/usb-til-ttl-rs232-debug-kaapeli-raspberry-pille\/\" \/>\n<meta property=\"og:site_name\" content=\"RaspberryPi.dk\" \/>\n<meta property=\"article:publisher\" content=\"https:\/\/facebook.com\/RaspberryPiDanmark\" \/>\n<meta property=\"article:modified_time\" content=\"2025-06-02T18:25:08+00:00\" \/>\n<meta property=\"og:image\" content=\"https:\/\/raspberrypi.dk\/wp-content\/uploads\/2019\/07\/usb-TTL_232R_Raspberry_Pi_debug.png\" \/>\n\t<meta property=\"og:image:width\" content=\"1560\" \/>\n\t<meta property=\"og:image:height\" content=\"1525\" \/>\n\t<meta property=\"og:image:type\" content=\"image\/png\" \/>\n<meta name=\"twitter:card\" content=\"summary_large_image\" \/>\n<meta name=\"twitter:site\" content=\"@raspberrypidk\" \/>\n<meta name=\"twitter:label1\" content=\"Arvioitu lukuaika\" \/>\n\t<meta name=\"twitter:data1\" content=\"1 minuutti\" \/>\n<script type=\"application\/ld+json\" class=\"yoast-schema-graph\">{\"@context\":\"https:\/\/schema.org\",\"@graph\":[{\"@type\":\"WebPage\",\"@id\":\"https:\/\/raspberrypi.dk\/fi\/tuote\/usb-til-ttl-rs232-debug-kaapeli-raspberry-pille\/\",\"url\":\"https:\/\/raspberrypi.dk\/fi\/tuote\/usb-til-ttl-rs232-debug-kaapeli-raspberry-pille\/\",\"name\":\"USB for TTL-RS232 Debug Kaapeli Raspberry Pi:lle \u2022 RaspberryPi.dk\",\"isPartOf\":{\"@id\":\"https:\/\/raspberrypi.dk\/fi\/#website\"},\"primaryImageOfPage\":{\"@id\":\"https:\/\/raspberrypi.dk\/fi\/tuote\/usb-til-ttl-rs232-debug-kaapeli-raspberry-pille\/#primaryimage\"},\"image\":{\"@id\":\"https:\/\/raspberrypi.dk\/fi\/tuote\/usb-til-ttl-rs232-debug-kaapeli-raspberry-pille\/#primaryimage\"},\"thumbnailUrl\":\"https:\/\/raspberrypi.dk\/wp-content\/uploads\/2019\/07\/usb-TTL_232R_Raspberry_Pi_debug.png\",\"datePublished\":\"2019-07-08T12:29:31+00:00\",\"dateModified\":\"2025-06-02T18:25:08+00:00\",\"breadcrumb\":{\"@id\":\"https:\/\/raspberrypi.dk\/fi\/tuote\/usb-til-ttl-rs232-debug-kaapeli-raspberry-pille\/#breadcrumb\"},\"inLanguage\":\"fi\",\"potentialAction\":[{\"@type\":\"ReadAction\",\"target\":[\"https:\/\/raspberrypi.dk\/fi\/tuote\/usb-til-ttl-rs232-debug-kaapeli-raspberry-pille\/\"]}]},{\"@type\":\"ImageObject\",\"inLanguage\":\"fi\",\"@id\":\"https:\/\/raspberrypi.dk\/fi\/tuote\/usb-til-ttl-rs232-debug-kaapeli-raspberry-pille\/#primaryimage\",\"url\":\"https:\/\/raspberrypi.dk\/wp-content\/uploads\/2019\/07\/usb-TTL_232R_Raspberry_Pi_debug.png\",\"contentUrl\":\"https:\/\/raspberrypi.dk\/wp-content\/uploads\/2019\/07\/usb-TTL_232R_Raspberry_Pi_debug.png\",\"width\":1560,\"height\":1525,\"caption\":\"usb til ttl rs232 raspberry pi debug kabel\"},{\"@type\":\"BreadcrumbList\",\"@id\":\"https:\/\/raspberrypi.dk\/fi\/tuote\/usb-til-ttl-rs232-debug-kaapeli-raspberry-pille\/#breadcrumb\",\"itemListElement\":[{\"@type\":\"ListItem\",\"position\":1,\"name\":\"Hjem\",\"item\":\"https:\/\/raspberrypi.dk\/fi\/raspberry-pi-verkkokauppa\/\"},{\"@type\":\"ListItem\",\"position\":2,\"name\":\"Shop\",\"item\":\"https:\/\/raspberrypi.dk\/fi\/shop-2\/\"},{\"@type\":\"ListItem\",\"position\":3,\"name\":\"USB for TTL-RS232 Debug Kaapeli Raspberry Pi:lle\"}]},{\"@type\":\"WebSite\",\"@id\":\"https:\/\/raspberrypi.dk\/fi\/#website\",\"url\":\"https:\/\/raspberrypi.dk\/fi\/\",\"name\":\"RaspberryPi.dk\",\"description\":\"Danmarks f\u00f8rende Raspberry Pi side!\",\"publisher\":{\"@id\":\"https:\/\/raspberrypi.dk\/fi\/#organization\"},\"potentialAction\":[{\"@type\":\"SearchAction\",\"target\":{\"@type\":\"EntryPoint\",\"urlTemplate\":\"https:\/\/raspberrypi.dk\/fi\/?s={search_term_string}\"},\"query-input\":{\"@type\":\"PropertyValueSpecification\",\"valueRequired\":true,\"valueName\":\"search_term_string\"}}],\"inLanguage\":\"fi\"},{\"@type\":\"Organization\",\"@id\":\"https:\/\/raspberrypi.dk\/fi\/#organization\",\"name\":\"RaspberryPi.dk\",\"url\":\"https:\/\/raspberrypi.dk\/fi\/\",\"logo\":{\"@type\":\"ImageObject\",\"inLanguage\":\"fi\",\"@id\":\"https:\/\/raspberrypi.dk\/fi\/#\/schema\/logo\/image\/\",\"url\":\"https:\/\/raspberrypi.dk\/wp-content\/uploads\/2017\/05\/RaspberryPidk_logo-2.png\",\"contentUrl\":\"https:\/\/raspberrypi.dk\/wp-content\/uploads\/2017\/05\/RaspberryPidk_logo-2.png\",\"width\":470,\"height\":110,\"caption\":\"RaspberryPi.dk\"},\"image\":{\"@id\":\"https:\/\/raspberrypi.dk\/fi\/#\/schema\/logo\/image\/\"},\"sameAs\":[\"https:\/\/facebook.com\/RaspberryPiDanmark\",\"https:\/\/x.com\/raspberrypidk\",\"https:\/\/instagram.com\/raspberrypi.dk\"]}]}<\/script>\n<!-- \/ Yoast SEO plugin. -->","yoast_head_json":{"title":"USB for TTL-RS232 Debug Kaapeli Raspberry Pi:lle \u2022 RaspberryPi.dk","robots":{"index":"index","follow":"follow","max-snippet":"max-snippet:-1","max-image-preview":"max-image-preview:large","max-video-preview":"max-video-preview:-1"},"canonical":"https:\/\/raspberrypi.dk\/fi\/tuote\/usb-til-ttl-rs232-debug-kaapeli-raspberry-pille\/","og_locale":"fi_FI","og_type":"article","og_title":"USB for TTL-RS232 Debug Kaapeli Raspberry Pi:lle \u2022 RaspberryPi.dk","og_description":"T\u00e4t\u00e4 kaapelia voidaan k\u00e4ytt\u00e4\u00e4 Raspberry Pi -laitteen virheenkorjaukseen, jos et esimerkiksi saa sit\u00e4 verkkosi kautta. Raspberry Pi:ss\u00e4 on kytkett\u00e4v\u00e4 sarjaliit\u00e4nt\u00e4 p\u00e4\u00e4lle, ja sitten Raspberry Pi:n ja USB:n kolme liitint\u00e4 liitet\u00e4\u00e4n ulkoiseen tietokoneeseen, josta voi keskustella sarjassa Raspberry Pi kanssa.","og_url":"https:\/\/raspberrypi.dk\/fi\/tuote\/usb-til-ttl-rs232-debug-kaapeli-raspberry-pille\/","og_site_name":"RaspberryPi.dk","article_publisher":"https:\/\/facebook.com\/RaspberryPiDanmark","article_modified_time":"2025-06-02T18:25:08+00:00","og_image":[{"width":1560,"height":1525,"url":"https:\/\/raspberrypi.dk\/wp-content\/uploads\/2019\/07\/usb-TTL_232R_Raspberry_Pi_debug.png","type":"image\/png"}],"twitter_card":"summary_large_image","twitter_site":"@raspberrypidk","twitter_misc":{"Arvioitu lukuaika":"1 minuutti"},"schema":{"@context":"https:\/\/schema.org","@graph":[{"@type":"WebPage","@id":"https:\/\/raspberrypi.dk\/fi\/tuote\/usb-til-ttl-rs232-debug-kaapeli-raspberry-pille\/","url":"https:\/\/raspberrypi.dk\/fi\/tuote\/usb-til-ttl-rs232-debug-kaapeli-raspberry-pille\/","name":"USB for TTL-RS232 Debug Kaapeli Raspberry Pi:lle \u2022 RaspberryPi.dk","isPartOf":{"@id":"https:\/\/raspberrypi.dk\/fi\/#website"},"primaryImageOfPage":{"@id":"https:\/\/raspberrypi.dk\/fi\/tuote\/usb-til-ttl-rs232-debug-kaapeli-raspberry-pille\/#primaryimage"},"image":{"@id":"https:\/\/raspberrypi.dk\/fi\/tuote\/usb-til-ttl-rs232-debug-kaapeli-raspberry-pille\/#primaryimage"},"thumbnailUrl":"https:\/\/raspberrypi.dk\/wp-content\/uploads\/2019\/07\/usb-TTL_232R_Raspberry_Pi_debug.png","datePublished":"2019-07-08T12:29:31+00:00","dateModified":"2025-06-02T18:25:08+00:00","breadcrumb":{"@id":"https:\/\/raspberrypi.dk\/fi\/tuote\/usb-til-ttl-rs232-debug-kaapeli-raspberry-pille\/#breadcrumb"},"inLanguage":"fi","potentialAction":[{"@type":"ReadAction","target":["https:\/\/raspberrypi.dk\/fi\/tuote\/usb-til-ttl-rs232-debug-kaapeli-raspberry-pille\/"]}]},{"@type":"ImageObject","inLanguage":"fi","@id":"https:\/\/raspberrypi.dk\/fi\/tuote\/usb-til-ttl-rs232-debug-kaapeli-raspberry-pille\/#primaryimage","url":"https:\/\/raspberrypi.dk\/wp-content\/uploads\/2019\/07\/usb-TTL_232R_Raspberry_Pi_debug.png","contentUrl":"https:\/\/raspberrypi.dk\/wp-content\/uploads\/2019\/07\/usb-TTL_232R_Raspberry_Pi_debug.png","width":1560,"height":1525,"caption":"usb til ttl rs232 raspberry pi debug kabel"},{"@type":"BreadcrumbList","@id":"https:\/\/raspberrypi.dk\/fi\/tuote\/usb-til-ttl-rs232-debug-kaapeli-raspberry-pille\/#breadcrumb","itemListElement":[{"@type":"ListItem","position":1,"name":"Hjem","item":"https:\/\/raspberrypi.dk\/fi\/raspberry-pi-verkkokauppa\/"},{"@type":"ListItem","position":2,"name":"Shop","item":"https:\/\/raspberrypi.dk\/fi\/shop-2\/"},{"@type":"ListItem","position":3,"name":"USB for TTL-RS232 Debug Kaapeli Raspberry Pi:lle"}]},{"@type":"WebSite","@id":"https:\/\/raspberrypi.dk\/fi\/#website","url":"https:\/\/raspberrypi.dk\/fi\/","name":"RaspberryPi.dk","description":"Danmarks f\u00f8rende Raspberry Pi side!","publisher":{"@id":"https:\/\/raspberrypi.dk\/fi\/#organization"},"potentialAction":[{"@type":"SearchAction","target":{"@type":"EntryPoint","urlTemplate":"https:\/\/raspberrypi.dk\/fi\/?s={search_term_string}"},"query-input":{"@type":"PropertyValueSpecification","valueRequired":true,"valueName":"search_term_string"}}],"inLanguage":"fi"},{"@type":"Organization","@id":"https:\/\/raspberrypi.dk\/fi\/#organization","name":"RaspberryPi.dk","url":"https:\/\/raspberrypi.dk\/fi\/","logo":{"@type":"ImageObject","inLanguage":"fi","@id":"https:\/\/raspberrypi.dk\/fi\/#\/schema\/logo\/image\/","url":"https:\/\/raspberrypi.dk\/wp-content\/uploads\/2017\/05\/RaspberryPidk_logo-2.png","contentUrl":"https:\/\/raspberrypi.dk\/wp-content\/uploads\/2017\/05\/RaspberryPidk_logo-2.png","width":470,"height":110,"caption":"RaspberryPi.dk"},"image":{"@id":"https:\/\/raspberrypi.dk\/fi\/#\/schema\/logo\/image\/"},"sameAs":["https:\/\/facebook.com\/RaspberryPiDanmark","https:\/\/x.com\/raspberrypidk","https:\/\/instagram.com\/raspberrypi.dk"]}]}},"_links":{"self":[{"href":"https:\/\/raspberrypi.dk\/fi\/wp-json\/wp\/v2\/product\/221891","targetHints":{"allow":["GET"]}}],"collection":[{"href":"https:\/\/raspberrypi.dk\/fi\/wp-json\/wp\/v2\/product"}],"about":[{"href":"https:\/\/raspberrypi.dk\/fi\/wp-json\/wp\/v2\/types\/product"}],"replies":[{"embeddable":true,"href":"https:\/\/raspberrypi.dk\/fi\/wp-json\/wp\/v2\/comments?post=221891"}],"wp:featuredmedia":[{"embeddable":true,"href":"https:\/\/raspberrypi.dk\/fi\/wp-json\/wp\/v2\/media\/221892"}],"wp:attachment":[{"href":"https:\/\/raspberrypi.dk\/fi\/wp-json\/wp\/v2\/media?parent=221891"}],"wp:term":[{"taxonomy":"product_brand","embeddable":true,"href":"https:\/\/raspberrypi.dk\/fi\/wp-json\/wp\/v2\/product_brand?post=221891"},{"taxonomy":"product_cat","embeddable":true,"href":"https:\/\/raspberrypi.dk\/fi\/wp-json\/wp\/v2\/product_cat?post=221891"},{"taxonomy":"product_tag","embeddable":true,"href":"https:\/\/raspberrypi.dk\/fi\/wp-json\/wp\/v2\/product_tag?post=221891"}],"curies":[{"name":"wp","href":"https:\/\/api.w.org\/{rel}","templated":true}]}}