{"id":221895,"date":"2019-07-01T17:28:07","date_gmt":"2019-07-01T15:28:07","guid":{"rendered":"https:\/\/raspberrypi.dk\/produkt\/puhallin-shim-raspberry-pille\/"},"modified":"2026-01-22T11:50:13","modified_gmt":"2026-01-22T10:50:13","slug":"puhallin-shim-raspberry-pille","status":"publish","type":"product","link":"https:\/\/raspberrypi.dk\/fi\/tuote\/puhallin-shim-raspberry-pille\/","title":{"rendered":"Puhallin SHIM Raspberry Pi:lle"},"content":{"rendered":"<p>Tuulettimen SHIM k\u00e4ytt\u00e4\u00e4 kitka-sovitinta, joten se vain liukuu Pi:n tappien p\u00e4\u00e4lle ja se on valmis k\u00e4ytt\u00f6\u00f6n, juottamista ei tarvita! Huomaa, ett\u00e4 tuulettimen korkeuden vuoksi, jos haluat k\u00e4ytt\u00e4\u00e4 HATeja tai pHATeja Fan SHIM:n kanssa, tarvitset tehostimen.<\/p>\n<p>Tuuletinta voidaan ohjata ohjelmistolla, joten voit tehd\u00e4 \u00e4lykk\u00e4it\u00e4 asioita, kuten asettaa sen k\u00e4ynnistym\u00e4\u00e4n, kun CPU saavuttaa tietyn l\u00e4mp\u00f6tilan. K\u00e4yt\u00e4 LEDi\u00e4 k\u00e4tev\u00e4n\u00e4 visuaalisena ilmaisimena n\u00e4ytt\u00e4\u00e4ksesi tuulettimen tilan, prosessorin kuormituksen\/l\u00e4mp\u00f6tilan tai paljon muuta! Ajastinkytkin voidaan my\u00f6s ohjelmoida niin, ett\u00e4 sen avulla voit kytke\u00e4 tuulettimen p\u00e4\u00e4lle tai pois p\u00e4\u00e4lt\u00e4 tai vaihtaa l\u00e4mp\u00f6tilalaukaisun tai manuaalisen tilan v\u00e4lill\u00e4.<\/p>\n<p>Voit lukea joitain yksityiskohtaisia \u200b\u200bbenchmarking-testej\u00e4 Fan SHIM:n j\u00e4\u00e4hdytyskyvyst\u00e4 t\u00e4\u00e4lt\u00e4 <a href=\"https:\/\/blog.pimoroni.com\/raspberry-pi-4-thermals-and-fan-shim\/\">Pimoroni-bloggen.<\/a><\/p>\n<h3>Toiminnot<\/h3>\n<ul>\n<li>30mm 5V DC tuuletin<\/li>\n<li>4200 rpm<\/li>\n<li>0,05 m3 \/ min ilmavirta<\/li>\n<li>18,6 dB akustinen melu<\/li>\n<li>Kitkasovittava otsikko<\/li>\n<li>Ei vaadi juottamista<\/li>\n<li>RGB-LED (APA102)<\/li>\n<li>Kosketuskytkin<\/li>\n<li>Peruskokoonpano vaaditaan<\/li>\n<li>Yhteensopiva Raspberry Pi 4:n (ja 3 B+, \u200b\u200b3 A+) kanssa<\/li>\n<li><a href=\"https:\/\/github.com\/pimoroni\/fanshim-python\">Python bibliotek<\/a> og daemon<\/li>\n<\/ul>\n<h2>Sarja sis\u00e4lt\u00e4\u00e4<\/h2>\n<ul>\n<li>Fan SHIM PCB<\/li>\n<li>30mm 5V DC tuuletin JST connector<\/li>\n<li>M2.5 nuts and bolts<\/li>\n<\/ul>\n<h3>Kokoelma<\/h3>\n<p>Kokoaminen on todella helppoa ja kest\u00e4\u00e4 alle kaksi minuuttia.<\/p>\n<ol>\n<li>Piirilevyn komponenttipuoli yl\u00f6sp\u00e4in, liu&#8217;uta kaksi M2.5-pulttia alla olevien reikien l\u00e4pi ja ruuvaa sis\u00e4\u00e4n ensimm\u00e4inen mutteripari kiinnitt\u00e4\u00e4ksesi ne ja toimivat v\u00e4likappaleina.<\/li>\n<li>Liu&#8217;uta tuulettimen kiinnitysrei\u00e4t alas pulttien p\u00e4\u00e4lle tuulettimen kaapelipuoli alasp\u00e4in (kuten kuvassa) ja tuulettimessa oleva teksti yl\u00f6sp\u00e4in. Kiinnit\u00e4 kahdella muulla mutterilla.<\/li>\n<li>Ty\u00f6nn\u00e4 tuulettimen JST-liitin tuulettimen SHIM-liittimeen.<\/li>\n<\/ol>\n<h2>Software<\/h2>\n<p><a href=\"https:\/\/github.com\/pimoroni\/fanshim-python\">Python bibliotek<\/a> voit ohjata tuuletinta (p\u00e4\u00e4ll\u00e4 \/ pois), RGB-LED-valoa ja kytkint\u00e4. On kourallinen <a href=\"https:\/\/github.com\/pimoroni\/fanshim-python\/tree\/master\/examples\">esimerkkej\u00e4,<\/a> jotka osoittavat, kuinka voit k\u00e4ytt\u00e4\u00e4 kutakin toimintoa ja <a href=\"https:\/\/github.com\/pimoroni\/fanshim-python\/blob\/master\/examples\/install-service.sh\">komentosarjaa demonin<\/a> (taustalla toimivan palvelun) asentamiseen, joka k\u00e4ynnist\u00e4\u00e4 tuulettimen automaattisessa tilassa ja kytkee sen p\u00e4\u00e4lle tai pois p\u00e4\u00e4lt\u00e4, kun CPU saavuttaa kynnysl\u00e4mp\u00f6tilan. , manuaalisella ohituksella painikkeella.<\/p>\n<h3>Huomautuksia<\/h3>\n<ul>\n<li>Kun asennat tai irrotat tuuletinta tai asennettua Fan SHIM:i\u00e4, \u00e4l\u00e4 paina itse tuuletinta, koska se voi rikkoutua.<\/li>\n<li>Ei heatsink yhteensopiva!<\/li>\n<li>Mitat: 45x39x11mm<\/li>\n<\/ul>\n","protected":false},"excerpt":{"rendered":"<p>Tuulettimen SHIM k\u00e4ytt\u00e4\u00e4 kitka-sovitinta, joten se vain liukuu Pi:n tappien p\u00e4\u00e4lle ja se on valmis k\u00e4ytt\u00f6\u00f6n, juottamista ei tarvita! Huomaa, ett\u00e4 tuulettimen korkeuden vuoksi, jos haluat k\u00e4ytt\u00e4\u00e4 HATeja tai pHATeja Fan SHIM:n kanssa, tarvitset tehostimen. Tuuletinta voidaan ohjata ohjelmistolla, joten voit tehd\u00e4 \u00e4lykk\u00e4it\u00e4 asioita, kuten asettaa sen k\u00e4ynnistym\u00e4\u00e4n, kun CPU saavuttaa tietyn l\u00e4mp\u00f6tilan. K\u00e4yt\u00e4 LEDi\u00e4 [&hellip;]<\/p>\n","protected":false},"featured_media":221896,"comment_status":"open","ping_status":"closed","template":"","meta":[],"product_brand":[],"product_cat":[732,736],"product_tag":[719],"class_list":{"0":"post-221895","1":"product","2":"type-product","3":"status-publish","4":"has-post-thumbnail","6":"product_cat-hats-gpio","7":"product_cat-raspberry-pi-kotelo","8":"product_tag-rpi4-fi","10":"first","11":"instock","12":"sale","13":"taxable","14":"shipping-taxable","15":"purchasable","16":"product-type-simple"},"composite_virtual":false,"composite_layout":"","composite_add_to_cart_form_location":"","composite_editable_in_cart":false,"composite_sold_individually_context":"","composite_shop_price_calc":"","composite_components":[],"composite_scenarios":[],"bundled_by":[],"bundle_stock_status":"instock","bundle_stock_quantity":3,"bundle_virtual":false,"bundle_layout":"","bundle_add_to_cart_form_location":"","bundle_editable_in_cart":false,"bundle_sold_individually_context":"","bundle_item_grouping":"","bundle_min_size":"","bundle_max_size":"","bundle_price":[],"bundled_items":[],"bundle_sell_ids":[],"yoast_head":"<!-- This site is optimized with the Yoast SEO plugin v27.1.1 - https:\/\/yoast.com\/product\/yoast-seo-wordpress\/ -->\n<title>Puhallin SHIM Raspberry Pi:lle \u2022 RaspberryPi.dk<\/title>\n<meta name=\"robots\" content=\"index, follow, max-snippet:-1, max-image-preview:large, max-video-preview:-1\" \/>\n<link rel=\"canonical\" href=\"https:\/\/raspberrypi.dk\/fi\/tuote\/puhallin-shim-raspberry-pille\/\" \/>\n<meta property=\"og:locale\" content=\"fi_FI\" \/>\n<meta property=\"og:type\" content=\"article\" \/>\n<meta property=\"og:title\" content=\"Puhallin SHIM Raspberry Pi:lle \u2022 RaspberryPi.dk\" \/>\n<meta property=\"og:description\" content=\"Tuulettimen SHIM k\u00e4ytt\u00e4\u00e4 kitka-sovitinta, joten se vain liukuu Pi:n tappien p\u00e4\u00e4lle ja se on valmis k\u00e4ytt\u00f6\u00f6n, juottamista ei tarvita! Huomaa, ett\u00e4 tuulettimen korkeuden vuoksi, jos haluat k\u00e4ytt\u00e4\u00e4 HATeja tai pHATeja Fan SHIM:n kanssa, tarvitset tehostimen. Tuuletinta voidaan ohjata ohjelmistolla, joten voit tehd\u00e4 \u00e4lykk\u00e4it\u00e4 asioita, kuten asettaa sen k\u00e4ynnistym\u00e4\u00e4n, kun CPU saavuttaa tietyn l\u00e4mp\u00f6tilan. K\u00e4yt\u00e4 LEDi\u00e4 [&hellip;]\" \/>\n<meta property=\"og:url\" content=\"https:\/\/raspberrypi.dk\/fi\/tuote\/puhallin-shim-raspberry-pille\/\" \/>\n<meta property=\"og:site_name\" content=\"RaspberryPi.dk\" \/>\n<meta property=\"article:publisher\" content=\"https:\/\/facebook.com\/RaspberryPiDanmark\" \/>\n<meta property=\"article:modified_time\" content=\"2026-01-22T10:50:13+00:00\" \/>\n<meta property=\"og:image\" content=\"https:\/\/raspberrypi.dk\/wp-content\/uploads\/2019\/07\/fan-shim-1.jpg\" \/>\n\t<meta property=\"og:image:width\" content=\"1024\" \/>\n\t<meta property=\"og:image:height\" content=\"1024\" \/>\n\t<meta property=\"og:image:type\" content=\"image\/jpeg\" \/>\n<meta name=\"twitter:card\" content=\"summary_large_image\" \/>\n<meta name=\"twitter:site\" content=\"@raspberrypidk\" \/>\n<meta name=\"twitter:label1\" content=\"Arvioitu lukuaika\" \/>\n\t<meta name=\"twitter:data1\" content=\"2 minuuttia\" \/>\n<script type=\"application\/ld+json\" class=\"yoast-schema-graph\">{\"@context\":\"https:\/\/schema.org\",\"@graph\":[{\"@type\":\"WebPage\",\"@id\":\"https:\/\/raspberrypi.dk\/fi\/tuote\/puhallin-shim-raspberry-pille\/\",\"url\":\"https:\/\/raspberrypi.dk\/fi\/tuote\/puhallin-shim-raspberry-pille\/\",\"name\":\"Puhallin SHIM Raspberry Pi:lle \u2022 RaspberryPi.dk\",\"isPartOf\":{\"@id\":\"https:\/\/raspberrypi.dk\/fi\/#website\"},\"primaryImageOfPage\":{\"@id\":\"https:\/\/raspberrypi.dk\/fi\/tuote\/puhallin-shim-raspberry-pille\/#primaryimage\"},\"image\":{\"@id\":\"https:\/\/raspberrypi.dk\/fi\/tuote\/puhallin-shim-raspberry-pille\/#primaryimage\"},\"thumbnailUrl\":\"https:\/\/raspberrypi.dk\/wp-content\/uploads\/2019\/07\/fan-shim-1.jpg\",\"datePublished\":\"2019-07-01T15:28:07+00:00\",\"dateModified\":\"2026-01-22T10:50:13+00:00\",\"breadcrumb\":{\"@id\":\"https:\/\/raspberrypi.dk\/fi\/tuote\/puhallin-shim-raspberry-pille\/#breadcrumb\"},\"inLanguage\":\"fi\",\"potentialAction\":[{\"@type\":\"ReadAction\",\"target\":[\"https:\/\/raspberrypi.dk\/fi\/tuote\/puhallin-shim-raspberry-pille\/\"]}]},{\"@type\":\"ImageObject\",\"inLanguage\":\"fi\",\"@id\":\"https:\/\/raspberrypi.dk\/fi\/tuote\/puhallin-shim-raspberry-pille\/#primaryimage\",\"url\":\"https:\/\/raspberrypi.dk\/wp-content\/uploads\/2019\/07\/fan-shim-1.jpg\",\"contentUrl\":\"https:\/\/raspberrypi.dk\/wp-content\/uploads\/2019\/07\/fan-shim-1.jpg\",\"width\":1024,\"height\":1024,\"caption\":\"tuuletin\/tuuletin shim vadelma pi\"},{\"@type\":\"BreadcrumbList\",\"@id\":\"https:\/\/raspberrypi.dk\/fi\/tuote\/puhallin-shim-raspberry-pille\/#breadcrumb\",\"itemListElement\":[{\"@type\":\"ListItem\",\"position\":1,\"name\":\"Hjem\",\"item\":\"https:\/\/raspberrypi.dk\/fi\/raspberry-pi-verkkokauppa\/\"},{\"@type\":\"ListItem\",\"position\":2,\"name\":\"Shop\",\"item\":\"https:\/\/raspberrypi.dk\/fi\/shop-2\/\"},{\"@type\":\"ListItem\",\"position\":3,\"name\":\"Puhallin SHIM Raspberry Pi:lle\"}]},{\"@type\":\"WebSite\",\"@id\":\"https:\/\/raspberrypi.dk\/fi\/#website\",\"url\":\"https:\/\/raspberrypi.dk\/fi\/\",\"name\":\"RaspberryPi.dk\",\"description\":\"Danmarks f\u00f8rende Raspberry Pi side!\",\"publisher\":{\"@id\":\"https:\/\/raspberrypi.dk\/fi\/#organization\"},\"potentialAction\":[{\"@type\":\"SearchAction\",\"target\":{\"@type\":\"EntryPoint\",\"urlTemplate\":\"https:\/\/raspberrypi.dk\/fi\/?s={search_term_string}\"},\"query-input\":{\"@type\":\"PropertyValueSpecification\",\"valueRequired\":true,\"valueName\":\"search_term_string\"}}],\"inLanguage\":\"fi\"},{\"@type\":\"Organization\",\"@id\":\"https:\/\/raspberrypi.dk\/fi\/#organization\",\"name\":\"RaspberryPi.dk\",\"url\":\"https:\/\/raspberrypi.dk\/fi\/\",\"logo\":{\"@type\":\"ImageObject\",\"inLanguage\":\"fi\",\"@id\":\"https:\/\/raspberrypi.dk\/fi\/#\/schema\/logo\/image\/\",\"url\":\"https:\/\/raspberrypi.dk\/wp-content\/uploads\/2017\/05\/RaspberryPidk_logo-2.png\",\"contentUrl\":\"https:\/\/raspberrypi.dk\/wp-content\/uploads\/2017\/05\/RaspberryPidk_logo-2.png\",\"width\":470,\"height\":110,\"caption\":\"RaspberryPi.dk\"},\"image\":{\"@id\":\"https:\/\/raspberrypi.dk\/fi\/#\/schema\/logo\/image\/\"},\"sameAs\":[\"https:\/\/facebook.com\/RaspberryPiDanmark\",\"https:\/\/x.com\/raspberrypidk\",\"https:\/\/instagram.com\/raspberrypi.dk\"]}]}<\/script>\n<!-- \/ Yoast SEO plugin. -->","yoast_head_json":{"title":"Puhallin SHIM Raspberry Pi:lle \u2022 RaspberryPi.dk","robots":{"index":"index","follow":"follow","max-snippet":"max-snippet:-1","max-image-preview":"max-image-preview:large","max-video-preview":"max-video-preview:-1"},"canonical":"https:\/\/raspberrypi.dk\/fi\/tuote\/puhallin-shim-raspberry-pille\/","og_locale":"fi_FI","og_type":"article","og_title":"Puhallin SHIM Raspberry Pi:lle \u2022 RaspberryPi.dk","og_description":"Tuulettimen SHIM k\u00e4ytt\u00e4\u00e4 kitka-sovitinta, joten se vain liukuu Pi:n tappien p\u00e4\u00e4lle ja se on valmis k\u00e4ytt\u00f6\u00f6n, juottamista ei tarvita! Huomaa, ett\u00e4 tuulettimen korkeuden vuoksi, jos haluat k\u00e4ytt\u00e4\u00e4 HATeja tai pHATeja Fan SHIM:n kanssa, tarvitset tehostimen. Tuuletinta voidaan ohjata ohjelmistolla, joten voit tehd\u00e4 \u00e4lykk\u00e4it\u00e4 asioita, kuten asettaa sen k\u00e4ynnistym\u00e4\u00e4n, kun CPU saavuttaa tietyn l\u00e4mp\u00f6tilan. K\u00e4yt\u00e4 LEDi\u00e4 [&hellip;]","og_url":"https:\/\/raspberrypi.dk\/fi\/tuote\/puhallin-shim-raspberry-pille\/","og_site_name":"RaspberryPi.dk","article_publisher":"https:\/\/facebook.com\/RaspberryPiDanmark","article_modified_time":"2026-01-22T10:50:13+00:00","og_image":[{"width":1024,"height":1024,"url":"https:\/\/raspberrypi.dk\/wp-content\/uploads\/2019\/07\/fan-shim-1.jpg","type":"image\/jpeg"}],"twitter_card":"summary_large_image","twitter_site":"@raspberrypidk","twitter_misc":{"Arvioitu lukuaika":"2 minuuttia"},"schema":{"@context":"https:\/\/schema.org","@graph":[{"@type":"WebPage","@id":"https:\/\/raspberrypi.dk\/fi\/tuote\/puhallin-shim-raspberry-pille\/","url":"https:\/\/raspberrypi.dk\/fi\/tuote\/puhallin-shim-raspberry-pille\/","name":"Puhallin SHIM Raspberry Pi:lle \u2022 RaspberryPi.dk","isPartOf":{"@id":"https:\/\/raspberrypi.dk\/fi\/#website"},"primaryImageOfPage":{"@id":"https:\/\/raspberrypi.dk\/fi\/tuote\/puhallin-shim-raspberry-pille\/#primaryimage"},"image":{"@id":"https:\/\/raspberrypi.dk\/fi\/tuote\/puhallin-shim-raspberry-pille\/#primaryimage"},"thumbnailUrl":"https:\/\/raspberrypi.dk\/wp-content\/uploads\/2019\/07\/fan-shim-1.jpg","datePublished":"2019-07-01T15:28:07+00:00","dateModified":"2026-01-22T10:50:13+00:00","breadcrumb":{"@id":"https:\/\/raspberrypi.dk\/fi\/tuote\/puhallin-shim-raspberry-pille\/#breadcrumb"},"inLanguage":"fi","potentialAction":[{"@type":"ReadAction","target":["https:\/\/raspberrypi.dk\/fi\/tuote\/puhallin-shim-raspberry-pille\/"]}]},{"@type":"ImageObject","inLanguage":"fi","@id":"https:\/\/raspberrypi.dk\/fi\/tuote\/puhallin-shim-raspberry-pille\/#primaryimage","url":"https:\/\/raspberrypi.dk\/wp-content\/uploads\/2019\/07\/fan-shim-1.jpg","contentUrl":"https:\/\/raspberrypi.dk\/wp-content\/uploads\/2019\/07\/fan-shim-1.jpg","width":1024,"height":1024,"caption":"tuuletin\/tuuletin shim vadelma pi"},{"@type":"BreadcrumbList","@id":"https:\/\/raspberrypi.dk\/fi\/tuote\/puhallin-shim-raspberry-pille\/#breadcrumb","itemListElement":[{"@type":"ListItem","position":1,"name":"Hjem","item":"https:\/\/raspberrypi.dk\/fi\/raspberry-pi-verkkokauppa\/"},{"@type":"ListItem","position":2,"name":"Shop","item":"https:\/\/raspberrypi.dk\/fi\/shop-2\/"},{"@type":"ListItem","position":3,"name":"Puhallin SHIM Raspberry Pi:lle"}]},{"@type":"WebSite","@id":"https:\/\/raspberrypi.dk\/fi\/#website","url":"https:\/\/raspberrypi.dk\/fi\/","name":"RaspberryPi.dk","description":"Danmarks f\u00f8rende Raspberry Pi side!","publisher":{"@id":"https:\/\/raspberrypi.dk\/fi\/#organization"},"potentialAction":[{"@type":"SearchAction","target":{"@type":"EntryPoint","urlTemplate":"https:\/\/raspberrypi.dk\/fi\/?s={search_term_string}"},"query-input":{"@type":"PropertyValueSpecification","valueRequired":true,"valueName":"search_term_string"}}],"inLanguage":"fi"},{"@type":"Organization","@id":"https:\/\/raspberrypi.dk\/fi\/#organization","name":"RaspberryPi.dk","url":"https:\/\/raspberrypi.dk\/fi\/","logo":{"@type":"ImageObject","inLanguage":"fi","@id":"https:\/\/raspberrypi.dk\/fi\/#\/schema\/logo\/image\/","url":"https:\/\/raspberrypi.dk\/wp-content\/uploads\/2017\/05\/RaspberryPidk_logo-2.png","contentUrl":"https:\/\/raspberrypi.dk\/wp-content\/uploads\/2017\/05\/RaspberryPidk_logo-2.png","width":470,"height":110,"caption":"RaspberryPi.dk"},"image":{"@id":"https:\/\/raspberrypi.dk\/fi\/#\/schema\/logo\/image\/"},"sameAs":["https:\/\/facebook.com\/RaspberryPiDanmark","https:\/\/x.com\/raspberrypidk","https:\/\/instagram.com\/raspberrypi.dk"]}]}},"_links":{"self":[{"href":"https:\/\/raspberrypi.dk\/fi\/wp-json\/wp\/v2\/product\/221895","targetHints":{"allow":["GET"]}}],"collection":[{"href":"https:\/\/raspberrypi.dk\/fi\/wp-json\/wp\/v2\/product"}],"about":[{"href":"https:\/\/raspberrypi.dk\/fi\/wp-json\/wp\/v2\/types\/product"}],"replies":[{"embeddable":true,"href":"https:\/\/raspberrypi.dk\/fi\/wp-json\/wp\/v2\/comments?post=221895"}],"wp:featuredmedia":[{"embeddable":true,"href":"https:\/\/raspberrypi.dk\/fi\/wp-json\/wp\/v2\/media\/221896"}],"wp:attachment":[{"href":"https:\/\/raspberrypi.dk\/fi\/wp-json\/wp\/v2\/media?parent=221895"}],"wp:term":[{"taxonomy":"product_brand","embeddable":true,"href":"https:\/\/raspberrypi.dk\/fi\/wp-json\/wp\/v2\/product_brand?post=221895"},{"taxonomy":"product_cat","embeddable":true,"href":"https:\/\/raspberrypi.dk\/fi\/wp-json\/wp\/v2\/product_cat?post=221895"},{"taxonomy":"product_tag","embeddable":true,"href":"https:\/\/raspberrypi.dk\/fi\/wp-json\/wp\/v2\/product_tag?post=221895"}],"curies":[{"name":"wp","href":"https:\/\/api.w.org\/{rel}","templated":true}]}}