{"id":221903,"date":"2019-07-01T16:53:39","date_gmt":"2019-07-01T14:53:39","guid":{"rendered":"https:\/\/raspberrypi.dk\/produkt\/inky-what-epaper-eink-epd-keltainen-musta-valkoinen\/"},"modified":"2025-06-25T13:43:58","modified_gmt":"2025-06-25T11:43:58","slug":"inky-what-epaper-eink-epd-keltainen-musta-valkoinen","status":"publish","type":"product","link":"https:\/\/raspberrypi.dk\/fi\/tuote\/inky-what-epaper-eink-epd-keltainen-musta-valkoinen\/","title":{"rendered":"Inky wHAT (ePaper\/eInk\/EPD) \u2013 Keltainen\/musta\/valkoinen"},"content":{"rendered":"<p>Suurempi n\u00e4ytt\u00f6 avaa paljon enemm\u00e4n vaihtoehtoja, ja siin\u00e4 on huomattavasti enemm\u00e4n tilaa tietojen n\u00e4ytt\u00e4miseen. Kuten Inky pHAT, n\u00e4ytt\u00f6 on ter\u00e4v\u00e4 ja luettavissa kirkkaassa auringonvalossa.<\/p>\n<p>K\u00e4yt\u00e4 Inky WHATi yksityiskohtaisena s\u00e4\u00e4n\u00e4ytt\u00f6n\u00e4, kalenterina, p\u00e4ivitt\u00e4isiin uutisraportteihin, kotit\u00f6iden luetteloimiseen tai voit jopa k\u00e4ytt\u00e4\u00e4 sit\u00e4 pienen\u00e4 tee-se-itse-e-lukulaitteena e-kirjojen lukemiseen.<\/p>\n<p><strong>Toiminnot<\/strong><\/p>\n<ul>\n<li>4,2&#8243; EPD-n\u00e4ytt\u00f6 (400&#215;300 pikseli\u00e4)<\/li>\n<li>Mukana 40-nastainen naarasotsikko t\u00e4yden koon Pis-korkeuden lis\u00e4\u00e4miseksi<\/li>\n<li>Mukana jalustat kiinnitt\u00e4m\u00e4\u00e4n Pi-laitteeseen turvallisesti<\/li>\n<li>Lis\u00e4nastat, mukaan lukien I2C ja SPI, rikkoutuivat<\/li>\n<li><a href=\"https:\/\/pinout.xyz\/pinout\/inky_phat\">Inky wHAT pinout<\/a><\/li>\n<li>Yhteensopiva kaikkien 40-nastaisten Raspberry Pi -mallien kanssa<\/li>\n<li><a href=\"https:\/\/github.com\/pimoroni\/inky\">Python bibliotek<\/a><\/li>\n<li>Toimitetaan t\u00e4ysin koottuna<\/li>\n<\/ul>\n<p>Moniv\u00e4riset EPD-n\u00e4yt\u00f6t, kuten Inky WHAT -n\u00e4yt\u00f6t, k\u00e4ytt\u00e4v\u00e4t nerokasta elektroforeesia v\u00e4rillisten hiukkasten vet\u00e4miseen yl\u00f6s ja alas n\u00e4yt\u00f6ss\u00e4. V\u00e4rilliset hiukkaset heijastavat valoa, toisin kuin useimmat n\u00e4ytt\u00f6tyypit, mik\u00e4 tarkoittaa, ett\u00e4 ne n\u00e4kyv\u00e4t kirkkaassa valossa. N\u00e4yt\u00f6n p\u00e4ivitt\u00e4minen kest\u00e4\u00e4 yleens\u00e4 25 sekuntia.<\/p>\n<p>Kaikki toimitetaan t\u00e4ysin koottuna, eik\u00e4 juottamista tarvita! N\u00e4ytt\u00f6 on kiinnitetty tukevasti Inky wHAT PCB:hen ja liitetty nauhakaapelilla. Aseta vain Inky what Pi-laitteeseesi ja suorita asennus, niin saat kaiken valmiiksi!<\/p>\n<p>Pinnat, mukaan lukien I2C ja SPI, on my\u00f6s vedetty Inky wHATin taakse, jolloin voit yhdist\u00e4\u00e4 useita laitteita ja n\u00e4ytt\u00e4\u00e4 niiden tiedot suoraan n\u00e4yt\u00f6ll\u00e4.<\/p>\n<p>Se toimii mink\u00e4 tahansa Pi:n 40-nastaisen version kanssa, mukaan lukien Pi Zero ja Pi Zero W.<\/p>\n<p><strong>Software<\/strong><\/p>\n<p><a href=\"https:\/\/github.com\/pimoroni\/inky\">Python-biblioteket<\/a> helpottaa tekstin ja kuvien n\u00e4ytt\u00e4mist\u00e4 Inky pHATissa, ja esimerkkej\u00e4 ovat s\u00f6p\u00f6 kello ja s\u00e4\u00e4n\u00e4ytt\u00f6. Python-kirjastoon on my\u00f6s koottu yksirivinen asennusohjelma, joka tekee asennuksesta hieman yksinkertaisempaa.<\/p>\n<p><strong>Huomautuksia<\/strong><\/p>\n<ul>\n<li>Pro-vinkki: Voit k\u00e4sitell\u00e4 kolmiv\u00e4risi\u00e4 n\u00e4ytt\u00f6j\u00e4 mustavalkoisina &#8211; InkyPHAT (&#8221;musta&#8221;) &#8211; ja ne p\u00e4ivittyv\u00e4t yht\u00e4 nopeasti kuin mustavalkoinen n\u00e4ytt\u00f6 vain muutamassa sekunnissa<\/li>\n<li><strong>Inky wHAT -n\u00e4ytt\u00f6 on valmistettu lasista, joten se on melko hauras. Varo pudottamasta sit\u00e4 tai painamasta sit\u00e4 liian lujasti, sill\u00e4 muuten se rikkoutuu. Kun asennat wHAT, pid\u00e4 kiinni levyn reunasta sen sijaan, ett\u00e4 painat sen yl\u00e4osaa.<\/strong><\/li>\n<li>Kokonaismitat: 91x77x8,5mm (LxKxS, syvyys sis\u00e4lt\u00e4\u00e4 otsikon ja n\u00e4yt\u00f6n)<\/li>\n<li>N\u00e4yt\u00f6n k\u00e4ytt\u00f6kelvottoman alueen mitat: 84,8 x 63,6 mm (LxK), 4,2&#8243; l\u00e4vist\u00e4j\u00e4<\/li>\n<\/ul>\n","protected":false},"excerpt":{"rendered":"<p><strong>Inky wHAT<\/strong> er et 400&#215;300 pixel elektroninen paperin\u00e4ytt\u00f6 (ePaper \/ eInk \/ EPD) Raspberry Pi, Inky pHAT -n\u00e4yt\u00f6n suuremmalle versiolle, jossa on yli 5x pikselien m\u00e4\u00e4r\u00e4.<\/p>\n","protected":false},"featured_media":218499,"comment_status":"open","ping_status":"closed","template":"","meta":[],"product_brand":[],"product_cat":[732,728],"product_tag":[719,718],"class_list":{"0":"post-221903","1":"product","2":"type-product","3":"status-publish","4":"has-post-thumbnail","6":"product_cat-hats-gpio","7":"product_cat-raspberry-pi-naytot","8":"product_tag-rpi4-fi","9":"product_tag-rpi5-fi","11":"first","12":"instock","13":"taxable","14":"shipping-taxable","15":"purchasable","16":"product-type-simple"},"composite_virtual":false,"composite_layout":"","composite_add_to_cart_form_location":"","composite_editable_in_cart":false,"composite_sold_individually_context":"","composite_shop_price_calc":"","composite_components":[],"composite_scenarios":[],"bundled_by":[],"bundle_stock_status":"instock","bundle_stock_quantity":1,"bundle_virtual":false,"bundle_layout":"","bundle_add_to_cart_form_location":"","bundle_editable_in_cart":false,"bundle_sold_individually_context":"","bundle_item_grouping":"","bundle_min_size":"","bundle_max_size":"","bundle_price":[],"bundled_items":[],"bundle_sell_ids":[],"yoast_head":"<!-- This site is optimized with the Yoast SEO plugin v27.1.1 - https:\/\/yoast.com\/product\/yoast-seo-wordpress\/ -->\n<title>Inky wHAT (ePaper\/eInk\/EPD) \u2013 Keltainen\/musta\/valkoinen \u2022 RaspberryPi.dk<\/title>\n<meta name=\"robots\" content=\"index, follow, max-snippet:-1, max-image-preview:large, max-video-preview:-1\" \/>\n<link rel=\"canonical\" href=\"https:\/\/raspberrypi.dk\/fi\/tuote\/inky-what-epaper-eink-epd-keltainen-musta-valkoinen\/\" \/>\n<meta property=\"og:locale\" content=\"fi_FI\" \/>\n<meta property=\"og:type\" content=\"article\" \/>\n<meta property=\"og:title\" content=\"Inky wHAT (ePaper\/eInk\/EPD) \u2013 Keltainen\/musta\/valkoinen \u2022 RaspberryPi.dk\" \/>\n<meta property=\"og:description\" content=\"Inky wHAT er et 400x300 pixel elektroninen paperin\u00e4ytt\u00f6 (ePaper \/ eInk \/ EPD) Raspberry Pi, Inky pHAT -n\u00e4yt\u00f6n suuremmalle versiolle, jossa on yli 5x pikselien m\u00e4\u00e4r\u00e4.\" \/>\n<meta property=\"og:url\" content=\"https:\/\/raspberrypi.dk\/fi\/tuote\/inky-what-epaper-eink-epd-keltainen-musta-valkoinen\/\" \/>\n<meta property=\"og:site_name\" content=\"RaspberryPi.dk\" \/>\n<meta property=\"article:publisher\" content=\"https:\/\/facebook.com\/RaspberryPiDanmark\" \/>\n<meta property=\"article:modified_time\" content=\"2025-06-25T11:43:58+00:00\" \/>\n<meta property=\"og:image\" content=\"https:\/\/raspberrypi.dk\/wp-content\/uploads\/2019\/07\/inky-what-cephalo-8_1024x1024_e3b31f26-c52e-4ee8-a288-75c25491bfae_1024x1024.webp\" \/>\n\t<meta property=\"og:image:width\" content=\"1024\" \/>\n\t<meta property=\"og:image:height\" content=\"1024\" \/>\n\t<meta property=\"og:image:type\" content=\"image\/webp\" \/>\n<meta name=\"twitter:card\" content=\"summary_large_image\" \/>\n<meta name=\"twitter:site\" content=\"@raspberrypidk\" \/>\n<meta name=\"twitter:label1\" content=\"Arvioitu lukuaika\" \/>\n\t<meta name=\"twitter:data1\" content=\"2 minuuttia\" \/>\n<script type=\"application\/ld+json\" class=\"yoast-schema-graph\">{\"@context\":\"https:\/\/schema.org\",\"@graph\":[{\"@type\":\"WebPage\",\"@id\":\"https:\/\/raspberrypi.dk\/fi\/tuote\/inky-what-epaper-eink-epd-keltainen-musta-valkoinen\/\",\"url\":\"https:\/\/raspberrypi.dk\/fi\/tuote\/inky-what-epaper-eink-epd-keltainen-musta-valkoinen\/\",\"name\":\"Inky wHAT (ePaper\/eInk\/EPD) \u2013 Keltainen\/musta\/valkoinen \u2022 RaspberryPi.dk\",\"isPartOf\":{\"@id\":\"https:\/\/raspberrypi.dk\/fi\/#website\"},\"primaryImageOfPage\":{\"@id\":\"https:\/\/raspberrypi.dk\/fi\/tuote\/inky-what-epaper-eink-epd-keltainen-musta-valkoinen\/#primaryimage\"},\"image\":{\"@id\":\"https:\/\/raspberrypi.dk\/fi\/tuote\/inky-what-epaper-eink-epd-keltainen-musta-valkoinen\/#primaryimage\"},\"thumbnailUrl\":\"https:\/\/raspberrypi.dk\/wp-content\/uploads\/2019\/07\/inky-what-cephalo-8_1024x1024_e3b31f26-c52e-4ee8-a288-75c25491bfae_1024x1024.webp\",\"datePublished\":\"2019-07-01T14:53:39+00:00\",\"dateModified\":\"2025-06-25T11:43:58+00:00\",\"breadcrumb\":{\"@id\":\"https:\/\/raspberrypi.dk\/fi\/tuote\/inky-what-epaper-eink-epd-keltainen-musta-valkoinen\/#breadcrumb\"},\"inLanguage\":\"fi\",\"potentialAction\":[{\"@type\":\"ReadAction\",\"target\":[\"https:\/\/raspberrypi.dk\/fi\/tuote\/inky-what-epaper-eink-epd-keltainen-musta-valkoinen\/\"]}]},{\"@type\":\"ImageObject\",\"inLanguage\":\"fi\",\"@id\":\"https:\/\/raspberrypi.dk\/fi\/tuote\/inky-what-epaper-eink-epd-keltainen-musta-valkoinen\/#primaryimage\",\"url\":\"https:\/\/raspberrypi.dk\/wp-content\/uploads\/2019\/07\/inky-what-cephalo-8_1024x1024_e3b31f26-c52e-4ee8-a288-75c25491bfae_1024x1024.webp\",\"contentUrl\":\"https:\/\/raspberrypi.dk\/wp-content\/uploads\/2019\/07\/inky-what-cephalo-8_1024x1024_e3b31f26-c52e-4ee8-a288-75c25491bfae_1024x1024.webp\",\"width\":1024,\"height\":1024,\"caption\":\"Inky wHAT (ePapereInkEPD)\"},{\"@type\":\"BreadcrumbList\",\"@id\":\"https:\/\/raspberrypi.dk\/fi\/tuote\/inky-what-epaper-eink-epd-keltainen-musta-valkoinen\/#breadcrumb\",\"itemListElement\":[{\"@type\":\"ListItem\",\"position\":1,\"name\":\"Hjem\",\"item\":\"https:\/\/raspberrypi.dk\/fi\/raspberry-pi-verkkokauppa\/\"},{\"@type\":\"ListItem\",\"position\":2,\"name\":\"Shop\",\"item\":\"https:\/\/raspberrypi.dk\/fi\/shop-2\/\"},{\"@type\":\"ListItem\",\"position\":3,\"name\":\"Inky wHAT (ePaper\/eInk\/EPD) \u2013 Keltainen\/musta\/valkoinen\"}]},{\"@type\":\"WebSite\",\"@id\":\"https:\/\/raspberrypi.dk\/fi\/#website\",\"url\":\"https:\/\/raspberrypi.dk\/fi\/\",\"name\":\"RaspberryPi.dk\",\"description\":\"Danmarks f\u00f8rende Raspberry Pi side!\",\"publisher\":{\"@id\":\"https:\/\/raspberrypi.dk\/fi\/#organization\"},\"potentialAction\":[{\"@type\":\"SearchAction\",\"target\":{\"@type\":\"EntryPoint\",\"urlTemplate\":\"https:\/\/raspberrypi.dk\/fi\/?s={search_term_string}\"},\"query-input\":{\"@type\":\"PropertyValueSpecification\",\"valueRequired\":true,\"valueName\":\"search_term_string\"}}],\"inLanguage\":\"fi\"},{\"@type\":\"Organization\",\"@id\":\"https:\/\/raspberrypi.dk\/fi\/#organization\",\"name\":\"RaspberryPi.dk\",\"url\":\"https:\/\/raspberrypi.dk\/fi\/\",\"logo\":{\"@type\":\"ImageObject\",\"inLanguage\":\"fi\",\"@id\":\"https:\/\/raspberrypi.dk\/fi\/#\/schema\/logo\/image\/\",\"url\":\"https:\/\/raspberrypi.dk\/wp-content\/uploads\/2017\/05\/RaspberryPidk_logo-2.png\",\"contentUrl\":\"https:\/\/raspberrypi.dk\/wp-content\/uploads\/2017\/05\/RaspberryPidk_logo-2.png\",\"width\":470,\"height\":110,\"caption\":\"RaspberryPi.dk\"},\"image\":{\"@id\":\"https:\/\/raspberrypi.dk\/fi\/#\/schema\/logo\/image\/\"},\"sameAs\":[\"https:\/\/facebook.com\/RaspberryPiDanmark\",\"https:\/\/x.com\/raspberrypidk\",\"https:\/\/instagram.com\/raspberrypi.dk\"]}]}<\/script>\n<!-- \/ Yoast SEO plugin. -->","yoast_head_json":{"title":"Inky wHAT (ePaper\/eInk\/EPD) \u2013 Keltainen\/musta\/valkoinen \u2022 RaspberryPi.dk","robots":{"index":"index","follow":"follow","max-snippet":"max-snippet:-1","max-image-preview":"max-image-preview:large","max-video-preview":"max-video-preview:-1"},"canonical":"https:\/\/raspberrypi.dk\/fi\/tuote\/inky-what-epaper-eink-epd-keltainen-musta-valkoinen\/","og_locale":"fi_FI","og_type":"article","og_title":"Inky wHAT (ePaper\/eInk\/EPD) \u2013 Keltainen\/musta\/valkoinen \u2022 RaspberryPi.dk","og_description":"Inky wHAT er et 400x300 pixel elektroninen paperin\u00e4ytt\u00f6 (ePaper \/ eInk \/ EPD) Raspberry Pi, Inky pHAT -n\u00e4yt\u00f6n suuremmalle versiolle, jossa on yli 5x pikselien m\u00e4\u00e4r\u00e4.","og_url":"https:\/\/raspberrypi.dk\/fi\/tuote\/inky-what-epaper-eink-epd-keltainen-musta-valkoinen\/","og_site_name":"RaspberryPi.dk","article_publisher":"https:\/\/facebook.com\/RaspberryPiDanmark","article_modified_time":"2025-06-25T11:43:58+00:00","og_image":[{"width":1024,"height":1024,"url":"https:\/\/raspberrypi.dk\/wp-content\/uploads\/2019\/07\/inky-what-cephalo-8_1024x1024_e3b31f26-c52e-4ee8-a288-75c25491bfae_1024x1024.webp","type":"image\/webp"}],"twitter_card":"summary_large_image","twitter_site":"@raspberrypidk","twitter_misc":{"Arvioitu lukuaika":"2 minuuttia"},"schema":{"@context":"https:\/\/schema.org","@graph":[{"@type":"WebPage","@id":"https:\/\/raspberrypi.dk\/fi\/tuote\/inky-what-epaper-eink-epd-keltainen-musta-valkoinen\/","url":"https:\/\/raspberrypi.dk\/fi\/tuote\/inky-what-epaper-eink-epd-keltainen-musta-valkoinen\/","name":"Inky wHAT (ePaper\/eInk\/EPD) \u2013 Keltainen\/musta\/valkoinen \u2022 RaspberryPi.dk","isPartOf":{"@id":"https:\/\/raspberrypi.dk\/fi\/#website"},"primaryImageOfPage":{"@id":"https:\/\/raspberrypi.dk\/fi\/tuote\/inky-what-epaper-eink-epd-keltainen-musta-valkoinen\/#primaryimage"},"image":{"@id":"https:\/\/raspberrypi.dk\/fi\/tuote\/inky-what-epaper-eink-epd-keltainen-musta-valkoinen\/#primaryimage"},"thumbnailUrl":"https:\/\/raspberrypi.dk\/wp-content\/uploads\/2019\/07\/inky-what-cephalo-8_1024x1024_e3b31f26-c52e-4ee8-a288-75c25491bfae_1024x1024.webp","datePublished":"2019-07-01T14:53:39+00:00","dateModified":"2025-06-25T11:43:58+00:00","breadcrumb":{"@id":"https:\/\/raspberrypi.dk\/fi\/tuote\/inky-what-epaper-eink-epd-keltainen-musta-valkoinen\/#breadcrumb"},"inLanguage":"fi","potentialAction":[{"@type":"ReadAction","target":["https:\/\/raspberrypi.dk\/fi\/tuote\/inky-what-epaper-eink-epd-keltainen-musta-valkoinen\/"]}]},{"@type":"ImageObject","inLanguage":"fi","@id":"https:\/\/raspberrypi.dk\/fi\/tuote\/inky-what-epaper-eink-epd-keltainen-musta-valkoinen\/#primaryimage","url":"https:\/\/raspberrypi.dk\/wp-content\/uploads\/2019\/07\/inky-what-cephalo-8_1024x1024_e3b31f26-c52e-4ee8-a288-75c25491bfae_1024x1024.webp","contentUrl":"https:\/\/raspberrypi.dk\/wp-content\/uploads\/2019\/07\/inky-what-cephalo-8_1024x1024_e3b31f26-c52e-4ee8-a288-75c25491bfae_1024x1024.webp","width":1024,"height":1024,"caption":"Inky wHAT (ePapereInkEPD)"},{"@type":"BreadcrumbList","@id":"https:\/\/raspberrypi.dk\/fi\/tuote\/inky-what-epaper-eink-epd-keltainen-musta-valkoinen\/#breadcrumb","itemListElement":[{"@type":"ListItem","position":1,"name":"Hjem","item":"https:\/\/raspberrypi.dk\/fi\/raspberry-pi-verkkokauppa\/"},{"@type":"ListItem","position":2,"name":"Shop","item":"https:\/\/raspberrypi.dk\/fi\/shop-2\/"},{"@type":"ListItem","position":3,"name":"Inky wHAT (ePaper\/eInk\/EPD) \u2013 Keltainen\/musta\/valkoinen"}]},{"@type":"WebSite","@id":"https:\/\/raspberrypi.dk\/fi\/#website","url":"https:\/\/raspberrypi.dk\/fi\/","name":"RaspberryPi.dk","description":"Danmarks f\u00f8rende Raspberry Pi side!","publisher":{"@id":"https:\/\/raspberrypi.dk\/fi\/#organization"},"potentialAction":[{"@type":"SearchAction","target":{"@type":"EntryPoint","urlTemplate":"https:\/\/raspberrypi.dk\/fi\/?s={search_term_string}"},"query-input":{"@type":"PropertyValueSpecification","valueRequired":true,"valueName":"search_term_string"}}],"inLanguage":"fi"},{"@type":"Organization","@id":"https:\/\/raspberrypi.dk\/fi\/#organization","name":"RaspberryPi.dk","url":"https:\/\/raspberrypi.dk\/fi\/","logo":{"@type":"ImageObject","inLanguage":"fi","@id":"https:\/\/raspberrypi.dk\/fi\/#\/schema\/logo\/image\/","url":"https:\/\/raspberrypi.dk\/wp-content\/uploads\/2017\/05\/RaspberryPidk_logo-2.png","contentUrl":"https:\/\/raspberrypi.dk\/wp-content\/uploads\/2017\/05\/RaspberryPidk_logo-2.png","width":470,"height":110,"caption":"RaspberryPi.dk"},"image":{"@id":"https:\/\/raspberrypi.dk\/fi\/#\/schema\/logo\/image\/"},"sameAs":["https:\/\/facebook.com\/RaspberryPiDanmark","https:\/\/x.com\/raspberrypidk","https:\/\/instagram.com\/raspberrypi.dk"]}]}},"_links":{"self":[{"href":"https:\/\/raspberrypi.dk\/fi\/wp-json\/wp\/v2\/product\/221903","targetHints":{"allow":["GET"]}}],"collection":[{"href":"https:\/\/raspberrypi.dk\/fi\/wp-json\/wp\/v2\/product"}],"about":[{"href":"https:\/\/raspberrypi.dk\/fi\/wp-json\/wp\/v2\/types\/product"}],"replies":[{"embeddable":true,"href":"https:\/\/raspberrypi.dk\/fi\/wp-json\/wp\/v2\/comments?post=221903"}],"wp:featuredmedia":[{"embeddable":true,"href":"https:\/\/raspberrypi.dk\/fi\/wp-json\/wp\/v2\/media\/218499"}],"wp:attachment":[{"href":"https:\/\/raspberrypi.dk\/fi\/wp-json\/wp\/v2\/media?parent=221903"}],"wp:term":[{"taxonomy":"product_brand","embeddable":true,"href":"https:\/\/raspberrypi.dk\/fi\/wp-json\/wp\/v2\/product_brand?post=221903"},{"taxonomy":"product_cat","embeddable":true,"href":"https:\/\/raspberrypi.dk\/fi\/wp-json\/wp\/v2\/product_cat?post=221903"},{"taxonomy":"product_tag","embeddable":true,"href":"https:\/\/raspberrypi.dk\/fi\/wp-json\/wp\/v2\/product_tag?post=221903"}],"curies":[{"name":"wp","href":"https:\/\/api.w.org\/{rel}","templated":true}]}}