{"id":221909,"date":"2019-06-30T19:18:25","date_gmt":"2019-06-30T17:18:25","guid":{"rendered":"https:\/\/raspberrypi.dk\/produkt\/lipo-shim\/"},"modified":"2024-04-13T14:56:19","modified_gmt":"2024-04-13T12:56:19","slug":"lipo-shim","status":"publish","type":"product","link":"https:\/\/raspberrypi.dk\/fi\/tuote\/lipo-shim\/","title":{"rendered":"LiPo SHIM"},"content":{"rendered":"<p><strong>Toiminnot<\/strong><\/p>\n<ul>\n<li>0,8 mm paksu PCB<\/li>\n<li>Muotoiltu istumaan mahdollisimman matalalla Raspberry Pi:ss\u00e4<\/li>\n<li>2-nastainen JST-liitin sopii useimpiin LiPo\/LiIon-akuihin<br \/>\nLED virtaa ja akun heikkenemist\u00e4 varten<\/li>\n<li>Antaa jopa 1,5A jatkuvaa virtaa (15uA tyhj\u00e4k\u00e4yntiaika)<\/li>\n<li>Alhaisen akun varoitus 3,4 V:lla (GPIO #4 alhainen)<\/li>\n<li>Automaattinen sammutus 3,0 V:lla akun suojaamiseksi<\/li>\n<li>VBAT +, GND ja EN pin k\u00e4ytett\u00e4viss\u00e4<\/li>\n<li>2&#215;6 0,1&#8243; naarasotsikko (valinnainen ei-pysyv\u00e4\u00e4n asennukseen)<\/li>\n<li>Mukana kumijalka pit\u00e4\u00e4 LiPo SHIM poissa Raspberry Pi:st\u00e4<\/li>\n<li><a href=\"https:\/\/pinout.xyz\/pinout\/zero_lipo\">LiPo SHIM pinout<\/a><\/li>\n<li>Yhteensopiva kaikkien 40-nastaisten Raspberry Pi -mallien kanssa<\/li>\n<li><strong>Vaatii juottamisen<\/strong><\/li>\n<li><strong>Akku ei sis\u00e4lly toimitukseen<\/strong><\/li>\n<\/ul>\n<p><strong>Software<\/strong><\/p>\n<p>Yksirivinen asennusohjelma on luotu, joka k\u00e4ynnist\u00e4\u00e4 puhtaan sammutuksen, kun heikon akun varoitus laukeaa ja GPIO #4 vedet\u00e4\u00e4n alhaiseksi. Lis\u00e4tietoja on saatavilla<a href=\"https:\/\/github.com\/pimoroni\/clean-shutdown\"> t\u00e4\u00e4lt\u00e4 GitHub-arkistosta.<\/a><\/p>\n<p><strong>HUOMIO<\/strong>!<\/p>\n<p>T\u00e4m\u00e4 ei ole laturi. Tarvitset erillisen laturin pit\u00e4\u00e4ksesi LiPo\/LiIon-akut ladattuna!<\/p>\n<p>Rikkoutuneita VBAT+- ja GND-nastoja voidaan k\u00e4ytt\u00e4\u00e4 vaihtoehtoisena virransy\u00f6tt\u00f6tapana, esimerkiksi jos haluat juottaa oman JST-liittimesi johtimilla pident\u00e4\u00e4ksesi sit\u00e4 hieman.<\/p>\n<p>EN-nasta voidaan vet\u00e4\u00e4 GND:hen kytke\u00e4ksesi virran pois LiPo SHIM:st\u00e4.<\/p>\n","protected":false},"excerpt":{"rendered":"<p>T\u00e4m\u00e4 pieni LiPo\/LiIon-virtal\u00e4hteen v\u00e4lilevy mahdollistaa Raspberry Pi virransy\u00f6t\u00f6n akun kautta.<\/p>\n","protected":false},"featured_media":221910,"comment_status":"open","ping_status":"closed","template":"","meta":[],"product_brand":[],"product_cat":[732,731],"product_tag":[719,718],"class_list":{"0":"post-221909","1":"product","2":"type-product","3":"status-publish","4":"has-post-thumbnail","6":"product_cat-hats-gpio","7":"product_cat-raspberry-pi-virtalaehteet","8":"product_tag-rpi4-fi","9":"product_tag-rpi5-fi","11":"first","12":"outofstock","13":"taxable","14":"shipping-taxable","15":"purchasable","16":"product-type-simple"},"composite_virtual":false,"composite_layout":"","composite_add_to_cart_form_location":"","composite_editable_in_cart":false,"composite_sold_individually_context":"","composite_shop_price_calc":"","composite_components":[],"composite_scenarios":[],"bundled_by":[],"bundle_stock_status":"outofstock","bundle_stock_quantity":0,"bundle_virtual":false,"bundle_layout":"","bundle_add_to_cart_form_location":"","bundle_editable_in_cart":false,"bundle_sold_individually_context":"","bundle_item_grouping":"","bundle_min_size":"","bundle_max_size":"","bundle_price":[],"bundled_items":[],"bundle_sell_ids":[221092],"yoast_head":"<!-- This site is optimized with the Yoast SEO plugin v27.1.1 - https:\/\/yoast.com\/product\/yoast-seo-wordpress\/ -->\n<title>LiPo SHIM \u2022 RaspberryPi.dk<\/title>\n<meta name=\"robots\" content=\"index, follow, max-snippet:-1, max-image-preview:large, max-video-preview:-1\" \/>\n<link rel=\"canonical\" href=\"https:\/\/raspberrypi.dk\/fi\/tuote\/lipo-shim\/\" \/>\n<meta property=\"og:locale\" content=\"fi_FI\" \/>\n<meta property=\"og:type\" content=\"article\" \/>\n<meta property=\"og:title\" content=\"LiPo SHIM \u2022 RaspberryPi.dk\" \/>\n<meta property=\"og:description\" content=\"T\u00e4m\u00e4 pieni LiPo\/LiIon-virtal\u00e4hteen v\u00e4lilevy mahdollistaa Raspberry Pi virransy\u00f6t\u00f6n akun kautta.\" \/>\n<meta property=\"og:url\" content=\"https:\/\/raspberrypi.dk\/fi\/tuote\/lipo-shim\/\" \/>\n<meta property=\"og:site_name\" content=\"RaspberryPi.dk\" \/>\n<meta property=\"article:publisher\" content=\"https:\/\/facebook.com\/RaspberryPiDanmark\" \/>\n<meta property=\"article:modified_time\" content=\"2024-04-13T12:56:19+00:00\" \/>\n<meta property=\"og:image\" content=\"https:\/\/raspberrypi.dk\/wp-content\/uploads\/2019\/06\/lipo-shim-1.jpg\" \/>\n\t<meta property=\"og:image:width\" content=\"600\" \/>\n\t<meta property=\"og:image:height\" content=\"600\" \/>\n\t<meta property=\"og:image:type\" content=\"image\/jpeg\" \/>\n<meta name=\"twitter:card\" content=\"summary_large_image\" \/>\n<meta name=\"twitter:site\" content=\"@raspberrypidk\" \/>\n<meta name=\"twitter:label1\" content=\"Arvioitu lukuaika\" \/>\n\t<meta name=\"twitter:data1\" content=\"1 minuutti\" \/>\n<script type=\"application\/ld+json\" class=\"yoast-schema-graph\">{\"@context\":\"https:\/\/schema.org\",\"@graph\":[{\"@type\":\"WebPage\",\"@id\":\"https:\/\/raspberrypi.dk\/fi\/tuote\/lipo-shim\/\",\"url\":\"https:\/\/raspberrypi.dk\/fi\/tuote\/lipo-shim\/\",\"name\":\"LiPo SHIM \u2022 RaspberryPi.dk\",\"isPartOf\":{\"@id\":\"https:\/\/raspberrypi.dk\/fi\/#website\"},\"primaryImageOfPage\":{\"@id\":\"https:\/\/raspberrypi.dk\/fi\/tuote\/lipo-shim\/#primaryimage\"},\"image\":{\"@id\":\"https:\/\/raspberrypi.dk\/fi\/tuote\/lipo-shim\/#primaryimage\"},\"thumbnailUrl\":\"https:\/\/raspberrypi.dk\/wp-content\/uploads\/2019\/06\/lipo-shim-1.jpg\",\"datePublished\":\"2019-06-30T17:18:25+00:00\",\"dateModified\":\"2024-04-13T12:56:19+00:00\",\"breadcrumb\":{\"@id\":\"https:\/\/raspberrypi.dk\/fi\/tuote\/lipo-shim\/#breadcrumb\"},\"inLanguage\":\"fi\",\"potentialAction\":[{\"@type\":\"ReadAction\",\"target\":[\"https:\/\/raspberrypi.dk\/fi\/tuote\/lipo-shim\/\"]}]},{\"@type\":\"ImageObject\",\"inLanguage\":\"fi\",\"@id\":\"https:\/\/raspberrypi.dk\/fi\/tuote\/lipo-shim\/#primaryimage\",\"url\":\"https:\/\/raspberrypi.dk\/wp-content\/uploads\/2019\/06\/lipo-shim-1.jpg\",\"contentUrl\":\"https:\/\/raspberrypi.dk\/wp-content\/uploads\/2019\/06\/lipo-shim-1.jpg\",\"width\":600,\"height\":600,\"caption\":\"lipo shim akkuliit\u00e4nt\u00e4 Raspberry pi:lle\"},{\"@type\":\"BreadcrumbList\",\"@id\":\"https:\/\/raspberrypi.dk\/fi\/tuote\/lipo-shim\/#breadcrumb\",\"itemListElement\":[{\"@type\":\"ListItem\",\"position\":1,\"name\":\"Hjem\",\"item\":\"https:\/\/raspberrypi.dk\/fi\/raspberry-pi-verkkokauppa\/\"},{\"@type\":\"ListItem\",\"position\":2,\"name\":\"Shop\",\"item\":\"https:\/\/raspberrypi.dk\/fi\/shop-2\/\"},{\"@type\":\"ListItem\",\"position\":3,\"name\":\"LiPo SHIM\"}]},{\"@type\":\"WebSite\",\"@id\":\"https:\/\/raspberrypi.dk\/fi\/#website\",\"url\":\"https:\/\/raspberrypi.dk\/fi\/\",\"name\":\"RaspberryPi.dk\",\"description\":\"Danmarks f\u00f8rende Raspberry Pi side!\",\"publisher\":{\"@id\":\"https:\/\/raspberrypi.dk\/fi\/#organization\"},\"potentialAction\":[{\"@type\":\"SearchAction\",\"target\":{\"@type\":\"EntryPoint\",\"urlTemplate\":\"https:\/\/raspberrypi.dk\/fi\/?s={search_term_string}\"},\"query-input\":{\"@type\":\"PropertyValueSpecification\",\"valueRequired\":true,\"valueName\":\"search_term_string\"}}],\"inLanguage\":\"fi\"},{\"@type\":\"Organization\",\"@id\":\"https:\/\/raspberrypi.dk\/fi\/#organization\",\"name\":\"RaspberryPi.dk\",\"url\":\"https:\/\/raspberrypi.dk\/fi\/\",\"logo\":{\"@type\":\"ImageObject\",\"inLanguage\":\"fi\",\"@id\":\"https:\/\/raspberrypi.dk\/fi\/#\/schema\/logo\/image\/\",\"url\":\"https:\/\/raspberrypi.dk\/wp-content\/uploads\/2017\/05\/RaspberryPidk_logo-2.png\",\"contentUrl\":\"https:\/\/raspberrypi.dk\/wp-content\/uploads\/2017\/05\/RaspberryPidk_logo-2.png\",\"width\":470,\"height\":110,\"caption\":\"RaspberryPi.dk\"},\"image\":{\"@id\":\"https:\/\/raspberrypi.dk\/fi\/#\/schema\/logo\/image\/\"},\"sameAs\":[\"https:\/\/facebook.com\/RaspberryPiDanmark\",\"https:\/\/x.com\/raspberrypidk\",\"https:\/\/instagram.com\/raspberrypi.dk\"]}]}<\/script>\n<!-- \/ Yoast SEO plugin. -->","yoast_head_json":{"title":"LiPo SHIM \u2022 RaspberryPi.dk","robots":{"index":"index","follow":"follow","max-snippet":"max-snippet:-1","max-image-preview":"max-image-preview:large","max-video-preview":"max-video-preview:-1"},"canonical":"https:\/\/raspberrypi.dk\/fi\/tuote\/lipo-shim\/","og_locale":"fi_FI","og_type":"article","og_title":"LiPo SHIM \u2022 RaspberryPi.dk","og_description":"T\u00e4m\u00e4 pieni LiPo\/LiIon-virtal\u00e4hteen v\u00e4lilevy mahdollistaa Raspberry Pi virransy\u00f6t\u00f6n akun kautta.","og_url":"https:\/\/raspberrypi.dk\/fi\/tuote\/lipo-shim\/","og_site_name":"RaspberryPi.dk","article_publisher":"https:\/\/facebook.com\/RaspberryPiDanmark","article_modified_time":"2024-04-13T12:56:19+00:00","og_image":[{"width":600,"height":600,"url":"https:\/\/raspberrypi.dk\/wp-content\/uploads\/2019\/06\/lipo-shim-1.jpg","type":"image\/jpeg"}],"twitter_card":"summary_large_image","twitter_site":"@raspberrypidk","twitter_misc":{"Arvioitu lukuaika":"1 minuutti"},"schema":{"@context":"https:\/\/schema.org","@graph":[{"@type":"WebPage","@id":"https:\/\/raspberrypi.dk\/fi\/tuote\/lipo-shim\/","url":"https:\/\/raspberrypi.dk\/fi\/tuote\/lipo-shim\/","name":"LiPo SHIM \u2022 RaspberryPi.dk","isPartOf":{"@id":"https:\/\/raspberrypi.dk\/fi\/#website"},"primaryImageOfPage":{"@id":"https:\/\/raspberrypi.dk\/fi\/tuote\/lipo-shim\/#primaryimage"},"image":{"@id":"https:\/\/raspberrypi.dk\/fi\/tuote\/lipo-shim\/#primaryimage"},"thumbnailUrl":"https:\/\/raspberrypi.dk\/wp-content\/uploads\/2019\/06\/lipo-shim-1.jpg","datePublished":"2019-06-30T17:18:25+00:00","dateModified":"2024-04-13T12:56:19+00:00","breadcrumb":{"@id":"https:\/\/raspberrypi.dk\/fi\/tuote\/lipo-shim\/#breadcrumb"},"inLanguage":"fi","potentialAction":[{"@type":"ReadAction","target":["https:\/\/raspberrypi.dk\/fi\/tuote\/lipo-shim\/"]}]},{"@type":"ImageObject","inLanguage":"fi","@id":"https:\/\/raspberrypi.dk\/fi\/tuote\/lipo-shim\/#primaryimage","url":"https:\/\/raspberrypi.dk\/wp-content\/uploads\/2019\/06\/lipo-shim-1.jpg","contentUrl":"https:\/\/raspberrypi.dk\/wp-content\/uploads\/2019\/06\/lipo-shim-1.jpg","width":600,"height":600,"caption":"lipo shim akkuliit\u00e4nt\u00e4 Raspberry pi:lle"},{"@type":"BreadcrumbList","@id":"https:\/\/raspberrypi.dk\/fi\/tuote\/lipo-shim\/#breadcrumb","itemListElement":[{"@type":"ListItem","position":1,"name":"Hjem","item":"https:\/\/raspberrypi.dk\/fi\/raspberry-pi-verkkokauppa\/"},{"@type":"ListItem","position":2,"name":"Shop","item":"https:\/\/raspberrypi.dk\/fi\/shop-2\/"},{"@type":"ListItem","position":3,"name":"LiPo SHIM"}]},{"@type":"WebSite","@id":"https:\/\/raspberrypi.dk\/fi\/#website","url":"https:\/\/raspberrypi.dk\/fi\/","name":"RaspberryPi.dk","description":"Danmarks f\u00f8rende Raspberry Pi side!","publisher":{"@id":"https:\/\/raspberrypi.dk\/fi\/#organization"},"potentialAction":[{"@type":"SearchAction","target":{"@type":"EntryPoint","urlTemplate":"https:\/\/raspberrypi.dk\/fi\/?s={search_term_string}"},"query-input":{"@type":"PropertyValueSpecification","valueRequired":true,"valueName":"search_term_string"}}],"inLanguage":"fi"},{"@type":"Organization","@id":"https:\/\/raspberrypi.dk\/fi\/#organization","name":"RaspberryPi.dk","url":"https:\/\/raspberrypi.dk\/fi\/","logo":{"@type":"ImageObject","inLanguage":"fi","@id":"https:\/\/raspberrypi.dk\/fi\/#\/schema\/logo\/image\/","url":"https:\/\/raspberrypi.dk\/wp-content\/uploads\/2017\/05\/RaspberryPidk_logo-2.png","contentUrl":"https:\/\/raspberrypi.dk\/wp-content\/uploads\/2017\/05\/RaspberryPidk_logo-2.png","width":470,"height":110,"caption":"RaspberryPi.dk"},"image":{"@id":"https:\/\/raspberrypi.dk\/fi\/#\/schema\/logo\/image\/"},"sameAs":["https:\/\/facebook.com\/RaspberryPiDanmark","https:\/\/x.com\/raspberrypidk","https:\/\/instagram.com\/raspberrypi.dk"]}]}},"_links":{"self":[{"href":"https:\/\/raspberrypi.dk\/fi\/wp-json\/wp\/v2\/product\/221909","targetHints":{"allow":["GET"]}}],"collection":[{"href":"https:\/\/raspberrypi.dk\/fi\/wp-json\/wp\/v2\/product"}],"about":[{"href":"https:\/\/raspberrypi.dk\/fi\/wp-json\/wp\/v2\/types\/product"}],"replies":[{"embeddable":true,"href":"https:\/\/raspberrypi.dk\/fi\/wp-json\/wp\/v2\/comments?post=221909"}],"wp:featuredmedia":[{"embeddable":true,"href":"https:\/\/raspberrypi.dk\/fi\/wp-json\/wp\/v2\/media\/221910"}],"wp:attachment":[{"href":"https:\/\/raspberrypi.dk\/fi\/wp-json\/wp\/v2\/media?parent=221909"}],"wp:term":[{"taxonomy":"product_brand","embeddable":true,"href":"https:\/\/raspberrypi.dk\/fi\/wp-json\/wp\/v2\/product_brand?post=221909"},{"taxonomy":"product_cat","embeddable":true,"href":"https:\/\/raspberrypi.dk\/fi\/wp-json\/wp\/v2\/product_cat?post=221909"},{"taxonomy":"product_tag","embeddable":true,"href":"https:\/\/raspberrypi.dk\/fi\/wp-json\/wp\/v2\/product_tag?post=221909"}],"curies":[{"name":"wp","href":"https:\/\/api.w.org\/{rel}","templated":true}]}}