{"id":221958,"date":"2019-06-24T22:51:19","date_gmt":"2019-06-24T20:51:19","guid":{"rendered":"https:\/\/raspberrypi.dk\/produkt\/bme680-breakout-ilmanlaadun-laempoetilan-paineen-ja-kosteuden-anturi\/"},"modified":"2026-02-11T20:21:22","modified_gmt":"2026-02-11T19:21:22","slug":"bme680-breakout-ilmanlaadun-laempoetilan-paineen-ja-kosteuden-anturi","status":"publish","type":"product","link":"https:\/\/raspberrypi.dk\/fi\/tuote\/bme680-breakout-ilmanlaadun-laempoetilan-paineen-ja-kosteuden-anturi\/","title":{"rendered":"BME680 Breakout &#8211; Ilmanlaadun, l\u00e4mp\u00f6tilan, paineen ja kosteuden anturi"},"content":{"rendered":"<p>K\u00e4yt\u00e4 t\u00e4t\u00e4 jakoa sis\u00e4ymp\u00e4rist\u00f6si kaikkien n\u00e4k\u00f6kohtien seuraamiseen. Sen lukemat reagoivat haihtuvien orgaanisten yhdisteiden muutoksiin, ja ne voidaan yhdist\u00e4\u00e4 kosteuslukemiin sis\u00e4ilman laadun aikaansaamiseksi.<\/p>\n<p>Haluatko saada k\u00e4sityksen siit\u00e4, onko makuuhuoneessasi, ty\u00f6pajassasi tai ty\u00f6paikallasi riitt\u00e4v\u00e4 ilmanvaihto? M\u00e4\u00e4rit\u00e4 BME680 <a href=\"https:\/\/raspberrypi.dk\/fi\/tuote\/raspberry-pi-zero-w-wireless\/\">Pi Zero W<\/a> ja kirjaa sen anturin lukemat tiedostoon tai suoratoista live-tietoja verkkopalveluun, kuten adafruit.io tai freeboard.io.<\/p>\n<p><strong>Toiminnot<\/strong><\/p>\n<ul>\n<li>Bosch <a href=\"https:\/\/www.bosch-sensortec.com\/bst\/products\/all_products\/bme680\">BME680<\/a> l\u00e4mp\u00f6tila-, paine-, kosteus-, ilmanlaatuanturi<\/li>\n<li>I2C-liit\u00e4nt\u00e4, osoitteen valinta ADDR-hyppykytkimell\u00e4 (0x76 tai 0x77)<\/li>\n<li>Yhteensopiva 3.3V tai 5V<\/li>\n<li>Raspberry Pi -yhteensopiva pinout (nastat 1, 3, 5, 7, 9)<\/li>\n<li>Yhteensopiva kaikkien Raspberry Pi -mallien kanssa<\/li>\n<li><a href=\"https:\/\/github.com\/pimoroni\/bme680\">Python bibliotek<\/a><\/li>\n<li><a href=\"https:\/\/ae-bst.resource.bosch.com\/media\/_tech\/media\/datasheets\/BST-BME680-DS001-00.pdf\">Datasheet<\/a><\/li>\n<\/ul>\n<p><strong>Sarja sis\u00e4lt\u00e4\u00e4<\/strong><\/p>\n<ul>\n<li>BME680 breakout<\/li>\n<li>1&#215;5 male header<\/li>\n<li>1&#215;5 female h\u00f8jrevinklet header<\/li>\n<\/ul>\n<p>T\u00e4m\u00e4 irrotuslevy on suunniteltu niin, ett\u00e4 voit juottaa naaraspuoleisen otsikon ja sijoittaa sen suoraan Raspberry Pi GPIO -otsikon vasemman alakulman 5 nastalle (1, 3, 5, 6, 9). Suorakulmaisella otsikolla on my\u00f6s se etu, ett\u00e4 se sijoittuu poisp\u00e4in Pi:n prosessorista minimoimaan s\u00e4teilev\u00e4n l\u00e4mm\u00f6n.<\/p>\n<p><strong>Software<\/strong><\/p>\n<p><a href=\"https:\/\/github.com\/BoschSensortec\/BME680_driver\">Boschin C-kirjaston lis\u00e4ksi<\/a> <a href=\"https:\/\/github.com\/pimoroni\/bme680\">Python-kirjasto<\/a> (jossa on nopea ja kivuton yksirivinen asennus) on koottu k\u00e4ytett\u00e4v\u00e4ksi BME680:n kanssa, mik\u00e4 tekee sen yhdist\u00e4misest\u00e4 muiden levyjemme kanssa helppoa.<\/p>\n<p>Ohjelmisto ei tue Raspbian Wheezy.<\/p>\n<p><strong>Huomautuksia<\/strong><\/p>\n<ul>\n<li>Testeiss\u00e4 on havaittu, ett\u00e4 anturi vaatii v\u00e4h\u00e4n palamisaikaa (v\u00e4hint\u00e4\u00e4n 20 minuuttia) ja ett\u00e4 lukemien vakiintuminen alkumittausten j\u00e4lkeen voi kest\u00e4\u00e4 muutaman minuutin<\/li>\n<li>Juotostyynyt (merkitty ADDR) voidaan vaihtaa I2C-osoitteen muuttamiseksi oletusarvosta 0x76 0x77:ksi, mik\u00e4 tarkoittaa, ett\u00e4 voit k\u00e4ytt\u00e4\u00e4 enint\u00e4\u00e4n kahta anturia samassa Raspberry Pi:ss\u00e4 tai Arduinossa.<\/li>\n<\/ul>\n<p>Mitat: 26 x 15,5 x 3 mm (PxLxK)<\/p>\n","protected":false},"excerpt":{"rendered":"<p>BME680 breakout voit mitata l\u00e4mp\u00f6tilaa, painetta, kosteutta ja sis\u00e4ilman laatua, ja se on Raspberry Pi- ja Arduino-yhteensopiva!<\/p>\n","protected":false},"featured_media":221959,"comment_status":"open","ping_status":"closed","template":"","meta":[],"product_brand":[],"product_cat":[732],"product_tag":[719,718],"class_list":{"0":"post-221958","1":"product","2":"type-product","3":"status-publish","4":"has-post-thumbnail","6":"product_cat-hats-gpio","7":"product_tag-rpi4-fi","8":"product_tag-rpi5-fi","10":"first","11":"instock","12":"taxable","13":"shipping-taxable","14":"purchasable","15":"product-type-simple"},"composite_virtual":false,"composite_layout":"","composite_add_to_cart_form_location":"","composite_editable_in_cart":false,"composite_sold_individually_context":"","composite_shop_price_calc":"","composite_components":[],"composite_scenarios":[],"bundled_by":[],"bundle_stock_status":"instock","bundle_stock_quantity":1,"bundle_virtual":false,"bundle_layout":"","bundle_add_to_cart_form_location":"","bundle_editable_in_cart":false,"bundle_sold_individually_context":"","bundle_item_grouping":"","bundle_min_size":"","bundle_max_size":"","bundle_price":[],"bundled_items":[],"bundle_sell_ids":[],"yoast_head":"<!-- This site is optimized with the Yoast SEO plugin v27.1.1 - https:\/\/yoast.com\/product\/yoast-seo-wordpress\/ -->\n<title>BME680 Breakout - Ilmanlaadun, l\u00e4mp\u00f6tilan, paineen ja kosteuden anturi \u2022 RaspberryPi.dk<\/title>\n<meta name=\"robots\" content=\"index, follow, max-snippet:-1, max-image-preview:large, max-video-preview:-1\" \/>\n<link rel=\"canonical\" href=\"https:\/\/raspberrypi.dk\/fi\/tuote\/bme680-breakout-ilmanlaadun-laempoetilan-paineen-ja-kosteuden-anturi\/\" \/>\n<meta property=\"og:locale\" content=\"fi_FI\" \/>\n<meta property=\"og:type\" content=\"article\" \/>\n<meta property=\"og:title\" content=\"BME680 Breakout - Ilmanlaadun, l\u00e4mp\u00f6tilan, paineen ja kosteuden anturi \u2022 RaspberryPi.dk\" \/>\n<meta property=\"og:description\" content=\"BME680 breakout voit mitata l\u00e4mp\u00f6tilaa, painetta, kosteutta ja sis\u00e4ilman laatua, ja se on Raspberry Pi- ja Arduino-yhteensopiva!\" \/>\n<meta property=\"og:url\" content=\"https:\/\/raspberrypi.dk\/fi\/tuote\/bme680-breakout-ilmanlaadun-laempoetilan-paineen-ja-kosteuden-anturi\/\" \/>\n<meta property=\"og:site_name\" content=\"RaspberryPi.dk\" \/>\n<meta property=\"article:publisher\" content=\"https:\/\/facebook.com\/RaspberryPiDanmark\" \/>\n<meta property=\"article:modified_time\" content=\"2026-02-11T19:21:22+00:00\" \/>\n<meta property=\"og:image\" content=\"https:\/\/raspberrypi.dk\/wp-content\/uploads\/2018\/03\/bme680-1.jpg\" \/>\n\t<meta property=\"og:image:width\" content=\"1024\" \/>\n\t<meta property=\"og:image:height\" content=\"1024\" \/>\n\t<meta property=\"og:image:type\" content=\"image\/jpeg\" \/>\n<meta name=\"twitter:card\" content=\"summary_large_image\" \/>\n<meta name=\"twitter:site\" content=\"@raspberrypidk\" \/>\n<meta name=\"twitter:label1\" content=\"Arvioitu lukuaika\" \/>\n\t<meta name=\"twitter:data1\" content=\"2 minuuttia\" \/>\n<script type=\"application\/ld+json\" class=\"yoast-schema-graph\">{\"@context\":\"https:\/\/schema.org\",\"@graph\":[{\"@type\":\"WebPage\",\"@id\":\"https:\/\/raspberrypi.dk\/fi\/tuote\/bme680-breakout-ilmanlaadun-laempoetilan-paineen-ja-kosteuden-anturi\/\",\"url\":\"https:\/\/raspberrypi.dk\/fi\/tuote\/bme680-breakout-ilmanlaadun-laempoetilan-paineen-ja-kosteuden-anturi\/\",\"name\":\"BME680 Breakout - Ilmanlaadun, l\u00e4mp\u00f6tilan, paineen ja kosteuden anturi \u2022 RaspberryPi.dk\",\"isPartOf\":{\"@id\":\"https:\/\/raspberrypi.dk\/fi\/#website\"},\"primaryImageOfPage\":{\"@id\":\"https:\/\/raspberrypi.dk\/fi\/tuote\/bme680-breakout-ilmanlaadun-laempoetilan-paineen-ja-kosteuden-anturi\/#primaryimage\"},\"image\":{\"@id\":\"https:\/\/raspberrypi.dk\/fi\/tuote\/bme680-breakout-ilmanlaadun-laempoetilan-paineen-ja-kosteuden-anturi\/#primaryimage\"},\"thumbnailUrl\":\"https:\/\/raspberrypi.dk\/wp-content\/uploads\/2018\/03\/bme680-1.jpg\",\"datePublished\":\"2019-06-24T20:51:19+00:00\",\"dateModified\":\"2026-02-11T19:21:22+00:00\",\"breadcrumb\":{\"@id\":\"https:\/\/raspberrypi.dk\/fi\/tuote\/bme680-breakout-ilmanlaadun-laempoetilan-paineen-ja-kosteuden-anturi\/#breadcrumb\"},\"inLanguage\":\"fi\",\"potentialAction\":[{\"@type\":\"ReadAction\",\"target\":[\"https:\/\/raspberrypi.dk\/fi\/tuote\/bme680-breakout-ilmanlaadun-laempoetilan-paineen-ja-kosteuden-anturi\/\"]}]},{\"@type\":\"ImageObject\",\"inLanguage\":\"fi\",\"@id\":\"https:\/\/raspberrypi.dk\/fi\/tuote\/bme680-breakout-ilmanlaadun-laempoetilan-paineen-ja-kosteuden-anturi\/#primaryimage\",\"url\":\"https:\/\/raspberrypi.dk\/wp-content\/uploads\/2018\/03\/bme680-1.jpg\",\"contentUrl\":\"https:\/\/raspberrypi.dk\/wp-content\/uploads\/2018\/03\/bme680-1.jpg\",\"width\":1024,\"height\":1024},{\"@type\":\"BreadcrumbList\",\"@id\":\"https:\/\/raspberrypi.dk\/fi\/tuote\/bme680-breakout-ilmanlaadun-laempoetilan-paineen-ja-kosteuden-anturi\/#breadcrumb\",\"itemListElement\":[{\"@type\":\"ListItem\",\"position\":1,\"name\":\"Hjem\",\"item\":\"https:\/\/raspberrypi.dk\/fi\/raspberry-pi-verkkokauppa\/\"},{\"@type\":\"ListItem\",\"position\":2,\"name\":\"Shop\",\"item\":\"https:\/\/raspberrypi.dk\/fi\/shop-2\/\"},{\"@type\":\"ListItem\",\"position\":3,\"name\":\"BME680 Breakout &#8211; Ilmanlaadun, l\u00e4mp\u00f6tilan, paineen ja kosteuden anturi\"}]},{\"@type\":\"WebSite\",\"@id\":\"https:\/\/raspberrypi.dk\/fi\/#website\",\"url\":\"https:\/\/raspberrypi.dk\/fi\/\",\"name\":\"RaspberryPi.dk\",\"description\":\"Danmarks f\u00f8rende Raspberry Pi side!\",\"publisher\":{\"@id\":\"https:\/\/raspberrypi.dk\/fi\/#organization\"},\"potentialAction\":[{\"@type\":\"SearchAction\",\"target\":{\"@type\":\"EntryPoint\",\"urlTemplate\":\"https:\/\/raspberrypi.dk\/fi\/?s={search_term_string}\"},\"query-input\":{\"@type\":\"PropertyValueSpecification\",\"valueRequired\":true,\"valueName\":\"search_term_string\"}}],\"inLanguage\":\"fi\"},{\"@type\":\"Organization\",\"@id\":\"https:\/\/raspberrypi.dk\/fi\/#organization\",\"name\":\"RaspberryPi.dk\",\"url\":\"https:\/\/raspberrypi.dk\/fi\/\",\"logo\":{\"@type\":\"ImageObject\",\"inLanguage\":\"fi\",\"@id\":\"https:\/\/raspberrypi.dk\/fi\/#\/schema\/logo\/image\/\",\"url\":\"https:\/\/raspberrypi.dk\/wp-content\/uploads\/2017\/05\/RaspberryPidk_logo-2.png\",\"contentUrl\":\"https:\/\/raspberrypi.dk\/wp-content\/uploads\/2017\/05\/RaspberryPidk_logo-2.png\",\"width\":470,\"height\":110,\"caption\":\"RaspberryPi.dk\"},\"image\":{\"@id\":\"https:\/\/raspberrypi.dk\/fi\/#\/schema\/logo\/image\/\"},\"sameAs\":[\"https:\/\/facebook.com\/RaspberryPiDanmark\",\"https:\/\/x.com\/raspberrypidk\",\"https:\/\/instagram.com\/raspberrypi.dk\"]}]}<\/script>\n<!-- \/ Yoast SEO plugin. -->","yoast_head_json":{"title":"BME680 Breakout - Ilmanlaadun, l\u00e4mp\u00f6tilan, paineen ja kosteuden anturi \u2022 RaspberryPi.dk","robots":{"index":"index","follow":"follow","max-snippet":"max-snippet:-1","max-image-preview":"max-image-preview:large","max-video-preview":"max-video-preview:-1"},"canonical":"https:\/\/raspberrypi.dk\/fi\/tuote\/bme680-breakout-ilmanlaadun-laempoetilan-paineen-ja-kosteuden-anturi\/","og_locale":"fi_FI","og_type":"article","og_title":"BME680 Breakout - Ilmanlaadun, l\u00e4mp\u00f6tilan, paineen ja kosteuden anturi \u2022 RaspberryPi.dk","og_description":"BME680 breakout voit mitata l\u00e4mp\u00f6tilaa, painetta, kosteutta ja sis\u00e4ilman laatua, ja se on Raspberry Pi- ja Arduino-yhteensopiva!","og_url":"https:\/\/raspberrypi.dk\/fi\/tuote\/bme680-breakout-ilmanlaadun-laempoetilan-paineen-ja-kosteuden-anturi\/","og_site_name":"RaspberryPi.dk","article_publisher":"https:\/\/facebook.com\/RaspberryPiDanmark","article_modified_time":"2026-02-11T19:21:22+00:00","og_image":[{"width":1024,"height":1024,"url":"https:\/\/raspberrypi.dk\/wp-content\/uploads\/2018\/03\/bme680-1.jpg","type":"image\/jpeg"}],"twitter_card":"summary_large_image","twitter_site":"@raspberrypidk","twitter_misc":{"Arvioitu lukuaika":"2 minuuttia"},"schema":{"@context":"https:\/\/schema.org","@graph":[{"@type":"WebPage","@id":"https:\/\/raspberrypi.dk\/fi\/tuote\/bme680-breakout-ilmanlaadun-laempoetilan-paineen-ja-kosteuden-anturi\/","url":"https:\/\/raspberrypi.dk\/fi\/tuote\/bme680-breakout-ilmanlaadun-laempoetilan-paineen-ja-kosteuden-anturi\/","name":"BME680 Breakout - Ilmanlaadun, l\u00e4mp\u00f6tilan, paineen ja kosteuden anturi \u2022 RaspberryPi.dk","isPartOf":{"@id":"https:\/\/raspberrypi.dk\/fi\/#website"},"primaryImageOfPage":{"@id":"https:\/\/raspberrypi.dk\/fi\/tuote\/bme680-breakout-ilmanlaadun-laempoetilan-paineen-ja-kosteuden-anturi\/#primaryimage"},"image":{"@id":"https:\/\/raspberrypi.dk\/fi\/tuote\/bme680-breakout-ilmanlaadun-laempoetilan-paineen-ja-kosteuden-anturi\/#primaryimage"},"thumbnailUrl":"https:\/\/raspberrypi.dk\/wp-content\/uploads\/2018\/03\/bme680-1.jpg","datePublished":"2019-06-24T20:51:19+00:00","dateModified":"2026-02-11T19:21:22+00:00","breadcrumb":{"@id":"https:\/\/raspberrypi.dk\/fi\/tuote\/bme680-breakout-ilmanlaadun-laempoetilan-paineen-ja-kosteuden-anturi\/#breadcrumb"},"inLanguage":"fi","potentialAction":[{"@type":"ReadAction","target":["https:\/\/raspberrypi.dk\/fi\/tuote\/bme680-breakout-ilmanlaadun-laempoetilan-paineen-ja-kosteuden-anturi\/"]}]},{"@type":"ImageObject","inLanguage":"fi","@id":"https:\/\/raspberrypi.dk\/fi\/tuote\/bme680-breakout-ilmanlaadun-laempoetilan-paineen-ja-kosteuden-anturi\/#primaryimage","url":"https:\/\/raspberrypi.dk\/wp-content\/uploads\/2018\/03\/bme680-1.jpg","contentUrl":"https:\/\/raspberrypi.dk\/wp-content\/uploads\/2018\/03\/bme680-1.jpg","width":1024,"height":1024},{"@type":"BreadcrumbList","@id":"https:\/\/raspberrypi.dk\/fi\/tuote\/bme680-breakout-ilmanlaadun-laempoetilan-paineen-ja-kosteuden-anturi\/#breadcrumb","itemListElement":[{"@type":"ListItem","position":1,"name":"Hjem","item":"https:\/\/raspberrypi.dk\/fi\/raspberry-pi-verkkokauppa\/"},{"@type":"ListItem","position":2,"name":"Shop","item":"https:\/\/raspberrypi.dk\/fi\/shop-2\/"},{"@type":"ListItem","position":3,"name":"BME680 Breakout &#8211; Ilmanlaadun, l\u00e4mp\u00f6tilan, paineen ja kosteuden anturi"}]},{"@type":"WebSite","@id":"https:\/\/raspberrypi.dk\/fi\/#website","url":"https:\/\/raspberrypi.dk\/fi\/","name":"RaspberryPi.dk","description":"Danmarks f\u00f8rende Raspberry Pi side!","publisher":{"@id":"https:\/\/raspberrypi.dk\/fi\/#organization"},"potentialAction":[{"@type":"SearchAction","target":{"@type":"EntryPoint","urlTemplate":"https:\/\/raspberrypi.dk\/fi\/?s={search_term_string}"},"query-input":{"@type":"PropertyValueSpecification","valueRequired":true,"valueName":"search_term_string"}}],"inLanguage":"fi"},{"@type":"Organization","@id":"https:\/\/raspberrypi.dk\/fi\/#organization","name":"RaspberryPi.dk","url":"https:\/\/raspberrypi.dk\/fi\/","logo":{"@type":"ImageObject","inLanguage":"fi","@id":"https:\/\/raspberrypi.dk\/fi\/#\/schema\/logo\/image\/","url":"https:\/\/raspberrypi.dk\/wp-content\/uploads\/2017\/05\/RaspberryPidk_logo-2.png","contentUrl":"https:\/\/raspberrypi.dk\/wp-content\/uploads\/2017\/05\/RaspberryPidk_logo-2.png","width":470,"height":110,"caption":"RaspberryPi.dk"},"image":{"@id":"https:\/\/raspberrypi.dk\/fi\/#\/schema\/logo\/image\/"},"sameAs":["https:\/\/facebook.com\/RaspberryPiDanmark","https:\/\/x.com\/raspberrypidk","https:\/\/instagram.com\/raspberrypi.dk"]}]}},"_links":{"self":[{"href":"https:\/\/raspberrypi.dk\/fi\/wp-json\/wp\/v2\/product\/221958","targetHints":{"allow":["GET"]}}],"collection":[{"href":"https:\/\/raspberrypi.dk\/fi\/wp-json\/wp\/v2\/product"}],"about":[{"href":"https:\/\/raspberrypi.dk\/fi\/wp-json\/wp\/v2\/types\/product"}],"replies":[{"embeddable":true,"href":"https:\/\/raspberrypi.dk\/fi\/wp-json\/wp\/v2\/comments?post=221958"}],"wp:featuredmedia":[{"embeddable":true,"href":"https:\/\/raspberrypi.dk\/fi\/wp-json\/wp\/v2\/media\/221959"}],"wp:attachment":[{"href":"https:\/\/raspberrypi.dk\/fi\/wp-json\/wp\/v2\/media?parent=221958"}],"wp:term":[{"taxonomy":"product_brand","embeddable":true,"href":"https:\/\/raspberrypi.dk\/fi\/wp-json\/wp\/v2\/product_brand?post=221958"},{"taxonomy":"product_cat","embeddable":true,"href":"https:\/\/raspberrypi.dk\/fi\/wp-json\/wp\/v2\/product_cat?post=221958"},{"taxonomy":"product_tag","embeddable":true,"href":"https:\/\/raspberrypi.dk\/fi\/wp-json\/wp\/v2\/product_tag?post=221958"}],"curies":[{"name":"wp","href":"https:\/\/api.w.org\/{rel}","templated":true}]}}