{"id":221976,"date":"2019-06-24T14:25:22","date_gmt":"2019-06-24T12:25:22","guid":{"rendered":"https:\/\/raspberrypi.dk\/produkt\/flirc-usb-v2-dongle-ir-kaukosaeaetimelle\/"},"modified":"2026-01-29T16:19:09","modified_gmt":"2026-01-29T15:19:09","slug":"flirc-usb-v2-dongle-ir-kaukosaeaetimelle","status":"publish","type":"product","link":"https:\/\/raspberrypi.dk\/fi\/tuote\/flirc-usb-v2-dongle-ir-kaukosaeaetimelle\/","title":{"rendered":"FLIRC USB v2 &#8211; dongle IR-kaukos\u00e4\u00e4timelle"},"content":{"rendered":"","protected":false},"excerpt":{"rendered":"<p><strong>FLIRC USB v2 donglen<\/strong> mahdollistaa k<strong>aukos\u00e4\u00e4timen<\/strong> k\u00e4yt\u00f6n Raspberry Pi:n kanssa. M\u00e4\u00e4rit\u00e4t laitteen tietokoneellasi ja liit\u00e4t sen sitten Raspberry Pi -laitteeseen, jolloin sinulla on t\u00e4ydellinen kumppani XBMC-mediakeskuksellesi.<\/p>\n<p>FLIRC USB v2 voidaan konfiguroida mille tahansa \u00a0<strong>IR kaukos\u00e4\u00e4timelle,<\/strong> joten sill\u00e4 ei ole v\u00e4li\u00e4, mink\u00e4 valmistajan kaukos\u00e4\u00e4din on. Jos noudatat vain eritt\u00e4in yksinkertaista asennusta, yhdist\u00e4t kaukos\u00e4\u00e4timen yksitt\u00e4iset painikkeet &#8221;mediakeskuksen painikkeisiin&#8221;, ja se on valmis k\u00e4ytt\u00f6\u00f6n.<\/p>\n","protected":false},"featured_media":221977,"comment_status":"open","ping_status":"closed","template":"","meta":[],"product_brand":[],"product_cat":[751],"product_tag":[719,718],"class_list":{"0":"post-221976","1":"product","2":"type-product","3":"status-publish","4":"has-post-thumbnail","6":"product_cat-usb-tarvikkeet","7":"product_tag-rpi4-fi","8":"product_tag-rpi5-fi","10":"first","11":"outofstock","12":"taxable","13":"shipping-taxable","14":"purchasable","15":"product-type-simple"},"composite_virtual":false,"composite_layout":"","composite_add_to_cart_form_location":"","composite_editable_in_cart":false,"composite_sold_individually_context":"","composite_shop_price_calc":"","composite_components":[],"composite_scenarios":[],"bundled_by":[],"bundle_stock_status":"outofstock","bundle_stock_quantity":0,"bundle_virtual":false,"bundle_layout":"","bundle_add_to_cart_form_location":"","bundle_editable_in_cart":false,"bundle_sold_individually_context":"","bundle_item_grouping":"","bundle_min_size":"","bundle_max_size":"","bundle_price":[],"bundled_items":[],"bundle_sell_ids":[],"yoast_head":"<!-- This site is optimized with the Yoast SEO plugin v27.1.1 - https:\/\/yoast.com\/product\/yoast-seo-wordpress\/ -->\n<title>FLIRC USB v2 - dongle IR-kaukos\u00e4\u00e4timelle \u2022 RaspberryPi.dk<\/title>\n<meta name=\"robots\" content=\"index, follow, max-snippet:-1, max-image-preview:large, max-video-preview:-1\" \/>\n<link rel=\"canonical\" href=\"https:\/\/raspberrypi.dk\/fi\/tuote\/flirc-usb-v2-dongle-ir-kaukosaeaetimelle\/\" \/>\n<meta property=\"og:locale\" content=\"fi_FI\" \/>\n<meta property=\"og:type\" content=\"article\" \/>\n<meta property=\"og:title\" content=\"FLIRC USB v2 - dongle IR-kaukos\u00e4\u00e4timelle \u2022 RaspberryPi.dk\" \/>\n<meta property=\"og:description\" content=\"FLIRC USB v2 donglen mahdollistaa kaukos\u00e4\u00e4timen k\u00e4yt\u00f6n Raspberry Pi:n kanssa. M\u00e4\u00e4rit\u00e4t laitteen tietokoneellasi ja liit\u00e4t sen sitten Raspberry Pi -laitteeseen, jolloin sinulla on t\u00e4ydellinen kumppani XBMC-mediakeskuksellesi.  FLIRC USB v2 voidaan konfiguroida mille tahansa \u00a0IR kaukos\u00e4\u00e4timelle, joten sill\u00e4 ei ole v\u00e4li\u00e4, mink\u00e4 valmistajan kaukos\u00e4\u00e4din on. Jos noudatat vain eritt\u00e4in yksinkertaista asennusta, yhdist\u00e4t kaukos\u00e4\u00e4timen yksitt\u00e4iset painikkeet &quot;mediakeskuksen painikkeisiin&quot;, ja se on valmis k\u00e4ytt\u00f6\u00f6n.\" \/>\n<meta property=\"og:url\" content=\"https:\/\/raspberrypi.dk\/fi\/tuote\/flirc-usb-v2-dongle-ir-kaukosaeaetimelle\/\" \/>\n<meta property=\"og:site_name\" content=\"RaspberryPi.dk\" \/>\n<meta property=\"article:publisher\" content=\"https:\/\/facebook.com\/RaspberryPiDanmark\" \/>\n<meta property=\"article:modified_time\" content=\"2026-01-29T15:19:09+00:00\" \/>\n<meta property=\"og:image\" content=\"https:\/\/raspberrypi.dk\/wp-content\/uploads\/2013\/07\/FLIRC-v2.jpg\" \/>\n\t<meta property=\"og:image:width\" content=\"479\" \/>\n\t<meta property=\"og:image:height\" content=\"479\" \/>\n\t<meta property=\"og:image:type\" content=\"image\/jpeg\" \/>\n<meta name=\"twitter:card\" content=\"summary_large_image\" \/>\n<meta name=\"twitter:site\" content=\"@raspberrypidk\" \/>\n<meta name=\"twitter:label1\" content=\"Arvioitu lukuaika\" \/>\n\t<meta name=\"twitter:data1\" content=\"1 minuutti\" \/>\n<script type=\"application\/ld+json\" class=\"yoast-schema-graph\">{\"@context\":\"https:\/\/schema.org\",\"@graph\":[{\"@type\":\"WebPage\",\"@id\":\"https:\/\/raspberrypi.dk\/fi\/tuote\/flirc-usb-v2-dongle-ir-kaukosaeaetimelle\/\",\"url\":\"https:\/\/raspberrypi.dk\/fi\/tuote\/flirc-usb-v2-dongle-ir-kaukosaeaetimelle\/\",\"name\":\"FLIRC USB v2 - dongle IR-kaukos\u00e4\u00e4timelle \u2022 RaspberryPi.dk\",\"isPartOf\":{\"@id\":\"https:\/\/raspberrypi.dk\/fi\/#website\"},\"primaryImageOfPage\":{\"@id\":\"https:\/\/raspberrypi.dk\/fi\/tuote\/flirc-usb-v2-dongle-ir-kaukosaeaetimelle\/#primaryimage\"},\"image\":{\"@id\":\"https:\/\/raspberrypi.dk\/fi\/tuote\/flirc-usb-v2-dongle-ir-kaukosaeaetimelle\/#primaryimage\"},\"thumbnailUrl\":\"https:\/\/raspberrypi.dk\/wp-content\/uploads\/2013\/07\/FLIRC-v2.jpg\",\"datePublished\":\"2019-06-24T12:25:22+00:00\",\"dateModified\":\"2026-01-29T15:19:09+00:00\",\"breadcrumb\":{\"@id\":\"https:\/\/raspberrypi.dk\/fi\/tuote\/flirc-usb-v2-dongle-ir-kaukosaeaetimelle\/#breadcrumb\"},\"inLanguage\":\"fi\",\"potentialAction\":[{\"@type\":\"ReadAction\",\"target\":[\"https:\/\/raspberrypi.dk\/fi\/tuote\/flirc-usb-v2-dongle-ir-kaukosaeaetimelle\/\"]}]},{\"@type\":\"ImageObject\",\"inLanguage\":\"fi\",\"@id\":\"https:\/\/raspberrypi.dk\/fi\/tuote\/flirc-usb-v2-dongle-ir-kaukosaeaetimelle\/#primaryimage\",\"url\":\"https:\/\/raspberrypi.dk\/wp-content\/uploads\/2013\/07\/FLIRC-v2.jpg\",\"contentUrl\":\"https:\/\/raspberrypi.dk\/wp-content\/uploads\/2013\/07\/FLIRC-v2.jpg\",\"width\":479,\"height\":479,\"caption\":\"flirc v2\"},{\"@type\":\"BreadcrumbList\",\"@id\":\"https:\/\/raspberrypi.dk\/fi\/tuote\/flirc-usb-v2-dongle-ir-kaukosaeaetimelle\/#breadcrumb\",\"itemListElement\":[{\"@type\":\"ListItem\",\"position\":1,\"name\":\"Hjem\",\"item\":\"https:\/\/raspberrypi.dk\/fi\/raspberry-pi-verkkokauppa\/\"},{\"@type\":\"ListItem\",\"position\":2,\"name\":\"Shop\",\"item\":\"https:\/\/raspberrypi.dk\/fi\/shop-2\/\"},{\"@type\":\"ListItem\",\"position\":3,\"name\":\"FLIRC USB v2 &#8211; dongle IR-kaukos\u00e4\u00e4timelle\"}]},{\"@type\":\"WebSite\",\"@id\":\"https:\/\/raspberrypi.dk\/fi\/#website\",\"url\":\"https:\/\/raspberrypi.dk\/fi\/\",\"name\":\"RaspberryPi.dk\",\"description\":\"Danmarks f\u00f8rende Raspberry Pi side!\",\"publisher\":{\"@id\":\"https:\/\/raspberrypi.dk\/fi\/#organization\"},\"potentialAction\":[{\"@type\":\"SearchAction\",\"target\":{\"@type\":\"EntryPoint\",\"urlTemplate\":\"https:\/\/raspberrypi.dk\/fi\/?s={search_term_string}\"},\"query-input\":{\"@type\":\"PropertyValueSpecification\",\"valueRequired\":true,\"valueName\":\"search_term_string\"}}],\"inLanguage\":\"fi\"},{\"@type\":\"Organization\",\"@id\":\"https:\/\/raspberrypi.dk\/fi\/#organization\",\"name\":\"RaspberryPi.dk\",\"url\":\"https:\/\/raspberrypi.dk\/fi\/\",\"logo\":{\"@type\":\"ImageObject\",\"inLanguage\":\"fi\",\"@id\":\"https:\/\/raspberrypi.dk\/fi\/#\/schema\/logo\/image\/\",\"url\":\"https:\/\/raspberrypi.dk\/wp-content\/uploads\/2017\/05\/RaspberryPidk_logo-2.png\",\"contentUrl\":\"https:\/\/raspberrypi.dk\/wp-content\/uploads\/2017\/05\/RaspberryPidk_logo-2.png\",\"width\":470,\"height\":110,\"caption\":\"RaspberryPi.dk\"},\"image\":{\"@id\":\"https:\/\/raspberrypi.dk\/fi\/#\/schema\/logo\/image\/\"},\"sameAs\":[\"https:\/\/facebook.com\/RaspberryPiDanmark\",\"https:\/\/x.com\/raspberrypidk\",\"https:\/\/instagram.com\/raspberrypi.dk\"]}]}<\/script>\n<!-- \/ Yoast SEO plugin. -->","yoast_head_json":{"title":"FLIRC USB v2 - dongle IR-kaukos\u00e4\u00e4timelle \u2022 RaspberryPi.dk","robots":{"index":"index","follow":"follow","max-snippet":"max-snippet:-1","max-image-preview":"max-image-preview:large","max-video-preview":"max-video-preview:-1"},"canonical":"https:\/\/raspberrypi.dk\/fi\/tuote\/flirc-usb-v2-dongle-ir-kaukosaeaetimelle\/","og_locale":"fi_FI","og_type":"article","og_title":"FLIRC USB v2 - dongle IR-kaukos\u00e4\u00e4timelle \u2022 RaspberryPi.dk","og_description":"FLIRC USB v2 donglen mahdollistaa kaukos\u00e4\u00e4timen k\u00e4yt\u00f6n Raspberry Pi:n kanssa. M\u00e4\u00e4rit\u00e4t laitteen tietokoneellasi ja liit\u00e4t sen sitten Raspberry Pi -laitteeseen, jolloin sinulla on t\u00e4ydellinen kumppani XBMC-mediakeskuksellesi.  FLIRC USB v2 voidaan konfiguroida mille tahansa \u00a0IR kaukos\u00e4\u00e4timelle, joten sill\u00e4 ei ole v\u00e4li\u00e4, mink\u00e4 valmistajan kaukos\u00e4\u00e4din on. Jos noudatat vain eritt\u00e4in yksinkertaista asennusta, yhdist\u00e4t kaukos\u00e4\u00e4timen yksitt\u00e4iset painikkeet \"mediakeskuksen painikkeisiin\", ja se on valmis k\u00e4ytt\u00f6\u00f6n.","og_url":"https:\/\/raspberrypi.dk\/fi\/tuote\/flirc-usb-v2-dongle-ir-kaukosaeaetimelle\/","og_site_name":"RaspberryPi.dk","article_publisher":"https:\/\/facebook.com\/RaspberryPiDanmark","article_modified_time":"2026-01-29T15:19:09+00:00","og_image":[{"width":479,"height":479,"url":"https:\/\/raspberrypi.dk\/wp-content\/uploads\/2013\/07\/FLIRC-v2.jpg","type":"image\/jpeg"}],"twitter_card":"summary_large_image","twitter_site":"@raspberrypidk","twitter_misc":{"Arvioitu lukuaika":"1 minuutti"},"schema":{"@context":"https:\/\/schema.org","@graph":[{"@type":"WebPage","@id":"https:\/\/raspberrypi.dk\/fi\/tuote\/flirc-usb-v2-dongle-ir-kaukosaeaetimelle\/","url":"https:\/\/raspberrypi.dk\/fi\/tuote\/flirc-usb-v2-dongle-ir-kaukosaeaetimelle\/","name":"FLIRC USB v2 - dongle IR-kaukos\u00e4\u00e4timelle \u2022 RaspberryPi.dk","isPartOf":{"@id":"https:\/\/raspberrypi.dk\/fi\/#website"},"primaryImageOfPage":{"@id":"https:\/\/raspberrypi.dk\/fi\/tuote\/flirc-usb-v2-dongle-ir-kaukosaeaetimelle\/#primaryimage"},"image":{"@id":"https:\/\/raspberrypi.dk\/fi\/tuote\/flirc-usb-v2-dongle-ir-kaukosaeaetimelle\/#primaryimage"},"thumbnailUrl":"https:\/\/raspberrypi.dk\/wp-content\/uploads\/2013\/07\/FLIRC-v2.jpg","datePublished":"2019-06-24T12:25:22+00:00","dateModified":"2026-01-29T15:19:09+00:00","breadcrumb":{"@id":"https:\/\/raspberrypi.dk\/fi\/tuote\/flirc-usb-v2-dongle-ir-kaukosaeaetimelle\/#breadcrumb"},"inLanguage":"fi","potentialAction":[{"@type":"ReadAction","target":["https:\/\/raspberrypi.dk\/fi\/tuote\/flirc-usb-v2-dongle-ir-kaukosaeaetimelle\/"]}]},{"@type":"ImageObject","inLanguage":"fi","@id":"https:\/\/raspberrypi.dk\/fi\/tuote\/flirc-usb-v2-dongle-ir-kaukosaeaetimelle\/#primaryimage","url":"https:\/\/raspberrypi.dk\/wp-content\/uploads\/2013\/07\/FLIRC-v2.jpg","contentUrl":"https:\/\/raspberrypi.dk\/wp-content\/uploads\/2013\/07\/FLIRC-v2.jpg","width":479,"height":479,"caption":"flirc v2"},{"@type":"BreadcrumbList","@id":"https:\/\/raspberrypi.dk\/fi\/tuote\/flirc-usb-v2-dongle-ir-kaukosaeaetimelle\/#breadcrumb","itemListElement":[{"@type":"ListItem","position":1,"name":"Hjem","item":"https:\/\/raspberrypi.dk\/fi\/raspberry-pi-verkkokauppa\/"},{"@type":"ListItem","position":2,"name":"Shop","item":"https:\/\/raspberrypi.dk\/fi\/shop-2\/"},{"@type":"ListItem","position":3,"name":"FLIRC USB v2 &#8211; dongle IR-kaukos\u00e4\u00e4timelle"}]},{"@type":"WebSite","@id":"https:\/\/raspberrypi.dk\/fi\/#website","url":"https:\/\/raspberrypi.dk\/fi\/","name":"RaspberryPi.dk","description":"Danmarks f\u00f8rende Raspberry Pi side!","publisher":{"@id":"https:\/\/raspberrypi.dk\/fi\/#organization"},"potentialAction":[{"@type":"SearchAction","target":{"@type":"EntryPoint","urlTemplate":"https:\/\/raspberrypi.dk\/fi\/?s={search_term_string}"},"query-input":{"@type":"PropertyValueSpecification","valueRequired":true,"valueName":"search_term_string"}}],"inLanguage":"fi"},{"@type":"Organization","@id":"https:\/\/raspberrypi.dk\/fi\/#organization","name":"RaspberryPi.dk","url":"https:\/\/raspberrypi.dk\/fi\/","logo":{"@type":"ImageObject","inLanguage":"fi","@id":"https:\/\/raspberrypi.dk\/fi\/#\/schema\/logo\/image\/","url":"https:\/\/raspberrypi.dk\/wp-content\/uploads\/2017\/05\/RaspberryPidk_logo-2.png","contentUrl":"https:\/\/raspberrypi.dk\/wp-content\/uploads\/2017\/05\/RaspberryPidk_logo-2.png","width":470,"height":110,"caption":"RaspberryPi.dk"},"image":{"@id":"https:\/\/raspberrypi.dk\/fi\/#\/schema\/logo\/image\/"},"sameAs":["https:\/\/facebook.com\/RaspberryPiDanmark","https:\/\/x.com\/raspberrypidk","https:\/\/instagram.com\/raspberrypi.dk"]}]}},"_links":{"self":[{"href":"https:\/\/raspberrypi.dk\/fi\/wp-json\/wp\/v2\/product\/221976","targetHints":{"allow":["GET"]}}],"collection":[{"href":"https:\/\/raspberrypi.dk\/fi\/wp-json\/wp\/v2\/product"}],"about":[{"href":"https:\/\/raspberrypi.dk\/fi\/wp-json\/wp\/v2\/types\/product"}],"replies":[{"embeddable":true,"href":"https:\/\/raspberrypi.dk\/fi\/wp-json\/wp\/v2\/comments?post=221976"}],"wp:featuredmedia":[{"embeddable":true,"href":"https:\/\/raspberrypi.dk\/fi\/wp-json\/wp\/v2\/media\/221977"}],"wp:attachment":[{"href":"https:\/\/raspberrypi.dk\/fi\/wp-json\/wp\/v2\/media?parent=221976"}],"wp:term":[{"taxonomy":"product_brand","embeddable":true,"href":"https:\/\/raspberrypi.dk\/fi\/wp-json\/wp\/v2\/product_brand?post=221976"},{"taxonomy":"product_cat","embeddable":true,"href":"https:\/\/raspberrypi.dk\/fi\/wp-json\/wp\/v2\/product_cat?post=221976"},{"taxonomy":"product_tag","embeddable":true,"href":"https:\/\/raspberrypi.dk\/fi\/wp-json\/wp\/v2\/product_tag?post=221976"}],"curies":[{"name":"wp","href":"https:\/\/api.w.org\/{rel}","templated":true}]}}