{"id":221988,"date":"2019-06-24T13:36:52","date_gmt":"2019-06-24T11:36:52","guid":{"rendered":"https:\/\/raspberrypi.dk\/produkt\/pan-tilt-hat\/"},"modified":"2026-03-15T09:02:40","modified_gmt":"2026-03-15T08:02:40","slug":"pan-tilt-hat","status":"publish","type":"product","link":"https:\/\/raspberrypi.dk\/fi\/tuote\/pan-tilt-hat\/","title":{"rendered":"Pan-Tilt HAT"},"content":{"rendered":"<p><span id=\"result_box\" class=\"\" lang=\"da\"><span class=\"\">Pan-Tilt HAT voit asentaa ja ohjata Raspberry Pi -kameraasi Raspberry Pi:n p\u00e4\u00e4lle. HAT:n ja sen sis\u00e4\u00e4nrakennetun mikro-ohjaimen avulla voit ohjata kahta servoa itsen\u00e4isesti (pan ja kallistus), sek\u00e4 jopa 24 tavallista LEDi\u00e4 (PWM-ohjauksella) tai NeoPixel RGB (tai RGBW) -diodia. Siell\u00e4 on my\u00f6s k\u00e4yt\u00e4nn\u00f6llinen tunneli, jonka l\u00e4pi voit vet\u00e4\u00e4 servo-, LED- ja kamerakaapelit. Moduuli panoroi ja kallistuu 180 astetta kummallakin akselilla.<\/span><\/span><\/p>\n<p><strong>Ominaisuudet:<\/strong><\/p>\n<ul>\n<li>Pan-tilt-moduuli (180 asteen liike kummallakin akselilla) kahdella servolla<\/li>\n<li>HAT kahdella servokanavalla, yhdell\u00e4 PWM tai NeoPixel RGB (tai RGBW) LED-kanavalla<\/li>\n<li>Suorakulmainen otsikko juotettu HATin alapuolelle servo- ja LED-kanaville<\/li>\n<li>Paikka servo-, LED- ja kamerakaapelien reititt\u00e4miseen<\/li>\n<li>Akryyliteline Pi-kameran ja NeoPixel-nauhan (hajottimella) pit\u00e4miseen paikoillaan<\/li>\n<li>Yhteensopiva Raspberry Pi 3, 2, B+, A+, Zero ja Zero W kanssa<\/li>\n<li><a href=\"https:\/\/github.com\/pimoroni\/pantilt-hat\"><span id=\"result_box\" class=\"\" lang=\"da\">Python bibliotek<\/span><\/a><\/li>\n<li>Toimitetaan t\u00e4ysin koottuna<\/li>\n<\/ul>\n<p><a href=\"https:\/\/learn.pimoroni.com\/tutorial\/sandyj\/assembling-pan-tilt-hat\">Ker\u00e4ysopas<\/a><\/p>\n<p>&nbsp;<\/p>\n","protected":false},"excerpt":{"rendered":"<p><span id=\"result_box\" class=\"\" lang=\"da\"><span class=\"\"><strong>Pimoroni Pan-Tilt HAT.<\/strong><br \/>\n<\/span><\/span><\/p>\n<p>Ihanteellinen mini CCTV-j\u00e4rjestelm\u00e4\u00e4n. T\u00e4ss\u00e4 sarjassa on vaaka- ja pystysuuntaiset liikeservot, jotka antavat sinulle eritt\u00e4in \u00e4lykk\u00e4\u00e4n liikkeen Pi-kamerallasi.<\/p>\n","protected":false},"featured_media":221989,"comment_status":"open","ping_status":"closed","template":"","meta":[],"product_brand":[],"product_cat":[732,737],"product_tag":[719,718],"class_list":{"0":"post-221988","1":"product","2":"type-product","3":"status-publish","4":"has-post-thumbnail","6":"product_cat-hats-gpio","7":"product_cat-camera","8":"product_tag-rpi4-fi","9":"product_tag-rpi5-fi","11":"first","12":"outofstock","13":"taxable","14":"shipping-taxable","15":"purchasable","16":"product-type-simple"},"composite_virtual":false,"composite_layout":"","composite_add_to_cart_form_location":"","composite_editable_in_cart":false,"composite_sold_individually_context":"","composite_shop_price_calc":"","composite_components":[],"composite_scenarios":[],"bundled_by":[],"bundle_stock_status":"outofstock","bundle_stock_quantity":0,"bundle_virtual":false,"bundle_layout":"","bundle_add_to_cart_form_location":"","bundle_editable_in_cart":false,"bundle_sold_individually_context":"","bundle_item_grouping":"","bundle_min_size":"","bundle_max_size":"","bundle_price":[],"bundled_items":[],"bundle_sell_ids":[],"yoast_head":"<!-- This site is optimized with the Yoast SEO plugin v27.1.1 - https:\/\/yoast.com\/product\/yoast-seo-wordpress\/ -->\n<title>Pan-Tilt HAT \u2022 RaspberryPi.dk<\/title>\n<meta name=\"robots\" content=\"index, follow, max-snippet:-1, max-image-preview:large, max-video-preview:-1\" \/>\n<link rel=\"canonical\" href=\"https:\/\/raspberrypi.dk\/fi\/tuote\/pan-tilt-hat\/\" \/>\n<meta property=\"og:locale\" content=\"fi_FI\" \/>\n<meta property=\"og:type\" content=\"article\" \/>\n<meta property=\"og:title\" content=\"Pan-Tilt HAT \u2022 RaspberryPi.dk\" \/>\n<meta property=\"og:description\" content=\"Pimoroni Pan-Tilt HAT.   Ihanteellinen mini CCTV-j\u00e4rjestelm\u00e4\u00e4n. T\u00e4ss\u00e4 sarjassa on vaaka- ja pystysuuntaiset liikeservot, jotka antavat sinulle eritt\u00e4in \u00e4lykk\u00e4\u00e4n liikkeen Pi-kamerallasi.\" \/>\n<meta property=\"og:url\" content=\"https:\/\/raspberrypi.dk\/fi\/tuote\/pan-tilt-hat\/\" \/>\n<meta property=\"og:site_name\" content=\"RaspberryPi.dk\" \/>\n<meta property=\"article:publisher\" content=\"https:\/\/facebook.com\/RaspberryPiDanmark\" \/>\n<meta property=\"article:modified_time\" content=\"2026-03-15T08:02:40+00:00\" \/>\n<meta property=\"og:image\" content=\"https:\/\/raspberrypi.dk\/wp-content\/uploads\/2017\/04\/pan-tilt-hat-1.png\" \/>\n\t<meta property=\"og:image:width\" content=\"500\" \/>\n\t<meta property=\"og:image:height\" content=\"500\" \/>\n\t<meta property=\"og:image:type\" content=\"image\/png\" \/>\n<meta name=\"twitter:card\" content=\"summary_large_image\" \/>\n<meta name=\"twitter:site\" content=\"@raspberrypidk\" \/>\n<meta name=\"twitter:label1\" content=\"Arvioitu lukuaika\" \/>\n\t<meta name=\"twitter:data1\" content=\"1 minuutti\" \/>\n<script type=\"application\/ld+json\" class=\"yoast-schema-graph\">{\"@context\":\"https:\/\/schema.org\",\"@graph\":[{\"@type\":\"WebPage\",\"@id\":\"https:\/\/raspberrypi.dk\/fi\/tuote\/pan-tilt-hat\/\",\"url\":\"https:\/\/raspberrypi.dk\/fi\/tuote\/pan-tilt-hat\/\",\"name\":\"Pan-Tilt HAT \u2022 RaspberryPi.dk\",\"isPartOf\":{\"@id\":\"https:\/\/raspberrypi.dk\/fi\/#website\"},\"primaryImageOfPage\":{\"@id\":\"https:\/\/raspberrypi.dk\/fi\/tuote\/pan-tilt-hat\/#primaryimage\"},\"image\":{\"@id\":\"https:\/\/raspberrypi.dk\/fi\/tuote\/pan-tilt-hat\/#primaryimage\"},\"thumbnailUrl\":\"https:\/\/raspberrypi.dk\/wp-content\/uploads\/2017\/04\/pan-tilt-hat-1.png\",\"datePublished\":\"2019-06-24T11:36:52+00:00\",\"dateModified\":\"2026-03-15T08:02:40+00:00\",\"breadcrumb\":{\"@id\":\"https:\/\/raspberrypi.dk\/fi\/tuote\/pan-tilt-hat\/#breadcrumb\"},\"inLanguage\":\"fi\",\"potentialAction\":[{\"@type\":\"ReadAction\",\"target\":[\"https:\/\/raspberrypi.dk\/fi\/tuote\/pan-tilt-hat\/\"]}]},{\"@type\":\"ImageObject\",\"inLanguage\":\"fi\",\"@id\":\"https:\/\/raspberrypi.dk\/fi\/tuote\/pan-tilt-hat\/#primaryimage\",\"url\":\"https:\/\/raspberrypi.dk\/wp-content\/uploads\/2017\/04\/pan-tilt-hat-1.png\",\"contentUrl\":\"https:\/\/raspberrypi.dk\/wp-content\/uploads\/2017\/04\/pan-tilt-hat-1.png\",\"width\":500,\"height\":500,\"caption\":\"pimoroni pan-tilt hat\"},{\"@type\":\"BreadcrumbList\",\"@id\":\"https:\/\/raspberrypi.dk\/fi\/tuote\/pan-tilt-hat\/#breadcrumb\",\"itemListElement\":[{\"@type\":\"ListItem\",\"position\":1,\"name\":\"Hjem\",\"item\":\"https:\/\/raspberrypi.dk\/fi\/raspberry-pi-verkkokauppa\/\"},{\"@type\":\"ListItem\",\"position\":2,\"name\":\"Shop\",\"item\":\"https:\/\/raspberrypi.dk\/fi\/shop-2\/\"},{\"@type\":\"ListItem\",\"position\":3,\"name\":\"Pan-Tilt HAT\"}]},{\"@type\":\"WebSite\",\"@id\":\"https:\/\/raspberrypi.dk\/fi\/#website\",\"url\":\"https:\/\/raspberrypi.dk\/fi\/\",\"name\":\"RaspberryPi.dk\",\"description\":\"Danmarks f\u00f8rende Raspberry Pi side!\",\"publisher\":{\"@id\":\"https:\/\/raspberrypi.dk\/fi\/#organization\"},\"potentialAction\":[{\"@type\":\"SearchAction\",\"target\":{\"@type\":\"EntryPoint\",\"urlTemplate\":\"https:\/\/raspberrypi.dk\/fi\/?s={search_term_string}\"},\"query-input\":{\"@type\":\"PropertyValueSpecification\",\"valueRequired\":true,\"valueName\":\"search_term_string\"}}],\"inLanguage\":\"fi\"},{\"@type\":\"Organization\",\"@id\":\"https:\/\/raspberrypi.dk\/fi\/#organization\",\"name\":\"RaspberryPi.dk\",\"url\":\"https:\/\/raspberrypi.dk\/fi\/\",\"logo\":{\"@type\":\"ImageObject\",\"inLanguage\":\"fi\",\"@id\":\"https:\/\/raspberrypi.dk\/fi\/#\/schema\/logo\/image\/\",\"url\":\"https:\/\/raspberrypi.dk\/wp-content\/uploads\/2017\/05\/RaspberryPidk_logo-2.png\",\"contentUrl\":\"https:\/\/raspberrypi.dk\/wp-content\/uploads\/2017\/05\/RaspberryPidk_logo-2.png\",\"width\":470,\"height\":110,\"caption\":\"RaspberryPi.dk\"},\"image\":{\"@id\":\"https:\/\/raspberrypi.dk\/fi\/#\/schema\/logo\/image\/\"},\"sameAs\":[\"https:\/\/facebook.com\/RaspberryPiDanmark\",\"https:\/\/x.com\/raspberrypidk\",\"https:\/\/instagram.com\/raspberrypi.dk\"]}]}<\/script>\n<!-- \/ Yoast SEO plugin. -->","yoast_head_json":{"title":"Pan-Tilt HAT \u2022 RaspberryPi.dk","robots":{"index":"index","follow":"follow","max-snippet":"max-snippet:-1","max-image-preview":"max-image-preview:large","max-video-preview":"max-video-preview:-1"},"canonical":"https:\/\/raspberrypi.dk\/fi\/tuote\/pan-tilt-hat\/","og_locale":"fi_FI","og_type":"article","og_title":"Pan-Tilt HAT \u2022 RaspberryPi.dk","og_description":"Pimoroni Pan-Tilt HAT.   Ihanteellinen mini CCTV-j\u00e4rjestelm\u00e4\u00e4n. T\u00e4ss\u00e4 sarjassa on vaaka- ja pystysuuntaiset liikeservot, jotka antavat sinulle eritt\u00e4in \u00e4lykk\u00e4\u00e4n liikkeen Pi-kamerallasi.","og_url":"https:\/\/raspberrypi.dk\/fi\/tuote\/pan-tilt-hat\/","og_site_name":"RaspberryPi.dk","article_publisher":"https:\/\/facebook.com\/RaspberryPiDanmark","article_modified_time":"2026-03-15T08:02:40+00:00","og_image":[{"width":500,"height":500,"url":"https:\/\/raspberrypi.dk\/wp-content\/uploads\/2017\/04\/pan-tilt-hat-1.png","type":"image\/png"}],"twitter_card":"summary_large_image","twitter_site":"@raspberrypidk","twitter_misc":{"Arvioitu lukuaika":"1 minuutti"},"schema":{"@context":"https:\/\/schema.org","@graph":[{"@type":"WebPage","@id":"https:\/\/raspberrypi.dk\/fi\/tuote\/pan-tilt-hat\/","url":"https:\/\/raspberrypi.dk\/fi\/tuote\/pan-tilt-hat\/","name":"Pan-Tilt HAT \u2022 RaspberryPi.dk","isPartOf":{"@id":"https:\/\/raspberrypi.dk\/fi\/#website"},"primaryImageOfPage":{"@id":"https:\/\/raspberrypi.dk\/fi\/tuote\/pan-tilt-hat\/#primaryimage"},"image":{"@id":"https:\/\/raspberrypi.dk\/fi\/tuote\/pan-tilt-hat\/#primaryimage"},"thumbnailUrl":"https:\/\/raspberrypi.dk\/wp-content\/uploads\/2017\/04\/pan-tilt-hat-1.png","datePublished":"2019-06-24T11:36:52+00:00","dateModified":"2026-03-15T08:02:40+00:00","breadcrumb":{"@id":"https:\/\/raspberrypi.dk\/fi\/tuote\/pan-tilt-hat\/#breadcrumb"},"inLanguage":"fi","potentialAction":[{"@type":"ReadAction","target":["https:\/\/raspberrypi.dk\/fi\/tuote\/pan-tilt-hat\/"]}]},{"@type":"ImageObject","inLanguage":"fi","@id":"https:\/\/raspberrypi.dk\/fi\/tuote\/pan-tilt-hat\/#primaryimage","url":"https:\/\/raspberrypi.dk\/wp-content\/uploads\/2017\/04\/pan-tilt-hat-1.png","contentUrl":"https:\/\/raspberrypi.dk\/wp-content\/uploads\/2017\/04\/pan-tilt-hat-1.png","width":500,"height":500,"caption":"pimoroni pan-tilt hat"},{"@type":"BreadcrumbList","@id":"https:\/\/raspberrypi.dk\/fi\/tuote\/pan-tilt-hat\/#breadcrumb","itemListElement":[{"@type":"ListItem","position":1,"name":"Hjem","item":"https:\/\/raspberrypi.dk\/fi\/raspberry-pi-verkkokauppa\/"},{"@type":"ListItem","position":2,"name":"Shop","item":"https:\/\/raspberrypi.dk\/fi\/shop-2\/"},{"@type":"ListItem","position":3,"name":"Pan-Tilt HAT"}]},{"@type":"WebSite","@id":"https:\/\/raspberrypi.dk\/fi\/#website","url":"https:\/\/raspberrypi.dk\/fi\/","name":"RaspberryPi.dk","description":"Danmarks f\u00f8rende Raspberry Pi side!","publisher":{"@id":"https:\/\/raspberrypi.dk\/fi\/#organization"},"potentialAction":[{"@type":"SearchAction","target":{"@type":"EntryPoint","urlTemplate":"https:\/\/raspberrypi.dk\/fi\/?s={search_term_string}"},"query-input":{"@type":"PropertyValueSpecification","valueRequired":true,"valueName":"search_term_string"}}],"inLanguage":"fi"},{"@type":"Organization","@id":"https:\/\/raspberrypi.dk\/fi\/#organization","name":"RaspberryPi.dk","url":"https:\/\/raspberrypi.dk\/fi\/","logo":{"@type":"ImageObject","inLanguage":"fi","@id":"https:\/\/raspberrypi.dk\/fi\/#\/schema\/logo\/image\/","url":"https:\/\/raspberrypi.dk\/wp-content\/uploads\/2017\/05\/RaspberryPidk_logo-2.png","contentUrl":"https:\/\/raspberrypi.dk\/wp-content\/uploads\/2017\/05\/RaspberryPidk_logo-2.png","width":470,"height":110,"caption":"RaspberryPi.dk"},"image":{"@id":"https:\/\/raspberrypi.dk\/fi\/#\/schema\/logo\/image\/"},"sameAs":["https:\/\/facebook.com\/RaspberryPiDanmark","https:\/\/x.com\/raspberrypidk","https:\/\/instagram.com\/raspberrypi.dk"]}]}},"_links":{"self":[{"href":"https:\/\/raspberrypi.dk\/fi\/wp-json\/wp\/v2\/product\/221988","targetHints":{"allow":["GET"]}}],"collection":[{"href":"https:\/\/raspberrypi.dk\/fi\/wp-json\/wp\/v2\/product"}],"about":[{"href":"https:\/\/raspberrypi.dk\/fi\/wp-json\/wp\/v2\/types\/product"}],"replies":[{"embeddable":true,"href":"https:\/\/raspberrypi.dk\/fi\/wp-json\/wp\/v2\/comments?post=221988"}],"wp:featuredmedia":[{"embeddable":true,"href":"https:\/\/raspberrypi.dk\/fi\/wp-json\/wp\/v2\/media\/221989"}],"wp:attachment":[{"href":"https:\/\/raspberrypi.dk\/fi\/wp-json\/wp\/v2\/media?parent=221988"}],"wp:term":[{"taxonomy":"product_brand","embeddable":true,"href":"https:\/\/raspberrypi.dk\/fi\/wp-json\/wp\/v2\/product_brand?post=221988"},{"taxonomy":"product_cat","embeddable":true,"href":"https:\/\/raspberrypi.dk\/fi\/wp-json\/wp\/v2\/product_cat?post=221988"},{"taxonomy":"product_tag","embeddable":true,"href":"https:\/\/raspberrypi.dk\/fi\/wp-json\/wp\/v2\/product_tag?post=221988"}],"curies":[{"name":"wp","href":"https:\/\/api.w.org\/{rel}","templated":true}]}}