{"id":221995,"date":"2019-06-24T13:36:40","date_gmt":"2019-06-24T11:36:40","guid":{"rendered":"https:\/\/raspberrypi.dk\/produkt\/langaton-usb-naeppaeimistoe-touchpad\/"},"modified":"2025-09-29T15:51:13","modified_gmt":"2025-09-29T13:51:13","slug":"langaton-usb-naeppaeimistoe-touchpad","status":"publish","type":"product","link":"https:\/\/raspberrypi.dk\/fi\/tuote\/langaton-usb-naeppaeimistoe-touchpad\/","title":{"rendered":"Langaton USB-n\u00e4pp\u00e4imist\u00f6 Touchpad"},"content":{"rendered":"<p><strong>Tekniset tiedot<\/strong><\/p>\n<ul>\n<li>Langaton kantama 10 metri\u00e4<\/li>\n<li>Pohjoismainen asettelu (\u00c6, \u00d8 ja \u00c5)<\/li>\n<li>Suuri 3,5&#8243; sis\u00e4\u00e4nrakennettu ohjauslevy<\/li>\n<li>Toimii heti, kun se on kytketty<\/li>\n<li>Logitech Unifying -vastaanotin<\/li>\n<li>Mukava ja l\u00e4hes \u00e4\u00e4net\u00f6n<\/li>\n<li>Edistyksellinen langaton 2,4 GHz yhteys<\/li>\n<li>128-bittinen AES-salaus<\/li>\n<li>N\u00e4pp\u00e4imet, joita on helppo lukea<\/li>\n<li>Tyylik\u00e4s ja kompakti muotoilu<\/li>\n<li>Pikan\u00e4pp\u00e4imet mediatiedostoille<\/li>\n<\/ul>\n<p>Yhteystyyppi: Logitech Unifying Protocol (2,4 GHz)<\/p>\n<p>Mediapainikkeet: Mykist\u00e4, Vierit\u00e4 alas ja Vierit\u00e4 yl\u00f6s<\/p>\n<p>Kytkent\u00e4\/virta: kytkinpainike<\/p>\n<p>Paristotiedot: 2 x AA<\/p>\n<p>Akun kesto (ei ladattava): Jopa 18 kuukautta<\/p>\n<p>N\u00e4pp\u00e4inten kest\u00e4vyys: Jopa 5 miljoonaa n\u00e4pp\u00e4inpainallusta<\/p>\n<p>\u00c4\u00e4ni kirjoitettaessa: 55 dBA:n sis\u00e4ll\u00e4 kaikille n\u00e4pp\u00e4imille<\/p>\n<p><strong>Laatikko sis\u00e4lt\u00e4\u00e4:<\/strong><\/p>\n<ul>\n<li>Langaton kosketusherkk\u00e4 n\u00e4pp\u00e4imist\u00f6<\/li>\n<li>Yhdist\u00e4v\u00e4 vastaanotin<\/li>\n<li>2 AA-paristoa (asennettu)<\/li>\n<li>Ohjekirja<\/li>\n<\/ul>\n","protected":false},"excerpt":{"rendered":"<p><strong>Toimii t\u00e4ydellisesti Raspberry Pi kanssa!<\/strong><\/p>\n<p>Langaton USB-n\u00e4pp\u00e4imist\u00f6 ja kosketuslevy: <strong>Logitech K400 Plus Nordic<\/strong><\/p>\n<p><strong>Pohjoismainen asettelu \u00c6, \u00d8 ja \u00c5.<\/strong><\/p>\n<p>10 metrin langattomalla kantamalla, sis\u00e4\u00e4nrakennetulla monikosketuslevyll\u00e4 ja heti, kun se on kytketty (plug and play) toimivan ohjauslevyn ansiosta voit ohjata Raspberry Pi:t\u00e4 tai muuta laitetta langattomasti, joten voit vain rentoutua. &#8211; vaikka liit\u00e4t sen televisioon. Lis\u00e4tietoja l\u00f6ytyy alta.<\/p>\n","protected":false},"featured_media":221996,"comment_status":"open","ping_status":"closed","template":"","meta":[],"product_brand":[],"product_cat":[751],"product_tag":[719,718],"class_list":{"0":"post-221995","1":"product","2":"type-product","3":"status-publish","4":"has-post-thumbnail","6":"product_cat-usb-tarvikkeet","7":"product_tag-rpi4-fi","8":"product_tag-rpi5-fi","10":"first","11":"outofstock","12":"taxable","13":"shipping-taxable","14":"purchasable","15":"product-type-simple"},"composite_virtual":false,"composite_layout":"","composite_add_to_cart_form_location":"","composite_editable_in_cart":false,"composite_sold_individually_context":"","composite_shop_price_calc":"","composite_components":[],"composite_scenarios":[],"bundled_by":[],"bundle_stock_status":"outofstock","bundle_stock_quantity":0,"bundle_virtual":false,"bundle_layout":"","bundle_add_to_cart_form_location":"","bundle_editable_in_cart":false,"bundle_sold_individually_context":"","bundle_item_grouping":"","bundle_min_size":"","bundle_max_size":"","bundle_price":[],"bundled_items":[],"bundle_sell_ids":[],"yoast_head":"<!-- This site is optimized with the Yoast SEO plugin v27.1.1 - https:\/\/yoast.com\/product\/yoast-seo-wordpress\/ -->\n<title>Langaton USB-n\u00e4pp\u00e4imist\u00f6 Touchpad \u2022 RaspberryPi.dk<\/title>\n<meta name=\"description\" content=\"Langaton USB-n\u00e4pp\u00e4imist\u00f6 kosketuslevyll\u00e4 Logitechilta - on todella laadukas ja myyd\u00e4\u00e4n alle 350 DKK:n hintaan. Edullinen toimitus ja nopea toimitus tanskalaisessa myym\u00e4l\u00e4ss\u00e4mme.\" \/>\n<meta name=\"robots\" content=\"index, follow, max-snippet:-1, max-image-preview:large, max-video-preview:-1\" \/>\n<link rel=\"canonical\" href=\"https:\/\/raspberrypi.dk\/fi\/tuote\/langaton-usb-naeppaeimistoe-touchpad\/\" \/>\n<meta property=\"og:locale\" content=\"fi_FI\" \/>\n<meta property=\"og:type\" content=\"article\" \/>\n<meta property=\"og:title\" content=\"Langaton USB-n\u00e4pp\u00e4imist\u00f6 Touchpad \u2022 RaspberryPi.dk\" \/>\n<meta property=\"og:description\" content=\"Langaton USB-n\u00e4pp\u00e4imist\u00f6 kosketuslevyll\u00e4 Logitechilta - on todella laadukas ja myyd\u00e4\u00e4n alle 350 DKK:n hintaan. Edullinen toimitus ja nopea toimitus tanskalaisessa myym\u00e4l\u00e4ss\u00e4mme.\" \/>\n<meta property=\"og:url\" content=\"https:\/\/raspberrypi.dk\/fi\/tuote\/langaton-usb-naeppaeimistoe-touchpad\/\" \/>\n<meta property=\"og:site_name\" content=\"RaspberryPi.dk\" \/>\n<meta property=\"article:publisher\" content=\"https:\/\/facebook.com\/RaspberryPiDanmark\" \/>\n<meta property=\"article:modified_time\" content=\"2025-09-29T13:51:13+00:00\" \/>\n<meta property=\"og:image\" content=\"https:\/\/raspberrypi.dk\/wp-content\/uploads\/2012\/10\/wireless-touch-keyboard-k400-plus-1.png\" \/>\n\t<meta property=\"og:image:width\" content=\"652\" \/>\n\t<meta property=\"og:image:height\" content=\"560\" \/>\n\t<meta property=\"og:image:type\" content=\"image\/png\" \/>\n<meta name=\"twitter:card\" content=\"summary_large_image\" \/>\n<meta name=\"twitter:site\" content=\"@raspberrypidk\" \/>\n<meta name=\"twitter:label1\" content=\"Arvioitu lukuaika\" \/>\n\t<meta name=\"twitter:data1\" content=\"1 minuutti\" \/>\n<script type=\"application\/ld+json\" class=\"yoast-schema-graph\">{\"@context\":\"https:\/\/schema.org\",\"@graph\":[{\"@type\":\"WebPage\",\"@id\":\"https:\/\/raspberrypi.dk\/fi\/tuote\/langaton-usb-naeppaeimistoe-touchpad\/\",\"url\":\"https:\/\/raspberrypi.dk\/fi\/tuote\/langaton-usb-naeppaeimistoe-touchpad\/\",\"name\":\"Langaton USB-n\u00e4pp\u00e4imist\u00f6 Touchpad \u2022 RaspberryPi.dk\",\"isPartOf\":{\"@id\":\"https:\/\/raspberrypi.dk\/fi\/#website\"},\"primaryImageOfPage\":{\"@id\":\"https:\/\/raspberrypi.dk\/fi\/tuote\/langaton-usb-naeppaeimistoe-touchpad\/#primaryimage\"},\"image\":{\"@id\":\"https:\/\/raspberrypi.dk\/fi\/tuote\/langaton-usb-naeppaeimistoe-touchpad\/#primaryimage\"},\"thumbnailUrl\":\"https:\/\/raspberrypi.dk\/wp-content\/uploads\/2012\/10\/wireless-touch-keyboard-k400-plus-1.png\",\"datePublished\":\"2019-06-24T11:36:40+00:00\",\"dateModified\":\"2025-09-29T13:51:13+00:00\",\"description\":\"Langaton USB-n\u00e4pp\u00e4imist\u00f6 kosketuslevyll\u00e4 Logitechilta - on todella laadukas ja myyd\u00e4\u00e4n alle 350 DKK:n hintaan. Edullinen toimitus ja nopea toimitus tanskalaisessa myym\u00e4l\u00e4ss\u00e4mme.\",\"breadcrumb\":{\"@id\":\"https:\/\/raspberrypi.dk\/fi\/tuote\/langaton-usb-naeppaeimistoe-touchpad\/#breadcrumb\"},\"inLanguage\":\"fi\",\"potentialAction\":[{\"@type\":\"ReadAction\",\"target\":[\"https:\/\/raspberrypi.dk\/fi\/tuote\/langaton-usb-naeppaeimistoe-touchpad\/\"]}]},{\"@type\":\"ImageObject\",\"inLanguage\":\"fi\",\"@id\":\"https:\/\/raspberrypi.dk\/fi\/tuote\/langaton-usb-naeppaeimistoe-touchpad\/#primaryimage\",\"url\":\"https:\/\/raspberrypi.dk\/wp-content\/uploads\/2012\/10\/wireless-touch-keyboard-k400-plus-1.png\",\"contentUrl\":\"https:\/\/raspberrypi.dk\/wp-content\/uploads\/2012\/10\/wireless-touch-keyboard-k400-plus-1.png\",\"width\":652,\"height\":560,\"caption\":\"langaton n\u00e4pp\u00e4imist\u00f6 kosketuslevyll\u00e4 Raspberry pi:lle\"},{\"@type\":\"BreadcrumbList\",\"@id\":\"https:\/\/raspberrypi.dk\/fi\/tuote\/langaton-usb-naeppaeimistoe-touchpad\/#breadcrumb\",\"itemListElement\":[{\"@type\":\"ListItem\",\"position\":1,\"name\":\"Hjem\",\"item\":\"https:\/\/raspberrypi.dk\/fi\/raspberry-pi-verkkokauppa\/\"},{\"@type\":\"ListItem\",\"position\":2,\"name\":\"Shop\",\"item\":\"https:\/\/raspberrypi.dk\/fi\/shop-2\/\"},{\"@type\":\"ListItem\",\"position\":3,\"name\":\"Langaton USB-n\u00e4pp\u00e4imist\u00f6 Touchpad\"}]},{\"@type\":\"WebSite\",\"@id\":\"https:\/\/raspberrypi.dk\/fi\/#website\",\"url\":\"https:\/\/raspberrypi.dk\/fi\/\",\"name\":\"RaspberryPi.dk\",\"description\":\"Danmarks f\u00f8rende Raspberry Pi side!\",\"publisher\":{\"@id\":\"https:\/\/raspberrypi.dk\/fi\/#organization\"},\"potentialAction\":[{\"@type\":\"SearchAction\",\"target\":{\"@type\":\"EntryPoint\",\"urlTemplate\":\"https:\/\/raspberrypi.dk\/fi\/?s={search_term_string}\"},\"query-input\":{\"@type\":\"PropertyValueSpecification\",\"valueRequired\":true,\"valueName\":\"search_term_string\"}}],\"inLanguage\":\"fi\"},{\"@type\":\"Organization\",\"@id\":\"https:\/\/raspberrypi.dk\/fi\/#organization\",\"name\":\"RaspberryPi.dk\",\"url\":\"https:\/\/raspberrypi.dk\/fi\/\",\"logo\":{\"@type\":\"ImageObject\",\"inLanguage\":\"fi\",\"@id\":\"https:\/\/raspberrypi.dk\/fi\/#\/schema\/logo\/image\/\",\"url\":\"https:\/\/raspberrypi.dk\/wp-content\/uploads\/2017\/05\/RaspberryPidk_logo-2.png\",\"contentUrl\":\"https:\/\/raspberrypi.dk\/wp-content\/uploads\/2017\/05\/RaspberryPidk_logo-2.png\",\"width\":470,\"height\":110,\"caption\":\"RaspberryPi.dk\"},\"image\":{\"@id\":\"https:\/\/raspberrypi.dk\/fi\/#\/schema\/logo\/image\/\"},\"sameAs\":[\"https:\/\/facebook.com\/RaspberryPiDanmark\",\"https:\/\/x.com\/raspberrypidk\",\"https:\/\/instagram.com\/raspberrypi.dk\"]}]}<\/script>\n<!-- \/ Yoast SEO plugin. -->","yoast_head_json":{"title":"Langaton USB-n\u00e4pp\u00e4imist\u00f6 Touchpad \u2022 RaspberryPi.dk","description":"Langaton USB-n\u00e4pp\u00e4imist\u00f6 kosketuslevyll\u00e4 Logitechilta - on todella laadukas ja myyd\u00e4\u00e4n alle 350 DKK:n hintaan. Edullinen toimitus ja nopea toimitus tanskalaisessa myym\u00e4l\u00e4ss\u00e4mme.","robots":{"index":"index","follow":"follow","max-snippet":"max-snippet:-1","max-image-preview":"max-image-preview:large","max-video-preview":"max-video-preview:-1"},"canonical":"https:\/\/raspberrypi.dk\/fi\/tuote\/langaton-usb-naeppaeimistoe-touchpad\/","og_locale":"fi_FI","og_type":"article","og_title":"Langaton USB-n\u00e4pp\u00e4imist\u00f6 Touchpad \u2022 RaspberryPi.dk","og_description":"Langaton USB-n\u00e4pp\u00e4imist\u00f6 kosketuslevyll\u00e4 Logitechilta - on todella laadukas ja myyd\u00e4\u00e4n alle 350 DKK:n hintaan. Edullinen toimitus ja nopea toimitus tanskalaisessa myym\u00e4l\u00e4ss\u00e4mme.","og_url":"https:\/\/raspberrypi.dk\/fi\/tuote\/langaton-usb-naeppaeimistoe-touchpad\/","og_site_name":"RaspberryPi.dk","article_publisher":"https:\/\/facebook.com\/RaspberryPiDanmark","article_modified_time":"2025-09-29T13:51:13+00:00","og_image":[{"width":652,"height":560,"url":"https:\/\/raspberrypi.dk\/wp-content\/uploads\/2012\/10\/wireless-touch-keyboard-k400-plus-1.png","type":"image\/png"}],"twitter_card":"summary_large_image","twitter_site":"@raspberrypidk","twitter_misc":{"Arvioitu lukuaika":"1 minuutti"},"schema":{"@context":"https:\/\/schema.org","@graph":[{"@type":"WebPage","@id":"https:\/\/raspberrypi.dk\/fi\/tuote\/langaton-usb-naeppaeimistoe-touchpad\/","url":"https:\/\/raspberrypi.dk\/fi\/tuote\/langaton-usb-naeppaeimistoe-touchpad\/","name":"Langaton USB-n\u00e4pp\u00e4imist\u00f6 Touchpad \u2022 RaspberryPi.dk","isPartOf":{"@id":"https:\/\/raspberrypi.dk\/fi\/#website"},"primaryImageOfPage":{"@id":"https:\/\/raspberrypi.dk\/fi\/tuote\/langaton-usb-naeppaeimistoe-touchpad\/#primaryimage"},"image":{"@id":"https:\/\/raspberrypi.dk\/fi\/tuote\/langaton-usb-naeppaeimistoe-touchpad\/#primaryimage"},"thumbnailUrl":"https:\/\/raspberrypi.dk\/wp-content\/uploads\/2012\/10\/wireless-touch-keyboard-k400-plus-1.png","datePublished":"2019-06-24T11:36:40+00:00","dateModified":"2025-09-29T13:51:13+00:00","description":"Langaton USB-n\u00e4pp\u00e4imist\u00f6 kosketuslevyll\u00e4 Logitechilta - on todella laadukas ja myyd\u00e4\u00e4n alle 350 DKK:n hintaan. Edullinen toimitus ja nopea toimitus tanskalaisessa myym\u00e4l\u00e4ss\u00e4mme.","breadcrumb":{"@id":"https:\/\/raspberrypi.dk\/fi\/tuote\/langaton-usb-naeppaeimistoe-touchpad\/#breadcrumb"},"inLanguage":"fi","potentialAction":[{"@type":"ReadAction","target":["https:\/\/raspberrypi.dk\/fi\/tuote\/langaton-usb-naeppaeimistoe-touchpad\/"]}]},{"@type":"ImageObject","inLanguage":"fi","@id":"https:\/\/raspberrypi.dk\/fi\/tuote\/langaton-usb-naeppaeimistoe-touchpad\/#primaryimage","url":"https:\/\/raspberrypi.dk\/wp-content\/uploads\/2012\/10\/wireless-touch-keyboard-k400-plus-1.png","contentUrl":"https:\/\/raspberrypi.dk\/wp-content\/uploads\/2012\/10\/wireless-touch-keyboard-k400-plus-1.png","width":652,"height":560,"caption":"langaton n\u00e4pp\u00e4imist\u00f6 kosketuslevyll\u00e4 Raspberry pi:lle"},{"@type":"BreadcrumbList","@id":"https:\/\/raspberrypi.dk\/fi\/tuote\/langaton-usb-naeppaeimistoe-touchpad\/#breadcrumb","itemListElement":[{"@type":"ListItem","position":1,"name":"Hjem","item":"https:\/\/raspberrypi.dk\/fi\/raspberry-pi-verkkokauppa\/"},{"@type":"ListItem","position":2,"name":"Shop","item":"https:\/\/raspberrypi.dk\/fi\/shop-2\/"},{"@type":"ListItem","position":3,"name":"Langaton USB-n\u00e4pp\u00e4imist\u00f6 Touchpad"}]},{"@type":"WebSite","@id":"https:\/\/raspberrypi.dk\/fi\/#website","url":"https:\/\/raspberrypi.dk\/fi\/","name":"RaspberryPi.dk","description":"Danmarks f\u00f8rende Raspberry Pi side!","publisher":{"@id":"https:\/\/raspberrypi.dk\/fi\/#organization"},"potentialAction":[{"@type":"SearchAction","target":{"@type":"EntryPoint","urlTemplate":"https:\/\/raspberrypi.dk\/fi\/?s={search_term_string}"},"query-input":{"@type":"PropertyValueSpecification","valueRequired":true,"valueName":"search_term_string"}}],"inLanguage":"fi"},{"@type":"Organization","@id":"https:\/\/raspberrypi.dk\/fi\/#organization","name":"RaspberryPi.dk","url":"https:\/\/raspberrypi.dk\/fi\/","logo":{"@type":"ImageObject","inLanguage":"fi","@id":"https:\/\/raspberrypi.dk\/fi\/#\/schema\/logo\/image\/","url":"https:\/\/raspberrypi.dk\/wp-content\/uploads\/2017\/05\/RaspberryPidk_logo-2.png","contentUrl":"https:\/\/raspberrypi.dk\/wp-content\/uploads\/2017\/05\/RaspberryPidk_logo-2.png","width":470,"height":110,"caption":"RaspberryPi.dk"},"image":{"@id":"https:\/\/raspberrypi.dk\/fi\/#\/schema\/logo\/image\/"},"sameAs":["https:\/\/facebook.com\/RaspberryPiDanmark","https:\/\/x.com\/raspberrypidk","https:\/\/instagram.com\/raspberrypi.dk"]}]}},"_links":{"self":[{"href":"https:\/\/raspberrypi.dk\/fi\/wp-json\/wp\/v2\/product\/221995","targetHints":{"allow":["GET"]}}],"collection":[{"href":"https:\/\/raspberrypi.dk\/fi\/wp-json\/wp\/v2\/product"}],"about":[{"href":"https:\/\/raspberrypi.dk\/fi\/wp-json\/wp\/v2\/types\/product"}],"replies":[{"embeddable":true,"href":"https:\/\/raspberrypi.dk\/fi\/wp-json\/wp\/v2\/comments?post=221995"}],"wp:featuredmedia":[{"embeddable":true,"href":"https:\/\/raspberrypi.dk\/fi\/wp-json\/wp\/v2\/media\/221996"}],"wp:attachment":[{"href":"https:\/\/raspberrypi.dk\/fi\/wp-json\/wp\/v2\/media?parent=221995"}],"wp:term":[{"taxonomy":"product_brand","embeddable":true,"href":"https:\/\/raspberrypi.dk\/fi\/wp-json\/wp\/v2\/product_brand?post=221995"},{"taxonomy":"product_cat","embeddable":true,"href":"https:\/\/raspberrypi.dk\/fi\/wp-json\/wp\/v2\/product_cat?post=221995"},{"taxonomy":"product_tag","embeddable":true,"href":"https:\/\/raspberrypi.dk\/fi\/wp-json\/wp\/v2\/product_tag?post=221995"}],"curies":[{"name":"wp","href":"https:\/\/api.w.org\/{rel}","templated":true}]}}