{"id":222001,"date":"2019-06-23T11:33:41","date_gmt":"2019-06-23T09:33:41","guid":{"rendered":"https:\/\/raspberrypi.dk\/produkt\/raspberry-pi-4-model-b-retro-konsol-starter-kit\/"},"modified":"2024-04-14T16:32:04","modified_gmt":"2024-04-14T14:32:04","slug":"raspberry-pi-4-model-b-retro-konsol-starter-kit","status":"publish","type":"product","link":"https:\/\/raspberrypi.dk\/fi\/tuote\/raspberry-pi-4-model-b-retro-konsol-starter-kit\/","title":{"rendered":"Raspberry Pi 4 Model B Retro Console Starter Kit"},"content":{"rendered":"<p>T\u00e4m\u00e4 paketti sis\u00e4lt\u00e4\u00e4 Raspberry Pi 4 Model B, Micro SD -kortin, jossa on esiasennettu k\u00e4ytt\u00f6j\u00e4rjestelm\u00e4 Raspberry Pi OS, virtal\u00e4hde, kotelo, Micro HDMI-HDMI -kaapeli ja ohjaimet.<\/p>\n<p>T\u00e4m\u00e4n paketin avulla sinun tarvitsee vain asentaa RetroPie <a href=\"https:\/\/retropie.org.uk\/docs\/First-Installation\/\">virallisen oppaan<\/a> kautta ja muuten kytke\u00e4 Raspberry Pi n\u00e4ytt\u00f6\u00f6n, ja olet valmis vanhan koulun retrokonsolin kanssa.<\/p>\n<p>Johdosta Valitettavasti emme voi laillisista syist\u00e4 myyd\u00e4 Micro SD -kortteja, joissa on RetroPie, joten muista ostaaksesi ylim\u00e4\u00e4r\u00e4isen <a href=\"https:\/\/raspberrypi.dk\/fi\/tuote\/usb-micro-sd-kortinlukija\/\">Micro SD-USB-sovittimen,<\/a> jos sinun on flash-muistissa SD-kortti RetroPiella itse.<\/p>\n","protected":false},"excerpt":{"rendered":"<p>Paketti sis\u00e4lt\u00e4\u00e4 seitsem\u00e4n alla olevaa tuotetta.<\/p>\n","protected":false},"featured_media":222003,"comment_status":"open","ping_status":"closed","template":"","meta":[],"product_brand":[],"product_cat":[735],"product_tag":[719],"class_list":{"0":"post-222001","1":"product","2":"type-product","3":"status-publish","4":"has-post-thumbnail","6":"product_cat-aloituspaketit-ja-sarjat","7":"product_tag-rpi4-fi","9":"first","10":"instock","11":"sale","12":"taxable","13":"shipping-taxable","14":"purchasable","15":"product-type-composite"},"composite_virtual":false,"composite_layout":"single","composite_add_to_cart_form_location":"default","composite_editable_in_cart":false,"composite_sold_individually_context":"product","composite_shop_price_calc":"min_max","composite_components":[{"id":"1603407830","title":"Raspberry Pi 4 Model B","description":"","query_type":"product_ids","query_ids":[221586,221585,221581],"default_option_id":221585,"thumbnail_id":"","thumbnail_src":"","quantity_min":1,"quantity_max":1,"priced_individually":true,"shipped_individually":false,"optional":false,"discount":"","options_style":"dropdowns","pagination_style":"classic","display_prices":"relative","show_sorting_options":false,"show_filtering_options":false,"attribute_filter_ids":[],"select_action":"view","product_title_visible":false,"product_descr_visible":false,"product_price_visible":false,"product_thumb_visible":true,"subtotal_visible_product":false,"subtotal_visible_cart":false,"subtotal_visible_orders":false},{"id":"1603407831","title":"Micro SD -kortti","description":"","query_type":"product_ids","query_ids":[232643,221935,232647,221780,238619,221979,342827,219744],"default_option_id":232647,"thumbnail_id":"","thumbnail_src":"","quantity_min":1,"quantity_max":1,"priced_individually":true,"shipped_individually":false,"optional":false,"discount":"","options_style":"dropdowns","pagination_style":"classic","display_prices":"relative","show_sorting_options":false,"show_filtering_options":false,"attribute_filter_ids":[],"select_action":"view","product_title_visible":false,"product_descr_visible":false,"product_price_visible":false,"product_thumb_visible":true,"subtotal_visible_product":false,"subtotal_visible_cart":false,"subtotal_visible_orders":false},{"id":"1603407832","title":"Virtal\u00e4hde","description":"","query_type":"product_ids","query_ids":[221948,222035],"default_option_id":222035,"thumbnail_id":"","thumbnail_src":"","quantity_min":1,"quantity_max":1,"priced_individually":false,"shipped_individually":false,"optional":false,"discount":"","options_style":"dropdowns","pagination_style":"classic","display_prices":"absolute","show_sorting_options":false,"show_filtering_options":false,"attribute_filter_ids":[],"select_action":"view","product_title_visible":false,"product_descr_visible":false,"product_price_visible":false,"product_thumb_visible":true,"subtotal_visible_product":false,"subtotal_visible_cart":false,"subtotal_visible_orders":false},{"id":"1603407833","title":"Case","description":"","query_type":"product_ids","query_ids":[222026,221939,221782,221615,221875,221871,221822,221284],"default_option_id":222026,"thumbnail_id":"","thumbnail_src":"","quantity_min":1,"quantity_max":1,"priced_individually":true,"shipped_individually":false,"optional":false,"discount":"","options_style":"dropdowns","pagination_style":"classic","display_prices":"relative","show_sorting_options":false,"show_filtering_options":false,"attribute_filter_ids":[],"select_action":"view","product_title_visible":false,"product_descr_visible":false,"product_price_visible":false,"product_thumb_visible":true,"subtotal_visible_product":false,"subtotal_visible_cart":false,"subtotal_visible_orders":false},{"id":"1603407834","title":"Micro HDMI","description":"","query_type":"product_ids","query_ids":[221650,222024,221654,221656,221652],"default_option_id":222024,"thumbnail_id":"","thumbnail_src":"","quantity_min":1,"quantity_max":1,"priced_individually":true,"shipped_individually":false,"optional":false,"discount":"","options_style":"dropdowns","pagination_style":"classic","display_prices":"relative","show_sorting_options":false,"show_filtering_options":false,"attribute_filter_ids":[],"select_action":"view","product_title_visible":false,"product_descr_visible":false,"product_price_visible":false,"product_thumb_visible":true,"subtotal_visible_product":false,"subtotal_visible_cart":false,"subtotal_visible_orders":false},{"id":"1603407835","title":"2 kpl. Ohjaimet","description":"","query_type":"product_ids","query_ids":[221986,221777],"default_option_id":221777,"thumbnail_id":"","thumbnail_src":"","quantity_min":2,"quantity_max":2,"priced_individually":true,"shipped_individually":false,"optional":false,"discount":"","options_style":"dropdowns","pagination_style":"classic","display_prices":"relative","show_sorting_options":false,"show_filtering_options":false,"attribute_filter_ids":[],"select_action":"view","product_title_visible":false,"product_descr_visible":false,"product_price_visible":false,"product_thumb_visible":true,"subtotal_visible_product":false,"subtotal_visible_cart":false,"subtotal_visible_orders":false}],"composite_scenarios":[],"bundled_by":[],"bundle_stock_status":"instock","bundle_stock_quantity":null,"bundle_virtual":false,"bundle_layout":"","bundle_add_to_cart_form_location":"","bundle_editable_in_cart":false,"bundle_sold_individually_context":"","bundle_item_grouping":"","bundle_min_size":"","bundle_max_size":"","bundle_price":[],"bundled_items":[],"bundle_sell_ids":[],"yoast_head":"<!-- This site is optimized with the Yoast SEO plugin v27.1.1 - https:\/\/yoast.com\/product\/yoast-seo-wordpress\/ -->\n<title>Raspberry Pi 4 Model B Retro Console Starter Kit \u2022 RaspberryPi.dk<\/title>\n<meta name=\"robots\" content=\"index, follow, max-snippet:-1, max-image-preview:large, max-video-preview:-1\" \/>\n<link rel=\"canonical\" href=\"https:\/\/raspberrypi.dk\/fi\/tuote\/raspberry-pi-4-model-b-retro-konsol-starter-kit\/\" \/>\n<meta property=\"og:locale\" content=\"fi_FI\" \/>\n<meta property=\"og:type\" content=\"article\" \/>\n<meta property=\"og:title\" content=\"Raspberry Pi 4 Model B Retro Console Starter Kit \u2022 RaspberryPi.dk\" \/>\n<meta property=\"og:description\" content=\"Paketti sis\u00e4lt\u00e4\u00e4 seitsem\u00e4n alla olevaa tuotetta.\" \/>\n<meta property=\"og:url\" content=\"https:\/\/raspberrypi.dk\/fi\/tuote\/raspberry-pi-4-model-b-retro-konsol-starter-kit\/\" \/>\n<meta property=\"og:site_name\" content=\"RaspberryPi.dk\" \/>\n<meta property=\"article:publisher\" content=\"https:\/\/facebook.com\/RaspberryPiDanmark\" \/>\n<meta property=\"article:modified_time\" content=\"2024-04-14T14:32:04+00:00\" \/>\n<meta property=\"og:image\" content=\"https:\/\/raspberrypi.dk\/wp-content\/uploads\/2019\/06\/raspberry-pi-4-model-b-retro-konsol-starter-kit-1.jpg\" \/>\n\t<meta property=\"og:image:width\" content=\"1024\" \/>\n\t<meta property=\"og:image:height\" content=\"1024\" \/>\n\t<meta property=\"og:image:type\" content=\"image\/jpeg\" \/>\n<meta name=\"twitter:card\" content=\"summary_large_image\" \/>\n<meta name=\"twitter:site\" content=\"@raspberrypidk\" \/>\n<meta name=\"twitter:label1\" content=\"Arvioitu lukuaika\" \/>\n\t<meta name=\"twitter:data1\" content=\"1 minuutti\" \/>\n<script type=\"application\/ld+json\" class=\"yoast-schema-graph\">{\"@context\":\"https:\/\/schema.org\",\"@graph\":[{\"@type\":\"WebPage\",\"@id\":\"https:\/\/raspberrypi.dk\/fi\/tuote\/raspberry-pi-4-model-b-retro-konsol-starter-kit\/\",\"url\":\"https:\/\/raspberrypi.dk\/fi\/tuote\/raspberry-pi-4-model-b-retro-konsol-starter-kit\/\",\"name\":\"Raspberry Pi 4 Model B Retro Console Starter Kit \u2022 RaspberryPi.dk\",\"isPartOf\":{\"@id\":\"https:\/\/raspberrypi.dk\/fi\/#website\"},\"primaryImageOfPage\":{\"@id\":\"https:\/\/raspberrypi.dk\/fi\/tuote\/raspberry-pi-4-model-b-retro-konsol-starter-kit\/#primaryimage\"},\"image\":{\"@id\":\"https:\/\/raspberrypi.dk\/fi\/tuote\/raspberry-pi-4-model-b-retro-konsol-starter-kit\/#primaryimage\"},\"thumbnailUrl\":\"https:\/\/raspberrypi.dk\/wp-content\/uploads\/2019\/06\/raspberry-pi-4-model-b-retro-konsol-starter-kit-1.jpg\",\"datePublished\":\"2019-06-23T09:33:41+00:00\",\"dateModified\":\"2024-04-14T14:32:04+00:00\",\"breadcrumb\":{\"@id\":\"https:\/\/raspberrypi.dk\/fi\/tuote\/raspberry-pi-4-model-b-retro-konsol-starter-kit\/#breadcrumb\"},\"inLanguage\":\"fi\",\"potentialAction\":[{\"@type\":\"ReadAction\",\"target\":[\"https:\/\/raspberrypi.dk\/fi\/tuote\/raspberry-pi-4-model-b-retro-konsol-starter-kit\/\"]}]},{\"@type\":\"ImageObject\",\"inLanguage\":\"fi\",\"@id\":\"https:\/\/raspberrypi.dk\/fi\/tuote\/raspberry-pi-4-model-b-retro-konsol-starter-kit\/#primaryimage\",\"url\":\"https:\/\/raspberrypi.dk\/wp-content\/uploads\/2019\/06\/raspberry-pi-4-model-b-retro-konsol-starter-kit-1.jpg\",\"contentUrl\":\"https:\/\/raspberrypi.dk\/wp-content\/uploads\/2019\/06\/raspberry-pi-4-model-b-retro-konsol-starter-kit-1.jpg\",\"width\":1024,\"height\":1024,\"caption\":\"raspberry pi 4 b retro konsol starter kit\"},{\"@type\":\"BreadcrumbList\",\"@id\":\"https:\/\/raspberrypi.dk\/fi\/tuote\/raspberry-pi-4-model-b-retro-konsol-starter-kit\/#breadcrumb\",\"itemListElement\":[{\"@type\":\"ListItem\",\"position\":1,\"name\":\"Hjem\",\"item\":\"https:\/\/raspberrypi.dk\/fi\/raspberry-pi-verkkokauppa\/\"},{\"@type\":\"ListItem\",\"position\":2,\"name\":\"Shop\",\"item\":\"https:\/\/raspberrypi.dk\/fi\/shop-2\/\"},{\"@type\":\"ListItem\",\"position\":3,\"name\":\"Raspberry Pi 4 Model B Retro Console Starter Kit\"}]},{\"@type\":\"WebSite\",\"@id\":\"https:\/\/raspberrypi.dk\/fi\/#website\",\"url\":\"https:\/\/raspberrypi.dk\/fi\/\",\"name\":\"RaspberryPi.dk\",\"description\":\"Danmarks f\u00f8rende Raspberry Pi side!\",\"publisher\":{\"@id\":\"https:\/\/raspberrypi.dk\/fi\/#organization\"},\"potentialAction\":[{\"@type\":\"SearchAction\",\"target\":{\"@type\":\"EntryPoint\",\"urlTemplate\":\"https:\/\/raspberrypi.dk\/fi\/?s={search_term_string}\"},\"query-input\":{\"@type\":\"PropertyValueSpecification\",\"valueRequired\":true,\"valueName\":\"search_term_string\"}}],\"inLanguage\":\"fi\"},{\"@type\":\"Organization\",\"@id\":\"https:\/\/raspberrypi.dk\/fi\/#organization\",\"name\":\"RaspberryPi.dk\",\"url\":\"https:\/\/raspberrypi.dk\/fi\/\",\"logo\":{\"@type\":\"ImageObject\",\"inLanguage\":\"fi\",\"@id\":\"https:\/\/raspberrypi.dk\/fi\/#\/schema\/logo\/image\/\",\"url\":\"https:\/\/raspberrypi.dk\/wp-content\/uploads\/2017\/05\/RaspberryPidk_logo-2.png\",\"contentUrl\":\"https:\/\/raspberrypi.dk\/wp-content\/uploads\/2017\/05\/RaspberryPidk_logo-2.png\",\"width\":470,\"height\":110,\"caption\":\"RaspberryPi.dk\"},\"image\":{\"@id\":\"https:\/\/raspberrypi.dk\/fi\/#\/schema\/logo\/image\/\"},\"sameAs\":[\"https:\/\/facebook.com\/RaspberryPiDanmark\",\"https:\/\/x.com\/raspberrypidk\",\"https:\/\/instagram.com\/raspberrypi.dk\"]}]}<\/script>\n<!-- \/ Yoast SEO plugin. -->","yoast_head_json":{"title":"Raspberry Pi 4 Model B Retro Console Starter Kit \u2022 RaspberryPi.dk","robots":{"index":"index","follow":"follow","max-snippet":"max-snippet:-1","max-image-preview":"max-image-preview:large","max-video-preview":"max-video-preview:-1"},"canonical":"https:\/\/raspberrypi.dk\/fi\/tuote\/raspberry-pi-4-model-b-retro-konsol-starter-kit\/","og_locale":"fi_FI","og_type":"article","og_title":"Raspberry Pi 4 Model B Retro Console Starter Kit \u2022 RaspberryPi.dk","og_description":"Paketti sis\u00e4lt\u00e4\u00e4 seitsem\u00e4n alla olevaa tuotetta.","og_url":"https:\/\/raspberrypi.dk\/fi\/tuote\/raspberry-pi-4-model-b-retro-konsol-starter-kit\/","og_site_name":"RaspberryPi.dk","article_publisher":"https:\/\/facebook.com\/RaspberryPiDanmark","article_modified_time":"2024-04-14T14:32:04+00:00","og_image":[{"width":1024,"height":1024,"url":"https:\/\/raspberrypi.dk\/wp-content\/uploads\/2019\/06\/raspberry-pi-4-model-b-retro-konsol-starter-kit-1.jpg","type":"image\/jpeg"}],"twitter_card":"summary_large_image","twitter_site":"@raspberrypidk","twitter_misc":{"Arvioitu lukuaika":"1 minuutti"},"schema":{"@context":"https:\/\/schema.org","@graph":[{"@type":"WebPage","@id":"https:\/\/raspberrypi.dk\/fi\/tuote\/raspberry-pi-4-model-b-retro-konsol-starter-kit\/","url":"https:\/\/raspberrypi.dk\/fi\/tuote\/raspberry-pi-4-model-b-retro-konsol-starter-kit\/","name":"Raspberry Pi 4 Model B Retro Console Starter Kit \u2022 RaspberryPi.dk","isPartOf":{"@id":"https:\/\/raspberrypi.dk\/fi\/#website"},"primaryImageOfPage":{"@id":"https:\/\/raspberrypi.dk\/fi\/tuote\/raspberry-pi-4-model-b-retro-konsol-starter-kit\/#primaryimage"},"image":{"@id":"https:\/\/raspberrypi.dk\/fi\/tuote\/raspberry-pi-4-model-b-retro-konsol-starter-kit\/#primaryimage"},"thumbnailUrl":"https:\/\/raspberrypi.dk\/wp-content\/uploads\/2019\/06\/raspberry-pi-4-model-b-retro-konsol-starter-kit-1.jpg","datePublished":"2019-06-23T09:33:41+00:00","dateModified":"2024-04-14T14:32:04+00:00","breadcrumb":{"@id":"https:\/\/raspberrypi.dk\/fi\/tuote\/raspberry-pi-4-model-b-retro-konsol-starter-kit\/#breadcrumb"},"inLanguage":"fi","potentialAction":[{"@type":"ReadAction","target":["https:\/\/raspberrypi.dk\/fi\/tuote\/raspberry-pi-4-model-b-retro-konsol-starter-kit\/"]}]},{"@type":"ImageObject","inLanguage":"fi","@id":"https:\/\/raspberrypi.dk\/fi\/tuote\/raspberry-pi-4-model-b-retro-konsol-starter-kit\/#primaryimage","url":"https:\/\/raspberrypi.dk\/wp-content\/uploads\/2019\/06\/raspberry-pi-4-model-b-retro-konsol-starter-kit-1.jpg","contentUrl":"https:\/\/raspberrypi.dk\/wp-content\/uploads\/2019\/06\/raspberry-pi-4-model-b-retro-konsol-starter-kit-1.jpg","width":1024,"height":1024,"caption":"raspberry pi 4 b retro konsol starter kit"},{"@type":"BreadcrumbList","@id":"https:\/\/raspberrypi.dk\/fi\/tuote\/raspberry-pi-4-model-b-retro-konsol-starter-kit\/#breadcrumb","itemListElement":[{"@type":"ListItem","position":1,"name":"Hjem","item":"https:\/\/raspberrypi.dk\/fi\/raspberry-pi-verkkokauppa\/"},{"@type":"ListItem","position":2,"name":"Shop","item":"https:\/\/raspberrypi.dk\/fi\/shop-2\/"},{"@type":"ListItem","position":3,"name":"Raspberry Pi 4 Model B Retro Console Starter Kit"}]},{"@type":"WebSite","@id":"https:\/\/raspberrypi.dk\/fi\/#website","url":"https:\/\/raspberrypi.dk\/fi\/","name":"RaspberryPi.dk","description":"Danmarks f\u00f8rende Raspberry Pi side!","publisher":{"@id":"https:\/\/raspberrypi.dk\/fi\/#organization"},"potentialAction":[{"@type":"SearchAction","target":{"@type":"EntryPoint","urlTemplate":"https:\/\/raspberrypi.dk\/fi\/?s={search_term_string}"},"query-input":{"@type":"PropertyValueSpecification","valueRequired":true,"valueName":"search_term_string"}}],"inLanguage":"fi"},{"@type":"Organization","@id":"https:\/\/raspberrypi.dk\/fi\/#organization","name":"RaspberryPi.dk","url":"https:\/\/raspberrypi.dk\/fi\/","logo":{"@type":"ImageObject","inLanguage":"fi","@id":"https:\/\/raspberrypi.dk\/fi\/#\/schema\/logo\/image\/","url":"https:\/\/raspberrypi.dk\/wp-content\/uploads\/2017\/05\/RaspberryPidk_logo-2.png","contentUrl":"https:\/\/raspberrypi.dk\/wp-content\/uploads\/2017\/05\/RaspberryPidk_logo-2.png","width":470,"height":110,"caption":"RaspberryPi.dk"},"image":{"@id":"https:\/\/raspberrypi.dk\/fi\/#\/schema\/logo\/image\/"},"sameAs":["https:\/\/facebook.com\/RaspberryPiDanmark","https:\/\/x.com\/raspberrypidk","https:\/\/instagram.com\/raspberrypi.dk"]}]}},"_links":{"self":[{"href":"https:\/\/raspberrypi.dk\/fi\/wp-json\/wp\/v2\/product\/222001","targetHints":{"allow":["GET"]}}],"collection":[{"href":"https:\/\/raspberrypi.dk\/fi\/wp-json\/wp\/v2\/product"}],"about":[{"href":"https:\/\/raspberrypi.dk\/fi\/wp-json\/wp\/v2\/types\/product"}],"replies":[{"embeddable":true,"href":"https:\/\/raspberrypi.dk\/fi\/wp-json\/wp\/v2\/comments?post=222001"}],"wp:featuredmedia":[{"embeddable":true,"href":"https:\/\/raspberrypi.dk\/fi\/wp-json\/wp\/v2\/media\/222003"}],"wp:attachment":[{"href":"https:\/\/raspberrypi.dk\/fi\/wp-json\/wp\/v2\/media?parent=222001"}],"wp:term":[{"taxonomy":"product_brand","embeddable":true,"href":"https:\/\/raspberrypi.dk\/fi\/wp-json\/wp\/v2\/product_brand?post=222001"},{"taxonomy":"product_cat","embeddable":true,"href":"https:\/\/raspberrypi.dk\/fi\/wp-json\/wp\/v2\/product_cat?post=222001"},{"taxonomy":"product_tag","embeddable":true,"href":"https:\/\/raspberrypi.dk\/fi\/wp-json\/wp\/v2\/product_tag?post=222001"}],"curies":[{"name":"wp","href":"https:\/\/api.w.org\/{rel}","templated":true}]}}