{"id":222035,"date":"2019-06-23T11:01:35","date_gmt":"2019-06-23T09:01:35","guid":{"rendered":"https:\/\/raspberrypi.dk\/produkt\/officiel-raspberry-pi-usb-c-virtalaehde-eu-5v-3a-musta\/"},"modified":"2026-04-04T12:16:02","modified_gmt":"2026-04-04T10:16:02","slug":"officiel-raspberry-pi-usb-c-virtalaehde-eu-5v-3a-musta","status":"publish","type":"product","link":"https:\/\/raspberrypi.dk\/fi\/tuote\/officiel-raspberry-pi-usb-c-virtalaehde-eu-5v-3a-musta\/","title":{"rendered":"Official Raspberry Pi 15W USB-C Virtal\u00e4hde \u2013 EU \u2013 5V 3A \u2013 Musta"},"content":{"rendered":"<p><strong>Toiminnot<\/strong><\/p>\n<ul>\n<li>Musta<\/li>\n<li>EU-pistoke<\/li>\n<li>5V, 3A<\/li>\n<li>1,5 metrin kaapeli<\/li>\n<li>Tekniset tiedot<\/li>\n<\/ul>\n<p><strong>Output<\/strong><\/p>\n<p>Output voltage: +5.1V DC<br \/>\nMinimum load current: 0A<br \/>\nNominal load current: 3.0A<br \/>\nMaximum power: 15.3W<br \/>\nLoad regulation: \u00b15%<br \/>\nLine regulation: \u00b12%<br \/>\nRipple &amp; noise: 120mVp-p<br \/>\nRise time: 100ms maximum to regulation limits for DC outputs<br \/>\nTurn-on delay: 3000ms maximum at nominal input AC voltage and full load<br \/>\nProtection: Short circuit protection<br \/>\nOvercurrent protection<br \/>\nOver temperature protection<\/p>\n<p>Efficiency: 81% minimum (output current from 100%, 75%, 50%, 25%)<br \/>\n72% minimum at 10% load<\/p>\n<p>Output cable: 1.5m 18AWG<br \/>\nOutput connector: USB Type-C<\/p>\n<p><strong>Input<\/strong><\/p>\n<p>Voltage range: 100-240Vac (rated)<br \/>\n96-264Vac (operating)<br \/>\nFrequency: 50\/60Hz \u00b13Hz<br \/>\nCurrent: 0.5A maximum<br \/>\nPower consumption (no load): 0.075W maximum<br \/>\nInrush current: No damage shall occur and the input fuse shall not blow<\/p>\n","protected":false},"excerpt":{"rendered":"<p>Den officielle Raspberry Pi USB-C virtal\u00e4hde on suunniteltu k\u00e4ytt\u00e4m\u00e4\u00e4n uusinta Raspberry Pi 4 Model B:t\u00e4, joka julkaistiin kes\u00e4kuussa 2019.<\/p>\n","protected":false},"featured_media":222036,"comment_status":"open","ping_status":"closed","template":"","meta":[],"product_brand":[],"product_cat":[731],"product_tag":[719],"class_list":{"0":"post-222035","1":"product","2":"type-product","3":"status-publish","4":"has-post-thumbnail","6":"product_cat-raspberry-pi-virtalaehteet","7":"product_tag-rpi4-fi","9":"first","10":"instock","11":"taxable","12":"shipping-taxable","13":"purchasable","14":"product-type-simple"},"composite_virtual":false,"composite_layout":"","composite_add_to_cart_form_location":"","composite_editable_in_cart":false,"composite_sold_individually_context":"","composite_shop_price_calc":"","composite_components":[],"composite_scenarios":[],"bundled_by":["221997","221453","221681","220815","290652","219598"],"bundle_stock_status":"instock","bundle_stock_quantity":630,"bundle_virtual":false,"bundle_layout":"","bundle_add_to_cart_form_location":"","bundle_editable_in_cart":false,"bundle_sold_individually_context":"","bundle_item_grouping":"","bundle_min_size":"","bundle_max_size":"","bundle_price":[],"bundled_items":[],"bundle_sell_ids":[],"yoast_head":"<!-- This site is optimized with the Yoast SEO plugin v27.1.1 - https:\/\/yoast.com\/product\/yoast-seo-wordpress\/ -->\n<title>Official Raspberry Pi 15W USB-C Virtal\u00e4hde \u2013 EU \u2013 5V 3A \u2013 Musta \u2022 RaspberryPi.dk<\/title>\n<meta name=\"robots\" content=\"index, follow, max-snippet:-1, max-image-preview:large, max-video-preview:-1\" \/>\n<link rel=\"canonical\" href=\"https:\/\/raspberrypi.dk\/fi\/tuote\/officiel-raspberry-pi-usb-c-virtalaehde-eu-5v-3a-musta\/\" \/>\n<meta property=\"og:locale\" content=\"fi_FI\" \/>\n<meta property=\"og:type\" content=\"article\" \/>\n<meta property=\"og:title\" content=\"Official Raspberry Pi 15W USB-C Virtal\u00e4hde \u2013 EU \u2013 5V 3A \u2013 Musta \u2022 RaspberryPi.dk\" \/>\n<meta property=\"og:description\" content=\"Den officielle Raspberry Pi USB-C virtal\u00e4hde on suunniteltu k\u00e4ytt\u00e4m\u00e4\u00e4n uusinta Raspberry Pi 4 Model B:t\u00e4, joka julkaistiin kes\u00e4kuussa 2019.\" \/>\n<meta property=\"og:url\" content=\"https:\/\/raspberrypi.dk\/fi\/tuote\/officiel-raspberry-pi-usb-c-virtalaehde-eu-5v-3a-musta\/\" \/>\n<meta property=\"og:site_name\" content=\"RaspberryPi.dk\" \/>\n<meta property=\"article:publisher\" content=\"https:\/\/facebook.com\/RaspberryPiDanmark\" \/>\n<meta property=\"article:modified_time\" content=\"2026-04-04T10:16:02+00:00\" \/>\n<meta property=\"og:image\" content=\"https:\/\/raspberrypi.dk\/wp-content\/uploads\/2019\/06\/usb-c-stroemforsyning-raspberry-pi-eu-5v-3a.jpg\" \/>\n\t<meta property=\"og:image:width\" content=\"1024\" \/>\n\t<meta property=\"og:image:height\" content=\"1024\" \/>\n\t<meta property=\"og:image:type\" content=\"image\/jpeg\" \/>\n<meta name=\"twitter:card\" content=\"summary_large_image\" \/>\n<meta name=\"twitter:site\" content=\"@raspberrypidk\" \/>\n<meta name=\"twitter:label1\" content=\"Arvioitu lukuaika\" \/>\n\t<meta name=\"twitter:data1\" content=\"1 minuutti\" \/>\n<script type=\"application\/ld+json\" class=\"yoast-schema-graph\">{\"@context\":\"https:\/\/schema.org\",\"@graph\":[{\"@type\":\"WebPage\",\"@id\":\"https:\/\/raspberrypi.dk\/fi\/tuote\/officiel-raspberry-pi-usb-c-virtalaehde-eu-5v-3a-musta\/\",\"url\":\"https:\/\/raspberrypi.dk\/fi\/tuote\/officiel-raspberry-pi-usb-c-virtalaehde-eu-5v-3a-musta\/\",\"name\":\"Official Raspberry Pi 15W USB-C Virtal\u00e4hde \u2013 EU \u2013 5V 3A \u2013 Musta \u2022 RaspberryPi.dk\",\"isPartOf\":{\"@id\":\"https:\/\/raspberrypi.dk\/fi\/#website\"},\"primaryImageOfPage\":{\"@id\":\"https:\/\/raspberrypi.dk\/fi\/tuote\/officiel-raspberry-pi-usb-c-virtalaehde-eu-5v-3a-musta\/#primaryimage\"},\"image\":{\"@id\":\"https:\/\/raspberrypi.dk\/fi\/tuote\/officiel-raspberry-pi-usb-c-virtalaehde-eu-5v-3a-musta\/#primaryimage\"},\"thumbnailUrl\":\"https:\/\/raspberrypi.dk\/wp-content\/uploads\/2019\/06\/usb-c-stroemforsyning-raspberry-pi-eu-5v-3a.jpg\",\"datePublished\":\"2019-06-23T09:01:35+00:00\",\"dateModified\":\"2026-04-04T10:16:02+00:00\",\"breadcrumb\":{\"@id\":\"https:\/\/raspberrypi.dk\/fi\/tuote\/officiel-raspberry-pi-usb-c-virtalaehde-eu-5v-3a-musta\/#breadcrumb\"},\"inLanguage\":\"fi\",\"potentialAction\":[{\"@type\":\"ReadAction\",\"target\":[\"https:\/\/raspberrypi.dk\/fi\/tuote\/officiel-raspberry-pi-usb-c-virtalaehde-eu-5v-3a-musta\/\"]}]},{\"@type\":\"ImageObject\",\"inLanguage\":\"fi\",\"@id\":\"https:\/\/raspberrypi.dk\/fi\/tuote\/officiel-raspberry-pi-usb-c-virtalaehde-eu-5v-3a-musta\/#primaryimage\",\"url\":\"https:\/\/raspberrypi.dk\/wp-content\/uploads\/2019\/06\/usb-c-stroemforsyning-raspberry-pi-eu-5v-3a.jpg\",\"contentUrl\":\"https:\/\/raspberrypi.dk\/wp-content\/uploads\/2019\/06\/usb-c-stroemforsyning-raspberry-pi-eu-5v-3a.jpg\",\"width\":1024,\"height\":1024,\"caption\":\"usb c str\u00f8mforsyning raspberry pi eu 5v 3a\"},{\"@type\":\"BreadcrumbList\",\"@id\":\"https:\/\/raspberrypi.dk\/fi\/tuote\/officiel-raspberry-pi-usb-c-virtalaehde-eu-5v-3a-musta\/#breadcrumb\",\"itemListElement\":[{\"@type\":\"ListItem\",\"position\":1,\"name\":\"Hjem\",\"item\":\"https:\/\/raspberrypi.dk\/fi\/raspberry-pi-verkkokauppa\/\"},{\"@type\":\"ListItem\",\"position\":2,\"name\":\"Shop\",\"item\":\"https:\/\/raspberrypi.dk\/fi\/shop-2\/\"},{\"@type\":\"ListItem\",\"position\":3,\"name\":\"Official Raspberry Pi 15W USB-C Virtal\u00e4hde \u2013 EU \u2013 5V 3A \u2013 Musta\"}]},{\"@type\":\"WebSite\",\"@id\":\"https:\/\/raspberrypi.dk\/fi\/#website\",\"url\":\"https:\/\/raspberrypi.dk\/fi\/\",\"name\":\"RaspberryPi.dk\",\"description\":\"Danmarks f\u00f8rende Raspberry Pi side!\",\"publisher\":{\"@id\":\"https:\/\/raspberrypi.dk\/fi\/#organization\"},\"potentialAction\":[{\"@type\":\"SearchAction\",\"target\":{\"@type\":\"EntryPoint\",\"urlTemplate\":\"https:\/\/raspberrypi.dk\/fi\/?s={search_term_string}\"},\"query-input\":{\"@type\":\"PropertyValueSpecification\",\"valueRequired\":true,\"valueName\":\"search_term_string\"}}],\"inLanguage\":\"fi\"},{\"@type\":\"Organization\",\"@id\":\"https:\/\/raspberrypi.dk\/fi\/#organization\",\"name\":\"RaspberryPi.dk\",\"url\":\"https:\/\/raspberrypi.dk\/fi\/\",\"logo\":{\"@type\":\"ImageObject\",\"inLanguage\":\"fi\",\"@id\":\"https:\/\/raspberrypi.dk\/fi\/#\/schema\/logo\/image\/\",\"url\":\"https:\/\/raspberrypi.dk\/wp-content\/uploads\/2017\/05\/RaspberryPidk_logo-2.png\",\"contentUrl\":\"https:\/\/raspberrypi.dk\/wp-content\/uploads\/2017\/05\/RaspberryPidk_logo-2.png\",\"width\":470,\"height\":110,\"caption\":\"RaspberryPi.dk\"},\"image\":{\"@id\":\"https:\/\/raspberrypi.dk\/fi\/#\/schema\/logo\/image\/\"},\"sameAs\":[\"https:\/\/facebook.com\/RaspberryPiDanmark\",\"https:\/\/x.com\/raspberrypidk\",\"https:\/\/instagram.com\/raspberrypi.dk\"]}]}<\/script>\n<!-- \/ Yoast SEO plugin. -->","yoast_head_json":{"title":"Official Raspberry Pi 15W USB-C Virtal\u00e4hde \u2013 EU \u2013 5V 3A \u2013 Musta \u2022 RaspberryPi.dk","robots":{"index":"index","follow":"follow","max-snippet":"max-snippet:-1","max-image-preview":"max-image-preview:large","max-video-preview":"max-video-preview:-1"},"canonical":"https:\/\/raspberrypi.dk\/fi\/tuote\/officiel-raspberry-pi-usb-c-virtalaehde-eu-5v-3a-musta\/","og_locale":"fi_FI","og_type":"article","og_title":"Official Raspberry Pi 15W USB-C Virtal\u00e4hde \u2013 EU \u2013 5V 3A \u2013 Musta \u2022 RaspberryPi.dk","og_description":"Den officielle Raspberry Pi USB-C virtal\u00e4hde on suunniteltu k\u00e4ytt\u00e4m\u00e4\u00e4n uusinta Raspberry Pi 4 Model B:t\u00e4, joka julkaistiin kes\u00e4kuussa 2019.","og_url":"https:\/\/raspberrypi.dk\/fi\/tuote\/officiel-raspberry-pi-usb-c-virtalaehde-eu-5v-3a-musta\/","og_site_name":"RaspberryPi.dk","article_publisher":"https:\/\/facebook.com\/RaspberryPiDanmark","article_modified_time":"2026-04-04T10:16:02+00:00","og_image":[{"width":1024,"height":1024,"url":"https:\/\/raspberrypi.dk\/wp-content\/uploads\/2019\/06\/usb-c-stroemforsyning-raspberry-pi-eu-5v-3a.jpg","type":"image\/jpeg"}],"twitter_card":"summary_large_image","twitter_site":"@raspberrypidk","twitter_misc":{"Arvioitu lukuaika":"1 minuutti"},"schema":{"@context":"https:\/\/schema.org","@graph":[{"@type":"WebPage","@id":"https:\/\/raspberrypi.dk\/fi\/tuote\/officiel-raspberry-pi-usb-c-virtalaehde-eu-5v-3a-musta\/","url":"https:\/\/raspberrypi.dk\/fi\/tuote\/officiel-raspberry-pi-usb-c-virtalaehde-eu-5v-3a-musta\/","name":"Official Raspberry Pi 15W USB-C Virtal\u00e4hde \u2013 EU \u2013 5V 3A \u2013 Musta \u2022 RaspberryPi.dk","isPartOf":{"@id":"https:\/\/raspberrypi.dk\/fi\/#website"},"primaryImageOfPage":{"@id":"https:\/\/raspberrypi.dk\/fi\/tuote\/officiel-raspberry-pi-usb-c-virtalaehde-eu-5v-3a-musta\/#primaryimage"},"image":{"@id":"https:\/\/raspberrypi.dk\/fi\/tuote\/officiel-raspberry-pi-usb-c-virtalaehde-eu-5v-3a-musta\/#primaryimage"},"thumbnailUrl":"https:\/\/raspberrypi.dk\/wp-content\/uploads\/2019\/06\/usb-c-stroemforsyning-raspberry-pi-eu-5v-3a.jpg","datePublished":"2019-06-23T09:01:35+00:00","dateModified":"2026-04-04T10:16:02+00:00","breadcrumb":{"@id":"https:\/\/raspberrypi.dk\/fi\/tuote\/officiel-raspberry-pi-usb-c-virtalaehde-eu-5v-3a-musta\/#breadcrumb"},"inLanguage":"fi","potentialAction":[{"@type":"ReadAction","target":["https:\/\/raspberrypi.dk\/fi\/tuote\/officiel-raspberry-pi-usb-c-virtalaehde-eu-5v-3a-musta\/"]}]},{"@type":"ImageObject","inLanguage":"fi","@id":"https:\/\/raspberrypi.dk\/fi\/tuote\/officiel-raspberry-pi-usb-c-virtalaehde-eu-5v-3a-musta\/#primaryimage","url":"https:\/\/raspberrypi.dk\/wp-content\/uploads\/2019\/06\/usb-c-stroemforsyning-raspberry-pi-eu-5v-3a.jpg","contentUrl":"https:\/\/raspberrypi.dk\/wp-content\/uploads\/2019\/06\/usb-c-stroemforsyning-raspberry-pi-eu-5v-3a.jpg","width":1024,"height":1024,"caption":"usb c str\u00f8mforsyning raspberry pi eu 5v 3a"},{"@type":"BreadcrumbList","@id":"https:\/\/raspberrypi.dk\/fi\/tuote\/officiel-raspberry-pi-usb-c-virtalaehde-eu-5v-3a-musta\/#breadcrumb","itemListElement":[{"@type":"ListItem","position":1,"name":"Hjem","item":"https:\/\/raspberrypi.dk\/fi\/raspberry-pi-verkkokauppa\/"},{"@type":"ListItem","position":2,"name":"Shop","item":"https:\/\/raspberrypi.dk\/fi\/shop-2\/"},{"@type":"ListItem","position":3,"name":"Official Raspberry Pi 15W USB-C Virtal\u00e4hde \u2013 EU \u2013 5V 3A \u2013 Musta"}]},{"@type":"WebSite","@id":"https:\/\/raspberrypi.dk\/fi\/#website","url":"https:\/\/raspberrypi.dk\/fi\/","name":"RaspberryPi.dk","description":"Danmarks f\u00f8rende Raspberry Pi side!","publisher":{"@id":"https:\/\/raspberrypi.dk\/fi\/#organization"},"potentialAction":[{"@type":"SearchAction","target":{"@type":"EntryPoint","urlTemplate":"https:\/\/raspberrypi.dk\/fi\/?s={search_term_string}"},"query-input":{"@type":"PropertyValueSpecification","valueRequired":true,"valueName":"search_term_string"}}],"inLanguage":"fi"},{"@type":"Organization","@id":"https:\/\/raspberrypi.dk\/fi\/#organization","name":"RaspberryPi.dk","url":"https:\/\/raspberrypi.dk\/fi\/","logo":{"@type":"ImageObject","inLanguage":"fi","@id":"https:\/\/raspberrypi.dk\/fi\/#\/schema\/logo\/image\/","url":"https:\/\/raspberrypi.dk\/wp-content\/uploads\/2017\/05\/RaspberryPidk_logo-2.png","contentUrl":"https:\/\/raspberrypi.dk\/wp-content\/uploads\/2017\/05\/RaspberryPidk_logo-2.png","width":470,"height":110,"caption":"RaspberryPi.dk"},"image":{"@id":"https:\/\/raspberrypi.dk\/fi\/#\/schema\/logo\/image\/"},"sameAs":["https:\/\/facebook.com\/RaspberryPiDanmark","https:\/\/x.com\/raspberrypidk","https:\/\/instagram.com\/raspberrypi.dk"]}]}},"_links":{"self":[{"href":"https:\/\/raspberrypi.dk\/fi\/wp-json\/wp\/v2\/product\/222035","targetHints":{"allow":["GET"]}}],"collection":[{"href":"https:\/\/raspberrypi.dk\/fi\/wp-json\/wp\/v2\/product"}],"about":[{"href":"https:\/\/raspberrypi.dk\/fi\/wp-json\/wp\/v2\/types\/product"}],"replies":[{"embeddable":true,"href":"https:\/\/raspberrypi.dk\/fi\/wp-json\/wp\/v2\/comments?post=222035"}],"wp:featuredmedia":[{"embeddable":true,"href":"https:\/\/raspberrypi.dk\/fi\/wp-json\/wp\/v2\/media\/222036"}],"wp:attachment":[{"href":"https:\/\/raspberrypi.dk\/fi\/wp-json\/wp\/v2\/media?parent=222035"}],"wp:term":[{"taxonomy":"product_brand","embeddable":true,"href":"https:\/\/raspberrypi.dk\/fi\/wp-json\/wp\/v2\/product_brand?post=222035"},{"taxonomy":"product_cat","embeddable":true,"href":"https:\/\/raspberrypi.dk\/fi\/wp-json\/wp\/v2\/product_cat?post=222035"},{"taxonomy":"product_tag","embeddable":true,"href":"https:\/\/raspberrypi.dk\/fi\/wp-json\/wp\/v2\/product_tag?post=222035"}],"curies":[{"name":"wp","href":"https:\/\/api.w.org\/{rel}","templated":true}]}}