{"id":222042,"date":"2019-06-07T14:30:27","date_gmt":"2019-06-07T12:30:27","guid":{"rendered":"https:\/\/raspberrypi.dk\/produkt\/officiel-raspberry-pi-7-touchscreen-display\/"},"modified":"2025-11-24T13:52:23","modified_gmt":"2025-11-24T12:52:23","slug":"officiel-raspberry-pi-7-touchscreen-display","status":"publish","type":"product","link":"https:\/\/raspberrypi.dk\/fi\/tuote\/officiel-raspberry-pi-7-touchscreen-display\/","title":{"rendered":"Official Raspberry Pi 7&#8243; Touchscreen Display 1"},"content":{"rendered":"<p>&#8211; 7&#8243; kosketusn\u00e4ytt\u00f6.<br \/>\n&#8211; N\u00e4yt\u00f6n mitat: 194mm x 110mm x 20mm (sis\u00e4lt\u00e4\u00e4 v\u00e4likkeet)<br \/>\n&#8211; N\u00e4kyv\u00e4n n\u00e4yt\u00f6n koko: 155 mm x 86 mm<br \/>\n&#8211; N\u00e4yt\u00f6n tarkkuus 800 x 480 pikseli\u00e4<br \/>\n&#8211; 10 sormen kapasitiivinen kosketus.<br \/>\n&#8211; Yhdistet\u00e4\u00e4n Raspberry Pi -korttiin litte\u00e4ll\u00e4 kaapelilla, joka on kytketty DSI-porttiin.<br \/>\n&#8211; Sovitinkorttia k\u00e4ytet\u00e4\u00e4n n\u00e4yt\u00f6n ohjaamiseen ja rinnakkaisten signaalien muuntamiseen n\u00e4yt\u00f6st\u00e4 Raspberry Pi:n sarjaporttiin (DSI).<\/p>\n<p>HUOM. Edellytt\u00e4\u00e4 uusimman Raspbian-k\u00e4ytt\u00f6j\u00e4rjestelm\u00e4n version toimiakseen.<\/p>\n<p>Ei toimi Pi 400:n kanssa.<\/p>\n<p>Lue lis\u00e4\u00e4 <a href=\"http:\/\/raspberrypi.dk\/wp-content\/uploads\/2015\/09\/raspberry-pi-touch-screen-7.pdf\">infosivulta.<\/a><\/p>\n<p><strong>Kuinka koota tuote:<\/strong><\/p>\n<p><a href=\"http:\/\/raspberrypi.dk\/wp-content\/uploads\/2015\/08\/how_to_assemble_the_rpi_touchscreen_display.png\"><img decoding=\"async\" class=\"aligncenter size-full wp-image-15167\" src=\"http:\/\/raspberrypi.dk\/wp-content\/uploads\/2015\/08\/how_to_assemble_the_rpi_touchscreen_display.png\" alt=\"how_to_assemble_the_rpi_touchscreen_display\" width=\"657\" height=\"3356\" \/><\/a><\/p>\n","protected":false},"excerpt":{"rendered":"<p>Officiel Raspberry Pi 7&#8243; Touchscreen Display.<\/p>\n<p>Vaatii <a href=\"https:\/\/raspberrypi.dk\/fi\/tuote\/raspberry-pi-display-kabel\/\">t\u00e4m\u00e4n kaapelin<\/a>, kun sit\u00e4 k\u00e4ytet\u00e4\u00e4n Raspberry Pi 5:n kanssa.<\/p>\n","protected":false},"featured_media":222043,"comment_status":"open","ping_status":"closed","template":"","meta":[],"product_brand":[],"product_cat":[728],"product_tag":[719,718],"class_list":{"0":"post-222042","1":"product","2":"type-product","3":"status-publish","4":"has-post-thumbnail","6":"product_cat-raspberry-pi-naytot","7":"product_tag-rpi4-fi","8":"product_tag-rpi5-fi","10":"first","11":"instock","12":"taxable","13":"shipping-taxable","14":"purchasable","15":"product-type-simple"},"composite_virtual":false,"composite_layout":"","composite_add_to_cart_form_location":"","composite_editable_in_cart":false,"composite_sold_individually_context":"","composite_shop_price_calc":"","composite_components":[],"composite_scenarios":[],"bundled_by":["221997"],"bundle_stock_status":"instock","bundle_stock_quantity":143,"bundle_virtual":false,"bundle_layout":"","bundle_add_to_cart_form_location":"","bundle_editable_in_cart":false,"bundle_sold_individually_context":"","bundle_item_grouping":"","bundle_min_size":"","bundle_max_size":"","bundle_price":[],"bundled_items":[],"bundle_sell_ids":[221713],"yoast_head":"<!-- This site is optimized with the Yoast SEO plugin v27.1.1 - https:\/\/yoast.com\/product\/yoast-seo-wordpress\/ -->\n<title>Official Raspberry Pi 7&quot; Touchscreen Display 1 \u2022 RaspberryPi.dk<\/title>\n<meta name=\"robots\" content=\"index, follow, max-snippet:-1, max-image-preview:large, max-video-preview:-1\" \/>\n<link rel=\"canonical\" href=\"https:\/\/raspberrypi.dk\/fi\/tuote\/officiel-raspberry-pi-7-touchscreen-display\/\" \/>\n<meta property=\"og:locale\" content=\"fi_FI\" \/>\n<meta property=\"og:type\" content=\"article\" \/>\n<meta property=\"og:title\" content=\"Official Raspberry Pi 7&quot; Touchscreen Display 1 \u2022 RaspberryPi.dk\" \/>\n<meta property=\"og:description\" content=\"Officiel Raspberry Pi 7&quot; Touchscreen Display.  Vaatii t\u00e4m\u00e4n kaapelin, kun sit\u00e4 k\u00e4ytet\u00e4\u00e4n Raspberry Pi 5:n kanssa.\" \/>\n<meta property=\"og:url\" content=\"https:\/\/raspberrypi.dk\/fi\/tuote\/officiel-raspberry-pi-7-touchscreen-display\/\" \/>\n<meta property=\"og:site_name\" content=\"RaspberryPi.dk\" \/>\n<meta property=\"article:publisher\" content=\"https:\/\/facebook.com\/RaspberryPiDanmark\" \/>\n<meta property=\"article:modified_time\" content=\"2025-11-24T12:52:23+00:00\" \/>\n<meta property=\"og:image\" content=\"https:\/\/raspberrypi.dk\/wp-content\/uploads\/2015\/09\/Display-kit.jpg\" \/>\n\t<meta property=\"og:image:width\" content=\"1024\" \/>\n\t<meta property=\"og:image:height\" content=\"732\" \/>\n\t<meta property=\"og:image:type\" content=\"image\/jpeg\" \/>\n<meta name=\"twitter:card\" content=\"summary_large_image\" \/>\n<meta name=\"twitter:site\" content=\"@raspberrypidk\" \/>\n<meta name=\"twitter:label1\" content=\"Arvioitu lukuaika\" \/>\n\t<meta name=\"twitter:data1\" content=\"1 minuutti\" \/>\n<script type=\"application\/ld+json\" class=\"yoast-schema-graph\">{\"@context\":\"https:\/\/schema.org\",\"@graph\":[{\"@type\":\"WebPage\",\"@id\":\"https:\/\/raspberrypi.dk\/fi\/tuote\/officiel-raspberry-pi-7-touchscreen-display\/\",\"url\":\"https:\/\/raspberrypi.dk\/fi\/tuote\/officiel-raspberry-pi-7-touchscreen-display\/\",\"name\":\"Official Raspberry Pi 7\\\" Touchscreen Display 1 \u2022 RaspberryPi.dk\",\"isPartOf\":{\"@id\":\"https:\/\/raspberrypi.dk\/fi\/#website\"},\"primaryImageOfPage\":{\"@id\":\"https:\/\/raspberrypi.dk\/fi\/tuote\/officiel-raspberry-pi-7-touchscreen-display\/#primaryimage\"},\"image\":{\"@id\":\"https:\/\/raspberrypi.dk\/fi\/tuote\/officiel-raspberry-pi-7-touchscreen-display\/#primaryimage\"},\"thumbnailUrl\":\"https:\/\/raspberrypi.dk\/wp-content\/uploads\/2015\/09\/Display-kit.jpg\",\"datePublished\":\"2019-06-07T12:30:27+00:00\",\"dateModified\":\"2025-11-24T12:52:23+00:00\",\"breadcrumb\":{\"@id\":\"https:\/\/raspberrypi.dk\/fi\/tuote\/officiel-raspberry-pi-7-touchscreen-display\/#breadcrumb\"},\"inLanguage\":\"fi\",\"potentialAction\":[{\"@type\":\"ReadAction\",\"target\":[\"https:\/\/raspberrypi.dk\/fi\/tuote\/officiel-raspberry-pi-7-touchscreen-display\/\"]}]},{\"@type\":\"ImageObject\",\"inLanguage\":\"fi\",\"@id\":\"https:\/\/raspberrypi.dk\/fi\/tuote\/officiel-raspberry-pi-7-touchscreen-display\/#primaryimage\",\"url\":\"https:\/\/raspberrypi.dk\/wp-content\/uploads\/2015\/09\/Display-kit.jpg\",\"contentUrl\":\"https:\/\/raspberrypi.dk\/wp-content\/uploads\/2015\/09\/Display-kit.jpg\",\"width\":1024,\"height\":732,\"caption\":\"7\\\" touchscreen display kit raspberry pi\"},{\"@type\":\"BreadcrumbList\",\"@id\":\"https:\/\/raspberrypi.dk\/fi\/tuote\/officiel-raspberry-pi-7-touchscreen-display\/#breadcrumb\",\"itemListElement\":[{\"@type\":\"ListItem\",\"position\":1,\"name\":\"Hjem\",\"item\":\"https:\/\/raspberrypi.dk\/fi\/raspberry-pi-verkkokauppa\/\"},{\"@type\":\"ListItem\",\"position\":2,\"name\":\"Shop\",\"item\":\"https:\/\/raspberrypi.dk\/fi\/shop-2\/\"},{\"@type\":\"ListItem\",\"position\":3,\"name\":\"Official Raspberry Pi 7&#8243; Touchscreen Display 1\"}]},{\"@type\":\"WebSite\",\"@id\":\"https:\/\/raspberrypi.dk\/fi\/#website\",\"url\":\"https:\/\/raspberrypi.dk\/fi\/\",\"name\":\"RaspberryPi.dk\",\"description\":\"Danmarks f\u00f8rende Raspberry Pi side!\",\"publisher\":{\"@id\":\"https:\/\/raspberrypi.dk\/fi\/#organization\"},\"potentialAction\":[{\"@type\":\"SearchAction\",\"target\":{\"@type\":\"EntryPoint\",\"urlTemplate\":\"https:\/\/raspberrypi.dk\/fi\/?s={search_term_string}\"},\"query-input\":{\"@type\":\"PropertyValueSpecification\",\"valueRequired\":true,\"valueName\":\"search_term_string\"}}],\"inLanguage\":\"fi\"},{\"@type\":\"Organization\",\"@id\":\"https:\/\/raspberrypi.dk\/fi\/#organization\",\"name\":\"RaspberryPi.dk\",\"url\":\"https:\/\/raspberrypi.dk\/fi\/\",\"logo\":{\"@type\":\"ImageObject\",\"inLanguage\":\"fi\",\"@id\":\"https:\/\/raspberrypi.dk\/fi\/#\/schema\/logo\/image\/\",\"url\":\"https:\/\/raspberrypi.dk\/wp-content\/uploads\/2017\/05\/RaspberryPidk_logo-2.png\",\"contentUrl\":\"https:\/\/raspberrypi.dk\/wp-content\/uploads\/2017\/05\/RaspberryPidk_logo-2.png\",\"width\":470,\"height\":110,\"caption\":\"RaspberryPi.dk\"},\"image\":{\"@id\":\"https:\/\/raspberrypi.dk\/fi\/#\/schema\/logo\/image\/\"},\"sameAs\":[\"https:\/\/facebook.com\/RaspberryPiDanmark\",\"https:\/\/x.com\/raspberrypidk\",\"https:\/\/instagram.com\/raspberrypi.dk\"]}]}<\/script>\n<!-- \/ Yoast SEO plugin. -->","yoast_head_json":{"title":"Official Raspberry Pi 7\" Touchscreen Display 1 \u2022 RaspberryPi.dk","robots":{"index":"index","follow":"follow","max-snippet":"max-snippet:-1","max-image-preview":"max-image-preview:large","max-video-preview":"max-video-preview:-1"},"canonical":"https:\/\/raspberrypi.dk\/fi\/tuote\/officiel-raspberry-pi-7-touchscreen-display\/","og_locale":"fi_FI","og_type":"article","og_title":"Official Raspberry Pi 7\" Touchscreen Display 1 \u2022 RaspberryPi.dk","og_description":"Officiel Raspberry Pi 7\" Touchscreen Display.  Vaatii t\u00e4m\u00e4n kaapelin, kun sit\u00e4 k\u00e4ytet\u00e4\u00e4n Raspberry Pi 5:n kanssa.","og_url":"https:\/\/raspberrypi.dk\/fi\/tuote\/officiel-raspberry-pi-7-touchscreen-display\/","og_site_name":"RaspberryPi.dk","article_publisher":"https:\/\/facebook.com\/RaspberryPiDanmark","article_modified_time":"2025-11-24T12:52:23+00:00","og_image":[{"width":1024,"height":732,"url":"https:\/\/raspberrypi.dk\/wp-content\/uploads\/2015\/09\/Display-kit.jpg","type":"image\/jpeg"}],"twitter_card":"summary_large_image","twitter_site":"@raspberrypidk","twitter_misc":{"Arvioitu lukuaika":"1 minuutti"},"schema":{"@context":"https:\/\/schema.org","@graph":[{"@type":"WebPage","@id":"https:\/\/raspberrypi.dk\/fi\/tuote\/officiel-raspberry-pi-7-touchscreen-display\/","url":"https:\/\/raspberrypi.dk\/fi\/tuote\/officiel-raspberry-pi-7-touchscreen-display\/","name":"Official Raspberry Pi 7\" Touchscreen Display 1 \u2022 RaspberryPi.dk","isPartOf":{"@id":"https:\/\/raspberrypi.dk\/fi\/#website"},"primaryImageOfPage":{"@id":"https:\/\/raspberrypi.dk\/fi\/tuote\/officiel-raspberry-pi-7-touchscreen-display\/#primaryimage"},"image":{"@id":"https:\/\/raspberrypi.dk\/fi\/tuote\/officiel-raspberry-pi-7-touchscreen-display\/#primaryimage"},"thumbnailUrl":"https:\/\/raspberrypi.dk\/wp-content\/uploads\/2015\/09\/Display-kit.jpg","datePublished":"2019-06-07T12:30:27+00:00","dateModified":"2025-11-24T12:52:23+00:00","breadcrumb":{"@id":"https:\/\/raspberrypi.dk\/fi\/tuote\/officiel-raspberry-pi-7-touchscreen-display\/#breadcrumb"},"inLanguage":"fi","potentialAction":[{"@type":"ReadAction","target":["https:\/\/raspberrypi.dk\/fi\/tuote\/officiel-raspberry-pi-7-touchscreen-display\/"]}]},{"@type":"ImageObject","inLanguage":"fi","@id":"https:\/\/raspberrypi.dk\/fi\/tuote\/officiel-raspberry-pi-7-touchscreen-display\/#primaryimage","url":"https:\/\/raspberrypi.dk\/wp-content\/uploads\/2015\/09\/Display-kit.jpg","contentUrl":"https:\/\/raspberrypi.dk\/wp-content\/uploads\/2015\/09\/Display-kit.jpg","width":1024,"height":732,"caption":"7\" touchscreen display kit raspberry pi"},{"@type":"BreadcrumbList","@id":"https:\/\/raspberrypi.dk\/fi\/tuote\/officiel-raspberry-pi-7-touchscreen-display\/#breadcrumb","itemListElement":[{"@type":"ListItem","position":1,"name":"Hjem","item":"https:\/\/raspberrypi.dk\/fi\/raspberry-pi-verkkokauppa\/"},{"@type":"ListItem","position":2,"name":"Shop","item":"https:\/\/raspberrypi.dk\/fi\/shop-2\/"},{"@type":"ListItem","position":3,"name":"Official Raspberry Pi 7&#8243; Touchscreen Display 1"}]},{"@type":"WebSite","@id":"https:\/\/raspberrypi.dk\/fi\/#website","url":"https:\/\/raspberrypi.dk\/fi\/","name":"RaspberryPi.dk","description":"Danmarks f\u00f8rende Raspberry Pi side!","publisher":{"@id":"https:\/\/raspberrypi.dk\/fi\/#organization"},"potentialAction":[{"@type":"SearchAction","target":{"@type":"EntryPoint","urlTemplate":"https:\/\/raspberrypi.dk\/fi\/?s={search_term_string}"},"query-input":{"@type":"PropertyValueSpecification","valueRequired":true,"valueName":"search_term_string"}}],"inLanguage":"fi"},{"@type":"Organization","@id":"https:\/\/raspberrypi.dk\/fi\/#organization","name":"RaspberryPi.dk","url":"https:\/\/raspberrypi.dk\/fi\/","logo":{"@type":"ImageObject","inLanguage":"fi","@id":"https:\/\/raspberrypi.dk\/fi\/#\/schema\/logo\/image\/","url":"https:\/\/raspberrypi.dk\/wp-content\/uploads\/2017\/05\/RaspberryPidk_logo-2.png","contentUrl":"https:\/\/raspberrypi.dk\/wp-content\/uploads\/2017\/05\/RaspberryPidk_logo-2.png","width":470,"height":110,"caption":"RaspberryPi.dk"},"image":{"@id":"https:\/\/raspberrypi.dk\/fi\/#\/schema\/logo\/image\/"},"sameAs":["https:\/\/facebook.com\/RaspberryPiDanmark","https:\/\/x.com\/raspberrypidk","https:\/\/instagram.com\/raspberrypi.dk"]}]}},"_links":{"self":[{"href":"https:\/\/raspberrypi.dk\/fi\/wp-json\/wp\/v2\/product\/222042","targetHints":{"allow":["GET"]}}],"collection":[{"href":"https:\/\/raspberrypi.dk\/fi\/wp-json\/wp\/v2\/product"}],"about":[{"href":"https:\/\/raspberrypi.dk\/fi\/wp-json\/wp\/v2\/types\/product"}],"replies":[{"embeddable":true,"href":"https:\/\/raspberrypi.dk\/fi\/wp-json\/wp\/v2\/comments?post=222042"}],"wp:featuredmedia":[{"embeddable":true,"href":"https:\/\/raspberrypi.dk\/fi\/wp-json\/wp\/v2\/media\/222043"}],"wp:attachment":[{"href":"https:\/\/raspberrypi.dk\/fi\/wp-json\/wp\/v2\/media?parent=222042"}],"wp:term":[{"taxonomy":"product_brand","embeddable":true,"href":"https:\/\/raspberrypi.dk\/fi\/wp-json\/wp\/v2\/product_brand?post=222042"},{"taxonomy":"product_cat","embeddable":true,"href":"https:\/\/raspberrypi.dk\/fi\/wp-json\/wp\/v2\/product_cat?post=222042"},{"taxonomy":"product_tag","embeddable":true,"href":"https:\/\/raspberrypi.dk\/fi\/wp-json\/wp\/v2\/product_tag?post=222042"}],"curies":[{"name":"wp","href":"https:\/\/api.w.org\/{rel}","templated":true}]}}