{"id":222128,"date":"2019-06-06T10:33:32","date_gmt":"2019-06-06T08:33:32","guid":{"rendered":"https:\/\/raspberrypi.dk\/produkt\/raspberry-pi-3-model-a\/"},"modified":"2026-03-20T20:28:19","modified_gmt":"2026-03-20T19:28:19","slug":"raspberry-pi-3-model-a","status":"publish","type":"product","link":"https:\/\/raspberrypi.dk\/fi\/tuote\/raspberry-pi-3-model-a\/","title":{"rendered":"Raspberry Pi 3 Model A+"},"content":{"rendered":"<p><strong>Tekniset tiedot<\/strong><\/p>\n<ul>\n<li>Prosessori: Broadcom BCM2837B0, Cortex-A53, 64-bittinen SoC @ 1,4\u2009GHz<\/li>\n<li>Muisti: 512MB LPDDR2 SDRAM<br \/>\nLiitett\u00e4vyys: 2,4 GHz ja 5 GHz IEE 802.11.b\/g\/n\/ac langaton LAN, Bluetooth 4.2\/BLE<\/li>\n<li>P\u00e4\u00e4sy: Laajennettu 40-nastainen GPIO-otsikko<\/li>\n<li>Video ja \u00e4\u00e4ni: 1 \u00d7 t\u00e4ysikokoinen HDMI, MIPI DSI -n\u00e4ytt\u00f6portti, MIPI CSI -kameraportti, 4-napainen stereol\u00e4ht\u00f6 ja komposiittivideoportti<\/li>\n<li>Multimedia: H.264, MPEG-4-dekoodaus (1080p30); H.264-koodaus (1080p30); OpenGL ES 1.1, 2.0 grafiikka<\/li>\n<li>SD-korttituki: Micro SD -muoto k\u00e4ytt\u00f6j\u00e4rjestelm\u00e4n lataamiseen ja tietojen tallennusta varten<\/li>\n<li>Tuloteho: 5 V\/2,5 A DC mikro-USB-liittimen kautta \/ 5 V DC GPIO-otsakkeen kautta<\/li>\n<li>Ymp\u00e4rist\u00f6: K\u00e4ytt\u00f6l\u00e4mp\u00f6tila, 0-50\u00b0C<\/li>\n<li>Tuotantoaika: Raspberry Pi 3 Model A+ on tuotannossa ainakin tammikuuhun 2023 asti<\/li>\n<\/ul>\n<p>2,4\/5 GHz langattomassa LAN on moduulisertifikaatti, jonka ansiosta kortti voidaan suunnitella lopputuotteiksi, joissa langattoman l\u00e4hiverkon yhteensopivuustestaus on huomattavasti pienempi, mik\u00e4 parantaa sek\u00e4 kustannuksia ett\u00e4 markkinoilletuloaikaa.<\/p>\n","protected":false},"excerpt":{"rendered":"<p>Tekniset tiedot Prosessori: Broadcom BCM2837B0, Cortex-A53, 64-bittinen SoC @ 1,4\u2009GHz Muisti: 512MB LPDDR2 SDRAM Liitett\u00e4vyys: 2,4 GHz ja 5 GHz IEE 802.11.b\/g\/n\/ac langaton LAN, Bluetooth 4.2\/BLE P\u00e4\u00e4sy: Laajennettu 40-nastainen GPIO-otsikko Video ja \u00e4\u00e4ni: 1 \u00d7 t\u00e4ysikokoinen HDMI, MIPI DSI -n\u00e4ytt\u00f6portti, MIPI CSI -kameraportti, 4-napainen stereol\u00e4ht\u00f6 ja komposiittivideoportti Multimedia: H.264, MPEG-4-dekoodaus (1080p30); H.264-koodaus (1080p30); OpenGL ES [&hellip;]<\/p>\n","protected":false},"featured_media":222129,"comment_status":"open","ping_status":"closed","template":"","meta":[],"product_brand":[],"product_cat":[738],"product_tag":[],"class_list":{"0":"post-222128","1":"product","2":"type-product","3":"status-publish","4":"has-post-thumbnail","6":"product_cat-raspberry-pi","8":"first","9":"outofstock","10":"taxable","11":"shipping-taxable","12":"purchasable","13":"product-type-simple"},"composite_virtual":false,"composite_layout":"","composite_add_to_cart_form_location":"","composite_editable_in_cart":false,"composite_sold_individually_context":"","composite_shop_price_calc":"","composite_components":[],"composite_scenarios":[],"bundled_by":["220195"],"bundle_stock_status":"outofstock","bundle_stock_quantity":0,"bundle_virtual":false,"bundle_layout":"","bundle_add_to_cart_form_location":"","bundle_editable_in_cart":false,"bundle_sold_individually_context":"","bundle_item_grouping":"","bundle_min_size":"","bundle_max_size":"","bundle_price":[],"bundled_items":[],"bundle_sell_ids":[222097,220721],"yoast_head":"<!-- This site is optimized with the Yoast SEO plugin v27.1.1 - https:\/\/yoast.com\/product\/yoast-seo-wordpress\/ -->\n<title>Raspberry Pi 3 Model A+ \u2022 RaspberryPi.dk<\/title>\n<meta name=\"robots\" content=\"index, follow, max-snippet:-1, max-image-preview:large, max-video-preview:-1\" \/>\n<link rel=\"canonical\" href=\"https:\/\/raspberrypi.dk\/fi\/tuote\/raspberry-pi-3-model-a\/\" \/>\n<meta property=\"og:locale\" content=\"fi_FI\" \/>\n<meta property=\"og:type\" content=\"article\" \/>\n<meta property=\"og:title\" content=\"Raspberry Pi 3 Model A+ \u2022 RaspberryPi.dk\" \/>\n<meta property=\"og:description\" content=\"Tekniset tiedot Prosessori: Broadcom BCM2837B0, Cortex-A53, 64-bittinen SoC @ 1,4\u2009GHz Muisti: 512MB LPDDR2 SDRAM Liitett\u00e4vyys: 2,4 GHz ja 5 GHz IEE 802.11.b\/g\/n\/ac langaton LAN, Bluetooth 4.2\/BLE P\u00e4\u00e4sy: Laajennettu 40-nastainen GPIO-otsikko Video ja \u00e4\u00e4ni: 1 \u00d7 t\u00e4ysikokoinen HDMI, MIPI DSI -n\u00e4ytt\u00f6portti, MIPI CSI -kameraportti, 4-napainen stereol\u00e4ht\u00f6 ja komposiittivideoportti Multimedia: H.264, MPEG-4-dekoodaus (1080p30); H.264-koodaus (1080p30); OpenGL ES [&hellip;]\" \/>\n<meta property=\"og:url\" content=\"https:\/\/raspberrypi.dk\/fi\/tuote\/raspberry-pi-3-model-a\/\" \/>\n<meta property=\"og:site_name\" content=\"RaspberryPi.dk\" \/>\n<meta property=\"article:publisher\" content=\"https:\/\/facebook.com\/RaspberryPiDanmark\" \/>\n<meta property=\"article:modified_time\" content=\"2026-03-20T19:28:19+00:00\" \/>\n<meta property=\"og:image\" content=\"https:\/\/raspberrypi.dk\/wp-content\/uploads\/2018\/11\/Raspberry-Pi-3-Model-A-Plus.jpg\" \/>\n\t<meta property=\"og:image:width\" content=\"1900\" \/>\n\t<meta property=\"og:image:height\" content=\"1256\" \/>\n\t<meta property=\"og:image:type\" content=\"image\/jpeg\" \/>\n<meta name=\"twitter:card\" content=\"summary_large_image\" \/>\n<meta name=\"twitter:site\" content=\"@raspberrypidk\" \/>\n<meta name=\"twitter:label1\" content=\"Arvioitu lukuaika\" \/>\n\t<meta name=\"twitter:data1\" content=\"1 minuutti\" \/>\n<script type=\"application\/ld+json\" class=\"yoast-schema-graph\">{\"@context\":\"https:\/\/schema.org\",\"@graph\":[{\"@type\":\"WebPage\",\"@id\":\"https:\/\/raspberrypi.dk\/fi\/tuote\/raspberry-pi-3-model-a\/\",\"url\":\"https:\/\/raspberrypi.dk\/fi\/tuote\/raspberry-pi-3-model-a\/\",\"name\":\"Raspberry Pi 3 Model A+ \u2022 RaspberryPi.dk\",\"isPartOf\":{\"@id\":\"https:\/\/raspberrypi.dk\/fi\/#website\"},\"primaryImageOfPage\":{\"@id\":\"https:\/\/raspberrypi.dk\/fi\/tuote\/raspberry-pi-3-model-a\/#primaryimage\"},\"image\":{\"@id\":\"https:\/\/raspberrypi.dk\/fi\/tuote\/raspberry-pi-3-model-a\/#primaryimage\"},\"thumbnailUrl\":\"https:\/\/raspberrypi.dk\/wp-content\/uploads\/2018\/11\/Raspberry-Pi-3-Model-A-Plus.jpg\",\"datePublished\":\"2019-06-06T08:33:32+00:00\",\"dateModified\":\"2026-03-20T19:28:19+00:00\",\"breadcrumb\":{\"@id\":\"https:\/\/raspberrypi.dk\/fi\/tuote\/raspberry-pi-3-model-a\/#breadcrumb\"},\"inLanguage\":\"fi\",\"potentialAction\":[{\"@type\":\"ReadAction\",\"target\":[\"https:\/\/raspberrypi.dk\/fi\/tuote\/raspberry-pi-3-model-a\/\"]}]},{\"@type\":\"ImageObject\",\"inLanguage\":\"fi\",\"@id\":\"https:\/\/raspberrypi.dk\/fi\/tuote\/raspberry-pi-3-model-a\/#primaryimage\",\"url\":\"https:\/\/raspberrypi.dk\/wp-content\/uploads\/2018\/11\/Raspberry-Pi-3-Model-A-Plus.jpg\",\"contentUrl\":\"https:\/\/raspberrypi.dk\/wp-content\/uploads\/2018\/11\/Raspberry-Pi-3-Model-A-Plus.jpg\",\"width\":1900,\"height\":1256},{\"@type\":\"BreadcrumbList\",\"@id\":\"https:\/\/raspberrypi.dk\/fi\/tuote\/raspberry-pi-3-model-a\/#breadcrumb\",\"itemListElement\":[{\"@type\":\"ListItem\",\"position\":1,\"name\":\"Hjem\",\"item\":\"https:\/\/raspberrypi.dk\/fi\/raspberry-pi-verkkokauppa\/\"},{\"@type\":\"ListItem\",\"position\":2,\"name\":\"Shop\",\"item\":\"https:\/\/raspberrypi.dk\/fi\/shop-2\/\"},{\"@type\":\"ListItem\",\"position\":3,\"name\":\"Raspberry Pi 3 Model A+\"}]},{\"@type\":\"WebSite\",\"@id\":\"https:\/\/raspberrypi.dk\/fi\/#website\",\"url\":\"https:\/\/raspberrypi.dk\/fi\/\",\"name\":\"RaspberryPi.dk\",\"description\":\"Danmarks f\u00f8rende Raspberry Pi side!\",\"publisher\":{\"@id\":\"https:\/\/raspberrypi.dk\/fi\/#organization\"},\"potentialAction\":[{\"@type\":\"SearchAction\",\"target\":{\"@type\":\"EntryPoint\",\"urlTemplate\":\"https:\/\/raspberrypi.dk\/fi\/?s={search_term_string}\"},\"query-input\":{\"@type\":\"PropertyValueSpecification\",\"valueRequired\":true,\"valueName\":\"search_term_string\"}}],\"inLanguage\":\"fi\"},{\"@type\":\"Organization\",\"@id\":\"https:\/\/raspberrypi.dk\/fi\/#organization\",\"name\":\"RaspberryPi.dk\",\"url\":\"https:\/\/raspberrypi.dk\/fi\/\",\"logo\":{\"@type\":\"ImageObject\",\"inLanguage\":\"fi\",\"@id\":\"https:\/\/raspberrypi.dk\/fi\/#\/schema\/logo\/image\/\",\"url\":\"https:\/\/raspberrypi.dk\/wp-content\/uploads\/2017\/05\/RaspberryPidk_logo-2.png\",\"contentUrl\":\"https:\/\/raspberrypi.dk\/wp-content\/uploads\/2017\/05\/RaspberryPidk_logo-2.png\",\"width\":470,\"height\":110,\"caption\":\"RaspberryPi.dk\"},\"image\":{\"@id\":\"https:\/\/raspberrypi.dk\/fi\/#\/schema\/logo\/image\/\"},\"sameAs\":[\"https:\/\/facebook.com\/RaspberryPiDanmark\",\"https:\/\/x.com\/raspberrypidk\",\"https:\/\/instagram.com\/raspberrypi.dk\"]}]}<\/script>\n<!-- \/ Yoast SEO plugin. -->","yoast_head_json":{"title":"Raspberry Pi 3 Model A+ \u2022 RaspberryPi.dk","robots":{"index":"index","follow":"follow","max-snippet":"max-snippet:-1","max-image-preview":"max-image-preview:large","max-video-preview":"max-video-preview:-1"},"canonical":"https:\/\/raspberrypi.dk\/fi\/tuote\/raspberry-pi-3-model-a\/","og_locale":"fi_FI","og_type":"article","og_title":"Raspberry Pi 3 Model A+ \u2022 RaspberryPi.dk","og_description":"Tekniset tiedot Prosessori: Broadcom BCM2837B0, Cortex-A53, 64-bittinen SoC @ 1,4\u2009GHz Muisti: 512MB LPDDR2 SDRAM Liitett\u00e4vyys: 2,4 GHz ja 5 GHz IEE 802.11.b\/g\/n\/ac langaton LAN, Bluetooth 4.2\/BLE P\u00e4\u00e4sy: Laajennettu 40-nastainen GPIO-otsikko Video ja \u00e4\u00e4ni: 1 \u00d7 t\u00e4ysikokoinen HDMI, MIPI DSI -n\u00e4ytt\u00f6portti, MIPI CSI -kameraportti, 4-napainen stereol\u00e4ht\u00f6 ja komposiittivideoportti Multimedia: H.264, MPEG-4-dekoodaus (1080p30); H.264-koodaus (1080p30); OpenGL ES [&hellip;]","og_url":"https:\/\/raspberrypi.dk\/fi\/tuote\/raspberry-pi-3-model-a\/","og_site_name":"RaspberryPi.dk","article_publisher":"https:\/\/facebook.com\/RaspberryPiDanmark","article_modified_time":"2026-03-20T19:28:19+00:00","og_image":[{"width":1900,"height":1256,"url":"https:\/\/raspberrypi.dk\/wp-content\/uploads\/2018\/11\/Raspberry-Pi-3-Model-A-Plus.jpg","type":"image\/jpeg"}],"twitter_card":"summary_large_image","twitter_site":"@raspberrypidk","twitter_misc":{"Arvioitu lukuaika":"1 minuutti"},"schema":{"@context":"https:\/\/schema.org","@graph":[{"@type":"WebPage","@id":"https:\/\/raspberrypi.dk\/fi\/tuote\/raspberry-pi-3-model-a\/","url":"https:\/\/raspberrypi.dk\/fi\/tuote\/raspberry-pi-3-model-a\/","name":"Raspberry Pi 3 Model A+ \u2022 RaspberryPi.dk","isPartOf":{"@id":"https:\/\/raspberrypi.dk\/fi\/#website"},"primaryImageOfPage":{"@id":"https:\/\/raspberrypi.dk\/fi\/tuote\/raspberry-pi-3-model-a\/#primaryimage"},"image":{"@id":"https:\/\/raspberrypi.dk\/fi\/tuote\/raspberry-pi-3-model-a\/#primaryimage"},"thumbnailUrl":"https:\/\/raspberrypi.dk\/wp-content\/uploads\/2018\/11\/Raspberry-Pi-3-Model-A-Plus.jpg","datePublished":"2019-06-06T08:33:32+00:00","dateModified":"2026-03-20T19:28:19+00:00","breadcrumb":{"@id":"https:\/\/raspberrypi.dk\/fi\/tuote\/raspberry-pi-3-model-a\/#breadcrumb"},"inLanguage":"fi","potentialAction":[{"@type":"ReadAction","target":["https:\/\/raspberrypi.dk\/fi\/tuote\/raspberry-pi-3-model-a\/"]}]},{"@type":"ImageObject","inLanguage":"fi","@id":"https:\/\/raspberrypi.dk\/fi\/tuote\/raspberry-pi-3-model-a\/#primaryimage","url":"https:\/\/raspberrypi.dk\/wp-content\/uploads\/2018\/11\/Raspberry-Pi-3-Model-A-Plus.jpg","contentUrl":"https:\/\/raspberrypi.dk\/wp-content\/uploads\/2018\/11\/Raspberry-Pi-3-Model-A-Plus.jpg","width":1900,"height":1256},{"@type":"BreadcrumbList","@id":"https:\/\/raspberrypi.dk\/fi\/tuote\/raspberry-pi-3-model-a\/#breadcrumb","itemListElement":[{"@type":"ListItem","position":1,"name":"Hjem","item":"https:\/\/raspberrypi.dk\/fi\/raspberry-pi-verkkokauppa\/"},{"@type":"ListItem","position":2,"name":"Shop","item":"https:\/\/raspberrypi.dk\/fi\/shop-2\/"},{"@type":"ListItem","position":3,"name":"Raspberry Pi 3 Model A+"}]},{"@type":"WebSite","@id":"https:\/\/raspberrypi.dk\/fi\/#website","url":"https:\/\/raspberrypi.dk\/fi\/","name":"RaspberryPi.dk","description":"Danmarks f\u00f8rende Raspberry Pi side!","publisher":{"@id":"https:\/\/raspberrypi.dk\/fi\/#organization"},"potentialAction":[{"@type":"SearchAction","target":{"@type":"EntryPoint","urlTemplate":"https:\/\/raspberrypi.dk\/fi\/?s={search_term_string}"},"query-input":{"@type":"PropertyValueSpecification","valueRequired":true,"valueName":"search_term_string"}}],"inLanguage":"fi"},{"@type":"Organization","@id":"https:\/\/raspberrypi.dk\/fi\/#organization","name":"RaspberryPi.dk","url":"https:\/\/raspberrypi.dk\/fi\/","logo":{"@type":"ImageObject","inLanguage":"fi","@id":"https:\/\/raspberrypi.dk\/fi\/#\/schema\/logo\/image\/","url":"https:\/\/raspberrypi.dk\/wp-content\/uploads\/2017\/05\/RaspberryPidk_logo-2.png","contentUrl":"https:\/\/raspberrypi.dk\/wp-content\/uploads\/2017\/05\/RaspberryPidk_logo-2.png","width":470,"height":110,"caption":"RaspberryPi.dk"},"image":{"@id":"https:\/\/raspberrypi.dk\/fi\/#\/schema\/logo\/image\/"},"sameAs":["https:\/\/facebook.com\/RaspberryPiDanmark","https:\/\/x.com\/raspberrypidk","https:\/\/instagram.com\/raspberrypi.dk"]}]}},"_links":{"self":[{"href":"https:\/\/raspberrypi.dk\/fi\/wp-json\/wp\/v2\/product\/222128","targetHints":{"allow":["GET"]}}],"collection":[{"href":"https:\/\/raspberrypi.dk\/fi\/wp-json\/wp\/v2\/product"}],"about":[{"href":"https:\/\/raspberrypi.dk\/fi\/wp-json\/wp\/v2\/types\/product"}],"replies":[{"embeddable":true,"href":"https:\/\/raspberrypi.dk\/fi\/wp-json\/wp\/v2\/comments?post=222128"}],"wp:featuredmedia":[{"embeddable":true,"href":"https:\/\/raspberrypi.dk\/fi\/wp-json\/wp\/v2\/media\/222129"}],"wp:attachment":[{"href":"https:\/\/raspberrypi.dk\/fi\/wp-json\/wp\/v2\/media?parent=222128"}],"wp:term":[{"taxonomy":"product_brand","embeddable":true,"href":"https:\/\/raspberrypi.dk\/fi\/wp-json\/wp\/v2\/product_brand?post=222128"},{"taxonomy":"product_cat","embeddable":true,"href":"https:\/\/raspberrypi.dk\/fi\/wp-json\/wp\/v2\/product_cat?post=222128"},{"taxonomy":"product_tag","embeddable":true,"href":"https:\/\/raspberrypi.dk\/fi\/wp-json\/wp\/v2\/product_tag?post=222128"}],"curies":[{"name":"wp","href":"https:\/\/api.w.org\/{rel}","templated":true}]}}