{"id":222151,"date":"2019-05-20T17:56:32","date_gmt":"2019-05-20T15:56:32","guid":{"rendered":"https:\/\/raspberrypi.dk\/produkt\/raspberry-pi-3-model-b-2\/"},"modified":"2026-04-13T20:32:46","modified_gmt":"2026-04-13T18:32:46","slug":"raspberry-pi-3-model-b-2","status":"publish","type":"product","link":"https:\/\/raspberrypi.dk\/fi\/tuote\/raspberry-pi-3-model-b-2\/","title":{"rendered":"Raspberry Pi 3 Model B+"},"content":{"rendered":"<p>Raspberry Pi 3 Model B+:lla on sama jalanj\u00e4lki kuin Pi 2 Model B ja Pi 3 Model B.<\/p>\n<p><strong>Tekniset tiedot<\/strong><\/p>\n<p>Prosessori:<\/p>\n<ul>\n<li>Broadcom BCM2837B0, Cortex-A53, 64-bit SoC @ 1.4GHz<\/li>\n<\/ul>\n<p>Muisti:<\/p>\n<ul>\n<li>1GB LPDDR2 SDRAM<\/li>\n<\/ul>\n<p>Yhteydet:<\/p>\n<ul>\n<li>2,4 GHz ja 5 GHz IEEE 802.11.b\/g\/n\/ac langaton<\/li>\n<li>LAN, Bluetooth 4.2, BLE<\/li>\n<li>Gigabit Ethernet USB 2.0:n kautta (maksimikapasiteetti: 300 Mbps)<\/li>\n<li>4 \u00d7 USB 2.0 -porttia<\/li>\n<\/ul>\n<p><strong>P\u00e4\u00e4sy<\/strong>:<\/p>\n<ul>\n<li>Laajennettu 40-pin GPIO header<\/li>\n<\/ul>\n<p>Video ja \u00e4\u00e4ni:<\/p>\n<ul>\n<li>1 \u00d7 full size HDMI<\/li>\n<li>MIPI DSI display port<\/li>\n<li>MIPI CSI camera port<\/li>\n<li>4 pole stereo output og composite video port<\/li>\n<\/ul>\n<p>Multimedia:<\/p>\n<ul>\n<li>H.264, MPEG-4 decode (1080p30); H.264 encode (1080p30); OpenGL ES 1.1, 2.0 graphics<\/li>\n<\/ul>\n<p>SD-kortti:<\/p>\n<ul>\n<li>Micro SD -muoto k\u00e4ytt\u00f6j\u00e4rjestelm\u00e4n lataamiseen ja tietojen tallennusta varten<\/li>\n<\/ul>\n<p>Teho:<\/p>\n<ul>\n<li>5V\/2,5A DC mikro-USB-liittimen kautta<\/li>\n<li>5V DC GPIO-otsakkeen kautta<\/li>\n<li>Power over Ethernet (PoE) \u2013 k\u00e4yt\u00f6ss\u00e4 (vaatii erillisen <a href=\"https:\/\/raspberrypi.dk\/fi\/toute\/produkt\/raspberry-pi-poe-hat\/\">PoE HAT)<\/a><\/li>\n<\/ul>\n<p>Ymp\u00e4rist\u00f6:<\/p>\n<ul>\n<li>K\u00e4ytt\u00f6l\u00e4mp\u00f6tila, 0-50\u00b0C<\/li>\n<\/ul>\n<p>Kaksitaajuisessa langattomassa l\u00e4hiverkossa on modulaarinen yhteensopivuussertifikaatti, joka mahdollistaa kortin suunnittelun lopputuotteiksi, jolloin langattoman verkon testaus on huomattavasti v\u00e4h\u00e4isemp\u00e4\u00e4, mik\u00e4 tekee markkinoille p\u00e4\u00e4syst\u00e4 nopeampaa ja halvempaa tuotteen kanssa.<\/p>\n<p>Raspberry Pi 3 Model B+ pysyy tuotannossa ainakin tammikuuhun 2023 asti.<\/p>\n","protected":false},"excerpt":{"rendered":"<p><strong>Raspberry Pi 3 Model B+<\/strong> on Raspberry Pi 3 -sarjan uusin malli. Siin\u00e4 on 64-bittinen neliydinprosessori, joka toimii <strong>1,4 GHz<\/strong>\u00a0taajuudella, <strong>sek\u00e4 kaksikaistainen 2,4 GHz\/5GHz<\/strong> langaton LAN, Bluetooth 4.2\/BLE, nopeampi Ethernet ja mahdollisuus PoE:hen erillisen PoE HATin kautta.<\/p>\n<p>Tarvitseeko yrityksesi suuremman m\u00e4\u00e4r\u00e4n Raspberry Pi 3:a tai apua Raspberry Pi hardware\/software? <a href=\"https:\/\/raspberrypi.dk\/fi\/b2b-myynti\/\">Ota meihin yhteytt\u00e4 t\u00e4st\u00e4.<\/a><\/p>\n[wpb-pcf-button]\n","protected":false},"featured_media":222152,"comment_status":"open","ping_status":"closed","template":"","meta":[],"product_brand":[],"product_cat":[738],"product_tag":[],"class_list":{"0":"post-222151","1":"product","2":"type-product","3":"status-publish","4":"has-post-thumbnail","6":"product_cat-raspberry-pi","8":"first","9":"instock","10":"taxable","11":"shipping-taxable","12":"purchasable","13":"product-type-simple"},"composite_virtual":false,"composite_layout":"","composite_add_to_cart_form_location":"","composite_editable_in_cart":false,"composite_sold_individually_context":"","composite_shop_price_calc":"","composite_components":[],"composite_scenarios":[],"bundled_by":["222162"],"bundle_stock_status":"instock","bundle_stock_quantity":374,"bundle_virtual":false,"bundle_layout":"","bundle_add_to_cart_form_location":"","bundle_editable_in_cart":false,"bundle_sold_individually_context":"","bundle_item_grouping":"","bundle_min_size":"","bundle_max_size":"","bundle_price":[],"bundled_items":[],"bundle_sell_ids":[222156,220721],"yoast_head":"<!-- This site is optimized with the Yoast SEO plugin v27.1.1 - https:\/\/yoast.com\/product\/yoast-seo-wordpress\/ -->\n<title>Raspberry Pi 3 Model B+ \u2022 RaspberryPi.dk<\/title>\n<meta name=\"robots\" content=\"index, follow, max-snippet:-1, max-image-preview:large, max-video-preview:-1\" \/>\n<link rel=\"canonical\" href=\"https:\/\/raspberrypi.dk\/fi\/tuote\/raspberry-pi-3-model-b-2\/\" \/>\n<meta property=\"og:locale\" content=\"fi_FI\" \/>\n<meta property=\"og:type\" content=\"article\" \/>\n<meta property=\"og:title\" content=\"Raspberry Pi 3 Model B+ \u2022 RaspberryPi.dk\" \/>\n<meta property=\"og:description\" content=\"Raspberry Pi 3 Model B+ on Raspberry Pi 3 -sarjan uusin malli. Siin\u00e4 on 64-bittinen neliydinprosessori, joka toimii 1,4 GHz\u00a0taajuudella, sek\u00e4 kaksikaistainen 2,4 GHz\/5GHz langaton LAN, Bluetooth 4.2\/BLE, nopeampi Ethernet ja mahdollisuus PoE:hen erillisen PoE HATin kautta.  Tarvitseeko yrityksesi suuremman m\u00e4\u00e4r\u00e4n Raspberry Pi 3:a tai apua Raspberry Pi hardware\/software? Ota meihin yhteytt\u00e4 t\u00e4st\u00e4.\" \/>\n<meta property=\"og:url\" content=\"https:\/\/raspberrypi.dk\/fi\/tuote\/raspberry-pi-3-model-b-2\/\" \/>\n<meta property=\"og:site_name\" content=\"RaspberryPi.dk\" \/>\n<meta property=\"article:publisher\" content=\"https:\/\/facebook.com\/RaspberryPiDanmark\" \/>\n<meta property=\"article:modified_time\" content=\"2026-04-13T18:32:46+00:00\" \/>\n<meta property=\"og:image\" content=\"https:\/\/raspberrypi.dk\/wp-content\/uploads\/2018\/03\/Raspberry-Pi-3-Model-BPlus.jpg\" \/>\n\t<meta property=\"og:image:width\" content=\"2048\" \/>\n\t<meta property=\"og:image:height\" content=\"1365\" \/>\n\t<meta property=\"og:image:type\" content=\"image\/jpeg\" \/>\n<meta name=\"twitter:card\" content=\"summary_large_image\" \/>\n<meta name=\"twitter:site\" content=\"@raspberrypidk\" \/>\n<meta name=\"twitter:label1\" content=\"Arvioitu lukuaika\" \/>\n\t<meta name=\"twitter:data1\" content=\"2 minuuttia\" \/>\n<script type=\"application\/ld+json\" class=\"yoast-schema-graph\">{\"@context\":\"https:\/\/schema.org\",\"@graph\":[{\"@type\":\"WebPage\",\"@id\":\"https:\/\/raspberrypi.dk\/fi\/tuote\/raspberry-pi-3-model-b-2\/\",\"url\":\"https:\/\/raspberrypi.dk\/fi\/tuote\/raspberry-pi-3-model-b-2\/\",\"name\":\"Raspberry Pi 3 Model B+ \u2022 RaspberryPi.dk\",\"isPartOf\":{\"@id\":\"https:\/\/raspberrypi.dk\/fi\/#website\"},\"primaryImageOfPage\":{\"@id\":\"https:\/\/raspberrypi.dk\/fi\/tuote\/raspberry-pi-3-model-b-2\/#primaryimage\"},\"image\":{\"@id\":\"https:\/\/raspberrypi.dk\/fi\/tuote\/raspberry-pi-3-model-b-2\/#primaryimage\"},\"thumbnailUrl\":\"https:\/\/raspberrypi.dk\/wp-content\/uploads\/2018\/03\/Raspberry-Pi-3-Model-BPlus.jpg\",\"datePublished\":\"2019-05-20T15:56:32+00:00\",\"dateModified\":\"2026-04-13T18:32:46+00:00\",\"breadcrumb\":{\"@id\":\"https:\/\/raspberrypi.dk\/fi\/tuote\/raspberry-pi-3-model-b-2\/#breadcrumb\"},\"inLanguage\":\"fi\",\"potentialAction\":[{\"@type\":\"ReadAction\",\"target\":[\"https:\/\/raspberrypi.dk\/fi\/tuote\/raspberry-pi-3-model-b-2\/\"]}]},{\"@type\":\"ImageObject\",\"inLanguage\":\"fi\",\"@id\":\"https:\/\/raspberrypi.dk\/fi\/tuote\/raspberry-pi-3-model-b-2\/#primaryimage\",\"url\":\"https:\/\/raspberrypi.dk\/wp-content\/uploads\/2018\/03\/Raspberry-Pi-3-Model-BPlus.jpg\",\"contentUrl\":\"https:\/\/raspberrypi.dk\/wp-content\/uploads\/2018\/03\/Raspberry-Pi-3-Model-BPlus.jpg\",\"width\":2048,\"height\":1365,\"caption\":\"Raspberry Pi 3 Model B+ (Model B Plus)\"},{\"@type\":\"BreadcrumbList\",\"@id\":\"https:\/\/raspberrypi.dk\/fi\/tuote\/raspberry-pi-3-model-b-2\/#breadcrumb\",\"itemListElement\":[{\"@type\":\"ListItem\",\"position\":1,\"name\":\"Hjem\",\"item\":\"https:\/\/raspberrypi.dk\/fi\/raspberry-pi-verkkokauppa\/\"},{\"@type\":\"ListItem\",\"position\":2,\"name\":\"Shop\",\"item\":\"https:\/\/raspberrypi.dk\/fi\/shop-2\/\"},{\"@type\":\"ListItem\",\"position\":3,\"name\":\"Raspberry Pi 3 Model B+\"}]},{\"@type\":\"WebSite\",\"@id\":\"https:\/\/raspberrypi.dk\/fi\/#website\",\"url\":\"https:\/\/raspberrypi.dk\/fi\/\",\"name\":\"RaspberryPi.dk\",\"description\":\"Danmarks f\u00f8rende Raspberry Pi side!\",\"publisher\":{\"@id\":\"https:\/\/raspberrypi.dk\/fi\/#organization\"},\"potentialAction\":[{\"@type\":\"SearchAction\",\"target\":{\"@type\":\"EntryPoint\",\"urlTemplate\":\"https:\/\/raspberrypi.dk\/fi\/?s={search_term_string}\"},\"query-input\":{\"@type\":\"PropertyValueSpecification\",\"valueRequired\":true,\"valueName\":\"search_term_string\"}}],\"inLanguage\":\"fi\"},{\"@type\":\"Organization\",\"@id\":\"https:\/\/raspberrypi.dk\/fi\/#organization\",\"name\":\"RaspberryPi.dk\",\"url\":\"https:\/\/raspberrypi.dk\/fi\/\",\"logo\":{\"@type\":\"ImageObject\",\"inLanguage\":\"fi\",\"@id\":\"https:\/\/raspberrypi.dk\/fi\/#\/schema\/logo\/image\/\",\"url\":\"https:\/\/raspberrypi.dk\/wp-content\/uploads\/2017\/05\/RaspberryPidk_logo-2.png\",\"contentUrl\":\"https:\/\/raspberrypi.dk\/wp-content\/uploads\/2017\/05\/RaspberryPidk_logo-2.png\",\"width\":470,\"height\":110,\"caption\":\"RaspberryPi.dk\"},\"image\":{\"@id\":\"https:\/\/raspberrypi.dk\/fi\/#\/schema\/logo\/image\/\"},\"sameAs\":[\"https:\/\/facebook.com\/RaspberryPiDanmark\",\"https:\/\/x.com\/raspberrypidk\",\"https:\/\/instagram.com\/raspberrypi.dk\"]}]}<\/script>\n<!-- \/ Yoast SEO plugin. -->","yoast_head_json":{"title":"Raspberry Pi 3 Model B+ \u2022 RaspberryPi.dk","robots":{"index":"index","follow":"follow","max-snippet":"max-snippet:-1","max-image-preview":"max-image-preview:large","max-video-preview":"max-video-preview:-1"},"canonical":"https:\/\/raspberrypi.dk\/fi\/tuote\/raspberry-pi-3-model-b-2\/","og_locale":"fi_FI","og_type":"article","og_title":"Raspberry Pi 3 Model B+ \u2022 RaspberryPi.dk","og_description":"Raspberry Pi 3 Model B+ on Raspberry Pi 3 -sarjan uusin malli. Siin\u00e4 on 64-bittinen neliydinprosessori, joka toimii 1,4 GHz\u00a0taajuudella, sek\u00e4 kaksikaistainen 2,4 GHz\/5GHz langaton LAN, Bluetooth 4.2\/BLE, nopeampi Ethernet ja mahdollisuus PoE:hen erillisen PoE HATin kautta.  Tarvitseeko yrityksesi suuremman m\u00e4\u00e4r\u00e4n Raspberry Pi 3:a tai apua Raspberry Pi hardware\/software? Ota meihin yhteytt\u00e4 t\u00e4st\u00e4.","og_url":"https:\/\/raspberrypi.dk\/fi\/tuote\/raspberry-pi-3-model-b-2\/","og_site_name":"RaspberryPi.dk","article_publisher":"https:\/\/facebook.com\/RaspberryPiDanmark","article_modified_time":"2026-04-13T18:32:46+00:00","og_image":[{"width":2048,"height":1365,"url":"https:\/\/raspberrypi.dk\/wp-content\/uploads\/2018\/03\/Raspberry-Pi-3-Model-BPlus.jpg","type":"image\/jpeg"}],"twitter_card":"summary_large_image","twitter_site":"@raspberrypidk","twitter_misc":{"Arvioitu lukuaika":"2 minuuttia"},"schema":{"@context":"https:\/\/schema.org","@graph":[{"@type":"WebPage","@id":"https:\/\/raspberrypi.dk\/fi\/tuote\/raspberry-pi-3-model-b-2\/","url":"https:\/\/raspberrypi.dk\/fi\/tuote\/raspberry-pi-3-model-b-2\/","name":"Raspberry Pi 3 Model B+ \u2022 RaspberryPi.dk","isPartOf":{"@id":"https:\/\/raspberrypi.dk\/fi\/#website"},"primaryImageOfPage":{"@id":"https:\/\/raspberrypi.dk\/fi\/tuote\/raspberry-pi-3-model-b-2\/#primaryimage"},"image":{"@id":"https:\/\/raspberrypi.dk\/fi\/tuote\/raspberry-pi-3-model-b-2\/#primaryimage"},"thumbnailUrl":"https:\/\/raspberrypi.dk\/wp-content\/uploads\/2018\/03\/Raspberry-Pi-3-Model-BPlus.jpg","datePublished":"2019-05-20T15:56:32+00:00","dateModified":"2026-04-13T18:32:46+00:00","breadcrumb":{"@id":"https:\/\/raspberrypi.dk\/fi\/tuote\/raspberry-pi-3-model-b-2\/#breadcrumb"},"inLanguage":"fi","potentialAction":[{"@type":"ReadAction","target":["https:\/\/raspberrypi.dk\/fi\/tuote\/raspberry-pi-3-model-b-2\/"]}]},{"@type":"ImageObject","inLanguage":"fi","@id":"https:\/\/raspberrypi.dk\/fi\/tuote\/raspberry-pi-3-model-b-2\/#primaryimage","url":"https:\/\/raspberrypi.dk\/wp-content\/uploads\/2018\/03\/Raspberry-Pi-3-Model-BPlus.jpg","contentUrl":"https:\/\/raspberrypi.dk\/wp-content\/uploads\/2018\/03\/Raspberry-Pi-3-Model-BPlus.jpg","width":2048,"height":1365,"caption":"Raspberry Pi 3 Model B+ (Model B Plus)"},{"@type":"BreadcrumbList","@id":"https:\/\/raspberrypi.dk\/fi\/tuote\/raspberry-pi-3-model-b-2\/#breadcrumb","itemListElement":[{"@type":"ListItem","position":1,"name":"Hjem","item":"https:\/\/raspberrypi.dk\/fi\/raspberry-pi-verkkokauppa\/"},{"@type":"ListItem","position":2,"name":"Shop","item":"https:\/\/raspberrypi.dk\/fi\/shop-2\/"},{"@type":"ListItem","position":3,"name":"Raspberry Pi 3 Model B+"}]},{"@type":"WebSite","@id":"https:\/\/raspberrypi.dk\/fi\/#website","url":"https:\/\/raspberrypi.dk\/fi\/","name":"RaspberryPi.dk","description":"Danmarks f\u00f8rende Raspberry Pi side!","publisher":{"@id":"https:\/\/raspberrypi.dk\/fi\/#organization"},"potentialAction":[{"@type":"SearchAction","target":{"@type":"EntryPoint","urlTemplate":"https:\/\/raspberrypi.dk\/fi\/?s={search_term_string}"},"query-input":{"@type":"PropertyValueSpecification","valueRequired":true,"valueName":"search_term_string"}}],"inLanguage":"fi"},{"@type":"Organization","@id":"https:\/\/raspberrypi.dk\/fi\/#organization","name":"RaspberryPi.dk","url":"https:\/\/raspberrypi.dk\/fi\/","logo":{"@type":"ImageObject","inLanguage":"fi","@id":"https:\/\/raspberrypi.dk\/fi\/#\/schema\/logo\/image\/","url":"https:\/\/raspberrypi.dk\/wp-content\/uploads\/2017\/05\/RaspberryPidk_logo-2.png","contentUrl":"https:\/\/raspberrypi.dk\/wp-content\/uploads\/2017\/05\/RaspberryPidk_logo-2.png","width":470,"height":110,"caption":"RaspberryPi.dk"},"image":{"@id":"https:\/\/raspberrypi.dk\/fi\/#\/schema\/logo\/image\/"},"sameAs":["https:\/\/facebook.com\/RaspberryPiDanmark","https:\/\/x.com\/raspberrypidk","https:\/\/instagram.com\/raspberrypi.dk"]}]}},"_links":{"self":[{"href":"https:\/\/raspberrypi.dk\/fi\/wp-json\/wp\/v2\/product\/222151","targetHints":{"allow":["GET"]}}],"collection":[{"href":"https:\/\/raspberrypi.dk\/fi\/wp-json\/wp\/v2\/product"}],"about":[{"href":"https:\/\/raspberrypi.dk\/fi\/wp-json\/wp\/v2\/types\/product"}],"replies":[{"embeddable":true,"href":"https:\/\/raspberrypi.dk\/fi\/wp-json\/wp\/v2\/comments?post=222151"}],"wp:featuredmedia":[{"embeddable":true,"href":"https:\/\/raspberrypi.dk\/fi\/wp-json\/wp\/v2\/media\/222152"}],"wp:attachment":[{"href":"https:\/\/raspberrypi.dk\/fi\/wp-json\/wp\/v2\/media?parent=222151"}],"wp:term":[{"taxonomy":"product_brand","embeddable":true,"href":"https:\/\/raspberrypi.dk\/fi\/wp-json\/wp\/v2\/product_brand?post=222151"},{"taxonomy":"product_cat","embeddable":true,"href":"https:\/\/raspberrypi.dk\/fi\/wp-json\/wp\/v2\/product_cat?post=222151"},{"taxonomy":"product_tag","embeddable":true,"href":"https:\/\/raspberrypi.dk\/fi\/wp-json\/wp\/v2\/product_tag?post=222151"}],"curies":[{"name":"wp","href":"https:\/\/api.w.org\/{rel}","templated":true}]}}