{"id":222183,"date":"2018-08-31T00:21:34","date_gmt":"2018-08-30T22:21:34","guid":{"rendered":"https:\/\/raspberrypi.dk\/produkt\/mobiili-4g-3g-usb-modeemi-raspberry-pille\/"},"modified":"2024-04-15T17:13:18","modified_gmt":"2024-04-15T15:13:18","slug":"mobiili-4g-3g-usb-modeemi-raspberry-pille","status":"publish","type":"product","link":"https:\/\/raspberrypi.dk\/fi\/tuote\/mobiili-4g-3g-usb-modeemi-raspberry-pille\/","title":{"rendered":"Mobiili (4G\/3G) USB-modeemi Raspberry Pi:lle"},"content":{"rendered":"<p>Jos tarvitset Internet-yhteyden Raspberry Pi:llesi, jossa WiFi\/LAN ei ole k\u00e4ytett\u00e4viss\u00e4, t\u00e4m\u00e4 on ratkaisu!<\/p>\n<p><strong>Tekniset tiedot<\/strong><\/p>\n<ul>\n<li>Protokollat:\u00a0GSM, GPRS, UMTS, EDGE, HSDPA, HSUPA, HSPA+, LTE, DC-HSPA+.<\/li>\n<li>Mitat (L x S x K) 2,8 cm x 1,15 cm x 8,8 cm<\/li>\n<li>USB 2.0<\/li>\n<li>Max. siirtonopeus 150 Mbps<\/li>\n<li>2T2R MIMO -tekniikka<\/li>\n<li>Tuettu flash-muistikortti: microSD<\/li>\n<li>Antenni: sis\u00e4inen<\/li>\n<\/ul>\n<p>T\u00e4m\u00e4 langaton 3G\/4G-modeemi on Huawei E3372.<\/p>\n<p><strong>HUOMIO! Ei sis\u00e4ll\u00e4 SIM-korttia. T\u00e4m\u00e4 ostetaan erikseen televiestint\u00e4toimittajaltasi.<\/strong><\/p>\n","protected":false},"excerpt":{"rendered":"<p>T\u00e4m\u00e4 langaton modeemi tukee 3G\/4G:: GSM, GPRS, UMTS, EDGE, HSDPA, HSUPA, HSPA+, LTE, DC-HSPA+.<\/p>\n<p>Se toimii plug and play -periaatteella esimerkiksi Raspberry Pi:n Raspbian-k\u00e4ytt\u00f6j\u00e4rjestelm\u00e4n kanssa. Mahdollisesti t\u00e4m\u00e4 <a href=\"https:\/\/www.draisberghof.de\/usb_modeswitch\/bb\/viewtopic.php?f=3&amp;t=3043&amp;p=20054#p20026\">korjaus vaatii<\/a> uuden version. Huawei E3372-325.<\/p>\n","protected":false},"featured_media":222184,"comment_status":"open","ping_status":"closed","template":"","meta":[],"product_brand":[],"product_cat":[751],"product_tag":[719,718],"class_list":{"0":"post-222183","1":"product","2":"type-product","3":"status-publish","4":"has-post-thumbnail","6":"product_cat-usb-tarvikkeet","7":"product_tag-rpi4-fi","8":"product_tag-rpi5-fi","10":"first","11":"outofstock","12":"taxable","13":"shipping-taxable","14":"purchasable","15":"product-type-simple"},"composite_virtual":false,"composite_layout":"","composite_add_to_cart_form_location":"","composite_editable_in_cart":false,"composite_sold_individually_context":"","composite_shop_price_calc":"","composite_components":[],"composite_scenarios":[],"bundled_by":[],"bundle_stock_status":"outofstock","bundle_stock_quantity":0,"bundle_virtual":false,"bundle_layout":"","bundle_add_to_cart_form_location":"","bundle_editable_in_cart":false,"bundle_sold_individually_context":"","bundle_item_grouping":"","bundle_min_size":"","bundle_max_size":"","bundle_price":[],"bundled_items":[],"bundle_sell_ids":[],"yoast_head":"<!-- This site is optimized with the Yoast SEO plugin v27.1.1 - https:\/\/yoast.com\/product\/yoast-seo-wordpress\/ -->\n<title>Mobiili (4G\/3G) USB-modeemi Raspberry Pi:lle \u2022 RaspberryPi.dk<\/title>\n<meta name=\"robots\" content=\"index, follow, max-snippet:-1, max-image-preview:large, max-video-preview:-1\" \/>\n<link rel=\"canonical\" href=\"https:\/\/raspberrypi.dk\/fi\/tuote\/mobiili-4g-3g-usb-modeemi-raspberry-pille\/\" \/>\n<meta property=\"og:locale\" content=\"fi_FI\" \/>\n<meta property=\"og:type\" content=\"article\" \/>\n<meta property=\"og:title\" content=\"Mobiili (4G\/3G) USB-modeemi Raspberry Pi:lle \u2022 RaspberryPi.dk\" \/>\n<meta property=\"og:description\" content=\"T\u00e4m\u00e4 langaton modeemi tukee 3G\/4G:: GSM, GPRS, UMTS, EDGE, HSDPA, HSUPA, HSPA+, LTE, DC-HSPA+.  Se toimii plug and play -periaatteella esimerkiksi Raspberry Pi:n Raspbian-k\u00e4ytt\u00f6j\u00e4rjestelm\u00e4n kanssa. Mahdollisesti t\u00e4m\u00e4 korjaus vaatii uuden version. Huawei E3372-325.\" \/>\n<meta property=\"og:url\" content=\"https:\/\/raspberrypi.dk\/fi\/tuote\/mobiili-4g-3g-usb-modeemi-raspberry-pille\/\" \/>\n<meta property=\"og:site_name\" content=\"RaspberryPi.dk\" \/>\n<meta property=\"article:publisher\" content=\"https:\/\/facebook.com\/RaspberryPiDanmark\" \/>\n<meta property=\"article:modified_time\" content=\"2024-04-15T15:13:18+00:00\" \/>\n<meta property=\"og:image\" content=\"https:\/\/raspberrypi.dk\/wp-content\/uploads\/2018\/08\/huawei-e3372-raspberry-pi-4g-modem.jpg\" \/>\n\t<meta property=\"og:image:width\" content=\"960\" \/>\n\t<meta property=\"og:image:height\" content=\"720\" \/>\n\t<meta property=\"og:image:type\" content=\"image\/jpeg\" \/>\n<meta name=\"twitter:card\" content=\"summary_large_image\" \/>\n<meta name=\"twitter:site\" content=\"@raspberrypidk\" \/>\n<meta name=\"twitter:label1\" content=\"Arvioitu lukuaika\" \/>\n\t<meta name=\"twitter:data1\" content=\"1 minuutti\" \/>\n<script type=\"application\/ld+json\" class=\"yoast-schema-graph\">{\"@context\":\"https:\/\/schema.org\",\"@graph\":[{\"@type\":\"WebPage\",\"@id\":\"https:\/\/raspberrypi.dk\/fi\/tuote\/mobiili-4g-3g-usb-modeemi-raspberry-pille\/\",\"url\":\"https:\/\/raspberrypi.dk\/fi\/tuote\/mobiili-4g-3g-usb-modeemi-raspberry-pille\/\",\"name\":\"Mobiili (4G\/3G) USB-modeemi Raspberry Pi:lle \u2022 RaspberryPi.dk\",\"isPartOf\":{\"@id\":\"https:\/\/raspberrypi.dk\/fi\/#website\"},\"primaryImageOfPage\":{\"@id\":\"https:\/\/raspberrypi.dk\/fi\/tuote\/mobiili-4g-3g-usb-modeemi-raspberry-pille\/#primaryimage\"},\"image\":{\"@id\":\"https:\/\/raspberrypi.dk\/fi\/tuote\/mobiili-4g-3g-usb-modeemi-raspberry-pille\/#primaryimage\"},\"thumbnailUrl\":\"https:\/\/raspberrypi.dk\/wp-content\/uploads\/2018\/08\/huawei-e3372-raspberry-pi-4g-modem.jpg\",\"datePublished\":\"2018-08-30T22:21:34+00:00\",\"dateModified\":\"2024-04-15T15:13:18+00:00\",\"breadcrumb\":{\"@id\":\"https:\/\/raspberrypi.dk\/fi\/tuote\/mobiili-4g-3g-usb-modeemi-raspberry-pille\/#breadcrumb\"},\"inLanguage\":\"fi\",\"potentialAction\":[{\"@type\":\"ReadAction\",\"target\":[\"https:\/\/raspberrypi.dk\/fi\/tuote\/mobiili-4g-3g-usb-modeemi-raspberry-pille\/\"]}]},{\"@type\":\"ImageObject\",\"inLanguage\":\"fi\",\"@id\":\"https:\/\/raspberrypi.dk\/fi\/tuote\/mobiili-4g-3g-usb-modeemi-raspberry-pille\/#primaryimage\",\"url\":\"https:\/\/raspberrypi.dk\/wp-content\/uploads\/2018\/08\/huawei-e3372-raspberry-pi-4g-modem.jpg\",\"contentUrl\":\"https:\/\/raspberrypi.dk\/wp-content\/uploads\/2018\/08\/huawei-e3372-raspberry-pi-4g-modem.jpg\",\"width\":960,\"height\":720,\"caption\":\"usb 3g 4g modeemi raspberry pi:lle\"},{\"@type\":\"BreadcrumbList\",\"@id\":\"https:\/\/raspberrypi.dk\/fi\/tuote\/mobiili-4g-3g-usb-modeemi-raspberry-pille\/#breadcrumb\",\"itemListElement\":[{\"@type\":\"ListItem\",\"position\":1,\"name\":\"Hjem\",\"item\":\"https:\/\/raspberrypi.dk\/fi\/raspberry-pi-verkkokauppa\/\"},{\"@type\":\"ListItem\",\"position\":2,\"name\":\"Shop\",\"item\":\"https:\/\/raspberrypi.dk\/fi\/shop-2\/\"},{\"@type\":\"ListItem\",\"position\":3,\"name\":\"Mobiili (4G\/3G) USB-modeemi Raspberry Pi:lle\"}]},{\"@type\":\"WebSite\",\"@id\":\"https:\/\/raspberrypi.dk\/fi\/#website\",\"url\":\"https:\/\/raspberrypi.dk\/fi\/\",\"name\":\"RaspberryPi.dk\",\"description\":\"Danmarks f\u00f8rende Raspberry Pi side!\",\"publisher\":{\"@id\":\"https:\/\/raspberrypi.dk\/fi\/#organization\"},\"potentialAction\":[{\"@type\":\"SearchAction\",\"target\":{\"@type\":\"EntryPoint\",\"urlTemplate\":\"https:\/\/raspberrypi.dk\/fi\/?s={search_term_string}\"},\"query-input\":{\"@type\":\"PropertyValueSpecification\",\"valueRequired\":true,\"valueName\":\"search_term_string\"}}],\"inLanguage\":\"fi\"},{\"@type\":\"Organization\",\"@id\":\"https:\/\/raspberrypi.dk\/fi\/#organization\",\"name\":\"RaspberryPi.dk\",\"url\":\"https:\/\/raspberrypi.dk\/fi\/\",\"logo\":{\"@type\":\"ImageObject\",\"inLanguage\":\"fi\",\"@id\":\"https:\/\/raspberrypi.dk\/fi\/#\/schema\/logo\/image\/\",\"url\":\"https:\/\/raspberrypi.dk\/wp-content\/uploads\/2017\/05\/RaspberryPidk_logo-2.png\",\"contentUrl\":\"https:\/\/raspberrypi.dk\/wp-content\/uploads\/2017\/05\/RaspberryPidk_logo-2.png\",\"width\":470,\"height\":110,\"caption\":\"RaspberryPi.dk\"},\"image\":{\"@id\":\"https:\/\/raspberrypi.dk\/fi\/#\/schema\/logo\/image\/\"},\"sameAs\":[\"https:\/\/facebook.com\/RaspberryPiDanmark\",\"https:\/\/x.com\/raspberrypidk\",\"https:\/\/instagram.com\/raspberrypi.dk\"]}]}<\/script>\n<!-- \/ Yoast SEO plugin. -->","yoast_head_json":{"title":"Mobiili (4G\/3G) USB-modeemi Raspberry Pi:lle \u2022 RaspberryPi.dk","robots":{"index":"index","follow":"follow","max-snippet":"max-snippet:-1","max-image-preview":"max-image-preview:large","max-video-preview":"max-video-preview:-1"},"canonical":"https:\/\/raspberrypi.dk\/fi\/tuote\/mobiili-4g-3g-usb-modeemi-raspberry-pille\/","og_locale":"fi_FI","og_type":"article","og_title":"Mobiili (4G\/3G) USB-modeemi Raspberry Pi:lle \u2022 RaspberryPi.dk","og_description":"T\u00e4m\u00e4 langaton modeemi tukee 3G\/4G:: GSM, GPRS, UMTS, EDGE, HSDPA, HSUPA, HSPA+, LTE, DC-HSPA+.  Se toimii plug and play -periaatteella esimerkiksi Raspberry Pi:n Raspbian-k\u00e4ytt\u00f6j\u00e4rjestelm\u00e4n kanssa. Mahdollisesti t\u00e4m\u00e4 korjaus vaatii uuden version. Huawei E3372-325.","og_url":"https:\/\/raspberrypi.dk\/fi\/tuote\/mobiili-4g-3g-usb-modeemi-raspberry-pille\/","og_site_name":"RaspberryPi.dk","article_publisher":"https:\/\/facebook.com\/RaspberryPiDanmark","article_modified_time":"2024-04-15T15:13:18+00:00","og_image":[{"width":960,"height":720,"url":"https:\/\/raspberrypi.dk\/wp-content\/uploads\/2018\/08\/huawei-e3372-raspberry-pi-4g-modem.jpg","type":"image\/jpeg"}],"twitter_card":"summary_large_image","twitter_site":"@raspberrypidk","twitter_misc":{"Arvioitu lukuaika":"1 minuutti"},"schema":{"@context":"https:\/\/schema.org","@graph":[{"@type":"WebPage","@id":"https:\/\/raspberrypi.dk\/fi\/tuote\/mobiili-4g-3g-usb-modeemi-raspberry-pille\/","url":"https:\/\/raspberrypi.dk\/fi\/tuote\/mobiili-4g-3g-usb-modeemi-raspberry-pille\/","name":"Mobiili (4G\/3G) USB-modeemi Raspberry Pi:lle \u2022 RaspberryPi.dk","isPartOf":{"@id":"https:\/\/raspberrypi.dk\/fi\/#website"},"primaryImageOfPage":{"@id":"https:\/\/raspberrypi.dk\/fi\/tuote\/mobiili-4g-3g-usb-modeemi-raspberry-pille\/#primaryimage"},"image":{"@id":"https:\/\/raspberrypi.dk\/fi\/tuote\/mobiili-4g-3g-usb-modeemi-raspberry-pille\/#primaryimage"},"thumbnailUrl":"https:\/\/raspberrypi.dk\/wp-content\/uploads\/2018\/08\/huawei-e3372-raspberry-pi-4g-modem.jpg","datePublished":"2018-08-30T22:21:34+00:00","dateModified":"2024-04-15T15:13:18+00:00","breadcrumb":{"@id":"https:\/\/raspberrypi.dk\/fi\/tuote\/mobiili-4g-3g-usb-modeemi-raspberry-pille\/#breadcrumb"},"inLanguage":"fi","potentialAction":[{"@type":"ReadAction","target":["https:\/\/raspberrypi.dk\/fi\/tuote\/mobiili-4g-3g-usb-modeemi-raspberry-pille\/"]}]},{"@type":"ImageObject","inLanguage":"fi","@id":"https:\/\/raspberrypi.dk\/fi\/tuote\/mobiili-4g-3g-usb-modeemi-raspberry-pille\/#primaryimage","url":"https:\/\/raspberrypi.dk\/wp-content\/uploads\/2018\/08\/huawei-e3372-raspberry-pi-4g-modem.jpg","contentUrl":"https:\/\/raspberrypi.dk\/wp-content\/uploads\/2018\/08\/huawei-e3372-raspberry-pi-4g-modem.jpg","width":960,"height":720,"caption":"usb 3g 4g modeemi raspberry pi:lle"},{"@type":"BreadcrumbList","@id":"https:\/\/raspberrypi.dk\/fi\/tuote\/mobiili-4g-3g-usb-modeemi-raspberry-pille\/#breadcrumb","itemListElement":[{"@type":"ListItem","position":1,"name":"Hjem","item":"https:\/\/raspberrypi.dk\/fi\/raspberry-pi-verkkokauppa\/"},{"@type":"ListItem","position":2,"name":"Shop","item":"https:\/\/raspberrypi.dk\/fi\/shop-2\/"},{"@type":"ListItem","position":3,"name":"Mobiili (4G\/3G) USB-modeemi Raspberry Pi:lle"}]},{"@type":"WebSite","@id":"https:\/\/raspberrypi.dk\/fi\/#website","url":"https:\/\/raspberrypi.dk\/fi\/","name":"RaspberryPi.dk","description":"Danmarks f\u00f8rende Raspberry Pi side!","publisher":{"@id":"https:\/\/raspberrypi.dk\/fi\/#organization"},"potentialAction":[{"@type":"SearchAction","target":{"@type":"EntryPoint","urlTemplate":"https:\/\/raspberrypi.dk\/fi\/?s={search_term_string}"},"query-input":{"@type":"PropertyValueSpecification","valueRequired":true,"valueName":"search_term_string"}}],"inLanguage":"fi"},{"@type":"Organization","@id":"https:\/\/raspberrypi.dk\/fi\/#organization","name":"RaspberryPi.dk","url":"https:\/\/raspberrypi.dk\/fi\/","logo":{"@type":"ImageObject","inLanguage":"fi","@id":"https:\/\/raspberrypi.dk\/fi\/#\/schema\/logo\/image\/","url":"https:\/\/raspberrypi.dk\/wp-content\/uploads\/2017\/05\/RaspberryPidk_logo-2.png","contentUrl":"https:\/\/raspberrypi.dk\/wp-content\/uploads\/2017\/05\/RaspberryPidk_logo-2.png","width":470,"height":110,"caption":"RaspberryPi.dk"},"image":{"@id":"https:\/\/raspberrypi.dk\/fi\/#\/schema\/logo\/image\/"},"sameAs":["https:\/\/facebook.com\/RaspberryPiDanmark","https:\/\/x.com\/raspberrypidk","https:\/\/instagram.com\/raspberrypi.dk"]}]}},"_links":{"self":[{"href":"https:\/\/raspberrypi.dk\/fi\/wp-json\/wp\/v2\/product\/222183","targetHints":{"allow":["GET"]}}],"collection":[{"href":"https:\/\/raspberrypi.dk\/fi\/wp-json\/wp\/v2\/product"}],"about":[{"href":"https:\/\/raspberrypi.dk\/fi\/wp-json\/wp\/v2\/types\/product"}],"replies":[{"embeddable":true,"href":"https:\/\/raspberrypi.dk\/fi\/wp-json\/wp\/v2\/comments?post=222183"}],"wp:featuredmedia":[{"embeddable":true,"href":"https:\/\/raspberrypi.dk\/fi\/wp-json\/wp\/v2\/media\/222184"}],"wp:attachment":[{"href":"https:\/\/raspberrypi.dk\/fi\/wp-json\/wp\/v2\/media?parent=222183"}],"wp:term":[{"taxonomy":"product_brand","embeddable":true,"href":"https:\/\/raspberrypi.dk\/fi\/wp-json\/wp\/v2\/product_brand?post=222183"},{"taxonomy":"product_cat","embeddable":true,"href":"https:\/\/raspberrypi.dk\/fi\/wp-json\/wp\/v2\/product_cat?post=222183"},{"taxonomy":"product_tag","embeddable":true,"href":"https:\/\/raspberrypi.dk\/fi\/wp-json\/wp\/v2\/product_tag?post=222183"}],"curies":[{"name":"wp","href":"https:\/\/api.w.org\/{rel}","templated":true}]}}