{"id":222195,"date":"2018-03-01T15:43:31","date_gmt":"2018-03-01T14:43:31","guid":{"rendered":"https:\/\/raspberrypi.dk\/produkt\/cluster-case-raspberry-pi-puhaltimille\/"},"modified":"2025-09-15T10:56:40","modified_gmt":"2025-09-15T08:56:40","slug":"cluster-case-raspberry-pi-puhaltimille","status":"publish","type":"product","link":"https:\/\/raspberrypi.dk\/fi\/tuote\/cluster-case-raspberry-pi-puhaltimille\/","title":{"rendered":"Cluster Case Raspberry Pi &#8211; puhaltimille"},"content":{"rendered":"<p>Jokaisessa pakkauksessa on kerroksia, kiinnikkeit\u00e4 ja tuulettimia 2 Raspberry Pi:n pinoamiseksi, ja niit\u00e4 voidaan pinota uudestaan \u200b\u200bja uudestaan \u200b\u200blis\u00e4pakkauksilla &#8211; mik\u00e4 antaa sinulle joustavuuden jatkaa oman Raspberry Pi -supertietokoneesi laajentamista!<\/p>\n<p>Kaikki Raspberry Pi -portit ovat k\u00e4ytett\u00e4viss\u00e4, mukaan lukien suurempi aukko micro-SD-korteille helppoa vaihtoa varten. Laatikko tukee kaikkia 40-nastaisia \u200b\u200bRaspberry Pi -malleja, joten voit jopa pinota vanhemmat mallisi uuden Raspberry Pi 5:n kanssa.<\/p>\n<p>Kerrokset on valmistettu erikoisperspexist\u00e4, joka n\u00e4ytt\u00e4\u00e4 lasilta &#8211; mutta ilman hintaa! Se n\u00e4ytt\u00e4\u00e4 hyv\u00e4lt\u00e4 mustien kannakkeiden kanssa ja on loistava lis\u00e4 mihin tahansa p\u00f6yt\u00e4\u00e4n. Yl\u00e4kerroksen kiinnitysrei\u00e4t on jopa poistettu \u00e4lykk\u00e4\u00e4mm\u00e4n ja puhtaamman ilmeen saamiseksi.<\/p>\n<p>T\u00e4ss\u00e4 tuotteessa on k\u00e4ytetty uusia hiljaisempia tuulettimia tuulettimen melun pit\u00e4miseksi minimiss\u00e4, ja kotelo on suunniteltu pit\u00e4m\u00e4\u00e4n pi 4 -j\u00e4\u00e4hdytyselementit lis\u00e4\u00e4m\u00e4\u00e4n j\u00e4\u00e4hdytystehoa intensiivisimmiss\u00e4 projekteissa. Raspberry Pi on my\u00f6s nostettu 5 mm alla olevasta kerroksesta, jotta ilma p\u00e4\u00e4see virtaamaan laudan alapuolelle.<\/p>\n<p><a href=\"https:\/\/thepihut.com\/blogs\/raspberry-pi-tutorials\/cluster-case-assembly-instructions\">Kokoamisohjeet l\u00f6ytyv\u00e4t t\u00e4\u00e4lt\u00e4<\/a><\/p>\n<p><strong>Setti sis\u00e4lt\u00e4\u00e4:<\/strong><\/p>\n<ul>\n<li><strong>3x<\/strong>\u00a0laser-cut glass-effect Perspex layers (2 Raspberry Pi layers and a top cover layer)<\/li>\n<li><strong>2x<\/strong>\u00a05v\u00a0fans + fixings<\/li>\n<li>Spacers<\/li>\n<li>Fixings<\/li>\n<\/ul>\n<p><strong>Huomautus:<\/strong> T\u00e4m\u00e4 sarja ei sis\u00e4ll\u00e4 Raspberry Pi-boards.<\/p>\n","protected":false},"excerpt":{"rendered":"<p>Jos k\u00e4yt\u00e4t useita Raspberry Pi:it\u00e4 klusterina, kaivoskoneistona, palvelinfarmina tai miss\u00e4 tahansa muussa projektissa, joka k\u00e4ytt\u00e4\u00e4 useita Pi:it\u00e4, laajennettava Raspberry Pi Cluster -kotelomme on loistava tapa pinota, n\u00e4ytt\u00e4\u00e4 ja j\u00e4\u00e4hdytt\u00e4\u00e4 kokoonpanosi. <strong>Sopii my\u00f6s Pi 5:lle.<\/strong><\/p>\n","protected":false},"featured_media":222201,"comment_status":"open","ping_status":"closed","template":"","meta":[],"product_brand":[],"product_cat":[736],"product_tag":[719,718],"class_list":{"0":"post-222195","1":"product","2":"type-product","3":"status-publish","4":"has-post-thumbnail","6":"product_cat-raspberry-pi-kotelo","7":"product_tag-rpi4-fi","8":"product_tag-rpi5-fi","10":"first","11":"instock","12":"taxable","13":"shipping-taxable","14":"purchasable","15":"product-type-simple"},"composite_virtual":false,"composite_layout":"","composite_add_to_cart_form_location":"","composite_editable_in_cart":false,"composite_sold_individually_context":"","composite_shop_price_calc":"","composite_components":[],"composite_scenarios":[],"bundled_by":[],"bundle_stock_status":"instock","bundle_stock_quantity":30,"bundle_virtual":false,"bundle_layout":"","bundle_add_to_cart_form_location":"","bundle_editable_in_cart":false,"bundle_sold_individually_context":"","bundle_item_grouping":"","bundle_min_size":"","bundle_max_size":"","bundle_price":[],"bundled_items":[],"bundle_sell_ids":[],"yoast_head":"<!-- This site is optimized with the Yoast SEO plugin v27.1.1 - https:\/\/yoast.com\/product\/yoast-seo-wordpress\/ -->\n<title>Cluster Case Raspberry Pi - puhaltimille \u2022 RaspberryPi.dk<\/title>\n<meta name=\"robots\" content=\"index, follow, max-snippet:-1, max-image-preview:large, max-video-preview:-1\" \/>\n<link rel=\"canonical\" href=\"https:\/\/raspberrypi.dk\/fi\/tuote\/cluster-case-raspberry-pi-puhaltimille\/\" \/>\n<meta property=\"og:locale\" content=\"fi_FI\" \/>\n<meta property=\"og:type\" content=\"article\" \/>\n<meta property=\"og:title\" content=\"Cluster Case Raspberry Pi - puhaltimille \u2022 RaspberryPi.dk\" \/>\n<meta property=\"og:description\" content=\"Jos k\u00e4yt\u00e4t useita Raspberry Pi:it\u00e4 klusterina, kaivoskoneistona, palvelinfarmina tai miss\u00e4 tahansa muussa projektissa, joka k\u00e4ytt\u00e4\u00e4 useita Pi:it\u00e4, laajennettava Raspberry Pi Cluster -kotelomme on loistava tapa pinota, n\u00e4ytt\u00e4\u00e4 ja j\u00e4\u00e4hdytt\u00e4\u00e4 kokoonpanosi. Sopii my\u00f6s Pi 5:lle.\" \/>\n<meta property=\"og:url\" content=\"https:\/\/raspberrypi.dk\/fi\/tuote\/cluster-case-raspberry-pi-puhaltimille\/\" \/>\n<meta property=\"og:site_name\" content=\"RaspberryPi.dk\" \/>\n<meta property=\"article:publisher\" content=\"https:\/\/facebook.com\/RaspberryPiDanmark\" \/>\n<meta property=\"article:modified_time\" content=\"2025-09-15T08:56:40+00:00\" \/>\n<meta property=\"og:image\" content=\"https:\/\/raspberrypi.dk\/wp-content\/uploads\/2018\/03\/cluster-case-raspberry-pi-1.jpg\" \/>\n\t<meta property=\"og:image:width\" content=\"600\" \/>\n\t<meta property=\"og:image:height\" content=\"600\" \/>\n\t<meta property=\"og:image:type\" content=\"image\/jpeg\" \/>\n<meta name=\"twitter:card\" content=\"summary_large_image\" \/>\n<meta name=\"twitter:site\" content=\"@raspberrypidk\" \/>\n<meta name=\"twitter:label1\" content=\"Arvioitu lukuaika\" \/>\n\t<meta name=\"twitter:data1\" content=\"2 minuuttia\" \/>\n<script type=\"application\/ld+json\" class=\"yoast-schema-graph\">{\"@context\":\"https:\/\/schema.org\",\"@graph\":[{\"@type\":\"WebPage\",\"@id\":\"https:\/\/raspberrypi.dk\/fi\/tuote\/cluster-case-raspberry-pi-puhaltimille\/\",\"url\":\"https:\/\/raspberrypi.dk\/fi\/tuote\/cluster-case-raspberry-pi-puhaltimille\/\",\"name\":\"Cluster Case Raspberry Pi - puhaltimille \u2022 RaspberryPi.dk\",\"isPartOf\":{\"@id\":\"https:\/\/raspberrypi.dk\/fi\/#website\"},\"primaryImageOfPage\":{\"@id\":\"https:\/\/raspberrypi.dk\/fi\/tuote\/cluster-case-raspberry-pi-puhaltimille\/#primaryimage\"},\"image\":{\"@id\":\"https:\/\/raspberrypi.dk\/fi\/tuote\/cluster-case-raspberry-pi-puhaltimille\/#primaryimage\"},\"thumbnailUrl\":\"https:\/\/raspberrypi.dk\/wp-content\/uploads\/2018\/03\/cluster-case-raspberry-pi-1.jpg\",\"datePublished\":\"2018-03-01T14:43:31+00:00\",\"dateModified\":\"2025-09-15T08:56:40+00:00\",\"breadcrumb\":{\"@id\":\"https:\/\/raspberrypi.dk\/fi\/tuote\/cluster-case-raspberry-pi-puhaltimille\/#breadcrumb\"},\"inLanguage\":\"fi\",\"potentialAction\":[{\"@type\":\"ReadAction\",\"target\":[\"https:\/\/raspberrypi.dk\/fi\/tuote\/cluster-case-raspberry-pi-puhaltimille\/\"]}]},{\"@type\":\"ImageObject\",\"inLanguage\":\"fi\",\"@id\":\"https:\/\/raspberrypi.dk\/fi\/tuote\/cluster-case-raspberry-pi-puhaltimille\/#primaryimage\",\"url\":\"https:\/\/raspberrypi.dk\/wp-content\/uploads\/2018\/03\/cluster-case-raspberry-pi-1.jpg\",\"contentUrl\":\"https:\/\/raspberrypi.dk\/wp-content\/uploads\/2018\/03\/cluster-case-raspberry-pi-1.jpg\",\"width\":600,\"height\":600,\"caption\":\"cluster case raspberry pi\"},{\"@type\":\"BreadcrumbList\",\"@id\":\"https:\/\/raspberrypi.dk\/fi\/tuote\/cluster-case-raspberry-pi-puhaltimille\/#breadcrumb\",\"itemListElement\":[{\"@type\":\"ListItem\",\"position\":1,\"name\":\"Hjem\",\"item\":\"https:\/\/raspberrypi.dk\/fi\/raspberry-pi-verkkokauppa\/\"},{\"@type\":\"ListItem\",\"position\":2,\"name\":\"Shop\",\"item\":\"https:\/\/raspberrypi.dk\/fi\/shop-2\/\"},{\"@type\":\"ListItem\",\"position\":3,\"name\":\"Cluster Case Raspberry Pi &#8211; puhaltimille\"}]},{\"@type\":\"WebSite\",\"@id\":\"https:\/\/raspberrypi.dk\/fi\/#website\",\"url\":\"https:\/\/raspberrypi.dk\/fi\/\",\"name\":\"RaspberryPi.dk\",\"description\":\"Danmarks f\u00f8rende Raspberry Pi side!\",\"publisher\":{\"@id\":\"https:\/\/raspberrypi.dk\/fi\/#organization\"},\"potentialAction\":[{\"@type\":\"SearchAction\",\"target\":{\"@type\":\"EntryPoint\",\"urlTemplate\":\"https:\/\/raspberrypi.dk\/fi\/?s={search_term_string}\"},\"query-input\":{\"@type\":\"PropertyValueSpecification\",\"valueRequired\":true,\"valueName\":\"search_term_string\"}}],\"inLanguage\":\"fi\"},{\"@type\":\"Organization\",\"@id\":\"https:\/\/raspberrypi.dk\/fi\/#organization\",\"name\":\"RaspberryPi.dk\",\"url\":\"https:\/\/raspberrypi.dk\/fi\/\",\"logo\":{\"@type\":\"ImageObject\",\"inLanguage\":\"fi\",\"@id\":\"https:\/\/raspberrypi.dk\/fi\/#\/schema\/logo\/image\/\",\"url\":\"https:\/\/raspberrypi.dk\/wp-content\/uploads\/2017\/05\/RaspberryPidk_logo-2.png\",\"contentUrl\":\"https:\/\/raspberrypi.dk\/wp-content\/uploads\/2017\/05\/RaspberryPidk_logo-2.png\",\"width\":470,\"height\":110,\"caption\":\"RaspberryPi.dk\"},\"image\":{\"@id\":\"https:\/\/raspberrypi.dk\/fi\/#\/schema\/logo\/image\/\"},\"sameAs\":[\"https:\/\/facebook.com\/RaspberryPiDanmark\",\"https:\/\/x.com\/raspberrypidk\",\"https:\/\/instagram.com\/raspberrypi.dk\"]}]}<\/script>\n<!-- \/ Yoast SEO plugin. -->","yoast_head_json":{"title":"Cluster Case Raspberry Pi - puhaltimille \u2022 RaspberryPi.dk","robots":{"index":"index","follow":"follow","max-snippet":"max-snippet:-1","max-image-preview":"max-image-preview:large","max-video-preview":"max-video-preview:-1"},"canonical":"https:\/\/raspberrypi.dk\/fi\/tuote\/cluster-case-raspberry-pi-puhaltimille\/","og_locale":"fi_FI","og_type":"article","og_title":"Cluster Case Raspberry Pi - puhaltimille \u2022 RaspberryPi.dk","og_description":"Jos k\u00e4yt\u00e4t useita Raspberry Pi:it\u00e4 klusterina, kaivoskoneistona, palvelinfarmina tai miss\u00e4 tahansa muussa projektissa, joka k\u00e4ytt\u00e4\u00e4 useita Pi:it\u00e4, laajennettava Raspberry Pi Cluster -kotelomme on loistava tapa pinota, n\u00e4ytt\u00e4\u00e4 ja j\u00e4\u00e4hdytt\u00e4\u00e4 kokoonpanosi. Sopii my\u00f6s Pi 5:lle.","og_url":"https:\/\/raspberrypi.dk\/fi\/tuote\/cluster-case-raspberry-pi-puhaltimille\/","og_site_name":"RaspberryPi.dk","article_publisher":"https:\/\/facebook.com\/RaspberryPiDanmark","article_modified_time":"2025-09-15T08:56:40+00:00","og_image":[{"width":600,"height":600,"url":"https:\/\/raspberrypi.dk\/wp-content\/uploads\/2018\/03\/cluster-case-raspberry-pi-1.jpg","type":"image\/jpeg"}],"twitter_card":"summary_large_image","twitter_site":"@raspberrypidk","twitter_misc":{"Arvioitu lukuaika":"2 minuuttia"},"schema":{"@context":"https:\/\/schema.org","@graph":[{"@type":"WebPage","@id":"https:\/\/raspberrypi.dk\/fi\/tuote\/cluster-case-raspberry-pi-puhaltimille\/","url":"https:\/\/raspberrypi.dk\/fi\/tuote\/cluster-case-raspberry-pi-puhaltimille\/","name":"Cluster Case Raspberry Pi - puhaltimille \u2022 RaspberryPi.dk","isPartOf":{"@id":"https:\/\/raspberrypi.dk\/fi\/#website"},"primaryImageOfPage":{"@id":"https:\/\/raspberrypi.dk\/fi\/tuote\/cluster-case-raspberry-pi-puhaltimille\/#primaryimage"},"image":{"@id":"https:\/\/raspberrypi.dk\/fi\/tuote\/cluster-case-raspberry-pi-puhaltimille\/#primaryimage"},"thumbnailUrl":"https:\/\/raspberrypi.dk\/wp-content\/uploads\/2018\/03\/cluster-case-raspberry-pi-1.jpg","datePublished":"2018-03-01T14:43:31+00:00","dateModified":"2025-09-15T08:56:40+00:00","breadcrumb":{"@id":"https:\/\/raspberrypi.dk\/fi\/tuote\/cluster-case-raspberry-pi-puhaltimille\/#breadcrumb"},"inLanguage":"fi","potentialAction":[{"@type":"ReadAction","target":["https:\/\/raspberrypi.dk\/fi\/tuote\/cluster-case-raspberry-pi-puhaltimille\/"]}]},{"@type":"ImageObject","inLanguage":"fi","@id":"https:\/\/raspberrypi.dk\/fi\/tuote\/cluster-case-raspberry-pi-puhaltimille\/#primaryimage","url":"https:\/\/raspberrypi.dk\/wp-content\/uploads\/2018\/03\/cluster-case-raspberry-pi-1.jpg","contentUrl":"https:\/\/raspberrypi.dk\/wp-content\/uploads\/2018\/03\/cluster-case-raspberry-pi-1.jpg","width":600,"height":600,"caption":"cluster case raspberry pi"},{"@type":"BreadcrumbList","@id":"https:\/\/raspberrypi.dk\/fi\/tuote\/cluster-case-raspberry-pi-puhaltimille\/#breadcrumb","itemListElement":[{"@type":"ListItem","position":1,"name":"Hjem","item":"https:\/\/raspberrypi.dk\/fi\/raspberry-pi-verkkokauppa\/"},{"@type":"ListItem","position":2,"name":"Shop","item":"https:\/\/raspberrypi.dk\/fi\/shop-2\/"},{"@type":"ListItem","position":3,"name":"Cluster Case Raspberry Pi &#8211; puhaltimille"}]},{"@type":"WebSite","@id":"https:\/\/raspberrypi.dk\/fi\/#website","url":"https:\/\/raspberrypi.dk\/fi\/","name":"RaspberryPi.dk","description":"Danmarks f\u00f8rende Raspberry Pi side!","publisher":{"@id":"https:\/\/raspberrypi.dk\/fi\/#organization"},"potentialAction":[{"@type":"SearchAction","target":{"@type":"EntryPoint","urlTemplate":"https:\/\/raspberrypi.dk\/fi\/?s={search_term_string}"},"query-input":{"@type":"PropertyValueSpecification","valueRequired":true,"valueName":"search_term_string"}}],"inLanguage":"fi"},{"@type":"Organization","@id":"https:\/\/raspberrypi.dk\/fi\/#organization","name":"RaspberryPi.dk","url":"https:\/\/raspberrypi.dk\/fi\/","logo":{"@type":"ImageObject","inLanguage":"fi","@id":"https:\/\/raspberrypi.dk\/fi\/#\/schema\/logo\/image\/","url":"https:\/\/raspberrypi.dk\/wp-content\/uploads\/2017\/05\/RaspberryPidk_logo-2.png","contentUrl":"https:\/\/raspberrypi.dk\/wp-content\/uploads\/2017\/05\/RaspberryPidk_logo-2.png","width":470,"height":110,"caption":"RaspberryPi.dk"},"image":{"@id":"https:\/\/raspberrypi.dk\/fi\/#\/schema\/logo\/image\/"},"sameAs":["https:\/\/facebook.com\/RaspberryPiDanmark","https:\/\/x.com\/raspberrypidk","https:\/\/instagram.com\/raspberrypi.dk"]}]}},"_links":{"self":[{"href":"https:\/\/raspberrypi.dk\/fi\/wp-json\/wp\/v2\/product\/222195","targetHints":{"allow":["GET"]}}],"collection":[{"href":"https:\/\/raspberrypi.dk\/fi\/wp-json\/wp\/v2\/product"}],"about":[{"href":"https:\/\/raspberrypi.dk\/fi\/wp-json\/wp\/v2\/types\/product"}],"replies":[{"embeddable":true,"href":"https:\/\/raspberrypi.dk\/fi\/wp-json\/wp\/v2\/comments?post=222195"}],"wp:featuredmedia":[{"embeddable":true,"href":"https:\/\/raspberrypi.dk\/fi\/wp-json\/wp\/v2\/media\/222201"}],"wp:attachment":[{"href":"https:\/\/raspberrypi.dk\/fi\/wp-json\/wp\/v2\/media?parent=222195"}],"wp:term":[{"taxonomy":"product_brand","embeddable":true,"href":"https:\/\/raspberrypi.dk\/fi\/wp-json\/wp\/v2\/product_brand?post=222195"},{"taxonomy":"product_cat","embeddable":true,"href":"https:\/\/raspberrypi.dk\/fi\/wp-json\/wp\/v2\/product_cat?post=222195"},{"taxonomy":"product_tag","embeddable":true,"href":"https:\/\/raspberrypi.dk\/fi\/wp-json\/wp\/v2\/product_tag?post=222195"}],"curies":[{"name":"wp","href":"https:\/\/api.w.org\/{rel}","templated":true}]}}