{"id":222205,"date":"2017-10-10T10:38:14","date_gmt":"2017-10-10T08:38:14","guid":{"rendered":"https:\/\/raspberrypi.dk\/produkt\/poe-splitter-raspberry-pi-4lle\/"},"modified":"2025-12-15T15:05:28","modified_gmt":"2025-12-15T14:05:28","slug":"poe-splitter-raspberry-pi-4lle","status":"publish","type":"product","link":"https:\/\/raspberrypi.dk\/fi\/tuote\/poe-splitter-raspberry-pi-4lle\/","title":{"rendered":"PoE Splitter Raspberry Pi 4:lle"},"content":{"rendered":"<p>Tuotetta voidaan k\u00e4ytt\u00e4\u00e4 my\u00f6s muissa laitteissa, jotka saavat virtaa USB-C:n kautta.<\/p>\n<p><strong>Toiminnot<\/strong><\/p>\n<ul>\n<li>IEEE 802.3af -tuki<\/li>\n<li>Eristys: 2,5kV<\/li>\n<li>Sy\u00f6tt\u00f6j\u00e4nnite: DC48V<\/li>\n<li>L\u00e4ht\u00f6teho: DC5V 2,4A<\/li>\n<li>Tiedonl\u00e4ht\u00f6portti: RJ45 uros<\/li>\n<li>Tehon l\u00e4ht\u00f6portti: USB-C<\/li>\n<li>Tiedonsiirtonopeus: 1 Gbps<\/li>\n<li>Virtanasta: Tukee sek\u00e4 1\/2 (+\/-), 3\/6 (- \/ +) tai 4\/5 (+), 7\/8 (-)<\/li>\n<\/ul>\n<p><b>Pakkaus sis\u00e4lt\u00e4\u00e4:<br \/>\n<\/b>1 kpl. 48 V &#8211; 5 V Active PoE Splitter USB-C virtaliitin<\/p>\n","protected":false},"excerpt":{"rendered":"<p>\u00c4lyk\u00e4s pien<strong>i PoE-jakaja antaa virtaa Raspberry Pi:lle PoE<\/strong>\u00a0kautta. Jakaja jakaa PoE:n datayhteydeksi (RJ45-liitin) ja 2,4 A:n virtal\u00e4hteeksi (USB-C) Raspberry Pi -laitteeseesi. Voidaan liitt\u00e4\u00e4 48V (tai 52V) PoE-kytkimeen tai injektoriin.<\/p>\n","protected":false},"featured_media":218885,"comment_status":"open","ping_status":"closed","template":"","meta":[],"product_brand":[],"product_cat":[731,739],"product_tag":[719],"class_list":{"0":"post-222205","1":"product","2":"type-product","3":"status-publish","4":"has-post-thumbnail","6":"product_cat-raspberry-pi-virtalaehteet","7":"product_cat-kaapelit-ja-sovittimet","8":"product_tag-rpi4-fi","10":"first","11":"outofstock","12":"taxable","13":"shipping-taxable","14":"purchasable","15":"product-type-simple"},"composite_virtual":false,"composite_layout":"","composite_add_to_cart_form_location":"","composite_editable_in_cart":false,"composite_sold_individually_context":"","composite_shop_price_calc":"","composite_components":[],"composite_scenarios":[],"bundled_by":[],"bundle_stock_status":"outofstock","bundle_stock_quantity":0,"bundle_virtual":false,"bundle_layout":"","bundle_add_to_cart_form_location":"","bundle_editable_in_cart":false,"bundle_sold_individually_context":"","bundle_item_grouping":"","bundle_min_size":"","bundle_max_size":"","bundle_price":[],"bundled_items":[],"bundle_sell_ids":[],"yoast_head":"<!-- This site is optimized with the Yoast SEO plugin v27.1.1 - https:\/\/yoast.com\/product\/yoast-seo-wordpress\/ -->\n<title>PoE Splitter Raspberry Pi 4:lle \u2022 RaspberryPi.dk<\/title>\n<meta name=\"robots\" content=\"index, follow, max-snippet:-1, max-image-preview:large, max-video-preview:-1\" \/>\n<link rel=\"canonical\" href=\"https:\/\/raspberrypi.dk\/fi\/tuote\/poe-splitter-raspberry-pi-4lle\/\" \/>\n<meta property=\"og:locale\" content=\"fi_FI\" \/>\n<meta property=\"og:type\" content=\"article\" \/>\n<meta property=\"og:title\" content=\"PoE Splitter Raspberry Pi 4:lle \u2022 RaspberryPi.dk\" \/>\n<meta property=\"og:description\" content=\"\u00c4lyk\u00e4s pieni PoE-jakaja antaa virtaa Raspberry Pi:lle PoE\u00a0kautta. Jakaja jakaa PoE:n datayhteydeksi (RJ45-liitin) ja 2,4 A:n virtal\u00e4hteeksi (USB-C) Raspberry Pi -laitteeseesi. Voidaan liitt\u00e4\u00e4 48V (tai 52V) PoE-kytkimeen tai injektoriin.\" \/>\n<meta property=\"og:url\" content=\"https:\/\/raspberrypi.dk\/fi\/tuote\/poe-splitter-raspberry-pi-4lle\/\" \/>\n<meta property=\"og:site_name\" content=\"RaspberryPi.dk\" \/>\n<meta property=\"article:publisher\" content=\"https:\/\/facebook.com\/RaspberryPiDanmark\" \/>\n<meta property=\"article:modified_time\" content=\"2025-12-15T14:05:28+00:00\" \/>\n<meta property=\"og:image\" content=\"https:\/\/raspberrypi.dk\/wp-content\/uploads\/2017\/10\/poe_splitter_raspberry_pi.jpg\" \/>\n\t<meta property=\"og:image:width\" content=\"350\" \/>\n\t<meta property=\"og:image:height\" content=\"260\" \/>\n\t<meta property=\"og:image:type\" content=\"image\/jpeg\" \/>\n<meta name=\"twitter:card\" content=\"summary_large_image\" \/>\n<meta name=\"twitter:site\" content=\"@raspberrypidk\" \/>\n<meta name=\"twitter:label1\" content=\"Arvioitu lukuaika\" \/>\n\t<meta name=\"twitter:data1\" content=\"1 minuutti\" \/>\n<script type=\"application\/ld+json\" class=\"yoast-schema-graph\">{\"@context\":\"https:\/\/schema.org\",\"@graph\":[{\"@type\":\"WebPage\",\"@id\":\"https:\/\/raspberrypi.dk\/fi\/tuote\/poe-splitter-raspberry-pi-4lle\/\",\"url\":\"https:\/\/raspberrypi.dk\/fi\/tuote\/poe-splitter-raspberry-pi-4lle\/\",\"name\":\"PoE Splitter Raspberry Pi 4:lle \u2022 RaspberryPi.dk\",\"isPartOf\":{\"@id\":\"https:\/\/raspberrypi.dk\/fi\/#website\"},\"primaryImageOfPage\":{\"@id\":\"https:\/\/raspberrypi.dk\/fi\/tuote\/poe-splitter-raspberry-pi-4lle\/#primaryimage\"},\"image\":{\"@id\":\"https:\/\/raspberrypi.dk\/fi\/tuote\/poe-splitter-raspberry-pi-4lle\/#primaryimage\"},\"thumbnailUrl\":\"https:\/\/raspberrypi.dk\/wp-content\/uploads\/2017\/10\/poe_splitter_raspberry_pi.jpg\",\"datePublished\":\"2017-10-10T08:38:14+00:00\",\"dateModified\":\"2025-12-15T14:05:28+00:00\",\"breadcrumb\":{\"@id\":\"https:\/\/raspberrypi.dk\/fi\/tuote\/poe-splitter-raspberry-pi-4lle\/#breadcrumb\"},\"inLanguage\":\"fi\",\"potentialAction\":[{\"@type\":\"ReadAction\",\"target\":[\"https:\/\/raspberrypi.dk\/fi\/tuote\/poe-splitter-raspberry-pi-4lle\/\"]}]},{\"@type\":\"ImageObject\",\"inLanguage\":\"fi\",\"@id\":\"https:\/\/raspberrypi.dk\/fi\/tuote\/poe-splitter-raspberry-pi-4lle\/#primaryimage\",\"url\":\"https:\/\/raspberrypi.dk\/wp-content\/uploads\/2017\/10\/poe_splitter_raspberry_pi.jpg\",\"contentUrl\":\"https:\/\/raspberrypi.dk\/wp-content\/uploads\/2017\/10\/poe_splitter_raspberry_pi.jpg\",\"width\":350,\"height\":260,\"caption\":\"poe splitter raspberry pi\"},{\"@type\":\"BreadcrumbList\",\"@id\":\"https:\/\/raspberrypi.dk\/fi\/tuote\/poe-splitter-raspberry-pi-4lle\/#breadcrumb\",\"itemListElement\":[{\"@type\":\"ListItem\",\"position\":1,\"name\":\"Hjem\",\"item\":\"https:\/\/raspberrypi.dk\/fi\/raspberry-pi-verkkokauppa\/\"},{\"@type\":\"ListItem\",\"position\":2,\"name\":\"Shop\",\"item\":\"https:\/\/raspberrypi.dk\/fi\/shop-2\/\"},{\"@type\":\"ListItem\",\"position\":3,\"name\":\"PoE Splitter Raspberry Pi 4:lle\"}]},{\"@type\":\"WebSite\",\"@id\":\"https:\/\/raspberrypi.dk\/fi\/#website\",\"url\":\"https:\/\/raspberrypi.dk\/fi\/\",\"name\":\"RaspberryPi.dk\",\"description\":\"Danmarks f\u00f8rende Raspberry Pi side!\",\"publisher\":{\"@id\":\"https:\/\/raspberrypi.dk\/fi\/#organization\"},\"potentialAction\":[{\"@type\":\"SearchAction\",\"target\":{\"@type\":\"EntryPoint\",\"urlTemplate\":\"https:\/\/raspberrypi.dk\/fi\/?s={search_term_string}\"},\"query-input\":{\"@type\":\"PropertyValueSpecification\",\"valueRequired\":true,\"valueName\":\"search_term_string\"}}],\"inLanguage\":\"fi\"},{\"@type\":\"Organization\",\"@id\":\"https:\/\/raspberrypi.dk\/fi\/#organization\",\"name\":\"RaspberryPi.dk\",\"url\":\"https:\/\/raspberrypi.dk\/fi\/\",\"logo\":{\"@type\":\"ImageObject\",\"inLanguage\":\"fi\",\"@id\":\"https:\/\/raspberrypi.dk\/fi\/#\/schema\/logo\/image\/\",\"url\":\"https:\/\/raspberrypi.dk\/wp-content\/uploads\/2017\/05\/RaspberryPidk_logo-2.png\",\"contentUrl\":\"https:\/\/raspberrypi.dk\/wp-content\/uploads\/2017\/05\/RaspberryPidk_logo-2.png\",\"width\":470,\"height\":110,\"caption\":\"RaspberryPi.dk\"},\"image\":{\"@id\":\"https:\/\/raspberrypi.dk\/fi\/#\/schema\/logo\/image\/\"},\"sameAs\":[\"https:\/\/facebook.com\/RaspberryPiDanmark\",\"https:\/\/x.com\/raspberrypidk\",\"https:\/\/instagram.com\/raspberrypi.dk\"]}]}<\/script>\n<!-- \/ Yoast SEO plugin. -->","yoast_head_json":{"title":"PoE Splitter Raspberry Pi 4:lle \u2022 RaspberryPi.dk","robots":{"index":"index","follow":"follow","max-snippet":"max-snippet:-1","max-image-preview":"max-image-preview:large","max-video-preview":"max-video-preview:-1"},"canonical":"https:\/\/raspberrypi.dk\/fi\/tuote\/poe-splitter-raspberry-pi-4lle\/","og_locale":"fi_FI","og_type":"article","og_title":"PoE Splitter Raspberry Pi 4:lle \u2022 RaspberryPi.dk","og_description":"\u00c4lyk\u00e4s pieni PoE-jakaja antaa virtaa Raspberry Pi:lle PoE\u00a0kautta. Jakaja jakaa PoE:n datayhteydeksi (RJ45-liitin) ja 2,4 A:n virtal\u00e4hteeksi (USB-C) Raspberry Pi -laitteeseesi. Voidaan liitt\u00e4\u00e4 48V (tai 52V) PoE-kytkimeen tai injektoriin.","og_url":"https:\/\/raspberrypi.dk\/fi\/tuote\/poe-splitter-raspberry-pi-4lle\/","og_site_name":"RaspberryPi.dk","article_publisher":"https:\/\/facebook.com\/RaspberryPiDanmark","article_modified_time":"2025-12-15T14:05:28+00:00","og_image":[{"width":350,"height":260,"url":"https:\/\/raspberrypi.dk\/wp-content\/uploads\/2017\/10\/poe_splitter_raspberry_pi.jpg","type":"image\/jpeg"}],"twitter_card":"summary_large_image","twitter_site":"@raspberrypidk","twitter_misc":{"Arvioitu lukuaika":"1 minuutti"},"schema":{"@context":"https:\/\/schema.org","@graph":[{"@type":"WebPage","@id":"https:\/\/raspberrypi.dk\/fi\/tuote\/poe-splitter-raspberry-pi-4lle\/","url":"https:\/\/raspberrypi.dk\/fi\/tuote\/poe-splitter-raspberry-pi-4lle\/","name":"PoE Splitter Raspberry Pi 4:lle \u2022 RaspberryPi.dk","isPartOf":{"@id":"https:\/\/raspberrypi.dk\/fi\/#website"},"primaryImageOfPage":{"@id":"https:\/\/raspberrypi.dk\/fi\/tuote\/poe-splitter-raspberry-pi-4lle\/#primaryimage"},"image":{"@id":"https:\/\/raspberrypi.dk\/fi\/tuote\/poe-splitter-raspberry-pi-4lle\/#primaryimage"},"thumbnailUrl":"https:\/\/raspberrypi.dk\/wp-content\/uploads\/2017\/10\/poe_splitter_raspberry_pi.jpg","datePublished":"2017-10-10T08:38:14+00:00","dateModified":"2025-12-15T14:05:28+00:00","breadcrumb":{"@id":"https:\/\/raspberrypi.dk\/fi\/tuote\/poe-splitter-raspberry-pi-4lle\/#breadcrumb"},"inLanguage":"fi","potentialAction":[{"@type":"ReadAction","target":["https:\/\/raspberrypi.dk\/fi\/tuote\/poe-splitter-raspberry-pi-4lle\/"]}]},{"@type":"ImageObject","inLanguage":"fi","@id":"https:\/\/raspberrypi.dk\/fi\/tuote\/poe-splitter-raspberry-pi-4lle\/#primaryimage","url":"https:\/\/raspberrypi.dk\/wp-content\/uploads\/2017\/10\/poe_splitter_raspberry_pi.jpg","contentUrl":"https:\/\/raspberrypi.dk\/wp-content\/uploads\/2017\/10\/poe_splitter_raspberry_pi.jpg","width":350,"height":260,"caption":"poe splitter raspberry pi"},{"@type":"BreadcrumbList","@id":"https:\/\/raspberrypi.dk\/fi\/tuote\/poe-splitter-raspberry-pi-4lle\/#breadcrumb","itemListElement":[{"@type":"ListItem","position":1,"name":"Hjem","item":"https:\/\/raspberrypi.dk\/fi\/raspberry-pi-verkkokauppa\/"},{"@type":"ListItem","position":2,"name":"Shop","item":"https:\/\/raspberrypi.dk\/fi\/shop-2\/"},{"@type":"ListItem","position":3,"name":"PoE Splitter Raspberry Pi 4:lle"}]},{"@type":"WebSite","@id":"https:\/\/raspberrypi.dk\/fi\/#website","url":"https:\/\/raspberrypi.dk\/fi\/","name":"RaspberryPi.dk","description":"Danmarks f\u00f8rende Raspberry Pi side!","publisher":{"@id":"https:\/\/raspberrypi.dk\/fi\/#organization"},"potentialAction":[{"@type":"SearchAction","target":{"@type":"EntryPoint","urlTemplate":"https:\/\/raspberrypi.dk\/fi\/?s={search_term_string}"},"query-input":{"@type":"PropertyValueSpecification","valueRequired":true,"valueName":"search_term_string"}}],"inLanguage":"fi"},{"@type":"Organization","@id":"https:\/\/raspberrypi.dk\/fi\/#organization","name":"RaspberryPi.dk","url":"https:\/\/raspberrypi.dk\/fi\/","logo":{"@type":"ImageObject","inLanguage":"fi","@id":"https:\/\/raspberrypi.dk\/fi\/#\/schema\/logo\/image\/","url":"https:\/\/raspberrypi.dk\/wp-content\/uploads\/2017\/05\/RaspberryPidk_logo-2.png","contentUrl":"https:\/\/raspberrypi.dk\/wp-content\/uploads\/2017\/05\/RaspberryPidk_logo-2.png","width":470,"height":110,"caption":"RaspberryPi.dk"},"image":{"@id":"https:\/\/raspberrypi.dk\/fi\/#\/schema\/logo\/image\/"},"sameAs":["https:\/\/facebook.com\/RaspberryPiDanmark","https:\/\/x.com\/raspberrypidk","https:\/\/instagram.com\/raspberrypi.dk"]}]}},"_links":{"self":[{"href":"https:\/\/raspberrypi.dk\/fi\/wp-json\/wp\/v2\/product\/222205","targetHints":{"allow":["GET"]}}],"collection":[{"href":"https:\/\/raspberrypi.dk\/fi\/wp-json\/wp\/v2\/product"}],"about":[{"href":"https:\/\/raspberrypi.dk\/fi\/wp-json\/wp\/v2\/types\/product"}],"replies":[{"embeddable":true,"href":"https:\/\/raspberrypi.dk\/fi\/wp-json\/wp\/v2\/comments?post=222205"}],"wp:featuredmedia":[{"embeddable":true,"href":"https:\/\/raspberrypi.dk\/fi\/wp-json\/wp\/v2\/media\/218885"}],"wp:attachment":[{"href":"https:\/\/raspberrypi.dk\/fi\/wp-json\/wp\/v2\/media?parent=222205"}],"wp:term":[{"taxonomy":"product_brand","embeddable":true,"href":"https:\/\/raspberrypi.dk\/fi\/wp-json\/wp\/v2\/product_brand?post=222205"},{"taxonomy":"product_cat","embeddable":true,"href":"https:\/\/raspberrypi.dk\/fi\/wp-json\/wp\/v2\/product_cat?post=222205"},{"taxonomy":"product_tag","embeddable":true,"href":"https:\/\/raspberrypi.dk\/fi\/wp-json\/wp\/v2\/product_tag?post=222205"}],"curies":[{"name":"wp","href":"https:\/\/api.w.org\/{rel}","templated":true}]}}