{"id":222212,"date":"2017-09-30T12:29:47","date_gmt":"2017-09-30T10:29:47","guid":{"rendered":"https:\/\/raspberrypi.dk\/produkt\/pico-hat-hacker\/"},"modified":"2025-11-15T04:52:26","modified_gmt":"2025-11-15T03:52:26","slug":"pico-hat-hacker","status":"publish","type":"product","link":"https:\/\/raspberrypi.dk\/fi\/tuote\/pico-hat-hacker\/","title":{"rendered":"Pico HAT Hacker"},"content":{"rendered":"<p>Kaikissa nastoissa on selke\u00e4t tarrat, joiden toisella puolella on BCM-nastanumerointi ja toisella puolella kuvaavammat tarrat, jotka osoittavat, miss\u00e4 I2C-, UART-, SPI-, PWM- ja I2S-nastat ovat. Voit juottaa Pico HAT Hackerin molemmilla puolilla riippuen siit\u00e4, mik\u00e4 tarrasarja on mielest\u00e4si hy\u00f6dyllisin.<\/p>\n<p><strong>Toiminnot<\/strong><\/p>\n<ul>\n<li>BCM ja kuvaava nastamerkint\u00e4<\/li>\n<li>Asennusrei\u00e4t (M2,5)<\/li>\n<li>0,8 mm paksu PCB<\/li>\n<li>Yhteensopiva Raspberry Pi 3, 2, B+, A+, Zero ja Zero W kanssa<\/li>\n<\/ul>\n<p><strong>Huomautuksia<\/strong><\/p>\n<ul>\n<li>Tarvitset ylim\u00e4\u00e4r\u00e4isen 40-nastaisen urosotsikon juottaaksesi Pico HAT Hackerin.<\/li>\n<li>Varo juotetta, kun juotat Pico HAT Hackerin Pi:hen, muuten juotos vie liikaa tilaa HAT:ien\/pHAT:ien asettamiseen p\u00e4\u00e4lle.<\/li>\n<li>Mitat: 65x19x0,8mm (PxLxK)<\/li>\n<\/ul>\n","protected":false},"excerpt":{"rendered":"<p><strong>Pico HAT Hacker <\/strong>antaa sinulle t\u00e4yden p\u00e4\u00e4syn kaikkiin 40 Pi:n nastaihin pienill\u00e4 tarroilla &#8211; sek\u00e4 nastat kahdesta paikasta.<\/p>\n<p>Se on eritt\u00e4in ohut 0,8 mm:n piirilevy, joten voit juottaa sen suoraan Pi:n GPIO-nastoihin ja silti siin\u00e4 on tarpeeksi korkeutta tavallisessa otsikossa PHAT- tai pHAT-levyn sijoittamiseksi p\u00e4\u00e4lle.<\/p>\n","protected":false},"featured_media":222213,"comment_status":"open","ping_status":"closed","template":"","meta":[],"product_brand":[],"product_cat":[732],"product_tag":[719,718],"class_list":{"0":"post-222212","1":"product","2":"type-product","3":"status-publish","4":"has-post-thumbnail","6":"product_cat-hats-gpio","7":"product_tag-rpi4-fi","8":"product_tag-rpi5-fi","10":"first","11":"outofstock","12":"taxable","13":"shipping-taxable","14":"purchasable","15":"product-type-simple"},"composite_virtual":false,"composite_layout":"","composite_add_to_cart_form_location":"","composite_editable_in_cart":false,"composite_sold_individually_context":"","composite_shop_price_calc":"","composite_components":[],"composite_scenarios":[],"bundled_by":[],"bundle_stock_status":"outofstock","bundle_stock_quantity":0,"bundle_virtual":false,"bundle_layout":"","bundle_add_to_cart_form_location":"","bundle_editable_in_cart":false,"bundle_sold_individually_context":"","bundle_item_grouping":"","bundle_min_size":"","bundle_max_size":"","bundle_price":[],"bundled_items":[],"bundle_sell_ids":[],"yoast_head":"<!-- This site is optimized with the Yoast SEO plugin v27.1.1 - https:\/\/yoast.com\/product\/yoast-seo-wordpress\/ -->\n<title>Pico HAT Hacker \u2022 RaspberryPi.dk<\/title>\n<meta name=\"robots\" content=\"index, follow, max-snippet:-1, max-image-preview:large, max-video-preview:-1\" \/>\n<link rel=\"canonical\" href=\"https:\/\/raspberrypi.dk\/fi\/tuote\/pico-hat-hacker\/\" \/>\n<meta property=\"og:locale\" content=\"fi_FI\" \/>\n<meta property=\"og:type\" content=\"article\" \/>\n<meta property=\"og:title\" content=\"Pico HAT Hacker \u2022 RaspberryPi.dk\" \/>\n<meta property=\"og:description\" content=\"Pico HAT Hacker antaa sinulle t\u00e4yden p\u00e4\u00e4syn kaikkiin 40 Pi:n nastaihin pienill\u00e4 tarroilla - sek\u00e4 nastat kahdesta paikasta.  Se on eritt\u00e4in ohut 0,8 mm:n piirilevy, joten voit juottaa sen suoraan Pi:n GPIO-nastoihin ja silti siin\u00e4 on tarpeeksi korkeutta tavallisessa otsikossa PHAT- tai pHAT-levyn sijoittamiseksi p\u00e4\u00e4lle.\" \/>\n<meta property=\"og:url\" content=\"https:\/\/raspberrypi.dk\/fi\/tuote\/pico-hat-hacker\/\" \/>\n<meta property=\"og:site_name\" content=\"RaspberryPi.dk\" \/>\n<meta property=\"article:publisher\" content=\"https:\/\/facebook.com\/RaspberryPiDanmark\" \/>\n<meta property=\"article:modified_time\" content=\"2025-11-15T03:52:26+00:00\" \/>\n<meta property=\"og:image\" content=\"https:\/\/raspberrypi.dk\/wp-content\/uploads\/2017\/09\/Pico_HAT_Hacker.jpg\" \/>\n\t<meta property=\"og:image:width\" content=\"1024\" \/>\n\t<meta property=\"og:image:height\" content=\"1024\" \/>\n\t<meta property=\"og:image:type\" content=\"image\/jpeg\" \/>\n<meta name=\"twitter:card\" content=\"summary_large_image\" \/>\n<meta name=\"twitter:site\" content=\"@raspberrypidk\" \/>\n<meta name=\"twitter:label1\" content=\"Arvioitu lukuaika\" \/>\n\t<meta name=\"twitter:data1\" content=\"1 minuutti\" \/>\n<script type=\"application\/ld+json\" class=\"yoast-schema-graph\">{\"@context\":\"https:\/\/schema.org\",\"@graph\":[{\"@type\":\"WebPage\",\"@id\":\"https:\/\/raspberrypi.dk\/fi\/tuote\/pico-hat-hacker\/\",\"url\":\"https:\/\/raspberrypi.dk\/fi\/tuote\/pico-hat-hacker\/\",\"name\":\"Pico HAT Hacker \u2022 RaspberryPi.dk\",\"isPartOf\":{\"@id\":\"https:\/\/raspberrypi.dk\/fi\/#website\"},\"primaryImageOfPage\":{\"@id\":\"https:\/\/raspberrypi.dk\/fi\/tuote\/pico-hat-hacker\/#primaryimage\"},\"image\":{\"@id\":\"https:\/\/raspberrypi.dk\/fi\/tuote\/pico-hat-hacker\/#primaryimage\"},\"thumbnailUrl\":\"https:\/\/raspberrypi.dk\/wp-content\/uploads\/2017\/09\/Pico_HAT_Hacker.jpg\",\"datePublished\":\"2017-09-30T10:29:47+00:00\",\"dateModified\":\"2025-11-15T03:52:26+00:00\",\"breadcrumb\":{\"@id\":\"https:\/\/raspberrypi.dk\/fi\/tuote\/pico-hat-hacker\/#breadcrumb\"},\"inLanguage\":\"fi\",\"potentialAction\":[{\"@type\":\"ReadAction\",\"target\":[\"https:\/\/raspberrypi.dk\/fi\/tuote\/pico-hat-hacker\/\"]}]},{\"@type\":\"ImageObject\",\"inLanguage\":\"fi\",\"@id\":\"https:\/\/raspberrypi.dk\/fi\/tuote\/pico-hat-hacker\/#primaryimage\",\"url\":\"https:\/\/raspberrypi.dk\/wp-content\/uploads\/2017\/09\/Pico_HAT_Hacker.jpg\",\"contentUrl\":\"https:\/\/raspberrypi.dk\/wp-content\/uploads\/2017\/09\/Pico_HAT_Hacker.jpg\",\"width\":1024,\"height\":1024,\"caption\":\"pico hat hacker\"},{\"@type\":\"BreadcrumbList\",\"@id\":\"https:\/\/raspberrypi.dk\/fi\/tuote\/pico-hat-hacker\/#breadcrumb\",\"itemListElement\":[{\"@type\":\"ListItem\",\"position\":1,\"name\":\"Hjem\",\"item\":\"https:\/\/raspberrypi.dk\/fi\/raspberry-pi-verkkokauppa\/\"},{\"@type\":\"ListItem\",\"position\":2,\"name\":\"Shop\",\"item\":\"https:\/\/raspberrypi.dk\/fi\/shop-2\/\"},{\"@type\":\"ListItem\",\"position\":3,\"name\":\"Pico HAT Hacker\"}]},{\"@type\":\"WebSite\",\"@id\":\"https:\/\/raspberrypi.dk\/fi\/#website\",\"url\":\"https:\/\/raspberrypi.dk\/fi\/\",\"name\":\"RaspberryPi.dk\",\"description\":\"Danmarks f\u00f8rende Raspberry Pi side!\",\"publisher\":{\"@id\":\"https:\/\/raspberrypi.dk\/fi\/#organization\"},\"potentialAction\":[{\"@type\":\"SearchAction\",\"target\":{\"@type\":\"EntryPoint\",\"urlTemplate\":\"https:\/\/raspberrypi.dk\/fi\/?s={search_term_string}\"},\"query-input\":{\"@type\":\"PropertyValueSpecification\",\"valueRequired\":true,\"valueName\":\"search_term_string\"}}],\"inLanguage\":\"fi\"},{\"@type\":\"Organization\",\"@id\":\"https:\/\/raspberrypi.dk\/fi\/#organization\",\"name\":\"RaspberryPi.dk\",\"url\":\"https:\/\/raspberrypi.dk\/fi\/\",\"logo\":{\"@type\":\"ImageObject\",\"inLanguage\":\"fi\",\"@id\":\"https:\/\/raspberrypi.dk\/fi\/#\/schema\/logo\/image\/\",\"url\":\"https:\/\/raspberrypi.dk\/wp-content\/uploads\/2017\/05\/RaspberryPidk_logo-2.png\",\"contentUrl\":\"https:\/\/raspberrypi.dk\/wp-content\/uploads\/2017\/05\/RaspberryPidk_logo-2.png\",\"width\":470,\"height\":110,\"caption\":\"RaspberryPi.dk\"},\"image\":{\"@id\":\"https:\/\/raspberrypi.dk\/fi\/#\/schema\/logo\/image\/\"},\"sameAs\":[\"https:\/\/facebook.com\/RaspberryPiDanmark\",\"https:\/\/x.com\/raspberrypidk\",\"https:\/\/instagram.com\/raspberrypi.dk\"]}]}<\/script>\n<!-- \/ Yoast SEO plugin. -->","yoast_head_json":{"title":"Pico HAT Hacker \u2022 RaspberryPi.dk","robots":{"index":"index","follow":"follow","max-snippet":"max-snippet:-1","max-image-preview":"max-image-preview:large","max-video-preview":"max-video-preview:-1"},"canonical":"https:\/\/raspberrypi.dk\/fi\/tuote\/pico-hat-hacker\/","og_locale":"fi_FI","og_type":"article","og_title":"Pico HAT Hacker \u2022 RaspberryPi.dk","og_description":"Pico HAT Hacker antaa sinulle t\u00e4yden p\u00e4\u00e4syn kaikkiin 40 Pi:n nastaihin pienill\u00e4 tarroilla - sek\u00e4 nastat kahdesta paikasta.  Se on eritt\u00e4in ohut 0,8 mm:n piirilevy, joten voit juottaa sen suoraan Pi:n GPIO-nastoihin ja silti siin\u00e4 on tarpeeksi korkeutta tavallisessa otsikossa PHAT- tai pHAT-levyn sijoittamiseksi p\u00e4\u00e4lle.","og_url":"https:\/\/raspberrypi.dk\/fi\/tuote\/pico-hat-hacker\/","og_site_name":"RaspberryPi.dk","article_publisher":"https:\/\/facebook.com\/RaspberryPiDanmark","article_modified_time":"2025-11-15T03:52:26+00:00","og_image":[{"width":1024,"height":1024,"url":"https:\/\/raspberrypi.dk\/wp-content\/uploads\/2017\/09\/Pico_HAT_Hacker.jpg","type":"image\/jpeg"}],"twitter_card":"summary_large_image","twitter_site":"@raspberrypidk","twitter_misc":{"Arvioitu lukuaika":"1 minuutti"},"schema":{"@context":"https:\/\/schema.org","@graph":[{"@type":"WebPage","@id":"https:\/\/raspberrypi.dk\/fi\/tuote\/pico-hat-hacker\/","url":"https:\/\/raspberrypi.dk\/fi\/tuote\/pico-hat-hacker\/","name":"Pico HAT Hacker \u2022 RaspberryPi.dk","isPartOf":{"@id":"https:\/\/raspberrypi.dk\/fi\/#website"},"primaryImageOfPage":{"@id":"https:\/\/raspberrypi.dk\/fi\/tuote\/pico-hat-hacker\/#primaryimage"},"image":{"@id":"https:\/\/raspberrypi.dk\/fi\/tuote\/pico-hat-hacker\/#primaryimage"},"thumbnailUrl":"https:\/\/raspberrypi.dk\/wp-content\/uploads\/2017\/09\/Pico_HAT_Hacker.jpg","datePublished":"2017-09-30T10:29:47+00:00","dateModified":"2025-11-15T03:52:26+00:00","breadcrumb":{"@id":"https:\/\/raspberrypi.dk\/fi\/tuote\/pico-hat-hacker\/#breadcrumb"},"inLanguage":"fi","potentialAction":[{"@type":"ReadAction","target":["https:\/\/raspberrypi.dk\/fi\/tuote\/pico-hat-hacker\/"]}]},{"@type":"ImageObject","inLanguage":"fi","@id":"https:\/\/raspberrypi.dk\/fi\/tuote\/pico-hat-hacker\/#primaryimage","url":"https:\/\/raspberrypi.dk\/wp-content\/uploads\/2017\/09\/Pico_HAT_Hacker.jpg","contentUrl":"https:\/\/raspberrypi.dk\/wp-content\/uploads\/2017\/09\/Pico_HAT_Hacker.jpg","width":1024,"height":1024,"caption":"pico hat hacker"},{"@type":"BreadcrumbList","@id":"https:\/\/raspberrypi.dk\/fi\/tuote\/pico-hat-hacker\/#breadcrumb","itemListElement":[{"@type":"ListItem","position":1,"name":"Hjem","item":"https:\/\/raspberrypi.dk\/fi\/raspberry-pi-verkkokauppa\/"},{"@type":"ListItem","position":2,"name":"Shop","item":"https:\/\/raspberrypi.dk\/fi\/shop-2\/"},{"@type":"ListItem","position":3,"name":"Pico HAT Hacker"}]},{"@type":"WebSite","@id":"https:\/\/raspberrypi.dk\/fi\/#website","url":"https:\/\/raspberrypi.dk\/fi\/","name":"RaspberryPi.dk","description":"Danmarks f\u00f8rende Raspberry Pi side!","publisher":{"@id":"https:\/\/raspberrypi.dk\/fi\/#organization"},"potentialAction":[{"@type":"SearchAction","target":{"@type":"EntryPoint","urlTemplate":"https:\/\/raspberrypi.dk\/fi\/?s={search_term_string}"},"query-input":{"@type":"PropertyValueSpecification","valueRequired":true,"valueName":"search_term_string"}}],"inLanguage":"fi"},{"@type":"Organization","@id":"https:\/\/raspberrypi.dk\/fi\/#organization","name":"RaspberryPi.dk","url":"https:\/\/raspberrypi.dk\/fi\/","logo":{"@type":"ImageObject","inLanguage":"fi","@id":"https:\/\/raspberrypi.dk\/fi\/#\/schema\/logo\/image\/","url":"https:\/\/raspberrypi.dk\/wp-content\/uploads\/2017\/05\/RaspberryPidk_logo-2.png","contentUrl":"https:\/\/raspberrypi.dk\/wp-content\/uploads\/2017\/05\/RaspberryPidk_logo-2.png","width":470,"height":110,"caption":"RaspberryPi.dk"},"image":{"@id":"https:\/\/raspberrypi.dk\/fi\/#\/schema\/logo\/image\/"},"sameAs":["https:\/\/facebook.com\/RaspberryPiDanmark","https:\/\/x.com\/raspberrypidk","https:\/\/instagram.com\/raspberrypi.dk"]}]}},"_links":{"self":[{"href":"https:\/\/raspberrypi.dk\/fi\/wp-json\/wp\/v2\/product\/222212","targetHints":{"allow":["GET"]}}],"collection":[{"href":"https:\/\/raspberrypi.dk\/fi\/wp-json\/wp\/v2\/product"}],"about":[{"href":"https:\/\/raspberrypi.dk\/fi\/wp-json\/wp\/v2\/types\/product"}],"replies":[{"embeddable":true,"href":"https:\/\/raspberrypi.dk\/fi\/wp-json\/wp\/v2\/comments?post=222212"}],"wp:featuredmedia":[{"embeddable":true,"href":"https:\/\/raspberrypi.dk\/fi\/wp-json\/wp\/v2\/media\/222213"}],"wp:attachment":[{"href":"https:\/\/raspberrypi.dk\/fi\/wp-json\/wp\/v2\/media?parent=222212"}],"wp:term":[{"taxonomy":"product_brand","embeddable":true,"href":"https:\/\/raspberrypi.dk\/fi\/wp-json\/wp\/v2\/product_brand?post=222212"},{"taxonomy":"product_cat","embeddable":true,"href":"https:\/\/raspberrypi.dk\/fi\/wp-json\/wp\/v2\/product_cat?post=222212"},{"taxonomy":"product_tag","embeddable":true,"href":"https:\/\/raspberrypi.dk\/fi\/wp-json\/wp\/v2\/product_tag?post=222212"}],"curies":[{"name":"wp","href":"https:\/\/api.w.org\/{rel}","templated":true}]}}