{"id":222219,"date":"2017-09-24T01:07:02","date_gmt":"2017-09-23T23:07:02","guid":{"rendered":"https:\/\/raspberrypi.dk\/produkt\/flirc-raspberry-pi-3-heatsink-case\/"},"modified":"2024-04-15T17:26:07","modified_gmt":"2024-04-15T15:26:07","slug":"flirc-raspberry-pi-3-heatsink-case","status":"publish","type":"product","link":"https:\/\/raspberrypi.dk\/fi\/tuote\/flirc-raspberry-pi-3-heatsink-case\/","title":{"rendered":"Flirc Raspberry Pi 3 Heatsink Case"},"content":{"rendered":"<p>T\u00e4m\u00e4 on ensimm\u00e4inen edullinen alumiininen Raspberry Pi heatsink. Varmistetaan, ett\u00e4 muotoa ei uhrata toimivuuden vuoksi, joten kotelo on valmistettu sis\u00e4\u00e4nrakennetuilla j\u00e4\u00e4hdytyselementeill\u00e4. Mukana tulee l\u00e4mp\u00f6tyyny j\u00e4\u00e4hdytyslevyille ja 4 ruuvia markkinoiden yksinkertaisimpaan Raspberry Pi -kotelokokoonpanoon. Raspberry Pi:n asentaminen upeaan uuteen j\u00e4\u00e4hdytyskoteloon kest\u00e4\u00e4 vain sekunteja.<\/p>\n<p>Mukana on kumijalat nostamaan kaappia niin, ett\u00e4 se kelluu television alla. Sis\u00e4\u00e4nrakennetun j\u00e4\u00e4hdytyslevyn lis\u00e4ksi pienet tuuletusraot alaosassa auttavat pit\u00e4m\u00e4\u00e4n Raspberry Pin viile\u00e4n\u00e4. GPIO-nastoihin p\u00e4\u00e4see k\u00e4siksi kotelon pohjassa olevasta paikasta ja SD-korttiin p\u00e4\u00e4see k\u00e4siksi koteloa purkamatta. Tulet rakastamaan t\u00e4m\u00e4n kotelon herkullisia yksityiskohtia.<\/p>\n<p><strong>Ominaisuette<\/strong>:<\/p>\n<ul>\n<li>Tukee Raspberry Pi B+ \/ 2 B \/ 3 B \/ 3 B+<\/li>\n<li>Kijstellslevyt heatsinks<\/li>\n<li>Raspberry Pi 3 LED-valo<\/li>\n<li>Helppo koota: Aseta l\u00e4mp\u00f6t\u00f8y Pi:n p\u00e4ll\u00e4, aseta Pi koteloon ja ruuvaa kotelon pohja kisi!<\/li>\n<li>SD-kortti saatavilla<\/li>\n<li>Sis\u00e4lt\u00e4\u00e4 l\u00e4mp\u00f6tyynyn ja kumijalatin<\/li>\n<\/ul>\n","protected":false},"excerpt":{"rendered":"<p><strong>Flirc Raspberry Pi case<\/strong> ole vain sis\u00e4\u00e4nrakennettu passiivinen j\u00e4\u00e4hdytys Pi:llesi heatsink\u00a0muodossa, vaan se on my\u00f6s todella mukava! Se on valmistettu kauniista alumiinista kahden mustan, pehme\u00e4n kuoren v\u00e4liss\u00e4, jotka tuntuvat hyv\u00e4lt\u00e4 k\u00e4siss\u00e4si.<\/p>\n<p>Kotelo, joka on liian kaunis piilotettavaksi.<\/p>\n<p><strong>HUOMIO! T\u00e4m\u00e4 on uusin versio l\u00e4mp\u00f6tyynyll\u00e4 sek\u00e4 Pi 3:lle ett\u00e4 Pi 3 B+:lle.<\/strong><\/p>\n","protected":false},"featured_media":222220,"comment_status":"open","ping_status":"closed","template":"","meta":[],"product_brand":[],"product_cat":[736],"product_tag":[],"class_list":{"0":"post-222219","1":"product","2":"type-product","3":"status-publish","4":"has-post-thumbnail","6":"product_cat-raspberry-pi-kotelo","8":"first","9":"outofstock","10":"taxable","11":"shipping-taxable","12":"purchasable","13":"product-type-simple"},"composite_virtual":false,"composite_layout":"","composite_add_to_cart_form_location":"","composite_editable_in_cart":false,"composite_sold_individually_context":"","composite_shop_price_calc":"","composite_components":[],"composite_scenarios":[],"bundled_by":[],"bundle_stock_status":"outofstock","bundle_stock_quantity":0,"bundle_virtual":false,"bundle_layout":"","bundle_add_to_cart_form_location":"","bundle_editable_in_cart":false,"bundle_sold_individually_context":"","bundle_item_grouping":"","bundle_min_size":"","bundle_max_size":"","bundle_price":[],"bundled_items":[],"bundle_sell_ids":[],"yoast_head":"<!-- This site is optimized with the Yoast SEO plugin v27.1.1 - https:\/\/yoast.com\/product\/yoast-seo-wordpress\/ -->\n<title>Flirc Raspberry Pi 3 Heatsink Case \u2022 RaspberryPi.dk<\/title>\n<meta name=\"robots\" content=\"index, follow, max-snippet:-1, max-image-preview:large, max-video-preview:-1\" \/>\n<link rel=\"canonical\" href=\"https:\/\/raspberrypi.dk\/fi\/tuote\/flirc-raspberry-pi-3-heatsink-case\/\" \/>\n<meta property=\"og:locale\" content=\"fi_FI\" \/>\n<meta property=\"og:type\" content=\"article\" \/>\n<meta property=\"og:title\" content=\"Flirc Raspberry Pi 3 Heatsink Case \u2022 RaspberryPi.dk\" \/>\n<meta property=\"og:description\" content=\"Flirc Raspberry Pi case ole vain sis\u00e4\u00e4nrakennettu passiivinen j\u00e4\u00e4hdytys Pi:llesi heatsink\u00a0muodossa, vaan se on my\u00f6s todella mukava! Se on valmistettu kauniista alumiinista kahden mustan, pehme\u00e4n kuoren v\u00e4liss\u00e4, jotka tuntuvat hyv\u00e4lt\u00e4 k\u00e4siss\u00e4si.  Kotelo, joka on liian kaunis piilotettavaksi.  HUOMIO! T\u00e4m\u00e4 on uusin versio l\u00e4mp\u00f6tyynyll\u00e4 sek\u00e4 Pi 3:lle ett\u00e4 Pi 3 B+:lle.\" \/>\n<meta property=\"og:url\" content=\"https:\/\/raspberrypi.dk\/fi\/tuote\/flirc-raspberry-pi-3-heatsink-case\/\" \/>\n<meta property=\"og:site_name\" content=\"RaspberryPi.dk\" \/>\n<meta property=\"article:publisher\" content=\"https:\/\/facebook.com\/RaspberryPiDanmark\" \/>\n<meta property=\"article:modified_time\" content=\"2024-04-15T15:26:07+00:00\" \/>\n<meta property=\"og:image\" content=\"https:\/\/raspberrypi.dk\/wp-content\/uploads\/2017\/09\/flirc-pi3-case.jpg\" \/>\n\t<meta property=\"og:image:width\" content=\"1024\" \/>\n\t<meta property=\"og:image:height\" content=\"364\" \/>\n\t<meta property=\"og:image:type\" content=\"image\/jpeg\" \/>\n<meta name=\"twitter:card\" content=\"summary_large_image\" \/>\n<meta name=\"twitter:site\" content=\"@raspberrypidk\" \/>\n<meta name=\"twitter:label1\" content=\"Arvioitu lukuaika\" \/>\n\t<meta name=\"twitter:data1\" content=\"1 minuutti\" \/>\n<script type=\"application\/ld+json\" class=\"yoast-schema-graph\">{\"@context\":\"https:\/\/schema.org\",\"@graph\":[{\"@type\":\"WebPage\",\"@id\":\"https:\/\/raspberrypi.dk\/fi\/tuote\/flirc-raspberry-pi-3-heatsink-case\/\",\"url\":\"https:\/\/raspberrypi.dk\/fi\/tuote\/flirc-raspberry-pi-3-heatsink-case\/\",\"name\":\"Flirc Raspberry Pi 3 Heatsink Case \u2022 RaspberryPi.dk\",\"isPartOf\":{\"@id\":\"https:\/\/raspberrypi.dk\/fi\/#website\"},\"primaryImageOfPage\":{\"@id\":\"https:\/\/raspberrypi.dk\/fi\/tuote\/flirc-raspberry-pi-3-heatsink-case\/#primaryimage\"},\"image\":{\"@id\":\"https:\/\/raspberrypi.dk\/fi\/tuote\/flirc-raspberry-pi-3-heatsink-case\/#primaryimage\"},\"thumbnailUrl\":\"https:\/\/raspberrypi.dk\/wp-content\/uploads\/2017\/09\/flirc-pi3-case.jpg\",\"datePublished\":\"2017-09-23T23:07:02+00:00\",\"dateModified\":\"2024-04-15T15:26:07+00:00\",\"breadcrumb\":{\"@id\":\"https:\/\/raspberrypi.dk\/fi\/tuote\/flirc-raspberry-pi-3-heatsink-case\/#breadcrumb\"},\"inLanguage\":\"fi\",\"potentialAction\":[{\"@type\":\"ReadAction\",\"target\":[\"https:\/\/raspberrypi.dk\/fi\/tuote\/flirc-raspberry-pi-3-heatsink-case\/\"]}]},{\"@type\":\"ImageObject\",\"inLanguage\":\"fi\",\"@id\":\"https:\/\/raspberrypi.dk\/fi\/tuote\/flirc-raspberry-pi-3-heatsink-case\/#primaryimage\",\"url\":\"https:\/\/raspberrypi.dk\/wp-content\/uploads\/2017\/09\/flirc-pi3-case.jpg\",\"contentUrl\":\"https:\/\/raspberrypi.dk\/wp-content\/uploads\/2017\/09\/flirc-pi3-case.jpg\",\"width\":1024,\"height\":364,\"caption\":\"flirc case raspberry pi 3\"},{\"@type\":\"BreadcrumbList\",\"@id\":\"https:\/\/raspberrypi.dk\/fi\/tuote\/flirc-raspberry-pi-3-heatsink-case\/#breadcrumb\",\"itemListElement\":[{\"@type\":\"ListItem\",\"position\":1,\"name\":\"Hjem\",\"item\":\"https:\/\/raspberrypi.dk\/fi\/raspberry-pi-verkkokauppa\/\"},{\"@type\":\"ListItem\",\"position\":2,\"name\":\"Shop\",\"item\":\"https:\/\/raspberrypi.dk\/fi\/shop-2\/\"},{\"@type\":\"ListItem\",\"position\":3,\"name\":\"Flirc Raspberry Pi 3 Heatsink Case\"}]},{\"@type\":\"WebSite\",\"@id\":\"https:\/\/raspberrypi.dk\/fi\/#website\",\"url\":\"https:\/\/raspberrypi.dk\/fi\/\",\"name\":\"RaspberryPi.dk\",\"description\":\"Danmarks f\u00f8rende Raspberry Pi side!\",\"publisher\":{\"@id\":\"https:\/\/raspberrypi.dk\/fi\/#organization\"},\"potentialAction\":[{\"@type\":\"SearchAction\",\"target\":{\"@type\":\"EntryPoint\",\"urlTemplate\":\"https:\/\/raspberrypi.dk\/fi\/?s={search_term_string}\"},\"query-input\":{\"@type\":\"PropertyValueSpecification\",\"valueRequired\":true,\"valueName\":\"search_term_string\"}}],\"inLanguage\":\"fi\"},{\"@type\":\"Organization\",\"@id\":\"https:\/\/raspberrypi.dk\/fi\/#organization\",\"name\":\"RaspberryPi.dk\",\"url\":\"https:\/\/raspberrypi.dk\/fi\/\",\"logo\":{\"@type\":\"ImageObject\",\"inLanguage\":\"fi\",\"@id\":\"https:\/\/raspberrypi.dk\/fi\/#\/schema\/logo\/image\/\",\"url\":\"https:\/\/raspberrypi.dk\/wp-content\/uploads\/2017\/05\/RaspberryPidk_logo-2.png\",\"contentUrl\":\"https:\/\/raspberrypi.dk\/wp-content\/uploads\/2017\/05\/RaspberryPidk_logo-2.png\",\"width\":470,\"height\":110,\"caption\":\"RaspberryPi.dk\"},\"image\":{\"@id\":\"https:\/\/raspberrypi.dk\/fi\/#\/schema\/logo\/image\/\"},\"sameAs\":[\"https:\/\/facebook.com\/RaspberryPiDanmark\",\"https:\/\/x.com\/raspberrypidk\",\"https:\/\/instagram.com\/raspberrypi.dk\"]}]}<\/script>\n<!-- \/ Yoast SEO plugin. -->","yoast_head_json":{"title":"Flirc Raspberry Pi 3 Heatsink Case \u2022 RaspberryPi.dk","robots":{"index":"index","follow":"follow","max-snippet":"max-snippet:-1","max-image-preview":"max-image-preview:large","max-video-preview":"max-video-preview:-1"},"canonical":"https:\/\/raspberrypi.dk\/fi\/tuote\/flirc-raspberry-pi-3-heatsink-case\/","og_locale":"fi_FI","og_type":"article","og_title":"Flirc Raspberry Pi 3 Heatsink Case \u2022 RaspberryPi.dk","og_description":"Flirc Raspberry Pi case ole vain sis\u00e4\u00e4nrakennettu passiivinen j\u00e4\u00e4hdytys Pi:llesi heatsink\u00a0muodossa, vaan se on my\u00f6s todella mukava! Se on valmistettu kauniista alumiinista kahden mustan, pehme\u00e4n kuoren v\u00e4liss\u00e4, jotka tuntuvat hyv\u00e4lt\u00e4 k\u00e4siss\u00e4si.  Kotelo, joka on liian kaunis piilotettavaksi.  HUOMIO! T\u00e4m\u00e4 on uusin versio l\u00e4mp\u00f6tyynyll\u00e4 sek\u00e4 Pi 3:lle ett\u00e4 Pi 3 B+:lle.","og_url":"https:\/\/raspberrypi.dk\/fi\/tuote\/flirc-raspberry-pi-3-heatsink-case\/","og_site_name":"RaspberryPi.dk","article_publisher":"https:\/\/facebook.com\/RaspberryPiDanmark","article_modified_time":"2024-04-15T15:26:07+00:00","og_image":[{"width":1024,"height":364,"url":"https:\/\/raspberrypi.dk\/wp-content\/uploads\/2017\/09\/flirc-pi3-case.jpg","type":"image\/jpeg"}],"twitter_card":"summary_large_image","twitter_site":"@raspberrypidk","twitter_misc":{"Arvioitu lukuaika":"1 minuutti"},"schema":{"@context":"https:\/\/schema.org","@graph":[{"@type":"WebPage","@id":"https:\/\/raspberrypi.dk\/fi\/tuote\/flirc-raspberry-pi-3-heatsink-case\/","url":"https:\/\/raspberrypi.dk\/fi\/tuote\/flirc-raspberry-pi-3-heatsink-case\/","name":"Flirc Raspberry Pi 3 Heatsink Case \u2022 RaspberryPi.dk","isPartOf":{"@id":"https:\/\/raspberrypi.dk\/fi\/#website"},"primaryImageOfPage":{"@id":"https:\/\/raspberrypi.dk\/fi\/tuote\/flirc-raspberry-pi-3-heatsink-case\/#primaryimage"},"image":{"@id":"https:\/\/raspberrypi.dk\/fi\/tuote\/flirc-raspberry-pi-3-heatsink-case\/#primaryimage"},"thumbnailUrl":"https:\/\/raspberrypi.dk\/wp-content\/uploads\/2017\/09\/flirc-pi3-case.jpg","datePublished":"2017-09-23T23:07:02+00:00","dateModified":"2024-04-15T15:26:07+00:00","breadcrumb":{"@id":"https:\/\/raspberrypi.dk\/fi\/tuote\/flirc-raspberry-pi-3-heatsink-case\/#breadcrumb"},"inLanguage":"fi","potentialAction":[{"@type":"ReadAction","target":["https:\/\/raspberrypi.dk\/fi\/tuote\/flirc-raspberry-pi-3-heatsink-case\/"]}]},{"@type":"ImageObject","inLanguage":"fi","@id":"https:\/\/raspberrypi.dk\/fi\/tuote\/flirc-raspberry-pi-3-heatsink-case\/#primaryimage","url":"https:\/\/raspberrypi.dk\/wp-content\/uploads\/2017\/09\/flirc-pi3-case.jpg","contentUrl":"https:\/\/raspberrypi.dk\/wp-content\/uploads\/2017\/09\/flirc-pi3-case.jpg","width":1024,"height":364,"caption":"flirc case raspberry pi 3"},{"@type":"BreadcrumbList","@id":"https:\/\/raspberrypi.dk\/fi\/tuote\/flirc-raspberry-pi-3-heatsink-case\/#breadcrumb","itemListElement":[{"@type":"ListItem","position":1,"name":"Hjem","item":"https:\/\/raspberrypi.dk\/fi\/raspberry-pi-verkkokauppa\/"},{"@type":"ListItem","position":2,"name":"Shop","item":"https:\/\/raspberrypi.dk\/fi\/shop-2\/"},{"@type":"ListItem","position":3,"name":"Flirc Raspberry Pi 3 Heatsink Case"}]},{"@type":"WebSite","@id":"https:\/\/raspberrypi.dk\/fi\/#website","url":"https:\/\/raspberrypi.dk\/fi\/","name":"RaspberryPi.dk","description":"Danmarks f\u00f8rende Raspberry Pi side!","publisher":{"@id":"https:\/\/raspberrypi.dk\/fi\/#organization"},"potentialAction":[{"@type":"SearchAction","target":{"@type":"EntryPoint","urlTemplate":"https:\/\/raspberrypi.dk\/fi\/?s={search_term_string}"},"query-input":{"@type":"PropertyValueSpecification","valueRequired":true,"valueName":"search_term_string"}}],"inLanguage":"fi"},{"@type":"Organization","@id":"https:\/\/raspberrypi.dk\/fi\/#organization","name":"RaspberryPi.dk","url":"https:\/\/raspberrypi.dk\/fi\/","logo":{"@type":"ImageObject","inLanguage":"fi","@id":"https:\/\/raspberrypi.dk\/fi\/#\/schema\/logo\/image\/","url":"https:\/\/raspberrypi.dk\/wp-content\/uploads\/2017\/05\/RaspberryPidk_logo-2.png","contentUrl":"https:\/\/raspberrypi.dk\/wp-content\/uploads\/2017\/05\/RaspberryPidk_logo-2.png","width":470,"height":110,"caption":"RaspberryPi.dk"},"image":{"@id":"https:\/\/raspberrypi.dk\/fi\/#\/schema\/logo\/image\/"},"sameAs":["https:\/\/facebook.com\/RaspberryPiDanmark","https:\/\/x.com\/raspberrypidk","https:\/\/instagram.com\/raspberrypi.dk"]}]}},"_links":{"self":[{"href":"https:\/\/raspberrypi.dk\/fi\/wp-json\/wp\/v2\/product\/222219","targetHints":{"allow":["GET"]}}],"collection":[{"href":"https:\/\/raspberrypi.dk\/fi\/wp-json\/wp\/v2\/product"}],"about":[{"href":"https:\/\/raspberrypi.dk\/fi\/wp-json\/wp\/v2\/types\/product"}],"replies":[{"embeddable":true,"href":"https:\/\/raspberrypi.dk\/fi\/wp-json\/wp\/v2\/comments?post=222219"}],"wp:featuredmedia":[{"embeddable":true,"href":"https:\/\/raspberrypi.dk\/fi\/wp-json\/wp\/v2\/media\/222220"}],"wp:attachment":[{"href":"https:\/\/raspberrypi.dk\/fi\/wp-json\/wp\/v2\/media?parent=222219"}],"wp:term":[{"taxonomy":"product_brand","embeddable":true,"href":"https:\/\/raspberrypi.dk\/fi\/wp-json\/wp\/v2\/product_brand?post=222219"},{"taxonomy":"product_cat","embeddable":true,"href":"https:\/\/raspberrypi.dk\/fi\/wp-json\/wp\/v2\/product_cat?post=222219"},{"taxonomy":"product_tag","embeddable":true,"href":"https:\/\/raspberrypi.dk\/fi\/wp-json\/wp\/v2\/product_tag?post=222219"}],"curies":[{"name":"wp","href":"https:\/\/api.w.org\/{rel}","templated":true}]}}