{"id":222252,"date":"2017-05-03T09:56:57","date_gmt":"2017-05-03T07:56:57","guid":{"rendered":"https:\/\/raspberrypi.dk\/produkt\/explorer-phat\/"},"modified":"2024-04-15T17:35:05","modified_gmt":"2024-04-15T15:35:05","slug":"explorer-phat","status":"publish","type":"product","link":"https:\/\/raspberrypi.dk\/fi\/tuote\/explorer-phat\/","title":{"rendered":"Explorer pHAT"},"content":{"rendered":"<p><strong>Toiminnot<\/strong><\/p>\n<ul>\n<li>Nelj\u00e4 puskuroitua 5 V:n siet\u00e4v\u00e4\u00e4 tuloa (t\u00e4ydellinen Arduino-yhteensopivuus)<\/li>\n<li>Nelj\u00e4 teholla varustettua 5V ulostuloa (yhteens\u00e4 jopa 500 mA kaikissa nelj\u00e4ss\u00e4 kanavassa)<\/li>\n<li>Nelj\u00e4 analogista tuloa<\/li>\n<li>Kaksi H-siltamoottoriohjainta (jopa 200 mA kanavaa kohti; pehme\u00e4 PWM-ohjaus)<\/li>\n<li>Yhteensopiva Raspberry Pi 3, 2, B+, A+, Zero ja Zero W kanssa<\/li>\n<li><a href=\"https:\/\/github.com\/pimoroni\/explorer-hat\">Python-kirjasto<\/a><\/li>\n<li>Naarasotsikko\u00a0vaatii juottamisen<\/li>\n<\/ul>\n<p>Voidaan k\u00e4ytt\u00e4\u00e4 moottoreiden ohjaamiseen, analogisten antureiden k\u00e4ytt\u00e4miseen ja liit\u00e4nt\u00e4\u00e4n 5 V j\u00e4rjestelmiin (kuten Arduino). T\u00e4ydellinen pienen robotin tai kaikenlaisten piirien rakentamiseen esimerkiksi LEDeill\u00e4, analogisilla nupeilla ja l\u00e4mp\u00f6tila-antureilla.<\/p>\n","protected":false},"excerpt":{"rendered":"<p><span id=\"result_box\" class=\"\" lang=\"da\"><span class=\"\"><strong>Pimoroni Explorer pHAT.<\/strong> T\u00e4ydellinen prototyyppien sivupotku Raspberry Pi:llesi! Valikoima hy\u00f6dyllisi\u00e4 tulo- ja l\u00e4ht\u00f6vaihtoehtoja, ja se on suunniteltu sopimaan t\u00e4ydellisesti Raspberry Pi Zero (W) -kameraan.<\/span><\/span><\/p>\n","protected":false},"featured_media":222253,"comment_status":"open","ping_status":"closed","template":"","meta":[],"product_brand":[],"product_cat":[750,732],"product_tag":[719,718],"class_list":{"0":"post-222252","1":"product","2":"type-product","3":"status-publish","4":"has-post-thumbnail","6":"product_cat-raspberry-pi-zero-ja-tarvikkeet","7":"product_cat-hats-gpio","8":"product_tag-rpi4-fi","9":"product_tag-rpi5-fi","11":"first","12":"outofstock","13":"taxable","14":"shipping-taxable","15":"purchasable","16":"product-type-simple"},"composite_virtual":false,"composite_layout":"","composite_add_to_cart_form_location":"","composite_editable_in_cart":false,"composite_sold_individually_context":"","composite_shop_price_calc":"","composite_components":[],"composite_scenarios":[],"bundled_by":[],"bundle_stock_status":"outofstock","bundle_stock_quantity":0,"bundle_virtual":false,"bundle_layout":"","bundle_add_to_cart_form_location":"","bundle_editable_in_cart":false,"bundle_sold_individually_context":"","bundle_item_grouping":"","bundle_min_size":"","bundle_max_size":"","bundle_price":[],"bundled_items":[],"bundle_sell_ids":[],"yoast_head":"<!-- This site is optimized with the Yoast SEO plugin v27.1.1 - https:\/\/yoast.com\/product\/yoast-seo-wordpress\/ -->\n<title>Explorer pHAT \u2022 RaspberryPi.dk<\/title>\n<meta name=\"robots\" content=\"index, follow, max-snippet:-1, max-image-preview:large, max-video-preview:-1\" \/>\n<link rel=\"canonical\" href=\"https:\/\/raspberrypi.dk\/fi\/tuote\/explorer-phat\/\" \/>\n<meta property=\"og:locale\" content=\"fi_FI\" \/>\n<meta property=\"og:type\" content=\"article\" \/>\n<meta property=\"og:title\" content=\"Explorer pHAT \u2022 RaspberryPi.dk\" \/>\n<meta property=\"og:description\" content=\"Pimoroni Explorer pHAT. T\u00e4ydellinen prototyyppien sivupotku Raspberry Pi:llesi! Valikoima hy\u00f6dyllisi\u00e4 tulo- ja l\u00e4ht\u00f6vaihtoehtoja, ja se on suunniteltu sopimaan t\u00e4ydellisesti Raspberry Pi Zero (W) -kameraan.\" \/>\n<meta property=\"og:url\" content=\"https:\/\/raspberrypi.dk\/fi\/tuote\/explorer-phat\/\" \/>\n<meta property=\"og:site_name\" content=\"RaspberryPi.dk\" \/>\n<meta property=\"article:publisher\" content=\"https:\/\/facebook.com\/RaspberryPiDanmark\" \/>\n<meta property=\"article:modified_time\" content=\"2024-04-15T15:35:05+00:00\" \/>\n<meta property=\"og:image\" content=\"https:\/\/raspberrypi.dk\/wp-content\/uploads\/2017\/04\/explorer-phat-1.png\" \/>\n\t<meta property=\"og:image:width\" content=\"500\" \/>\n\t<meta property=\"og:image:height\" content=\"500\" \/>\n\t<meta property=\"og:image:type\" content=\"image\/png\" \/>\n<meta name=\"twitter:card\" content=\"summary_large_image\" \/>\n<meta name=\"twitter:site\" content=\"@raspberrypidk\" \/>\n<meta name=\"twitter:label1\" content=\"Arvioitu lukuaika\" \/>\n\t<meta name=\"twitter:data1\" content=\"1 minuutti\" \/>\n<script type=\"application\/ld+json\" class=\"yoast-schema-graph\">{\"@context\":\"https:\/\/schema.org\",\"@graph\":[{\"@type\":\"WebPage\",\"@id\":\"https:\/\/raspberrypi.dk\/fi\/tuote\/explorer-phat\/\",\"url\":\"https:\/\/raspberrypi.dk\/fi\/tuote\/explorer-phat\/\",\"name\":\"Explorer pHAT \u2022 RaspberryPi.dk\",\"isPartOf\":{\"@id\":\"https:\/\/raspberrypi.dk\/fi\/#website\"},\"primaryImageOfPage\":{\"@id\":\"https:\/\/raspberrypi.dk\/fi\/tuote\/explorer-phat\/#primaryimage\"},\"image\":{\"@id\":\"https:\/\/raspberrypi.dk\/fi\/tuote\/explorer-phat\/#primaryimage\"},\"thumbnailUrl\":\"https:\/\/raspberrypi.dk\/wp-content\/uploads\/2017\/04\/explorer-phat-1.png\",\"datePublished\":\"2017-05-03T07:56:57+00:00\",\"dateModified\":\"2024-04-15T15:35:05+00:00\",\"breadcrumb\":{\"@id\":\"https:\/\/raspberrypi.dk\/fi\/tuote\/explorer-phat\/#breadcrumb\"},\"inLanguage\":\"fi\",\"potentialAction\":[{\"@type\":\"ReadAction\",\"target\":[\"https:\/\/raspberrypi.dk\/fi\/tuote\/explorer-phat\/\"]}]},{\"@type\":\"ImageObject\",\"inLanguage\":\"fi\",\"@id\":\"https:\/\/raspberrypi.dk\/fi\/tuote\/explorer-phat\/#primaryimage\",\"url\":\"https:\/\/raspberrypi.dk\/wp-content\/uploads\/2017\/04\/explorer-phat-1.png\",\"contentUrl\":\"https:\/\/raspberrypi.dk\/wp-content\/uploads\/2017\/04\/explorer-phat-1.png\",\"width\":500,\"height\":500,\"caption\":\"explorer phat til raspberry pi zero\"},{\"@type\":\"BreadcrumbList\",\"@id\":\"https:\/\/raspberrypi.dk\/fi\/tuote\/explorer-phat\/#breadcrumb\",\"itemListElement\":[{\"@type\":\"ListItem\",\"position\":1,\"name\":\"Hjem\",\"item\":\"https:\/\/raspberrypi.dk\/fi\/raspberry-pi-verkkokauppa\/\"},{\"@type\":\"ListItem\",\"position\":2,\"name\":\"Shop\",\"item\":\"https:\/\/raspberrypi.dk\/fi\/shop-2\/\"},{\"@type\":\"ListItem\",\"position\":3,\"name\":\"Explorer pHAT\"}]},{\"@type\":\"WebSite\",\"@id\":\"https:\/\/raspberrypi.dk\/fi\/#website\",\"url\":\"https:\/\/raspberrypi.dk\/fi\/\",\"name\":\"RaspberryPi.dk\",\"description\":\"Danmarks f\u00f8rende Raspberry Pi side!\",\"publisher\":{\"@id\":\"https:\/\/raspberrypi.dk\/fi\/#organization\"},\"potentialAction\":[{\"@type\":\"SearchAction\",\"target\":{\"@type\":\"EntryPoint\",\"urlTemplate\":\"https:\/\/raspberrypi.dk\/fi\/?s={search_term_string}\"},\"query-input\":{\"@type\":\"PropertyValueSpecification\",\"valueRequired\":true,\"valueName\":\"search_term_string\"}}],\"inLanguage\":\"fi\"},{\"@type\":\"Organization\",\"@id\":\"https:\/\/raspberrypi.dk\/fi\/#organization\",\"name\":\"RaspberryPi.dk\",\"url\":\"https:\/\/raspberrypi.dk\/fi\/\",\"logo\":{\"@type\":\"ImageObject\",\"inLanguage\":\"fi\",\"@id\":\"https:\/\/raspberrypi.dk\/fi\/#\/schema\/logo\/image\/\",\"url\":\"https:\/\/raspberrypi.dk\/wp-content\/uploads\/2017\/05\/RaspberryPidk_logo-2.png\",\"contentUrl\":\"https:\/\/raspberrypi.dk\/wp-content\/uploads\/2017\/05\/RaspberryPidk_logo-2.png\",\"width\":470,\"height\":110,\"caption\":\"RaspberryPi.dk\"},\"image\":{\"@id\":\"https:\/\/raspberrypi.dk\/fi\/#\/schema\/logo\/image\/\"},\"sameAs\":[\"https:\/\/facebook.com\/RaspberryPiDanmark\",\"https:\/\/x.com\/raspberrypidk\",\"https:\/\/instagram.com\/raspberrypi.dk\"]}]}<\/script>\n<!-- \/ Yoast SEO plugin. -->","yoast_head_json":{"title":"Explorer pHAT \u2022 RaspberryPi.dk","robots":{"index":"index","follow":"follow","max-snippet":"max-snippet:-1","max-image-preview":"max-image-preview:large","max-video-preview":"max-video-preview:-1"},"canonical":"https:\/\/raspberrypi.dk\/fi\/tuote\/explorer-phat\/","og_locale":"fi_FI","og_type":"article","og_title":"Explorer pHAT \u2022 RaspberryPi.dk","og_description":"Pimoroni Explorer pHAT. T\u00e4ydellinen prototyyppien sivupotku Raspberry Pi:llesi! Valikoima hy\u00f6dyllisi\u00e4 tulo- ja l\u00e4ht\u00f6vaihtoehtoja, ja se on suunniteltu sopimaan t\u00e4ydellisesti Raspberry Pi Zero (W) -kameraan.","og_url":"https:\/\/raspberrypi.dk\/fi\/tuote\/explorer-phat\/","og_site_name":"RaspberryPi.dk","article_publisher":"https:\/\/facebook.com\/RaspberryPiDanmark","article_modified_time":"2024-04-15T15:35:05+00:00","og_image":[{"width":500,"height":500,"url":"https:\/\/raspberrypi.dk\/wp-content\/uploads\/2017\/04\/explorer-phat-1.png","type":"image\/png"}],"twitter_card":"summary_large_image","twitter_site":"@raspberrypidk","twitter_misc":{"Arvioitu lukuaika":"1 minuutti"},"schema":{"@context":"https:\/\/schema.org","@graph":[{"@type":"WebPage","@id":"https:\/\/raspberrypi.dk\/fi\/tuote\/explorer-phat\/","url":"https:\/\/raspberrypi.dk\/fi\/tuote\/explorer-phat\/","name":"Explorer pHAT \u2022 RaspberryPi.dk","isPartOf":{"@id":"https:\/\/raspberrypi.dk\/fi\/#website"},"primaryImageOfPage":{"@id":"https:\/\/raspberrypi.dk\/fi\/tuote\/explorer-phat\/#primaryimage"},"image":{"@id":"https:\/\/raspberrypi.dk\/fi\/tuote\/explorer-phat\/#primaryimage"},"thumbnailUrl":"https:\/\/raspberrypi.dk\/wp-content\/uploads\/2017\/04\/explorer-phat-1.png","datePublished":"2017-05-03T07:56:57+00:00","dateModified":"2024-04-15T15:35:05+00:00","breadcrumb":{"@id":"https:\/\/raspberrypi.dk\/fi\/tuote\/explorer-phat\/#breadcrumb"},"inLanguage":"fi","potentialAction":[{"@type":"ReadAction","target":["https:\/\/raspberrypi.dk\/fi\/tuote\/explorer-phat\/"]}]},{"@type":"ImageObject","inLanguage":"fi","@id":"https:\/\/raspberrypi.dk\/fi\/tuote\/explorer-phat\/#primaryimage","url":"https:\/\/raspberrypi.dk\/wp-content\/uploads\/2017\/04\/explorer-phat-1.png","contentUrl":"https:\/\/raspberrypi.dk\/wp-content\/uploads\/2017\/04\/explorer-phat-1.png","width":500,"height":500,"caption":"explorer phat til raspberry pi zero"},{"@type":"BreadcrumbList","@id":"https:\/\/raspberrypi.dk\/fi\/tuote\/explorer-phat\/#breadcrumb","itemListElement":[{"@type":"ListItem","position":1,"name":"Hjem","item":"https:\/\/raspberrypi.dk\/fi\/raspberry-pi-verkkokauppa\/"},{"@type":"ListItem","position":2,"name":"Shop","item":"https:\/\/raspberrypi.dk\/fi\/shop-2\/"},{"@type":"ListItem","position":3,"name":"Explorer pHAT"}]},{"@type":"WebSite","@id":"https:\/\/raspberrypi.dk\/fi\/#website","url":"https:\/\/raspberrypi.dk\/fi\/","name":"RaspberryPi.dk","description":"Danmarks f\u00f8rende Raspberry Pi side!","publisher":{"@id":"https:\/\/raspberrypi.dk\/fi\/#organization"},"potentialAction":[{"@type":"SearchAction","target":{"@type":"EntryPoint","urlTemplate":"https:\/\/raspberrypi.dk\/fi\/?s={search_term_string}"},"query-input":{"@type":"PropertyValueSpecification","valueRequired":true,"valueName":"search_term_string"}}],"inLanguage":"fi"},{"@type":"Organization","@id":"https:\/\/raspberrypi.dk\/fi\/#organization","name":"RaspberryPi.dk","url":"https:\/\/raspberrypi.dk\/fi\/","logo":{"@type":"ImageObject","inLanguage":"fi","@id":"https:\/\/raspberrypi.dk\/fi\/#\/schema\/logo\/image\/","url":"https:\/\/raspberrypi.dk\/wp-content\/uploads\/2017\/05\/RaspberryPidk_logo-2.png","contentUrl":"https:\/\/raspberrypi.dk\/wp-content\/uploads\/2017\/05\/RaspberryPidk_logo-2.png","width":470,"height":110,"caption":"RaspberryPi.dk"},"image":{"@id":"https:\/\/raspberrypi.dk\/fi\/#\/schema\/logo\/image\/"},"sameAs":["https:\/\/facebook.com\/RaspberryPiDanmark","https:\/\/x.com\/raspberrypidk","https:\/\/instagram.com\/raspberrypi.dk"]}]}},"_links":{"self":[{"href":"https:\/\/raspberrypi.dk\/fi\/wp-json\/wp\/v2\/product\/222252","targetHints":{"allow":["GET"]}}],"collection":[{"href":"https:\/\/raspberrypi.dk\/fi\/wp-json\/wp\/v2\/product"}],"about":[{"href":"https:\/\/raspberrypi.dk\/fi\/wp-json\/wp\/v2\/types\/product"}],"replies":[{"embeddable":true,"href":"https:\/\/raspberrypi.dk\/fi\/wp-json\/wp\/v2\/comments?post=222252"}],"wp:featuredmedia":[{"embeddable":true,"href":"https:\/\/raspberrypi.dk\/fi\/wp-json\/wp\/v2\/media\/222253"}],"wp:attachment":[{"href":"https:\/\/raspberrypi.dk\/fi\/wp-json\/wp\/v2\/media?parent=222252"}],"wp:term":[{"taxonomy":"product_brand","embeddable":true,"href":"https:\/\/raspberrypi.dk\/fi\/wp-json\/wp\/v2\/product_brand?post=222252"},{"taxonomy":"product_cat","embeddable":true,"href":"https:\/\/raspberrypi.dk\/fi\/wp-json\/wp\/v2\/product_cat?post=222252"},{"taxonomy":"product_tag","embeddable":true,"href":"https:\/\/raspberrypi.dk\/fi\/wp-json\/wp\/v2\/product_tag?post=222252"}],"curies":[{"name":"wp","href":"https:\/\/api.w.org\/{rel}","templated":true}]}}