{"id":222292,"date":"2017-03-30T17:36:22","date_gmt":"2017-03-30T15:36:22","guid":{"rendered":"https:\/\/raspberrypi.dk\/produkt\/hifiberry-digi-standardi\/"},"modified":"2025-05-31T09:06:18","modified_gmt":"2025-05-31T07:06:18","slug":"hifiberry-digi-standardi","status":"publish","type":"product","link":"https:\/\/raspberrypi.dk\/fi\/tuote\/hifiberry-digi-standardi\/","title":{"rendered":"HiFiBerry Digi+ Standardi"},"content":{"rendered":"<p><strong>Toiminnot<\/strong><\/p>\n<ul>\n<li>Erillinen S\/PDIF-liit\u00e4nt\u00e4siru tukee jopa 192 kHz\/24 bitin resoluutiota<\/li>\n<li>Optiset (Toslink) ja s\u00e4hk\u00f6iset l\u00e4hd\u00f6t<\/li>\n<li>Bitti-t\u00e4ydellinen l\u00e4ht\u00f6 &#8211; audiodatavirtaa ei muuteta mill\u00e4\u00e4n tavalla<\/li>\n<li>Yhdistet\u00e4\u00e4n suoraan Raspberry Pi:hen \u2013 lis\u00e4kaapeleita ei tarvita<\/li>\n<li>Virta saa suoraan Raspberry Pi:st\u00e4 \u2013 ei ylim\u00e4\u00e4r\u00e4ist\u00e4 virtal\u00e4hdett\u00e4<\/li>\n<li>Integroitu EEPROM automaattiseen konfigurointiin (kirjoitussuojalla)<\/li>\n<li>Mukana kaikki sen asentamiseen tarvittavat komponentit (v\u00e4likkeet levyn kiinnitt\u00e4miseksi Raspberry Pi)<\/li>\n<\/ul>\n","protected":false},"excerpt":{"rendered":"<div>\n<p><strong>HiFiBerry Digi+ Standard optisella (TOSLink) ja s\u00e4hk\u00f6isell\u00e4 l\u00e4hd\u00f6ll\u00e4. <\/strong>T\u00e4m\u00e4 \u00e4\u00e4nikortti tarjoaa korkealaatuisen S\/PDIF-l\u00e4hd\u00f6n Raspberry Pi:lle. Se k\u00e4ytt\u00e4\u00e4 I2S-\u00e4\u00e4niporttia, joka liitet\u00e4\u00e4n suoraan prosessoriin ilman ylim\u00e4\u00e4r\u00e4ist\u00e4 USB-muunnosa. Se tukee n\u00e4ytteenottotaajuutta 192 kHz \/ 24 bittiin asti. Lis\u00e4ostoja,<a href=\"https:\/\/raspberrypi.dk\/fi\/tuote\/highpi-pro-case-raspberry-pi-4-model-blle\/\"> jos sellaisia \u200b\u200bon sopiva tapaus.<\/a><\/p>\n<\/div>\n","protected":false},"featured_media":222293,"comment_status":"open","ping_status":"closed","template":"","meta":[],"product_brand":[],"product_cat":[732],"product_tag":[719,718],"class_list":{"0":"post-222292","1":"product","2":"type-product","3":"status-publish","4":"has-post-thumbnail","6":"product_cat-hats-gpio","7":"product_tag-rpi4-fi","8":"product_tag-rpi5-fi","10":"first","11":"instock","12":"taxable","13":"shipping-taxable","14":"purchasable","15":"product-type-simple"},"composite_virtual":false,"composite_layout":"","composite_add_to_cart_form_location":"","composite_editable_in_cart":false,"composite_sold_individually_context":"","composite_shop_price_calc":"","composite_components":[],"composite_scenarios":[],"bundled_by":[],"bundle_stock_status":"instock","bundle_stock_quantity":19,"bundle_virtual":false,"bundle_layout":"","bundle_add_to_cart_form_location":"","bundle_editable_in_cart":false,"bundle_sold_individually_context":"","bundle_item_grouping":"","bundle_min_size":"","bundle_max_size":"","bundle_price":[],"bundled_items":[],"bundle_sell_ids":[220735],"yoast_head":"<!-- This site is optimized with the Yoast SEO plugin v27.1.1 - https:\/\/yoast.com\/product\/yoast-seo-wordpress\/ -->\n<title>HiFiBerry Digi+ Standardi \u2022 RaspberryPi.dk<\/title>\n<meta name=\"robots\" content=\"index, follow, max-snippet:-1, max-image-preview:large, max-video-preview:-1\" \/>\n<link rel=\"canonical\" href=\"https:\/\/raspberrypi.dk\/fi\/tuote\/hifiberry-digi-standardi\/\" \/>\n<meta property=\"og:locale\" content=\"fi_FI\" \/>\n<meta property=\"og:type\" content=\"article\" \/>\n<meta property=\"og:title\" content=\"HiFiBerry Digi+ Standardi \u2022 RaspberryPi.dk\" \/>\n<meta property=\"og:description\" content=\"HiFiBerry Digi+ Standard optisella (TOSLink) ja s\u00e4hk\u00f6isell\u00e4 l\u00e4hd\u00f6ll\u00e4. T\u00e4m\u00e4 \u00e4\u00e4nikortti tarjoaa korkealaatuisen S\/PDIF-l\u00e4hd\u00f6n Raspberry Pi:lle. Se k\u00e4ytt\u00e4\u00e4 I2S-\u00e4\u00e4niporttia, joka liitet\u00e4\u00e4n suoraan prosessoriin ilman ylim\u00e4\u00e4r\u00e4ist\u00e4 USB-muunnosa. Se tukee n\u00e4ytteenottotaajuutta 192 kHz \/ 24 bittiin asti. Lis\u00e4ostoja, jos sellaisia \u200b\u200bon sopiva tapaus.\" \/>\n<meta property=\"og:url\" content=\"https:\/\/raspberrypi.dk\/fi\/tuote\/hifiberry-digi-standardi\/\" \/>\n<meta property=\"og:site_name\" content=\"RaspberryPi.dk\" \/>\n<meta property=\"article:publisher\" content=\"https:\/\/facebook.com\/RaspberryPiDanmark\" \/>\n<meta property=\"article:modified_time\" content=\"2025-05-31T07:06:18+00:00\" \/>\n<meta property=\"og:image\" content=\"https:\/\/raspberrypi.dk\/wp-content\/uploads\/2017\/03\/hifiberry-digi-standard.png\" \/>\n\t<meta property=\"og:image:width\" content=\"500\" \/>\n\t<meta property=\"og:image:height\" content=\"500\" \/>\n\t<meta property=\"og:image:type\" content=\"image\/png\" \/>\n<meta name=\"twitter:card\" content=\"summary_large_image\" \/>\n<meta name=\"twitter:site\" content=\"@raspberrypidk\" \/>\n<meta name=\"twitter:label1\" content=\"Arvioitu lukuaika\" \/>\n\t<meta name=\"twitter:data1\" content=\"1 minuutti\" \/>\n<script type=\"application\/ld+json\" class=\"yoast-schema-graph\">{\"@context\":\"https:\/\/schema.org\",\"@graph\":[{\"@type\":\"WebPage\",\"@id\":\"https:\/\/raspberrypi.dk\/fi\/tuote\/hifiberry-digi-standardi\/\",\"url\":\"https:\/\/raspberrypi.dk\/fi\/tuote\/hifiberry-digi-standardi\/\",\"name\":\"HiFiBerry Digi+ Standardi \u2022 RaspberryPi.dk\",\"isPartOf\":{\"@id\":\"https:\/\/raspberrypi.dk\/fi\/#website\"},\"primaryImageOfPage\":{\"@id\":\"https:\/\/raspberrypi.dk\/fi\/tuote\/hifiberry-digi-standardi\/#primaryimage\"},\"image\":{\"@id\":\"https:\/\/raspberrypi.dk\/fi\/tuote\/hifiberry-digi-standardi\/#primaryimage\"},\"thumbnailUrl\":\"https:\/\/raspberrypi.dk\/wp-content\/uploads\/2017\/03\/hifiberry-digi-standard.png\",\"datePublished\":\"2017-03-30T15:36:22+00:00\",\"dateModified\":\"2025-05-31T07:06:18+00:00\",\"breadcrumb\":{\"@id\":\"https:\/\/raspberrypi.dk\/fi\/tuote\/hifiberry-digi-standardi\/#breadcrumb\"},\"inLanguage\":\"fi\",\"potentialAction\":[{\"@type\":\"ReadAction\",\"target\":[\"https:\/\/raspberrypi.dk\/fi\/tuote\/hifiberry-digi-standardi\/\"]}]},{\"@type\":\"ImageObject\",\"inLanguage\":\"fi\",\"@id\":\"https:\/\/raspberrypi.dk\/fi\/tuote\/hifiberry-digi-standardi\/#primaryimage\",\"url\":\"https:\/\/raspberrypi.dk\/wp-content\/uploads\/2017\/03\/hifiberry-digi-standard.png\",\"contentUrl\":\"https:\/\/raspberrypi.dk\/wp-content\/uploads\/2017\/03\/hifiberry-digi-standard.png\",\"width\":500,\"height\":500,\"caption\":\"hifiberry-digi+ standardi\"},{\"@type\":\"BreadcrumbList\",\"@id\":\"https:\/\/raspberrypi.dk\/fi\/tuote\/hifiberry-digi-standardi\/#breadcrumb\",\"itemListElement\":[{\"@type\":\"ListItem\",\"position\":1,\"name\":\"Hjem\",\"item\":\"https:\/\/raspberrypi.dk\/fi\/raspberry-pi-verkkokauppa\/\"},{\"@type\":\"ListItem\",\"position\":2,\"name\":\"Shop\",\"item\":\"https:\/\/raspberrypi.dk\/fi\/shop-2\/\"},{\"@type\":\"ListItem\",\"position\":3,\"name\":\"HiFiBerry Digi+ Standardi\"}]},{\"@type\":\"WebSite\",\"@id\":\"https:\/\/raspberrypi.dk\/fi\/#website\",\"url\":\"https:\/\/raspberrypi.dk\/fi\/\",\"name\":\"RaspberryPi.dk\",\"description\":\"Danmarks f\u00f8rende Raspberry Pi side!\",\"publisher\":{\"@id\":\"https:\/\/raspberrypi.dk\/fi\/#organization\"},\"potentialAction\":[{\"@type\":\"SearchAction\",\"target\":{\"@type\":\"EntryPoint\",\"urlTemplate\":\"https:\/\/raspberrypi.dk\/fi\/?s={search_term_string}\"},\"query-input\":{\"@type\":\"PropertyValueSpecification\",\"valueRequired\":true,\"valueName\":\"search_term_string\"}}],\"inLanguage\":\"fi\"},{\"@type\":\"Organization\",\"@id\":\"https:\/\/raspberrypi.dk\/fi\/#organization\",\"name\":\"RaspberryPi.dk\",\"url\":\"https:\/\/raspberrypi.dk\/fi\/\",\"logo\":{\"@type\":\"ImageObject\",\"inLanguage\":\"fi\",\"@id\":\"https:\/\/raspberrypi.dk\/fi\/#\/schema\/logo\/image\/\",\"url\":\"https:\/\/raspberrypi.dk\/wp-content\/uploads\/2017\/05\/RaspberryPidk_logo-2.png\",\"contentUrl\":\"https:\/\/raspberrypi.dk\/wp-content\/uploads\/2017\/05\/RaspberryPidk_logo-2.png\",\"width\":470,\"height\":110,\"caption\":\"RaspberryPi.dk\"},\"image\":{\"@id\":\"https:\/\/raspberrypi.dk\/fi\/#\/schema\/logo\/image\/\"},\"sameAs\":[\"https:\/\/facebook.com\/RaspberryPiDanmark\",\"https:\/\/x.com\/raspberrypidk\",\"https:\/\/instagram.com\/raspberrypi.dk\"]}]}<\/script>\n<!-- \/ Yoast SEO plugin. -->","yoast_head_json":{"title":"HiFiBerry Digi+ Standardi \u2022 RaspberryPi.dk","robots":{"index":"index","follow":"follow","max-snippet":"max-snippet:-1","max-image-preview":"max-image-preview:large","max-video-preview":"max-video-preview:-1"},"canonical":"https:\/\/raspberrypi.dk\/fi\/tuote\/hifiberry-digi-standardi\/","og_locale":"fi_FI","og_type":"article","og_title":"HiFiBerry Digi+ Standardi \u2022 RaspberryPi.dk","og_description":"HiFiBerry Digi+ Standard optisella (TOSLink) ja s\u00e4hk\u00f6isell\u00e4 l\u00e4hd\u00f6ll\u00e4. T\u00e4m\u00e4 \u00e4\u00e4nikortti tarjoaa korkealaatuisen S\/PDIF-l\u00e4hd\u00f6n Raspberry Pi:lle. Se k\u00e4ytt\u00e4\u00e4 I2S-\u00e4\u00e4niporttia, joka liitet\u00e4\u00e4n suoraan prosessoriin ilman ylim\u00e4\u00e4r\u00e4ist\u00e4 USB-muunnosa. Se tukee n\u00e4ytteenottotaajuutta 192 kHz \/ 24 bittiin asti. Lis\u00e4ostoja, jos sellaisia \u200b\u200bon sopiva tapaus.","og_url":"https:\/\/raspberrypi.dk\/fi\/tuote\/hifiberry-digi-standardi\/","og_site_name":"RaspberryPi.dk","article_publisher":"https:\/\/facebook.com\/RaspberryPiDanmark","article_modified_time":"2025-05-31T07:06:18+00:00","og_image":[{"width":500,"height":500,"url":"https:\/\/raspberrypi.dk\/wp-content\/uploads\/2017\/03\/hifiberry-digi-standard.png","type":"image\/png"}],"twitter_card":"summary_large_image","twitter_site":"@raspberrypidk","twitter_misc":{"Arvioitu lukuaika":"1 minuutti"},"schema":{"@context":"https:\/\/schema.org","@graph":[{"@type":"WebPage","@id":"https:\/\/raspberrypi.dk\/fi\/tuote\/hifiberry-digi-standardi\/","url":"https:\/\/raspberrypi.dk\/fi\/tuote\/hifiberry-digi-standardi\/","name":"HiFiBerry Digi+ Standardi \u2022 RaspberryPi.dk","isPartOf":{"@id":"https:\/\/raspberrypi.dk\/fi\/#website"},"primaryImageOfPage":{"@id":"https:\/\/raspberrypi.dk\/fi\/tuote\/hifiberry-digi-standardi\/#primaryimage"},"image":{"@id":"https:\/\/raspberrypi.dk\/fi\/tuote\/hifiberry-digi-standardi\/#primaryimage"},"thumbnailUrl":"https:\/\/raspberrypi.dk\/wp-content\/uploads\/2017\/03\/hifiberry-digi-standard.png","datePublished":"2017-03-30T15:36:22+00:00","dateModified":"2025-05-31T07:06:18+00:00","breadcrumb":{"@id":"https:\/\/raspberrypi.dk\/fi\/tuote\/hifiberry-digi-standardi\/#breadcrumb"},"inLanguage":"fi","potentialAction":[{"@type":"ReadAction","target":["https:\/\/raspberrypi.dk\/fi\/tuote\/hifiberry-digi-standardi\/"]}]},{"@type":"ImageObject","inLanguage":"fi","@id":"https:\/\/raspberrypi.dk\/fi\/tuote\/hifiberry-digi-standardi\/#primaryimage","url":"https:\/\/raspberrypi.dk\/wp-content\/uploads\/2017\/03\/hifiberry-digi-standard.png","contentUrl":"https:\/\/raspberrypi.dk\/wp-content\/uploads\/2017\/03\/hifiberry-digi-standard.png","width":500,"height":500,"caption":"hifiberry-digi+ standardi"},{"@type":"BreadcrumbList","@id":"https:\/\/raspberrypi.dk\/fi\/tuote\/hifiberry-digi-standardi\/#breadcrumb","itemListElement":[{"@type":"ListItem","position":1,"name":"Hjem","item":"https:\/\/raspberrypi.dk\/fi\/raspberry-pi-verkkokauppa\/"},{"@type":"ListItem","position":2,"name":"Shop","item":"https:\/\/raspberrypi.dk\/fi\/shop-2\/"},{"@type":"ListItem","position":3,"name":"HiFiBerry Digi+ Standardi"}]},{"@type":"WebSite","@id":"https:\/\/raspberrypi.dk\/fi\/#website","url":"https:\/\/raspberrypi.dk\/fi\/","name":"RaspberryPi.dk","description":"Danmarks f\u00f8rende Raspberry Pi side!","publisher":{"@id":"https:\/\/raspberrypi.dk\/fi\/#organization"},"potentialAction":[{"@type":"SearchAction","target":{"@type":"EntryPoint","urlTemplate":"https:\/\/raspberrypi.dk\/fi\/?s={search_term_string}"},"query-input":{"@type":"PropertyValueSpecification","valueRequired":true,"valueName":"search_term_string"}}],"inLanguage":"fi"},{"@type":"Organization","@id":"https:\/\/raspberrypi.dk\/fi\/#organization","name":"RaspberryPi.dk","url":"https:\/\/raspberrypi.dk\/fi\/","logo":{"@type":"ImageObject","inLanguage":"fi","@id":"https:\/\/raspberrypi.dk\/fi\/#\/schema\/logo\/image\/","url":"https:\/\/raspberrypi.dk\/wp-content\/uploads\/2017\/05\/RaspberryPidk_logo-2.png","contentUrl":"https:\/\/raspberrypi.dk\/wp-content\/uploads\/2017\/05\/RaspberryPidk_logo-2.png","width":470,"height":110,"caption":"RaspberryPi.dk"},"image":{"@id":"https:\/\/raspberrypi.dk\/fi\/#\/schema\/logo\/image\/"},"sameAs":["https:\/\/facebook.com\/RaspberryPiDanmark","https:\/\/x.com\/raspberrypidk","https:\/\/instagram.com\/raspberrypi.dk"]}]}},"_links":{"self":[{"href":"https:\/\/raspberrypi.dk\/fi\/wp-json\/wp\/v2\/product\/222292","targetHints":{"allow":["GET"]}}],"collection":[{"href":"https:\/\/raspberrypi.dk\/fi\/wp-json\/wp\/v2\/product"}],"about":[{"href":"https:\/\/raspberrypi.dk\/fi\/wp-json\/wp\/v2\/types\/product"}],"replies":[{"embeddable":true,"href":"https:\/\/raspberrypi.dk\/fi\/wp-json\/wp\/v2\/comments?post=222292"}],"wp:featuredmedia":[{"embeddable":true,"href":"https:\/\/raspberrypi.dk\/fi\/wp-json\/wp\/v2\/media\/222293"}],"wp:attachment":[{"href":"https:\/\/raspberrypi.dk\/fi\/wp-json\/wp\/v2\/media?parent=222292"}],"wp:term":[{"taxonomy":"product_brand","embeddable":true,"href":"https:\/\/raspberrypi.dk\/fi\/wp-json\/wp\/v2\/product_brand?post=222292"},{"taxonomy":"product_cat","embeddable":true,"href":"https:\/\/raspberrypi.dk\/fi\/wp-json\/wp\/v2\/product_cat?post=222292"},{"taxonomy":"product_tag","embeddable":true,"href":"https:\/\/raspberrypi.dk\/fi\/wp-json\/wp\/v2\/product_tag?post=222292"}],"curies":[{"name":"wp","href":"https:\/\/api.w.org\/{rel}","templated":true}]}}