{"id":222295,"date":"2017-05-03T09:45:09","date_gmt":"2017-05-03T07:45:09","guid":{"rendered":"https:\/\/raspberrypi.dk\/produkt\/gpio-hammer-header-ei-juottamista\/"},"modified":"2025-11-29T21:13:35","modified_gmt":"2025-11-29T20:13:35","slug":"gpio-hammer-header-ei-juottamista","status":"publish","type":"product","link":"https:\/\/raspberrypi.dk\/fi\/tuote\/gpio-hammer-header-ei-juottamista\/","title":{"rendered":"GPIO Hammer Header &#8211; Ei juottamista"},"content":{"rendered":"<p><strong>HUOMAUTUS:<\/strong> Emme ole vastuussa vahingoista, joita voit aiheuttaa Pi Zero, pHAT:lle, sormille tai GPIO-otsikoille k\u00e4ytt\u00e4ess\u00e4si t\u00e4t\u00e4 ty\u00f6kalua. Noudata ohjeita ja sinun pit\u00e4isi olla kunnossa.<\/p>\n<p><a href=\"https:\/\/learn.pimoroni.com\/tutorial\/sandyj\/fitting-hammer-headers\">Guide<\/a><\/p>\n<p>Asennusvideo:<\/p>\n<p><iframe title=\"Fitting a set of solderless header pins to a Raspberry Pi Zero with a pin hammer\" width=\"980\" height=\"735\" src=\"https:\/\/www.youtube.com\/embed\/29Hd1F_89C4?feature=oembed\" frameborder=\"0\" allow=\"accelerometer; autoplay; clipboard-write; encrypted-media; gyroscope; picture-in-picture; web-share\" allowfullscreen><\/iframe><\/p>\n","protected":false},"excerpt":{"rendered":"<p><strong>Pimoroni GPIO Hammer Header &#8211; Ei juottamista.<\/strong><\/p>\n<p>V\u00e4lt\u00e4 juottamista! Vaatii vain muutaman kevyen iskun vasaralla, ja sitten otsikko kiinnittyy tukevasti Pi Zero tai pHAT.<\/p>\n","protected":false},"featured_media":222296,"comment_status":"open","ping_status":"closed","template":"","meta":[],"product_brand":[],"product_cat":[750,732],"product_tag":[719,718],"class_list":{"0":"post-222295","1":"product","2":"type-product","3":"status-publish","4":"has-post-thumbnail","6":"product_cat-raspberry-pi-zero-ja-tarvikkeet","7":"product_cat-hats-gpio","8":"product_tag-rpi4-fi","9":"product_tag-rpi5-fi","11":"first","12":"instock","13":"taxable","14":"shipping-taxable","15":"purchasable","16":"product-type-variable","17":"has-default-attributes"},"composite_virtual":false,"composite_layout":"","composite_add_to_cart_form_location":"","composite_editable_in_cart":false,"composite_sold_individually_context":"","composite_shop_price_calc":"","composite_components":[],"composite_scenarios":[],"bundled_by":[],"bundle_stock_status":"instock","bundle_stock_quantity":null,"bundle_virtual":false,"bundle_layout":"","bundle_add_to_cart_form_location":"","bundle_editable_in_cart":false,"bundle_sold_individually_context":"","bundle_item_grouping":"","bundle_min_size":"","bundle_max_size":"","bundle_price":[],"bundled_items":[],"bundle_sell_ids":[],"yoast_head":"<!-- This site is optimized with the Yoast SEO plugin v27.1.1 - https:\/\/yoast.com\/product\/yoast-seo-wordpress\/ -->\n<title>GPIO Hammer Header - Ei juottamista \u2022 RaspberryPi.dk<\/title>\n<meta name=\"robots\" content=\"index, follow, max-snippet:-1, max-image-preview:large, max-video-preview:-1\" \/>\n<link rel=\"canonical\" href=\"https:\/\/raspberrypi.dk\/fi\/tuote\/gpio-hammer-header-ei-juottamista\/\" \/>\n<meta property=\"og:locale\" content=\"fi_FI\" \/>\n<meta property=\"og:type\" content=\"article\" \/>\n<meta property=\"og:title\" content=\"GPIO Hammer Header - Ei juottamista \u2022 RaspberryPi.dk\" \/>\n<meta property=\"og:description\" content=\"Pimoroni GPIO Hammer Header - Ei juottamista.  V\u00e4lt\u00e4 juottamista! Vaatii vain muutaman kevyen iskun vasaralla, ja sitten otsikko kiinnittyy tukevasti Pi Zero tai pHAT.\" \/>\n<meta property=\"og:url\" content=\"https:\/\/raspberrypi.dk\/fi\/tuote\/gpio-hammer-header-ei-juottamista\/\" \/>\n<meta property=\"og:site_name\" content=\"RaspberryPi.dk\" \/>\n<meta property=\"article:publisher\" content=\"https:\/\/facebook.com\/RaspberryPiDanmark\" \/>\n<meta property=\"article:modified_time\" content=\"2025-11-29T20:13:35+00:00\" \/>\n<meta property=\"og:image\" content=\"https:\/\/raspberrypi.dk\/wp-content\/uploads\/2017\/03\/gpio-hammer-header-alternativ-til-lodning.png\" \/>\n\t<meta property=\"og:image:width\" content=\"500\" \/>\n\t<meta property=\"og:image:height\" content=\"500\" \/>\n\t<meta property=\"og:image:type\" content=\"image\/png\" \/>\n<meta name=\"twitter:card\" content=\"summary_large_image\" \/>\n<meta name=\"twitter:site\" content=\"@raspberrypidk\" \/>\n<meta name=\"twitter:label1\" content=\"Arvioitu lukuaika\" \/>\n\t<meta name=\"twitter:data1\" content=\"1 minuutti\" \/>\n<script type=\"application\/ld+json\" class=\"yoast-schema-graph\">{\"@context\":\"https:\/\/schema.org\",\"@graph\":[{\"@type\":\"WebPage\",\"@id\":\"https:\/\/raspberrypi.dk\/fi\/tuote\/gpio-hammer-header-ei-juottamista\/\",\"url\":\"https:\/\/raspberrypi.dk\/fi\/tuote\/gpio-hammer-header-ei-juottamista\/\",\"name\":\"GPIO Hammer Header - Ei juottamista \u2022 RaspberryPi.dk\",\"isPartOf\":{\"@id\":\"https:\/\/raspberrypi.dk\/fi\/#website\"},\"primaryImageOfPage\":{\"@id\":\"https:\/\/raspberrypi.dk\/fi\/tuote\/gpio-hammer-header-ei-juottamista\/#primaryimage\"},\"image\":{\"@id\":\"https:\/\/raspberrypi.dk\/fi\/tuote\/gpio-hammer-header-ei-juottamista\/#primaryimage\"},\"thumbnailUrl\":\"https:\/\/raspberrypi.dk\/wp-content\/uploads\/2017\/03\/gpio-hammer-header-alternativ-til-lodning.png\",\"datePublished\":\"2017-05-03T07:45:09+00:00\",\"dateModified\":\"2025-11-29T20:13:35+00:00\",\"breadcrumb\":{\"@id\":\"https:\/\/raspberrypi.dk\/fi\/tuote\/gpio-hammer-header-ei-juottamista\/#breadcrumb\"},\"inLanguage\":\"fi\",\"potentialAction\":[{\"@type\":\"ReadAction\",\"target\":[\"https:\/\/raspberrypi.dk\/fi\/tuote\/gpio-hammer-header-ei-juottamista\/\"]}]},{\"@type\":\"ImageObject\",\"inLanguage\":\"fi\",\"@id\":\"https:\/\/raspberrypi.dk\/fi\/tuote\/gpio-hammer-header-ei-juottamista\/#primaryimage\",\"url\":\"https:\/\/raspberrypi.dk\/wp-content\/uploads\/2017\/03\/gpio-hammer-header-alternativ-til-lodning.png\",\"contentUrl\":\"https:\/\/raspberrypi.dk\/wp-content\/uploads\/2017\/03\/gpio-hammer-header-alternativ-til-lodning.png\",\"width\":500,\"height\":500,\"caption\":\"gpio vasaran otsikko - v\u00e4lt\u00e4 juottamista\"},{\"@type\":\"BreadcrumbList\",\"@id\":\"https:\/\/raspberrypi.dk\/fi\/tuote\/gpio-hammer-header-ei-juottamista\/#breadcrumb\",\"itemListElement\":[{\"@type\":\"ListItem\",\"position\":1,\"name\":\"Hjem\",\"item\":\"https:\/\/raspberrypi.dk\/fi\/raspberry-pi-verkkokauppa\/\"},{\"@type\":\"ListItem\",\"position\":2,\"name\":\"Shop\",\"item\":\"https:\/\/raspberrypi.dk\/fi\/shop-2\/\"},{\"@type\":\"ListItem\",\"position\":3,\"name\":\"GPIO Hammer Header &#8211; Ei juottamista\"}]},{\"@type\":\"WebSite\",\"@id\":\"https:\/\/raspberrypi.dk\/fi\/#website\",\"url\":\"https:\/\/raspberrypi.dk\/fi\/\",\"name\":\"RaspberryPi.dk\",\"description\":\"Danmarks f\u00f8rende Raspberry Pi side!\",\"publisher\":{\"@id\":\"https:\/\/raspberrypi.dk\/fi\/#organization\"},\"potentialAction\":[{\"@type\":\"SearchAction\",\"target\":{\"@type\":\"EntryPoint\",\"urlTemplate\":\"https:\/\/raspberrypi.dk\/fi\/?s={search_term_string}\"},\"query-input\":{\"@type\":\"PropertyValueSpecification\",\"valueRequired\":true,\"valueName\":\"search_term_string\"}}],\"inLanguage\":\"fi\"},{\"@type\":\"Organization\",\"@id\":\"https:\/\/raspberrypi.dk\/fi\/#organization\",\"name\":\"RaspberryPi.dk\",\"url\":\"https:\/\/raspberrypi.dk\/fi\/\",\"logo\":{\"@type\":\"ImageObject\",\"inLanguage\":\"fi\",\"@id\":\"https:\/\/raspberrypi.dk\/fi\/#\/schema\/logo\/image\/\",\"url\":\"https:\/\/raspberrypi.dk\/wp-content\/uploads\/2017\/05\/RaspberryPidk_logo-2.png\",\"contentUrl\":\"https:\/\/raspberrypi.dk\/wp-content\/uploads\/2017\/05\/RaspberryPidk_logo-2.png\",\"width\":470,\"height\":110,\"caption\":\"RaspberryPi.dk\"},\"image\":{\"@id\":\"https:\/\/raspberrypi.dk\/fi\/#\/schema\/logo\/image\/\"},\"sameAs\":[\"https:\/\/facebook.com\/RaspberryPiDanmark\",\"https:\/\/x.com\/raspberrypidk\",\"https:\/\/instagram.com\/raspberrypi.dk\"]}]}<\/script>\n<!-- \/ Yoast SEO plugin. -->","yoast_head_json":{"title":"GPIO Hammer Header - Ei juottamista \u2022 RaspberryPi.dk","robots":{"index":"index","follow":"follow","max-snippet":"max-snippet:-1","max-image-preview":"max-image-preview:large","max-video-preview":"max-video-preview:-1"},"canonical":"https:\/\/raspberrypi.dk\/fi\/tuote\/gpio-hammer-header-ei-juottamista\/","og_locale":"fi_FI","og_type":"article","og_title":"GPIO Hammer Header - Ei juottamista \u2022 RaspberryPi.dk","og_description":"Pimoroni GPIO Hammer Header - Ei juottamista.  V\u00e4lt\u00e4 juottamista! Vaatii vain muutaman kevyen iskun vasaralla, ja sitten otsikko kiinnittyy tukevasti Pi Zero tai pHAT.","og_url":"https:\/\/raspberrypi.dk\/fi\/tuote\/gpio-hammer-header-ei-juottamista\/","og_site_name":"RaspberryPi.dk","article_publisher":"https:\/\/facebook.com\/RaspberryPiDanmark","article_modified_time":"2025-11-29T20:13:35+00:00","og_image":[{"width":500,"height":500,"url":"https:\/\/raspberrypi.dk\/wp-content\/uploads\/2017\/03\/gpio-hammer-header-alternativ-til-lodning.png","type":"image\/png"}],"twitter_card":"summary_large_image","twitter_site":"@raspberrypidk","twitter_misc":{"Arvioitu lukuaika":"1 minuutti"},"schema":{"@context":"https:\/\/schema.org","@graph":[{"@type":"WebPage","@id":"https:\/\/raspberrypi.dk\/fi\/tuote\/gpio-hammer-header-ei-juottamista\/","url":"https:\/\/raspberrypi.dk\/fi\/tuote\/gpio-hammer-header-ei-juottamista\/","name":"GPIO Hammer Header - Ei juottamista \u2022 RaspberryPi.dk","isPartOf":{"@id":"https:\/\/raspberrypi.dk\/fi\/#website"},"primaryImageOfPage":{"@id":"https:\/\/raspberrypi.dk\/fi\/tuote\/gpio-hammer-header-ei-juottamista\/#primaryimage"},"image":{"@id":"https:\/\/raspberrypi.dk\/fi\/tuote\/gpio-hammer-header-ei-juottamista\/#primaryimage"},"thumbnailUrl":"https:\/\/raspberrypi.dk\/wp-content\/uploads\/2017\/03\/gpio-hammer-header-alternativ-til-lodning.png","datePublished":"2017-05-03T07:45:09+00:00","dateModified":"2025-11-29T20:13:35+00:00","breadcrumb":{"@id":"https:\/\/raspberrypi.dk\/fi\/tuote\/gpio-hammer-header-ei-juottamista\/#breadcrumb"},"inLanguage":"fi","potentialAction":[{"@type":"ReadAction","target":["https:\/\/raspberrypi.dk\/fi\/tuote\/gpio-hammer-header-ei-juottamista\/"]}]},{"@type":"ImageObject","inLanguage":"fi","@id":"https:\/\/raspberrypi.dk\/fi\/tuote\/gpio-hammer-header-ei-juottamista\/#primaryimage","url":"https:\/\/raspberrypi.dk\/wp-content\/uploads\/2017\/03\/gpio-hammer-header-alternativ-til-lodning.png","contentUrl":"https:\/\/raspberrypi.dk\/wp-content\/uploads\/2017\/03\/gpio-hammer-header-alternativ-til-lodning.png","width":500,"height":500,"caption":"gpio vasaran otsikko - v\u00e4lt\u00e4 juottamista"},{"@type":"BreadcrumbList","@id":"https:\/\/raspberrypi.dk\/fi\/tuote\/gpio-hammer-header-ei-juottamista\/#breadcrumb","itemListElement":[{"@type":"ListItem","position":1,"name":"Hjem","item":"https:\/\/raspberrypi.dk\/fi\/raspberry-pi-verkkokauppa\/"},{"@type":"ListItem","position":2,"name":"Shop","item":"https:\/\/raspberrypi.dk\/fi\/shop-2\/"},{"@type":"ListItem","position":3,"name":"GPIO Hammer Header &#8211; Ei juottamista"}]},{"@type":"WebSite","@id":"https:\/\/raspberrypi.dk\/fi\/#website","url":"https:\/\/raspberrypi.dk\/fi\/","name":"RaspberryPi.dk","description":"Danmarks f\u00f8rende Raspberry Pi side!","publisher":{"@id":"https:\/\/raspberrypi.dk\/fi\/#organization"},"potentialAction":[{"@type":"SearchAction","target":{"@type":"EntryPoint","urlTemplate":"https:\/\/raspberrypi.dk\/fi\/?s={search_term_string}"},"query-input":{"@type":"PropertyValueSpecification","valueRequired":true,"valueName":"search_term_string"}}],"inLanguage":"fi"},{"@type":"Organization","@id":"https:\/\/raspberrypi.dk\/fi\/#organization","name":"RaspberryPi.dk","url":"https:\/\/raspberrypi.dk\/fi\/","logo":{"@type":"ImageObject","inLanguage":"fi","@id":"https:\/\/raspberrypi.dk\/fi\/#\/schema\/logo\/image\/","url":"https:\/\/raspberrypi.dk\/wp-content\/uploads\/2017\/05\/RaspberryPidk_logo-2.png","contentUrl":"https:\/\/raspberrypi.dk\/wp-content\/uploads\/2017\/05\/RaspberryPidk_logo-2.png","width":470,"height":110,"caption":"RaspberryPi.dk"},"image":{"@id":"https:\/\/raspberrypi.dk\/fi\/#\/schema\/logo\/image\/"},"sameAs":["https:\/\/facebook.com\/RaspberryPiDanmark","https:\/\/x.com\/raspberrypidk","https:\/\/instagram.com\/raspberrypi.dk"]}]}},"_links":{"self":[{"href":"https:\/\/raspberrypi.dk\/fi\/wp-json\/wp\/v2\/product\/222295","targetHints":{"allow":["GET"]}}],"collection":[{"href":"https:\/\/raspberrypi.dk\/fi\/wp-json\/wp\/v2\/product"}],"about":[{"href":"https:\/\/raspberrypi.dk\/fi\/wp-json\/wp\/v2\/types\/product"}],"replies":[{"embeddable":true,"href":"https:\/\/raspberrypi.dk\/fi\/wp-json\/wp\/v2\/comments?post=222295"}],"wp:featuredmedia":[{"embeddable":true,"href":"https:\/\/raspberrypi.dk\/fi\/wp-json\/wp\/v2\/media\/222296"}],"wp:attachment":[{"href":"https:\/\/raspberrypi.dk\/fi\/wp-json\/wp\/v2\/media?parent=222295"}],"wp:term":[{"taxonomy":"product_brand","embeddable":true,"href":"https:\/\/raspberrypi.dk\/fi\/wp-json\/wp\/v2\/product_brand?post=222295"},{"taxonomy":"product_cat","embeddable":true,"href":"https:\/\/raspberrypi.dk\/fi\/wp-json\/wp\/v2\/product_cat?post=222295"},{"taxonomy":"product_tag","embeddable":true,"href":"https:\/\/raspberrypi.dk\/fi\/wp-json\/wp\/v2\/product_tag?post=222295"}],"curies":[{"name":"wp","href":"https:\/\/api.w.org\/{rel}","templated":true}]}}