{"id":222303,"date":"2017-03-29T18:22:25","date_gmt":"2017-03-29T16:22:25","guid":{"rendered":"https:\/\/raspberrypi.dk\/produkt\/piglow-led-board\/"},"modified":"2024-04-15T18:06:25","modified_gmt":"2024-04-15T16:06:25","slug":"piglow-led-board","status":"publish","type":"product","link":"https:\/\/raspberrypi.dk\/fi\/tuote\/piglow-led-board\/","title":{"rendered":"PiGlow &#8211; LED Board"},"content":{"rendered":"<p>Yhteensopiva kaikkien Raspberry Pi -mallien kanssa.<\/p>\n<p>Vaihtoehtoja on monia, esim.<\/p>\n<ul>\n<li>Tunnelmavalo \/ tunnelma<\/li>\n<li>N\u00e4ytt\u00e4\u00e4 j\u00e4rjestelm\u00e4n kuormituksen<\/li>\n<li>Ota selv\u00e4\u00e4 tapahtumista, kuten maininnat twiiteiss\u00e4 tai saapuvissa s\u00e4hk\u00f6postiviesteiss\u00e4<\/li>\n<li>Palaute Pi:n tilaskripteist\u00e4 \/ demoneista<\/li>\n<li>N\u00e4ytt\u00e4\u00e4 todella hyv\u00e4lt\u00e4, jos Pi on <a href=\"https:\/\/raspberrypi.dk\/produkt\/omnivesa-vesa-mount-raspberry-pi\/\">VESA-asennettu<\/a> antamaan valoa sein\u00e4\u00e4 vasten<\/li>\n<li>&#8230; ja paljon muuta mit\u00e4 voit ajatella!<\/li>\n<\/ul>\n<h3><strong>PiGlow programmer<\/strong><\/h3>\n<p>Python-koodiesimerkkej\u00e4 on paljon, tarkista vain <a href=\"https:\/\/github.com\/pimoroni\/piglow\" target=\"_blank\" rel=\"noopener noreferrer\">GitHub repository<\/a> , jossa on my\u00f6s t\u00e4ydellinen tietolomake PiGlowissa k\u00e4ytetyst\u00e4 IC:st\u00e4.<\/p>\n","protected":false},"excerpt":{"rendered":"<p><strong>Pimoroni PiGlow.<\/strong><span id=\"result_box\" class=\"\" lang=\"da\"><\/span><\/p>\n<p>PiGlow on pieni lis\u00e4levy Raspberry Pi:lle, joka sis\u00e4lt\u00e4\u00e4 18 erikseen ohjattavaa LEDi\u00e4. Sit\u00e4 voidaan k\u00e4ytt\u00e4\u00e4 kaikkeen, ja sitten se sopii <a href=\"https:\/\/raspberrypi.dk\/fi\/myymala\/kategoria\/raspberry-pi-kotelo\/\">PiBow-kotelon<\/a> sis\u00e4\u00e4n ja tarjoaa todella mukavan valon television taakse, jos Pi on <a href=\"https:\/\/raspberrypi.dk\/fi\/tuote\/omnivesa-vesa-mount-raspberry-pille\/\">VESA-asennettu.<\/a><\/p>\n","protected":false},"featured_media":222304,"comment_status":"open","ping_status":"closed","template":"","meta":[],"product_brand":[],"product_cat":[732],"product_tag":[719,718],"class_list":{"0":"post-222303","1":"product","2":"type-product","3":"status-publish","4":"has-post-thumbnail","6":"product_cat-hats-gpio","7":"product_tag-rpi4-fi","8":"product_tag-rpi5-fi","10":"first","11":"outofstock","12":"taxable","13":"shipping-taxable","14":"purchasable","15":"product-type-simple"},"composite_virtual":false,"composite_layout":"","composite_add_to_cart_form_location":"","composite_editable_in_cart":false,"composite_sold_individually_context":"","composite_shop_price_calc":"","composite_components":[],"composite_scenarios":[],"bundled_by":[],"bundle_stock_status":"outofstock","bundle_stock_quantity":0,"bundle_virtual":false,"bundle_layout":"","bundle_add_to_cart_form_location":"","bundle_editable_in_cart":false,"bundle_sold_individually_context":"","bundle_item_grouping":"","bundle_min_size":"","bundle_max_size":"","bundle_price":[],"bundled_items":[],"bundle_sell_ids":[],"yoast_head":"<!-- This site is optimized with the Yoast SEO plugin v27.1.1 - https:\/\/yoast.com\/product\/yoast-seo-wordpress\/ -->\n<title>PiGlow - LED Board \u2022 RaspberryPi.dk<\/title>\n<meta name=\"robots\" content=\"index, follow, max-snippet:-1, max-image-preview:large, max-video-preview:-1\" \/>\n<link rel=\"canonical\" href=\"https:\/\/raspberrypi.dk\/fi\/tuote\/piglow-led-board\/\" \/>\n<meta property=\"og:locale\" content=\"fi_FI\" \/>\n<meta property=\"og:type\" content=\"article\" \/>\n<meta property=\"og:title\" content=\"PiGlow - LED Board \u2022 RaspberryPi.dk\" \/>\n<meta property=\"og:description\" content=\"Pimoroni PiGlow.  PiGlow on pieni lis\u00e4levy Raspberry Pi:lle, joka sis\u00e4lt\u00e4\u00e4 18 erikseen ohjattavaa LEDi\u00e4. Sit\u00e4 voidaan k\u00e4ytt\u00e4\u00e4 kaikkeen, ja sitten se sopii PiBow-kotelon sis\u00e4\u00e4n ja tarjoaa todella mukavan valon television taakse, jos Pi on VESA-asennettu.\" \/>\n<meta property=\"og:url\" content=\"https:\/\/raspberrypi.dk\/fi\/tuote\/piglow-led-board\/\" \/>\n<meta property=\"og:site_name\" content=\"RaspberryPi.dk\" \/>\n<meta property=\"article:publisher\" content=\"https:\/\/facebook.com\/RaspberryPiDanmark\" \/>\n<meta property=\"article:modified_time\" content=\"2024-04-15T16:06:25+00:00\" \/>\n<meta property=\"og:image\" content=\"https:\/\/raspberrypi.dk\/wp-content\/uploads\/2017\/03\/piglow-led-board-raspberry-pi.png\" \/>\n\t<meta property=\"og:image:width\" content=\"500\" \/>\n\t<meta property=\"og:image:height\" content=\"500\" \/>\n\t<meta property=\"og:image:type\" content=\"image\/png\" \/>\n<meta name=\"twitter:card\" content=\"summary_large_image\" \/>\n<meta name=\"twitter:site\" content=\"@raspberrypidk\" \/>\n<meta name=\"twitter:label1\" content=\"Arvioitu lukuaika\" \/>\n\t<meta name=\"twitter:data1\" content=\"1 minuutti\" \/>\n<script type=\"application\/ld+json\" class=\"yoast-schema-graph\">{\"@context\":\"https:\/\/schema.org\",\"@graph\":[{\"@type\":\"WebPage\",\"@id\":\"https:\/\/raspberrypi.dk\/fi\/tuote\/piglow-led-board\/\",\"url\":\"https:\/\/raspberrypi.dk\/fi\/tuote\/piglow-led-board\/\",\"name\":\"PiGlow - LED Board \u2022 RaspberryPi.dk\",\"isPartOf\":{\"@id\":\"https:\/\/raspberrypi.dk\/fi\/#website\"},\"primaryImageOfPage\":{\"@id\":\"https:\/\/raspberrypi.dk\/fi\/tuote\/piglow-led-board\/#primaryimage\"},\"image\":{\"@id\":\"https:\/\/raspberrypi.dk\/fi\/tuote\/piglow-led-board\/#primaryimage\"},\"thumbnailUrl\":\"https:\/\/raspberrypi.dk\/wp-content\/uploads\/2017\/03\/piglow-led-board-raspberry-pi.png\",\"datePublished\":\"2017-03-29T16:22:25+00:00\",\"dateModified\":\"2024-04-15T16:06:25+00:00\",\"breadcrumb\":{\"@id\":\"https:\/\/raspberrypi.dk\/fi\/tuote\/piglow-led-board\/#breadcrumb\"},\"inLanguage\":\"fi\",\"potentialAction\":[{\"@type\":\"ReadAction\",\"target\":[\"https:\/\/raspberrypi.dk\/fi\/tuote\/piglow-led-board\/\"]}]},{\"@type\":\"ImageObject\",\"inLanguage\":\"fi\",\"@id\":\"https:\/\/raspberrypi.dk\/fi\/tuote\/piglow-led-board\/#primaryimage\",\"url\":\"https:\/\/raspberrypi.dk\/wp-content\/uploads\/2017\/03\/piglow-led-board-raspberry-pi.png\",\"contentUrl\":\"https:\/\/raspberrypi.dk\/wp-content\/uploads\/2017\/03\/piglow-led-board-raspberry-pi.png\",\"width\":500,\"height\":500,\"caption\":\"pimoroni piglow\"},{\"@type\":\"BreadcrumbList\",\"@id\":\"https:\/\/raspberrypi.dk\/fi\/tuote\/piglow-led-board\/#breadcrumb\",\"itemListElement\":[{\"@type\":\"ListItem\",\"position\":1,\"name\":\"Hjem\",\"item\":\"https:\/\/raspberrypi.dk\/fi\/raspberry-pi-verkkokauppa\/\"},{\"@type\":\"ListItem\",\"position\":2,\"name\":\"Shop\",\"item\":\"https:\/\/raspberrypi.dk\/fi\/shop-2\/\"},{\"@type\":\"ListItem\",\"position\":3,\"name\":\"PiGlow &#8211; LED Board\"}]},{\"@type\":\"WebSite\",\"@id\":\"https:\/\/raspberrypi.dk\/fi\/#website\",\"url\":\"https:\/\/raspberrypi.dk\/fi\/\",\"name\":\"RaspberryPi.dk\",\"description\":\"Danmarks f\u00f8rende Raspberry Pi side!\",\"publisher\":{\"@id\":\"https:\/\/raspberrypi.dk\/fi\/#organization\"},\"potentialAction\":[{\"@type\":\"SearchAction\",\"target\":{\"@type\":\"EntryPoint\",\"urlTemplate\":\"https:\/\/raspberrypi.dk\/fi\/?s={search_term_string}\"},\"query-input\":{\"@type\":\"PropertyValueSpecification\",\"valueRequired\":true,\"valueName\":\"search_term_string\"}}],\"inLanguage\":\"fi\"},{\"@type\":\"Organization\",\"@id\":\"https:\/\/raspberrypi.dk\/fi\/#organization\",\"name\":\"RaspberryPi.dk\",\"url\":\"https:\/\/raspberrypi.dk\/fi\/\",\"logo\":{\"@type\":\"ImageObject\",\"inLanguage\":\"fi\",\"@id\":\"https:\/\/raspberrypi.dk\/fi\/#\/schema\/logo\/image\/\",\"url\":\"https:\/\/raspberrypi.dk\/wp-content\/uploads\/2017\/05\/RaspberryPidk_logo-2.png\",\"contentUrl\":\"https:\/\/raspberrypi.dk\/wp-content\/uploads\/2017\/05\/RaspberryPidk_logo-2.png\",\"width\":470,\"height\":110,\"caption\":\"RaspberryPi.dk\"},\"image\":{\"@id\":\"https:\/\/raspberrypi.dk\/fi\/#\/schema\/logo\/image\/\"},\"sameAs\":[\"https:\/\/facebook.com\/RaspberryPiDanmark\",\"https:\/\/x.com\/raspberrypidk\",\"https:\/\/instagram.com\/raspberrypi.dk\"]}]}<\/script>\n<!-- \/ Yoast SEO plugin. -->","yoast_head_json":{"title":"PiGlow - LED Board \u2022 RaspberryPi.dk","robots":{"index":"index","follow":"follow","max-snippet":"max-snippet:-1","max-image-preview":"max-image-preview:large","max-video-preview":"max-video-preview:-1"},"canonical":"https:\/\/raspberrypi.dk\/fi\/tuote\/piglow-led-board\/","og_locale":"fi_FI","og_type":"article","og_title":"PiGlow - LED Board \u2022 RaspberryPi.dk","og_description":"Pimoroni PiGlow.  PiGlow on pieni lis\u00e4levy Raspberry Pi:lle, joka sis\u00e4lt\u00e4\u00e4 18 erikseen ohjattavaa LEDi\u00e4. Sit\u00e4 voidaan k\u00e4ytt\u00e4\u00e4 kaikkeen, ja sitten se sopii PiBow-kotelon sis\u00e4\u00e4n ja tarjoaa todella mukavan valon television taakse, jos Pi on VESA-asennettu.","og_url":"https:\/\/raspberrypi.dk\/fi\/tuote\/piglow-led-board\/","og_site_name":"RaspberryPi.dk","article_publisher":"https:\/\/facebook.com\/RaspberryPiDanmark","article_modified_time":"2024-04-15T16:06:25+00:00","og_image":[{"width":500,"height":500,"url":"https:\/\/raspberrypi.dk\/wp-content\/uploads\/2017\/03\/piglow-led-board-raspberry-pi.png","type":"image\/png"}],"twitter_card":"summary_large_image","twitter_site":"@raspberrypidk","twitter_misc":{"Arvioitu lukuaika":"1 minuutti"},"schema":{"@context":"https:\/\/schema.org","@graph":[{"@type":"WebPage","@id":"https:\/\/raspberrypi.dk\/fi\/tuote\/piglow-led-board\/","url":"https:\/\/raspberrypi.dk\/fi\/tuote\/piglow-led-board\/","name":"PiGlow - LED Board \u2022 RaspberryPi.dk","isPartOf":{"@id":"https:\/\/raspberrypi.dk\/fi\/#website"},"primaryImageOfPage":{"@id":"https:\/\/raspberrypi.dk\/fi\/tuote\/piglow-led-board\/#primaryimage"},"image":{"@id":"https:\/\/raspberrypi.dk\/fi\/tuote\/piglow-led-board\/#primaryimage"},"thumbnailUrl":"https:\/\/raspberrypi.dk\/wp-content\/uploads\/2017\/03\/piglow-led-board-raspberry-pi.png","datePublished":"2017-03-29T16:22:25+00:00","dateModified":"2024-04-15T16:06:25+00:00","breadcrumb":{"@id":"https:\/\/raspberrypi.dk\/fi\/tuote\/piglow-led-board\/#breadcrumb"},"inLanguage":"fi","potentialAction":[{"@type":"ReadAction","target":["https:\/\/raspberrypi.dk\/fi\/tuote\/piglow-led-board\/"]}]},{"@type":"ImageObject","inLanguage":"fi","@id":"https:\/\/raspberrypi.dk\/fi\/tuote\/piglow-led-board\/#primaryimage","url":"https:\/\/raspberrypi.dk\/wp-content\/uploads\/2017\/03\/piglow-led-board-raspberry-pi.png","contentUrl":"https:\/\/raspberrypi.dk\/wp-content\/uploads\/2017\/03\/piglow-led-board-raspberry-pi.png","width":500,"height":500,"caption":"pimoroni piglow"},{"@type":"BreadcrumbList","@id":"https:\/\/raspberrypi.dk\/fi\/tuote\/piglow-led-board\/#breadcrumb","itemListElement":[{"@type":"ListItem","position":1,"name":"Hjem","item":"https:\/\/raspberrypi.dk\/fi\/raspberry-pi-verkkokauppa\/"},{"@type":"ListItem","position":2,"name":"Shop","item":"https:\/\/raspberrypi.dk\/fi\/shop-2\/"},{"@type":"ListItem","position":3,"name":"PiGlow &#8211; LED Board"}]},{"@type":"WebSite","@id":"https:\/\/raspberrypi.dk\/fi\/#website","url":"https:\/\/raspberrypi.dk\/fi\/","name":"RaspberryPi.dk","description":"Danmarks f\u00f8rende Raspberry Pi side!","publisher":{"@id":"https:\/\/raspberrypi.dk\/fi\/#organization"},"potentialAction":[{"@type":"SearchAction","target":{"@type":"EntryPoint","urlTemplate":"https:\/\/raspberrypi.dk\/fi\/?s={search_term_string}"},"query-input":{"@type":"PropertyValueSpecification","valueRequired":true,"valueName":"search_term_string"}}],"inLanguage":"fi"},{"@type":"Organization","@id":"https:\/\/raspberrypi.dk\/fi\/#organization","name":"RaspberryPi.dk","url":"https:\/\/raspberrypi.dk\/fi\/","logo":{"@type":"ImageObject","inLanguage":"fi","@id":"https:\/\/raspberrypi.dk\/fi\/#\/schema\/logo\/image\/","url":"https:\/\/raspberrypi.dk\/wp-content\/uploads\/2017\/05\/RaspberryPidk_logo-2.png","contentUrl":"https:\/\/raspberrypi.dk\/wp-content\/uploads\/2017\/05\/RaspberryPidk_logo-2.png","width":470,"height":110,"caption":"RaspberryPi.dk"},"image":{"@id":"https:\/\/raspberrypi.dk\/fi\/#\/schema\/logo\/image\/"},"sameAs":["https:\/\/facebook.com\/RaspberryPiDanmark","https:\/\/x.com\/raspberrypidk","https:\/\/instagram.com\/raspberrypi.dk"]}]}},"_links":{"self":[{"href":"https:\/\/raspberrypi.dk\/fi\/wp-json\/wp\/v2\/product\/222303","targetHints":{"allow":["GET"]}}],"collection":[{"href":"https:\/\/raspberrypi.dk\/fi\/wp-json\/wp\/v2\/product"}],"about":[{"href":"https:\/\/raspberrypi.dk\/fi\/wp-json\/wp\/v2\/types\/product"}],"replies":[{"embeddable":true,"href":"https:\/\/raspberrypi.dk\/fi\/wp-json\/wp\/v2\/comments?post=222303"}],"wp:featuredmedia":[{"embeddable":true,"href":"https:\/\/raspberrypi.dk\/fi\/wp-json\/wp\/v2\/media\/222304"}],"wp:attachment":[{"href":"https:\/\/raspberrypi.dk\/fi\/wp-json\/wp\/v2\/media?parent=222303"}],"wp:term":[{"taxonomy":"product_brand","embeddable":true,"href":"https:\/\/raspberrypi.dk\/fi\/wp-json\/wp\/v2\/product_brand?post=222303"},{"taxonomy":"product_cat","embeddable":true,"href":"https:\/\/raspberrypi.dk\/fi\/wp-json\/wp\/v2\/product_cat?post=222303"},{"taxonomy":"product_tag","embeddable":true,"href":"https:\/\/raspberrypi.dk\/fi\/wp-json\/wp\/v2\/product_tag?post=222303"}],"curies":[{"name":"wp","href":"https:\/\/api.w.org\/{rel}","templated":true}]}}