{"id":222319,"date":"2015-02-02T11:41:49","date_gmt":"2015-02-02T10:41:49","guid":{"rendered":"https:\/\/raspberrypi.dk\/produkt\/raspberry-pi-2-model-b\/"},"modified":"2025-02-08T21:10:14","modified_gmt":"2025-02-08T20:10:14","slug":"raspberry-pi-2-model-b","status":"publish","type":"product","link":"https:\/\/raspberrypi.dk\/fi\/tuote\/raspberry-pi-2-model-b\/","title":{"rendered":"Raspberry Pi 2 Model B"},"content":{"rendered":"<p>Raspberry Pi 2 Model B on 6 kertaa nopeampi versio Raspberry Pi B+. Raspberry Pi 2 on Linux \/ Windows 10 ja se k\u00e4ynnistyy SD-kortilta (ei sis\u00e4lly). Raspberry Pi 2 model B on laaja valikoima k\u00e4ytt\u00f6mahdollisuuksia, ja on my\u00f6s suositeltavaa ostaa lis\u00e4tarvikkeita, kuten virtal\u00e4hde, micro SD -kortti, kaappi ja USB-tarvikkeet t\u00e4\u00e4lt\u00e4 myym\u00e4l\u00e4st\u00e4.<\/p>\n<p>Voit lukea paljon lis\u00e4\u00e4 Raspberry Pi 2, sen takana olevasta perustasta, projekteista tietokoneen kanssa t\u00e4lt\u00e4 sivulta uutisartikkelien ja eritt\u00e4in aktiivisen foorumin muodossa.<\/p>\n","protected":false},"excerpt":{"rendered":"<p><strong>T\u00e4m\u00e4 on versio 1.2, jossa on BCM2837.<\/strong> Raspberry Pi 2 Model B: Se on 6 kertaa nopeampi kuin edelt\u00e4j\u00e4ns\u00e4, ja siin\u00e4 on kaksi kertaa enemm\u00e4n muistia (RAM) kuin B+. Lis\u00e4ksi se on t\u00e4ysin taaksep\u00e4in yhteensopiva nykyisen Model B+:n kanssa.<\/p>\n<p><strong>Tekniset tiedot:<\/strong><\/p>\n<p>Broadcom BCM2837 ARMv7 -neliydinsuoritin (900 MHz)<br \/>\n1GB SDRAM<br \/>\n40pin GPIO<br \/>\n4 x USB-portit<br \/>\n4-napainen stereol\u00e4ht\u00f6 ja\u00a0komposiittivideoportti<br \/>\nT\u00e4ysikokoinen HDMI<br \/>\nCSI-kameraportti<br \/>\nDSI-n\u00e4ytt\u00f6portti<br \/>\nMicro SD -portti<br \/>\nMicro USB-portti virtaa varten<\/p>\n<p><strong>Raspberry Pi 2 Model B ominaisuudet:<\/strong><\/p>\n<p>6x nopeampi &#8211; Broadcom BCM2836 ARMv7 -neliydinprosessori (900 MHz)<br \/>\nKaksoismuisti &#8211; 1 Gt SDRAM suurempia ja nopeampia ohjelmia varten<br \/>\nSama levyasettelu \/ piirilevy kuin mallissa B+<br \/>\nHAT yhteensopiva<br \/>\n40-nastainen GPIO harrastusprojekteihin, ensimm\u00e4iset 26 nastaa ovat identtisi\u00e4 Model A:n ja Model B:n kanssa.<br \/>\nSuoratoista videota 1080p<br \/>\nJopa 1,2 ampeeria USB-porteille (vaatii 2A virtal\u00e4hteen)<br \/>\n10\/100 Ethernet-portti<br \/>\nYhdistetty 4-napainen liitin<\/p>\n","protected":false},"featured_media":222320,"comment_status":"open","ping_status":"closed","template":"","meta":[],"product_brand":[],"product_cat":[738],"product_tag":[],"class_list":{"0":"post-222319","1":"product","2":"type-product","3":"status-publish","4":"has-post-thumbnail","6":"product_cat-raspberry-pi","8":"first","9":"outofstock","10":"taxable","11":"shipping-taxable","12":"purchasable","13":"product-type-simple"},"composite_virtual":false,"composite_layout":"","composite_add_to_cart_form_location":"","composite_editable_in_cart":false,"composite_sold_individually_context":"","composite_shop_price_calc":"","composite_components":[],"composite_scenarios":[],"bundled_by":[],"bundle_stock_status":"outofstock","bundle_stock_quantity":0,"bundle_virtual":false,"bundle_layout":"","bundle_add_to_cart_form_location":"","bundle_editable_in_cart":false,"bundle_sold_individually_context":"","bundle_item_grouping":"","bundle_min_size":"","bundle_max_size":"","bundle_price":[],"bundled_items":[],"bundle_sell_ids":[],"yoast_head":"<!-- This site is optimized with the Yoast SEO plugin v27.1.1 - https:\/\/yoast.com\/product\/yoast-seo-wordpress\/ -->\n<title>Raspberry Pi 2 Model B \u2022 RaspberryPi.dk<\/title>\n<meta name=\"description\" content=\"Raspberry Pi 2 Model B:t\u00e4 voi ostaa edullisesti osoitteesta RaspberryPi.dk. Se on 6 kertaa nopeampi ja siin\u00e4 on 1 Gt RAM-muistia. Raspberry Pi 2:n virallinen tanskalainen jakelija.\" \/>\n<meta name=\"robots\" content=\"index, follow, max-snippet:-1, max-image-preview:large, max-video-preview:-1\" \/>\n<link rel=\"canonical\" href=\"https:\/\/raspberrypi.dk\/fi\/tuote\/raspberry-pi-2-model-b\/\" \/>\n<meta property=\"og:locale\" content=\"fi_FI\" \/>\n<meta property=\"og:type\" content=\"article\" \/>\n<meta property=\"og:title\" content=\"Raspberry Pi 2 Model B \u2022 RaspberryPi.dk\" \/>\n<meta property=\"og:description\" content=\"Raspberry Pi 2 Model B:t\u00e4 voi ostaa edullisesti osoitteesta RaspberryPi.dk. Se on 6 kertaa nopeampi ja siin\u00e4 on 1 Gt RAM-muistia. Raspberry Pi 2:n virallinen tanskalainen jakelija.\" \/>\n<meta property=\"og:url\" content=\"https:\/\/raspberrypi.dk\/fi\/tuote\/raspberry-pi-2-model-b\/\" \/>\n<meta property=\"og:site_name\" content=\"RaspberryPi.dk\" \/>\n<meta property=\"article:publisher\" content=\"https:\/\/facebook.com\/RaspberryPiDanmark\" \/>\n<meta property=\"article:modified_time\" content=\"2025-02-08T20:10:14+00:00\" \/>\n<meta property=\"og:image\" content=\"https:\/\/raspberrypi.dk\/wp-content\/uploads\/2015\/02\/raspberry-pi-2-model-b.png\" \/>\n\t<meta property=\"og:image:width\" content=\"500\" \/>\n\t<meta property=\"og:image:height\" content=\"500\" \/>\n\t<meta property=\"og:image:type\" content=\"image\/png\" \/>\n<meta name=\"twitter:card\" content=\"summary_large_image\" \/>\n<meta name=\"twitter:site\" content=\"@raspberrypidk\" \/>\n<meta name=\"twitter:label1\" content=\"Arvioitu lukuaika\" \/>\n\t<meta name=\"twitter:data1\" content=\"1 minuutti\" \/>\n<script type=\"application\/ld+json\" class=\"yoast-schema-graph\">{\"@context\":\"https:\/\/schema.org\",\"@graph\":[{\"@type\":\"WebPage\",\"@id\":\"https:\/\/raspberrypi.dk\/fi\/tuote\/raspberry-pi-2-model-b\/\",\"url\":\"https:\/\/raspberrypi.dk\/fi\/tuote\/raspberry-pi-2-model-b\/\",\"name\":\"Raspberry Pi 2 Model B \u2022 RaspberryPi.dk\",\"isPartOf\":{\"@id\":\"https:\/\/raspberrypi.dk\/fi\/#website\"},\"primaryImageOfPage\":{\"@id\":\"https:\/\/raspberrypi.dk\/fi\/tuote\/raspberry-pi-2-model-b\/#primaryimage\"},\"image\":{\"@id\":\"https:\/\/raspberrypi.dk\/fi\/tuote\/raspberry-pi-2-model-b\/#primaryimage\"},\"thumbnailUrl\":\"https:\/\/raspberrypi.dk\/wp-content\/uploads\/2015\/02\/raspberry-pi-2-model-b.png\",\"datePublished\":\"2015-02-02T10:41:49+00:00\",\"dateModified\":\"2025-02-08T20:10:14+00:00\",\"description\":\"Raspberry Pi 2 Model B:t\u00e4 voi ostaa edullisesti osoitteesta RaspberryPi.dk. Se on 6 kertaa nopeampi ja siin\u00e4 on 1 Gt RAM-muistia. Raspberry Pi 2:n virallinen tanskalainen jakelija.\",\"breadcrumb\":{\"@id\":\"https:\/\/raspberrypi.dk\/fi\/tuote\/raspberry-pi-2-model-b\/#breadcrumb\"},\"inLanguage\":\"fi\",\"potentialAction\":[{\"@type\":\"ReadAction\",\"target\":[\"https:\/\/raspberrypi.dk\/fi\/tuote\/raspberry-pi-2-model-b\/\"]}]},{\"@type\":\"ImageObject\",\"inLanguage\":\"fi\",\"@id\":\"https:\/\/raspberrypi.dk\/fi\/tuote\/raspberry-pi-2-model-b\/#primaryimage\",\"url\":\"https:\/\/raspberrypi.dk\/wp-content\/uploads\/2015\/02\/raspberry-pi-2-model-b.png\",\"contentUrl\":\"https:\/\/raspberrypi.dk\/wp-content\/uploads\/2015\/02\/raspberry-pi-2-model-b.png\",\"width\":500,\"height\":500,\"caption\":\"raspberry pi 2 model b\"},{\"@type\":\"BreadcrumbList\",\"@id\":\"https:\/\/raspberrypi.dk\/fi\/tuote\/raspberry-pi-2-model-b\/#breadcrumb\",\"itemListElement\":[{\"@type\":\"ListItem\",\"position\":1,\"name\":\"Hjem\",\"item\":\"https:\/\/raspberrypi.dk\/fi\/raspberry-pi-verkkokauppa\/\"},{\"@type\":\"ListItem\",\"position\":2,\"name\":\"Shop\",\"item\":\"https:\/\/raspberrypi.dk\/fi\/shop-2\/\"},{\"@type\":\"ListItem\",\"position\":3,\"name\":\"Raspberry Pi 2 Model B\"}]},{\"@type\":\"WebSite\",\"@id\":\"https:\/\/raspberrypi.dk\/fi\/#website\",\"url\":\"https:\/\/raspberrypi.dk\/fi\/\",\"name\":\"RaspberryPi.dk\",\"description\":\"Danmarks f\u00f8rende Raspberry Pi side!\",\"publisher\":{\"@id\":\"https:\/\/raspberrypi.dk\/fi\/#organization\"},\"potentialAction\":[{\"@type\":\"SearchAction\",\"target\":{\"@type\":\"EntryPoint\",\"urlTemplate\":\"https:\/\/raspberrypi.dk\/fi\/?s={search_term_string}\"},\"query-input\":{\"@type\":\"PropertyValueSpecification\",\"valueRequired\":true,\"valueName\":\"search_term_string\"}}],\"inLanguage\":\"fi\"},{\"@type\":\"Organization\",\"@id\":\"https:\/\/raspberrypi.dk\/fi\/#organization\",\"name\":\"RaspberryPi.dk\",\"url\":\"https:\/\/raspberrypi.dk\/fi\/\",\"logo\":{\"@type\":\"ImageObject\",\"inLanguage\":\"fi\",\"@id\":\"https:\/\/raspberrypi.dk\/fi\/#\/schema\/logo\/image\/\",\"url\":\"https:\/\/raspberrypi.dk\/wp-content\/uploads\/2017\/05\/RaspberryPidk_logo-2.png\",\"contentUrl\":\"https:\/\/raspberrypi.dk\/wp-content\/uploads\/2017\/05\/RaspberryPidk_logo-2.png\",\"width\":470,\"height\":110,\"caption\":\"RaspberryPi.dk\"},\"image\":{\"@id\":\"https:\/\/raspberrypi.dk\/fi\/#\/schema\/logo\/image\/\"},\"sameAs\":[\"https:\/\/facebook.com\/RaspberryPiDanmark\",\"https:\/\/x.com\/raspberrypidk\",\"https:\/\/instagram.com\/raspberrypi.dk\"]}]}<\/script>\n<!-- \/ Yoast SEO plugin. -->","yoast_head_json":{"title":"Raspberry Pi 2 Model B \u2022 RaspberryPi.dk","description":"Raspberry Pi 2 Model B:t\u00e4 voi ostaa edullisesti osoitteesta RaspberryPi.dk. Se on 6 kertaa nopeampi ja siin\u00e4 on 1 Gt RAM-muistia. Raspberry Pi 2:n virallinen tanskalainen jakelija.","robots":{"index":"index","follow":"follow","max-snippet":"max-snippet:-1","max-image-preview":"max-image-preview:large","max-video-preview":"max-video-preview:-1"},"canonical":"https:\/\/raspberrypi.dk\/fi\/tuote\/raspberry-pi-2-model-b\/","og_locale":"fi_FI","og_type":"article","og_title":"Raspberry Pi 2 Model B \u2022 RaspberryPi.dk","og_description":"Raspberry Pi 2 Model B:t\u00e4 voi ostaa edullisesti osoitteesta RaspberryPi.dk. Se on 6 kertaa nopeampi ja siin\u00e4 on 1 Gt RAM-muistia. Raspberry Pi 2:n virallinen tanskalainen jakelija.","og_url":"https:\/\/raspberrypi.dk\/fi\/tuote\/raspberry-pi-2-model-b\/","og_site_name":"RaspberryPi.dk","article_publisher":"https:\/\/facebook.com\/RaspberryPiDanmark","article_modified_time":"2025-02-08T20:10:14+00:00","og_image":[{"width":500,"height":500,"url":"https:\/\/raspberrypi.dk\/wp-content\/uploads\/2015\/02\/raspberry-pi-2-model-b.png","type":"image\/png"}],"twitter_card":"summary_large_image","twitter_site":"@raspberrypidk","twitter_misc":{"Arvioitu lukuaika":"1 minuutti"},"schema":{"@context":"https:\/\/schema.org","@graph":[{"@type":"WebPage","@id":"https:\/\/raspberrypi.dk\/fi\/tuote\/raspberry-pi-2-model-b\/","url":"https:\/\/raspberrypi.dk\/fi\/tuote\/raspberry-pi-2-model-b\/","name":"Raspberry Pi 2 Model B \u2022 RaspberryPi.dk","isPartOf":{"@id":"https:\/\/raspberrypi.dk\/fi\/#website"},"primaryImageOfPage":{"@id":"https:\/\/raspberrypi.dk\/fi\/tuote\/raspberry-pi-2-model-b\/#primaryimage"},"image":{"@id":"https:\/\/raspberrypi.dk\/fi\/tuote\/raspberry-pi-2-model-b\/#primaryimage"},"thumbnailUrl":"https:\/\/raspberrypi.dk\/wp-content\/uploads\/2015\/02\/raspberry-pi-2-model-b.png","datePublished":"2015-02-02T10:41:49+00:00","dateModified":"2025-02-08T20:10:14+00:00","description":"Raspberry Pi 2 Model B:t\u00e4 voi ostaa edullisesti osoitteesta RaspberryPi.dk. Se on 6 kertaa nopeampi ja siin\u00e4 on 1 Gt RAM-muistia. Raspberry Pi 2:n virallinen tanskalainen jakelija.","breadcrumb":{"@id":"https:\/\/raspberrypi.dk\/fi\/tuote\/raspberry-pi-2-model-b\/#breadcrumb"},"inLanguage":"fi","potentialAction":[{"@type":"ReadAction","target":["https:\/\/raspberrypi.dk\/fi\/tuote\/raspberry-pi-2-model-b\/"]}]},{"@type":"ImageObject","inLanguage":"fi","@id":"https:\/\/raspberrypi.dk\/fi\/tuote\/raspberry-pi-2-model-b\/#primaryimage","url":"https:\/\/raspberrypi.dk\/wp-content\/uploads\/2015\/02\/raspberry-pi-2-model-b.png","contentUrl":"https:\/\/raspberrypi.dk\/wp-content\/uploads\/2015\/02\/raspberry-pi-2-model-b.png","width":500,"height":500,"caption":"raspberry pi 2 model b"},{"@type":"BreadcrumbList","@id":"https:\/\/raspberrypi.dk\/fi\/tuote\/raspberry-pi-2-model-b\/#breadcrumb","itemListElement":[{"@type":"ListItem","position":1,"name":"Hjem","item":"https:\/\/raspberrypi.dk\/fi\/raspberry-pi-verkkokauppa\/"},{"@type":"ListItem","position":2,"name":"Shop","item":"https:\/\/raspberrypi.dk\/fi\/shop-2\/"},{"@type":"ListItem","position":3,"name":"Raspberry Pi 2 Model B"}]},{"@type":"WebSite","@id":"https:\/\/raspberrypi.dk\/fi\/#website","url":"https:\/\/raspberrypi.dk\/fi\/","name":"RaspberryPi.dk","description":"Danmarks f\u00f8rende Raspberry Pi side!","publisher":{"@id":"https:\/\/raspberrypi.dk\/fi\/#organization"},"potentialAction":[{"@type":"SearchAction","target":{"@type":"EntryPoint","urlTemplate":"https:\/\/raspberrypi.dk\/fi\/?s={search_term_string}"},"query-input":{"@type":"PropertyValueSpecification","valueRequired":true,"valueName":"search_term_string"}}],"inLanguage":"fi"},{"@type":"Organization","@id":"https:\/\/raspberrypi.dk\/fi\/#organization","name":"RaspberryPi.dk","url":"https:\/\/raspberrypi.dk\/fi\/","logo":{"@type":"ImageObject","inLanguage":"fi","@id":"https:\/\/raspberrypi.dk\/fi\/#\/schema\/logo\/image\/","url":"https:\/\/raspberrypi.dk\/wp-content\/uploads\/2017\/05\/RaspberryPidk_logo-2.png","contentUrl":"https:\/\/raspberrypi.dk\/wp-content\/uploads\/2017\/05\/RaspberryPidk_logo-2.png","width":470,"height":110,"caption":"RaspberryPi.dk"},"image":{"@id":"https:\/\/raspberrypi.dk\/fi\/#\/schema\/logo\/image\/"},"sameAs":["https:\/\/facebook.com\/RaspberryPiDanmark","https:\/\/x.com\/raspberrypidk","https:\/\/instagram.com\/raspberrypi.dk"]}]}},"_links":{"self":[{"href":"https:\/\/raspberrypi.dk\/fi\/wp-json\/wp\/v2\/product\/222319","targetHints":{"allow":["GET"]}}],"collection":[{"href":"https:\/\/raspberrypi.dk\/fi\/wp-json\/wp\/v2\/product"}],"about":[{"href":"https:\/\/raspberrypi.dk\/fi\/wp-json\/wp\/v2\/types\/product"}],"replies":[{"embeddable":true,"href":"https:\/\/raspberrypi.dk\/fi\/wp-json\/wp\/v2\/comments?post=222319"}],"wp:featuredmedia":[{"embeddable":true,"href":"https:\/\/raspberrypi.dk\/fi\/wp-json\/wp\/v2\/media\/222320"}],"wp:attachment":[{"href":"https:\/\/raspberrypi.dk\/fi\/wp-json\/wp\/v2\/media?parent=222319"}],"wp:term":[{"taxonomy":"product_brand","embeddable":true,"href":"https:\/\/raspberrypi.dk\/fi\/wp-json\/wp\/v2\/product_brand?post=222319"},{"taxonomy":"product_cat","embeddable":true,"href":"https:\/\/raspberrypi.dk\/fi\/wp-json\/wp\/v2\/product_cat?post=222319"},{"taxonomy":"product_tag","embeddable":true,"href":"https:\/\/raspberrypi.dk\/fi\/wp-json\/wp\/v2\/product_tag?post=222319"}],"curies":[{"name":"wp","href":"https:\/\/api.w.org\/{rel}","templated":true}]}}