{"id":222324,"date":"2014-07-14T21:18:37","date_gmt":"2014-07-14T19:18:37","guid":{"rendered":"https:\/\/raspberrypi.dk\/produkt\/mini-rtc-moduuli-raspberry-pille\/"},"modified":"2024-05-30T10:56:53","modified_gmt":"2024-05-30T08:56:53","slug":"mini-rtc-moduuli-raspberry-pille","status":"publish","type":"product","link":"https:\/\/raspberrypi.dk\/fi\/tuote\/mini-rtc-moduuli-raspberry-pille\/","title":{"rendered":"Mini RTC -moduuli Raspberry Pi:lle"},"content":{"rendered":"<p>This accessory plugs on top of your Pi&#8217;s GPIO pins and contains a clock chip and a tiny CR927 lithium battery that allows your Raspberry Pi to remember the time.<\/p>\n<p>The module uses a DS3231 chip which can be coded to have an alarm function (you can see some discussions on this\u00a0<a href=\"https:\/\/forum.arduino.cc\/index.php?topic=168421.0\" target=\"_blank\" rel=\"noopener\">here<\/a>\u00a0and\u00a0<a href=\"https:\/\/www.instructables.com\/Setup-for-DS3231-AlarmTimer-Function\/\" target=\"_blank\" rel=\"noopener\">here<\/a>, and there are plenty more on the internet too)<\/p>\n<p>&nbsp;<\/p>\n<h2>Features<\/h2>\n<ul>\n<li>Tiny GPIO RTC<\/li>\n<li>Works in 3.3V and 5V<\/li>\n<li>Built-in, non-replaceable CR927 battery<\/li>\n<li>Supported by Raspberry Pi and Arduino<\/li>\n<\/ul>\n<h2>Specification<\/h2>\n<ul>\n<li>DS3231 RTC IC<\/li>\n<li>Self-adjust 3.3V and 5V<\/li>\n<li>Size: 14x16x12 mm<\/li>\n<\/ul>\n<h2>Installation \/ Usage Guide<\/h2>\n<div>\n<ul>\n<li><a href=\"https:\/\/thepihut.com\/blogs\/raspberry-pi-tutorials\/17209332-adding-a-real-time-clock-to-your-raspberry-pi\">Adding a Real Time Clock to Raspberry Pi<\/a><\/li>\n<\/ul>\n<\/div>\n","protected":false},"excerpt":{"rendered":"<p>T\u00e4m\u00e4 on Mini Real-Time Clock -moduuli, joka on suunniteltu Raspberry Pi:lle. Se voi olla my\u00f6s Arduino-levyn kanssa!<\/p>\n","protected":false},"featured_media":229010,"comment_status":"open","ping_status":"closed","template":"","meta":[],"product_brand":[],"product_cat":[732],"product_tag":[],"class_list":{"0":"post-222324","1":"product","2":"type-product","3":"status-publish","4":"has-post-thumbnail","6":"product_cat-hats-gpio","8":"first","9":"outofstock","10":"taxable","11":"shipping-taxable","12":"purchasable","13":"product-type-simple"},"composite_virtual":false,"composite_layout":"","composite_add_to_cart_form_location":"","composite_editable_in_cart":false,"composite_sold_individually_context":"","composite_shop_price_calc":"","composite_components":[],"composite_scenarios":[],"bundled_by":[],"bundle_stock_status":"outofstock","bundle_stock_quantity":0,"bundle_virtual":false,"bundle_layout":"","bundle_add_to_cart_form_location":"","bundle_editable_in_cart":false,"bundle_sold_individually_context":"","bundle_item_grouping":"","bundle_min_size":"","bundle_max_size":"","bundle_price":[],"bundled_items":[],"bundle_sell_ids":[],"yoast_head":"<!-- This site is optimized with the Yoast SEO plugin v27.1.1 - https:\/\/yoast.com\/product\/yoast-seo-wordpress\/ -->\n<title>Mini RTC -moduuli Raspberry Pi:lle \u2022 RaspberryPi.dk<\/title>\n<meta name=\"robots\" content=\"noindex, follow\" \/>\n<meta property=\"og:locale\" content=\"fi_FI\" \/>\n<meta property=\"og:type\" content=\"article\" \/>\n<meta property=\"og:title\" content=\"Mini RTC -moduuli Raspberry Pi:lle \u2022 RaspberryPi.dk\" \/>\n<meta property=\"og:description\" content=\"T\u00e4m\u00e4 on Mini Real-Time Clock -moduuli, joka on suunniteltu Raspberry Pi:lle. Se voi olla my\u00f6s Arduino-levyn kanssa!\" \/>\n<meta property=\"og:url\" content=\"https:\/\/raspberrypi.dk\/fi\/tuote\/mini-rtc-moduuli-raspberry-pille\/\" \/>\n<meta property=\"og:site_name\" content=\"RaspberryPi.dk\" \/>\n<meta property=\"article:publisher\" content=\"https:\/\/facebook.com\/RaspberryPiDanmark\" \/>\n<meta property=\"article:modified_time\" content=\"2024-05-30T08:56:53+00:00\" \/>\n<meta property=\"og:image\" content=\"https:\/\/raspberrypi.dk\/wp-content\/uploads\/2014\/07\/mini-rtc-module-for-raspberry-pi-the-pi-hut-100282-40171213422787_700x.webp\" \/>\n\t<meta property=\"og:image:width\" content=\"700\" \/>\n\t<meta property=\"og:image:height\" content=\"700\" \/>\n\t<meta property=\"og:image:type\" content=\"image\/webp\" \/>\n<meta name=\"twitter:card\" content=\"summary_large_image\" \/>\n<meta name=\"twitter:site\" content=\"@raspberrypidk\" \/>\n<script type=\"application\/ld+json\" class=\"yoast-schema-graph\">{\"@context\":\"https:\/\/schema.org\",\"@graph\":[{\"@type\":\"WebPage\",\"@id\":\"https:\/\/raspberrypi.dk\/fi\/tuote\/mini-rtc-moduuli-raspberry-pille\/\",\"url\":\"https:\/\/raspberrypi.dk\/fi\/tuote\/mini-rtc-moduuli-raspberry-pille\/\",\"name\":\"Mini RTC -moduuli Raspberry Pi:lle \u2022 RaspberryPi.dk\",\"isPartOf\":{\"@id\":\"https:\/\/raspberrypi.dk\/fi\/#website\"},\"primaryImageOfPage\":{\"@id\":\"https:\/\/raspberrypi.dk\/fi\/tuote\/mini-rtc-moduuli-raspberry-pille\/#primaryimage\"},\"image\":{\"@id\":\"https:\/\/raspberrypi.dk\/fi\/tuote\/mini-rtc-moduuli-raspberry-pille\/#primaryimage\"},\"thumbnailUrl\":\"https:\/\/raspberrypi.dk\/wp-content\/uploads\/2014\/07\/mini-rtc-module-for-raspberry-pi-the-pi-hut-100282-40171213422787_700x.webp\",\"datePublished\":\"2014-07-14T19:18:37+00:00\",\"dateModified\":\"2024-05-30T08:56:53+00:00\",\"breadcrumb\":{\"@id\":\"https:\/\/raspberrypi.dk\/fi\/tuote\/mini-rtc-moduuli-raspberry-pille\/#breadcrumb\"},\"inLanguage\":\"fi\",\"potentialAction\":[{\"@type\":\"ReadAction\",\"target\":[\"https:\/\/raspberrypi.dk\/fi\/tuote\/mini-rtc-moduuli-raspberry-pille\/\"]}]},{\"@type\":\"ImageObject\",\"inLanguage\":\"fi\",\"@id\":\"https:\/\/raspberrypi.dk\/fi\/tuote\/mini-rtc-moduuli-raspberry-pille\/#primaryimage\",\"url\":\"https:\/\/raspberrypi.dk\/wp-content\/uploads\/2014\/07\/mini-rtc-module-for-raspberry-pi-the-pi-hut-100282-40171213422787_700x.webp\",\"contentUrl\":\"https:\/\/raspberrypi.dk\/wp-content\/uploads\/2014\/07\/mini-rtc-module-for-raspberry-pi-the-pi-hut-100282-40171213422787_700x.webp\",\"width\":700,\"height\":700,\"caption\":\"mini rtc module raspberry pi\"},{\"@type\":\"BreadcrumbList\",\"@id\":\"https:\/\/raspberrypi.dk\/fi\/tuote\/mini-rtc-moduuli-raspberry-pille\/#breadcrumb\",\"itemListElement\":[{\"@type\":\"ListItem\",\"position\":1,\"name\":\"Hjem\",\"item\":\"https:\/\/raspberrypi.dk\/fi\/raspberry-pi-verkkokauppa\/\"},{\"@type\":\"ListItem\",\"position\":2,\"name\":\"Shop\",\"item\":\"https:\/\/raspberrypi.dk\/fi\/shop-2\/\"},{\"@type\":\"ListItem\",\"position\":3,\"name\":\"Mini RTC -moduuli Raspberry Pi:lle\"}]},{\"@type\":\"WebSite\",\"@id\":\"https:\/\/raspberrypi.dk\/fi\/#website\",\"url\":\"https:\/\/raspberrypi.dk\/fi\/\",\"name\":\"RaspberryPi.dk\",\"description\":\"Danmarks f\u00f8rende Raspberry Pi side!\",\"publisher\":{\"@id\":\"https:\/\/raspberrypi.dk\/fi\/#organization\"},\"potentialAction\":[{\"@type\":\"SearchAction\",\"target\":{\"@type\":\"EntryPoint\",\"urlTemplate\":\"https:\/\/raspberrypi.dk\/fi\/?s={search_term_string}\"},\"query-input\":{\"@type\":\"PropertyValueSpecification\",\"valueRequired\":true,\"valueName\":\"search_term_string\"}}],\"inLanguage\":\"fi\"},{\"@type\":\"Organization\",\"@id\":\"https:\/\/raspberrypi.dk\/fi\/#organization\",\"name\":\"RaspberryPi.dk\",\"url\":\"https:\/\/raspberrypi.dk\/fi\/\",\"logo\":{\"@type\":\"ImageObject\",\"inLanguage\":\"fi\",\"@id\":\"https:\/\/raspberrypi.dk\/fi\/#\/schema\/logo\/image\/\",\"url\":\"https:\/\/raspberrypi.dk\/wp-content\/uploads\/2017\/05\/RaspberryPidk_logo-2.png\",\"contentUrl\":\"https:\/\/raspberrypi.dk\/wp-content\/uploads\/2017\/05\/RaspberryPidk_logo-2.png\",\"width\":470,\"height\":110,\"caption\":\"RaspberryPi.dk\"},\"image\":{\"@id\":\"https:\/\/raspberrypi.dk\/fi\/#\/schema\/logo\/image\/\"},\"sameAs\":[\"https:\/\/facebook.com\/RaspberryPiDanmark\",\"https:\/\/x.com\/raspberrypidk\",\"https:\/\/instagram.com\/raspberrypi.dk\"]}]}<\/script>\n<!-- \/ Yoast SEO plugin. -->","yoast_head_json":{"title":"Mini RTC -moduuli Raspberry Pi:lle \u2022 RaspberryPi.dk","robots":{"index":"noindex","follow":"follow"},"og_locale":"fi_FI","og_type":"article","og_title":"Mini RTC -moduuli Raspberry Pi:lle \u2022 RaspberryPi.dk","og_description":"T\u00e4m\u00e4 on Mini Real-Time Clock -moduuli, joka on suunniteltu Raspberry Pi:lle. Se voi olla my\u00f6s Arduino-levyn kanssa!","og_url":"https:\/\/raspberrypi.dk\/fi\/tuote\/mini-rtc-moduuli-raspberry-pille\/","og_site_name":"RaspberryPi.dk","article_publisher":"https:\/\/facebook.com\/RaspberryPiDanmark","article_modified_time":"2024-05-30T08:56:53+00:00","og_image":[{"width":700,"height":700,"url":"https:\/\/raspberrypi.dk\/wp-content\/uploads\/2014\/07\/mini-rtc-module-for-raspberry-pi-the-pi-hut-100282-40171213422787_700x.webp","type":"image\/webp"}],"twitter_card":"summary_large_image","twitter_site":"@raspberrypidk","schema":{"@context":"https:\/\/schema.org","@graph":[{"@type":"WebPage","@id":"https:\/\/raspberrypi.dk\/fi\/tuote\/mini-rtc-moduuli-raspberry-pille\/","url":"https:\/\/raspberrypi.dk\/fi\/tuote\/mini-rtc-moduuli-raspberry-pille\/","name":"Mini RTC -moduuli Raspberry Pi:lle \u2022 RaspberryPi.dk","isPartOf":{"@id":"https:\/\/raspberrypi.dk\/fi\/#website"},"primaryImageOfPage":{"@id":"https:\/\/raspberrypi.dk\/fi\/tuote\/mini-rtc-moduuli-raspberry-pille\/#primaryimage"},"image":{"@id":"https:\/\/raspberrypi.dk\/fi\/tuote\/mini-rtc-moduuli-raspberry-pille\/#primaryimage"},"thumbnailUrl":"https:\/\/raspberrypi.dk\/wp-content\/uploads\/2014\/07\/mini-rtc-module-for-raspberry-pi-the-pi-hut-100282-40171213422787_700x.webp","datePublished":"2014-07-14T19:18:37+00:00","dateModified":"2024-05-30T08:56:53+00:00","breadcrumb":{"@id":"https:\/\/raspberrypi.dk\/fi\/tuote\/mini-rtc-moduuli-raspberry-pille\/#breadcrumb"},"inLanguage":"fi","potentialAction":[{"@type":"ReadAction","target":["https:\/\/raspberrypi.dk\/fi\/tuote\/mini-rtc-moduuli-raspberry-pille\/"]}]},{"@type":"ImageObject","inLanguage":"fi","@id":"https:\/\/raspberrypi.dk\/fi\/tuote\/mini-rtc-moduuli-raspberry-pille\/#primaryimage","url":"https:\/\/raspberrypi.dk\/wp-content\/uploads\/2014\/07\/mini-rtc-module-for-raspberry-pi-the-pi-hut-100282-40171213422787_700x.webp","contentUrl":"https:\/\/raspberrypi.dk\/wp-content\/uploads\/2014\/07\/mini-rtc-module-for-raspberry-pi-the-pi-hut-100282-40171213422787_700x.webp","width":700,"height":700,"caption":"mini rtc module raspberry pi"},{"@type":"BreadcrumbList","@id":"https:\/\/raspberrypi.dk\/fi\/tuote\/mini-rtc-moduuli-raspberry-pille\/#breadcrumb","itemListElement":[{"@type":"ListItem","position":1,"name":"Hjem","item":"https:\/\/raspberrypi.dk\/fi\/raspberry-pi-verkkokauppa\/"},{"@type":"ListItem","position":2,"name":"Shop","item":"https:\/\/raspberrypi.dk\/fi\/shop-2\/"},{"@type":"ListItem","position":3,"name":"Mini RTC -moduuli Raspberry Pi:lle"}]},{"@type":"WebSite","@id":"https:\/\/raspberrypi.dk\/fi\/#website","url":"https:\/\/raspberrypi.dk\/fi\/","name":"RaspberryPi.dk","description":"Danmarks f\u00f8rende Raspberry Pi side!","publisher":{"@id":"https:\/\/raspberrypi.dk\/fi\/#organization"},"potentialAction":[{"@type":"SearchAction","target":{"@type":"EntryPoint","urlTemplate":"https:\/\/raspberrypi.dk\/fi\/?s={search_term_string}"},"query-input":{"@type":"PropertyValueSpecification","valueRequired":true,"valueName":"search_term_string"}}],"inLanguage":"fi"},{"@type":"Organization","@id":"https:\/\/raspberrypi.dk\/fi\/#organization","name":"RaspberryPi.dk","url":"https:\/\/raspberrypi.dk\/fi\/","logo":{"@type":"ImageObject","inLanguage":"fi","@id":"https:\/\/raspberrypi.dk\/fi\/#\/schema\/logo\/image\/","url":"https:\/\/raspberrypi.dk\/wp-content\/uploads\/2017\/05\/RaspberryPidk_logo-2.png","contentUrl":"https:\/\/raspberrypi.dk\/wp-content\/uploads\/2017\/05\/RaspberryPidk_logo-2.png","width":470,"height":110,"caption":"RaspberryPi.dk"},"image":{"@id":"https:\/\/raspberrypi.dk\/fi\/#\/schema\/logo\/image\/"},"sameAs":["https:\/\/facebook.com\/RaspberryPiDanmark","https:\/\/x.com\/raspberrypidk","https:\/\/instagram.com\/raspberrypi.dk"]}]}},"_links":{"self":[{"href":"https:\/\/raspberrypi.dk\/fi\/wp-json\/wp\/v2\/product\/222324","targetHints":{"allow":["GET"]}}],"collection":[{"href":"https:\/\/raspberrypi.dk\/fi\/wp-json\/wp\/v2\/product"}],"about":[{"href":"https:\/\/raspberrypi.dk\/fi\/wp-json\/wp\/v2\/types\/product"}],"replies":[{"embeddable":true,"href":"https:\/\/raspberrypi.dk\/fi\/wp-json\/wp\/v2\/comments?post=222324"}],"wp:featuredmedia":[{"embeddable":true,"href":"https:\/\/raspberrypi.dk\/fi\/wp-json\/wp\/v2\/media\/229010"}],"wp:attachment":[{"href":"https:\/\/raspberrypi.dk\/fi\/wp-json\/wp\/v2\/media?parent=222324"}],"wp:term":[{"taxonomy":"product_brand","embeddable":true,"href":"https:\/\/raspberrypi.dk\/fi\/wp-json\/wp\/v2\/product_brand?post=222324"},{"taxonomy":"product_cat","embeddable":true,"href":"https:\/\/raspberrypi.dk\/fi\/wp-json\/wp\/v2\/product_cat?post=222324"},{"taxonomy":"product_tag","embeddable":true,"href":"https:\/\/raspberrypi.dk\/fi\/wp-json\/wp\/v2\/product_tag?post=222324"}],"curies":[{"name":"wp","href":"https:\/\/api.w.org\/{rel}","templated":true}]}}