{"id":222325,"date":"2014-07-14T08:53:26","date_gmt":"2014-07-14T06:53:26","guid":{"rendered":"https:\/\/raspberrypi.dk\/produkt\/raspberry-pi-1-model-b\/"},"modified":"2024-04-15T19:23:42","modified_gmt":"2024-04-15T17:23:42","slug":"raspberry-pi-1-model-b","status":"publish","type":"product","link":"https:\/\/raspberrypi.dk\/fi\/tuote\/raspberry-pi-1-model-b\/","title":{"rendered":"Raspberry Pi 1 Model B+"},"content":{"rendered":"<p>Tuote on\u00a0<strong>Raspberry Pi model B+<\/strong> (lausutaan Raspberry Pi model B plus). Verrattuna malliin B, Model B+ on uusi levyasettelu, joka tarjoaa seuraavat edut:<\/p>\n<p>&#8211; Energiatehokkaampi \/ kuluttaa v\u00e4hemm\u00e4n virtaa (600 mA verrattuna 750 mA malliin B)<br \/>\n&#8211; Tukee \u00e4lykk\u00e4\u00e4mp\u00e4\u00e4 levyasettelua, mukaan lukien laajennettu GPIO-otsikko (40 nastaa 26 sijasta)<br \/>\n&#8211; 2 ylim\u00e4\u00e4r\u00e4ist\u00e4 USB-porttia (yhteens\u00e4 4) ja uusi 4-napainen liitin, joka korvaa nykyisen analogisen ja komposiittivideoportin mallissa B<\/p>\n<p>Raspberry Pi malli B+ (malli B plus) on mallin B p\u00e4ivitetyn version nimi h\u00e4mm\u00e4stytt\u00e4v\u00e4st\u00e4 luottokortin kokoisesta minitietokoneesta. Tietokoneessa on Linux ja se k\u00e4ynnistyy SD-kortilta (ei sis\u00e4lly). Raspberry Pi -mallin B+ k\u00e4ytt\u00f6kohteita on laaja valikoima, ja on my\u00f6s suositeltavaa ostaa lis\u00e4tarvikkeita, kuten virtal\u00e4hde, microSD-kortti, kotelo ja USB-tarvikkeet t\u00e4\u00e4lt\u00e4 myym\u00e4l\u00e4st\u00e4.<\/p>\n<p>T\u00e4lt\u00e4 sivulta voit lukea paljon lis\u00e4\u00e4 minitietokoneesta, sen taustalla olevista perusteista, projekteista tietokoneen kanssa uutisartikkelien ja eritt\u00e4in aktiivisen foorumin muodossa.<\/p>\n","protected":false},"excerpt":{"rendered":"<p><strong>Raspberry Pi -mallin B+ tekniset tiedot<\/strong><\/p>\n<p>700 MHz Broadcom BCM2835 -suoritin 512 Mt RAM-muistilla<br \/>\n40pin laajennettu GPIO<br \/>\n4 x USB 2 porttia<br \/>\n4-nastainen stereol\u00e4ht\u00f6 ja komposiittivideoportti<br \/>\nHDMI<br \/>\nCSI-kameraportti Raspberry Pi -kameran liitt\u00e4miseen<br \/>\nDSI-n\u00e4ytt\u00f6portti Raspberry Pi -kosketusn\u00e4yt\u00f6n liitt\u00e4miseen<br \/>\nMicro SD -portti k\u00e4ytt\u00f6j\u00e4rjestelm\u00e4n lataamiseen ja tietojen tallentamiseen<br \/>\nMicro USB-portti virtaa varten<\/p>\n","protected":false},"featured_media":222327,"comment_status":"open","ping_status":"closed","template":"","meta":[],"product_brand":[],"product_cat":[738],"product_tag":[],"class_list":{"0":"post-222325","1":"product","2":"type-product","3":"status-publish","4":"has-post-thumbnail","6":"product_cat-raspberry-pi","8":"first","9":"outofstock","10":"taxable","11":"shipping-taxable","12":"purchasable","13":"product-type-simple"},"composite_virtual":false,"composite_layout":"","composite_add_to_cart_form_location":"","composite_editable_in_cart":false,"composite_sold_individually_context":"","composite_shop_price_calc":"","composite_components":[],"composite_scenarios":[],"bundled_by":[],"bundle_stock_status":"outofstock","bundle_stock_quantity":0,"bundle_virtual":false,"bundle_layout":"","bundle_add_to_cart_form_location":"","bundle_editable_in_cart":false,"bundle_sold_individually_context":"","bundle_item_grouping":"","bundle_min_size":"","bundle_max_size":"","bundle_price":[],"bundled_items":[],"bundle_sell_ids":[],"yoast_head":"<!-- This site is optimized with the Yoast SEO plugin v27.1.1 - https:\/\/yoast.com\/product\/yoast-seo-wordpress\/ -->\n<title>Raspberry Pi 1 Model B+ \u2022 RaspberryPi.dk<\/title>\n<meta name=\"robots\" content=\"index, follow, max-snippet:-1, max-image-preview:large, max-video-preview:-1\" \/>\n<link rel=\"canonical\" href=\"https:\/\/raspberrypi.dk\/fi\/tuote\/raspberry-pi-1-model-b\/\" \/>\n<meta property=\"og:locale\" content=\"fi_FI\" \/>\n<meta property=\"og:type\" content=\"article\" \/>\n<meta property=\"og:title\" content=\"Raspberry Pi 1 Model B+ \u2022 RaspberryPi.dk\" \/>\n<meta property=\"og:description\" content=\"Raspberry Pi -mallin B+ tekniset tiedot  700 MHz Broadcom BCM2835 -suoritin 512 Mt RAM-muistilla 40pin laajennettu GPIO 4 x USB 2 porttia 4-nastainen stereol\u00e4ht\u00f6 ja komposiittivideoportti HDMI CSI-kameraportti Raspberry Pi -kameran liitt\u00e4miseen DSI-n\u00e4ytt\u00f6portti Raspberry Pi -kosketusn\u00e4yt\u00f6n liitt\u00e4miseen Micro SD -portti k\u00e4ytt\u00f6j\u00e4rjestelm\u00e4n lataamiseen ja tietojen tallentamiseen Micro USB-portti virtaa varten\" \/>\n<meta property=\"og:url\" content=\"https:\/\/raspberrypi.dk\/fi\/tuote\/raspberry-pi-1-model-b\/\" \/>\n<meta property=\"og:site_name\" content=\"RaspberryPi.dk\" \/>\n<meta property=\"article:publisher\" content=\"https:\/\/facebook.com\/RaspberryPiDanmark\" \/>\n<meta property=\"article:modified_time\" content=\"2024-04-15T17:23:42+00:00\" \/>\n<meta property=\"og:image\" content=\"https:\/\/raspberrypi.dk\/wp-content\/uploads\/2014\/07\/raspberry-pi-model-b-plus1.png\" \/>\n\t<meta property=\"og:image:width\" content=\"500\" \/>\n\t<meta property=\"og:image:height\" content=\"500\" \/>\n\t<meta property=\"og:image:type\" content=\"image\/png\" \/>\n<meta name=\"twitter:card\" content=\"summary_large_image\" \/>\n<meta name=\"twitter:site\" content=\"@raspberrypidk\" \/>\n<meta name=\"twitter:label1\" content=\"Arvioitu lukuaika\" \/>\n\t<meta name=\"twitter:data1\" content=\"1 minuutti\" \/>\n<script type=\"application\/ld+json\" class=\"yoast-schema-graph\">{\"@context\":\"https:\/\/schema.org\",\"@graph\":[{\"@type\":\"WebPage\",\"@id\":\"https:\/\/raspberrypi.dk\/fi\/tuote\/raspberry-pi-1-model-b\/\",\"url\":\"https:\/\/raspberrypi.dk\/fi\/tuote\/raspberry-pi-1-model-b\/\",\"name\":\"Raspberry Pi 1 Model B+ \u2022 RaspberryPi.dk\",\"isPartOf\":{\"@id\":\"https:\/\/raspberrypi.dk\/fi\/#website\"},\"primaryImageOfPage\":{\"@id\":\"https:\/\/raspberrypi.dk\/fi\/tuote\/raspberry-pi-1-model-b\/#primaryimage\"},\"image\":{\"@id\":\"https:\/\/raspberrypi.dk\/fi\/tuote\/raspberry-pi-1-model-b\/#primaryimage\"},\"thumbnailUrl\":\"https:\/\/raspberrypi.dk\/wp-content\/uploads\/2014\/07\/raspberry-pi-model-b-plus1.png\",\"datePublished\":\"2014-07-14T06:53:26+00:00\",\"dateModified\":\"2024-04-15T17:23:42+00:00\",\"breadcrumb\":{\"@id\":\"https:\/\/raspberrypi.dk\/fi\/tuote\/raspberry-pi-1-model-b\/#breadcrumb\"},\"inLanguage\":\"fi\",\"potentialAction\":[{\"@type\":\"ReadAction\",\"target\":[\"https:\/\/raspberrypi.dk\/fi\/tuote\/raspberry-pi-1-model-b\/\"]}]},{\"@type\":\"ImageObject\",\"inLanguage\":\"fi\",\"@id\":\"https:\/\/raspberrypi.dk\/fi\/tuote\/raspberry-pi-1-model-b\/#primaryimage\",\"url\":\"https:\/\/raspberrypi.dk\/wp-content\/uploads\/2014\/07\/raspberry-pi-model-b-plus1.png\",\"contentUrl\":\"https:\/\/raspberrypi.dk\/wp-content\/uploads\/2014\/07\/raspberry-pi-model-b-plus1.png\",\"width\":500,\"height\":500,\"caption\":\"raspberry pi model b+\"},{\"@type\":\"BreadcrumbList\",\"@id\":\"https:\/\/raspberrypi.dk\/fi\/tuote\/raspberry-pi-1-model-b\/#breadcrumb\",\"itemListElement\":[{\"@type\":\"ListItem\",\"position\":1,\"name\":\"Hjem\",\"item\":\"https:\/\/raspberrypi.dk\/fi\/raspberry-pi-verkkokauppa\/\"},{\"@type\":\"ListItem\",\"position\":2,\"name\":\"Shop\",\"item\":\"https:\/\/raspberrypi.dk\/fi\/shop-2\/\"},{\"@type\":\"ListItem\",\"position\":3,\"name\":\"Raspberry Pi 1 Model B+\"}]},{\"@type\":\"WebSite\",\"@id\":\"https:\/\/raspberrypi.dk\/fi\/#website\",\"url\":\"https:\/\/raspberrypi.dk\/fi\/\",\"name\":\"RaspberryPi.dk\",\"description\":\"Danmarks f\u00f8rende Raspberry Pi side!\",\"publisher\":{\"@id\":\"https:\/\/raspberrypi.dk\/fi\/#organization\"},\"potentialAction\":[{\"@type\":\"SearchAction\",\"target\":{\"@type\":\"EntryPoint\",\"urlTemplate\":\"https:\/\/raspberrypi.dk\/fi\/?s={search_term_string}\"},\"query-input\":{\"@type\":\"PropertyValueSpecification\",\"valueRequired\":true,\"valueName\":\"search_term_string\"}}],\"inLanguage\":\"fi\"},{\"@type\":\"Organization\",\"@id\":\"https:\/\/raspberrypi.dk\/fi\/#organization\",\"name\":\"RaspberryPi.dk\",\"url\":\"https:\/\/raspberrypi.dk\/fi\/\",\"logo\":{\"@type\":\"ImageObject\",\"inLanguage\":\"fi\",\"@id\":\"https:\/\/raspberrypi.dk\/fi\/#\/schema\/logo\/image\/\",\"url\":\"https:\/\/raspberrypi.dk\/wp-content\/uploads\/2017\/05\/RaspberryPidk_logo-2.png\",\"contentUrl\":\"https:\/\/raspberrypi.dk\/wp-content\/uploads\/2017\/05\/RaspberryPidk_logo-2.png\",\"width\":470,\"height\":110,\"caption\":\"RaspberryPi.dk\"},\"image\":{\"@id\":\"https:\/\/raspberrypi.dk\/fi\/#\/schema\/logo\/image\/\"},\"sameAs\":[\"https:\/\/facebook.com\/RaspberryPiDanmark\",\"https:\/\/x.com\/raspberrypidk\",\"https:\/\/instagram.com\/raspberrypi.dk\"]}]}<\/script>\n<!-- \/ Yoast SEO plugin. -->","yoast_head_json":{"title":"Raspberry Pi 1 Model B+ \u2022 RaspberryPi.dk","robots":{"index":"index","follow":"follow","max-snippet":"max-snippet:-1","max-image-preview":"max-image-preview:large","max-video-preview":"max-video-preview:-1"},"canonical":"https:\/\/raspberrypi.dk\/fi\/tuote\/raspberry-pi-1-model-b\/","og_locale":"fi_FI","og_type":"article","og_title":"Raspberry Pi 1 Model B+ \u2022 RaspberryPi.dk","og_description":"Raspberry Pi -mallin B+ tekniset tiedot  700 MHz Broadcom BCM2835 -suoritin 512 Mt RAM-muistilla 40pin laajennettu GPIO 4 x USB 2 porttia 4-nastainen stereol\u00e4ht\u00f6 ja komposiittivideoportti HDMI CSI-kameraportti Raspberry Pi -kameran liitt\u00e4miseen DSI-n\u00e4ytt\u00f6portti Raspberry Pi -kosketusn\u00e4yt\u00f6n liitt\u00e4miseen Micro SD -portti k\u00e4ytt\u00f6j\u00e4rjestelm\u00e4n lataamiseen ja tietojen tallentamiseen Micro USB-portti virtaa varten","og_url":"https:\/\/raspberrypi.dk\/fi\/tuote\/raspberry-pi-1-model-b\/","og_site_name":"RaspberryPi.dk","article_publisher":"https:\/\/facebook.com\/RaspberryPiDanmark","article_modified_time":"2024-04-15T17:23:42+00:00","og_image":[{"width":500,"height":500,"url":"https:\/\/raspberrypi.dk\/wp-content\/uploads\/2014\/07\/raspberry-pi-model-b-plus1.png","type":"image\/png"}],"twitter_card":"summary_large_image","twitter_site":"@raspberrypidk","twitter_misc":{"Arvioitu lukuaika":"1 minuutti"},"schema":{"@context":"https:\/\/schema.org","@graph":[{"@type":"WebPage","@id":"https:\/\/raspberrypi.dk\/fi\/tuote\/raspberry-pi-1-model-b\/","url":"https:\/\/raspberrypi.dk\/fi\/tuote\/raspberry-pi-1-model-b\/","name":"Raspberry Pi 1 Model B+ \u2022 RaspberryPi.dk","isPartOf":{"@id":"https:\/\/raspberrypi.dk\/fi\/#website"},"primaryImageOfPage":{"@id":"https:\/\/raspberrypi.dk\/fi\/tuote\/raspberry-pi-1-model-b\/#primaryimage"},"image":{"@id":"https:\/\/raspberrypi.dk\/fi\/tuote\/raspberry-pi-1-model-b\/#primaryimage"},"thumbnailUrl":"https:\/\/raspberrypi.dk\/wp-content\/uploads\/2014\/07\/raspberry-pi-model-b-plus1.png","datePublished":"2014-07-14T06:53:26+00:00","dateModified":"2024-04-15T17:23:42+00:00","breadcrumb":{"@id":"https:\/\/raspberrypi.dk\/fi\/tuote\/raspberry-pi-1-model-b\/#breadcrumb"},"inLanguage":"fi","potentialAction":[{"@type":"ReadAction","target":["https:\/\/raspberrypi.dk\/fi\/tuote\/raspberry-pi-1-model-b\/"]}]},{"@type":"ImageObject","inLanguage":"fi","@id":"https:\/\/raspberrypi.dk\/fi\/tuote\/raspberry-pi-1-model-b\/#primaryimage","url":"https:\/\/raspberrypi.dk\/wp-content\/uploads\/2014\/07\/raspberry-pi-model-b-plus1.png","contentUrl":"https:\/\/raspberrypi.dk\/wp-content\/uploads\/2014\/07\/raspberry-pi-model-b-plus1.png","width":500,"height":500,"caption":"raspberry pi model b+"},{"@type":"BreadcrumbList","@id":"https:\/\/raspberrypi.dk\/fi\/tuote\/raspberry-pi-1-model-b\/#breadcrumb","itemListElement":[{"@type":"ListItem","position":1,"name":"Hjem","item":"https:\/\/raspberrypi.dk\/fi\/raspberry-pi-verkkokauppa\/"},{"@type":"ListItem","position":2,"name":"Shop","item":"https:\/\/raspberrypi.dk\/fi\/shop-2\/"},{"@type":"ListItem","position":3,"name":"Raspberry Pi 1 Model B+"}]},{"@type":"WebSite","@id":"https:\/\/raspberrypi.dk\/fi\/#website","url":"https:\/\/raspberrypi.dk\/fi\/","name":"RaspberryPi.dk","description":"Danmarks f\u00f8rende Raspberry Pi side!","publisher":{"@id":"https:\/\/raspberrypi.dk\/fi\/#organization"},"potentialAction":[{"@type":"SearchAction","target":{"@type":"EntryPoint","urlTemplate":"https:\/\/raspberrypi.dk\/fi\/?s={search_term_string}"},"query-input":{"@type":"PropertyValueSpecification","valueRequired":true,"valueName":"search_term_string"}}],"inLanguage":"fi"},{"@type":"Organization","@id":"https:\/\/raspberrypi.dk\/fi\/#organization","name":"RaspberryPi.dk","url":"https:\/\/raspberrypi.dk\/fi\/","logo":{"@type":"ImageObject","inLanguage":"fi","@id":"https:\/\/raspberrypi.dk\/fi\/#\/schema\/logo\/image\/","url":"https:\/\/raspberrypi.dk\/wp-content\/uploads\/2017\/05\/RaspberryPidk_logo-2.png","contentUrl":"https:\/\/raspberrypi.dk\/wp-content\/uploads\/2017\/05\/RaspberryPidk_logo-2.png","width":470,"height":110,"caption":"RaspberryPi.dk"},"image":{"@id":"https:\/\/raspberrypi.dk\/fi\/#\/schema\/logo\/image\/"},"sameAs":["https:\/\/facebook.com\/RaspberryPiDanmark","https:\/\/x.com\/raspberrypidk","https:\/\/instagram.com\/raspberrypi.dk"]}]}},"_links":{"self":[{"href":"https:\/\/raspberrypi.dk\/fi\/wp-json\/wp\/v2\/product\/222325","targetHints":{"allow":["GET"]}}],"collection":[{"href":"https:\/\/raspberrypi.dk\/fi\/wp-json\/wp\/v2\/product"}],"about":[{"href":"https:\/\/raspberrypi.dk\/fi\/wp-json\/wp\/v2\/types\/product"}],"replies":[{"embeddable":true,"href":"https:\/\/raspberrypi.dk\/fi\/wp-json\/wp\/v2\/comments?post=222325"}],"wp:featuredmedia":[{"embeddable":true,"href":"https:\/\/raspberrypi.dk\/fi\/wp-json\/wp\/v2\/media\/222327"}],"wp:attachment":[{"href":"https:\/\/raspberrypi.dk\/fi\/wp-json\/wp\/v2\/media?parent=222325"}],"wp:term":[{"taxonomy":"product_brand","embeddable":true,"href":"https:\/\/raspberrypi.dk\/fi\/wp-json\/wp\/v2\/product_brand?post=222325"},{"taxonomy":"product_cat","embeddable":true,"href":"https:\/\/raspberrypi.dk\/fi\/wp-json\/wp\/v2\/product_cat?post=222325"},{"taxonomy":"product_tag","embeddable":true,"href":"https:\/\/raspberrypi.dk\/fi\/wp-json\/wp\/v2\/product_tag?post=222325"}],"curies":[{"name":"wp","href":"https:\/\/api.w.org\/{rel}","templated":true}]}}