{"id":222328,"date":"2012-11-22T21:39:37","date_gmt":"2012-11-22T20:39:37","guid":{"rendered":"https:\/\/raspberrypi.dk\/produkt\/multi-card-reader-kingston-mobilelite-plus\/"},"modified":"2025-10-31T17:48:58","modified_gmt":"2025-10-31T16:48:58","slug":"multi-card-reader-kingston-mobilelite-plus","status":"publish","type":"product","link":"https:\/\/raspberrypi.dk\/fi\/tuote\/multi-card-reader-kingston-mobilelite-plus\/","title":{"rendered":"Multi Card Reader: Kingston MobileLite Plus"},"content":{"rendered":"","protected":false},"excerpt":{"rendered":"<p><strong>K\u00e4yt\u00e4 t\u00e4t\u00e4 <a href=\"https:\/\/raspberrypi.dk\/fi\/myymala\/kategoria\/sd-kortit-ja-sovittimet\/\">SD-korttien<\/a> flash-muistiin yhdell\u00e4 <a href=\"http:\/\/raspberrypi.dk\/downloads\/\">monista k\u00e4ytett\u00e4viss\u00e4 olevista kuvistamme.<\/a><\/strong><\/p>\n<p>Kingston MobileLite Plus &#8211; kortinlukija<\/p>\n<p>Lukija: SD-muistikortti, SDHC-muistikortti, SDXC-muistikortti, SDHC UHS-I -muistikortti, SDXC UHS-I -muistikortti, SDHC UHS-II -muistikortti, SDXC UHS-II -muistikortti<\/p>\n<p>USB 3.2 Gen 1<\/p>\n","protected":false},"featured_media":219078,"comment_status":"open","ping_status":"closed","template":"","meta":[],"product_brand":[],"product_cat":[751,734],"product_tag":[],"class_list":{"0":"post-222328","1":"product","2":"type-product","3":"status-publish","4":"has-post-thumbnail","6":"product_cat-usb-tarvikkeet","7":"product_cat-sd-kortit-ja-sovittimet","9":"first","10":"outofstock","11":"taxable","12":"shipping-taxable","13":"purchasable","14":"product-type-simple"},"composite_virtual":false,"composite_layout":"","composite_add_to_cart_form_location":"","composite_editable_in_cart":false,"composite_sold_individually_context":"","composite_shop_price_calc":"","composite_components":[],"composite_scenarios":[],"bundled_by":[],"bundle_stock_status":"outofstock","bundle_stock_quantity":0,"bundle_virtual":false,"bundle_layout":"","bundle_add_to_cart_form_location":"","bundle_editable_in_cart":false,"bundle_sold_individually_context":"","bundle_item_grouping":"","bundle_min_size":"","bundle_max_size":"","bundle_price":[],"bundled_items":[],"bundle_sell_ids":[],"yoast_head":"<!-- This site is optimized with the Yoast SEO plugin v27.1.1 - https:\/\/yoast.com\/product\/yoast-seo-wordpress\/ -->\n<title>Multi Card Reader: Kingston MobileLite Plus \u2022 RaspberryPi.dk<\/title>\n<meta name=\"robots\" content=\"index, follow, max-snippet:-1, max-image-preview:large, max-video-preview:-1\" \/>\n<link rel=\"canonical\" href=\"https:\/\/raspberrypi.dk\/fi\/tuote\/multi-card-reader-kingston-mobilelite-plus\/\" \/>\n<meta property=\"og:locale\" content=\"fi_FI\" \/>\n<meta property=\"og:type\" content=\"article\" \/>\n<meta property=\"og:title\" content=\"Multi Card Reader: Kingston MobileLite Plus \u2022 RaspberryPi.dk\" \/>\n<meta property=\"og:description\" content=\"K\u00e4yt\u00e4 t\u00e4t\u00e4 SD-korttien flash-muistiin yhdell\u00e4 monista k\u00e4ytett\u00e4viss\u00e4 olevista kuvistamme.  Kingston MobileLite Plus - kortinlukija  Lukija: SD-muistikortti, SDHC-muistikortti, SDXC-muistikortti, SDHC UHS-I -muistikortti, SDXC UHS-I -muistikortti, SDHC UHS-II -muistikortti, SDXC UHS-II -muistikortti  USB 3.2 Gen 1\" \/>\n<meta property=\"og:url\" content=\"https:\/\/raspberrypi.dk\/fi\/tuote\/multi-card-reader-kingston-mobilelite-plus\/\" \/>\n<meta property=\"og:site_name\" content=\"RaspberryPi.dk\" \/>\n<meta property=\"article:publisher\" content=\"https:\/\/facebook.com\/RaspberryPiDanmark\" \/>\n<meta property=\"article:modified_time\" content=\"2025-10-31T16:48:58+00:00\" \/>\n<meta property=\"og:image\" content=\"https:\/\/raspberrypi.dk\/wp-content\/uploads\/2012\/11\/mobilelite.jpeg\" \/>\n\t<meta property=\"og:image:width\" content=\"1200\" \/>\n\t<meta property=\"og:image:height\" content=\"900\" \/>\n\t<meta property=\"og:image:type\" content=\"image\/jpeg\" \/>\n<meta name=\"twitter:card\" content=\"summary_large_image\" \/>\n<meta name=\"twitter:site\" content=\"@raspberrypidk\" \/>\n<meta name=\"twitter:label1\" content=\"Arvioitu lukuaika\" \/>\n\t<meta name=\"twitter:data1\" content=\"1 minuutti\" \/>\n<script type=\"application\/ld+json\" class=\"yoast-schema-graph\">{\"@context\":\"https:\/\/schema.org\",\"@graph\":[{\"@type\":\"WebPage\",\"@id\":\"https:\/\/raspberrypi.dk\/fi\/tuote\/multi-card-reader-kingston-mobilelite-plus\/\",\"url\":\"https:\/\/raspberrypi.dk\/fi\/tuote\/multi-card-reader-kingston-mobilelite-plus\/\",\"name\":\"Multi Card Reader: Kingston MobileLite Plus \u2022 RaspberryPi.dk\",\"isPartOf\":{\"@id\":\"https:\/\/raspberrypi.dk\/fi\/#website\"},\"primaryImageOfPage\":{\"@id\":\"https:\/\/raspberrypi.dk\/fi\/tuote\/multi-card-reader-kingston-mobilelite-plus\/#primaryimage\"},\"image\":{\"@id\":\"https:\/\/raspberrypi.dk\/fi\/tuote\/multi-card-reader-kingston-mobilelite-plus\/#primaryimage\"},\"thumbnailUrl\":\"https:\/\/raspberrypi.dk\/wp-content\/uploads\/2012\/11\/mobilelite.jpeg\",\"datePublished\":\"2012-11-22T20:39:37+00:00\",\"dateModified\":\"2025-10-31T16:48:58+00:00\",\"breadcrumb\":{\"@id\":\"https:\/\/raspberrypi.dk\/fi\/tuote\/multi-card-reader-kingston-mobilelite-plus\/#breadcrumb\"},\"inLanguage\":\"fi\",\"potentialAction\":[{\"@type\":\"ReadAction\",\"target\":[\"https:\/\/raspberrypi.dk\/fi\/tuote\/multi-card-reader-kingston-mobilelite-plus\/\"]}]},{\"@type\":\"ImageObject\",\"inLanguage\":\"fi\",\"@id\":\"https:\/\/raspberrypi.dk\/fi\/tuote\/multi-card-reader-kingston-mobilelite-plus\/#primaryimage\",\"url\":\"https:\/\/raspberrypi.dk\/wp-content\/uploads\/2012\/11\/mobilelite.jpeg\",\"contentUrl\":\"https:\/\/raspberrypi.dk\/wp-content\/uploads\/2012\/11\/mobilelite.jpeg\",\"width\":1200,\"height\":900},{\"@type\":\"BreadcrumbList\",\"@id\":\"https:\/\/raspberrypi.dk\/fi\/tuote\/multi-card-reader-kingston-mobilelite-plus\/#breadcrumb\",\"itemListElement\":[{\"@type\":\"ListItem\",\"position\":1,\"name\":\"Hjem\",\"item\":\"https:\/\/raspberrypi.dk\/fi\/raspberry-pi-verkkokauppa\/\"},{\"@type\":\"ListItem\",\"position\":2,\"name\":\"Shop\",\"item\":\"https:\/\/raspberrypi.dk\/fi\/shop-2\/\"},{\"@type\":\"ListItem\",\"position\":3,\"name\":\"Multi Card Reader: Kingston MobileLite Plus\"}]},{\"@type\":\"WebSite\",\"@id\":\"https:\/\/raspberrypi.dk\/fi\/#website\",\"url\":\"https:\/\/raspberrypi.dk\/fi\/\",\"name\":\"RaspberryPi.dk\",\"description\":\"Danmarks f\u00f8rende Raspberry Pi side!\",\"publisher\":{\"@id\":\"https:\/\/raspberrypi.dk\/fi\/#organization\"},\"potentialAction\":[{\"@type\":\"SearchAction\",\"target\":{\"@type\":\"EntryPoint\",\"urlTemplate\":\"https:\/\/raspberrypi.dk\/fi\/?s={search_term_string}\"},\"query-input\":{\"@type\":\"PropertyValueSpecification\",\"valueRequired\":true,\"valueName\":\"search_term_string\"}}],\"inLanguage\":\"fi\"},{\"@type\":\"Organization\",\"@id\":\"https:\/\/raspberrypi.dk\/fi\/#organization\",\"name\":\"RaspberryPi.dk\",\"url\":\"https:\/\/raspberrypi.dk\/fi\/\",\"logo\":{\"@type\":\"ImageObject\",\"inLanguage\":\"fi\",\"@id\":\"https:\/\/raspberrypi.dk\/fi\/#\/schema\/logo\/image\/\",\"url\":\"https:\/\/raspberrypi.dk\/wp-content\/uploads\/2017\/05\/RaspberryPidk_logo-2.png\",\"contentUrl\":\"https:\/\/raspberrypi.dk\/wp-content\/uploads\/2017\/05\/RaspberryPidk_logo-2.png\",\"width\":470,\"height\":110,\"caption\":\"RaspberryPi.dk\"},\"image\":{\"@id\":\"https:\/\/raspberrypi.dk\/fi\/#\/schema\/logo\/image\/\"},\"sameAs\":[\"https:\/\/facebook.com\/RaspberryPiDanmark\",\"https:\/\/x.com\/raspberrypidk\",\"https:\/\/instagram.com\/raspberrypi.dk\"]}]}<\/script>\n<!-- \/ Yoast SEO plugin. -->","yoast_head_json":{"title":"Multi Card Reader: Kingston MobileLite Plus \u2022 RaspberryPi.dk","robots":{"index":"index","follow":"follow","max-snippet":"max-snippet:-1","max-image-preview":"max-image-preview:large","max-video-preview":"max-video-preview:-1"},"canonical":"https:\/\/raspberrypi.dk\/fi\/tuote\/multi-card-reader-kingston-mobilelite-plus\/","og_locale":"fi_FI","og_type":"article","og_title":"Multi Card Reader: Kingston MobileLite Plus \u2022 RaspberryPi.dk","og_description":"K\u00e4yt\u00e4 t\u00e4t\u00e4 SD-korttien flash-muistiin yhdell\u00e4 monista k\u00e4ytett\u00e4viss\u00e4 olevista kuvistamme.  Kingston MobileLite Plus - kortinlukija  Lukija: SD-muistikortti, SDHC-muistikortti, SDXC-muistikortti, SDHC UHS-I -muistikortti, SDXC UHS-I -muistikortti, SDHC UHS-II -muistikortti, SDXC UHS-II -muistikortti  USB 3.2 Gen 1","og_url":"https:\/\/raspberrypi.dk\/fi\/tuote\/multi-card-reader-kingston-mobilelite-plus\/","og_site_name":"RaspberryPi.dk","article_publisher":"https:\/\/facebook.com\/RaspberryPiDanmark","article_modified_time":"2025-10-31T16:48:58+00:00","og_image":[{"width":1200,"height":900,"url":"https:\/\/raspberrypi.dk\/wp-content\/uploads\/2012\/11\/mobilelite.jpeg","type":"image\/jpeg"}],"twitter_card":"summary_large_image","twitter_site":"@raspberrypidk","twitter_misc":{"Arvioitu lukuaika":"1 minuutti"},"schema":{"@context":"https:\/\/schema.org","@graph":[{"@type":"WebPage","@id":"https:\/\/raspberrypi.dk\/fi\/tuote\/multi-card-reader-kingston-mobilelite-plus\/","url":"https:\/\/raspberrypi.dk\/fi\/tuote\/multi-card-reader-kingston-mobilelite-plus\/","name":"Multi Card Reader: Kingston MobileLite Plus \u2022 RaspberryPi.dk","isPartOf":{"@id":"https:\/\/raspberrypi.dk\/fi\/#website"},"primaryImageOfPage":{"@id":"https:\/\/raspberrypi.dk\/fi\/tuote\/multi-card-reader-kingston-mobilelite-plus\/#primaryimage"},"image":{"@id":"https:\/\/raspberrypi.dk\/fi\/tuote\/multi-card-reader-kingston-mobilelite-plus\/#primaryimage"},"thumbnailUrl":"https:\/\/raspberrypi.dk\/wp-content\/uploads\/2012\/11\/mobilelite.jpeg","datePublished":"2012-11-22T20:39:37+00:00","dateModified":"2025-10-31T16:48:58+00:00","breadcrumb":{"@id":"https:\/\/raspberrypi.dk\/fi\/tuote\/multi-card-reader-kingston-mobilelite-plus\/#breadcrumb"},"inLanguage":"fi","potentialAction":[{"@type":"ReadAction","target":["https:\/\/raspberrypi.dk\/fi\/tuote\/multi-card-reader-kingston-mobilelite-plus\/"]}]},{"@type":"ImageObject","inLanguage":"fi","@id":"https:\/\/raspberrypi.dk\/fi\/tuote\/multi-card-reader-kingston-mobilelite-plus\/#primaryimage","url":"https:\/\/raspberrypi.dk\/wp-content\/uploads\/2012\/11\/mobilelite.jpeg","contentUrl":"https:\/\/raspberrypi.dk\/wp-content\/uploads\/2012\/11\/mobilelite.jpeg","width":1200,"height":900},{"@type":"BreadcrumbList","@id":"https:\/\/raspberrypi.dk\/fi\/tuote\/multi-card-reader-kingston-mobilelite-plus\/#breadcrumb","itemListElement":[{"@type":"ListItem","position":1,"name":"Hjem","item":"https:\/\/raspberrypi.dk\/fi\/raspberry-pi-verkkokauppa\/"},{"@type":"ListItem","position":2,"name":"Shop","item":"https:\/\/raspberrypi.dk\/fi\/shop-2\/"},{"@type":"ListItem","position":3,"name":"Multi Card Reader: Kingston MobileLite Plus"}]},{"@type":"WebSite","@id":"https:\/\/raspberrypi.dk\/fi\/#website","url":"https:\/\/raspberrypi.dk\/fi\/","name":"RaspberryPi.dk","description":"Danmarks f\u00f8rende Raspberry Pi side!","publisher":{"@id":"https:\/\/raspberrypi.dk\/fi\/#organization"},"potentialAction":[{"@type":"SearchAction","target":{"@type":"EntryPoint","urlTemplate":"https:\/\/raspberrypi.dk\/fi\/?s={search_term_string}"},"query-input":{"@type":"PropertyValueSpecification","valueRequired":true,"valueName":"search_term_string"}}],"inLanguage":"fi"},{"@type":"Organization","@id":"https:\/\/raspberrypi.dk\/fi\/#organization","name":"RaspberryPi.dk","url":"https:\/\/raspberrypi.dk\/fi\/","logo":{"@type":"ImageObject","inLanguage":"fi","@id":"https:\/\/raspberrypi.dk\/fi\/#\/schema\/logo\/image\/","url":"https:\/\/raspberrypi.dk\/wp-content\/uploads\/2017\/05\/RaspberryPidk_logo-2.png","contentUrl":"https:\/\/raspberrypi.dk\/wp-content\/uploads\/2017\/05\/RaspberryPidk_logo-2.png","width":470,"height":110,"caption":"RaspberryPi.dk"},"image":{"@id":"https:\/\/raspberrypi.dk\/fi\/#\/schema\/logo\/image\/"},"sameAs":["https:\/\/facebook.com\/RaspberryPiDanmark","https:\/\/x.com\/raspberrypidk","https:\/\/instagram.com\/raspberrypi.dk"]}]}},"_links":{"self":[{"href":"https:\/\/raspberrypi.dk\/fi\/wp-json\/wp\/v2\/product\/222328","targetHints":{"allow":["GET"]}}],"collection":[{"href":"https:\/\/raspberrypi.dk\/fi\/wp-json\/wp\/v2\/product"}],"about":[{"href":"https:\/\/raspberrypi.dk\/fi\/wp-json\/wp\/v2\/types\/product"}],"replies":[{"embeddable":true,"href":"https:\/\/raspberrypi.dk\/fi\/wp-json\/wp\/v2\/comments?post=222328"}],"wp:featuredmedia":[{"embeddable":true,"href":"https:\/\/raspberrypi.dk\/fi\/wp-json\/wp\/v2\/media\/219078"}],"wp:attachment":[{"href":"https:\/\/raspberrypi.dk\/fi\/wp-json\/wp\/v2\/media?parent=222328"}],"wp:term":[{"taxonomy":"product_brand","embeddable":true,"href":"https:\/\/raspberrypi.dk\/fi\/wp-json\/wp\/v2\/product_brand?post=222328"},{"taxonomy":"product_cat","embeddable":true,"href":"https:\/\/raspberrypi.dk\/fi\/wp-json\/wp\/v2\/product_cat?post=222328"},{"taxonomy":"product_tag","embeddable":true,"href":"https:\/\/raspberrypi.dk\/fi\/wp-json\/wp\/v2\/product_tag?post=222328"}],"curies":[{"name":"wp","href":"https:\/\/api.w.org\/{rel}","templated":true}]}}