{"id":222341,"date":"2012-10-24T17:39:23","date_gmt":"2012-10-24T15:39:23","guid":{"rendered":"https:\/\/raspberrypi.dk\/produkt\/wi-fi-usb-sovitin-edimax-ew-7811un\/"},"modified":"2024-04-15T19:30:00","modified_gmt":"2024-04-15T17:30:00","slug":"wi-fi-usb-sovitin-edimax-ew-7811un","status":"publish","type":"product","link":"https:\/\/raspberrypi.dk\/fi\/tuote\/wi-fi-usb-sovitin-edimax-ew-7811un\/","title":{"rendered":"Wi-Fi USB-sovitin: Edimax EW-7811UN"},"content":{"rendered":"<p>Edimax EW-7811Un on langaton Nano USB -sovitin, joka tukee maksimaalista kantamaa ja nopeutta. Kokostaan \u200b\u200bhuolimatta t\u00e4m\u00e4 pieni USB-sovitin tukee korkeita jopa 150 Mbit\/s tiedonsiirtonopeuksia, kun se on yhdistetty langattomaan 802.11n-laitteeseen, mik\u00e4 on 3 kertaa nopeampi kuin normaali 11g-yhteys. Liit\u00e4 se vain tietokoneesi USB-porttiin ja nauti langattoman verkkoyhteyden eduista uskomattoman suurella nopeudella.<\/p>\n<p>Standardit<br \/>\nIEEE802.11b\/g\/n<\/p>\n<p><a href=\"https:\/\/raspberrypi.dk\/wp-content\/uploads\/2012\/10\/Edimax-EW-7811UN.pdf\">Edimax EW-7811UN tekninen esite<\/a><\/p>\n","protected":false},"excerpt":{"rendered":"<p><strong>Toimii t\u00e4ydellisesti Raspberry Pi:n kanssa! <a href=\"https:\/\/edimax.freshdesk.com\/support\/solutions\/articles\/14000136982\">Katso linkki t\u00e4st\u00e4.<\/a><\/strong><\/p>\n<p>T\u00e4ytt\u00e4\u00e4 langattoman 802.11b\/g\/n-standardin tiedonsiirtonopeudella jopa 150 Mbit\/s<br \/>\nVihre\u00e4 virrans\u00e4\u00e4st\u00f6: Tukee \u00e4lyk\u00e4st\u00e4 l\u00e4hetystehon ohjausta ja automaattista lepotilan s\u00e4\u00e4t\u00f6\u00e4<br \/>\nLis\u00e4\u00e4 langattoman peiton 3 kertaa enemm\u00e4n<br \/>\nSis\u00e4lt\u00e4\u00e4 EZmax-asennusoppaan useilla eri kielill\u00e4<br \/>\nTukee 64\/128-bittist\u00e4 WEP-, WPA-, WPA2-salausta ja on WPS-yhteensopiva<br \/>\nTukee QoS-WMM-, WMM-virrans\u00e4\u00e4st\u00f6tilaa<\/p>\n","protected":false},"featured_media":222345,"comment_status":"open","ping_status":"closed","template":"","meta":[],"product_brand":[],"product_cat":[751],"product_tag":[719,718],"class_list":{"0":"post-222341","1":"product","2":"type-product","3":"status-publish","4":"has-post-thumbnail","6":"product_cat-usb-tarvikkeet","7":"product_tag-rpi4-fi","8":"product_tag-rpi5-fi","10":"first","11":"outofstock","12":"taxable","13":"shipping-taxable","14":"purchasable","15":"product-type-simple"},"composite_virtual":false,"composite_layout":"","composite_add_to_cart_form_location":"","composite_editable_in_cart":false,"composite_sold_individually_context":"","composite_shop_price_calc":"","composite_components":[],"composite_scenarios":[],"bundled_by":[],"bundle_stock_status":"outofstock","bundle_stock_quantity":0,"bundle_virtual":false,"bundle_layout":"","bundle_add_to_cart_form_location":"","bundle_editable_in_cart":false,"bundle_sold_individually_context":"","bundle_item_grouping":"","bundle_min_size":"","bundle_max_size":"","bundle_price":[],"bundled_items":[],"bundle_sell_ids":[],"yoast_head":"<!-- This site is optimized with the Yoast SEO plugin v27.1.1 - https:\/\/yoast.com\/product\/yoast-seo-wordpress\/ -->\n<title>Wi-Fi USB-sovitin: Edimax EW-7811UN \u2022 RaspberryPi.dk<\/title>\n<meta name=\"robots\" content=\"index, follow, max-snippet:-1, max-image-preview:large, max-video-preview:-1\" \/>\n<link rel=\"canonical\" href=\"https:\/\/raspberrypi.dk\/fi\/tuote\/wi-fi-usb-sovitin-edimax-ew-7811un\/\" \/>\n<meta property=\"og:locale\" content=\"fi_FI\" \/>\n<meta property=\"og:type\" content=\"article\" \/>\n<meta property=\"og:title\" content=\"Wi-Fi USB-sovitin: Edimax EW-7811UN \u2022 RaspberryPi.dk\" \/>\n<meta property=\"og:description\" content=\"Toimii t\u00e4ydellisesti Raspberry Pi:n kanssa! Katso linkki t\u00e4st\u00e4.  T\u00e4ytt\u00e4\u00e4 langattoman 802.11b\/g\/n-standardin tiedonsiirtonopeudella jopa 150 Mbit\/s Vihre\u00e4 virrans\u00e4\u00e4st\u00f6: Tukee \u00e4lyk\u00e4st\u00e4 l\u00e4hetystehon ohjausta ja automaattista lepotilan s\u00e4\u00e4t\u00f6\u00e4 Lis\u00e4\u00e4 langattoman peiton 3 kertaa enemm\u00e4n Sis\u00e4lt\u00e4\u00e4 EZmax-asennusoppaan useilla eri kielill\u00e4 Tukee 64\/128-bittist\u00e4 WEP-, WPA-, WPA2-salausta ja on WPS-yhteensopiva Tukee QoS-WMM-, WMM-virrans\u00e4\u00e4st\u00f6tilaa\" \/>\n<meta property=\"og:url\" content=\"https:\/\/raspberrypi.dk\/fi\/tuote\/wi-fi-usb-sovitin-edimax-ew-7811un\/\" \/>\n<meta property=\"og:site_name\" content=\"RaspberryPi.dk\" \/>\n<meta property=\"article:publisher\" content=\"https:\/\/facebook.com\/RaspberryPiDanmark\" \/>\n<meta property=\"article:modified_time\" content=\"2024-04-15T17:30:00+00:00\" \/>\n<meta property=\"og:image\" content=\"https:\/\/raspberrypi.dk\/wp-content\/uploads\/2012\/10\/edimax-ew-7811un.jpg\" \/>\n\t<meta property=\"og:image:width\" content=\"479\" \/>\n\t<meta property=\"og:image:height\" content=\"340\" \/>\n\t<meta property=\"og:image:type\" content=\"image\/jpeg\" \/>\n<meta name=\"twitter:card\" content=\"summary_large_image\" \/>\n<meta name=\"twitter:site\" content=\"@raspberrypidk\" \/>\n<meta name=\"twitter:label1\" content=\"Arvioitu lukuaika\" \/>\n\t<meta name=\"twitter:data1\" content=\"1 minuutti\" \/>\n<script type=\"application\/ld+json\" class=\"yoast-schema-graph\">{\"@context\":\"https:\/\/schema.org\",\"@graph\":[{\"@type\":\"WebPage\",\"@id\":\"https:\/\/raspberrypi.dk\/fi\/tuote\/wi-fi-usb-sovitin-edimax-ew-7811un\/\",\"url\":\"https:\/\/raspberrypi.dk\/fi\/tuote\/wi-fi-usb-sovitin-edimax-ew-7811un\/\",\"name\":\"Wi-Fi USB-sovitin: Edimax EW-7811UN \u2022 RaspberryPi.dk\",\"isPartOf\":{\"@id\":\"https:\/\/raspberrypi.dk\/fi\/#website\"},\"primaryImageOfPage\":{\"@id\":\"https:\/\/raspberrypi.dk\/fi\/tuote\/wi-fi-usb-sovitin-edimax-ew-7811un\/#primaryimage\"},\"image\":{\"@id\":\"https:\/\/raspberrypi.dk\/fi\/tuote\/wi-fi-usb-sovitin-edimax-ew-7811un\/#primaryimage\"},\"thumbnailUrl\":\"https:\/\/raspberrypi.dk\/wp-content\/uploads\/2012\/10\/edimax-ew-7811un.jpg\",\"datePublished\":\"2012-10-24T15:39:23+00:00\",\"dateModified\":\"2024-04-15T17:30:00+00:00\",\"breadcrumb\":{\"@id\":\"https:\/\/raspberrypi.dk\/fi\/tuote\/wi-fi-usb-sovitin-edimax-ew-7811un\/#breadcrumb\"},\"inLanguage\":\"fi\",\"potentialAction\":[{\"@type\":\"ReadAction\",\"target\":[\"https:\/\/raspberrypi.dk\/fi\/tuote\/wi-fi-usb-sovitin-edimax-ew-7811un\/\"]}]},{\"@type\":\"ImageObject\",\"inLanguage\":\"fi\",\"@id\":\"https:\/\/raspberrypi.dk\/fi\/tuote\/wi-fi-usb-sovitin-edimax-ew-7811un\/#primaryimage\",\"url\":\"https:\/\/raspberrypi.dk\/wp-content\/uploads\/2012\/10\/edimax-ew-7811un.jpg\",\"contentUrl\":\"https:\/\/raspberrypi.dk\/wp-content\/uploads\/2012\/10\/edimax-ew-7811un.jpg\",\"width\":479,\"height\":340},{\"@type\":\"BreadcrumbList\",\"@id\":\"https:\/\/raspberrypi.dk\/fi\/tuote\/wi-fi-usb-sovitin-edimax-ew-7811un\/#breadcrumb\",\"itemListElement\":[{\"@type\":\"ListItem\",\"position\":1,\"name\":\"Hjem\",\"item\":\"https:\/\/raspberrypi.dk\/fi\/raspberry-pi-verkkokauppa\/\"},{\"@type\":\"ListItem\",\"position\":2,\"name\":\"Shop\",\"item\":\"https:\/\/raspberrypi.dk\/fi\/shop-2\/\"},{\"@type\":\"ListItem\",\"position\":3,\"name\":\"Wi-Fi USB-sovitin: Edimax EW-7811UN\"}]},{\"@type\":\"WebSite\",\"@id\":\"https:\/\/raspberrypi.dk\/fi\/#website\",\"url\":\"https:\/\/raspberrypi.dk\/fi\/\",\"name\":\"RaspberryPi.dk\",\"description\":\"Danmarks f\u00f8rende Raspberry Pi side!\",\"publisher\":{\"@id\":\"https:\/\/raspberrypi.dk\/fi\/#organization\"},\"potentialAction\":[{\"@type\":\"SearchAction\",\"target\":{\"@type\":\"EntryPoint\",\"urlTemplate\":\"https:\/\/raspberrypi.dk\/fi\/?s={search_term_string}\"},\"query-input\":{\"@type\":\"PropertyValueSpecification\",\"valueRequired\":true,\"valueName\":\"search_term_string\"}}],\"inLanguage\":\"fi\"},{\"@type\":\"Organization\",\"@id\":\"https:\/\/raspberrypi.dk\/fi\/#organization\",\"name\":\"RaspberryPi.dk\",\"url\":\"https:\/\/raspberrypi.dk\/fi\/\",\"logo\":{\"@type\":\"ImageObject\",\"inLanguage\":\"fi\",\"@id\":\"https:\/\/raspberrypi.dk\/fi\/#\/schema\/logo\/image\/\",\"url\":\"https:\/\/raspberrypi.dk\/wp-content\/uploads\/2017\/05\/RaspberryPidk_logo-2.png\",\"contentUrl\":\"https:\/\/raspberrypi.dk\/wp-content\/uploads\/2017\/05\/RaspberryPidk_logo-2.png\",\"width\":470,\"height\":110,\"caption\":\"RaspberryPi.dk\"},\"image\":{\"@id\":\"https:\/\/raspberrypi.dk\/fi\/#\/schema\/logo\/image\/\"},\"sameAs\":[\"https:\/\/facebook.com\/RaspberryPiDanmark\",\"https:\/\/x.com\/raspberrypidk\",\"https:\/\/instagram.com\/raspberrypi.dk\"]}]}<\/script>\n<!-- \/ Yoast SEO plugin. -->","yoast_head_json":{"title":"Wi-Fi USB-sovitin: Edimax EW-7811UN \u2022 RaspberryPi.dk","robots":{"index":"index","follow":"follow","max-snippet":"max-snippet:-1","max-image-preview":"max-image-preview:large","max-video-preview":"max-video-preview:-1"},"canonical":"https:\/\/raspberrypi.dk\/fi\/tuote\/wi-fi-usb-sovitin-edimax-ew-7811un\/","og_locale":"fi_FI","og_type":"article","og_title":"Wi-Fi USB-sovitin: Edimax EW-7811UN \u2022 RaspberryPi.dk","og_description":"Toimii t\u00e4ydellisesti Raspberry Pi:n kanssa! Katso linkki t\u00e4st\u00e4.  T\u00e4ytt\u00e4\u00e4 langattoman 802.11b\/g\/n-standardin tiedonsiirtonopeudella jopa 150 Mbit\/s Vihre\u00e4 virrans\u00e4\u00e4st\u00f6: Tukee \u00e4lyk\u00e4st\u00e4 l\u00e4hetystehon ohjausta ja automaattista lepotilan s\u00e4\u00e4t\u00f6\u00e4 Lis\u00e4\u00e4 langattoman peiton 3 kertaa enemm\u00e4n Sis\u00e4lt\u00e4\u00e4 EZmax-asennusoppaan useilla eri kielill\u00e4 Tukee 64\/128-bittist\u00e4 WEP-, WPA-, WPA2-salausta ja on WPS-yhteensopiva Tukee QoS-WMM-, WMM-virrans\u00e4\u00e4st\u00f6tilaa","og_url":"https:\/\/raspberrypi.dk\/fi\/tuote\/wi-fi-usb-sovitin-edimax-ew-7811un\/","og_site_name":"RaspberryPi.dk","article_publisher":"https:\/\/facebook.com\/RaspberryPiDanmark","article_modified_time":"2024-04-15T17:30:00+00:00","og_image":[{"width":479,"height":340,"url":"https:\/\/raspberrypi.dk\/wp-content\/uploads\/2012\/10\/edimax-ew-7811un.jpg","type":"image\/jpeg"}],"twitter_card":"summary_large_image","twitter_site":"@raspberrypidk","twitter_misc":{"Arvioitu lukuaika":"1 minuutti"},"schema":{"@context":"https:\/\/schema.org","@graph":[{"@type":"WebPage","@id":"https:\/\/raspberrypi.dk\/fi\/tuote\/wi-fi-usb-sovitin-edimax-ew-7811un\/","url":"https:\/\/raspberrypi.dk\/fi\/tuote\/wi-fi-usb-sovitin-edimax-ew-7811un\/","name":"Wi-Fi USB-sovitin: Edimax EW-7811UN \u2022 RaspberryPi.dk","isPartOf":{"@id":"https:\/\/raspberrypi.dk\/fi\/#website"},"primaryImageOfPage":{"@id":"https:\/\/raspberrypi.dk\/fi\/tuote\/wi-fi-usb-sovitin-edimax-ew-7811un\/#primaryimage"},"image":{"@id":"https:\/\/raspberrypi.dk\/fi\/tuote\/wi-fi-usb-sovitin-edimax-ew-7811un\/#primaryimage"},"thumbnailUrl":"https:\/\/raspberrypi.dk\/wp-content\/uploads\/2012\/10\/edimax-ew-7811un.jpg","datePublished":"2012-10-24T15:39:23+00:00","dateModified":"2024-04-15T17:30:00+00:00","breadcrumb":{"@id":"https:\/\/raspberrypi.dk\/fi\/tuote\/wi-fi-usb-sovitin-edimax-ew-7811un\/#breadcrumb"},"inLanguage":"fi","potentialAction":[{"@type":"ReadAction","target":["https:\/\/raspberrypi.dk\/fi\/tuote\/wi-fi-usb-sovitin-edimax-ew-7811un\/"]}]},{"@type":"ImageObject","inLanguage":"fi","@id":"https:\/\/raspberrypi.dk\/fi\/tuote\/wi-fi-usb-sovitin-edimax-ew-7811un\/#primaryimage","url":"https:\/\/raspberrypi.dk\/wp-content\/uploads\/2012\/10\/edimax-ew-7811un.jpg","contentUrl":"https:\/\/raspberrypi.dk\/wp-content\/uploads\/2012\/10\/edimax-ew-7811un.jpg","width":479,"height":340},{"@type":"BreadcrumbList","@id":"https:\/\/raspberrypi.dk\/fi\/tuote\/wi-fi-usb-sovitin-edimax-ew-7811un\/#breadcrumb","itemListElement":[{"@type":"ListItem","position":1,"name":"Hjem","item":"https:\/\/raspberrypi.dk\/fi\/raspberry-pi-verkkokauppa\/"},{"@type":"ListItem","position":2,"name":"Shop","item":"https:\/\/raspberrypi.dk\/fi\/shop-2\/"},{"@type":"ListItem","position":3,"name":"Wi-Fi USB-sovitin: Edimax EW-7811UN"}]},{"@type":"WebSite","@id":"https:\/\/raspberrypi.dk\/fi\/#website","url":"https:\/\/raspberrypi.dk\/fi\/","name":"RaspberryPi.dk","description":"Danmarks f\u00f8rende Raspberry Pi side!","publisher":{"@id":"https:\/\/raspberrypi.dk\/fi\/#organization"},"potentialAction":[{"@type":"SearchAction","target":{"@type":"EntryPoint","urlTemplate":"https:\/\/raspberrypi.dk\/fi\/?s={search_term_string}"},"query-input":{"@type":"PropertyValueSpecification","valueRequired":true,"valueName":"search_term_string"}}],"inLanguage":"fi"},{"@type":"Organization","@id":"https:\/\/raspberrypi.dk\/fi\/#organization","name":"RaspberryPi.dk","url":"https:\/\/raspberrypi.dk\/fi\/","logo":{"@type":"ImageObject","inLanguage":"fi","@id":"https:\/\/raspberrypi.dk\/fi\/#\/schema\/logo\/image\/","url":"https:\/\/raspberrypi.dk\/wp-content\/uploads\/2017\/05\/RaspberryPidk_logo-2.png","contentUrl":"https:\/\/raspberrypi.dk\/wp-content\/uploads\/2017\/05\/RaspberryPidk_logo-2.png","width":470,"height":110,"caption":"RaspberryPi.dk"},"image":{"@id":"https:\/\/raspberrypi.dk\/fi\/#\/schema\/logo\/image\/"},"sameAs":["https:\/\/facebook.com\/RaspberryPiDanmark","https:\/\/x.com\/raspberrypidk","https:\/\/instagram.com\/raspberrypi.dk"]}]}},"_links":{"self":[{"href":"https:\/\/raspberrypi.dk\/fi\/wp-json\/wp\/v2\/product\/222341","targetHints":{"allow":["GET"]}}],"collection":[{"href":"https:\/\/raspberrypi.dk\/fi\/wp-json\/wp\/v2\/product"}],"about":[{"href":"https:\/\/raspberrypi.dk\/fi\/wp-json\/wp\/v2\/types\/product"}],"replies":[{"embeddable":true,"href":"https:\/\/raspberrypi.dk\/fi\/wp-json\/wp\/v2\/comments?post=222341"}],"wp:featuredmedia":[{"embeddable":true,"href":"https:\/\/raspberrypi.dk\/fi\/wp-json\/wp\/v2\/media\/222345"}],"wp:attachment":[{"href":"https:\/\/raspberrypi.dk\/fi\/wp-json\/wp\/v2\/media?parent=222341"}],"wp:term":[{"taxonomy":"product_brand","embeddable":true,"href":"https:\/\/raspberrypi.dk\/fi\/wp-json\/wp\/v2\/product_brand?post=222341"},{"taxonomy":"product_cat","embeddable":true,"href":"https:\/\/raspberrypi.dk\/fi\/wp-json\/wp\/v2\/product_cat?post=222341"},{"taxonomy":"product_tag","embeddable":true,"href":"https:\/\/raspberrypi.dk\/fi\/wp-json\/wp\/v2\/product_tag?post=222341"}],"curies":[{"name":"wp","href":"https:\/\/api.w.org\/{rel}","templated":true}]}}