{"id":224639,"date":"2024-04-04T10:44:46","date_gmt":"2024-04-04T08:44:46","guid":{"rendered":"https:\/\/raspberrypi.dk\/?post_type=product&#038;p=224639"},"modified":"2025-12-14T21:32:24","modified_gmt":"2025-12-14T20:32:24","slug":"kksb-high-case-raspberry-pi-daclle-ja-dac-prolle","status":"publish","type":"product","link":"https:\/\/raspberrypi.dk\/fi\/tuote\/kksb-high-case-raspberry-pi-daclle-ja-dac-prolle\/","title":{"rendered":"KKSB High Case Raspberry Pi DAC+:lle ja DAC Prolle"},"content":{"rendered":"<div id=\"shopify-section-template--20317341122894__7b4b4c57-2931-4ee9-a230-468b5a914869\" class=\"shopify-section rich-text--section\">\n<section class=\" rich-text--container rich-text-regular \">\n<div class=\" rich-text-block rich-text-alignment-left \">\n<h2 class=\" rich-text-heading rich-text-heading-large \">Innovative and Practical Design<\/h2>\n<div class=\"rich-text-content rte\" data-rte=\"\">\n<p>This Raspberry Pi 5 case is a fusion of innovative design and practical functionality. The inclusion of the 40-pin stackable header, accommodating the original Raspberry Pi 5 cooler with strategic airflow space, sets this case apart as a top choice for Raspberry Pi 5 users. Enhance your Raspberry Pi 5 experience with a case designed for optimal performance, ease of use, and aesthetic appeal.<\/p>\n<\/div>\n<\/div>\n<\/section>\n<\/div>\n<div id=\"shopify-section-template--20317341122894__11d88236-82dc-4e00-8050-2f5e99012d4d\" class=\"shopify-section custom-liquid\">\n<div id=\"\"><\/div>\n<div class=\"section-offset\"><\/div>\n<\/div>\n<div id=\"shopify-section-template--20317341122894__7082a77d-f78d-4fa6-a04a-c141d270734a\" class=\"shopify-section text-and-image\">\n<div class=\"section-offset\">\n<div class=\"page-container\">\n<div class=\"feature-row mod-image-right\">\n<div class=\"feature-row--img mod-right\">\n<div class=\"media-box\"><img decoding=\"async\" src=\"https:\/\/kksb-cases.com\/cdn\/shop\/files\/DSC02883.jpg?v=1703062710\" alt=\"\" \/><\/div>\n<\/div>\n<div class=\"feature-row--content\">\n<div class=\"rte feature-row--text\">\n<h4><strong>Quality and Aesthetics<\/strong><\/h4>\n<p>Robust Material: Constructed from sandblasted black anodized aluminum, the case not only provides strong protection for your Raspberry Pi 5 but also adds a modern and stylish touch to your setup.<\/p>\n<\/div>\n<\/div>\n<\/div>\n<\/div>\n<\/div>\n<\/div>\n<div id=\"shopify-section-template--20317341122894__834ffd98-949d-4e3d-aea2-966e864b2f86\" class=\"shopify-section text-and-image\">\n<div class=\"section-offset mod-inverse\">\n<div class=\"page-container\">\n<div class=\"feature-row mod-image-left\">\n<div class=\"feature-row--img mod-left\">\n<div class=\"media-box\"><img decoding=\"async\" src=\"https:\/\/kksb-cases.com\/cdn\/shop\/files\/DSC02888.jpg?v=1703062729\" alt=\"\" \/><\/div>\n<\/div>\n<div class=\"feature-row--content\">\n<div class=\"rte feature-row--text\">\n<h4><strong>Enhanced Features<\/strong><\/h4>\n<ul>\n<li><strong>Raspberry Pi 5 Case made of aluminium<\/strong>: Specially engineered to house the Raspberry Pi 5, ensuring a secure and exact fit.<\/li>\n<li><strong>Optimized for Cooling<\/strong>: Fully compatible with the Official Raspberry Pi Cooler, the case is designed to maintain optimal operating temperatures for the Raspberry Pi 5.<\/li>\n<\/ul>\n<\/div>\n<\/div>\n<\/div>\n<\/div>\n<\/div>\n<\/div>\n<div id=\"shopify-section-template--20317341122894__9f9bcc24-8852-4668-b8dd-fa1ef87eb182\" class=\"shopify-section text-and-image\">\n<div class=\"section-offset\">\n<div class=\"page-container\">\n<div class=\"feature-row mod-image-right\">\n<div class=\"feature-row--img mod-right\">\n<div class=\"media-box\"><img decoding=\"async\" src=\"https:\/\/kksb-cases.com\/cdn\/shop\/files\/DSC02882.jpg?v=1703062707\" alt=\"\" \/><\/div>\n<\/div>\n<div class=\"feature-row--content\">\n<div class=\"rte feature-row--text\">\n<h4>Why Should You Choose This Case?<\/h4>\n<ul>\n<li><strong>40-Pin Stackable Header:<\/strong>\u00a0A key feature of our case is the included 40-pin stackable header. This unique design element is crucial for Raspberry Pi 5 enthusiasts using HATs (Hardware Attached on Top). The stackable header not only facilitates the connection of multiple HATs but also ensures there&#8217;s ample space for airflow between the HAT and the cooler. This space is vital for effective heat dissipation, a critical aspect for maintaining the Raspberry Pi 5&#8217;s performance and longevity, especially when running intensive tasks or during extended use.<\/li>\n<li><strong>Ample Ventilation:\u00a0<\/strong>Designed with sufficient ventilation slots to support the Raspberry Pi 5\u2019s cooling needs, ensuring steady airflow and heat management.<\/li>\n<li><strong>Spacious Interior Design:\u00a0<\/strong>The case is thoughtfully designed to provide plenty of room for Raspberry Pi 5 addon boards, heatsinks, or low-profile coolers, enhancing the device&#8217;s functionality and performance.<\/li>\n<\/ul>\n<\/div>\n<\/div>\n<\/div>\n<\/div>\n<\/div>\n<\/div>\n<div id=\"shopify-section-template--20317341122894__f5d84159-e4c1-44ba-bda0-3ab07f60233c\" class=\"shopify-section text-and-image\">\n<div class=\"section-offset mod-inverse\">\n<div class=\"page-container\">\n<div class=\"feature-row mod-image-left\">\n<div class=\"feature-row--img mod-left\">\n<div class=\"media-box\"><img decoding=\"async\" src=\"https:\/\/kksb-cases.com\/cdn\/shop\/files\/DSC02889.jpg?v=1703062733\" alt=\"\" \/><\/div>\n<\/div>\n<div class=\"feature-row--content\">\n<div class=\"rte feature-row--text\">\n<h4><strong>Assembly<\/strong><\/h4>\n<p>QR Code for Quick Setup: The case comes with\u00a0step by step assembly instructions accessible via a QR code.<\/p>\n<\/div>\n<\/div>\n<\/div>\n<\/div>\n<\/div>\n<\/div>\n","protected":false},"excerpt":{"rendered":"<p>Raspberry Pi 5 -kotelo on valmistettu alumiinista, ja se on erityisesti kehitetty sis\u00e4lt\u00e4m\u00e4\u00e4n Raspberry Pi DAC+\/DAC Pro ja Raspberry Pi 5 varmistaen turvallisen ja tarkan istuvuuden.<\/p>\n","protected":false},"featured_media":224644,"comment_status":"open","ping_status":"closed","template":"","meta":[],"product_brand":[],"product_cat":[736],"product_tag":[718],"class_list":{"0":"post-224639","1":"product","2":"type-product","3":"status-publish","4":"has-post-thumbnail","6":"product_cat-raspberry-pi-kotelo","7":"product_tag-rpi5-fi","9":"first","10":"outofstock","11":"taxable","12":"shipping-taxable","13":"purchasable","14":"product-type-simple"},"composite_virtual":false,"composite_layout":"","composite_add_to_cart_form_location":"","composite_editable_in_cart":false,"composite_sold_individually_context":"","composite_shop_price_calc":"","composite_components":[],"composite_scenarios":[],"bundled_by":[],"bundle_stock_status":"outofstock","bundle_stock_quantity":0,"bundle_virtual":false,"bundle_layout":"","bundle_add_to_cart_form_location":"","bundle_editable_in_cart":false,"bundle_sold_individually_context":"","bundle_item_grouping":"","bundle_min_size":"","bundle_max_size":"","bundle_price":[],"bundled_items":[],"bundle_sell_ids":[],"yoast_head":"<!-- This site is optimized with the Yoast SEO plugin v27.1.1 - https:\/\/yoast.com\/product\/yoast-seo-wordpress\/ -->\n<title>KKSB High Case Raspberry Pi DAC+:lle ja DAC Prolle \u2022 RaspberryPi.dk<\/title>\n<meta name=\"robots\" content=\"index, follow, max-snippet:-1, max-image-preview:large, max-video-preview:-1\" \/>\n<link rel=\"canonical\" href=\"https:\/\/raspberrypi.dk\/fi\/tuote\/kksb-high-case-raspberry-pi-daclle-ja-dac-prolle\/\" \/>\n<meta property=\"og:locale\" content=\"fi_FI\" \/>\n<meta property=\"og:type\" content=\"article\" \/>\n<meta property=\"og:title\" content=\"KKSB High Case Raspberry Pi DAC+:lle ja DAC Prolle \u2022 RaspberryPi.dk\" \/>\n<meta property=\"og:description\" content=\"Raspberry Pi 5 -kotelo on valmistettu alumiinista, ja se on erityisesti kehitetty sis\u00e4lt\u00e4m\u00e4\u00e4n Raspberry Pi DAC+\/DAC Pro ja Raspberry Pi 5 varmistaen turvallisen ja tarkan istuvuuden.\" \/>\n<meta property=\"og:url\" content=\"https:\/\/raspberrypi.dk\/fi\/tuote\/kksb-high-case-raspberry-pi-daclle-ja-dac-prolle\/\" \/>\n<meta property=\"og:site_name\" content=\"RaspberryPi.dk\" \/>\n<meta property=\"article:publisher\" content=\"https:\/\/facebook.com\/RaspberryPiDanmark\" \/>\n<meta property=\"article:modified_time\" content=\"2025-12-14T20:32:24+00:00\" \/>\n<meta property=\"og:image\" content=\"https:\/\/raspberrypi.dk\/wp-content\/uploads\/2024\/04\/kksb-tall-case-iqaudio-dac-main-scaled.jpg\" \/>\n\t<meta property=\"og:image:width\" content=\"2560\" \/>\n\t<meta property=\"og:image:height\" content=\"1706\" \/>\n\t<meta property=\"og:image:type\" content=\"image\/jpeg\" \/>\n<meta name=\"twitter:card\" content=\"summary_large_image\" \/>\n<meta name=\"twitter:site\" content=\"@raspberrypidk\" \/>\n<meta name=\"twitter:label1\" content=\"Arvioitu lukuaika\" \/>\n\t<meta name=\"twitter:data1\" content=\"3 minuuttia\" \/>\n<script type=\"application\/ld+json\" class=\"yoast-schema-graph\">{\"@context\":\"https:\/\/schema.org\",\"@graph\":[{\"@type\":\"WebPage\",\"@id\":\"https:\/\/raspberrypi.dk\/fi\/tuote\/kksb-high-case-raspberry-pi-daclle-ja-dac-prolle\/\",\"url\":\"https:\/\/raspberrypi.dk\/fi\/tuote\/kksb-high-case-raspberry-pi-daclle-ja-dac-prolle\/\",\"name\":\"KKSB High Case Raspberry Pi DAC+:lle ja DAC Prolle \u2022 RaspberryPi.dk\",\"isPartOf\":{\"@id\":\"https:\/\/raspberrypi.dk\/fi\/#website\"},\"primaryImageOfPage\":{\"@id\":\"https:\/\/raspberrypi.dk\/fi\/tuote\/kksb-high-case-raspberry-pi-daclle-ja-dac-prolle\/#primaryimage\"},\"image\":{\"@id\":\"https:\/\/raspberrypi.dk\/fi\/tuote\/kksb-high-case-raspberry-pi-daclle-ja-dac-prolle\/#primaryimage\"},\"thumbnailUrl\":\"https:\/\/raspberrypi.dk\/wp-content\/uploads\/2024\/04\/kksb-tall-case-iqaudio-dac-main-scaled.jpg\",\"datePublished\":\"2024-04-04T08:44:46+00:00\",\"dateModified\":\"2025-12-14T20:32:24+00:00\",\"breadcrumb\":{\"@id\":\"https:\/\/raspberrypi.dk\/fi\/tuote\/kksb-high-case-raspberry-pi-daclle-ja-dac-prolle\/#breadcrumb\"},\"inLanguage\":\"fi\",\"potentialAction\":[{\"@type\":\"ReadAction\",\"target\":[\"https:\/\/raspberrypi.dk\/fi\/tuote\/kksb-high-case-raspberry-pi-daclle-ja-dac-prolle\/\"]}]},{\"@type\":\"ImageObject\",\"inLanguage\":\"fi\",\"@id\":\"https:\/\/raspberrypi.dk\/fi\/tuote\/kksb-high-case-raspberry-pi-daclle-ja-dac-prolle\/#primaryimage\",\"url\":\"https:\/\/raspberrypi.dk\/wp-content\/uploads\/2024\/04\/kksb-tall-case-iqaudio-dac-main-scaled.jpg\",\"contentUrl\":\"https:\/\/raspberrypi.dk\/wp-content\/uploads\/2024\/04\/kksb-tall-case-iqaudio-dac-main-scaled.jpg\",\"width\":2560,\"height\":1706,\"caption\":\"kksb tall case for raspberry pi dac+ dac pro\"},{\"@type\":\"BreadcrumbList\",\"@id\":\"https:\/\/raspberrypi.dk\/fi\/tuote\/kksb-high-case-raspberry-pi-daclle-ja-dac-prolle\/#breadcrumb\",\"itemListElement\":[{\"@type\":\"ListItem\",\"position\":1,\"name\":\"Hjem\",\"item\":\"https:\/\/raspberrypi.dk\/fi\/raspberry-pi-verkkokauppa\/\"},{\"@type\":\"ListItem\",\"position\":2,\"name\":\"Shop\",\"item\":\"https:\/\/raspberrypi.dk\/fi\/shop-2\/\"},{\"@type\":\"ListItem\",\"position\":3,\"name\":\"KKSB High Case Raspberry Pi DAC+:lle ja DAC Prolle\"}]},{\"@type\":\"WebSite\",\"@id\":\"https:\/\/raspberrypi.dk\/fi\/#website\",\"url\":\"https:\/\/raspberrypi.dk\/fi\/\",\"name\":\"RaspberryPi.dk\",\"description\":\"Danmarks f\u00f8rende Raspberry Pi side!\",\"publisher\":{\"@id\":\"https:\/\/raspberrypi.dk\/fi\/#organization\"},\"potentialAction\":[{\"@type\":\"SearchAction\",\"target\":{\"@type\":\"EntryPoint\",\"urlTemplate\":\"https:\/\/raspberrypi.dk\/fi\/?s={search_term_string}\"},\"query-input\":{\"@type\":\"PropertyValueSpecification\",\"valueRequired\":true,\"valueName\":\"search_term_string\"}}],\"inLanguage\":\"fi\"},{\"@type\":\"Organization\",\"@id\":\"https:\/\/raspberrypi.dk\/fi\/#organization\",\"name\":\"RaspberryPi.dk\",\"url\":\"https:\/\/raspberrypi.dk\/fi\/\",\"logo\":{\"@type\":\"ImageObject\",\"inLanguage\":\"fi\",\"@id\":\"https:\/\/raspberrypi.dk\/fi\/#\/schema\/logo\/image\/\",\"url\":\"https:\/\/raspberrypi.dk\/wp-content\/uploads\/2017\/05\/RaspberryPidk_logo-2.png\",\"contentUrl\":\"https:\/\/raspberrypi.dk\/wp-content\/uploads\/2017\/05\/RaspberryPidk_logo-2.png\",\"width\":470,\"height\":110,\"caption\":\"RaspberryPi.dk\"},\"image\":{\"@id\":\"https:\/\/raspberrypi.dk\/fi\/#\/schema\/logo\/image\/\"},\"sameAs\":[\"https:\/\/facebook.com\/RaspberryPiDanmark\",\"https:\/\/x.com\/raspberrypidk\",\"https:\/\/instagram.com\/raspberrypi.dk\"]}]}<\/script>\n<!-- \/ Yoast SEO plugin. -->","yoast_head_json":{"title":"KKSB High Case Raspberry Pi DAC+:lle ja DAC Prolle \u2022 RaspberryPi.dk","robots":{"index":"index","follow":"follow","max-snippet":"max-snippet:-1","max-image-preview":"max-image-preview:large","max-video-preview":"max-video-preview:-1"},"canonical":"https:\/\/raspberrypi.dk\/fi\/tuote\/kksb-high-case-raspberry-pi-daclle-ja-dac-prolle\/","og_locale":"fi_FI","og_type":"article","og_title":"KKSB High Case Raspberry Pi DAC+:lle ja DAC Prolle \u2022 RaspberryPi.dk","og_description":"Raspberry Pi 5 -kotelo on valmistettu alumiinista, ja se on erityisesti kehitetty sis\u00e4lt\u00e4m\u00e4\u00e4n Raspberry Pi DAC+\/DAC Pro ja Raspberry Pi 5 varmistaen turvallisen ja tarkan istuvuuden.","og_url":"https:\/\/raspberrypi.dk\/fi\/tuote\/kksb-high-case-raspberry-pi-daclle-ja-dac-prolle\/","og_site_name":"RaspberryPi.dk","article_publisher":"https:\/\/facebook.com\/RaspberryPiDanmark","article_modified_time":"2025-12-14T20:32:24+00:00","og_image":[{"width":2560,"height":1706,"url":"https:\/\/raspberrypi.dk\/wp-content\/uploads\/2024\/04\/kksb-tall-case-iqaudio-dac-main-scaled.jpg","type":"image\/jpeg"}],"twitter_card":"summary_large_image","twitter_site":"@raspberrypidk","twitter_misc":{"Arvioitu lukuaika":"3 minuuttia"},"schema":{"@context":"https:\/\/schema.org","@graph":[{"@type":"WebPage","@id":"https:\/\/raspberrypi.dk\/fi\/tuote\/kksb-high-case-raspberry-pi-daclle-ja-dac-prolle\/","url":"https:\/\/raspberrypi.dk\/fi\/tuote\/kksb-high-case-raspberry-pi-daclle-ja-dac-prolle\/","name":"KKSB High Case Raspberry Pi DAC+:lle ja DAC Prolle \u2022 RaspberryPi.dk","isPartOf":{"@id":"https:\/\/raspberrypi.dk\/fi\/#website"},"primaryImageOfPage":{"@id":"https:\/\/raspberrypi.dk\/fi\/tuote\/kksb-high-case-raspberry-pi-daclle-ja-dac-prolle\/#primaryimage"},"image":{"@id":"https:\/\/raspberrypi.dk\/fi\/tuote\/kksb-high-case-raspberry-pi-daclle-ja-dac-prolle\/#primaryimage"},"thumbnailUrl":"https:\/\/raspberrypi.dk\/wp-content\/uploads\/2024\/04\/kksb-tall-case-iqaudio-dac-main-scaled.jpg","datePublished":"2024-04-04T08:44:46+00:00","dateModified":"2025-12-14T20:32:24+00:00","breadcrumb":{"@id":"https:\/\/raspberrypi.dk\/fi\/tuote\/kksb-high-case-raspberry-pi-daclle-ja-dac-prolle\/#breadcrumb"},"inLanguage":"fi","potentialAction":[{"@type":"ReadAction","target":["https:\/\/raspberrypi.dk\/fi\/tuote\/kksb-high-case-raspberry-pi-daclle-ja-dac-prolle\/"]}]},{"@type":"ImageObject","inLanguage":"fi","@id":"https:\/\/raspberrypi.dk\/fi\/tuote\/kksb-high-case-raspberry-pi-daclle-ja-dac-prolle\/#primaryimage","url":"https:\/\/raspberrypi.dk\/wp-content\/uploads\/2024\/04\/kksb-tall-case-iqaudio-dac-main-scaled.jpg","contentUrl":"https:\/\/raspberrypi.dk\/wp-content\/uploads\/2024\/04\/kksb-tall-case-iqaudio-dac-main-scaled.jpg","width":2560,"height":1706,"caption":"kksb tall case for raspberry pi dac+ dac pro"},{"@type":"BreadcrumbList","@id":"https:\/\/raspberrypi.dk\/fi\/tuote\/kksb-high-case-raspberry-pi-daclle-ja-dac-prolle\/#breadcrumb","itemListElement":[{"@type":"ListItem","position":1,"name":"Hjem","item":"https:\/\/raspberrypi.dk\/fi\/raspberry-pi-verkkokauppa\/"},{"@type":"ListItem","position":2,"name":"Shop","item":"https:\/\/raspberrypi.dk\/fi\/shop-2\/"},{"@type":"ListItem","position":3,"name":"KKSB High Case Raspberry Pi DAC+:lle ja DAC Prolle"}]},{"@type":"WebSite","@id":"https:\/\/raspberrypi.dk\/fi\/#website","url":"https:\/\/raspberrypi.dk\/fi\/","name":"RaspberryPi.dk","description":"Danmarks f\u00f8rende Raspberry Pi side!","publisher":{"@id":"https:\/\/raspberrypi.dk\/fi\/#organization"},"potentialAction":[{"@type":"SearchAction","target":{"@type":"EntryPoint","urlTemplate":"https:\/\/raspberrypi.dk\/fi\/?s={search_term_string}"},"query-input":{"@type":"PropertyValueSpecification","valueRequired":true,"valueName":"search_term_string"}}],"inLanguage":"fi"},{"@type":"Organization","@id":"https:\/\/raspberrypi.dk\/fi\/#organization","name":"RaspberryPi.dk","url":"https:\/\/raspberrypi.dk\/fi\/","logo":{"@type":"ImageObject","inLanguage":"fi","@id":"https:\/\/raspberrypi.dk\/fi\/#\/schema\/logo\/image\/","url":"https:\/\/raspberrypi.dk\/wp-content\/uploads\/2017\/05\/RaspberryPidk_logo-2.png","contentUrl":"https:\/\/raspberrypi.dk\/wp-content\/uploads\/2017\/05\/RaspberryPidk_logo-2.png","width":470,"height":110,"caption":"RaspberryPi.dk"},"image":{"@id":"https:\/\/raspberrypi.dk\/fi\/#\/schema\/logo\/image\/"},"sameAs":["https:\/\/facebook.com\/RaspberryPiDanmark","https:\/\/x.com\/raspberrypidk","https:\/\/instagram.com\/raspberrypi.dk"]}]}},"_links":{"self":[{"href":"https:\/\/raspberrypi.dk\/fi\/wp-json\/wp\/v2\/product\/224639","targetHints":{"allow":["GET"]}}],"collection":[{"href":"https:\/\/raspberrypi.dk\/fi\/wp-json\/wp\/v2\/product"}],"about":[{"href":"https:\/\/raspberrypi.dk\/fi\/wp-json\/wp\/v2\/types\/product"}],"replies":[{"embeddable":true,"href":"https:\/\/raspberrypi.dk\/fi\/wp-json\/wp\/v2\/comments?post=224639"}],"wp:featuredmedia":[{"embeddable":true,"href":"https:\/\/raspberrypi.dk\/fi\/wp-json\/wp\/v2\/media\/224644"}],"wp:attachment":[{"href":"https:\/\/raspberrypi.dk\/fi\/wp-json\/wp\/v2\/media?parent=224639"}],"wp:term":[{"taxonomy":"product_brand","embeddable":true,"href":"https:\/\/raspberrypi.dk\/fi\/wp-json\/wp\/v2\/product_brand?post=224639"},{"taxonomy":"product_cat","embeddable":true,"href":"https:\/\/raspberrypi.dk\/fi\/wp-json\/wp\/v2\/product_cat?post=224639"},{"taxonomy":"product_tag","embeddable":true,"href":"https:\/\/raspberrypi.dk\/fi\/wp-json\/wp\/v2\/product_tag?post=224639"}],"curies":[{"name":"wp","href":"https:\/\/api.w.org\/{rel}","templated":true}]}}