{"id":226208,"date":"2024-04-23T12:33:27","date_gmt":"2024-04-23T10:33:27","guid":{"rendered":"https:\/\/raspberrypi.dk\/produkt\/40-nastainen-gpio-nauhakaapeli-raspberry-pille-musta\/"},"modified":"2025-06-02T03:05:38","modified_gmt":"2025-06-02T01:05:38","slug":"40-nastainen-gpio-nauhakaapeli-raspberry-pille-musta","status":"publish","type":"product","link":"https:\/\/raspberrypi.dk\/fi\/tuote\/40-nastainen-gpio-nauhakaapeli-raspberry-pille-musta\/","title":{"rendered":"40-nastainen GPIO-nauhakaapeli Raspberry Pi:lle \u2013 musta"},"content":{"rendered":"<p>Raspberry Pi:n GPIO:ta voidaan k\u00e4ytt\u00e4\u00e4 kaikenlaisiin: nastat p\u00e4\u00e4lle tai pois p\u00e4\u00e4lt\u00e4, 3,3 V tai 5 V virransy\u00f6tt\u00f6, I2C- tai SPI-laitteiden kanssa kommunikointi ja paljon muuta. T\u00e4m\u00e4 kaapeli antaa sinulle hieman enemm\u00e4n joustavuutta signaalien reitityksess\u00e4.<\/p>\n<p>T\u00e4m\u00e4 kaapeli toimii hyvin pHAT Stack- ja Mini Black HAT Hack3r -levyjemme kanssa.<\/p>\n<p>Erittely<br \/>\nPituus 175 x 51 mm leve\u00e4<br \/>\n40 johtoa, 2&#215;20 pin naarasliittimet<br \/>\nPin 1 on merkitty valkoisella langalla<\/p>\n","protected":false},"excerpt":{"rendered":"<p>T\u00e4ll\u00e4 175 mm pitk\u00e4ll\u00e4 GPIO-nauhakaapelilla (yleisk\u00e4ytt\u00f6inen tulo\/l\u00e4ht\u00f6) voit laajentaa Raspberry Pi -nastojesi ulottuvuutta ja siirt\u00e4\u00e4 ne muihin korteihin tai piirilevyihin.<\/p>\n","protected":false},"featured_media":226200,"comment_status":"open","ping_status":"closed","template":"","meta":[],"product_brand":[],"product_cat":[732,739],"product_tag":[719,718],"class_list":{"0":"post-226208","1":"product","2":"type-product","3":"status-publish","4":"has-post-thumbnail","6":"product_cat-hats-gpio","7":"product_cat-kaapelit-ja-sovittimet","8":"product_tag-rpi4-fi","9":"product_tag-rpi5-fi","11":"first","12":"outofstock","13":"taxable","14":"shipping-taxable","15":"purchasable","16":"product-type-simple"},"composite_virtual":false,"composite_layout":"","composite_add_to_cart_form_location":"","composite_editable_in_cart":false,"composite_sold_individually_context":"","composite_shop_price_calc":"","composite_components":[],"composite_scenarios":[],"bundled_by":[],"bundle_stock_status":"outofstock","bundle_stock_quantity":0,"bundle_virtual":false,"bundle_layout":"","bundle_add_to_cart_form_location":"","bundle_editable_in_cart":false,"bundle_sold_individually_context":"","bundle_item_grouping":"","bundle_min_size":"","bundle_max_size":"","bundle_price":[],"bundled_items":[],"bundle_sell_ids":[],"yoast_head":"<!-- This site is optimized with the Yoast SEO plugin v27.1.1 - https:\/\/yoast.com\/product\/yoast-seo-wordpress\/ -->\n<title>40-nastainen GPIO-nauhakaapeli Raspberry Pi:lle \u2013 musta \u2022 RaspberryPi.dk<\/title>\n<meta name=\"robots\" content=\"index, follow, max-snippet:-1, max-image-preview:large, max-video-preview:-1\" \/>\n<link rel=\"canonical\" href=\"https:\/\/raspberrypi.dk\/fi\/tuote\/40-nastainen-gpio-nauhakaapeli-raspberry-pille-musta\/\" \/>\n<meta property=\"og:locale\" content=\"fi_FI\" \/>\n<meta property=\"og:type\" content=\"article\" \/>\n<meta property=\"og:title\" content=\"40-nastainen GPIO-nauhakaapeli Raspberry Pi:lle \u2013 musta \u2022 RaspberryPi.dk\" \/>\n<meta property=\"og:description\" content=\"T\u00e4ll\u00e4 175 mm pitk\u00e4ll\u00e4 GPIO-nauhakaapelilla (yleisk\u00e4ytt\u00f6inen tulo\/l\u00e4ht\u00f6) voit laajentaa Raspberry Pi -nastojesi ulottuvuutta ja siirt\u00e4\u00e4 ne muihin korteihin tai piirilevyihin.\" \/>\n<meta property=\"og:url\" content=\"https:\/\/raspberrypi.dk\/fi\/tuote\/40-nastainen-gpio-nauhakaapeli-raspberry-pille-musta\/\" \/>\n<meta property=\"og:site_name\" content=\"RaspberryPi.dk\" \/>\n<meta property=\"article:publisher\" content=\"https:\/\/facebook.com\/RaspberryPiDanmark\" \/>\n<meta property=\"article:modified_time\" content=\"2025-06-02T01:05:38+00:00\" \/>\n<meta property=\"og:image\" content=\"https:\/\/raspberrypi.dk\/wp-content\/uploads\/2024\/04\/GPIO_cable_-_40_pin_1_of_2_768x768_crop_center.webp\" \/>\n\t<meta property=\"og:image:width\" content=\"768\" \/>\n\t<meta property=\"og:image:height\" content=\"768\" \/>\n\t<meta property=\"og:image:type\" content=\"image\/webp\" \/>\n<meta name=\"twitter:card\" content=\"summary_large_image\" \/>\n<meta name=\"twitter:site\" content=\"@raspberrypidk\" \/>\n<meta name=\"twitter:label1\" content=\"Arvioitu lukuaika\" \/>\n\t<meta name=\"twitter:data1\" content=\"1 minuutti\" \/>\n<script type=\"application\/ld+json\" class=\"yoast-schema-graph\">{\"@context\":\"https:\/\/schema.org\",\"@graph\":[{\"@type\":\"WebPage\",\"@id\":\"https:\/\/raspberrypi.dk\/fi\/tuote\/40-nastainen-gpio-nauhakaapeli-raspberry-pille-musta\/\",\"url\":\"https:\/\/raspberrypi.dk\/fi\/tuote\/40-nastainen-gpio-nauhakaapeli-raspberry-pille-musta\/\",\"name\":\"40-nastainen GPIO-nauhakaapeli Raspberry Pi:lle \u2013 musta \u2022 RaspberryPi.dk\",\"isPartOf\":{\"@id\":\"https:\/\/raspberrypi.dk\/fi\/#website\"},\"primaryImageOfPage\":{\"@id\":\"https:\/\/raspberrypi.dk\/fi\/tuote\/40-nastainen-gpio-nauhakaapeli-raspberry-pille-musta\/#primaryimage\"},\"image\":{\"@id\":\"https:\/\/raspberrypi.dk\/fi\/tuote\/40-nastainen-gpio-nauhakaapeli-raspberry-pille-musta\/#primaryimage\"},\"thumbnailUrl\":\"https:\/\/raspberrypi.dk\/wp-content\/uploads\/2024\/04\/GPIO_cable_-_40_pin_1_of_2_768x768_crop_center.webp\",\"datePublished\":\"2024-04-23T10:33:27+00:00\",\"dateModified\":\"2025-06-02T01:05:38+00:00\",\"breadcrumb\":{\"@id\":\"https:\/\/raspberrypi.dk\/fi\/tuote\/40-nastainen-gpio-nauhakaapeli-raspberry-pille-musta\/#breadcrumb\"},\"inLanguage\":\"fi\",\"potentialAction\":[{\"@type\":\"ReadAction\",\"target\":[\"https:\/\/raspberrypi.dk\/fi\/tuote\/40-nastainen-gpio-nauhakaapeli-raspberry-pille-musta\/\"]}]},{\"@type\":\"ImageObject\",\"inLanguage\":\"fi\",\"@id\":\"https:\/\/raspberrypi.dk\/fi\/tuote\/40-nastainen-gpio-nauhakaapeli-raspberry-pille-musta\/#primaryimage\",\"url\":\"https:\/\/raspberrypi.dk\/wp-content\/uploads\/2024\/04\/GPIO_cable_-_40_pin_1_of_2_768x768_crop_center.webp\",\"contentUrl\":\"https:\/\/raspberrypi.dk\/wp-content\/uploads\/2024\/04\/GPIO_cable_-_40_pin_1_of_2_768x768_crop_center.webp\",\"width\":768,\"height\":768,\"caption\":\"40-pin GPIO Ribbon Cable for Raspberry Pi\"},{\"@type\":\"BreadcrumbList\",\"@id\":\"https:\/\/raspberrypi.dk\/fi\/tuote\/40-nastainen-gpio-nauhakaapeli-raspberry-pille-musta\/#breadcrumb\",\"itemListElement\":[{\"@type\":\"ListItem\",\"position\":1,\"name\":\"Hjem\",\"item\":\"https:\/\/raspberrypi.dk\/fi\/raspberry-pi-verkkokauppa\/\"},{\"@type\":\"ListItem\",\"position\":2,\"name\":\"Shop\",\"item\":\"https:\/\/raspberrypi.dk\/fi\/shop-2\/\"},{\"@type\":\"ListItem\",\"position\":3,\"name\":\"40-nastainen GPIO-nauhakaapeli Raspberry Pi:lle \u2013 musta\"}]},{\"@type\":\"WebSite\",\"@id\":\"https:\/\/raspberrypi.dk\/fi\/#website\",\"url\":\"https:\/\/raspberrypi.dk\/fi\/\",\"name\":\"RaspberryPi.dk\",\"description\":\"Danmarks f\u00f8rende Raspberry Pi side!\",\"publisher\":{\"@id\":\"https:\/\/raspberrypi.dk\/fi\/#organization\"},\"potentialAction\":[{\"@type\":\"SearchAction\",\"target\":{\"@type\":\"EntryPoint\",\"urlTemplate\":\"https:\/\/raspberrypi.dk\/fi\/?s={search_term_string}\"},\"query-input\":{\"@type\":\"PropertyValueSpecification\",\"valueRequired\":true,\"valueName\":\"search_term_string\"}}],\"inLanguage\":\"fi\"},{\"@type\":\"Organization\",\"@id\":\"https:\/\/raspberrypi.dk\/fi\/#organization\",\"name\":\"RaspberryPi.dk\",\"url\":\"https:\/\/raspberrypi.dk\/fi\/\",\"logo\":{\"@type\":\"ImageObject\",\"inLanguage\":\"fi\",\"@id\":\"https:\/\/raspberrypi.dk\/fi\/#\/schema\/logo\/image\/\",\"url\":\"https:\/\/raspberrypi.dk\/wp-content\/uploads\/2017\/05\/RaspberryPidk_logo-2.png\",\"contentUrl\":\"https:\/\/raspberrypi.dk\/wp-content\/uploads\/2017\/05\/RaspberryPidk_logo-2.png\",\"width\":470,\"height\":110,\"caption\":\"RaspberryPi.dk\"},\"image\":{\"@id\":\"https:\/\/raspberrypi.dk\/fi\/#\/schema\/logo\/image\/\"},\"sameAs\":[\"https:\/\/facebook.com\/RaspberryPiDanmark\",\"https:\/\/x.com\/raspberrypidk\",\"https:\/\/instagram.com\/raspberrypi.dk\"]}]}<\/script>\n<!-- \/ Yoast SEO plugin. -->","yoast_head_json":{"title":"40-nastainen GPIO-nauhakaapeli Raspberry Pi:lle \u2013 musta \u2022 RaspberryPi.dk","robots":{"index":"index","follow":"follow","max-snippet":"max-snippet:-1","max-image-preview":"max-image-preview:large","max-video-preview":"max-video-preview:-1"},"canonical":"https:\/\/raspberrypi.dk\/fi\/tuote\/40-nastainen-gpio-nauhakaapeli-raspberry-pille-musta\/","og_locale":"fi_FI","og_type":"article","og_title":"40-nastainen GPIO-nauhakaapeli Raspberry Pi:lle \u2013 musta \u2022 RaspberryPi.dk","og_description":"T\u00e4ll\u00e4 175 mm pitk\u00e4ll\u00e4 GPIO-nauhakaapelilla (yleisk\u00e4ytt\u00f6inen tulo\/l\u00e4ht\u00f6) voit laajentaa Raspberry Pi -nastojesi ulottuvuutta ja siirt\u00e4\u00e4 ne muihin korteihin tai piirilevyihin.","og_url":"https:\/\/raspberrypi.dk\/fi\/tuote\/40-nastainen-gpio-nauhakaapeli-raspberry-pille-musta\/","og_site_name":"RaspberryPi.dk","article_publisher":"https:\/\/facebook.com\/RaspberryPiDanmark","article_modified_time":"2025-06-02T01:05:38+00:00","og_image":[{"width":768,"height":768,"url":"https:\/\/raspberrypi.dk\/wp-content\/uploads\/2024\/04\/GPIO_cable_-_40_pin_1_of_2_768x768_crop_center.webp","type":"image\/webp"}],"twitter_card":"summary_large_image","twitter_site":"@raspberrypidk","twitter_misc":{"Arvioitu lukuaika":"1 minuutti"},"schema":{"@context":"https:\/\/schema.org","@graph":[{"@type":"WebPage","@id":"https:\/\/raspberrypi.dk\/fi\/tuote\/40-nastainen-gpio-nauhakaapeli-raspberry-pille-musta\/","url":"https:\/\/raspberrypi.dk\/fi\/tuote\/40-nastainen-gpio-nauhakaapeli-raspberry-pille-musta\/","name":"40-nastainen GPIO-nauhakaapeli Raspberry Pi:lle \u2013 musta \u2022 RaspberryPi.dk","isPartOf":{"@id":"https:\/\/raspberrypi.dk\/fi\/#website"},"primaryImageOfPage":{"@id":"https:\/\/raspberrypi.dk\/fi\/tuote\/40-nastainen-gpio-nauhakaapeli-raspberry-pille-musta\/#primaryimage"},"image":{"@id":"https:\/\/raspberrypi.dk\/fi\/tuote\/40-nastainen-gpio-nauhakaapeli-raspberry-pille-musta\/#primaryimage"},"thumbnailUrl":"https:\/\/raspberrypi.dk\/wp-content\/uploads\/2024\/04\/GPIO_cable_-_40_pin_1_of_2_768x768_crop_center.webp","datePublished":"2024-04-23T10:33:27+00:00","dateModified":"2025-06-02T01:05:38+00:00","breadcrumb":{"@id":"https:\/\/raspberrypi.dk\/fi\/tuote\/40-nastainen-gpio-nauhakaapeli-raspberry-pille-musta\/#breadcrumb"},"inLanguage":"fi","potentialAction":[{"@type":"ReadAction","target":["https:\/\/raspberrypi.dk\/fi\/tuote\/40-nastainen-gpio-nauhakaapeli-raspberry-pille-musta\/"]}]},{"@type":"ImageObject","inLanguage":"fi","@id":"https:\/\/raspberrypi.dk\/fi\/tuote\/40-nastainen-gpio-nauhakaapeli-raspberry-pille-musta\/#primaryimage","url":"https:\/\/raspberrypi.dk\/wp-content\/uploads\/2024\/04\/GPIO_cable_-_40_pin_1_of_2_768x768_crop_center.webp","contentUrl":"https:\/\/raspberrypi.dk\/wp-content\/uploads\/2024\/04\/GPIO_cable_-_40_pin_1_of_2_768x768_crop_center.webp","width":768,"height":768,"caption":"40-pin GPIO Ribbon Cable for Raspberry Pi"},{"@type":"BreadcrumbList","@id":"https:\/\/raspberrypi.dk\/fi\/tuote\/40-nastainen-gpio-nauhakaapeli-raspberry-pille-musta\/#breadcrumb","itemListElement":[{"@type":"ListItem","position":1,"name":"Hjem","item":"https:\/\/raspberrypi.dk\/fi\/raspberry-pi-verkkokauppa\/"},{"@type":"ListItem","position":2,"name":"Shop","item":"https:\/\/raspberrypi.dk\/fi\/shop-2\/"},{"@type":"ListItem","position":3,"name":"40-nastainen GPIO-nauhakaapeli Raspberry Pi:lle \u2013 musta"}]},{"@type":"WebSite","@id":"https:\/\/raspberrypi.dk\/fi\/#website","url":"https:\/\/raspberrypi.dk\/fi\/","name":"RaspberryPi.dk","description":"Danmarks f\u00f8rende Raspberry Pi side!","publisher":{"@id":"https:\/\/raspberrypi.dk\/fi\/#organization"},"potentialAction":[{"@type":"SearchAction","target":{"@type":"EntryPoint","urlTemplate":"https:\/\/raspberrypi.dk\/fi\/?s={search_term_string}"},"query-input":{"@type":"PropertyValueSpecification","valueRequired":true,"valueName":"search_term_string"}}],"inLanguage":"fi"},{"@type":"Organization","@id":"https:\/\/raspberrypi.dk\/fi\/#organization","name":"RaspberryPi.dk","url":"https:\/\/raspberrypi.dk\/fi\/","logo":{"@type":"ImageObject","inLanguage":"fi","@id":"https:\/\/raspberrypi.dk\/fi\/#\/schema\/logo\/image\/","url":"https:\/\/raspberrypi.dk\/wp-content\/uploads\/2017\/05\/RaspberryPidk_logo-2.png","contentUrl":"https:\/\/raspberrypi.dk\/wp-content\/uploads\/2017\/05\/RaspberryPidk_logo-2.png","width":470,"height":110,"caption":"RaspberryPi.dk"},"image":{"@id":"https:\/\/raspberrypi.dk\/fi\/#\/schema\/logo\/image\/"},"sameAs":["https:\/\/facebook.com\/RaspberryPiDanmark","https:\/\/x.com\/raspberrypidk","https:\/\/instagram.com\/raspberrypi.dk"]}]}},"_links":{"self":[{"href":"https:\/\/raspberrypi.dk\/fi\/wp-json\/wp\/v2\/product\/226208","targetHints":{"allow":["GET"]}}],"collection":[{"href":"https:\/\/raspberrypi.dk\/fi\/wp-json\/wp\/v2\/product"}],"about":[{"href":"https:\/\/raspberrypi.dk\/fi\/wp-json\/wp\/v2\/types\/product"}],"replies":[{"embeddable":true,"href":"https:\/\/raspberrypi.dk\/fi\/wp-json\/wp\/v2\/comments?post=226208"}],"wp:featuredmedia":[{"embeddable":true,"href":"https:\/\/raspberrypi.dk\/fi\/wp-json\/wp\/v2\/media\/226200"}],"wp:attachment":[{"href":"https:\/\/raspberrypi.dk\/fi\/wp-json\/wp\/v2\/media?parent=226208"}],"wp:term":[{"taxonomy":"product_brand","embeddable":true,"href":"https:\/\/raspberrypi.dk\/fi\/wp-json\/wp\/v2\/product_brand?post=226208"},{"taxonomy":"product_cat","embeddable":true,"href":"https:\/\/raspberrypi.dk\/fi\/wp-json\/wp\/v2\/product_cat?post=226208"},{"taxonomy":"product_tag","embeddable":true,"href":"https:\/\/raspberrypi.dk\/fi\/wp-json\/wp\/v2\/product_tag?post=226208"}],"curies":[{"name":"wp","href":"https:\/\/api.w.org\/{rel}","templated":true}]}}