{"id":226546,"date":"2024-04-25T09:42:22","date_gmt":"2024-04-25T07:42:22","guid":{"rendered":"https:\/\/raspberrypi.dk\/produkt\/rp2040-zero-perustuu-rp2040een\/"},"modified":"2025-02-24T08:54:13","modified_gmt":"2025-02-24T07:54:13","slug":"rp2040-zero-perustuu-rp2040een","status":"publish","type":"product","link":"https:\/\/raspberrypi.dk\/fi\/tuote\/rp2040-zero-perustuu-rp2040een\/","title":{"rendered":"Waveshare RP2040-Zero perustuu RP2040:een"},"content":{"rendered":"<div class=\"pdT\">\n<h3 class=\"richTitle\">RP2040 MCU Board\u00a0<span class=\"hilitBlock\">Zero<\/span><\/h3>\n<p class=\"hilitBlock2\">a Pico-like MCU board based on Raspberry Pi RP2040<\/p>\n<p class=\"richDesc\">Castellated Module, Suitable For SMD Applications<\/p>\n<p><img decoding=\"async\" src=\"https:\/\/www.waveshare.com\/img\/devkit\/RP2040-Zero\/RP2040-Zero-details-1.jpg\" \/><\/p>\n<\/div>\n<div class=\"pdT\">\n<h3><\/h3>\n<h3 class=\"richTitle\">Board Specifications<\/h3>\n<div class=\"pdTRBL2 subBlock alignl\">\n<ul>\n<li>RP2040 microcontroller chip designed by Raspberry Pi in the United Kingdom<\/li>\n<li>Dual-core Arm Cortex M0+ processor, flexible clock running up to 133 MHz<\/li>\n<li>264KB of SRAM, and 2MB of on-board Flash memory<\/li>\n<li>USB-C connector, keeps it up to date, easier to use<\/li>\n<li>Castellated module allows soldering direct to carrier boards<\/li>\n<li>USB 1.1 with device and host support<\/li>\n<li>Low-power sleep and dormant modes<\/li>\n<li>Drag-and-drop programming using mass storage over USB<\/li>\n<li>29 \u00d7 multi-function GPIO pins (20\u00d7 via edge pinout, others via solder points)<\/li>\n<li>2 \u00d7 SPI, 2 \u00d7 I2C, 2 \u00d7 UART, 4 \u00d7 12-bit ADC, 16 \u00d7 controllable PWM channels<\/li>\n<li>Accurate clock and timer on-chip<\/li>\n<li>Temperature sensor<\/li>\n<li>Accelerated floating-point libraries on-chip<\/li>\n<li>8 \u00d7 Programmable I\/O (PIO) state machines for custom peripheral support<\/li>\n<\/ul>\n<\/div>\n<\/div>\n<div>\n<h3 class=\"richTitle\">Pinheader Options<\/h3>\n<p><img decoding=\"async\" src=\"https:\/\/www.waveshare.com\/img\/devkit\/RP2040-Zero\/RP2040-Zero-details-3.jpg\" \/><\/p>\n<\/div>\n<div>\n<h3 class=\"richTitle\">C\/C++, MicroPython Support<\/h3>\n<p class=\"richDesc\">Comprehensive SDK, Dev Resources, Tutorials To Help You Easily Get Started<\/p>\n<p><img decoding=\"async\" src=\"https:\/\/www.waveshare.com\/img\/devkit\/Raspberry-Pi-Pico\/Raspberry-Pi-Pico-details-7.jpg\" alt=\"\" \/><\/p>\n<\/div>\n<div class=\"pdT\">\n<div class=\"richTitle\">Dual-Core Arm Processor<\/div>\n<p class=\"richDesc\">Dual-Core Arm Cortex M0+ Processor, Flexible Clock Running Up To 133 MHz<\/p>\n<p><img decoding=\"async\" src=\"https:\/\/www.waveshare.com\/img\/devkit\/Raspberry-Pi-Pico\/Raspberry-Pi-Pico-details-3.jpg\" alt=\"\" \/><\/p>\n<\/div>\n<div class=\"pdT\">\n<h3><\/h3>\n<h3 class=\"richTitle\">29 \u00d7 Multi-Function GPIO Pins<\/h3>\n<p class=\"richDesc\">Configurable Pin Function, Allows Flexible Development And Integration<\/p>\n<p><img decoding=\"async\" src=\"https:\/\/www.waveshare.com\/img\/devkit\/RP2040-Zero\/RP2040-Zero-details-7.jpg\" \/><\/p>\n<\/div>\n<div>\n<h3 class=\"richTitle\">What&#8217;s On Board<\/h3>\n<p><img decoding=\"async\" src=\"https:\/\/www.waveshare.com\/img\/devkit\/RP2040-Zero\/RP2040-Zero-details-intro.jpg\" \/><\/p>\n<div class=\"richGridWrap richGridWrap-valignTop richGridWrap-2c alignl subBlock bgGrey\">\n<div>\n<ol>\n<li><strong>USB Type-C connector<\/strong><\/li>\n<li><strong>W25Q16JVUXIQ<\/strong><br \/>\n2MB NOR-Flash<\/li>\n<li><strong>BOOT button<\/strong><br \/>\npress it when resetting to enter download mode<\/li>\n<li><strong>RESET button<\/strong><\/li>\n<li><strong>WS2812<\/strong><br \/>\ncool RGB LED<\/li>\n<\/ol>\n<\/div>\n<div>\n<ol start=\"6\">\n<li><strong>ME621<\/strong><br \/>\nlow dropout LDO, max current 800MA<\/li>\n<li><strong>RP2040<\/strong><br \/>\ndual-core processor, up to 133MHz operating frequency<\/li>\n<li><strong>RP2040 pins<\/strong><br \/>\n10x solder points, 9 of which are for GPIO<\/li>\n<\/ol>\n<\/div>\n<\/div>\n<\/div>\n<div>\n<h3 class=\"richTitle\">Outline Dimensions<\/h3>\n<p><img decoding=\"async\" src=\"https:\/\/www.waveshare.com\/img\/devkit\/RP2040-Zero\/RP2040-Zero-details-size.jpg\" \/><\/p>\n<\/div>\n<div><\/div>\n<div>\n<div>\n<h4 class=\"bgGrey\"><strong>Wiki:\u00a0<\/strong><a href=\"http:\/\/www.waveshare.com\/wiki\/RP2040-Zero\" target=\"_blank\" rel=\"noopener\">RP2040-Zero<\/a><\/h4>\n<\/div>\n<\/div>\n","protected":false},"excerpt":{"rendered":"<p>RP2040-Zero, edullinen, korkean suorituskyvyn Pico-tyyppinen MCU-levy, joka perustuu Raspberry Pi -mikrokontrolleriin RP2040<\/p>\n","protected":false},"featured_media":226482,"comment_status":"open","ping_status":"closed","template":"","meta":[],"product_brand":[],"product_cat":[749],"product_tag":[],"class_list":{"0":"post-226546","1":"product","2":"type-product","3":"status-publish","4":"has-post-thumbnail","6":"product_cat-raspberry-pi-pico-ja-tarvikkeet","8":"first","9":"outofstock","10":"taxable","11":"shipping-taxable","12":"purchasable","13":"product-type-simple"},"composite_virtual":false,"composite_layout":"","composite_add_to_cart_form_location":"","composite_editable_in_cart":false,"composite_sold_individually_context":"","composite_shop_price_calc":"","composite_components":[],"composite_scenarios":[],"bundled_by":[],"bundle_stock_status":"outofstock","bundle_stock_quantity":0,"bundle_virtual":false,"bundle_layout":"","bundle_add_to_cart_form_location":"","bundle_editable_in_cart":false,"bundle_sold_individually_context":"","bundle_item_grouping":"","bundle_min_size":"","bundle_max_size":"","bundle_price":[],"bundled_items":[],"bundle_sell_ids":[],"yoast_head":"<!-- This site is optimized with the Yoast SEO plugin v27.1.1 - https:\/\/yoast.com\/product\/yoast-seo-wordpress\/ -->\n<title>Waveshare RP2040-Zero perustuu RP2040:een \u2022 RaspberryPi.dk<\/title>\n<meta name=\"robots\" content=\"index, follow, max-snippet:-1, max-image-preview:large, max-video-preview:-1\" \/>\n<link rel=\"canonical\" href=\"https:\/\/raspberrypi.dk\/fi\/tuote\/rp2040-zero-perustuu-rp2040een\/\" \/>\n<meta property=\"og:locale\" content=\"fi_FI\" \/>\n<meta property=\"og:type\" content=\"article\" \/>\n<meta property=\"og:title\" content=\"Waveshare RP2040-Zero perustuu RP2040:een \u2022 RaspberryPi.dk\" \/>\n<meta property=\"og:description\" content=\"RP2040-Zero, edullinen, korkean suorituskyvyn Pico-tyyppinen MCU-levy, joka perustuu Raspberry Pi -mikrokontrolleriin RP2040\" \/>\n<meta property=\"og:url\" content=\"https:\/\/raspberrypi.dk\/fi\/tuote\/rp2040-zero-perustuu-rp2040een\/\" \/>\n<meta property=\"og:site_name\" content=\"RaspberryPi.dk\" \/>\n<meta property=\"article:publisher\" content=\"https:\/\/facebook.com\/RaspberryPiDanmark\" \/>\n<meta property=\"article:modified_time\" content=\"2025-02-24T07:54:13+00:00\" \/>\n<meta property=\"og:image\" content=\"https:\/\/raspberrypi.dk\/wp-content\/uploads\/2024\/04\/rp2040-zero-2.jpg\" \/>\n\t<meta property=\"og:image:width\" content=\"560\" \/>\n\t<meta property=\"og:image:height\" content=\"560\" \/>\n\t<meta property=\"og:image:type\" content=\"image\/jpeg\" \/>\n<meta name=\"twitter:card\" content=\"summary_large_image\" \/>\n<meta name=\"twitter:site\" content=\"@raspberrypidk\" \/>\n<meta name=\"twitter:label1\" content=\"Arvioitu lukuaika\" \/>\n\t<meta name=\"twitter:data1\" content=\"3 minuuttia\" \/>\n<script type=\"application\/ld+json\" class=\"yoast-schema-graph\">{\"@context\":\"https:\/\/schema.org\",\"@graph\":[{\"@type\":\"WebPage\",\"@id\":\"https:\/\/raspberrypi.dk\/fi\/tuote\/rp2040-zero-perustuu-rp2040een\/\",\"url\":\"https:\/\/raspberrypi.dk\/fi\/tuote\/rp2040-zero-perustuu-rp2040een\/\",\"name\":\"Waveshare RP2040-Zero perustuu RP2040:een \u2022 RaspberryPi.dk\",\"isPartOf\":{\"@id\":\"https:\/\/raspberrypi.dk\/fi\/#website\"},\"primaryImageOfPage\":{\"@id\":\"https:\/\/raspberrypi.dk\/fi\/tuote\/rp2040-zero-perustuu-rp2040een\/#primaryimage\"},\"image\":{\"@id\":\"https:\/\/raspberrypi.dk\/fi\/tuote\/rp2040-zero-perustuu-rp2040een\/#primaryimage\"},\"thumbnailUrl\":\"https:\/\/raspberrypi.dk\/wp-content\/uploads\/2024\/04\/rp2040-zero-2.jpg\",\"datePublished\":\"2024-04-25T07:42:22+00:00\",\"dateModified\":\"2025-02-24T07:54:13+00:00\",\"breadcrumb\":{\"@id\":\"https:\/\/raspberrypi.dk\/fi\/tuote\/rp2040-zero-perustuu-rp2040een\/#breadcrumb\"},\"inLanguage\":\"fi\",\"potentialAction\":[{\"@type\":\"ReadAction\",\"target\":[\"https:\/\/raspberrypi.dk\/fi\/tuote\/rp2040-zero-perustuu-rp2040een\/\"]}]},{\"@type\":\"ImageObject\",\"inLanguage\":\"fi\",\"@id\":\"https:\/\/raspberrypi.dk\/fi\/tuote\/rp2040-zero-perustuu-rp2040een\/#primaryimage\",\"url\":\"https:\/\/raspberrypi.dk\/wp-content\/uploads\/2024\/04\/rp2040-zero-2.jpg\",\"contentUrl\":\"https:\/\/raspberrypi.dk\/wp-content\/uploads\/2024\/04\/rp2040-zero-2.jpg\",\"width\":560,\"height\":560,\"caption\":\"RP2040-Zero, a Pico-like MCU Board Based on Raspberry Pi MCU RP2040, Mini ver.\"},{\"@type\":\"BreadcrumbList\",\"@id\":\"https:\/\/raspberrypi.dk\/fi\/tuote\/rp2040-zero-perustuu-rp2040een\/#breadcrumb\",\"itemListElement\":[{\"@type\":\"ListItem\",\"position\":1,\"name\":\"Hjem\",\"item\":\"https:\/\/raspberrypi.dk\/fi\/raspberry-pi-verkkokauppa\/\"},{\"@type\":\"ListItem\",\"position\":2,\"name\":\"Shop\",\"item\":\"https:\/\/raspberrypi.dk\/fi\/shop-2\/\"},{\"@type\":\"ListItem\",\"position\":3,\"name\":\"Waveshare RP2040-Zero perustuu RP2040:een\"}]},{\"@type\":\"WebSite\",\"@id\":\"https:\/\/raspberrypi.dk\/fi\/#website\",\"url\":\"https:\/\/raspberrypi.dk\/fi\/\",\"name\":\"RaspberryPi.dk\",\"description\":\"Danmarks f\u00f8rende Raspberry Pi side!\",\"publisher\":{\"@id\":\"https:\/\/raspberrypi.dk\/fi\/#organization\"},\"potentialAction\":[{\"@type\":\"SearchAction\",\"target\":{\"@type\":\"EntryPoint\",\"urlTemplate\":\"https:\/\/raspberrypi.dk\/fi\/?s={search_term_string}\"},\"query-input\":{\"@type\":\"PropertyValueSpecification\",\"valueRequired\":true,\"valueName\":\"search_term_string\"}}],\"inLanguage\":\"fi\"},{\"@type\":\"Organization\",\"@id\":\"https:\/\/raspberrypi.dk\/fi\/#organization\",\"name\":\"RaspberryPi.dk\",\"url\":\"https:\/\/raspberrypi.dk\/fi\/\",\"logo\":{\"@type\":\"ImageObject\",\"inLanguage\":\"fi\",\"@id\":\"https:\/\/raspberrypi.dk\/fi\/#\/schema\/logo\/image\/\",\"url\":\"https:\/\/raspberrypi.dk\/wp-content\/uploads\/2017\/05\/RaspberryPidk_logo-2.png\",\"contentUrl\":\"https:\/\/raspberrypi.dk\/wp-content\/uploads\/2017\/05\/RaspberryPidk_logo-2.png\",\"width\":470,\"height\":110,\"caption\":\"RaspberryPi.dk\"},\"image\":{\"@id\":\"https:\/\/raspberrypi.dk\/fi\/#\/schema\/logo\/image\/\"},\"sameAs\":[\"https:\/\/facebook.com\/RaspberryPiDanmark\",\"https:\/\/x.com\/raspberrypidk\",\"https:\/\/instagram.com\/raspberrypi.dk\"]}]}<\/script>\n<!-- \/ Yoast SEO plugin. -->","yoast_head_json":{"title":"Waveshare RP2040-Zero perustuu RP2040:een \u2022 RaspberryPi.dk","robots":{"index":"index","follow":"follow","max-snippet":"max-snippet:-1","max-image-preview":"max-image-preview:large","max-video-preview":"max-video-preview:-1"},"canonical":"https:\/\/raspberrypi.dk\/fi\/tuote\/rp2040-zero-perustuu-rp2040een\/","og_locale":"fi_FI","og_type":"article","og_title":"Waveshare RP2040-Zero perustuu RP2040:een \u2022 RaspberryPi.dk","og_description":"RP2040-Zero, edullinen, korkean suorituskyvyn Pico-tyyppinen MCU-levy, joka perustuu Raspberry Pi -mikrokontrolleriin RP2040","og_url":"https:\/\/raspberrypi.dk\/fi\/tuote\/rp2040-zero-perustuu-rp2040een\/","og_site_name":"RaspberryPi.dk","article_publisher":"https:\/\/facebook.com\/RaspberryPiDanmark","article_modified_time":"2025-02-24T07:54:13+00:00","og_image":[{"width":560,"height":560,"url":"https:\/\/raspberrypi.dk\/wp-content\/uploads\/2024\/04\/rp2040-zero-2.jpg","type":"image\/jpeg"}],"twitter_card":"summary_large_image","twitter_site":"@raspberrypidk","twitter_misc":{"Arvioitu lukuaika":"3 minuuttia"},"schema":{"@context":"https:\/\/schema.org","@graph":[{"@type":"WebPage","@id":"https:\/\/raspberrypi.dk\/fi\/tuote\/rp2040-zero-perustuu-rp2040een\/","url":"https:\/\/raspberrypi.dk\/fi\/tuote\/rp2040-zero-perustuu-rp2040een\/","name":"Waveshare RP2040-Zero perustuu RP2040:een \u2022 RaspberryPi.dk","isPartOf":{"@id":"https:\/\/raspberrypi.dk\/fi\/#website"},"primaryImageOfPage":{"@id":"https:\/\/raspberrypi.dk\/fi\/tuote\/rp2040-zero-perustuu-rp2040een\/#primaryimage"},"image":{"@id":"https:\/\/raspberrypi.dk\/fi\/tuote\/rp2040-zero-perustuu-rp2040een\/#primaryimage"},"thumbnailUrl":"https:\/\/raspberrypi.dk\/wp-content\/uploads\/2024\/04\/rp2040-zero-2.jpg","datePublished":"2024-04-25T07:42:22+00:00","dateModified":"2025-02-24T07:54:13+00:00","breadcrumb":{"@id":"https:\/\/raspberrypi.dk\/fi\/tuote\/rp2040-zero-perustuu-rp2040een\/#breadcrumb"},"inLanguage":"fi","potentialAction":[{"@type":"ReadAction","target":["https:\/\/raspberrypi.dk\/fi\/tuote\/rp2040-zero-perustuu-rp2040een\/"]}]},{"@type":"ImageObject","inLanguage":"fi","@id":"https:\/\/raspberrypi.dk\/fi\/tuote\/rp2040-zero-perustuu-rp2040een\/#primaryimage","url":"https:\/\/raspberrypi.dk\/wp-content\/uploads\/2024\/04\/rp2040-zero-2.jpg","contentUrl":"https:\/\/raspberrypi.dk\/wp-content\/uploads\/2024\/04\/rp2040-zero-2.jpg","width":560,"height":560,"caption":"RP2040-Zero, a Pico-like MCU Board Based on Raspberry Pi MCU RP2040, Mini ver."},{"@type":"BreadcrumbList","@id":"https:\/\/raspberrypi.dk\/fi\/tuote\/rp2040-zero-perustuu-rp2040een\/#breadcrumb","itemListElement":[{"@type":"ListItem","position":1,"name":"Hjem","item":"https:\/\/raspberrypi.dk\/fi\/raspberry-pi-verkkokauppa\/"},{"@type":"ListItem","position":2,"name":"Shop","item":"https:\/\/raspberrypi.dk\/fi\/shop-2\/"},{"@type":"ListItem","position":3,"name":"Waveshare RP2040-Zero perustuu RP2040:een"}]},{"@type":"WebSite","@id":"https:\/\/raspberrypi.dk\/fi\/#website","url":"https:\/\/raspberrypi.dk\/fi\/","name":"RaspberryPi.dk","description":"Danmarks f\u00f8rende Raspberry Pi side!","publisher":{"@id":"https:\/\/raspberrypi.dk\/fi\/#organization"},"potentialAction":[{"@type":"SearchAction","target":{"@type":"EntryPoint","urlTemplate":"https:\/\/raspberrypi.dk\/fi\/?s={search_term_string}"},"query-input":{"@type":"PropertyValueSpecification","valueRequired":true,"valueName":"search_term_string"}}],"inLanguage":"fi"},{"@type":"Organization","@id":"https:\/\/raspberrypi.dk\/fi\/#organization","name":"RaspberryPi.dk","url":"https:\/\/raspberrypi.dk\/fi\/","logo":{"@type":"ImageObject","inLanguage":"fi","@id":"https:\/\/raspberrypi.dk\/fi\/#\/schema\/logo\/image\/","url":"https:\/\/raspberrypi.dk\/wp-content\/uploads\/2017\/05\/RaspberryPidk_logo-2.png","contentUrl":"https:\/\/raspberrypi.dk\/wp-content\/uploads\/2017\/05\/RaspberryPidk_logo-2.png","width":470,"height":110,"caption":"RaspberryPi.dk"},"image":{"@id":"https:\/\/raspberrypi.dk\/fi\/#\/schema\/logo\/image\/"},"sameAs":["https:\/\/facebook.com\/RaspberryPiDanmark","https:\/\/x.com\/raspberrypidk","https:\/\/instagram.com\/raspberrypi.dk"]}]}},"_links":{"self":[{"href":"https:\/\/raspberrypi.dk\/fi\/wp-json\/wp\/v2\/product\/226546","targetHints":{"allow":["GET"]}}],"collection":[{"href":"https:\/\/raspberrypi.dk\/fi\/wp-json\/wp\/v2\/product"}],"about":[{"href":"https:\/\/raspberrypi.dk\/fi\/wp-json\/wp\/v2\/types\/product"}],"replies":[{"embeddable":true,"href":"https:\/\/raspberrypi.dk\/fi\/wp-json\/wp\/v2\/comments?post=226546"}],"wp:featuredmedia":[{"embeddable":true,"href":"https:\/\/raspberrypi.dk\/fi\/wp-json\/wp\/v2\/media\/226482"}],"wp:attachment":[{"href":"https:\/\/raspberrypi.dk\/fi\/wp-json\/wp\/v2\/media?parent=226546"}],"wp:term":[{"taxonomy":"product_brand","embeddable":true,"href":"https:\/\/raspberrypi.dk\/fi\/wp-json\/wp\/v2\/product_brand?post=226546"},{"taxonomy":"product_cat","embeddable":true,"href":"https:\/\/raspberrypi.dk\/fi\/wp-json\/wp\/v2\/product_cat?post=226546"},{"taxonomy":"product_tag","embeddable":true,"href":"https:\/\/raspberrypi.dk\/fi\/wp-json\/wp\/v2\/product_tag?post=226546"}],"curies":[{"name":"wp","href":"https:\/\/api.w.org\/{rel}","templated":true}]}}